{"id":21621,"date":"2025-05-20T18:20:28","date_gmt":"2025-05-20T18:20:28","guid":{"rendered":"https:\/\/electricstore.eu\/p\/uncategorized\/eleglide-mopride-3-adult-electric-bike-250w-48v-12ah-upgraded-version-29-mountain-urban-bicycle-hydraulic-disc-brake-e-brake\/"},"modified":"2025-05-20T18:20:28","modified_gmt":"2025-05-20T18:20:28","slug":"eleglide-mopride-3-adult-electric-bike-250w-48v-12ah-upgraded-version-29-mountain-urban-bicycle-hydraulic-disc-brake-e-brake","status":"publish","type":"product","link":"https:\/\/www.electricstore.eu\/de\/p\/bikes\/eleglide-mopride-3-adult-electric-bike-250w-48v-12ah-upgraded-version-29-mountain-urban-bicycle-hydraulic-disc-brake-e-brake\/","title":{"rendered":"Eleglide Mopride 3 Elektrofahrrad f\u00fcr Erwachsene, 250 W, 48 V, 12 Ah, verbesserte Version, 29\u2033, Mountainbike, Stadtfahrrad, hydraulische Scheibenbremse und E-Bremse"},"content":{"rendered":"<div class=\"product-specs-list-container\">\n<ul class=\"product-specs-list util-clearfix\">\n<li class=\"product-prop line-limit-length\"><span\n                                        class=\"property-title\">Fahrradfederungstypen:&nbsp;<\/span><span\n                                        class=\"property-desc line-limit-length\">Robust<\/span>\n                            <\/li>\n<li class=\"product-prop line-limit-length\"><span\n                                        class=\"property-title\">Bremssystem:&nbsp;<\/span><span\n                                        class=\"property-desc line-limit-length\">Mechanische Scheibenbremse vorne und hinten<\/span>\n                            <\/li>\n<li class=\"product-prop line-limit-length\"><span\n                                        class=\"property-title\">Radgr\u00f6\u00dfe:&nbsp;<\/span><span\n                                        class=\"property-desc line-limit-length\">29&#039;&#039;<\/span>\n                            <\/li>\n<li class=\"product-prop line-limit-length\"><span\n                                        class=\"property-title\">Marke:&nbsp;<\/span><span\n                                        class=\"property-desc line-limit-length\">Eleglide<\/span>\n                            <\/li>\n<li class=\"product-prop line-limit-length\"><span\n                                        class=\"property-title\">Modell:&nbsp;<\/span><span\n                                        class=\"property-desc line-limit-length\">Mopride 3<\/span>\n                            <\/li>\n<li class=\"product-prop line-limit-length\"><span\n                                        class=\"property-title\">Ausgeklappte Gr\u00f6\u00dfe:&nbsp;<\/span><span\n                                        class=\"property-desc line-limit-length\">1900 x 730 x 1100 mm<\/span>\n                            <\/li>\n<li class=\"product-prop line-limit-length\"><span\n                                        class=\"property-title\">Rahmengr\u00f6\u00dfe:&nbsp;<\/span><span\n                                        class=\"property-desc line-limit-length\">29&quot; x 19&quot;<\/span>\n                            <\/li>\n<li class=\"product-prop line-limit-length\"><span\n                                        class=\"property-title\">Max. Zuladung des Fahrrads:&nbsp;<\/span><span\n                                        class=\"property-desc line-limit-length\">120 kg<\/span>\n                            <\/li>\n<li class=\"product-prop line-limit-length\"><span\n                                        class=\"property-title\">Abschaltgeschwindigkeit:&nbsp;<\/span><span\n                                        class=\"property-desc line-limit-length\">25 km\/h<\/span>\n                            <\/li>\n<li class=\"product-prop line-limit-length\"><span\n                                        class=\"property-title\">Maximale Reichweite:&nbsp;<\/span><span\n                                        class=\"property-desc line-limit-length\">120 km (Assistenzmodus)<\/span>\n                            <\/li>\n<li class=\"product-prop line-limit-length\"><span\n                                        class=\"property-title\">Nennleistung\/-spannung:&nbsp;<\/span><span\n                                        class=\"property-desc line-limit-length\">250 W\/48 V<\/span>\n                            <\/li>\n<li class=\"product-prop line-limit-length\"><span\n                                        class=\"property-title\">Gr\u00f6\u00dfe:&nbsp;<\/span><span\n                                        class=\"property-desc line-limit-length\">29&quot; x 2,4&quot;<\/span>\n                            <\/li>\n<li class=\"product-prop line-limit-length\"><span\n                                        class=\"property-title\">Ladezeit:&nbsp;<\/span><span\n                                        class=\"property-desc line-limit-length\">6 Stunden<\/span>\n                            <\/li>\n<\/ul><\/div>\n<p style=\"font-family:&quot;Noto Sans SC&quot;;font-size:medium;font-weight:400;letter-spacing:normal;text-align:start;white-space:normal;color:rgb(0, 0, 0)\" align=\"start\"><span style=\"font-size:x-large\">Highlights<\/span><\/p>\n<p><\/p>\n<p style=\"font-family:&quot;Noto Sans SC&quot;;font-size:medium;font-weight:400;letter-spacing:normal;text-align:start;white-space:normal;color:rgb(0, 0, 0)\" align=\"start\"><strong>Stabilit\u00e4t in jedem Gel\u00e4nde<br \/><\/strong>Das Mopride 3 E-Bike ist wie geschaffen f\u00fcr Abenteuer. Sein sportlicher Rahmen und die speziell f\u00fcr Mountainbike-Trails und anspruchsvolles Gel\u00e4nde entwickelten 29&quot;\u00d72,4&quot;-Mountainbike-Reifen sorgen f\u00fcr ein dynamisches und begeisterndes Fahrerlebnis. Die 80-mm-Federung mit Lockout absorbiert St\u00f6\u00dfe und verbessert die Stabilit\u00e4t des Vorderrads \u2013 f\u00fcr optimale Fahreffizienz auf jedem Terrain. Dank der 29-Zoll-Laufr\u00e4der ist das Bike ideal f\u00fcr Fahrer ab 175 cm K\u00f6rpergr\u00f6\u00dfe und bietet ein komfortables und kontrolliertes Fahrgef\u00fchl, das sich perfekt an Design und Bed\u00fcrfnisse anpasst.<strong><\/p>\n<p>Hydraulische Scheibenbremsen f\u00fcr mehr Sicherheit<br \/><\/strong>Ausgestattet mit hydraulischen Scheibenbremsen bietet der Mopride 3 eine kraftvolle und stabile Bremsleistung f\u00fcr sanfte und effiziente Stopps. Der Bremsweg ist k\u00fcrzer als bei mechanischen Scheibenbremsen, was Offroad-Fahrten sicherer und zuverl\u00e4ssiger macht.<strong><\/p>\n<p>Langlebiger Akku f\u00fcr ausgedehnte Abenteuer<br \/><\/strong>Das E-Bike ist mit einem leistungsstarken 576-Wh-Akku ausgestattet, der mit einer einzigen Ladung eine beeindruckende Reichweite von \u00fcber 100 km erm\u00f6glicht \u2013 ideal f\u00fcr ausgedehnte Touren. Dank des abnehmbaren Akkus ist das Laden kinderleicht, sodass Sie ungest\u00f6rt weiterfahren und jederzeit startklar sind. F\u00fcr noch gr\u00f6\u00dfere Abenteuer k\u00f6nnen Sie einen Zusatzakku erwerben, um Ihre Reichweite zu erweitern und grenzenlos neue Wege zu entdecken.<strong><\/p>\n<p>Kraftvolles und nahtloses Fahrgef\u00fchl<br \/><\/strong>Das 48-V-Motorsystem liefert eine Spitzenleistung von 250 W und ein maximales Drehmoment von 50 Nm und bietet so kraftvolle Performance bei Anstiegen und schweren Lasten (bis zu 120 kg). Mit einem hochpr\u00e4zisen 12-Magnet-Kadenzsensor mit 5 Unterst\u00fctzungsstufen (12\/15\/18\/21\/25 km\/h) und der Shimano 7-Gang-Schaltung sorgt das Mopride 3 E-Bike f\u00fcr eine sanfte und reaktionsschnelle Tretunterst\u00fctzung. Es sendet 12 Signale pro Umdrehung und macht so jede Fahrt m\u00fchelos und angenehm.<strong><\/p>\n<p>Verbesserte Sicherheit bei Nacht, intelligentes LCD-Display und App-Steuerung<br \/><\/strong>Ausgestattet mit nach EU-StVZO zertifizierten Front- und R\u00fccklichtern, gew\u00e4hrleistet dieses E-Bike hervorragende Sicht und Sicherheit bei schlechten Lichtverh\u00e4ltnissen. Das LCD-Display liefert klare und gut lesbare Informationen und h\u00e4lt Sie jederzeit \u00fcber Ihre Fahrt auf dem Laufenden. Zus\u00e4tzlich k\u00f6nnen Sie Ihr Bike mit der Eleglide-App auf Ihrem Smartphone steuern. Diese intelligente App erm\u00f6glicht Ihnen die Aktivierung zus\u00e4tzlicher Funktionen wie das Sperren des Bikes, das Festlegen eines Passworts und das Anpassen der Display-Timeout-Zeit, damit Sie Ihre Fahrt optimal genie\u00dfen k\u00f6nnen.<\/p>\n<p><\/p>\n<h2 style=\"font-family:&quot;Noto Sans SC&quot;;font-size:14px;letter-spacing:normal;text-align:start;white-space:normal;color:rgb(0, 0, 0);margin:10px 0px;margin-bottom:10px;margin-top:10px;margin-left:0px;margin-right:0px;padding:0px;padding-bottom:0px;padding-top:0px;padding-left:0px;padding-right:0px\" align=\"start\">Spezifikation<\/h2>\n<p><\/p>\n<table style=\"border-collapse:collapse;font-family:&quot;Noto Sans SC&quot;\" border=\"1\" cellpadding=\"8\">\n<tbody>\n<tr>\n<td style=\"width:101px\" width=\"101\">\n<p>Allgemein<\/p>\n<\/td>\n<td style=\"width:445px\" width=\"445\">\n<p>Marke: Eleglide<br \/>Modell: Mopride 3<br \/>Farbe: Dunkelblau<\/p>\n<\/td>\n<\/tr>\n<tr>\n<td style=\"width:101px\" width=\"101\">\n<p>Grundlegende Spezifikation<\/p>\n<\/td>\n<td style=\"width:445px\" width=\"445\">\n<p>Nettogewicht: 27 kg<br \/>Ausgeklappte Gr\u00f6\u00dfe: 1900 x 730 x 1100 mm<br \/>Rahmengr\u00f6\u00dfe: 29&quot; x 19&quot;<br \/>Lenkerbreite: 720 mm<br \/>Empfohlene K\u00f6rpergr\u00f6\u00dfe des Fahrers: 165-200 cm (5&#039; 5&quot;-6&#039; 7&quot;)<br \/>Maximale Fahrradlast: 120 kg<br \/>Abschaltgeschwindigkeit: 25 km\/h<br \/>Maximale Reichweite: 120 km (Assistenzmodus)<br \/>PAS-Stufen: 12\/15\/18\/21\/25 km\/h (Stufe 1\u20135)<br \/>Gehmodus: 6 km\/h<br \/>Wasserdichtigkeit: IPX4<br \/>Material: Aluminiumlegierung<br \/>Bremssystem: Hydraulische Scheibenbremse &amp; Handbremse<br \/>Federung: Federung mit Lockout<br \/>Federweg: 80 mm<\/p>\n<\/td>\n<\/tr>\n<tr>\n<td style=\"width:101px\" width=\"101\">\n<p>Motor<\/p>\n<\/td>\n<td style=\"width:445px\" width=\"445\">\n<p>Nennleistung\/Spannung: 250 W\/48 V<br \/>Maximales Drehmoment: 50 Nm<\/p>\n<\/td>\n<\/tr>\n<tr>\n<td style=\"width:101px\" width=\"101\">\n<p>Umwerfer<\/p>\n<\/td>\n<td style=\"width:445px\" width=\"445\">\n<p>Marke: Shimano<br \/>Anzahl Schalthebel: 7 (hinten)<\/p>\n<\/td>\n<\/tr>\n<tr>\n<td style=\"width:101px\" width=\"101\">\n<p>Batterie<\/p>\n<\/td>\n<td style=\"width:445px\" width=\"445\">\n<p>Kapazit\u00e4t: 12 Ah<br \/>Spannung: 48V<br \/>Ladezeit: 6 Stunden<br \/>Leistungskapazit\u00e4t: 576 Wh<br \/>Schutzsystem: Ja<\/p>\n<\/td>\n<\/tr>\n<tr>\n<td style=\"width:101px\" width=\"101\">\n<p>Reifen<\/p>\n<\/td>\n<td style=\"width:445px\" width=\"445\">\n<p>Gr\u00f6\u00dfe: 29&quot; x 2,4&quot;<br \/>Typ, Material: Luftreifen aus Gummi<br \/>Reifendruck: 30\u201345 PSI<br \/>Optimaler Reifendruck: 30-40 PSI<\/p>\n<\/td>\n<\/tr>\n<tr>\n<td style=\"width:101px\" width=\"101\">\n<p>Anzeige<\/p>\n<\/td>\n<td style=\"width:445px\" width=\"445\">\n<p>Gr\u00f6\u00dfe: 2,6&quot;<br \/>Typ: LCD<br \/>Informationen: Echtzeitgeschwindigkeit, Unterst\u00fctzungsstufe, Akkustand, Gehmodus, Fahrstrecke<br \/>Funktionen: Ein-\/Ausschalten, Licht ein-\/ausschalten, Unterst\u00fctzungsstufen \u00e4ndern, Gehmodus aktivieren usw.<\/p>\n<\/td>\n<\/tr>\n<tr>\n<td style=\"width:101px\" width=\"101\">\n<p>App<\/p>\n<\/td>\n<td style=\"width:445px\" width=\"445\">\n<p>Name: Eleglide<br \/>Systemunterst\u00fctzung: iOS (11.0+), Android (5.0+)<br \/>Funktionen: Licht ein-\/ausschalten, Unterst\u00fctzungsstufen wechseln, Fahrrad sperren\/entsperren, Passwort festlegen, Bildschirmhelligkeit anpassen usw.<\/p>\n<\/td>\n<\/tr>\n<tr>\n<td style=\"width:101px\" width=\"101\">\n<p>Paket<\/p>\n<\/td>\n<td style=\"width:445px\" width=\"445\">\n<p>Gr\u00f6\u00dfe: 160 x 25 x 85 cm<br \/>Bruttogewicht: 34 kg<\/p>\n<\/td>\n<\/tr>\n<tr>\n<td style=\"width:101px\" width=\"101\">\n<p>Paketliste<\/p>\n<\/td>\n<td style=\"width:445px\" width=\"445\">\n<p>1 x Eleglide Pedelec<br \/>1 x Benutzerhandbuch<br \/>1 x Ladeger\u00e4t<br \/>2 x Pedal (links &amp; rechts)<br \/>1 x Werkzeugsatz<br \/>2 x Schl\u00fcssel<br \/>2 x Speichenreflektor<br \/>1 x R\u00fccklicht<br \/>1 x Scheinwerfer<\/p>\n<\/td>\n<\/tr>\n<tr>\n<td style=\"width:546px\" width=\"546\" colspan=\"2\">\n<p>Hinweis: Die maximale Reichweite wird unter folgenden Bedingungen erreicht: volle Ladung, 75 kg Zuladung, 26 \u00b0C Temperatur, konstante Geschwindigkeit von 15 km\/h, auf ebener Strecke ohne starken Wind.<\/p>\n<\/td>\n<\/tr>\n<\/tbody>\n<\/table>\n<p><img decoding=\"async\" src=\"https:\/\/ae01.alicdn.com\/kf\/S7bc2ed964b234e2fa9ce5453c4dfa6200.jpeg\" slate-data-type=\"image\"\/><img decoding=\"async\" src=\"https:\/\/ae01.alicdn.com\/kf\/Sec283ba7e4ad4a4a8de849c8a8aae46aH.jpeg\" slate-data-type=\"image\"\/><img decoding=\"async\" src=\"https:\/\/ae01.alicdn.com\/kf\/Sadf576ce75c84fc586048eda58bfef30T.jpeg\" slate-data-type=\"image\"\/><img decoding=\"async\" src=\"https:\/\/ae01.alicdn.com\/kf\/S240a102db5fd4dcaa5e30a23e4155834Z.jpeg\" slate-data-type=\"image\"\/><img decoding=\"async\" src=\"https:\/\/ae01.alicdn.com\/kf\/Sa6ca59e260b148aeaef79f8c8859a565y.jpeg\" slate-data-type=\"image\"\/><img decoding=\"async\" src=\"https:\/\/ae01.alicdn.com\/kf\/S4fbe2eec7f41492b94cb5299f46a05b5J.jpeg\" slate-data-type=\"image\"\/><img decoding=\"async\" src=\"https:\/\/ae01.alicdn.com\/kf\/Sce1cc0ff380c490a986e0772c9583694D.jpeg\" slate-data-type=\"image\"\/><img decoding=\"async\" src=\"https:\/\/ae01.alicdn.com\/kf\/Sb4d04d20b79e4f2b9a5add6797b4ed23O.jpeg\" slate-data-type=\"image\"\/><img decoding=\"async\" src=\"https:\/\/ae01.alicdn.com\/kf\/Sddf190946d38475ea785e830a77e0930d.jpeg\" slate-data-type=\"image\"\/><img decoding=\"async\" src=\"https:\/\/ae01.alicdn.com\/kf\/S2d04a6352c424d7ba3ef7ed7d513b095i.jpeg\" slate-data-type=\"image\"\/><img decoding=\"async\" src=\"https:\/\/ae01.alicdn.com\/kf\/S43bc04fd4597488aa1d5dfab66be0c0aA.jpeg\" slate-data-type=\"image\"\/><img decoding=\"async\" src=\"https:\/\/ae01.alicdn.com\/kf\/Sff0847cce8954985af76d5e682a834a03.jpeg\" slate-data-type=\"image\"\/><img decoding=\"async\" src=\"https:\/\/ae01.alicdn.com\/kf\/S970e886ba1064ea4b0a1ffd2845e2e22k.jpeg\" slate-data-type=\"image\"\/><img decoding=\"async\" src=\"https:\/\/ae01.alicdn.com\/kf\/Sfd56423e04aa43d3ac2891b3a2dbbab1h.jpeg\" slate-data-type=\"image\"\/><img decoding=\"async\" src=\"https:\/\/ae01.alicdn.com\/kf\/S67ec5fb6a17e42b288e46af3ce0ca18eW.jpeg\" slate-data-type=\"image\"\/><\/p>","protected":false},"excerpt":{"rendered":"<p>Bike Suspension Types:&nbsp;Sturdy Braking System:&nbsp;Front and Rear Mechanical Disc Brake Wheel Size:&nbsp;29&#039;&#039; Brand:&nbsp;Eleglide Model:&nbsp;Mopride 3 Unfolded Size:&nbsp;1900x730x1100mm Size of Frame:&nbsp;29&quot; x 19&quot; Max Load of Bike:&nbsp;120kg Cut-off Speed:&nbsp;25km\/h Max Range:&nbsp;120km<\/p>","protected":false},"featured_media":21623,"comment_status":"open","ping_status":"closed","template":"","meta":{"_acf_changed":false},"product_brand":[],"product_cat":[230],"product_tag":[],"class_list":{"0":"post-21621","1":"product","2":"type-product","3":"status-publish","4":"has-post-thumbnail","6":"product_cat-bikes","8":"first","9":"instock","10":"shipping-taxable","11":"purchasable","12":"product-type-simple"},"acf":[],"_links":{"self":[{"href":"https:\/\/www.electricstore.eu\/de\/wp-json\/wp\/v2\/product\/21621","targetHints":{"allow":["GET"]}}],"collection":[{"href":"https:\/\/www.electricstore.eu\/de\/wp-json\/wp\/v2\/product"}],"about":[{"href":"https:\/\/www.electricstore.eu\/de\/wp-json\/wp\/v2\/types\/product"}],"replies":[{"embeddable":true,"href":"https:\/\/www.electricstore.eu\/de\/wp-json\/wp\/v2\/comments?post=21621"}],"wp:featuredmedia":[{"embeddable":true,"href":"https:\/\/www.electricstore.eu\/de\/wp-json\/wp\/v2\/media\/21623"}],"wp:attachment":[{"href":"https:\/\/www.electricstore.eu\/de\/wp-json\/wp\/v2\/media?parent=21621"}],"wp:term":[{"taxonomy":"product_brand","embeddable":true,"href":"https:\/\/www.electricstore.eu\/de\/wp-json\/wp\/v2\/product_brand?post=21621"},{"taxonomy":"product_cat","embeddable":true,"href":"https:\/\/www.electricstore.eu\/de\/wp-json\/wp\/v2\/product_cat?post=21621"},{"taxonomy":"product_tag","embeddable":true,"href":"https:\/\/www.electricstore.eu\/de\/wp-json\/wp\/v2\/product_tag?post=21621"}],"curies":[{"name":"wp","href":"https:\/\/api.w.org\/{rel}","templated":true}]}}