{"id":21569,"date":"2025-05-20T18:20:00","date_gmt":"2025-05-20T18:20:00","guid":{"rendered":"https:\/\/electricstore.eu\/p\/uncategorized\/engwe-mapfour-n1-air-adult-electric-bike-25km-h-max-speed-250w-100km-range-36v-10ah-battery-electric-road-bikes-electric-bicycle\/"},"modified":"2025-05-20T18:20:08","modified_gmt":"2025-05-20T18:20:08","slug":"engwe-mapfour-n1-air-adult-electric-bike-25km-h-max-speed-250w-100km-range-36v-10ah-battery-electric-road-bikes-electric-bicycle","status":"publish","type":"product","link":"https:\/\/www.electricstore.eu\/de\/p\/bikes\/engwe-mapfour-n1-air-adult-electric-bike-25km-h-max-speed-250w-100km-range-36v-10ah-battery-electric-road-bikes-electric-bicycle\/","title":{"rendered":"ENGWE MapFour N1 Air Elektrofahrrad f\u00fcr Erwachsene, 25 km\/h H\u00f6chstgeschwindigkeit, 250 W, 100 km Reichweite, 36 V, 10 Ah Akku, Elektro-Rennr\u00e4der, Elektrofahrrad"},"content":{"rendered":"<div class=\"product-specs-list-container\">\n<ul class=\"product-specs-list util-clearfix\">\n<li class=\"product-prop line-limit-length\"><span\n                                        class=\"property-title\">Marke:&nbsp;<\/span><span\n                                        class=\"property-desc line-limit-length\">ENGWE<\/span>\n                            <\/li>\n<li class=\"product-prop line-limit-length\"><span\n                                        class=\"property-title\">Typ:&nbsp;<\/span><span\n                                        class=\"property-desc line-limit-length\">Mechanische Scheibenbremse vorne und hinten<\/span>\n                            <\/li>\n<li class=\"product-prop line-limit-length\"><span\n                                        class=\"property-title\">Modell:&nbsp;<\/span><span\n                                        class=\"property-desc line-limit-length\">MapFour N1 Air<\/span>\n                            <\/li>\n<li class=\"product-prop line-limit-length\"><span\n                                        class=\"property-title\">Material:&nbsp;<\/span><span\n                                        class=\"property-desc line-limit-length\">Rahmen aus Kohlefaser<\/span>\n                            <\/li>\n<li class=\"product-prop line-limit-length\"><span\n                                        class=\"property-title\">Motor:&nbsp;<\/span><span\n                                        class=\"property-desc line-limit-length\">MIVICE M070 Hinterradnabenmotor<\/span>\n                            <\/li>\n<li class=\"product-prop line-limit-length\"><span\n                                        class=\"property-title\">Sensor:&nbsp;<\/span><span\n                                        class=\"property-desc line-limit-length\">Drehmomentsensor<\/span>\n                            <\/li>\n<li class=\"product-prop line-limit-length\"><span\n                                        class=\"property-title\">Max. Drehmoment:&nbsp;<\/span><span\n                                        class=\"property-desc line-limit-length\">40 Nm<\/span>\n                            <\/li>\n<li class=\"product-prop line-limit-length\"><span\n                                        class=\"property-title\">Reifen:&nbsp;<\/span><span\n                                        class=\"property-desc line-limit-length\">700*38C Speichenreifen<\/span>\n                            <\/li>\n<li class=\"product-prop line-limit-length\"><span\n                                        class=\"property-title\">Funktionen 01:&nbsp;<\/span><span\n                                        class=\"property-desc line-limit-length\">Elektrofahrrad<\/span>\n                            <\/li>\n<li class=\"product-prop line-limit-length\"><span\n                                        class=\"property-title\">Funktionen 02:&nbsp;<\/span><span\n                                        class=\"property-desc line-limit-length\">Elektrofahrr\u00e4der<\/span>\n                            <\/li>\n<li class=\"product-prop line-limit-length\"><span\n                                        class=\"property-title\">Funktionen 03:&nbsp;<\/span><span\n                                        class=\"property-desc line-limit-length\">Elektrofahrrad-Angebot<\/span>\n                            <\/li>\n<li class=\"product-prop line-limit-length\"><span\n                                        class=\"property-title\">Funktionen 04:&nbsp;<\/span><span\n                                        class=\"property-desc line-limit-length\">Elektrofahrr\u00e4der f\u00fcr Erwachsene<\/span>\n                            <\/li>\n<li class=\"product-prop line-limit-length\"><span\n                                        class=\"property-title\">Funktionen 05:&nbsp;<\/span><span\n                                        class=\"property-desc line-limit-length\">Faltrad<\/span>\n                            <\/li>\n<li class=\"product-prop line-limit-length\"><span\n                                        class=\"property-title\">Funktionen 06:&nbsp;<\/span><span\n                                        class=\"property-desc line-limit-length\">Elektrofahrr\u00e4der f\u00fcr Erwachsene<\/span>\n                            <\/li>\n<li class=\"product-prop line-limit-length\"><span\n                                        class=\"property-title\">Merkmale 07:&nbsp;<\/span><span\n                                        class=\"property-desc line-limit-length\">Faltr\u00e4der<\/span>\n                            <\/li>\n<li class=\"product-prop line-limit-length\"><span\n                                        class=\"property-title\">Funktionen 08:&nbsp;<\/span><span\n                                        class=\"property-desc line-limit-length\">Elektrisches E-Bike<\/span>\n                            <\/li>\n<li class=\"product-prop line-limit-length\"><span\n                                        class=\"property-title\">Funktionen 09:&nbsp;<\/span><span\n                                        class=\"property-desc line-limit-length\">G\u00fcnstige Fahrr\u00e4der<\/span>\n                            <\/li>\n<li class=\"product-prop line-limit-length\"><span\n                                        class=\"property-title\">Geschwindigkeit:&nbsp;<\/span><span\n                                        class=\"property-desc line-limit-length\">25 km\/h<\/span>\n                            <\/li>\n<li class=\"product-prop line-limit-length\"><span\n                                        class=\"property-title\">Reichweite:&nbsp;<\/span><span\n                                        class=\"property-desc line-limit-length\">100 km (PAS-Stufe 1)<\/span>\n                            <\/li>\n<li class=\"product-prop line-limit-length\"><span\n                                        class=\"property-title\">Maximale Last::&nbsp;<\/span><span\n                                        class=\"property-desc line-limit-length\">120 kg<\/span>\n                            <\/li>\n<\/ul><\/div>\n<p><\/p>\n<p style=\"font-family:&quot;Microsoft YaHei&quot;;font-size:medium;font-weight:400;letter-spacing:normal;text-align:start;white-space:normal;color:rgb(0, 0, 0)\" align=\"start\"><span style=\"font-size:x-large\">Highlights<\/span><\/p>\n<p><\/p>\n<h3 style=\"font-family:&quot;Microsoft YaHei&quot;;letter-spacing:normal;text-align:start;white-space:normal;color:rgb(0, 0, 0)\" align=\"start\">Ultraleichter Carbonrahmen<\/h3>\n<p style=\"font-family:&quot;Microsoft YaHei&quot;;font-size:medium;font-weight:400;letter-spacing:normal;text-align:start;white-space:normal;color:rgb(0, 0, 0)\" align=\"start\">Das E-Bike ENGWE MapFour N1 Air verf\u00fcgt \u00fcber einen superleichten Carbonfaserrahmen von nur 1,28 kg und ist auf optimale Aerodynamik ausgelegt. Dadurch bietet es ein ruhigeres, stabileres Fahrgef\u00fchl bei reduziertem Windwiderstand.<\/p>\n<h3 style=\"font-family:&quot;Microsoft YaHei&quot;;letter-spacing:normal;text-align:start;white-space:normal;color:rgb(0, 0, 0)\" align=\"start\">250-W-Motor<\/h3>\n<p style=\"font-family:&quot;Microsoft YaHei&quot;;font-size:medium;font-weight:400;letter-spacing:normal;text-align:start;white-space:normal;color:rgb(0, 0, 0)\" align=\"start\">Kompakte Leistung mit 250 W Ausgangsleistung und 40 Nm Drehmoment: Das ENGWE MapFour N1 Air City-Elektrofahrrad bietet nahtlose Performance in einem eleganten Design, das von einem herk\u00f6mmlichen Fahrrad kaum zu unterscheiden ist.<\/p>\n<h3 style=\"font-family:&quot;Microsoft YaHei&quot;;letter-spacing:normal;text-align:start;white-space:normal;color:rgb(0, 0, 0)\" align=\"start\">Herausnehmbarer Akku, 36 V, 10 Ah<\/h3>\n<p style=\"font-family:&quot;Microsoft YaHei&quot;;font-size:medium;font-weight:400;letter-spacing:normal;text-align:start;white-space:normal;color:rgb(0, 0, 0)\" align=\"start\">Der 36V 10Ah Akku erm\u00f6glicht eine Reichweite von 100 km. Das ENGWE MapFour N1 Air City-E-Bike ist ideal f\u00fcr den Stadtverkehr. Dank der langen Akkulaufzeit k\u00f6nnen Sie auf t\u00e4gliches Aufladen verzichten und sich ganz auf Ihre Fahrt konzentrieren.<\/p>\n<h3 style=\"font-family:&quot;Microsoft YaHei&quot;;letter-spacing:normal;text-align:start;white-space:normal;color:rgb(0, 0, 0)\" align=\"start\">Komfortables und sicheres Fahren<\/h3>\n<p style=\"font-family:&quot;Microsoft YaHei&quot;;font-size:medium;font-weight:400;letter-spacing:normal;text-align:start;white-space:normal;color:rgb(0, 0, 0)\" align=\"start\">Die 700*38C-Speichenreifen sind auf Geschwindigkeit und Stabilit\u00e4t ausgelegt und bieten ein komfortables Fahrgef\u00fchl auf unterschiedlichen urbanen Oberfl\u00e4chen. Ausgestattet mit einer mechanischen Scheibenbremse f\u00fcr zuverl\u00e4ssige und pr\u00e4zise Bremsleistung.\u00a0<\/p>\n<h3 style=\"font-family:&quot;Microsoft YaHei&quot;;letter-spacing:normal;text-align:start;white-space:normal;color:rgb(0, 0, 0)\" align=\"start\">Reibungsloses Fahrerlebnis<\/h3>\n<p style=\"font-family:&quot;Microsoft YaHei&quot;;font-size:medium;font-weight:400;letter-spacing:normal;text-align:start;white-space:normal;color:rgb(0, 0, 0)\" align=\"start\">Der Drehmomentsensor des leichten Elektrofahrrads ENGWE MapFour N1 Air sorgt f\u00fcr eine sanfte und reaktionsschnelle Tretunterst\u00fctzung, indem er Ihre Pedalkraft pr\u00e4zise misst und so ein nat\u00fcrliches Fahrgef\u00fchl erm\u00f6glicht.<\/p>\n<p><\/p>\n<h2 style=\"font-family:&quot;Microsoft YaHei&quot;;font-size:14px;letter-spacing:normal;text-align:start;white-space:normal;color:rgb(0, 0, 0);margin:10px 0px;margin-bottom:10px;margin-top:10px;margin-left:0px;margin-right:0px;padding:0px;padding-bottom:0px;padding-top:0px;padding-left:0px;padding-right:0px\" align=\"start\">Spezifikation<\/h2>\n<p><\/p>\n<table style=\"border-collapse:collapse;font-family:&quot;Microsoft YaHei&quot;;width:1000px\" class=\"jbEidtTable\" border=\"1\" cellpadding=\"5\" cellspacing=\"0\">\n<tbody>\n<tr>\n<td style=\"text-align:left\" align=\"left\">\n<p><strong>Allgemein<\/strong><\/p>\n<\/td>\n<td style=\"text-align:left\" align=\"left\">\n<p>Marke: ENGWE<br \/>Typ: Elektrofahrrad<br \/>Modell: MapFour N1 Air<br \/>Farbe: Gr\u00fcn<\/p>\n<\/td>\n<\/tr>\n<tr>\n<td style=\"text-align:left\" align=\"left\">\n<p><strong>Spezifikation<\/strong><\/p>\n<\/td>\n<td style=\"text-align:left\" align=\"left\">\n<p>Material: Rahmen aus Kohlefaser<br \/>Motor: MIVICE M070 Hinterradnabenmotor<br \/>Sensor: Drehmomentsensor<br \/>Maximales Drehmoment: 40 Nm<br \/>Reifen: 700*38C Speichenreifen<br \/>Beleuchtung: Frontscheinwerfer &amp; Solar-R\u00fccklicht<br \/>Getriebesystem: SHIMANO 7-Gang<br \/>Bremse: Mechanische Scheibenbremse (160 mm) vorne und hinten<br \/>Akku: 36V 10Ah SAMSUNG Austauschbarer Lithium-Ionen-Akku<br \/>Geschwindigkeit: 25 km\/h<br \/>Reichweite: 100 km (PAS-Stufe 1)<br \/>Ladezeit: ca. 5-8 Stunden (Die Ladezeit des Akkus h\u00e4ngt von der Nutzung des Akkus ab.)<br \/>Maximaler Steigungsgrad: 10\u00b0<br \/>Anzeige: LCD-Farbdisplay<br \/>Maximale Belastung: 120 kg<\/p>\n<\/td>\n<\/tr>\n<tr>\n<td style=\"text-align:left\" align=\"left\">\n<p><strong>Gewicht &amp; Gr\u00f6\u00dfe<\/strong><\/p>\n<\/td>\n<td style=\"text-align:left\" align=\"left\">\n<p>Produktgewicht: 15,6 kg<br \/>Paketgewicht: 25,4 kg<br \/>Verpackungsgr\u00f6\u00dfe (L x B x H): 148,4 x 22,5 x 73 cm<\/p>\n<\/td>\n<\/tr>\n<tr>\n<td style=\"text-align:left\" align=\"left\">\n<p><strong>Packungsinhalt<\/strong><\/p>\n<\/td>\n<td style=\"text-align:left\" align=\"left\">\n<p>1 x Elektrofahrrad<br \/>1 x Ladeger\u00e4t<br \/>1 x Werkzeugset<br \/>1 x Benutzerhandbuch<\/p>\n<\/td>\n<\/tr>\n<\/tbody>\n<\/table>\n<p><img decoding=\"async\" src=\"https:\/\/ae01.alicdn.com\/kf\/S3c2dc56355bb462d9fbbf2448ff58181y.jpeg\" slate-data-type=\"image\"\/><img decoding=\"async\" src=\"https:\/\/ae01.alicdn.com\/kf\/S84720af833be4a47a5563cfc03dd43d9d.jpeg\" slate-data-type=\"image\"\/><img decoding=\"async\" src=\"https:\/\/ae01.alicdn.com\/kf\/S6564cc26b1964a9d88a64fca455ba60fy.jpeg\" slate-data-type=\"image\"\/><img decoding=\"async\" src=\"https:\/\/ae01.alicdn.com\/kf\/S8525aa63d4bf467db491cb065789dc24W.jpeg\" slate-data-type=\"image\"\/><img decoding=\"async\" src=\"https:\/\/ae01.alicdn.com\/kf\/S8f6440aa6a3041fd9ea40d9fe4c81075b.jpeg\" slate-data-type=\"image\"\/><img decoding=\"async\" src=\"https:\/\/ae01.alicdn.com\/kf\/S62106a83da2f4a92ba6dc24e127e3f9bQ.jpeg\" slate-data-type=\"image\"\/><img decoding=\"async\" src=\"https:\/\/ae01.alicdn.com\/kf\/See105fe7292240df953a27f56ef6d42eA.jpeg\" slate-data-type=\"image\"\/><img decoding=\"async\" src=\"https:\/\/ae01.alicdn.com\/kf\/Sa980e31d7bf94628a1acf52254cc3f06b.jpeg\" slate-data-type=\"image\"\/><img decoding=\"async\" src=\"https:\/\/ae01.alicdn.com\/kf\/S909b25941f5e4d3c977fcd3c9b787cc1K.jpeg\" slate-data-type=\"image\"\/><img decoding=\"async\" src=\"https:\/\/ae01.alicdn.com\/kf\/S52430b5af63f48e7a3abac665730ba43G.jpeg\" slate-data-type=\"image\"\/><img decoding=\"async\" src=\"https:\/\/ae01.alicdn.com\/kf\/S2937387f9b244ce4915e7987b15b75b7L.jpeg\" slate-data-type=\"image\"\/><img decoding=\"async\" src=\"https:\/\/ae01.alicdn.com\/kf\/Sc7f4393018224cd4a2e8aa6bd73523d3v.jpeg\" slate-data-type=\"image\"\/><img decoding=\"async\" src=\"https:\/\/ae01.alicdn.com\/kf\/S9da94f6ae9684e32a1debdacf9ee89f2q.jpeg\" slate-data-type=\"image\"\/><\/p>","protected":false},"excerpt":{"rendered":"<p>Brand:&nbsp;ENGWE Type:&nbsp;Front &amp; Rear Mechanical Disc Brake Model:&nbsp;MapFour N1 Air Material:&nbsp;Carbon Fiber Frame Motor:&nbsp;MIVICE M070 Rear Hub Motor Sensor:&nbsp;Torque Sensor Max Torque:&nbsp;40 Nm Tires:&nbsp;700*38C Spoke Tires Features 01:&nbsp;Electric Bicycle Features<\/p>","protected":false},"featured_media":21571,"comment_status":"open","ping_status":"closed","template":"","meta":{"_acf_changed":false},"product_brand":[],"product_cat":[230],"product_tag":[],"class_list":{"0":"post-21569","1":"product","2":"type-product","3":"status-publish","4":"has-post-thumbnail","6":"product_cat-bikes","8":"first","9":"instock","10":"shipping-taxable","11":"purchasable","12":"product-type-variable"},"acf":[],"_links":{"self":[{"href":"https:\/\/www.electricstore.eu\/de\/wp-json\/wp\/v2\/product\/21569","targetHints":{"allow":["GET"]}}],"collection":[{"href":"https:\/\/www.electricstore.eu\/de\/wp-json\/wp\/v2\/product"}],"about":[{"href":"https:\/\/www.electricstore.eu\/de\/wp-json\/wp\/v2\/types\/product"}],"replies":[{"embeddable":true,"href":"https:\/\/www.electricstore.eu\/de\/wp-json\/wp\/v2\/comments?post=21569"}],"wp:featuredmedia":[{"embeddable":true,"href":"https:\/\/www.electricstore.eu\/de\/wp-json\/wp\/v2\/media\/21571"}],"wp:attachment":[{"href":"https:\/\/www.electricstore.eu\/de\/wp-json\/wp\/v2\/media?parent=21569"}],"wp:term":[{"taxonomy":"product_brand","embeddable":true,"href":"https:\/\/www.electricstore.eu\/de\/wp-json\/wp\/v2\/product_brand?post=21569"},{"taxonomy":"product_cat","embeddable":true,"href":"https:\/\/www.electricstore.eu\/de\/wp-json\/wp\/v2\/product_cat?post=21569"},{"taxonomy":"product_tag","embeddable":true,"href":"https:\/\/www.electricstore.eu\/de\/wp-json\/wp\/v2\/product_tag?post=21569"}],"curies":[{"name":"wp","href":"https:\/\/api.w.org\/{rel}","templated":true}]}}