{"id":21560,"date":"2025-05-20T18:19:54","date_gmt":"2025-05-20T18:19:54","guid":{"rendered":"https:\/\/electricstore.eu\/p\/uncategorized\/touroll-b2-26-electric-bike-25km-h-250w-50nm-torque-36v-15-6ah-100km-range-7-speed-shimano-gear-electric-bicycles\/"},"modified":"2025-05-20T18:19:55","modified_gmt":"2025-05-20T18:19:55","slug":"touroll-b2-26-electric-bike-25km-h-250w-50nm-torque-36v-15-6ah-100km-range-7-speed-shimano-gear-electric-bicycles","status":"publish","type":"product","link":"https:\/\/www.electricstore.eu\/de\/p\/bikes\/touroll-b2-26-electric-bike-25km-h-250w-50nm-torque-36v-15-6ah-100km-range-7-speed-shimano-gear-electric-bicycles\/","title":{"rendered":"Touroll B2 26\u2033 Elektrofahrrad 25km\/h 250W 50Nm Drehmoment 36V 15.6Ah 100km Reichweite 7-Gang Shimano Schaltung Elektrofahrr\u00e4der"},"content":{"rendered":"<div class=\"product-specs-list-container\">\n<ul class=\"product-specs-list util-clearfix\">\n<li class=\"product-prop line-limit-length\"><span\n                                        class=\"property-title\">Fahrradfederungstypen:&nbsp;<\/span><span\n                                        class=\"property-desc line-limit-length\">Robust<\/span>\n                            <\/li>\n<li class=\"product-prop line-limit-length\"><span\n                                        class=\"property-title\">Bremssystem:&nbsp;<\/span><span\n                                        class=\"property-desc line-limit-length\">Mechanische Scheibenbremse vorne und hinten<\/span>\n                            <\/li>\n<li class=\"product-prop line-limit-length\"><span\n                                        class=\"property-title\">Radgr\u00f6\u00dfe:&nbsp;<\/span><span\n                                        class=\"property-desc line-limit-length\">26&quot;<\/span>\n                            <\/li>\n<li class=\"product-prop line-limit-length\"><span\n                                        class=\"property-title\">Marke:&nbsp;<\/span><span\n                                        class=\"property-desc line-limit-length\">Tourol<\/span>\n                            <\/li>\n<li class=\"product-prop line-limit-length\"><span\n                                        class=\"property-title\">Modell:&nbsp;<\/span><span\n                                        class=\"property-desc line-limit-length\">B2<\/span>\n                            <\/li>\n<li class=\"product-prop line-limit-length\"><span\n                                        class=\"property-title\">Rahmengr\u00f6\u00dfe:&nbsp;<\/span><span\n                                        class=\"property-desc line-limit-length\">26&quot;x16&quot;<\/span>\n                            <\/li>\n<li class=\"product-prop line-limit-length\"><span\n                                        class=\"property-title\">NW:&nbsp;<\/span><span\n                                        class=\"property-desc line-limit-length\">26,7 kg<\/span>\n                            <\/li>\n<li class=\"product-prop line-limit-length\"><span\n                                        class=\"property-title\">Abschaltgeschwindigkeit:&nbsp;<\/span><span\n                                        class=\"property-desc line-limit-length\">25 km\/h<\/span>\n                            <\/li>\n<li class=\"product-prop line-limit-length\"><span\n                                        class=\"property-title\">Maximale Reichweite:&nbsp;<\/span><span\n                                        class=\"property-desc line-limit-length\">100 km (Assistenzmodus)<\/span>\n                            <\/li>\n<li class=\"product-prop line-limit-length\"><span\n                                        class=\"property-title\">Nennleistung\/-spannung:&nbsp;<\/span><span\n                                        class=\"property-desc line-limit-length\">250 W \/ 36 V<\/span>\n                            <\/li>\n<li class=\"product-prop line-limit-length\"><span\n                                        class=\"property-title\">Ladezeit:&nbsp;<\/span><span\n                                        class=\"property-desc line-limit-length\">7-8 Stunden<\/span>\n                            <\/li>\n<\/ul><\/div>\n<p><span style=\"font-size:x-large\">Highlights<\/span><\/p>\n<p><\/p>\n<p style=\"font-family:&quot;Noto Sans SC&quot;;font-size:medium;font-weight:400;letter-spacing:normal;text-align:start;white-space:normal;color:rgb(0, 0, 0)\" align=\"start\">Zeitlose Eleganz mit ergonomischem Komfort<br \/>Das E-Bike Touroll B2 verf\u00fcgt \u00fcber einen wundersch\u00f6n gearbeiteten Durchstiegsrahmen im Retro-Stil, der die elegante und bequeme Sitzhaltung von Frauen perfekt unterstreicht. Seine anmutige Silhouette, erh\u00e4ltlich in edlen Farbvarianten, verbindet klassische \u00c4sthetik mit ergonomischer Effizienz und sorgt f\u00fcr eine ruhige und entspannte Fahrt. Der verstellbare Lenker und die verstellbare Sitzh\u00f6he erm\u00f6glichen eine individuelle Passform, w\u00e4hrend der tiefe Durchstieg das Auf- und Absteigen m\u00fchelos macht \u2013 ideal f\u00fcr den t\u00e4glichen Weg zur Arbeit und Freizeitfahrten.<\/p>\n<p>Sicherheits-Bremssystem<br \/>Ausgestattet mit mechanischen Scheibenbremsen mit Motorabschaltung schaltet der Tourol B2 beim Bremsen sofort ab und sorgt so f\u00fcr schnelle, kontrollierte Stopps auch an Steigungen. Dieses sicherheitsorientierte Bremssystem st\u00e4rkt das Vertrauen des Fahrers, insbesondere im Stadtverkehr, und sorgt f\u00fcr mehr Stabilit\u00e4t und Kontrolle.<\/p>\n<p>Abnehmbarer Akku mit gro\u00dfer Reichweite<br \/>Angetrieben von einem 36V 15,6Ah (561,6Wh) Akku bietet das B2 Elektrofahrrad eine beeindruckende Reichweite von \u00fcber 100 km mit einer einzigen Ladung und ist damit ideal f\u00fcr den t\u00e4glichen Arbeitsweg, das Radfahren in der Stadt und Wochenendausfl\u00fcge. Das herausnehmbare Akkudesign erm\u00f6glicht ein problemloses Laden zu Hause oder im B\u00fcro und bietet maximalen Komfort f\u00fcr den Fahrer.<\/p>\n<p>Adaptive Leistung und sanfte Steuerung<br \/>Ein 250-W-Hinterradnabenmotor mit 50 Nm Drehmoment, kombiniert mit einem 12-Magnet-Trittfrequenzsensor, sorgt f\u00fcr nahtlose Tretunterst\u00fctzung und reagiert sanft auf jeden Tritt. Bew\u00e4ltigen Sie m\u00fchelos Steigungen und cruisen Sie mit bis zu 25 km\/h durch die Stra\u00dfen der Stadt \u2013 f\u00fcr ein kraftvolles und dennoch nat\u00fcrliches Fahrerlebnis.<\/p>\n<p>Shimano 7-Gang-Schaltung<br \/>Mit dem Shimano 7-Gang-Antrieb meistern Sie abwechslungsreiches Gel\u00e4nde pr\u00e4zise. Ob beim Bergauffahren oder Beschleunigen auf ebener Stra\u00dfe \u2013 dieses zuverl\u00e4ssige Getriebe sorgt f\u00fcr sanftes, energieeffizientes Schalten und passt sich m\u00fchelos Ihrem bevorzugten Fahrtempo an.<\/p>\n<p>Benutzerfreundliche Funktionen<br \/>F\u00fcr bessere Sichtbarkeit entsprechen die Front- und R\u00fccklichter der EU-StVZO und machen Nachtfahrten sicherer. Das intuitive LED-Display erm\u00f6glicht eine einfache Steuerung der drei Unterst\u00fctzungsstufen. Das macht das Bike anf\u00e4ngerfreundlich und bietet gleichzeitig Vielseitigkeit f\u00fcr erfahrene Fahrer. Ein robuster Gep\u00e4cktr\u00e4ger hinten sorgt f\u00fcr zus\u00e4tzlichen Komfort und ist ideal f\u00fcr den Transport von Lebensmitteln, Taschen oder pers\u00f6nlichen Gegenst\u00e4nden \u2013 perfekt f\u00fcr den Weg zur Arbeit, Besorgungen und Freizeitradtouren.<\/p>\n<p><\/p>\n<h2 style=\"font-family:&quot;Noto Sans SC&quot;;font-size:14px;letter-spacing:normal;text-align:start;white-space:normal;color:rgb(0, 0, 0);margin:10px 0px;margin-bottom:10px;margin-top:10px;margin-left:0px;margin-right:0px;padding:0px;padding-bottom:0px;padding-top:0px;padding-left:0px;padding-right:0px\" align=\"start\">Spezifikation<\/h2>\n<p><\/p>\n<table style=\"border-collapse:collapse;font-family:&quot;Noto Sans SC&quot;\" border=\"1\" cellpadding=\"8\">\n<tbody>\n<tr>\n<td style=\"width:28.2%\" width=\"28.2000%\">\n<p>Allgemein<\/p>\n<\/td>\n<td style=\"width:71.78%\" width=\"71.7800%\">\n<p>Marke: Tourol<br \/>Modell: B2<br \/>Farbe: Gr\u00fcn<\/p>\n<\/td>\n<\/tr>\n<tr>\n<td style=\"width:28.2%\" width=\"28.2000%\">\n<p>Grundlegende Spezifikation<\/p>\n<\/td>\n<td style=\"width:71.78%\" width=\"71.7800%\">\n<p>Rahmengr\u00f6\u00dfe: 26&quot;x16&quot;<br \/>Gr\u00f6\u00dfe ausgeklappt: 1910 x 670 x 1130 mm<br \/>Lenkerbreite: 670 mm (26,4 Zoll)<br \/>Nettogewicht: 26,7 kg<br \/>Wasserdichtigkeit: IPX4<br \/>Abschaltgeschwindigkeit: 25 km\/h<br \/>Maximale Reichweite: 100 km (Assistenzmodus)<br \/>Geschwindigkeitsstufen des Unterst\u00fctzungsmodus: 15\/20\/25 km\/h (Stufe 1-3)<br \/>Material des Rahmens: STL<br \/>Empfohlene K\u00f6rpergr\u00f6\u00dfe des Fahrers: 160\u2013195 cm (5&#039;3&quot; \u2013 6&#039;5&quot;)<\/p>\n<\/td>\n<\/tr>\n<tr>\n<td style=\"width:28.2%\" width=\"28.2000%\">\n<p>Motor<\/p>\n<\/td>\n<td style=\"width:71.78%\" width=\"71.7800%\">\n<p>Nennleistung\/Spannung: 250 W \/ 36 V<br \/>Max. Ausgangsdrehmoment: 50 N.M<\/p>\n<\/td>\n<\/tr>\n<tr>\n<td style=\"width:28.2%\" width=\"28.2000%\">\n<p>Umwerfer<\/p>\n<\/td>\n<td style=\"width:71.78%\" width=\"71.7800%\">\n<p>Marke: Shimano<br \/>Anzahl der Schalthebel: 7 (hinten)<\/p>\n<\/td>\n<\/tr>\n<tr>\n<td style=\"width:28.2%\" width=\"28.2000%\">\n<p>Batterie<\/p>\n<\/td>\n<td style=\"width:71.78%\" width=\"71.7800%\">\n<p>Kapazit\u00e4t\/Spannung: 15,6 Ah\/36 V<br \/>Leistungskapazit\u00e4t: 561,6 Wh<br \/>Ladezeit: 7-8h<br \/>Schutzsystem: Ja<\/p>\n<\/td>\n<\/tr>\n<tr>\n<td style=\"width:28.2%\" width=\"28.2000%\">\n<p>Ladeger\u00e4t<\/p>\n<\/td>\n<td style=\"width:71.78%\" width=\"71.7800%\">\n<p>Eingangsspannung: 100-240 V<br \/>Eingangsstrom: 2,0 A (max.)<br \/>Ausgangsspannung: 42 V<br \/>Ausgangsstrom: 2,0 A, 84 W<\/p>\n<\/td>\n<\/tr>\n<tr>\n<td style=\"width:28.2%\" width=\"28.2000%\">\n<p>Bremse<\/p>\n<\/td>\n<td style=\"width:71.78%\" width=\"71.7800%\">\n<p>Typ: Mechanische Scheibenbremse &amp; E-Bremse<\/p>\n<\/td>\n<\/tr>\n<tr>\n<td style=\"width:28.2%\" width=\"28.2000%\">\n<p>Bremsscheibe<\/p>\n<\/td>\n<td style=\"width:71.78%\" width=\"71.7800%\">\n<p>Au\u00dfendurchmesser: 160 mm (6,3 Zoll)<br \/>Dicke: 1,8 mm<br \/>Steuerung: Vorderrad mit der linken Hand und Hinterrad mit der rechten Hand bremsen (in der EU);<br \/>Im Vereinigten K\u00f6nigreich wird das Vorderrad mit der rechten Hand und das Hinterrad mit der linken Hand gebremst.<\/p>\n<\/td>\n<\/tr>\n<tr>\n<td style=\"width:28.2%\" width=\"28.2000%\">\n<p>Reifen<\/p>\n<\/td>\n<td style=\"width:71.78%\" width=\"71.7800%\">\n<p>Gr\u00f6\u00dfe: 26&quot;x2,25&quot;<br \/>Typ\/Material: Luftgummireifen<br \/>Reifendruck: 30~45PSI<br \/>Bester Reifendruck: 35~40PSI<\/p>\n<\/td>\n<\/tr>\n<tr>\n<td style=\"width:28.2%\" width=\"28.2000%\">\n<p>Instrument<\/p>\n<\/td>\n<td style=\"width:71.78%\" width=\"71.7800%\">\n<p>Typ: LED<\/p>\n<\/td>\n<\/tr>\n<tr>\n<td style=\"width:28.2%\" width=\"28.2000%\">\n<p>Paket<\/p>\n<\/td>\n<td style=\"width:71.78%\" width=\"71.7800%\">\n<p>Gr\u00f6\u00dfe: 162x25x83cm<br \/>Bruttogewicht: 33,7 kg<\/p>\n<\/td>\n<\/tr>\n<tr>\n<td style=\"width:28.2%\" width=\"28.2000%\">\n<p>Paketliste<\/p>\n<\/td>\n<td style=\"width:71.78%\" width=\"71.7800%\">\n<p>1 x Tourol Pedelec<br \/>2 x Pedal (links und rechts)<br \/>2 x Speichenreflektor<br \/>1 x Benutzerhandbuch<br \/>1 x Werkzeugsatz<br \/>1 x Ladeger\u00e4t<br \/>2 x Schl\u00fcssel<br \/>1 x Scheinwerfer<br \/>1 x Gep\u00e4cktr\u00e4ger mit R\u00fccklicht<br \/>2 x Schutzblech (vorne und hinten)<br \/>1 x Instrument<\/p>\n<\/td>\n<\/tr>\n<tr>\n<td style=\"width:100%\" width=\"100.0000%\" colspan=\"2\">\n<p>Hinweis: Die maximale Reichweite wird unter folgenden Bedingungen erreicht: 75 kg Last, 26 \u00b0C Temperatur, 15 km\/h konstante Geschwindigkeit, auf ebenen Stra\u00dfen ohne starken Wind.<\/p>\n<\/td>\n<\/tr>\n<\/tbody>\n<\/table>\n<h2 style=\"font-family:&quot;Noto Sans SC&quot;;font-size:14px;letter-spacing:normal;text-align:start;white-space:normal;color:rgb(0, 0, 0);margin:10px 0px;margin-bottom:10px;margin-top:10px;margin-left:0px;margin-right:0px;padding:0px;padding-bottom:0px;padding-top:0px;padding-left:0px;padding-right:0px\" align=\"start\"><img decoding=\"async\" src=\"https:\/\/ae01.alicdn.com\/kf\/S3ee568f643054a6bbe40a3f4348fe325p.jpeg\" slate-data-type=\"image\"\/><img decoding=\"async\" src=\"https:\/\/ae01.alicdn.com\/kf\/S433b62c588f94390bef74ac339c31235G.jpeg\" slate-data-type=\"image\"\/><img decoding=\"async\" src=\"https:\/\/ae01.alicdn.com\/kf\/Sc0899f5c9e8f4c32ae381251f377372cE.jpeg\" slate-data-type=\"image\"\/><img decoding=\"async\" src=\"https:\/\/ae01.alicdn.com\/kf\/Sf9e796c6828e4e0cb08ee5ac5af4b72a2.jpeg\" slate-data-type=\"image\"\/><img decoding=\"async\" src=\"https:\/\/ae01.alicdn.com\/kf\/S0aac1681357145648a5b9f41adb134446.jpeg\" slate-data-type=\"image\"\/><img decoding=\"async\" src=\"https:\/\/ae01.alicdn.com\/kf\/S3cf0047595e34953ae36d6b1d788a232F.jpeg\" slate-data-type=\"image\"\/><img decoding=\"async\" src=\"https:\/\/ae01.alicdn.com\/kf\/Sd5de5118332f4281a4a5c8c2443b76784.jpeg\" slate-data-type=\"image\"\/><img decoding=\"async\" src=\"https:\/\/ae01.alicdn.com\/kf\/S3b0371a61293443baa2db52d61e707bdg.jpeg\" slate-data-type=\"image\"\/><img decoding=\"async\" src=\"https:\/\/ae01.alicdn.com\/kf\/S5ea4a5f7a8184a44bb9937ffdd97d1beP.jpeg\" slate-data-type=\"image\"\/><img decoding=\"async\" src=\"https:\/\/ae01.alicdn.com\/kf\/S26d05ae144114d139bc1c13f929a4841L.jpeg\" slate-data-type=\"image\"\/><img decoding=\"async\" src=\"https:\/\/ae01.alicdn.com\/kf\/Sef807152e473437c857ca8051ea0d1a2V.jpeg\" slate-data-type=\"image\"\/><img decoding=\"async\" src=\"https:\/\/ae01.alicdn.com\/kf\/Sf7857045bf244e9f8d275a08a4233331l.jpeg\" slate-data-type=\"image\"\/><img decoding=\"async\" src=\"https:\/\/ae01.alicdn.com\/kf\/S180970779a404a65b342f1f22fa68763n.jpeg\" slate-data-type=\"image\"\/><img decoding=\"async\" src=\"https:\/\/ae01.alicdn.com\/kf\/S179960f8e3014750ac0a7f6f3ddaff5bg.jpeg\" slate-data-type=\"image\"\/><img decoding=\"async\" src=\"https:\/\/ae01.alicdn.com\/kf\/S736bb79c042d4d0aa34cb31f01c2d7f8Z.jpeg\" slate-data-type=\"image\"\/><img decoding=\"async\" src=\"https:\/\/ae01.alicdn.com\/kf\/S7ec4d9d924eb4479b1a51d2d624c35cfi.jpeg\" slate-data-type=\"image\"\/><br \/><\/h2>\n<p><\/p>","protected":false},"excerpt":{"rendered":"<p>Bike Suspension Types:&nbsp;Sturdy Braking System:&nbsp;Front and Rear Mechanical Disc Brake Wheel Size:&nbsp;26&quot; Brand:&nbsp;Touroll Model:&nbsp;B2 Size of Frame:&nbsp;26&quot;x16&quot; N.W.:&nbsp;26.7kg Cut-off Speed:&nbsp;25km\/h Max Range:&nbsp;100km (Assist Mode) Rated Power\/Voltage:&nbsp;250W \/ 36V Charging Time:&nbsp;7-8h<\/p>","protected":false},"featured_media":21561,"comment_status":"open","ping_status":"closed","template":"","meta":{"_acf_changed":false},"product_brand":[],"product_cat":[230],"product_tag":[],"class_list":{"0":"post-21560","1":"product","2":"type-product","3":"status-publish","4":"has-post-thumbnail","6":"product_cat-bikes","8":"first","9":"instock","10":"shipping-taxable","11":"purchasable","12":"product-type-simple"},"acf":[],"_links":{"self":[{"href":"https:\/\/www.electricstore.eu\/de\/wp-json\/wp\/v2\/product\/21560","targetHints":{"allow":["GET"]}}],"collection":[{"href":"https:\/\/www.electricstore.eu\/de\/wp-json\/wp\/v2\/product"}],"about":[{"href":"https:\/\/www.electricstore.eu\/de\/wp-json\/wp\/v2\/types\/product"}],"replies":[{"embeddable":true,"href":"https:\/\/www.electricstore.eu\/de\/wp-json\/wp\/v2\/comments?post=21560"}],"wp:featuredmedia":[{"embeddable":true,"href":"https:\/\/www.electricstore.eu\/de\/wp-json\/wp\/v2\/media\/21561"}],"wp:attachment":[{"href":"https:\/\/www.electricstore.eu\/de\/wp-json\/wp\/v2\/media?parent=21560"}],"wp:term":[{"taxonomy":"product_brand","embeddable":true,"href":"https:\/\/www.electricstore.eu\/de\/wp-json\/wp\/v2\/product_brand?post=21560"},{"taxonomy":"product_cat","embeddable":true,"href":"https:\/\/www.electricstore.eu\/de\/wp-json\/wp\/v2\/product_cat?post=21560"},{"taxonomy":"product_tag","embeddable":true,"href":"https:\/\/www.electricstore.eu\/de\/wp-json\/wp\/v2\/product_tag?post=21560"}],"curies":[{"name":"wp","href":"https:\/\/api.w.org\/{rel}","templated":true}]}}