{"id":2183,"date":"2016-02-28T08:28:22","date_gmt":"2016-02-28T08:28:22","guid":{"rendered":"https:\/\/electro.madrasthemes.com\/?page_id=2183"},"modified":"2016-02-28T08:28:22","modified_gmt":"2016-02-28T08:28:22","slug":"terms-and-conditions","status":"publish","type":"page","link":"https:\/\/www.electricstore.eu\/de\/terms-and-conditions\/","title":{"rendered":"Terms and Conditions"},"content":{"rendered":"<section class=\"section inner-bottom-xs\">\n<h2>Geistiges Eigentum<\/h2>\n<ol>\n<li>Lorem ipsum dolor sit amet, consectetur adipiscing elit. Etiam quis diam erat. Duis velit lectus, posuere a blandit sit amet, tempor at lorem. Donec ultricies, Lorem sed ultrices interdum.<\/li>\n<li>Leo metus luctus sem, vel vulputate diam ipsum sed lorem. Keine Zeit f\u00fcr Lichtbogen, und es wird viel Schaden angerichtet. Nunc bei Rutrum Leo. Mauris metus mauris, tristique quis sapien eu, rutrum vulputate enim.<\/li>\n<li>Mauris tempus erat laoreet turpis lobortis, eu tincidunt erat fermentum.<\/li>\n<li>Aliquam non tincidunt urna. Integer tincidunt nec nisl vitae ullamcorper. Proin sed ultrices erat. Praesent varius ultrices massa at faucibus.<\/li>\n<li>Aenean dignissim, orci sed faucibus pharetra, dui mi dignissim tortor, sit amet condimentum mi ligula sit amet augue.<\/li>\n<li>Pellentesque vitae eros eget enim mollis placerat.<\/li>\n<\/ol>\n<\/section>\n<section class=\"section inner-bottom-xs\">\n<h2>Beendigung<\/h2>\n<ol>\n<li>Lorem ipsum dolor sit amet, consectetur adipiscing elit. Etiam quis diam erat. Duis velit lectus, posuere a blandit sit amet, tempor at lorem. Donec ultricies, Lorem sed ultrices interdum.<\/li>\n<li>Leo metus luctus sem, vel vulputate diam ipsum sed lorem. Keine Zeit f\u00fcr Lichtbogen, und es wird viel Schaden angerichtet. Nunc bei Rutrum Leo. Mauris metus mauris, tristique quis sapien eu, rutrum vulputate enim.<\/li>\n<li>Mauris tempus erat laoreet turpis lobortis, eu tincidunt erat fermentum.<\/li>\n<li>Aliquam non tincidunt urna. Integer tincidunt nec nisl vitae ullamcorper. Proin sed ultrices erat. Praesent varius ultrices massa at faucibus.<\/li>\n<li>Aenean dignissim, orci sed faucibus pharetra, dui mi dignissim tortor, sit amet condimentum mi ligula sit amet augue.<\/li>\n<li>Pellentesque vitae eros eget enim mollis placerat.<\/li>\n<\/ol>\n<\/section>\n<section class=\"section inner-bottom-xs\">\n<h2>\u00c4nderungen dieser Vereinbarung<\/h2>\n<p>Wir behalten uns das Recht vor, diese Allgemeinen Gesch\u00e4ftsbedingungen nach eigenem Ermessen zu \u00e4ndern oder zu ersetzen, indem wir die aktualisierten Bedingungen auf der Website ver\u00f6ffentlichen. Ihre fortgesetzte Nutzung der Website nach solchen \u00c4nderungen gilt als Zustimmung zu den neuen Allgemeinen Gesch\u00e4ftsbedingungen.<\/p>\n<\/section>\n<section class=\"section intellectual-property\">\n<h2>Kontaktieren Sie uns<\/h2>\n<p>Wenn Sie Fragen zu dieser Vereinbarung haben, kontaktieren Sie uns bitte unter <a href=\"#\"><strong>Kontaktformular<\/strong><\/a><\/p>\n<\/section>","protected":false},"excerpt":{"rendered":"<p>Intellectual Propertly Lorem ipsum dolor sit amet, consectetur adipiscing elit. Etiam quis diam erat. Duis velit lectus, posuere a blandit sit amet, tempor at lorem. Donec ultricies, lorem sed ultrices<\/p>","protected":false},"author":1,"featured_media":0,"parent":0,"menu_order":0,"comment_status":"closed","ping_status":"closed","template":"","meta":{"_acf_changed":false,"footnotes":""},"class_list":["post-2183","page","type-page","status-publish","hentry"],"acf":[],"_links":{"self":[{"href":"https:\/\/www.electricstore.eu\/de\/wp-json\/wp\/v2\/pages\/2183","targetHints":{"allow":["GET"]}}],"collection":[{"href":"https:\/\/www.electricstore.eu\/de\/wp-json\/wp\/v2\/pages"}],"about":[{"href":"https:\/\/www.electricstore.eu\/de\/wp-json\/wp\/v2\/types\/page"}],"author":[{"embeddable":true,"href":"https:\/\/www.electricstore.eu\/de\/wp-json\/wp\/v2\/users\/1"}],"replies":[{"embeddable":true,"href":"https:\/\/www.electricstore.eu\/de\/wp-json\/wp\/v2\/comments?post=2183"}],"version-history":[{"count":0,"href":"https:\/\/www.electricstore.eu\/de\/wp-json\/wp\/v2\/pages\/2183\/revisions"}],"wp:attachment":[{"href":"https:\/\/www.electricstore.eu\/de\/wp-json\/wp\/v2\/media?parent=2183"}],"curies":[{"name":"wp","href":"https:\/\/api.w.org\/{rel}","templated":true}]}}