{"id":9250,"date":"2025-05-20T17:46:14","date_gmt":"2025-05-20T17:46:14","guid":{"rendered":"https:\/\/electricstore.eu\/p\/uncategorized\/cloudenergy-cl48-150b-48v-150ah-wall-mounted-lithium-lifepo4-deep-cycle-battery-pack-7680wh-energy-6000-life-cycles-80-dod\/"},"modified":"2025-05-20T17:46:52","modified_gmt":"2025-05-20T17:46:52","slug":"cloudenergy-cl48-150b-48v-150ah-wall-mounted-lithium-lifepo4-deep-cycle-battery-pack-7680wh-energy-6000-life-cycles-80-dod","status":"publish","type":"product","link":"https:\/\/www.electricstore.eu\/da\/p\/batteries\/portable-power-stations\/cloudenergy-cl48-150b-48v-150ah-wall-mounted-lithium-lifepo4-deep-cycle-battery-pack-7680wh-energy-6000-life-cycles-80-dod\/","title":{"rendered":"Cloudenergy CL48-150B 48V 150Ah v\u00e6gmonteret litium LiFePO4 dybdecyklusbatteripakke, 7680Wh energi, 6000+ livscyklusser og 80% DOD"},"content":{"rendered":"<div class=\"detailmodule_dynamic\"><kse:widget data-widget-type=\"customText\" id=\"1005000009406803\" type=\"relation\"><\/kse:widget><\/div>\n<div class=\"detailmodule_html\">\n<div class=\"detail-desc-decorate-richtext\">\n<p><\/p>\n<div style=\"background-color:rgb(240, 234, 255);margin:20px 0px 10px;margin-bottom:10px;margin-top:20px;margin-left:0px;margin-right:0px;width:100%;height:34px\"><span style=\"background-color:rgb(55, 139, 238);color:rgb(255, 255, 255);font-size:24px;font-family:Verdana, Arial\">H\u00f8jdepunkter<\/span><\/div>\n<div class=\"detailmodule_text\">\n<div class=\"detailmodule_html\">\n<div class=\"detail-desc-decorate-richtext\">\n<div class=\"detailmodule_text-image\">\n<div class=\"detailmodule_text-image\">\n<div class=\"detailmodule_text-image\">\n<div class=\"detailmodule_text-image\">\n<div class=\"detailmodule_html\">\n<div class=\"detail-desc-decorate-richtext\">\n<div class=\"detailmodule_text-image\">\n<div class=\"detailmodule_text-image\">\n<p style=\"font-family:&quot;Microsoft YaHei&quot;;letter-spacing:normal;text-align:start;white-space:normal;color:rgb(0, 0, 0)\" align=\"start\"><strong><span style=\"font-size:16px;font-family:arial, helvetica, sans-serif\">Tilfredsstil hjemmets energibehov<\/span><\/strong><\/p>\n<p style=\"font-family:&quot;Microsoft YaHei&quot;;font-size:medium;font-weight:400;letter-spacing:normal;text-align:start;white-space:normal;color:rgb(0, 0, 0)\" align=\"start\"><span style=\"font-size:16px;font-family:arial, helvetica, sans-serif\">Cloudenergy 48V 150Ah LiFePO4 Deep Cycle-batteripakken er perfekt til energilagring i private hjem og solenergilagring. Den kan opfylde de fleste husholdnings- og kontorbelastninger, herunder k\u00f8leskabe, lamper, fjernsyn, ventilatorer, aircondition og andre belastninger.<\/span><\/p>\n<div><\/div>\n<p style=\"font-family:&quot;Microsoft YaHei&quot;;letter-spacing:normal;text-align:start;white-space:normal;color:rgb(0, 0, 0)\" align=\"start\"><strong><span style=\"font-size:16px;font-family:arial, helvetica, sans-serif\">6000+ dybe cyklusser og 80% DOD<\/span><\/strong><\/p>\n<p style=\"font-family:&quot;Microsoft YaHei&quot;;font-size:medium;font-weight:400;letter-spacing:normal;text-align:start;white-space:normal;color:rgb(0, 0, 0)\" align=\"start\"><span style=\"font-size:16px;font-family:arial, helvetica, sans-serif\">Dette LiFePO4-batteri leverer mere end 6000 dybdecyklusser sammenlignet med traditionelle blysyrebatterier p\u00e5 kun omkring 300-600 cyklusser, hvilket forl\u00e6nger batteriets levetid med mere end 10 gange. 6000+ dybdecyklusser ved brug af levetid og 80%-afladningsdybde er ogs\u00e5 bedre end mange LiFePO4-batterier fra andre m\u00e6rker.<\/span><\/p>\n<div><\/div>\n<p style=\"font-family:&quot;Microsoft YaHei&quot;;letter-spacing:normal;text-align:start;white-space:normal;color:rgb(0, 0, 0)\" align=\"start\"><strong><span style=\"font-size:16px;font-family:arial, helvetica, sans-serif\">Indbygget 100A BMS<\/span><\/strong><\/p>\n<p style=\"font-family:&quot;Microsoft YaHei&quot;;font-size:medium;font-weight:400;letter-spacing:normal;text-align:start;white-space:normal;color:rgb(0, 0, 0)\" align=\"start\"><span style=\"font-size:16px;font-family:arial, helvetica, sans-serif\">Cloudenergy LiFePO4-batterier har et indbygget BMS-system, der har en h\u00f8jtemperaturmodstand p\u00e5 75 Celsius. Den indbyggede h\u00f8jtemperaturafbrydelsesfunktion forhindrer opladning ved temperaturer over 75 Celsius og kan forhindre kortslutninger, overopladning, overafladning og overstr\u00f8m.<\/span><\/p>\n<div><\/div>\n<p style=\"font-family:&quot;Microsoft YaHei&quot;;letter-spacing:normal;text-align:start;white-space:normal;color:rgb(0, 0, 0)\" align=\"start\"><strong><span style=\"font-size:16px;font-family:arial, helvetica, sans-serif\">Flere fordele<\/span><\/strong><\/p>\n<p style=\"font-family:&quot;Microsoft YaHei&quot;;font-size:medium;font-weight:400;letter-spacing:normal;text-align:start;white-space:normal;color:rgb(0, 0, 0)\" align=\"start\"><span style=\"font-size:16px;font-family:arial, helvetica, sans-serif\">48V 150Ah-batterierne underst\u00f8tter genopladning via solenergi, stikkontakt og generator. De kan maksimere brugen af solenergi for at spare p\u00e5 dine elomkostninger, f\u00e5 str\u00f8m med det samme under str\u00f8mafbrydelser og reducere dit CO2-aftryk.<\/span><\/p>\n<\/div>\n<\/div>\n<\/div>\n<\/div>\n<\/div>\n<\/div>\n<\/div>\n<\/div>\n<\/div>\n<\/div>\n<\/div>\n<div style=\"background-color:rgb(240, 234, 255);margin:20px 0px 10px;margin-bottom:10px;margin-top:20px;margin-left:0px;margin-right:0px;width:100%;height:34px\"><span style=\"background-color:rgb(55, 139, 238);color:rgb(255, 255, 255);font-size:24px;font-family:Verdana, Arial\">Produktdetaljer<\/span><\/div>\n<p><img decoding=\"async\" src=\"https:\/\/ae01.alicdn.com\/kf\/S1c1485be06a44579b65de42d5a70de34X.jpg\" slate-data-type=\"image\"\/><img decoding=\"async\" src=\"https:\/\/ae01.alicdn.com\/kf\/Sc6201619afd9467092b1a526ed10901aN.jpg\" slate-data-type=\"image\"\/><img decoding=\"async\" src=\"https:\/\/ae01.alicdn.com\/kf\/S95f1ba50aad640c583763dba3f73c929l.jpg\" slate-data-type=\"image\"\/><img decoding=\"async\" src=\"https:\/\/ae01.alicdn.com\/kf\/Scde24724584941b0bfab2ee6fe833c86j.jpg\" slate-data-type=\"image\"\/><img decoding=\"async\" src=\"https:\/\/ae01.alicdn.com\/kf\/S35919f238d044d45b74e5466cfbe5affp.jpg\" slate-data-type=\"image\"\/><img decoding=\"async\" src=\"https:\/\/ae01.alicdn.com\/kf\/Sdcf635e80e474b14b904e0d65c29173dq.jpg\" slate-data-type=\"image\"\/><\/p>\n<div style=\"background-color:rgb(240, 234, 255);margin:20px 0px 10px;margin-bottom:10px;margin-top:20px;margin-left:0px;margin-right:0px;width:100%;height:34px\"><span style=\"background-color:rgb(55, 139, 238);color:rgb(255, 255, 255);font-size:24px;font-family:Verdana, Arial\">Specifikation<\/span><\/div>\n<div>\u00a0<\/div>\n<table style=\"border-collapse:collapse;font-family:&quot;Microsoft YaHei&quot;;width:1000px\" class=\"jbEidtTable\" border=\"1\" cellpadding=\"5\" cellspacing=\"0\">\n<tbody>\n<tr>\n<td style=\"text-align:left\" align=\"left\">\n<p><span style=\"font-size:16px;font-family:arial, helvetica, sans-serif\">Generel<\/span><\/p>\n<\/td>\n<td style=\"text-align:left\" align=\"left\">\n<p><span style=\"font-size:16px;font-family:arial, helvetica, sans-serif\">M\u00e6rke: Cloudenergy<br \/>Type: Deep Cycle-batterimodul<br \/>Model: CL48-150B<br \/>Farve: Orange<\/span><\/p>\n<\/td>\n<\/tr>\n<tr>\n<td style=\"text-align:left\" align=\"left\">\n<p><span style=\"font-size:16px;font-family:arial, helvetica, sans-serif\">Specifikation<\/span><\/p>\n<\/td>\n<td style=\"text-align:left\" align=\"left\">\n<p><span style=\"font-size:16px;font-family:arial, helvetica, sans-serif\">Nominel sp\u00e6nding: 51,2V<br \/>Nominel kapacitet: 150 Ah<br \/>Energi: 7680 Wh \u00a0 \u00a0<br \/>Ladesp\u00e6nding: 58,4 \u00b1 0,75 V<br \/>Anbefalet ladestr\u00f8m: 45A (0,3C)<br \/>Batteristyringssystemkort: 100A<br \/>Maks. kontinuerlig opladnings-\/afladningsstr\u00f8m: 110A<br \/>Maks. afladningsstr\u00f8m p\u00e5 5 sekunder: 120A<br \/>Maks. belastningseffekt: 5120W<br \/>Intern impedans: \u226440m\u03a9<br \/>Batteripakkehus: st\u00e5lplade kold almindelig<br \/>Temperaturomr\u00e5de:\u00a0<br \/>Opladning: 0 \u2013 50 Celsius \/ 32 \u2013 122 Fahrenheit;\u00a0<br \/>Afladning: -20 \u2013 60 Celsius \/ -4 \u2013 140 Fahrenheit;<br \/>Opbevaring: -10 \u2013 50 Celsius \/ 14 \u2013 122 Fahrenheit<\/span><\/p>\n<\/td>\n<\/tr>\n<tr>\n<td style=\"text-align:left\" align=\"left\">\n<p><span style=\"font-size:16px;font-family:arial, helvetica, sans-serif\">V\u00e6gt og st\u00f8rrelse<\/span><\/p>\n<\/td>\n<td style=\"text-align:left\" align=\"left\">\n<p><span style=\"font-size:16px;font-family:arial, helvetica, sans-serif\">Produktv\u00e6gt: 61 kg<br \/>Pakkev\u00e6gt: 66 kg<br \/>Produktst\u00f8rrelse (L x B x H): 49 \u00d7 19,2 \u00d7 51,5 cm<br \/>Pakkest\u00f8rrelse (L x B x H): 64 x 66 x 35 cm<\/span><\/p>\n<\/td>\n<\/tr>\n<tr>\n<td style=\"text-align:left\" align=\"left\">\n<p><span style=\"font-size:16px;font-family:arial, helvetica, sans-serif\">Pakkens indhold<\/span><\/p>\n<\/td>\n<td style=\"text-align:left\" align=\"left\">\n<p><span style=\"font-size:16px;font-family:arial, helvetica, sans-serif\">1 x Deep Cycle-batterimodul<br \/>1 x Brugermanual<\/span><\/p>\n<\/td>\n<\/tr>\n<\/tbody>\n<\/table>\n<\/div>\n<\/div>\n<p><\/p>","protected":false},"excerpt":{"rendered":"<p>Highlights Satisfy Home Energy Need Cloudenergy 48V 150Ah LiFePO4 Deep Cycle Battery Pack is perfect for residential energy storage battery systems and solar energy storage. It can satisfy most household<\/p>","protected":false},"featured_media":9252,"comment_status":"open","ping_status":"closed","template":"","meta":{"_acf_changed":false},"product_brand":[],"product_cat":[515],"product_tag":[],"class_list":{"0":"post-9250","1":"product","2":"type-product","3":"status-publish","4":"has-post-thumbnail","6":"product_cat-portable-power-stations","8":"first","9":"instock","10":"shipping-taxable","11":"purchasable","12":"product-type-simple"},"acf":[],"_links":{"self":[{"href":"https:\/\/www.electricstore.eu\/da\/wp-json\/wp\/v2\/product\/9250","targetHints":{"allow":["GET"]}}],"collection":[{"href":"https:\/\/www.electricstore.eu\/da\/wp-json\/wp\/v2\/product"}],"about":[{"href":"https:\/\/www.electricstore.eu\/da\/wp-json\/wp\/v2\/types\/product"}],"replies":[{"embeddable":true,"href":"https:\/\/www.electricstore.eu\/da\/wp-json\/wp\/v2\/comments?post=9250"}],"wp:featuredmedia":[{"embeddable":true,"href":"https:\/\/www.electricstore.eu\/da\/wp-json\/wp\/v2\/media\/9252"}],"wp:attachment":[{"href":"https:\/\/www.electricstore.eu\/da\/wp-json\/wp\/v2\/media?parent=9250"}],"wp:term":[{"taxonomy":"product_brand","embeddable":true,"href":"https:\/\/www.electricstore.eu\/da\/wp-json\/wp\/v2\/product_brand?post=9250"},{"taxonomy":"product_cat","embeddable":true,"href":"https:\/\/www.electricstore.eu\/da\/wp-json\/wp\/v2\/product_cat?post=9250"},{"taxonomy":"product_tag","embeddable":true,"href":"https:\/\/www.electricstore.eu\/da\/wp-json\/wp\/v2\/product_tag?post=9250"}],"curies":[{"name":"wp","href":"https:\/\/api.w.org\/{rel}","templated":true}]}}