{"id":9227,"date":"2025-05-20T17:46:02","date_gmt":"2025-05-20T17:46:02","guid":{"rendered":"https:\/\/electricstore.eu\/p\/uncategorized\/oukitel-abearl-p5000-portable-power-station-5120wh-lifepo4-5x2200w-ac-outlets-1800w-fast-ac-charging-15-outputs-with-wheels\/"},"modified":"2025-05-20T17:46:35","modified_gmt":"2025-05-20T17:46:35","slug":"oukitel-abearl-p5000-portable-power-station-5120wh-lifepo4-5x2200w-ac-outlets-1800w-fast-ac-charging-15-outputs-with-wheels","status":"publish","type":"product","link":"https:\/\/www.electricstore.eu\/da\/p\/batteries\/portable-power-stations\/oukitel-abearl-p5000-portable-power-station-5120wh-lifepo4-5x2200w-ac-outlets-1800w-fast-ac-charging-15-outputs-with-wheels\/","title":{"rendered":"OUKITEL Abearl P5000 B\u00e6rbar Kraftstation 5120Wh LiFePO4 5x2200W AC-udtag 1800W Hurtig AC-opladning 15 Udgange med Hjul"},"content":{"rendered":"<div class=\"product-specs-list-container\">\n<ul class=\"product-specs-list util-clearfix\">\n<li class=\"product-prop line-limit-length\"><span\n                                        class=\"property-title\">Sk\u00e6rm:&nbsp;<\/span><span\n                                        class=\"property-desc line-limit-length\">Ja<\/span>\n                            <\/li>\n<li class=\"product-prop line-limit-length\"><span\n                                        class=\"property-title\">Nominel kapacitet:&nbsp;<\/span><span\n                                        class=\"property-desc line-limit-length\">&gt;3500mAh<\/span>\n                            <\/li>\n<li class=\"product-prop line-limit-length\"><span\n                                        class=\"property-title\">Modelnummer:&nbsp;<\/span><span\n                                        class=\"property-desc line-limit-length\">ABEARL P5000<\/span>\n                            <\/li>\n<li class=\"product-prop line-limit-length\"><span\n                                        class=\"property-title\">Type:&nbsp;<\/span><span\n                                        class=\"property-desc line-limit-length\">LiFePO4<\/span>\n                            <\/li>\n<li class=\"product-prop line-limit-length\"><span\n                                        class=\"property-title\">S\u00e6ttype:&nbsp;<\/span><span\n                                        class=\"property-desc line-limit-length\">Opladers\u00e6t<\/span>\n                            <\/li>\n<li class=\"product-prop line-limit-length\"><span\n                                        class=\"property-title\">M\u00e6rkenavn:&nbsp;<\/span><span\n                                        class=\"property-desc line-limit-length\">OUKITEL<\/span>\n                            <\/li>\n<li class=\"product-prop line-limit-length\"><span\n                                        class=\"property-title\">Batteritype:&nbsp;<\/span><span\n                                        class=\"property-desc line-limit-length\">LiFePO4-batteri<\/span>\n                            <\/li>\n<li class=\"product-prop line-limit-length\"><span\n                                        class=\"property-title\">Kapacitet:&nbsp;<\/span><span\n                                        class=\"property-desc line-limit-length\">5120 Wh, 51,2 V, 1600000 mAh<\/span>\n                            <\/li>\n<li class=\"product-prop line-limit-length\"><span\n                                        class=\"property-title\">Nominel effekt:&nbsp;<\/span><span\n                                        class=\"property-desc line-limit-length\">2200W<\/span>\n                            <\/li>\n<li class=\"product-prop line-limit-length\"><span\n                                        class=\"property-title\">Oversp\u00e6ndingseffekt:&nbsp;<\/span><span\n                                        class=\"property-desc line-limit-length\">4000W<\/span>\n                            <\/li>\n<li class=\"product-prop line-limit-length\"><span\n                                        class=\"property-title\">Udgangssp\u00e6nding:&nbsp;<\/span><span\n                                        class=\"property-desc line-limit-length\">200-240V AC<\/span>\n                            <\/li>\n<li class=\"product-prop line-limit-length\"><span\n                                        class=\"property-title\">Nominel frekvens:&nbsp;<\/span><span\n                                        class=\"property-desc line-limit-length\">60Hz\/50Hz<\/span>\n                            <\/li>\n<\/ul><\/div>\n<div class=\"detailmodule_dynamic\"><kse:widget data-widget-type=\"customText\" id=\"1005000009406803\" type=\"relation\"><\/kse:widget><\/div>\n<div class=\"detailmodule_html\">\n<div class=\"detail-desc-decorate-richtext\">\n<p><\/p>\n<div style=\"background-color:rgb(240, 234, 255);margin:20px 0px 10px;margin-bottom:10px;margin-top:20px;margin-left:0px;margin-right:0px;width:100%;height:34px\"><span style=\"background-color:rgb(55, 139, 238);color:rgb(255, 255, 255);font-size:24px;font-family:Verdana, Arial\">H\u00f8jdepunkter<\/span><\/div>\n<div class=\"detailmodule_text\">\n<div class=\"detailmodule_html\">\n<div class=\"detail-desc-decorate-richtext\">\n<div class=\"detailmodule_text-image\">\n<div class=\"detailmodule_text-image\">\n<div class=\"detailmodule_text-image\">\n<div class=\"detailmodule_text-image\">\n<p><span style=\"font-size:16px;font-family:arial, helvetica, sans-serif\">1, 5120Wh stor kapacitet og 2200W AC-udgang; <\/span><\/p>\n<p><span style=\"font-size:16px;font-family:arial, helvetica, sans-serif\">2, Sikkert LiFePO4-batteri;<\/span><\/p>\n<p><span style=\"font-size:16px;font-family:arial, helvetica, sans-serif\">3, MPPT solcelleladningsregulator;<\/span><\/p>\n<p><span style=\"font-size:16px;font-family:arial, helvetica, sans-serif\"> 4, 15 udgange;<\/span><\/p>\n<p><span style=\"font-size:16px;font-family:arial, helvetica, sans-serif\">5, 2000W UPS; <\/span><\/p>\n<p><span style=\"font-size:16px;font-family:arial, helvetica, sans-serif\">6, Smart BMS-system;<\/span><\/p>\n<p><span style=\"font-size:16px;font-family:arial, helvetica, sans-serif\"> 7, HD LCD-sk\u00e6rm;<\/span><\/p>\n<p><span style=\"font-size:16px;font-family:arial, helvetica, sans-serif\"> 8, Kuffertdesign.<\/span><\/p>\n<\/div>\n<\/div>\n<\/div>\n<\/div>\n<\/div>\n<\/div>\n<\/div>\n<div style=\"background-color:rgb(240, 234, 255);margin:20px 0px 10px;margin-bottom:10px;margin-top:20px;margin-left:0px;margin-right:0px;width:100%;height:34px\"><span style=\"background-color:rgb(55, 139, 238);color:rgb(255, 255, 255);font-size:24px;font-family:Verdana, Arial\">Produktdetaljer<\/span><\/div>\n<p><strong><span style=\"font-size:16px;font-family:arial, helvetica, sans-serif\">5120Wh massiv kapacitet<\/span><\/strong><\/p>\n<div><\/div>\n<div><\/div>\n<p><span style=\"font-size:16px;font-family:arial, helvetica, sans-serif\">OUKITEL ABEARL P5000E er designet til at holde dig forberedt p\u00e5 n\u00f8dsituationer og udend\u00f8rsaktiviteter og er i stand til at forsyne vigtige enheder i dit hus med str\u00f8m i dagevis under ekstreme str\u00f8mafbrydelser eller levere n\u00f8dstr\u00f8m til elbiler og autocampere.<\/span><img decoding=\"async\" src=\"https:\/\/ae01.alicdn.com\/kf\/S27bddb88e93e4d47a3d69d4b7f9617a0v.jpg\" slate-data-type=\"image\"\/><\/p>\n<p><strong><span style=\"font-size:16px;font-family:arial, helvetica, sans-serif\">Power 99% af husholdningsapparater<\/span><\/strong><\/p>\n<div><\/div>\n<div><\/div>\n<p><span style=\"font-size:16px;font-family:arial, helvetica, sans-serif\">Med den enorme effekt p\u00e5 2200 W kan ABEARL P5000E drive n\u00e6sten alt, lige fra essentielle husholdningsapparater til medicinsk udstyr, elv\u00e6rkt\u00f8j og elbiler.<\/span><img decoding=\"async\" src=\"https:\/\/ae01.alicdn.com\/kf\/Se8270ee1d8b54e92a7b59d85b8b9a8866.jpg\" slate-data-type=\"image\"\/><\/p>\n<p><strong><span style=\"font-size:16px;font-family:arial, helvetica, sans-serif\">Branchef\u00f8rende 1800W AC-opladning<\/span><\/strong><\/p>\n<div><\/div>\n<div><\/div>\n<p><span style=\"font-size:16px;font-family:arial, helvetica, sans-serif\">Med den branchef\u00f8rende superhurtige 1800W AC-opladning kan ABEARL P5000E oplades fuldt p\u00e5 under 3 timer. Med dobbelt indgang fra AC-stikkontakter og solpaneler kan den oplades fuldt p\u00e5 1,8 timer.<\/span><img decoding=\"async\" src=\"https:\/\/ae01.alicdn.com\/kf\/Sd982cb88644943e0ba0b1c0f9cc3a977x.jpg\" slate-data-type=\"image\"\/><\/p>\n<p><strong><span style=\"font-size:16px;font-family:arial, helvetica, sans-serif\">Problemfri UPS p\u00e5 10 ms<\/span><\/strong><\/p>\n<div><\/div>\n<div><\/div>\n<p><span style=\"font-size:16px;font-family:arial, helvetica, sans-serif\">I tilf\u00e6lde af str\u00f8mafbrydelser fungerer ABEARL P5000E som en 1400W n\u00f8dstr\u00f8msforsyning (UPS). Den skifter til batteristr\u00f8m p\u00e5 10 ms og holder tilsluttede enheder k\u00f8rende, hvilket giver dig nok tid til at spare arbejde og beskytter mod sp\u00e6ndingsudsving.<\/span><\/p>\n<p><img decoding=\"async\" src=\"https:\/\/ae01.alicdn.com\/kf\/Sa4d7e9f0f437415abefd617b2140800bf.jpg\" slate-data-type=\"image\"\/><\/p>\n<p><strong><span style=\"font-size:16px;font-family:arial, helvetica, sans-serif\">Plug and Play-str\u00f8mforsyning til hjemmet<\/span><\/strong><\/p>\n<div><\/div>\n<div><\/div>\n<p><span style=\"font-size:16px;font-family:arial, helvetica, sans-serif\">Tilslut ABEARL P5000E til dit hjems eksisterende hovedelpanel eller omstillingsafbryder, n\u00e5r der opst\u00e5r et str\u00f8msvigt, og den kan levere str\u00f8m til huset fra det indbyggede batteri eller tilsluttede solpaneler uden kompliceret omledningsf\u00f8ring.<\/span><img decoding=\"async\" src=\"https:\/\/ae01.alicdn.com\/kf\/Sf44fbc3446de43cb971aad4697a8de79g.jpg\" slate-data-type=\"image\"\/><\/p>\n<p><span style=\"font-size:16px;font-family:arial, helvetica, sans-serif\"><strong>Underst\u00f8tter 1000W solopladning<\/strong><\/span><\/p>\n<div><\/div>\n<div><\/div>\n<p><span style=\"font-size:16px;font-family:arial, helvetica, sans-serif\">Den indbyggede MPPT-controller tilbyder 99%-konverteringseffektivitet, hvilket maksimerer solenergien. Med en maksimal solindgang p\u00e5 1000 W kan du f\u00e5 ABEARL P5000E fuldt opladet p\u00e5 omkring 5 timer. Den fungerer godt med OUKITEL-solpaneler og tredjeparts 12-120V-solpaneler.<\/span><img decoding=\"async\" src=\"https:\/\/ae01.alicdn.com\/kf\/S6662c911dffd4ee3bd34f4fd4db90869g.jpg\" slate-data-type=\"image\"\/><\/p>\n<p><strong><span style=\"font-size:16px;font-family:arial, helvetica, sans-serif\">F\u00f8rsteklasses langtidsholdbart LFP-batteri<\/span><\/strong><\/p>\n<div><\/div>\n<div><\/div>\n<p><span style=\"font-size:16px;font-family:arial, helvetica, sans-serif\">ABEARL P5000E bruger et f\u00f8rsteklasses EV-kvalitets LiFePO4 (LFP) batteri med 3500+ cyklusser, hvilket betyder, at du kan bruge det i \u00e5revis. OUKITELs smarte batteristyringssystem tilbyder flere beskyttelser, herunder sp\u00e6ndings-, str\u00f8m-, opladnings- og temperaturbeskyttelse.<\/span><img decoding=\"async\" src=\"https:\/\/ae01.alicdn.com\/kf\/S819b2f64354f47e88977bddc3f7d851cE.jpg\" slate-data-type=\"image\"\/><\/p>\n<p><strong><span style=\"font-size:16px;font-family:arial, helvetica, sans-serif\">Let og nem at transportere <\/span><\/strong><\/p>\n<div><\/div>\n<p><span style=\"font-size:16px;font-family:arial, helvetica, sans-serif\">Med en massiv kapacitet p\u00e5 5120 Wh vejer ABEARL P5000 kun 54,6 kg, hvilket er 63% lettere sammenlignet med andre b\u00e6rbare kraftv\u00e6rker med samme kapacitet. Robuste hjul og et kuffertlignende teleskoph\u00e5ndtag g\u00f8r den nem at transportere.<\/span><\/p>\n<p><img decoding=\"async\" src=\"https:\/\/ae01.alicdn.com\/kf\/Se9c717b00ff945c086cc7b5bef6fb23fY.jpg\" slate-data-type=\"image\"\/><img decoding=\"async\" src=\"https:\/\/ae01.alicdn.com\/kf\/S14e90e3f0eb843f39b52358c8f61404c0.jpg\" slate-data-type=\"image\"\/><img decoding=\"async\" src=\"https:\/\/ae01.alicdn.com\/kf\/S9c3d3fe307464ad0b55723975b9aa8a2q.jpg\" slate-data-type=\"image\"\/><\/p>\n<p><strong><span style=\"font-size:16px;font-family:arial, helvetica, sans-serif\">Q: Hvad skal jeg v\u00e6re opm\u00e6rksom p\u00e5, n\u00e5r jeg oplader? <\/span><\/strong><\/p>\n<p><span style=\"font-size:16px;font-family:arial, helvetica, sans-serif\">A: 1. Ladesp\u00e6ndingen p\u00e5 Anderson-ladeporten er 12V-50V, og den vil blive beskadiget, hvis den overstiger 50V. <\/span><\/p>\n<p><span style=\"font-size:16px;font-family:arial, helvetica, sans-serif\">2. Indgangssp\u00e6ndingen p\u00e5 AC-porten er 90V-130V, og effekten n\u00e5r 1100W, ellers kan den ikke oplades normalt.<\/span><\/p>\n<div><\/div>\n<div>\n<\/div>\n<p><strong><span style=\"font-size:16px;font-family:arial, helvetica, sans-serif\">Q: N\u00e5r vi bruger denne enhed, og der er oversp\u00e6nding, vil den s\u00e5 l\u00e5se sig. Hvad g\u00f8r vi s\u00e5 for at nulstille den? <\/span><\/strong><\/p>\n<p><span style=\"font-size:16px;font-family:arial, helvetica, sans-serif\">A: Du skal slukke for den ene switch-knap og derefter t\u00e6nde den igen. Bare g\u00f8r som om, det er okay.<\/span><\/p>\n<div><\/div>\n<div>\n<\/div>\n<p><strong><span style=\"font-size:16px;font-family:arial, helvetica, sans-serif\">Q: Kan dette kraftv\u00e6rk underst\u00f8tte opladning af enheder, mens det oplades? <\/span><\/strong><\/p>\n<p><span style=\"font-size:16px;font-family:arial, helvetica, sans-serif\">A: Ja, det underst\u00f8ttes. Men s\u00f8rg venligst for, at str\u00f8mforsyningen har mindst 10% str\u00f8m tilbage.<\/span><\/p>\n<div><\/div>\n<div>\n<\/div>\n<p><strong><span style=\"font-size:16px;font-family:arial, helvetica, sans-serif\">Q: Hvorfor ville generatorens bl\u00e6ser t\u00e6nde og slukke, hvis den ikke er i brug eller tilsluttet noget? <\/span><\/strong><\/p>\n<p><span style=\"font-size:16px;font-family:arial, helvetica, sans-serif\">A: Stationen har en indbygget smart og lydl\u00f8s k\u00f8leventilator. Under opladning t\u00e6ndes ventilatoren automatisk, n\u00e5r enheden er varmere, for at vedligeholde enheden. N\u00e5r temperaturen falder til et bestemt niveau, slukkes ventilatoren.<\/span><\/p>\n<div><\/div>\n<div>\n<\/div>\n<p><strong><span style=\"font-size:16px;font-family:arial, helvetica, sans-serif\">Q: Hvordan fungerer den uafbrudte str\u00f8mforsyning (UPS)? <\/span><\/strong><\/p>\n<p><span style=\"font-size:16px;font-family:arial, helvetica, sans-serif\">A: N\u00e5r dit b\u00e6rbare str\u00f8mv\u00e6rk er tilsluttet stikkontakten, forsynes al elektronik, der er tilsluttet det, af elnettet og ikke af batteriet. N\u00e5r str\u00f8mmen fra nettet stopper, f.eks. ved et str\u00f8mafbrydelse, skifter str\u00f8mv\u00e6rket automatisk til batteristr\u00f8m inden for 30 ms.<\/span><\/p>\n<div style=\"background-color:rgb(240, 234, 255);margin:20px 0px 10px;margin-bottom:10px;margin-top:20px;margin-left:0px;margin-right:0px;width:100%;height:34px\"><span style=\"background-color:rgb(55, 139, 238);color:rgb(255, 255, 255);font-size:24px;font-family:Verdana, Arial\">Specifikation<\/span><\/div>\n<div><\/div>\n<table style=\"border-collapse:collapse;font-family:&quot;Microsoft YaHei&quot;;width:1000px\" class=\"jbEidtTable\" border=\"1\" cellpadding=\"5\" cellspacing=\"0\">\n<tbody>\n<tr>\n<td style=\"text-align:left\" align=\"left\">\n<p><span style=\"font-size:16px;font-family:arial, helvetica, sans-serif\"><strong>Generel<\/strong><\/span><\/p>\n<\/td>\n<td style=\"text-align:left\" align=\"left\">\n<p><span style=\"font-size:16px;font-family:arial, helvetica, sans-serif\">M\u00e6rke: OUKITEL<br \/>Type: Kraftv\u00e6rk<br \/>Model: ABEARL P5000<br \/>Farve: Gr\u00e5<\/span><\/p>\n<\/td>\n<\/tr>\n<tr>\n<td style=\"text-align:left\" align=\"left\">\n<p><span style=\"font-size:16px;font-family:arial, helvetica, sans-serif\"><strong>Specifikation<\/strong><\/span><\/p>\n<\/td>\n<td style=\"text-align:left\" align=\"left\">\n<p><span style=\"font-size:16px;font-family:arial, helvetica, sans-serif\">Kapacitet: 5120 Wh<br \/>Batteri: LiFePO4<br \/>Cykluslevetid: 3500+ cyklusser<br \/>UPS: 2000W<br \/>Tovejs inverter: 2200W<br \/><\/span><span style=\"font-size:16px;font-family:arial, helvetica, sans-serif\"><strong>Produktion<\/strong><\/span><span style=\"font-size:16px;font-family:arial, helvetica, sans-serif\"><br \/>AC-udgang: 2200W nominel, 4000W oversp\u00e6nding, ren sinusb\u00f8lge, 5 x AC 220-240V<br \/>DC-udgang: 2 x USB-A 12W, 2 x USB-A QC3.0 hurtigopladning 18W, 2 x USB-C 100W PD, 2 x 12V\/3A<br \/>Luftfartsstikkontakt: 1 x 24V\/10A<br \/>Cigaret\u00e6nder: 1 x 12v\/10A<br \/><\/span><span style=\"font-size:16px;font-family:arial, helvetica, sans-serif\"><strong>Input<\/strong><\/span><span style=\"font-size:16px;font-family:arial, helvetica, sans-serif\"><br \/>AC-opladning: Maks. 1800W, AC 220-240V, Maks. 10A<br \/>Solcelleopladning: Maks. 1000W, 12-120V, 15A<br \/>Bilopladning: 12V\/8A eller 24V\/10A<\/span><\/p>\n<\/td>\n<\/tr>\n<tr>\n<td style=\"text-align:left\" align=\"left\">\n<p><span style=\"font-size:16px;font-family:arial, helvetica, sans-serif\"><strong>V\u00e6gt og st\u00f8rrelse<\/strong><\/span><\/p>\n<\/td>\n<td style=\"text-align:left\" align=\"left\">\n<p><span style=\"font-size:16px;font-family:arial, helvetica, sans-serif\">Produktv\u00e6gt: 52 kg<br \/>Pakkev\u00e6gt: 52 kg<br \/>Produktst\u00f8rrelse (L x B x H): 55 \u00d7 29,5 \u00d7 48,7 cm<br \/>Pakkest\u00f8rrelse (L x B x H): 69,2 \u00d7 41,3 \u00d7 59,5 cm<\/span><\/p>\n<\/td>\n<\/tr>\n<tr>\n<td style=\"text-align:left\" align=\"left\">\n<p><span style=\"font-size:16px;font-family:arial, helvetica, sans-serif\"><strong>Pakkens indhold<\/strong><\/span><\/p>\n<\/td>\n<td style=\"text-align:left\" align=\"left\">\n<p><span style=\"font-size:16px;font-family:arial, helvetica, sans-serif\">1 x Kraftv\u00e6rk<br \/>1 x Solcellekabel til opladning<br \/>1 x Adapter<br \/>1 x bilopladekabel<br \/>1 x Brugermanual<\/span><\/p>\n<\/td>\n<\/tr>\n<\/tbody>\n<\/table>\n<div><\/div>\n<\/div>\n<\/div>\n<p><\/p>","protected":false},"excerpt":{"rendered":"<p>Display screen:&nbsp;Yes Nominal Capacity:&nbsp;&gt;3500mAh Model Number:&nbsp;ABEARL P5000 Type:&nbsp;LiFePO4 Set Type:&nbsp;Charger Sets Brand Name:&nbsp;OUKITEL Battery Type:&nbsp;LiFePO4 battery Capacity:&nbsp;5120Wh, 51.2V, 1600000mAh Rated Power:&nbsp;2200W Surge Power:&nbsp;4000W Output Voltage:&nbsp;200-240V AC Rated Frequency:&nbsp;60Hz\/50Hz Highlights 1,<\/p>","protected":false},"featured_media":9229,"comment_status":"open","ping_status":"closed","template":"","meta":{"_acf_changed":false},"product_brand":[],"product_cat":[515],"product_tag":[],"class_list":{"0":"post-9227","1":"product","2":"type-product","3":"status-publish","4":"has-post-thumbnail","6":"product_cat-portable-power-stations","8":"first","9":"instock","10":"shipping-taxable","11":"purchasable","12":"product-type-simple"},"acf":[],"_links":{"self":[{"href":"https:\/\/www.electricstore.eu\/da\/wp-json\/wp\/v2\/product\/9227","targetHints":{"allow":["GET"]}}],"collection":[{"href":"https:\/\/www.electricstore.eu\/da\/wp-json\/wp\/v2\/product"}],"about":[{"href":"https:\/\/www.electricstore.eu\/da\/wp-json\/wp\/v2\/types\/product"}],"replies":[{"embeddable":true,"href":"https:\/\/www.electricstore.eu\/da\/wp-json\/wp\/v2\/comments?post=9227"}],"wp:featuredmedia":[{"embeddable":true,"href":"https:\/\/www.electricstore.eu\/da\/wp-json\/wp\/v2\/media\/9229"}],"wp:attachment":[{"href":"https:\/\/www.electricstore.eu\/da\/wp-json\/wp\/v2\/media?parent=9227"}],"wp:term":[{"taxonomy":"product_brand","embeddable":true,"href":"https:\/\/www.electricstore.eu\/da\/wp-json\/wp\/v2\/product_brand?post=9227"},{"taxonomy":"product_cat","embeddable":true,"href":"https:\/\/www.electricstore.eu\/da\/wp-json\/wp\/v2\/product_cat?post=9227"},{"taxonomy":"product_tag","embeddable":true,"href":"https:\/\/www.electricstore.eu\/da\/wp-json\/wp\/v2\/product_tag?post=9227"}],"curies":[{"name":"wp","href":"https:\/\/api.w.org\/{rel}","templated":true}]}}