{"id":9108,"date":"2025-05-20T17:44:59","date_gmt":"2025-05-20T17:44:59","guid":{"rendered":"https:\/\/electricstore.eu\/p\/uncategorized\/tallpower-tp200-200w-portable-foldable-solar-panel-portable-solar-charger-24-energy-conversion-efficiency\/"},"modified":"2025-05-20T17:45:14","modified_gmt":"2025-05-20T17:45:14","slug":"tallpower-tp200-200w-portable-foldable-solar-panel-portable-solar-charger-24-energy-conversion-efficiency","status":"publish","type":"product","link":"https:\/\/www.electricstore.eu\/da\/p\/batteries\/foldable-solar-panels\/tallpower-tp200-200w-portable-foldable-solar-panel-portable-solar-charger-24-energy-conversion-efficiency\/","title":{"rendered":"TALLPOWER TP200 200W b\u00e6rbart, foldbart solpanel, b\u00e6rbar soloplader, 24% energiomdannelseseffektivitet"},"content":{"rendered":"<div class=\"product-specs-list-container\">\n<ul class=\"product-specs-list util-clearfix\">\n<li class=\"product-prop line-limit-length\"><span\n                                        class=\"property-title\">Anvendelse:&nbsp;<\/span><span\n                                        class=\"property-desc line-limit-length\">HJEM<\/span>\n                            <\/li>\n<li class=\"product-prop line-limit-length\"><span\n                                        class=\"property-title\">Modelnummer:&nbsp;<\/span><span\n                                        class=\"property-desc line-limit-length\">TP200<\/span>\n                            <\/li>\n<\/ul><\/div>\n<div class=\"detailmodule_dynamic\"><kse:widget data-widget-type=\"customText\" id=\"1005000009406803\" type=\"relation\"><\/kse:widget><\/div>\n<div class=\"detailmodule_html\">\n<div class=\"detail-desc-decorate-richtext\">\n<p><\/p>\n<div style=\"background-color:rgb(240, 234, 255);margin:20px 0px 10px;margin-bottom:10px;margin-top:20px;margin-left:0px;margin-right:0px;width:100%;height:34px\"><span style=\"background-color:rgb(55, 139, 238);color:rgb(255, 255, 255);font-size:24px;font-family:Verdana, Arial\">H\u00f8jdepunkter<\/span><\/div>\n<div class=\"detailmodule_text\">\n<p style=\"font-family:&quot;Microsoft YaHei&quot;;letter-spacing:normal;text-align:start;white-space:normal;color:rgb(0, 0, 0)\" align=\"start\"><strong><span style=\"font-size:16px;font-family:arial, helvetica, sans-serif\">200W maks. effekt<\/span><\/strong><\/p>\n<p style=\"font-family:&quot;Microsoft YaHei&quot;;font-size:medium;font-weight:400;letter-spacing:normal;text-align:start;white-space:normal;color:rgb(0, 0, 0)\" align=\"start\"><span style=\"font-size:16px;font-family:arial, helvetica, sans-serif\">TP200 har en maksimal effekt p\u00e5 200 W, hvilket giver dig mulighed for hurtigt at oplade dine enheder. Uanset om du er p\u00e5 eventyr udend\u00f8rs eller har en backup-str\u00f8mkilde derhjemme, leverer TP200 p\u00e5lidelig str\u00f8mforsyning.<\/span><\/p>\n<p><\/p>\n<p style=\"font-family:&quot;Microsoft YaHei&quot;;letter-spacing:normal;text-align:start;white-space:normal;color:rgb(0, 0, 0)\" align=\"start\"><strong><span style=\"font-size:16px;font-family:arial, helvetica, sans-serif\">H\u00f8jeffektivt solpanel<\/span><\/strong><\/p>\n<p style=\"font-family:&quot;Microsoft YaHei&quot;;font-size:medium;font-weight:400;letter-spacing:normal;text-align:start;white-space:normal;color:rgb(0, 0, 0)\" align=\"start\"><span style=\"font-size:16px;font-family:arial, helvetica, sans-serif\">TP200 bruger ETFE-solpaneler til at forbedre lysabsorptionsevnen. Dette g\u00f8r TP200 til en p\u00e5lidelig og effektiv solgenerator, der leverer p\u00e5lidelig str\u00f8m selv under d\u00e5rlige lysforhold.<\/span><\/p>\n<p><\/p>\n<p style=\"font-family:&quot;Microsoft YaHei&quot;;letter-spacing:normal;text-align:start;white-space:normal;color:rgb(0, 0, 0)\" align=\"start\"><strong><span style=\"font-size:16px;font-family:arial, helvetica, sans-serif\">Stabil str\u00f8mforsyning<\/span><\/strong><\/p>\n<p style=\"font-family:&quot;Microsoft YaHei&quot;;font-size:medium;font-weight:400;letter-spacing:normal;text-align:start;white-space:normal;color:rgb(0, 0, 0)\" align=\"start\"><span style=\"font-size:16px;font-family:arial, helvetica, sans-serif\">TP200 leverer op til 18V udgangssp\u00e6nding (maks.) og en udgangsstr\u00f8m p\u00e5 op til 11,1A (maks.) for at sikre en p\u00e5lidelig str\u00f8mforsyning. Den har ogs\u00e5 en tomgangssp\u00e6nding p\u00e5 21,6V og en kortslutningsstr\u00f8m p\u00e5 13,3A, s\u00e5 den kan give en stabil str\u00f8mforsyning, selvom solpanelet er beskadiget.<\/span><\/p>\n<\/div>\n<div style=\"background-color:rgb(240, 234, 255);margin:20px 0px 10px;margin-bottom:10px;margin-top:20px;margin-left:0px;margin-right:0px;width:100%;height:34px\"><span style=\"background-color:rgb(55, 139, 238);color:rgb(255, 255, 255);font-size:24px;font-family:Verdana, Arial\">Produktdetaljer<\/span><\/div>\n<p><img decoding=\"async\" src=\"https:\/\/ae01.alicdn.com\/kf\/Sd771100d00c44d6b99c3eb5a1a5e5785w.jpg\" slate-data-type=\"image\"\/><img decoding=\"async\" src=\"https:\/\/ae01.alicdn.com\/kf\/S1697df2f62624d5a989cf740688c6a28A.jpg\" slate-data-type=\"image\"\/><img decoding=\"async\" src=\"https:\/\/ae01.alicdn.com\/kf\/Scb4022b25d7c428cae0fa329547db581e.jpg\" slate-data-type=\"image\"\/><img decoding=\"async\" src=\"https:\/\/ae01.alicdn.com\/kf\/S13715c580a5843cd9e0100bc2a0f2b8di.jpg\" slate-data-type=\"image\"\/><\/p>\n<div style=\"background-color:rgb(240, 234, 255);margin:20px 0px 10px;margin-bottom:10px;margin-top:20px;margin-left:0px;margin-right:0px;width:100%;height:34px\"><span style=\"background-color:rgb(55, 139, 238);color:rgb(255, 255, 255);font-size:24px;font-family:Verdana, Arial\">Specifikation<\/span><\/div>\n<table style=\"border-collapse:collapse;font-family:&quot;Microsoft YaHei&quot;;width:1000px\" class=\"jbEidtTable\" border=\"1\" cellpadding=\"5\" cellspacing=\"0\">\n<tbody>\n<tr>\n<td style=\"text-align:left\" align=\"left\">\n<p><span style=\"font-size:16px;font-family:arial, helvetica, sans-serif\"><strong>Generel<\/strong><\/span><\/p>\n<\/td>\n<td style=\"text-align:left\" align=\"left\">\n<p><span style=\"font-size:16px;font-family:arial, helvetica, sans-serif\">M\u00e6rke: TALLPOWER<br \/>Type: B\u00e6rbart solpanel<br \/>Model: TP200<br \/>Farve: Sort<\/span><\/p>\n<\/td>\n<\/tr>\n<tr>\n<td style=\"text-align:left\" align=\"left\">\n<p><span style=\"font-size:16px;font-family:arial, helvetica, sans-serif\"><strong>Specifikation<\/strong><\/span><\/p>\n<\/td>\n<td style=\"text-align:left\" align=\"left\">\n<p><span style=\"font-size:16px;font-family:arial, helvetica, sans-serif\">Solpaneleffekt: 200W<br \/>Sp\u00e6nding: 18V<br \/>Str\u00f8m: 11,1A<br \/>Voc: 21,6V<br \/>Isc: 13.3A<br \/>Konverteringseffektivitet: 24%<br \/>Driftstemperatur: -10 \u2013 65 grader Celsius<\/span><\/p>\n<\/td>\n<\/tr>\n<tr>\n<td style=\"text-align:left\" align=\"left\">\n<p><span style=\"font-size:16px;font-family:arial, helvetica, sans-serif\"><strong>V\u00e6gt og st\u00f8rrelse<\/strong><\/span><\/p>\n<\/td>\n<td style=\"text-align:left\" align=\"left\">\n<p><span style=\"font-size:16px;font-family:arial, helvetica, sans-serif\">Pakkev\u00e6gt: 7,2 kg<br \/>Pakkest\u00f8rrelse (L x B x H): 53 x 57 x 0,1 cm<\/span><\/p>\n<\/td>\n<\/tr>\n<tr>\n<td style=\"text-align:left\" align=\"left\">\n<p><span style=\"font-size:16px;font-family:arial, helvetica, sans-serif\"><strong>Pakkens indhold<\/strong><\/span><\/p>\n<\/td>\n<td style=\"text-align:left\" align=\"left\">\n<p><span style=\"font-size:16px;font-family:arial, helvetica, sans-serif\">1 x TP200 b\u00e6rbart solpanel<br \/>1 x MC4 opladningskabel<br \/>1 x Brugermanual<\/span><\/p>\n<\/td>\n<\/tr>\n<\/tbody>\n<\/table>\n<p><\/p>\n<\/div>\n<\/div>\n<p><\/p>","protected":false},"excerpt":{"rendered":"<p>Application:&nbsp;HOME Model Number:&nbsp;TP200 Highlights 200W Max Output TP200 has a maximum output of 200W, which allows you to charge your devices quickly. Whether you&#x27;re on outdoor adventures or a backup<\/p>","protected":false},"featured_media":9110,"comment_status":"open","ping_status":"closed","template":"","meta":{"_acf_changed":false},"product_brand":[],"product_cat":[531],"product_tag":[],"class_list":{"0":"post-9108","1":"product","2":"type-product","3":"status-publish","4":"has-post-thumbnail","6":"product_cat-foldable-solar-panels","8":"first","9":"instock","10":"shipping-taxable","11":"purchasable","12":"product-type-simple"},"acf":[],"_links":{"self":[{"href":"https:\/\/www.electricstore.eu\/da\/wp-json\/wp\/v2\/product\/9108","targetHints":{"allow":["GET"]}}],"collection":[{"href":"https:\/\/www.electricstore.eu\/da\/wp-json\/wp\/v2\/product"}],"about":[{"href":"https:\/\/www.electricstore.eu\/da\/wp-json\/wp\/v2\/types\/product"}],"replies":[{"embeddable":true,"href":"https:\/\/www.electricstore.eu\/da\/wp-json\/wp\/v2\/comments?post=9108"}],"wp:featuredmedia":[{"embeddable":true,"href":"https:\/\/www.electricstore.eu\/da\/wp-json\/wp\/v2\/media\/9110"}],"wp:attachment":[{"href":"https:\/\/www.electricstore.eu\/da\/wp-json\/wp\/v2\/media?parent=9108"}],"wp:term":[{"taxonomy":"product_brand","embeddable":true,"href":"https:\/\/www.electricstore.eu\/da\/wp-json\/wp\/v2\/product_brand?post=9108"},{"taxonomy":"product_cat","embeddable":true,"href":"https:\/\/www.electricstore.eu\/da\/wp-json\/wp\/v2\/product_cat?post=9108"},{"taxonomy":"product_tag","embeddable":true,"href":"https:\/\/www.electricstore.eu\/da\/wp-json\/wp\/v2\/product_tag?post=9108"}],"curies":[{"name":"wp","href":"https:\/\/api.w.org\/{rel}","templated":true}]}}