{"id":9090,"date":"2025-05-20T17:44:47","date_gmt":"2025-05-20T17:44:47","guid":{"rendered":"https:\/\/electricstore.eu\/p\/uncategorized\/flashfish-p63-portable-power-station-520wh-140400mah-lithium-battery-solar-generator-500w-ac-output-5xdc-ouputs-4xusb-outputs\/"},"modified":"2025-05-20T17:45:01","modified_gmt":"2025-05-20T17:45:01","slug":"flashfish-p63-portable-power-station-520wh-140400mah-lithium-battery-solar-generator-500w-ac-output-5xdc-ouputs-4xusb-outputs","status":"publish","type":"product","link":"https:\/\/www.electricstore.eu\/da\/p\/batteries\/portable-power-stations\/flashfish-p63-portable-power-station-520wh-140400mah-lithium-battery-solar-generator-500w-ac-output-5xdc-ouputs-4xusb-outputs\/","title":{"rendered":"Flashfish P63 B\u00e6rbar Kraftstation 520Wh\/140400mAh Lithium Batteri Solcellegenerator, 500W AC Udgang, 5xDC Udgange, 4xUSB Udgange"},"content":{"rendered":"<div class=\"product-specs-list-container\">\n<ul class=\"product-specs-list util-clearfix\">\n<li class=\"product-prop line-limit-length\"><span\n                                        class=\"property-title\">Sk\u00e6rm:&nbsp;<\/span><span\n                                        class=\"property-desc line-limit-length\">Ja<\/span>\n                            <\/li>\n<li class=\"product-prop line-limit-length\"><span\n                                        class=\"property-title\">Nominel kapacitet:&nbsp;<\/span><span\n                                        class=\"property-desc line-limit-length\">&gt;3500mAh<\/span>\n                            <\/li>\n<li class=\"product-prop line-limit-length\"><span\n                                        class=\"property-title\">Modelnummer:&nbsp;<\/span><span\n                                        class=\"property-desc line-limit-length\">P63<\/span>\n                            <\/li>\n<li class=\"product-prop line-limit-length\"><span\n                                        class=\"property-title\">Type:&nbsp;<\/span><span\n                                        class=\"property-desc line-limit-length\">LiFePO4<\/span>\n                            <\/li>\n<li class=\"product-prop line-limit-length\"><span\n                                        class=\"property-title\">S\u00e6ttype:&nbsp;<\/span><span\n                                        class=\"property-desc line-limit-length\">Opladers\u00e6t<\/span>\n                            <\/li>\n<\/ul><\/div>\n<div class=\"detailmodule_dynamic\"><kse:widget data-widget-type=\"customText\" id=\"1005000009406803\" type=\"relation\"><\/kse:widget><\/div>\n<div class=\"detailmodule_html\">\n<div class=\"detail-desc-decorate-richtext\">\n<p><\/p>\n<div style=\"background-color:rgb(240, 234, 255);margin:20px 0px 10px;margin-bottom:10px;margin-top:20px;margin-left:0px;margin-right:0px;width:100%;height:34px\"><span style=\"background-color:rgb(55, 139, 238);color:rgb(255, 255, 255);font-size:24px;font-family:Verdana, Arial\">H\u00f8jdepunkter<\/span><\/div>\n<div class=\"detailmodule_text\">\n<div class=\"detailmodule_html\">\n<div class=\"detail-desc-decorate-richtext\">\n<div class=\"detailmodule_text-image\">\n<div class=\"detailmodule_text-image\">\n<div class=\"detailmodule_text-image\">\n<div class=\"detailmodule_text-image\">\n<p><span style=\"color:rgb(0, 0, 0);font-size:16px;font-family:arial, helvetica, sans-serif\">Indbyggede multisikkerhedsbeskyttelser (LC-temperaturkontrol p\u00e5 printkort)<br \/>1. Indbygget h\u00f8jtydende 18650 lithium-ion-batteri;<br \/>2. Batterikapacitet p\u00e5 op til 520 Wh;<br \/>3. AC ren sinusb\u00f8lgeudgang for bedre energieffektivitet;<br \/>4. Op til 500 W AC kontinuerlig effekt, 1000 W maks. effekt;<br \/>5. Underst\u00f8tter 1*Type-C 5V-9V\/2A udgang;<br \/>6. Underst\u00f8tter 1*QC USB-udgange, 2*USB 5V\/2A-udgang;<br \/>7. Underst\u00f8tter 5 * DC 12V10A udgange;<br \/>8. Beskyttelse, herunder: kortslutning, overbelastning, overtemperatursikring osv.<br \/>9. Indbygget smart ventilator til varmeafledning;<br \/>10. Off-grid str\u00f8m til CPAP;<\/span><\/p>\n<\/div>\n<\/div>\n<\/div>\n<\/div>\n<\/div>\n<\/div>\n<\/div>\n<div style=\"background-color:rgb(240, 234, 255);margin:20px 0px 10px;margin-bottom:10px;margin-top:20px;margin-left:0px;margin-right:0px;width:100%;height:34px\"><span style=\"background-color:rgb(55, 139, 238);color:rgb(255, 255, 255);font-size:24px;font-family:Verdana, Arial\">Produktdetaljer<\/span><\/div>\n<p><img decoding=\"async\" src=\"https:\/\/ae01.alicdn.com\/kf\/S29ae8d171a7a4701b10c116a689be171m.jpg\" slate-data-type=\"image\"\/><img decoding=\"async\" src=\"https:\/\/ae01.alicdn.com\/kf\/S208fe539e6c0463cb36cf31adbe4edc0X.jpg\" slate-data-type=\"image\"\/><img decoding=\"async\" src=\"https:\/\/ae01.alicdn.com\/kf\/S096b1ea5ecf44e6487a041999866b9c1G.jpg\" slate-data-type=\"image\"\/><img decoding=\"async\" src=\"https:\/\/ae01.alicdn.com\/kf\/Sd84a5b22ec85414d840be0ab661fa2c06.jpg\" slate-data-type=\"image\"\/><img decoding=\"async\" src=\"https:\/\/ae01.alicdn.com\/kf\/Sd164a500a6b7460689dddd559b91f6dfA.jpg\" slate-data-type=\"image\"\/><img decoding=\"async\" src=\"https:\/\/ae01.alicdn.com\/kf\/Sb8b8bf08b9df44dda2dace8eea10d925T.jpg\" slate-data-type=\"image\"\/><img decoding=\"async\" src=\"https:\/\/ae01.alicdn.com\/kf\/Sf13c80a79b5d444a8a4be36127c52cceU.jpg\" slate-data-type=\"image\"\/><img decoding=\"async\" src=\"https:\/\/ae01.alicdn.com\/kf\/S5daa2c8bad004e7dbb16dd069936a088L.jpg\" slate-data-type=\"image\"\/><img decoding=\"async\" src=\"https:\/\/ae01.alicdn.com\/kf\/S828d5726c2764efaae1ebe35d76f56b7a.jpg\" slate-data-type=\"image\"\/><img decoding=\"async\" src=\"https:\/\/ae01.alicdn.com\/kf\/S4a744652bcb146c49280b7969fa9e8d8f.jpg\" slate-data-type=\"image\"\/><\/p>\n<div style=\"background-color:rgb(240, 234, 255);margin:20px 0px 10px;margin-bottom:10px;margin-top:20px;margin-left:0px;margin-right:0px;width:100%;height:34px\"><span style=\"background-color:rgb(55, 139, 238);color:rgb(255, 255, 255);font-size:24px;font-family:Verdana, Arial\">Specifikation <\/span><\/div>\n<table style=\"border-collapse:collapse;font-family:&quot;Microsoft YaHei&quot;;width:1000px\" class=\"jbEidtTable\" border=\"1\" cellpadding=\"5\" cellspacing=\"0\">\n<tbody>\n<tr>\n<td style=\"text-align:left;height:93px\" align=\"left\">\n<p><span style=\"font-size:16px;font-family:arial, helvetica, sans-serif\">Generel<\/span><\/p>\n<\/td>\n<td style=\"text-align:left;height:93px\" align=\"left\">\n<p><span style=\"font-size:16px;font-family:arial, helvetica, sans-serif\">M\u00e6rke: Flashfish\u00a0<br \/>Type: B\u00e6rbart Li-ion-kraftv\u00e6rk<br \/>Model: P63<br \/>Farve: Sort + M\u00f8rkegr\u00e5<\/span><\/p>\n<\/td>\n<\/tr>\n<tr>\n<td style=\"text-align:left;height:10px\" align=\"left\">\n<p><span style=\"font-size:16px;font-family:arial, helvetica, sans-serif\">Specifikation<\/span><\/p>\n<\/td>\n<td style=\"text-align:left;height:10px\" align=\"left\">\n<div><span style=\"font-size:16px;font-family:arial, helvetica, sans-serif\">Generelle parametre<br \/>Indbygget batteri: 18650 litiumbatteri<br \/>Batterikapacitet: 520 Wh, 140400 mAh\/3,7 V<br \/>Indgangsopladning: DC 15V\/6.0A<br \/>Opladning af solpanel: 13V-22V\/6.0A<br \/>Fuld opladningstid (adapter): Ca. 8 timer<\/span><\/div>\n<p><span style=\"font-size:16px;font-family:arial, helvetica, sans-serif\">USB-udgang: Maks. 67 W i alt.<br \/>USB QC3.0 (x1): 5V-9V\/2A, 18W maks.<br \/>Type-C QC3.0 (x1): 5V-9V\/2A, 18W maks.<br \/>USB-A (x2): 5V\/3.1A, maks. 15.5W.<\/span><\/p>\n<p><span style=\"font-size:16px;font-family:arial, helvetica, sans-serif\">DC-udgang: I alt 126 W maks.<br \/>DC5521 udgang (x4): 9-12,6V\/10A (12A maks. i alt), 126W maks.<br \/>Cigarett\u00e6nderudgang (x1): 9v-12.6v 10A, 126W maks.<\/span><\/p>\n<p><span style=\"font-size:16px;font-family:arial, helvetica, sans-serif\">AC-udgang: 2 x AC 230V\/110V ren sinusb\u00f8lgeudgang<br \/>AC samlet kontinuerlig udgangseffekt: 500W<br \/>AC samlet peak udgangseffekt: 1000W<\/span><\/p>\n<p><span style=\"font-size:16px;font-family:arial, helvetica, sans-serif\">Driftstemperatur: -10\u2103-40\u2103<br \/>Livscyklus: &gt;2000 gange<\/span><\/p>\n<p><span style=\"font-size:16px;font-family:arial, helvetica, sans-serif\">Produktbeskyttelse:<br \/>a. Kortslutningsbeskyttelse<br \/>b. Overstr\u00f8msbeskyttelse<br \/>c. Oversp\u00e6ndingsbeskyttelse<br \/>d. Undersp\u00e6ndingsbeskyttelse<br \/>e. Overbelastningsbeskyttelse<br \/>f. Overophedningsbeskyttelse<\/span><\/p>\n<p><span style=\"font-size:16px;font-family:arial, helvetica, sans-serif\">Adapterparametre<br \/>Udgang: 15V 6A<br \/>DC-gr\u00e6nseflade: Desktop<br \/>Form: Skrivebord<\/p>\n<p>Indgangsopladningsfunktion<br \/>Underst\u00f8tter opladning af str\u00f8madapter: Underst\u00f8tter<br \/>St\u00f8tte til opladning af solpaneler: St\u00f8tte<\/p>\n<p>Struktur<br \/>Brandsikkerhedsklassificering: 94-V0<br \/>Materiale: ABS-plast + aluminiumskal, plastikskal brandklasse 94-V0<\/span><\/p>\n<p><span style=\"font-size:16px;font-family:arial, helvetica, sans-serif\">Brug scenetilstand<br \/>G\u00e6lder for str\u00f8mafbrydelser, udend\u00f8rs drift, elektricitet p\u00e5 natmarkeder, n\u00f8dredning, medicinsk brug, energilagring i husholdninger osv.<\/span><\/p>\n<\/td>\n<\/tr>\n<tr>\n<td style=\"text-align:left;height:84px\" align=\"left\">\n<p><span style=\"font-size:16px;font-family:arial, helvetica, sans-serif\">V\u00e6gt og st\u00f8rrelse<\/span><\/p>\n<\/td>\n<td style=\"text-align:left;height:84px\" align=\"left\">\n<p><span style=\"font-size:16px;font-family:arial, helvetica, sans-serif\">Produktv\u00e6gt: 6,4 kg<br \/>Pakkev\u00e6gt: 8,2 kg<br \/>Produktst\u00f8rrelse (L x B x H): 30,6 * 20 * 17,6 cm<br \/>Pakkest\u00f8rrelse (L x B x H): 40,8 * 28,5 * 28 cm<\/span><\/p>\n<\/td>\n<\/tr>\n<tr>\n<td style=\"text-align:left;height:55px\" align=\"left\">\n<p><span style=\"font-size:16px;font-family:arial, helvetica, sans-serif\">Pakkens indhold<\/span><\/p>\n<\/td>\n<td style=\"text-align:left;height:55px\" align=\"left\">\n<p><span style=\"font-size:16px;font-family:arial, helvetica, sans-serif\">1 x B\u00e6rbar kraftstation<br \/>1 x V\u00e6gstik str\u00f8madapter<br \/>1 x bilopladerkabel<br \/>1 x Brugermanual<\/span><\/p>\n<\/td>\n<\/tr>\n<\/tbody>\n<\/table>\n<div><\/div>\n<\/div>\n<\/div>\n<p><\/p>","protected":false},"excerpt":{"rendered":"<p>Display screen:&nbsp;Yes Nominal Capacity:&nbsp;&gt;3500mAh Model Number:&nbsp;P63 Type:&nbsp;LiFePO4 Set Type:&nbsp;Charger Sets Highlights Built-in multi-safety protections(Circuit board lC temperature control)1. Built-in high-power 18650 Lithium-ion battery;2. Up to 520Wh battery power;3. AC pure<\/p>","protected":false},"featured_media":9091,"comment_status":"open","ping_status":"closed","template":"","meta":{"_acf_changed":false},"product_brand":[],"product_cat":[515],"product_tag":[],"class_list":{"0":"post-9090","1":"product","2":"type-product","3":"status-publish","4":"has-post-thumbnail","6":"product_cat-portable-power-stations","8":"first","9":"instock","10":"shipping-taxable","11":"purchasable","12":"product-type-simple"},"acf":[],"_links":{"self":[{"href":"https:\/\/www.electricstore.eu\/da\/wp-json\/wp\/v2\/product\/9090","targetHints":{"allow":["GET"]}}],"collection":[{"href":"https:\/\/www.electricstore.eu\/da\/wp-json\/wp\/v2\/product"}],"about":[{"href":"https:\/\/www.electricstore.eu\/da\/wp-json\/wp\/v2\/types\/product"}],"replies":[{"embeddable":true,"href":"https:\/\/www.electricstore.eu\/da\/wp-json\/wp\/v2\/comments?post=9090"}],"wp:featuredmedia":[{"embeddable":true,"href":"https:\/\/www.electricstore.eu\/da\/wp-json\/wp\/v2\/media\/9091"}],"wp:attachment":[{"href":"https:\/\/www.electricstore.eu\/da\/wp-json\/wp\/v2\/media?parent=9090"}],"wp:term":[{"taxonomy":"product_brand","embeddable":true,"href":"https:\/\/www.electricstore.eu\/da\/wp-json\/wp\/v2\/product_brand?post=9090"},{"taxonomy":"product_cat","embeddable":true,"href":"https:\/\/www.electricstore.eu\/da\/wp-json\/wp\/v2\/product_cat?post=9090"},{"taxonomy":"product_tag","embeddable":true,"href":"https:\/\/www.electricstore.eu\/da\/wp-json\/wp\/v2\/product_tag?post=9090"}],"curies":[{"name":"wp","href":"https:\/\/api.w.org\/{rel}","templated":true}]}}