{"id":8902,"date":"2025-05-19T21:19:48","date_gmt":"2025-05-19T21:19:48","guid":{"rendered":"https:\/\/electricstore.eu\/product\/uncategorized\/engwe-m20-1000w-48v-26ah-dual-battery-electric-bicycle\/"},"modified":"2025-05-21T05:41:20","modified_gmt":"2025-05-21T05:41:20","slug":"engwe-m20-1000w-48v-26ah-dual-battery-electric-bicycle","status":"publish","type":"product","link":"https:\/\/www.electricstore.eu\/da\/p\/bikes\/electric-pedal-motorcycle\/engwe-m20-1000w-48v-26ah-dual-battery-electric-bicycle\/","title":{"rendered":"ENGWE M20 1000W 48V 26Ah 45km\/t 75km 20\u2033 Elcykel"},"content":{"rendered":"<div class=\"product-specs-list-container\">\n<ul class=\"product-specs-list util-clearfix\">\n<li class=\"product-prop line-limit-length\"><span\n                                        class=\"property-title\">Modelnummer:&nbsp;<\/span><span\n                                        class=\"property-desc line-limit-length\">ENGWE M20<\/span>\n                            <\/li>\n<li class=\"product-prop line-limit-length\"><span\n                                        class=\"property-title\">Nominel passagerkapacitet:&nbsp;<\/span><span\n                                        class=\"property-desc line-limit-length\">To s\u00e6der<\/span>\n                            <\/li>\n<li class=\"product-prop line-limit-length\"><span\n                                        class=\"property-title\">Stil:&nbsp;<\/span><span\n                                        class=\"property-desc line-limit-length\">Luksustype<\/span>\n                            <\/li>\n<li class=\"product-prop line-limit-length\"><span\n                                        class=\"property-title\">Maksimal hastighed:&nbsp;<\/span><span\n                                        class=\"property-desc line-limit-length\">&lt;25 km\/t<\/span>\n                            <\/li>\n<li class=\"product-prop line-limit-length\"><span\n                                        class=\"property-title\">R\u00e6kkevidde pr. effekt:&nbsp;<\/span><span\n                                        class=\"property-desc line-limit-length\">&gt; 60 km<\/span>\n                            <\/li>\n<li class=\"product-prop line-limit-length\"><span\n                                        class=\"property-title\">Effekt:&nbsp;<\/span><span\n                                        class=\"property-desc line-limit-length\">&gt; 500w<\/span>\n                            <\/li>\n<li class=\"product-prop line-limit-length\"><span\n                                        class=\"property-title\">Str\u00f8mforsyning:&nbsp;<\/span><span\n                                        class=\"property-desc line-limit-length\">litiumbatteri<\/span>\n                            <\/li>\n<li class=\"product-prop line-limit-length\"><span\n                                        class=\"property-title\">Sp\u00e6nding:&nbsp;<\/span><span\n                                        class=\"property-desc line-limit-length\">48V<\/span>\n                            <\/li>\n<li class=\"product-prop line-limit-length\"><span\n                                        class=\"property-title\">Str\u00f8mkilde:&nbsp;<\/span><span\n                                        class=\"property-desc line-limit-length\">litiumbatteri<\/span>\n                            <\/li>\n<li class=\"product-prop line-limit-length\"><span\n                                        class=\"property-title\">Oprindelse:&nbsp;<\/span><span\n                                        class=\"property-desc line-limit-length\">Kinas fastland<\/span>\n                            <\/li>\n<li class=\"product-prop line-limit-length\"><span\n                                        class=\"property-title\">Foldet:&nbsp;<\/span><span\n                                        class=\"property-desc line-limit-length\">Ingen<\/span>\n                            <\/li>\n<li class=\"product-prop line-limit-length\"><span\n                                        class=\"property-title\">Motor:&nbsp;<\/span><span\n                                        class=\"property-desc line-limit-length\">B\u00f8rstel\u00f8s<\/span>\n                            <\/li>\n<li class=\"product-prop line-limit-length\"><span\n                                        class=\"property-title\">Hjulst\u00f8rrelse:&nbsp;<\/span><span\n                                        class=\"property-desc line-limit-length\">20&quot;<\/span>\n                            <\/li>\n<li class=\"product-prop line-limit-length\"><span\n                                        class=\"property-title\">Rammemateriale:&nbsp;<\/span><span\n                                        class=\"property-desc line-limit-length\">Aluminiumlegering<\/span>\n                            <\/li>\n<\/ul><\/div>\n<h1 style=\"text-align:center\" align=\"center\"><strong>ENGWE M20 Elcykel til voksne 1000W Kraftig motor 48V26AH Elcykel med dobbelt batteri 20&quot; Fat d\u00e6k Offroad mountainbike<\/strong><\/h1>\n<p style=\"font-family:DeepSeek-CJK-patch, Inter, system-ui, -apple-system, BlinkMacSystemFont, &quot;Segoe UI&quot;, Roboto, &quot;Noto Sans&quot;, Ubuntu, Cantarell, &quot;Helvetica Neue&quot;, Oxygen, &quot;Open Sans&quot;, sans-serif;font-size:16.002px;font-weight:400;letter-spacing:normal;line-height:28.575px;text-align:left;white-space:normal;color:rgb(64, 64, 64);background-color:rgb(255, 255, 255);margin:13.716px 0px;margin-bottom:13.716px;margin-top:13.716px;margin-left:0px;margin-right:0px\" class=\"ds-markdown-paragraph\" align=\"left\">De<span>\u00a0<\/span><strong>ENGWE M20<\/strong><span>\u00a0<\/span>er en<span>\u00a0<\/span><strong>kraftfulde 750W (1000W peak)<\/strong><span>\u00a0<\/span>elcykel designet til<span>\u00a0<\/span><strong>hastighed, ydeevne og alsidighed<\/strong>, uanset om du pendler i byen eller udforsker terr\u00e6ng\u00e5ende stier. Med en<span>\u00a0<\/span><strong>tophastighed p\u00e5 45 km\/t (28 mph)<\/strong><span>\u00a0<\/span>og en<span>\u00a0<\/span><strong>48V 13Ah batteri med lang r\u00e6kkevidde<\/strong>, denne elcykel leverer sp\u00e6ndende acceleration og l\u00e6ngere ture.<\/p>\n<hr style=\"font-family:DeepSeek-CJK-patch, Inter, system-ui, -apple-system, BlinkMacSystemFont, &quot;Segoe UI&quot;, Roboto, &quot;Noto Sans&quot;, Ubuntu, Cantarell, &quot;Helvetica Neue&quot;, Oxygen, &quot;Open Sans&quot;, sans-serif;font-size:16.002px;font-weight:400;letter-spacing:normal;text-align:left;white-space:normal;color:rgb(64, 64, 64);background-color:rgb(229, 229, 229);border:none;margin:32px 0px;margin-bottom:32px;margin-top:32px;margin-left:0px;margin-right:0px;display:block;height:1px\" align=\"left\"\/>\n<h3 style=\"font-family:DeepSeek-CJK-patch, Inter, system-ui, -apple-system, BlinkMacSystemFont, &quot;Segoe UI&quot;, Roboto, &quot;Noto Sans&quot;, Ubuntu, Cantarell, &quot;Helvetica Neue&quot;, Oxygen, &quot;Open Sans&quot;, sans-serif;font-size:18.288px;font-weight:600;letter-spacing:normal;line-height:1.5;text-align:start;white-space:normal;color:rgb(64, 64, 64);background-color:rgb(255, 255, 255);margin:18.288px 0px 13.716px;margin-bottom:13.716px;margin-top:18.288px;margin-left:0px;margin-right:0px\" align=\"start\"><strong>N\u00f8glefunktioner:<\/strong><\/h3>\n<p style=\"font-family:DeepSeek-CJK-patch, Inter, system-ui, -apple-system, BlinkMacSystemFont, &quot;Segoe UI&quot;, Roboto, &quot;Noto Sans&quot;, Ubuntu, Cantarell, &quot;Helvetica Neue&quot;, Oxygen, &quot;Open Sans&quot;, sans-serif;font-size:16.002px;font-weight:400;letter-spacing:normal;line-height:28.575px;text-align:start;white-space:normal;color:rgb(64, 64, 64);background-color:rgb(255, 255, 255);margin:13.716px 0px;margin-bottom:13.716px;margin-top:13.716px;margin-left:0px;margin-right:0px\" class=\"ds-markdown-paragraph\" align=\"start\">\u26a1<span>\u00a0<\/span><strong>H\u00f8jhastighedsydelse<\/strong><span>\u00a0<\/span>\u2013<span>\u00a0<\/span><strong>750W motor (100W peak)<\/strong><span>\u00a0<\/span>med<span>\u00a0<\/span><strong>55 Nm drejningsmoment<\/strong><span>\u00a0<\/span>til kraftig bakkek\u00f8rsel og hurtig acceleration<br \/>\ud83d\udd0b<span>\u00a0<\/span><strong>Langtidsholdbart batteri<\/strong><span>\u00a0<\/span>\u2013<span>\u00a0<\/span><strong>48V 13Ah<\/strong><span>\u00a0<\/span>aftageligt batteri giver<span>\u00a0<\/span><strong>75 km (45 mi) i assistancetilstand<\/strong><span>\u00a0<\/span>eller<span>\u00a0<\/span><strong>35 km (22 mi) i kun gash\u00e5ndtagstilstand<\/strong><br \/>\ud83d\udeb4<span>\u00a0<\/span><strong>Dobbelte k\u00f8retilstande<\/strong><span>\u00a0<\/span>\u2013<span>\u00a0<\/span><strong>Tommelfingergas + pedalassistance (0-5 niveauer)<\/strong><span>\u00a0<\/span>for fleksibel kontrol<br \/>\ud83d\udee0\ufe0f<span>\u00a0<\/span><strong>Shimano 7-speed gear<\/strong><span>\u00a0<\/span>\u2013 Bl\u00f8de gearskift til varieret terr\u00e6n<br \/>\ud83d\udd04<span>\u00a0<\/span><strong>Mekanisk forhjulsoph\u00e6ng<\/strong><span>\u00a0<\/span>\u2013 Absorberer st\u00f8d for en behagelig k\u00f8reoplevelse<br \/>\ud83d\uded1<span>\u00a0<\/span><strong>P\u00e5lidelig bremsning<\/strong><span>\u00a0<\/span>\u2013<span>\u00a0<\/span><strong>160 mm mekaniske skivebremser<\/strong><span>\u00a0<\/span>for sikker bremsekraft<br \/>\ud83c\udf27\ufe0f<span>\u00a0<\/span><strong>Terr\u00e6ng\u00e5ende d\u00e6k<\/strong><span>\u00a0<\/span>\u2013<span>\u00a0<\/span><strong>20\u00d74,0&quot; Chaoyang fat d\u00e6k<\/strong><span>\u00a0<\/span>for stabilitet p\u00e5 byens gader eller grusveje<br \/>\ud83d\udcca<span>\u00a0<\/span><strong>LCD-sk\u00e6rm<\/strong><span>\u00a0<\/span>\u2013 Viser hastighed, batteriniveau og assistancetilstand +<span>\u00a0<\/span><strong>USB-opladningsport<\/strong><\/p>\n<hr style=\"font-family:DeepSeek-CJK-patch, Inter, system-ui, -apple-system, BlinkMacSystemFont, &quot;Segoe UI&quot;, Roboto, &quot;Noto Sans&quot;, Ubuntu, Cantarell, &quot;Helvetica Neue&quot;, Oxygen, &quot;Open Sans&quot;, sans-serif;font-size:16.002px;font-weight:400;letter-spacing:normal;text-align:start;white-space:normal;color:rgb(64, 64, 64);background-color:rgb(229, 229, 229);border:none;margin:32px 0px;margin-bottom:32px;margin-top:32px;margin-left:0px;margin-right:0px;display:block;height:1px\" align=\"start\"\/>\n<h3 style=\"font-family:DeepSeek-CJK-patch, Inter, system-ui, -apple-system, BlinkMacSystemFont, &quot;Segoe UI&quot;, Roboto, &quot;Noto Sans&quot;, Ubuntu, Cantarell, &quot;Helvetica Neue&quot;, Oxygen, &quot;Open Sans&quot;, sans-serif;font-size:18.288px;font-weight:600;letter-spacing:normal;line-height:1.5;text-align:start;white-space:normal;color:rgb(64, 64, 64);background-color:rgb(255, 255, 255);margin:18.288px 0px 13.716px;margin-bottom:13.716px;margin-top:18.288px;margin-left:0px;margin-right:0px\" align=\"start\"><strong>Tekniske specifikationer:<\/strong><\/h3>\n<ul style=\"font-family:DeepSeek-CJK-patch, Inter, system-ui, -apple-system, BlinkMacSystemFont, &quot;Segoe UI&quot;, Roboto, &quot;Noto Sans&quot;, Ubuntu, Cantarell, &quot;Helvetica Neue&quot;, Oxygen, &quot;Open Sans&quot;, sans-serif;font-size:16.002px;font-weight:400;letter-spacing:normal;text-align:start;white-space:normal;color:rgb(64, 64, 64);background-color:rgb(255, 255, 255);margin:13.716px 0px;margin-bottom:13.716px;margin-top:13.716px;margin-left:0px;margin-right:0px;padding-left:27.432px\" align=\"start\">\n<li>\n<p style=\"font-size:16.002px;line-height:28.575px;margin-bottom:0px;margin-top:0px;margin-left:0px;margin-right:0px\" class=\"ds-markdown-paragraph\"><strong>Maksimal hastighed:<\/strong><span>\u00a0<\/span><strong>45 km\/t (28 mph)<\/strong><span>\u00a0<\/span>(ul\u00e5st)<\/p>\n<\/li>\n<li style=\"margin-top:4px\">\n<p style=\"font-size:16.002px;line-height:28.575px;margin-bottom:0px;margin-top:0px;margin-left:0px;margin-right:0px\" class=\"ds-markdown-paragraph\"><strong>R\u00e6kkevidde:<\/strong><span>\u00a0<\/span><strong>75 km (45 mi) i assistancetilstand<\/strong><span>\u00a0<\/span>\/<span>\u00a0<\/span><strong>35 km (22 mi) med kun gash\u00e5ndtag<\/strong><\/p>\n<\/li>\n<li style=\"margin-top:4px\">\n<p style=\"font-size:16.002px;line-height:28.575px;margin-bottom:0px;margin-top:0px;margin-left:0px;margin-right:0px\" class=\"ds-markdown-paragraph\"><strong>Motor:<\/strong><span>\u00a0<\/span><strong>750W (1000W peak) baghjulsnavmotor<\/strong><span>\u00a0<\/span>(55 Nm drejningsmoment)<\/p>\n<\/li>\n<li style=\"margin-top:4px\">\n<p style=\"font-size:16.002px;line-height:28.575px;margin-bottom:0px;margin-top:0px;margin-left:0px;margin-right:0px\" class=\"ds-markdown-paragraph\"><strong>Batteri:<\/strong><span>\u00a0<\/span><strong>48V 13Ah<\/strong><span>\u00a0<\/span>(5 timers opladningstid)<\/p>\n<\/li>\n<li style=\"margin-top:4px\">\n<p style=\"font-size:16.002px;line-height:28.575px;margin-bottom:0px;margin-top:0px;margin-left:0px;margin-right:0px\" class=\"ds-markdown-paragraph\"><strong>Ramme:<\/strong><span>\u00a0<\/span><strong>Aluminiumlegering<\/strong><span>\u00a0<\/span>(holdbar og let)<\/p>\n<\/li>\n<li style=\"margin-top:4px\">\n<p style=\"font-size:16.002px;line-height:28.575px;margin-bottom:0px;margin-top:0px;margin-left:0px;margin-right:0px\" class=\"ds-markdown-paragraph\"><strong>D\u00e6k:<\/strong><span>\u00a0<\/span><strong>20\u00d74,0&quot; Chaoyang fat d\u00e6k<\/strong><span>\u00a0<\/span>(greb i alle terr\u00e6ner)<\/p>\n<\/li>\n<li style=\"margin-top:4px\">\n<p style=\"font-size:16.002px;line-height:28.575px;margin-bottom:0px;margin-top:0px;margin-left:0px;margin-right:0px\" class=\"ds-markdown-paragraph\"><strong>Bremser:<\/strong><span>\u00a0<\/span><strong>Mekanisk skive (160 mm rotorer)<\/strong><\/p>\n<\/li>\n<li style=\"margin-top:4px\">\n<p style=\"font-size:16.002px;line-height:28.575px;margin-bottom:0px;margin-top:0px;margin-left:0px;margin-right:0px\" class=\"ds-markdown-paragraph\"><strong>Affjedring:<\/strong><span>\u00a0<\/span><strong>Mekanisk st\u00f8dd\u00e6mpning foran<\/strong><\/p>\n<\/li>\n<li style=\"margin-top:4px\">\n<p style=\"font-size:16.002px;line-height:28.575px;margin-bottom:0px;margin-top:0px;margin-left:0px;margin-right:0px\" class=\"ds-markdown-paragraph\"><strong>V\u00e6gt:<\/strong><span>\u00a0<\/span><strong>34,8 kg (netto) \/ 42,7 kg (brutto)<\/strong><\/p>\n<\/li>\n<li style=\"margin-top:4px\">\n<p style=\"font-size:16.002px;line-height:28.575px;margin-bottom:0px;margin-top:0px;margin-left:0px;margin-right:0px\" class=\"ds-markdown-paragraph\"><strong>Maks. belastning:<\/strong><span>\u00a0<\/span><strong>120 kg (264 lbs)<\/strong><\/p>\n<\/li>\n<li style=\"margin-top:4px\">\n<p style=\"font-size:16.002px;line-height:28.575px;margin-bottom:0px;margin-top:0px;margin-left:0px;margin-right:0px\" class=\"ds-markdown-paragraph\"><strong>Rytterh\u00f8jde:<\/strong><span>\u00a0<\/span><strong>155-210 cm (5&#039;0&quot;-6&#039;8&quot;)<\/strong><\/p>\n<\/li>\n<\/ul>\n<hr style=\"font-family:DeepSeek-CJK-patch, Inter, system-ui, -apple-system, BlinkMacSystemFont, &quot;Segoe UI&quot;, Roboto, &quot;Noto Sans&quot;, Ubuntu, Cantarell, &quot;Helvetica Neue&quot;, Oxygen, &quot;Open Sans&quot;, sans-serif;font-size:16.002px;font-weight:400;letter-spacing:normal;text-align:start;white-space:normal;color:rgb(64, 64, 64);background-color:rgb(229, 229, 229);border:none;margin:32px 0px;margin-bottom:32px;margin-top:32px;margin-left:0px;margin-right:0px;display:block;height:1px\" align=\"start\"\/>\n<h3 style=\"font-family:DeepSeek-CJK-patch, Inter, system-ui, -apple-system, BlinkMacSystemFont, &quot;Segoe UI&quot;, Roboto, &quot;Noto Sans&quot;, Ubuntu, Cantarell, &quot;Helvetica Neue&quot;, Oxygen, &quot;Open Sans&quot;, sans-serif;font-size:18.288px;font-weight:600;letter-spacing:normal;line-height:1.5;text-align:start;white-space:normal;color:rgb(64, 64, 64);background-color:rgb(255, 255, 255);margin:18.288px 0px 13.716px;margin-bottom:13.716px;margin-top:18.288px;margin-left:0px;margin-right:0px\" align=\"start\"><strong>Hvorfor v\u00e6lge ENGWE M20?<\/strong><\/h3>\n<p style=\"font-family:DeepSeek-CJK-patch, Inter, system-ui, -apple-system, BlinkMacSystemFont, &quot;Segoe UI&quot;, Roboto, &quot;Noto Sans&quot;, Ubuntu, Cantarell, &quot;Helvetica Neue&quot;, Oxygen, &quot;Open Sans&quot;, sans-serif;font-size:16.002px;font-weight:400;letter-spacing:normal;line-height:28.575px;text-align:start;white-space:normal;color:rgb(64, 64, 64);background-color:rgb(255, 255, 255);margin:13.716px 0px;margin-bottom:13.716px;margin-top:13.716px;margin-left:0px;margin-right:0px\" class=\"ds-markdown-paragraph\" align=\"start\">\u2714<span>\u00a0<\/span><strong>Kraftfuld og hurtig<\/strong><span>\u00a0<\/span>\u2013 En af de hurtigste elcykler i sin klasse (45 km\/t)<br \/>\u2714<span>\u00a0<\/span><strong>Langdistancek\u00f8rsel<\/strong><span>\u00a0<\/span>\u2013 Op til 75 km med pedalassistance<br \/>\u2714<span>\u00a0<\/span><strong>Komfortabel til alle terr\u00e6ner<\/strong><span>\u00a0<\/span>\u2013 Fat d\u00e6k + forhjulsoph\u00e6ng absorberer st\u00f8d<br \/>\u2714<span>\u00a0<\/span><strong>USB-opladningsport<\/strong><span>\u00a0<\/span>\u2013 Hold dine enheder str\u00f8mf\u00f8rende p\u00e5 farten<br \/>\u2714<span>\u00a0<\/span><strong>Shimano gearsystem<\/strong><span>\u00a0<\/span>\u2013 Bl\u00f8de gearskift til k\u00f8rsel op og ned ad bakke<\/p>\n<hr style=\"font-family:DeepSeek-CJK-patch, Inter, system-ui, -apple-system, BlinkMacSystemFont, &quot;Segoe UI&quot;, Roboto, &quot;Noto Sans&quot;, Ubuntu, Cantarell, &quot;Helvetica Neue&quot;, Oxygen, &quot;Open Sans&quot;, sans-serif;font-size:16.002px;font-weight:400;letter-spacing:normal;text-align:start;white-space:normal;color:rgb(64, 64, 64);background-color:rgb(229, 229, 229);border:none;margin:32px 0px;margin-bottom:32px;margin-top:32px;margin-left:0px;margin-right:0px;display:block;height:1px\" align=\"start\"\/>\n<h3 style=\"font-family:DeepSeek-CJK-patch, Inter, system-ui, -apple-system, BlinkMacSystemFont, &quot;Segoe UI&quot;, Roboto, &quot;Noto Sans&quot;, Ubuntu, Cantarell, &quot;Helvetica Neue&quot;, Oxygen, &quot;Open Sans&quot;, sans-serif;font-size:18.288px;font-weight:600;letter-spacing:normal;line-height:1.5;text-align:start;white-space:normal;color:rgb(64, 64, 64);background-color:rgb(255, 255, 255);margin:18.288px 0px 13.716px;margin-bottom:13.716px;margin-top:18.288px;margin-left:0px;margin-right:0px\" align=\"start\"><strong>Medf\u00f8lgende tilbeh\u00f8r:<\/strong><\/h3>\n<ul style=\"font-family:DeepSeek-CJK-patch, Inter, system-ui, -apple-system, BlinkMacSystemFont, &quot;Segoe UI&quot;, Roboto, &quot;Noto Sans&quot;, Ubuntu, Cantarell, &quot;Helvetica Neue&quot;, Oxygen, &quot;Open Sans&quot;, sans-serif;font-size:16.002px;font-weight:400;letter-spacing:normal;text-align:start;white-space:normal;color:rgb(64, 64, 64);background-color:rgb(255, 255, 255);margin:13.716px 0px;margin-bottom:13.716px;margin-top:13.716px;margin-left:0px;margin-right:0px;padding-left:27.432px\" align=\"start\">\n<li>\n<p style=\"font-size:16.002px;line-height:28.575px;margin-bottom:0px;margin-top:0px;margin-left:0px;margin-right:0px\" class=\"ds-markdown-paragraph\"><strong>48V 13Ah batteri og oplader<\/strong><\/p>\n<\/li>\n<li style=\"margin-top:4px\">\n<p style=\"font-size:16.002px;line-height:28.575px;margin-bottom:0px;margin-top:0px;margin-left:0px;margin-right:0px\" class=\"ds-markdown-paragraph\"><strong>V\u00e6rkt\u00f8jskasse<\/strong><span>\u00a0<\/span>(unbrakon\u00f8gler, skruen\u00f8gler, skruetr\u00e6kkere)<\/p>\n<\/li>\n<li style=\"margin-top:4px\">\n<p style=\"font-size:16.002px;line-height:28.575px;margin-bottom:0px;margin-top:0px;margin-left:0px;margin-right:0px\" class=\"ds-markdown-paragraph\"><strong>Engelsk manual<\/strong><\/p>\n<\/li>\n<li style=\"margin-top:4px\">\n<p style=\"font-size:16.002px;line-height:28.575px;margin-bottom:0px;margin-top:0px;margin-left:0px;margin-right:0px\" class=\"ds-markdown-paragraph\"><strong>Elcykel<\/strong><\/p>\n<\/li>\n<\/ul>\n<p style=\"font-family:DeepSeek-CJK-patch, Inter, system-ui, -apple-system, BlinkMacSystemFont, &quot;Segoe UI&quot;, Roboto, &quot;Noto Sans&quot;, Ubuntu, Cantarell, &quot;Helvetica Neue&quot;, Oxygen, &quot;Open Sans&quot;, sans-serif;font-size:16.002px;font-weight:400;letter-spacing:normal;line-height:28.575px;text-align:start;white-space:normal;color:rgb(64, 64, 64);background-color:rgb(255, 255, 255);margin:13.716px 0px;margin-bottom:13.716px;margin-top:13.716px;margin-left:0px;margin-right:0px\" class=\"ds-markdown-paragraph\" align=\"start\"><strong>Note:<\/strong><span>\u00a0<\/span>Hastighed og r\u00e6kkevidde kan variere afh\u00e6ngigt af rytterens v\u00e6gt, terr\u00e6n og hj\u00e6lpeniveau. Tjek altid lokale elcykelregler, f\u00f8r du l\u00e5ser op for h\u00f8jere hastigheder.<img decoding=\"async\" src=\"https:\/\/ae01.alicdn.com\/kf\/S1ac89e69297d466b90658826484cad2bv.png\" slate-data-type=\"image\"\/><img decoding=\"async\" src=\"https:\/\/ae01.alicdn.com\/kf\/S81b9f545ec6742d68157ba9e5cfd3a7ew.png\" slate-data-type=\"image\"\/><img decoding=\"async\" src=\"https:\/\/ae01.alicdn.com\/kf\/S149d77da88964b1ca94beed3e38a5355r.png\" slate-data-type=\"image\"\/><img decoding=\"async\" src=\"https:\/\/ae01.alicdn.com\/kf\/Sbfb0cddb9d0548c382e20d7ad70e1633W.png\" slate-data-type=\"image\"\/><img decoding=\"async\" src=\"https:\/\/ae01.alicdn.com\/kf\/S01b919c42851445ebbb6bd61d74d62a2a.png\" slate-data-type=\"image\"\/><img decoding=\"async\" src=\"https:\/\/ae01.alicdn.com\/kf\/S2d6de1ae188247629112484293c5b667r.png\" slate-data-type=\"image\"\/><img decoding=\"async\" src=\"https:\/\/ae01.alicdn.com\/kf\/S11219886b6d74a978621024ef0e358cda.png\" slate-data-type=\"image\"\/><img decoding=\"async\" src=\"https:\/\/ae01.alicdn.com\/kf\/Sec15e79357b04e279af148bb1d177dc8z.png\" slate-data-type=\"image\"\/><img decoding=\"async\" src=\"https:\/\/ae01.alicdn.com\/kf\/Sff573c5350594572b2ee864dd062178eI.png\" slate-data-type=\"image\"\/><\/p><\/p>","protected":false},"excerpt":{"rendered":"<p>Model Number:&nbsp;ENGWE M20 Rated Passenger Capacity:&nbsp;Two Seat Style:&nbsp;Luxury Type Max Speed:&nbsp;&lt;25km\/h Range per Power:&nbsp;&gt; 60 km Wattage:&nbsp;&gt; 500w Power Supply:&nbsp;lithium battery Voltage:&nbsp;48V Power Source:&nbsp;lithium battery Origin:&nbsp;Mainland China Folded:&nbsp;No Motor:&nbsp;Brushless Wheel<\/p>","protected":false},"featured_media":8903,"comment_status":"open","ping_status":"closed","template":"","meta":{"_acf_changed":false},"product_brand":[],"product_cat":[470],"product_tag":[],"class_list":{"0":"post-8902","1":"product","2":"type-product","3":"status-publish","4":"has-post-thumbnail","6":"product_cat-electric-pedal-motorcycle","8":"first","9":"instock","10":"shipping-taxable","11":"purchasable","12":"product-type-variable"},"acf":[],"_links":{"self":[{"href":"https:\/\/www.electricstore.eu\/da\/wp-json\/wp\/v2\/product\/8902","targetHints":{"allow":["GET"]}}],"collection":[{"href":"https:\/\/www.electricstore.eu\/da\/wp-json\/wp\/v2\/product"}],"about":[{"href":"https:\/\/www.electricstore.eu\/da\/wp-json\/wp\/v2\/types\/product"}],"replies":[{"embeddable":true,"href":"https:\/\/www.electricstore.eu\/da\/wp-json\/wp\/v2\/comments?post=8902"}],"wp:featuredmedia":[{"embeddable":true,"href":"https:\/\/www.electricstore.eu\/da\/wp-json\/wp\/v2\/media\/8903"}],"wp:attachment":[{"href":"https:\/\/www.electricstore.eu\/da\/wp-json\/wp\/v2\/media?parent=8902"}],"wp:term":[{"taxonomy":"product_brand","embeddable":true,"href":"https:\/\/www.electricstore.eu\/da\/wp-json\/wp\/v2\/product_brand?post=8902"},{"taxonomy":"product_cat","embeddable":true,"href":"https:\/\/www.electricstore.eu\/da\/wp-json\/wp\/v2\/product_cat?post=8902"},{"taxonomy":"product_tag","embeddable":true,"href":"https:\/\/www.electricstore.eu\/da\/wp-json\/wp\/v2\/product_tag?post=8902"}],"curies":[{"name":"wp","href":"https:\/\/api.w.org\/{rel}","templated":true}]}}