{"id":8805,"date":"2025-05-19T21:18:55","date_gmt":"2025-05-19T21:18:55","guid":{"rendered":"https:\/\/electricstore.eu\/product\/uncategorized\/engwe-ep-2-pro-250w-48v-13ah-city-commuter-electric-bicycle\/"},"modified":"2025-05-21T05:41:22","modified_gmt":"2025-05-21T05:41:22","slug":"engwe-ep-2-pro-250w-48v-13ah-city-commuter-electric-bicycle","status":"publish","type":"product","link":"https:\/\/www.electricstore.eu\/da\/p\/bikes\/folding-bikes\/engwe-ep-2-pro-250w-48v-13ah-city-commuter-electric-bicycle\/","title":{"rendered":"ENGWE EP-2 Pro 250W 48V 13Ah 30-50km\/t &gt;60km 20\u2033 foldbar elektrisk cykel"},"content":{"rendered":"<div class=\"product-specs-list-container\">\n<ul class=\"product-specs-list util-clearfix\">\n<li class=\"product-prop line-limit-length\"><span\n                                        class=\"property-title\">Modelnummer:&nbsp;<\/span><span\n                                        class=\"property-desc line-limit-length\">ENGWE EP-2 Pro<\/span>\n                            <\/li>\n<li class=\"product-prop line-limit-length\"><span\n                                        class=\"property-title\">Nominel passagerkapacitet:&nbsp;<\/span><span\n                                        class=\"property-desc line-limit-length\">To s\u00e6der<\/span>\n                            <\/li>\n<li class=\"product-prop line-limit-length\"><span\n                                        class=\"property-title\">Stil:&nbsp;<\/span><span\n                                        class=\"property-desc line-limit-length\">Mini-type<\/span>\n                            <\/li>\n<li class=\"product-prop line-limit-length\"><span\n                                        class=\"property-title\">Maksimal hastighed:&nbsp;<\/span><span\n                                        class=\"property-desc line-limit-length\">30-50 km\/t<\/span>\n                            <\/li>\n<li class=\"product-prop line-limit-length\"><span\n                                        class=\"property-title\">R\u00e6kkevidde pr. effekt:&nbsp;<\/span><span\n                                        class=\"property-desc line-limit-length\">&gt; 60 km<\/span>\n                            <\/li>\n<li class=\"product-prop line-limit-length\"><span\n                                        class=\"property-title\">Effekt:&nbsp;<\/span><span\n                                        class=\"property-desc line-limit-length\">200 \u2013 250w<\/span>\n                            <\/li>\n<li class=\"product-prop line-limit-length\"><span\n                                        class=\"property-title\">Str\u00f8mforsyning:&nbsp;<\/span><span\n                                        class=\"property-desc line-limit-length\">litiumbatteri<\/span>\n                            <\/li>\n<li class=\"product-prop line-limit-length\"><span\n                                        class=\"property-title\">Sp\u00e6nding:&nbsp;<\/span><span\n                                        class=\"property-desc line-limit-length\">48V<\/span>\n                            <\/li>\n<li class=\"product-prop line-limit-length\"><span\n                                        class=\"property-title\">Oprindelse:&nbsp;<\/span><span\n                                        class=\"property-desc line-limit-length\">Kinas fastland<\/span>\n                            <\/li>\n<li class=\"product-prop line-limit-length\"><span\n                                        class=\"property-title\">Foldet:&nbsp;<\/span><span\n                                        class=\"property-desc line-limit-length\">Ja<\/span>\n                            <\/li>\n<li class=\"product-prop line-limit-length\"><span\n                                        class=\"property-title\">Motor:&nbsp;<\/span><span\n                                        class=\"property-desc line-limit-length\">B\u00f8rstel\u00f8s<\/span>\n                            <\/li>\n<li class=\"product-prop line-limit-length\"><span\n                                        class=\"property-title\">Hjulst\u00f8rrelse:&nbsp;<\/span><span\n                                        class=\"property-desc line-limit-length\">20&quot;<\/span>\n                            <\/li>\n<li class=\"product-prop line-limit-length\"><span\n                                        class=\"property-title\">Rammemateriale:&nbsp;<\/span><span\n                                        class=\"property-desc line-limit-length\">Aluminiumlegering<\/span>\n                            <\/li>\n<\/ul><\/div>\n<p><span style=\"color:rgba(244,78,59,255)\"><u>K\u00e6re ven,<\/u><\/span><\/p>\n<h3 style=\"font-family:&quot;TT Norms Pro&quot;, &quot;Open Sans&quot;, Roboto, Arial, Helvetica, sans-serif, SimSun;letter-spacing:normal;text-align:start;white-space:normal;color:rgb(34, 34, 34);box-sizing:border-box\" align=\"start\"><span style=\"color:rgba(244,78,59,255)\"><u>Vi har et professionelt reparationsteam og offline eftersalgsservice i Polen.<\/u><\/span><\/h3>\n<h3 style=\"font-family:&quot;TT Norms Pro&quot;, &quot;Open Sans&quot;, Roboto, Arial, Helvetica, sans-serif, SimSun;letter-spacing:normal;text-align:start;white-space:normal;color:rgb(34, 34, 34);box-sizing:border-box\" align=\"start\"><span style=\"color:rgba(244,78,59,255)\"><u>Den k\u00f8bte elcykel sendes fra Polen, og vi kan udstede en faktura for den. Hvis du har sp\u00f8rgsm\u00e5l, bedes du kontakte os.<\/u><\/span><\/h3>\n<p style=\"font-family:&quot;TT Norms Pro&quot;, &quot;Open Sans&quot;, Roboto, Arial, Helvetica, sans-serif, SimSun;font-size:14px;font-weight:400;letter-spacing:normal;line-height:inherit;text-align:start;white-space:normal;color:rgb(34, 34, 34);margin:0px;margin-bottom:0px;margin-top:0px;margin-left:0px;margin-right:0px;padding:0px;padding-bottom:0px;padding-top:0px;padding-left:0px;padding-right:0px;box-sizing:border-box\" align=\"start\"><\/p>\n<h2 style=\"font-family:&quot;TT Norms Pro&quot;, &quot;Open Sans&quot;, Roboto, Arial, Helvetica, sans-serif, SimSun;letter-spacing:normal;text-align:start;white-space:normal;color:rgb(34, 34, 34);box-sizing:border-box\" align=\"start\">\n<h1 style=\"text-align:center\" align=\"center\"><strong>ENGWE EP-2 Pro Elcykel 250W 48V 13AH 20*4.0&quot; Fat D\u00e6k Foldbar Mountainbike Elcykel Voksen fat Bike Bypendler Elcykel<\/strong><\/h1>\n<div style=\"text-align:center\" align=\"center\"><\/div>\n<\/h2>\n<h3 style=\"font-family:var(--global-heading-font-family);font-size:24px;font-weight:700;letter-spacing:normal;line-height:1.5;text-align:start;white-space:normal;color:var(--global-palette3);background-color:rgb(255, 255, 255);margin:0px;margin-bottom:0px;margin-top:0px;margin-left:0px;margin-right:0px;padding:0px;padding-bottom:0px;padding-top:0px;padding-left:0px;padding-right:0px;box-sizing:inherit\" class=\"wp-block-heading\" align=\"start\">Specifikation<\/h3>\n<ul style=\"font-family:&quot;PT Sans&quot;, sans-serif;font-size:17px;font-weight:400;letter-spacing:normal;text-align:start;white-space:normal;color:rgb(45, 55, 72);background-color:rgb(255, 255, 255);margin:0px 0px 1.5em 1.5em;margin-bottom:1.5em;margin-top:0px;margin-left:1.5em;margin-right:0px;padding:0px;padding-bottom:0px;padding-top:0px;padding-left:0px;padding-right:0px;list-style:disc;box-sizing:border-box\" class=\"wp-block-list\" align=\"start\">\n<li style=\"margin:0px;margin-bottom:0px;margin-top:0px;margin-left:0px;margin-right:0px;padding:0px;padding-bottom:0px;padding-top:0px;padding-left:0px;padding-right:0px;box-sizing:inherit\">\n<p style=\"line-height:inherit;margin:0px;margin-bottom:0px;margin-top:0px;margin-left:0px;margin-right:0px;padding:0px;padding-bottom:0px;padding-top:0px;padding-left:0px;padding-right:0px;box-sizing:border-box\">250W motor<\/p>\n<\/li>\n<li style=\"margin:0px;margin-bottom:0px;margin-top:0px;margin-left:0px;margin-right:0px;padding:0px;padding-bottom:0px;padding-top:0px;padding-left:0px;padding-right:0px;box-sizing:inherit\">\n<p style=\"line-height:inherit;margin:0px;margin-bottom:0px;margin-top:0px;margin-left:0px;margin-right:0px;padding:0px;padding-bottom:0px;padding-top:0px;padding-left:0px;padding-right:0px;box-sizing:border-box\">Tykke d\u00e6k uden for banen 20\u00d74.0<\/p>\n<\/li>\n<li style=\"margin:0px;margin-bottom:0px;margin-top:0px;margin-left:0px;margin-right:0px;padding:0px;padding-bottom:0px;padding-top:0px;padding-left:0px;padding-right:0px;box-sizing:inherit\">\n<p style=\"line-height:inherit;margin:0px;margin-bottom:0px;margin-top:0px;margin-left:0px;margin-right:0px;padding:0px;padding-bottom:0px;padding-top:0px;padding-left:0px;padding-right:0px;box-sizing:border-box\">3-trins foldbar aluminiumsramme<\/p>\n<\/li>\n<li style=\"margin:0px;margin-bottom:0px;margin-top:0px;margin-left:0px;margin-right:0px;padding:0px;padding-bottom:0px;padding-top:0px;padding-left:0px;padding-right:0px;box-sizing:inherit\">\n<p style=\"line-height:inherit;margin:0px;margin-bottom:0px;margin-top:0px;margin-left:0px;margin-right:0px;padding:0px;padding-bottom:0px;padding-top:0px;padding-left:0px;padding-right:0px;box-sizing:border-box\">Aftageligt litiumbatteri 48V 13Ah<\/p>\n<\/li>\n<li style=\"margin:0px;margin-bottom:0px;margin-top:0px;margin-left:0px;margin-right:0px;padding:0px;padding-bottom:0px;padding-top:0px;padding-left:0px;padding-right:0px;box-sizing:inherit\">\n<p style=\"line-height:inherit;margin:0px;margin-bottom:0px;margin-top:0px;margin-left:0px;margin-right:0px;padding:0px;padding-bottom:0px;padding-top:0px;padding-left:0px;padding-right:0px;box-sizing:border-box\">Mekaniske skivebremser TEKTRO<\/p>\n<\/li>\n<li style=\"margin:0px;margin-bottom:0px;margin-top:0px;margin-left:0px;margin-right:0px;padding:0px;padding-bottom:0px;padding-top:0px;padding-left:0px;padding-right:0px;box-sizing:inherit\">\n<p style=\"line-height:inherit;margin:0px;margin-bottom:0px;margin-top:0px;margin-left:0px;margin-right:0px;padding:0px;padding-bottom:0px;padding-top:0px;padding-left:0px;padding-right:0px;box-sizing:border-box\">Fartpilot<\/p>\n<\/li>\n<li style=\"margin:0px;margin-bottom:0px;margin-top:0px;margin-left:0px;margin-right:0px;padding:0px;padding-bottom:0px;padding-top:0px;padding-left:0px;padding-right:0px;box-sizing:inherit\">\n<p style=\"line-height:inherit;margin:0px;margin-bottom:0px;margin-top:0px;margin-left:0px;margin-right:0px;padding:0px;padding-bottom:0px;padding-top:0px;padding-left:0px;padding-right:0px;box-sizing:border-box\">LCD-sk\u00e6rm<\/p>\n<\/li>\n<li style=\"margin:0px;margin-bottom:0px;margin-top:0px;margin-left:0px;margin-right:0px;padding:0px;padding-bottom:0px;padding-top:0px;padding-left:0px;padding-right:0px;box-sizing:inherit\">\n<p style=\"line-height:inherit;margin:0px;margin-bottom:0px;margin-top:0px;margin-left:0px;margin-right:0px;padding:0px;padding-bottom:0px;padding-top:0px;padding-left:0px;padding-right:0px;box-sizing:border-box\">7 metastatisk (Shimano)<\/p>\n<\/li>\n<li style=\"margin:0px;margin-bottom:0px;margin-top:0px;margin-left:0px;margin-right:0px;padding:0px;padding-bottom:0px;padding-top:0px;padding-left:0px;padding-right:0px;box-sizing:inherit\">\n<p style=\"line-height:inherit;margin:0px;margin-bottom:0px;margin-top:0px;margin-left:0px;margin-right:0px;padding:0px;padding-bottom:0px;padding-top:0px;padding-left:0px;padding-right:0px;box-sizing:border-box\">M\u00e5l 169x57x120 cm<\/p>\n<\/li>\n<li style=\"margin:0px;margin-bottom:0px;margin-top:0px;margin-left:0px;margin-right:0px;padding:0px;padding-bottom:0px;padding-top:0px;padding-left:0px;padding-right:0px;box-sizing:inherit\">\n<p style=\"line-height:inherit;margin:0px;margin-bottom:0px;margin-top:0px;margin-left:0px;margin-right:0px;padding:0px;padding-bottom:0px;padding-top:0px;padding-left:0px;padding-right:0px;box-sizing:border-box\">M\u00e5l foldet 99x55x76 cm<\/p>\n<\/li>\n<li style=\"margin:0px;margin-bottom:0px;margin-top:0px;margin-left:0px;margin-right:0px;padding:0px;padding-bottom:0px;padding-top:0px;padding-left:0px;padding-right:0px;box-sizing:inherit\">\n<p style=\"line-height:inherit;margin:0px;margin-bottom:0px;margin-top:0px;margin-left:0px;margin-right:0px;padding:0px;padding-bottom:0px;padding-top:0px;padding-left:0px;padding-right:0px;box-sizing:border-box\">Mekanisk st\u00f8dd\u00e6mper til fronten<\/p>\n<\/li>\n<li style=\"margin:0px;margin-bottom:0px;margin-top:0px;margin-left:0px;margin-right:0px;padding:0px;padding-bottom:0px;padding-top:0px;padding-left:0px;padding-right:0px;box-sizing:inherit\">\n<p style=\"line-height:inherit;margin:0px;margin-bottom:0px;margin-top:0px;margin-left:0px;margin-right:0px;padding:0px;padding-bottom:0px;padding-top:0px;padding-left:0px;padding-right:0px;box-sizing:border-box\">IP2 vandt\u00e6thedsklasse<\/p>\n<\/li>\n<li style=\"margin:0px;margin-bottom:0px;margin-top:0px;margin-left:0px;margin-right:0px;padding:0px;padding-bottom:0px;padding-top:0px;padding-left:0px;padding-right:0px;box-sizing:inherit\">\n<p style=\"line-height:inherit;margin:0px;margin-bottom:0px;margin-top:0px;margin-left:0px;margin-right:0px;padding:0px;padding-bottom:0px;padding-top:0px;padding-left:0px;padding-right:0px;box-sizing:border-box\">CE-certificering, EN15194, ROHS<\/p>\n<\/li>\n<li style=\"margin:0px;margin-bottom:0px;margin-top:0px;margin-left:0px;margin-right:0px;padding:0px;padding-bottom:0px;padding-top:0px;padding-left:0px;padding-right:0px;box-sizing:inherit\">\n<p style=\"line-height:inherit;margin:0px;margin-bottom:0px;margin-top:0px;margin-left:0px;margin-right:0px;padding:0px;padding-bottom:0px;padding-top:0px;padding-left:0px;padding-right:0px;box-sizing:border-box\">Maksimal belastning: 120 kg<\/p>\n<\/li>\n<\/ul>\n<h3 style=\"font-family:var(--global-heading-font-family);font-size:24px;font-weight:700;letter-spacing:normal;line-height:1.5;text-align:start;white-space:normal;color:var(--global-palette3);background-color:rgb(255, 255, 255);margin:0px;margin-bottom:0px;margin-top:0px;margin-left:0px;margin-right:0px;padding:0px;padding-bottom:0px;padding-top:0px;padding-left:0px;padding-right:0px;box-sizing:inherit\" class=\"wp-block-heading\" align=\"start\">PAKKERNE INKLUDERER<\/h3>\n<ul style=\"font-family:&quot;PT Sans&quot;, sans-serif;font-size:17px;font-weight:400;letter-spacing:normal;text-align:start;white-space:normal;color:rgb(45, 55, 72);background-color:rgb(255, 255, 255);margin:0px 0px 1.5em 1.5em;margin-bottom:1.5em;margin-top:0px;margin-left:1.5em;margin-right:0px;padding:0px;padding-bottom:0px;padding-top:0px;padding-left:0px;padding-right:0px;list-style:disc;box-sizing:border-box\" class=\"wp-block-list\" align=\"start\">\n<li style=\"margin:0px;margin-bottom:0px;margin-top:0px;margin-left:0px;margin-right:0px;padding:0px;padding-bottom:0px;padding-top:0px;padding-left:0px;padding-right:0px;box-sizing:inherit\">\n<p style=\"line-height:inherit;margin:0px;margin-bottom:0px;margin-top:0px;margin-left:0px;margin-right:0px;padding:0px;padding-bottom:0px;padding-top:0px;padding-left:0px;padding-right:0px;box-sizing:border-box\">EP-2 Pro Elcykel<\/p>\n<\/li>\n<li style=\"margin:0px;margin-bottom:0px;margin-top:0px;margin-left:0px;margin-right:0px;padding:0px;padding-bottom:0px;padding-top:0px;padding-left:0px;padding-right:0px;box-sizing:inherit\">\n<p style=\"line-height:inherit;margin:0px;margin-bottom:0px;margin-top:0px;margin-left:0px;margin-right:0px;padding:0px;padding-bottom:0px;padding-top:0px;padding-left:0px;padding-right:0px;box-sizing:border-box\">Oplader<\/p>\n<\/li>\n<li style=\"margin:0px;margin-bottom:0px;margin-top:0px;margin-left:0px;margin-right:0px;padding:0px;padding-bottom:0px;padding-top:0px;padding-left:0px;padding-right:0px;box-sizing:inherit\">\n<p style=\"line-height:inherit;margin:0px;margin-bottom:0px;margin-top:0px;margin-left:0px;margin-right:0px;padding:0px;padding-bottom:0px;padding-top:0px;padding-left:0px;padding-right:0px;box-sizing:border-box\">Brugsanvisning<\/p>\n<\/li>\n<\/ul>\n<p style=\"font-family:&quot;PT Sans&quot;, sans-serif;font-size:17px;font-weight:400;letter-spacing:normal;line-height:inherit;text-align:start;white-space:normal;color:rgb(45, 55, 72);background-color:rgb(255, 255, 255);margin:0px;margin-bottom:0px;margin-top:0px;margin-left:0px;margin-right:0px;padding:0px;padding-bottom:0px;padding-top:0px;padding-left:0px;padding-right:0px;box-sizing:inherit\" align=\"start\">Opgraderet version <strong>ENGWE EP-2Pro i<\/strong>En elegant og stilfuld elektrisk mountainbike med tykke d\u00e6k. Den 20-tommer aluminiumsramme har en blank, b\u00f8rstet finish. Den 3-graders letfoldbare ramme g\u00f8r den b\u00e6rbar og praktisk at opbevare i din bil eller hvor som helst. Det tager kun 10 sekunder at folde en cykel sammen.<\/p>\n<p><\/p>\n<h3 style=\"font-family:var(--global-heading-font-family);font-size:24px;font-weight:700;letter-spacing:normal;line-height:1.5;text-align:start;white-space:normal;color:var(--global-palette3);background-color:rgb(255, 255, 255);margin:0px;margin-bottom:0px;margin-top:0px;margin-left:0px;margin-right:0px;padding:0px;padding-bottom:0px;padding-top:0px;padding-left:0px;padding-right:0px;box-sizing:inherit\" class=\"wp-block-heading\" align=\"start\">FUNKTIONER<\/h3>\n<p style=\"font-family:&quot;PT Sans&quot;, sans-serif;font-size:17px;font-weight:400;letter-spacing:normal;line-height:inherit;text-align:start;white-space:normal;color:rgb(45, 55, 72);background-color:rgb(255, 255, 255);margin:0px;margin-bottom:0px;margin-top:0px;margin-left:0px;margin-right:0px;padding:0px;padding-bottom:0px;padding-top:0px;padding-left:0px;padding-right:0px;box-sizing:inherit\" align=\"start\"><span style=\"font-size:24px\"><strong>Kraftig motor<\/strong><\/span><strong> <\/strong>250W med b\u00f8rstel\u00f8se gearmotorer og en 48V Smart Controller sammen med tykke d\u00e6k giver dig mulighed for at k\u00f8re i alt terr\u00e6n og nemt klatre med en maksimal hastighed p\u00e5 25 km\/t.<\/p>\n<p style=\"font-family:&quot;PT Sans&quot;, sans-serif;font-size:17px;font-weight:400;letter-spacing:normal;line-height:inherit;text-align:start;white-space:normal;color:rgb(45, 55, 72);background-color:rgb(255, 255, 255);margin:0px;margin-bottom:0px;margin-top:0px;margin-left:0px;margin-right:0px;padding:0px;padding-bottom:0px;padding-top:0px;padding-left:0px;padding-right:0px;box-sizing:inherit\" align=\"start\"><span style=\"font-size:24px\"><strong>K\u00f8retilstande<\/strong><\/span><\/p>\n<p style=\"font-family:&quot;PT Sans&quot;, sans-serif;font-size:17px;font-weight:400;letter-spacing:normal;line-height:inherit;text-align:start;white-space:normal;color:rgb(45, 55, 72);background-color:rgb(255, 255, 255);margin:0px;margin-bottom:0px;margin-top:0px;margin-left:0px;margin-right:0px;padding:0px;padding-bottom:0px;padding-top:0px;padding-left:0px;padding-right:0px;box-sizing:inherit\" align=\"start\"><strong>ENGWE EP 2 PRO <\/strong>Den har en rent elektrisk k\u00f8retilstand og en assistenttilstand, dvs. pedalassistance. K\u00f8retilstanden kan v\u00e6lges selv p\u00e5 LCD-displayet. Effektniveauer kan nemt \u00e6ndres ved at trykke p\u00e5 &quot;M&quot;-tasten afh\u00e6ngigt af behovet.<\/p>\n<p style=\"font-family:&quot;PT Sans&quot;, sans-serif;font-size:17px;font-weight:400;letter-spacing:normal;line-height:inherit;text-align:start;white-space:normal;color:rgb(45, 55, 72);background-color:rgb(255, 255, 255);margin:0px;margin-bottom:0px;margin-top:0px;margin-left:0px;margin-right:0px;padding:0px;padding-bottom:0px;padding-top:0px;padding-left:0px;padding-right:0px;box-sizing:inherit\" align=\"start\"><span style=\"font-size:24px\"><strong>Bremser og gearskiftere af h\u00f8j kvalitet<\/strong><\/span><\/p>\n<p style=\"font-family:&quot;PT Sans&quot;, sans-serif;font-size:17px;font-weight:400;letter-spacing:normal;line-height:inherit;text-align:start;white-space:normal;color:rgb(45, 55, 72);background-color:rgb(255, 255, 255);margin:0px;margin-bottom:0px;margin-top:0px;margin-left:0px;margin-right:0px;padding:0px;padding-bottom:0px;padding-top:0px;padding-left:0px;padding-right:0px;box-sizing:inherit\" align=\"start\"><strong>ENGWE EP 2 PRO <\/strong>Den er udstyret med skivebremser for og bag og 7 gearskiftere. Du kan nemt v\u00e6lge enhver hastighed for at nyde en j\u00e6vn k\u00f8rsel under alle vejforhold og bremser af h\u00f8j kvalitet i h\u00f8j sikkerhed.<\/p>\n<p style=\"font-family:&quot;PT Sans&quot;, sans-serif;font-size:17px;font-weight:400;letter-spacing:normal;line-height:inherit;text-align:start;white-space:normal;color:rgb(45, 55, 72);background-color:rgb(255, 255, 255);margin:0px;margin-bottom:0px;margin-top:0px;margin-left:0px;margin-right:0px;padding:0px;padding-bottom:0px;padding-top:0px;padding-left:0px;padding-right:0px;box-sizing:inherit\" align=\"start\"><span style=\"font-size:24px\"><strong>Bedre batteri<\/strong><\/span><\/p>\n<p style=\"font-family:&quot;PT Sans&quot;, sans-serif;font-size:17px;font-weight:400;letter-spacing:normal;line-height:inherit;text-align:start;white-space:normal;color:rgb(45, 55, 72);background-color:rgb(255, 255, 255);margin:0px;margin-bottom:0px;margin-top:0px;margin-left:0px;margin-right:0px;padding:0px;padding-bottom:0px;padding-top:0px;padding-left:0px;padding-right:0px;box-sizing:inherit\" align=\"start\"><strong>ENGWE EP-2 PRO Sammenklappelig Elcykel <\/strong>Den drives af et 48 V 13 Ah lithiumbatteri, der giver dig mulighed for at k\u00f8re med en maksimal hastighed p\u00e5 25 km\/t i elektrisk tilstand. Batteriet er nemt at fjerne, n\u00e5r stellet er foldet sammen. Batterierne kan oplades b\u00e5de i stellet og efter afmontering.<\/p>\n<p style=\"font-family:&quot;PT Sans&quot;, sans-serif;font-size:17px;font-weight:400;letter-spacing:normal;line-height:inherit;text-align:start;white-space:normal;color:rgb(45, 55, 72);background-color:rgb(255, 255, 255);margin:0px;margin-bottom:0px;margin-top:0px;margin-left:0px;margin-right:0px;padding:0px;padding-bottom:0px;padding-top:0px;padding-left:0px;padding-right:0px;box-sizing:inherit\" align=\"start\"><span style=\"font-size:24px\"><strong>Materialer af h\u00f8j kvalitet<\/strong><\/span><\/p>\n<p style=\"font-family:&quot;PT Sans&quot;, sans-serif;font-size:17px;font-weight:400;letter-spacing:normal;line-height:inherit;text-align:start;white-space:normal;color:rgb(45, 55, 72);background-color:rgb(255, 255, 255);margin:0px;margin-bottom:0px;margin-top:0px;margin-left:0px;margin-right:0px;padding:0px;padding-bottom:0px;padding-top:0px;padding-left:0px;padding-right:0px;box-sizing:inherit\" align=\"start\"><strong>ENGWE EP-2 PRO Elcykel <\/strong>Den har en ramme af aluminiumslegering af h\u00f8j kvalitet, h\u00f8j styrke og st\u00e6rk korrosionsbestandighed. Forgaflen er lavet af h\u00f8jstyrke kulstofst\u00e5l og giver d\u00e6mpning for den h\u00f8jeste k\u00f8rekomfort. Med sin lette og effektive konstruktion og 20-tommer hjul er den velegnet til b\u00e5de by- og stik\u00f8rsel.<\/p>\n<p style=\"font-family:&quot;PT Sans&quot;, sans-serif;font-size:17px;font-weight:400;letter-spacing:normal;line-height:inherit;text-align:start;white-space:normal;color:rgb(45, 55, 72);background-color:rgb(255, 255, 255);margin:0px;margin-bottom:0px;margin-top:0px;margin-left:0px;margin-right:0px;padding:0px;padding-bottom:0px;padding-top:0px;padding-left:0px;padding-right:0px;box-sizing:inherit\" align=\"start\"><span style=\"font-size:24px\"><strong>Nem foldning<\/strong><\/span><\/p>\n<p style=\"font-family:&quot;PT Sans&quot;, sans-serif;font-size:17px;font-weight:400;letter-spacing:normal;line-height:inherit;text-align:start;white-space:normal;color:rgb(45, 55, 72);background-color:rgb(255, 255, 255);margin:0px;margin-bottom:0px;margin-top:0px;margin-left:0px;margin-right:0px;padding:0px;padding-bottom:0px;padding-top:0px;padding-left:0px;padding-right:0px;box-sizing:inherit\" align=\"start\"><strong>ENGWE EP-2 PRO <\/strong>Er nem at samle. Den foldbare ramme g\u00f8r den b\u00e6rbar og nem at have med i bilen eller opbevare hvor som helst.<\/p>\n<p style=\"font-family:&quot;PT Sans&quot;, sans-serif;font-size:17px;font-weight:400;letter-spacing:normal;line-height:inherit;text-align:start;white-space:normal;color:rgb(45, 55, 72);background-color:rgb(255, 255, 255);margin:0px;margin-bottom:0px;margin-top:0px;margin-left:0px;margin-right:0px;padding:0px;padding-bottom:0px;padding-top:0px;padding-left:0px;padding-right:0px;box-sizing:inherit\" align=\"start\"><img decoding=\"async\" src=\"https:\/\/ae01.alicdn.com\/kf\/Sa49b74b9947d4f2c92cf968fd324757bD.jpg\" slate-data-type=\"image\"\/><img decoding=\"async\" src=\"https:\/\/ae01.alicdn.com\/kf\/S112328800e6845839463c160cdaf210eb.jpg\" slate-data-type=\"image\"\/><img decoding=\"async\" src=\"https:\/\/ae01.alicdn.com\/kf\/S91777e08cf004da5b106322b2efcd382a.jpg\" slate-data-type=\"image\"\/><img decoding=\"async\" src=\"https:\/\/ae01.alicdn.com\/kf\/S09247cbbe63046eaad061e4afc4c74794.jpg\" slate-data-type=\"image\"\/><img decoding=\"async\" src=\"https:\/\/ae01.alicdn.com\/kf\/Sbb6d706545fe4c5c87f5ac21cccb42561.jpg\" slate-data-type=\"image\"\/><img decoding=\"async\" src=\"https:\/\/ae01.alicdn.com\/kf\/Sefa5c608e4d04e10819ee5ac05be4f672.jpg\" slate-data-type=\"image\"\/><img decoding=\"async\" src=\"https:\/\/ae01.alicdn.com\/kf\/S1054dbccc1b8486aa7969ab3789df658r.jpg\" slate-data-type=\"image\"\/><img decoding=\"async\" src=\"https:\/\/ae01.alicdn.com\/kf\/S3fafe99a2b4745eb87046aa2d6daf276U.jpg\" slate-data-type=\"image\"\/><img decoding=\"async\" src=\"https:\/\/ae01.alicdn.com\/kf\/S40eec98ad8c84d2dbf8f1f054ea74ebe9.jpg\" slate-data-type=\"image\"\/><img decoding=\"async\" src=\"https:\/\/ae01.alicdn.com\/kf\/Sc9fcac7a9b7848788b7eca1390fc2397m.jpg\" slate-data-type=\"image\"\/><img decoding=\"async\" src=\"https:\/\/ae01.alicdn.com\/kf\/S60345cc157af42b2abd2ff2fd83ae252s.jpg\" slate-data-type=\"image\"\/><\/p>","protected":false},"excerpt":{"rendered":"<p>Model Number:&nbsp;ENGWE EP-2 Pro Rated Passenger Capacity:&nbsp;Two Seat Style:&nbsp;Mini Type Max Speed:&nbsp;30-50km\/h Range per Power:&nbsp;&gt; 60 km Wattage:&nbsp;200 &#8211; 250w Power Supply:&nbsp;lithium battery Voltage:&nbsp;48V Origin:&nbsp;Mainland China Folded:&nbsp;Yes Motor:&nbsp;Brushless Wheel Size:&nbsp;20\u201c<\/p>","protected":false},"featured_media":8807,"comment_status":"open","ping_status":"closed","template":"","meta":{"_acf_changed":false},"product_brand":[],"product_cat":[298,300,296],"product_tag":[],"class_list":{"0":"post-8805","1":"product","2":"type-product","3":"status-publish","4":"has-post-thumbnail","6":"product_cat-electric-city-bikes","7":"product_cat-electric-fat-bikes","8":"product_cat-folding-bikes","10":"first","11":"instock","12":"shipping-taxable","13":"purchasable","14":"product-type-variable"},"acf":[],"_links":{"self":[{"href":"https:\/\/www.electricstore.eu\/da\/wp-json\/wp\/v2\/product\/8805","targetHints":{"allow":["GET"]}}],"collection":[{"href":"https:\/\/www.electricstore.eu\/da\/wp-json\/wp\/v2\/product"}],"about":[{"href":"https:\/\/www.electricstore.eu\/da\/wp-json\/wp\/v2\/types\/product"}],"replies":[{"embeddable":true,"href":"https:\/\/www.electricstore.eu\/da\/wp-json\/wp\/v2\/comments?post=8805"}],"wp:featuredmedia":[{"embeddable":true,"href":"https:\/\/www.electricstore.eu\/da\/wp-json\/wp\/v2\/media\/8807"}],"wp:attachment":[{"href":"https:\/\/www.electricstore.eu\/da\/wp-json\/wp\/v2\/media?parent=8805"}],"wp:term":[{"taxonomy":"product_brand","embeddable":true,"href":"https:\/\/www.electricstore.eu\/da\/wp-json\/wp\/v2\/product_brand?post=8805"},{"taxonomy":"product_cat","embeddable":true,"href":"https:\/\/www.electricstore.eu\/da\/wp-json\/wp\/v2\/product_cat?post=8805"},{"taxonomy":"product_tag","embeddable":true,"href":"https:\/\/www.electricstore.eu\/da\/wp-json\/wp\/v2\/product_tag?post=8805"}],"curies":[{"name":"wp","href":"https:\/\/api.w.org\/{rel}","templated":true}]}}