{"id":8544,"date":"2025-05-19T20:31:56","date_gmt":"2025-05-19T20:31:56","guid":{"rendered":"https:\/\/electricstore.eu\/product\/uncategorized\/folding-electric-scooter-two-seater-adult-mobility\/"},"modified":"2025-05-21T05:41:25","modified_gmt":"2025-05-21T05:41:25","slug":"folding-electric-scooter-two-seater-adult-mobility","status":"publish","type":"product","link":"https:\/\/www.electricstore.eu\/da\/p\/electric-mobility-scooters\/folding-electric-scooter-two-seater-adult-mobility\/","title":{"rendered":"Electrib DH0305 500W 36V 15,6Ah 18 km\/t 40 km 10\u2033 Firehjulet Elscooter"},"content":{"rendered":"<div class=\"product-specs-list-container\">\n<ul class=\"product-specs-list util-clearfix\">\n<li class=\"product-prop line-limit-length\"><span\n                                        class=\"property-title\">D\u00e6kst\u00f8rrelse:&nbsp;<\/span><span\n                                        class=\"property-desc line-limit-length\">10 tommer<\/span>\n                            <\/li>\n<li class=\"product-prop line-limit-length\"><span\n                                        class=\"property-title\">Modelnummer:&nbsp;<\/span><span\n                                        class=\"property-desc line-limit-length\">DH0305<\/span>\n                            <\/li>\n<li class=\"product-prop line-limit-length\"><span\n                                        class=\"property-title\">Kategori:&nbsp;<\/span><span\n                                        class=\"property-desc line-limit-length\">Firehjulet scooter<\/span>\n                            <\/li>\n<li class=\"product-prop line-limit-length\"><span\n                                        class=\"property-title\">Relevante personer:&nbsp;<\/span><span\n                                        class=\"property-desc line-limit-length\">Unisex<\/span>\n                            <\/li>\n<li class=\"product-prop line-limit-length\"><span\n                                        class=\"property-title\">R\u00e6kkevidde pr. opladning:&nbsp;<\/span><span\n                                        class=\"property-desc line-limit-length\">40 km<\/span>\n                            <\/li>\n<li class=\"product-prop line-limit-length\"><span\n                                        class=\"property-title\">Opladningstid:&nbsp;<\/span><span\n                                        class=\"property-desc line-limit-length\">6-8 timer<\/span>\n                            <\/li>\n<li class=\"product-prop line-limit-length\"><span\n                                        class=\"property-title\">Sp\u00e6nding:&nbsp;<\/span><span\n                                        class=\"property-desc line-limit-length\">36v<\/span>\n                            <\/li>\n<li class=\"product-prop line-limit-length\"><span\n                                        class=\"property-title\">Foldet:&nbsp;<\/span><span\n                                        class=\"property-desc line-limit-length\">JA<\/span>\n                            <\/li>\n<li class=\"product-prop line-limit-length\"><span\n                                        class=\"property-title\">Oprindelse:&nbsp;<\/span><span\n                                        class=\"property-desc line-limit-length\">Kinas fastland<\/span>\n                            <\/li>\n<li class=\"product-prop line-limit-length\"><span\n                                        class=\"property-title\">Effekt (W):&nbsp;<\/span><span\n                                        class=\"property-desc line-limit-length\">201-500W<\/span>\n                            <\/li>\n<li class=\"product-prop line-limit-length\"><span\n                                        class=\"property-title\">Navn:&nbsp;<\/span><span\n                                        class=\"property-desc line-limit-length\">Sammenklappelig elektrisk l\u00f8behjul<\/span>\n                            <\/li>\n<li class=\"product-prop line-limit-length\"><span\n                                        class=\"property-title\">Hastighed:&nbsp;<\/span><span\n                                        class=\"property-desc line-limit-length\">6-12-18 km\/t<\/span>\n                            <\/li>\n<li class=\"product-prop line-limit-length\"><span\n                                        class=\"property-title\">Maksimal belastning:&nbsp;<\/span><span\n                                        class=\"property-desc line-limit-length\">120 kg<\/span>\n                            <\/li>\n<li class=\"product-prop line-limit-length\"><span\n                                        class=\"property-title\">Motor:&nbsp;<\/span><span\n                                        class=\"property-desc line-limit-length\">250w dobbeltmotor<\/span>\n                            <\/li>\n<li class=\"product-prop line-limit-length\"><span\n                                        class=\"property-title\">Batteri:&nbsp;<\/span><span\n                                        class=\"property-desc line-limit-length\">36V15.6AH litiumbatteri<\/span>\n                            <\/li>\n<li class=\"product-prop line-limit-length\"><span\n                                        class=\"property-title\">Materiale:&nbsp;<\/span><span\n                                        class=\"property-desc line-limit-length\">St\u00e5l<\/span>\n                            <\/li>\n<li class=\"product-prop line-limit-length\"><span\n                                        class=\"property-title\">Valgfri:&nbsp;<\/span><span\n                                        class=\"property-desc line-limit-length\">Kurv for\/bag og rygl\u00e6n<\/span>\n                            <\/li>\n<li class=\"product-prop line-limit-length\"><span\n                                        class=\"property-title\">Certifikat:&nbsp;<\/span><span\n                                        class=\"property-desc line-limit-length\"><\/span>\n                            <\/li>\n<\/ul><\/div>\n<div class=\"detailmodule_html\">\n<div class=\"detail-desc-decorate-richtext\">\n<div>\n<p style=\"font-family:OpenSans;font-size:20px;font-weight:900;line-height:28px;white-space:pre-wrap;color:rgb(0, 0, 0);margin-bottom:12px\" class=\"detail-desc-decorate-title\">Produktinformation<\/p>\n<p style=\"font-family:OpenSans;font-size:14px;font-weight:300;line-height:20px;white-space:pre-wrap;color:rgb(0, 0, 0);margin-bottom:12px\" class=\"detail-desc-decorate-content\">Motor: 250Wx2 b\u00f8rstel\u00f8s bagmotor<br \/>Batteri: 36V15.6Ah litiumbatteri<br \/>Sk\u00e6rm: LED-sk\u00e6rm<br \/>Forlygte: LED-lys<br \/>Baglygte: LED-lys<br \/>Stel: Kulstofst\u00e5l af h\u00f8j kvalitet<br \/>Baghjulsoph\u00e6ng: Fjederoph\u00e6ng<br \/>D\u00e6k fortil: 10\/8 tommer d\u00e6k<br \/>Maksimal hastighed: 18 km\/t<br \/>K\u00f8reafstand: 40 km<br \/>Opladningstid: 6-8 timer<br \/>Maksimal belastning: 120 kg<\/p>\n<\/div>\n<div>\n<p style=\"font-family:OpenSans;font-size:20px;font-weight:900;line-height:28px;white-space:pre-wrap;color:rgb(0, 0, 0);margin-bottom:12px\" class=\"detail-desc-decorate-title\">Produktbeskrivelse<\/p>\n<div><img decoding=\"async\" class=\"detail-desc-decorate-image\" src=\"https:\/\/ae01.alicdn.com\/kf\/S65346f3ff9684171bdb54084884cf8b4u.jpg?width=1007&amp;height=997&amp;hash=2004\" slate-data-type=\"image\"\/><\/div>\n<\/div>\n<div>\n<p style=\"font-family:OpenSans;font-size:20px;font-weight:900;line-height:28px;white-space:pre-wrap;color:rgb(0, 0, 0);margin-bottom:12px\" class=\"detail-desc-decorate-title\">Produktbilleder<\/p>\n<\/div>\n<div><img decoding=\"async\" style=\"margin-bottom:10px\" class=\"detail-desc-decorate-image\" src=\"https:\/\/ae01.alicdn.com\/kf\/Se1e040235e9846b8bb063af2468f694c2.jpg?width=631&amp;height=631&amp;hash=1262\" slate-data-type=\"image\"\/> <img decoding=\"async\" style=\"margin-bottom:10px\" class=\"detail-desc-decorate-image\" src=\"https:\/\/ae01.alicdn.com\/kf\/S83038089d7754648a1ad5da0f52d9250d.jpg?width=1000&amp;height=1000&amp;hash=2000\" slate-data-type=\"image\"\/> <img decoding=\"async\" style=\"margin-bottom:10px\" class=\"detail-desc-decorate-image\" src=\"https:\/\/ae01.alicdn.com\/kf\/Sd693c35bab9244c99387d997345e8628Z.jpg?width=1080&amp;height=1080&amp;hash=2160\" slate-data-type=\"image\"\/> <img decoding=\"async\" style=\"margin-bottom:10px\" class=\"detail-desc-decorate-image\" src=\"https:\/\/ae01.alicdn.com\/kf\/Sa1e201577d0c41738afe597fda3e75e6v.jpg?width=1000&amp;height=973&amp;hash=1973\" slate-data-type=\"image\"\/> <img decoding=\"async\" style=\"margin-bottom:10px\" class=\"detail-desc-decorate-image\" src=\"https:\/\/ae01.alicdn.com\/kf\/Sc0b35cd613cb4e05972c8103d46975393.jpg?width=950&amp;height=686&amp;hash=1636\" slate-data-type=\"image\"\/> <img decoding=\"async\" style=\"margin-bottom:10px\" class=\"detail-desc-decorate-image\" src=\"https:\/\/ae01.alicdn.com\/kf\/S21fa0acbf32a4c21a2e938ab0fc9cdadA.jpg?width=750&amp;height=750&amp;hash=1500\" slate-data-type=\"image\"\/> <img decoding=\"async\" style=\"margin-bottom:10px\" class=\"detail-desc-decorate-image\" src=\"https:\/\/ae01.alicdn.com\/kf\/S1287910cbe074b9d9345f0e3588c3ea0Z.jpg?width=750&amp;height=750&amp;hash=1500\" slate-data-type=\"image\"\/> <img decoding=\"async\" style=\"margin-bottom:10px\" class=\"detail-desc-decorate-image\" src=\"https:\/\/ae01.alicdn.com\/kf\/Sfcd8cac80d4d488694e89b7c6a675aa3H.jpg?width=1000&amp;height=869&amp;hash=1869\" slate-data-type=\"image\"\/> <img decoding=\"async\" style=\"margin-bottom:10px\" class=\"detail-desc-decorate-image\" src=\"https:\/\/ae01.alicdn.com\/kf\/S39b065c6f1d74e399d9cf2b611ab0de1G.jpg?width=1000&amp;height=863&amp;hash=1863\" slate-data-type=\"image\"\/> <img decoding=\"async\" style=\"margin-bottom:10px\" class=\"detail-desc-decorate-image\" src=\"https:\/\/ae01.alicdn.com\/kf\/S4049d841e93a480e9abff8422df4f25dX.jpg?width=1000&amp;height=742&amp;hash=1742\" slate-data-type=\"image\"\/> <img decoding=\"async\" style=\"margin-bottom:10px\" class=\"detail-desc-decorate-image\" src=\"https:\/\/ae01.alicdn.com\/kf\/S1d377bf8801e49b68cb4bba4103a3de1P.jpg?width=1000&amp;height=664&amp;hash=1664\" slate-data-type=\"image\"\/><\/div>\n<div>\n<p style=\"font-family:OpenSans;font-size:20px;font-weight:900;line-height:28px;white-space:pre-wrap;color:rgb(0, 0, 0);margin-bottom:12px\" class=\"detail-desc-decorate-title\">Flere detaljer<\/p>\n<\/div>\n<div><img decoding=\"async\" style=\"margin-bottom:10px\" class=\"detail-desc-decorate-image\" src=\"https:\/\/ae01.alicdn.com\/kf\/Sd1d88d90c8814370b9a5a1f4a0b62b36y.jpg?width=958&amp;height=674&amp;hash=1632\" slate-data-type=\"image\"\/> <img decoding=\"async\" style=\"margin-bottom:10px\" class=\"detail-desc-decorate-image\" src=\"https:\/\/ae01.alicdn.com\/kf\/See3fc9536b0b4c9087d1533c9bf98269O.jpg?width=1000&amp;height=667&amp;hash=1667\" slate-data-type=\"image\"\/> <img decoding=\"async\" style=\"margin-bottom:10px\" class=\"detail-desc-decorate-image\" src=\"https:\/\/ae01.alicdn.com\/kf\/Sa8ce11385d124fa79ca40f97a485785at.jpg?width=731&amp;height=497&amp;hash=1228\" slate-data-type=\"image\"\/> <img decoding=\"async\" style=\"margin-bottom:10px\" class=\"detail-desc-decorate-image\" src=\"https:\/\/ae01.alicdn.com\/kf\/S5261d6d32a7947d4b2e65aca6e2f6fa9j.jpg?width=738&amp;height=303&amp;hash=1041\" slate-data-type=\"image\"\/> <img decoding=\"async\" style=\"margin-bottom:10px\" class=\"detail-desc-decorate-image\" src=\"https:\/\/ae01.alicdn.com\/kf\/Sde2c4ac3d2604856b3f490e715495deb9.jpg?width=985&amp;height=424&amp;hash=1409\" slate-data-type=\"image\"\/> <img decoding=\"async\" style=\"margin-bottom:10px\" class=\"detail-desc-decorate-image\" src=\"https:\/\/ae01.alicdn.com\/kf\/Seb314ec11829493b812ae54fe3a9b401u.jpg?width=780&amp;height=537&amp;hash=1317\" slate-data-type=\"image\"\/> <img decoding=\"async\" style=\"margin-bottom:10px\" class=\"detail-desc-decorate-image\" src=\"https:\/\/ae01.alicdn.com\/kf\/S3c59e6961b6247fab676516ec374720eI.jpg?width=872&amp;height=594&amp;hash=1466\" slate-data-type=\"image\"\/> <img decoding=\"async\" style=\"margin-bottom:10px\" class=\"detail-desc-decorate-image\" src=\"https:\/\/ae01.alicdn.com\/kf\/S35bc711fd5774d93a3bed0eb5d6d7b1fB.jpg?width=689&amp;height=447&amp;hash=1136\" slate-data-type=\"image\"\/> <img decoding=\"async\" style=\"margin-bottom:10px\" class=\"detail-desc-decorate-image\" src=\"https:\/\/ae01.alicdn.com\/kf\/Se0252fa02ad6456496993114fb6da7b9Z.jpg?width=526&amp;height=488&amp;hash=1014\" slate-data-type=\"image\"\/> <img decoding=\"async\" style=\"margin-bottom:10px\" class=\"detail-desc-decorate-image\" src=\"https:\/\/ae01.alicdn.com\/kf\/S20c89c4b38d34cfc98d269d65d297a5bB.jpg?width=670&amp;height=550&amp;hash=1220\" slate-data-type=\"image\"\/><\/div>\n<div>\n<p style=\"font-family:OpenSans;font-size:20px;font-weight:900;line-height:28px;white-space:pre-wrap;color:rgb(0, 0, 0);margin-bottom:12px\" class=\"detail-desc-decorate-title\">Vores fabrik<\/p>\n<\/div>\n<div><img decoding=\"async\" style=\"margin-bottom:10px\" class=\"detail-desc-decorate-image\" src=\"https:\/\/ae01.alicdn.com\/kf\/Sd170a460f94d4e4bb3b45cfeda76be39B.jpg?width=1000&amp;height=750&amp;hash=1750\" slate-data-type=\"image\"\/> <img decoding=\"async\" class=\"detail-desc-decorate-image\" src=\"https:\/\/ae01.alicdn.com\/kf\/S8eebd2859e0148cf8bdf8038a9a73969Y.jpg?width=1440&amp;height=1080&amp;hash=2520\" slate-data-type=\"image\"\/> <img decoding=\"async\" style=\"margin-bottom:10px\" class=\"detail-desc-decorate-image\" src=\"https:\/\/ae01.alicdn.com\/kf\/S132d19d4769a42468225cccfa38f40a4L.jpg?width=1000&amp;height=750&amp;hash=1750\" slate-data-type=\"image\"\/> <img decoding=\"async\" style=\"margin-bottom:10px\" class=\"detail-desc-decorate-image\" src=\"https:\/\/ae01.alicdn.com\/kf\/Sf67f349779354345aadbadb7ddcb403fU.jpg?width=750&amp;height=750&amp;hash=1500\" slate-data-type=\"image\"\/> <img decoding=\"async\" style=\"margin-bottom:10px\" class=\"detail-desc-decorate-image\" src=\"https:\/\/ae01.alicdn.com\/kf\/S304f32d83d334ec4b72d6f6e883edbf9d.jpg?width=2448&amp;height=3264&amp;hash=5712\" slate-data-type=\"image\"\/><\/div>\n<div>\n<p style=\"font-family:OpenSans;font-size:20px;font-weight:900;line-height:28px;white-space:pre-wrap;color:rgb(0, 0, 0);margin-bottom:12px\" class=\"detail-desc-decorate-title\">Forholdsregler f\u00f8r k\u00f8b.<\/p>\n<p style=\"font-family:OpenSans;font-size:14px;font-weight:300;line-height:20px;white-space:pre-wrap;color:rgb(0, 0, 0);margin-bottom:12px\" class=\"detail-desc-decorate-content\">1. Da elektriske l\u00f8behjul med lithiumbatteri er de internationalt forbudte varer. Vi skal levere dem p\u00e5 en s\u00e6rlig m\u00e5de. Normalt er der ingen m\u00e5de at transportere dem p\u00e5, s\u00e5 vi sender dem f\u00f8rst til Shenzhen, derefter til Hongkong og til Europa\/Rusland\/USA\/Australien\/Canada osv. Generelt sender vi dem med tog til Europa\/Rusland, ad s\u00f8vejen til USA. Derefter leverer vi dem med UPS\/\/FedEx og andre logistiske virksomheder. Hvis du \u00f8nsker, at vi sender dem med fly, skal du betale meget h\u00f8jere ekstra gebyrer.<\/p>\n<p>2. Sporingsnummeret kan ikke spores, f\u00f8r forsendelsen er afsluttet. Hvis du kan spore det, betyder det, at du vil modtage scooteren flere dage senere. Vent venligst t\u00e5lmodigt inden da. Normalt efter cirka 35-40 dage. Sporingsoplysningerne vil blive opdateret. Pakken sendes normalt til dig inden for cirka 40-60 dage.<\/p>\n<p>3. Ovenst\u00e5ende er den omtrentlige leveringstid baseret p\u00e5 vores erfaring. Vi vil g\u00f8re vores bedste for at levere en p\u00e5lidelig leveringsservice og h\u00e5ber, at varerne ankommer til tiden. Leveringen kan dog blive forsinket p\u00e5 grund af toldbehandling, helligdage, d\u00e5rligt vejr, flystrejke, orkanen Sandy osv. Tak for din forst\u00e5else!<\/p>\n<\/div>\n<div><\/div>\n<\/div>\n<\/div>\n<p><\/p>","protected":false},"excerpt":{"rendered":"<p>Tire Size:&nbsp;10 inch Model Number:&nbsp;DH0305 Category:&nbsp;Four-wheel Scooter Applicable People:&nbsp;Unisex Range Per Charge:&nbsp;40km Charging Time:&nbsp;6-8h Voltage:&nbsp;36v Folded:&nbsp;YES Origin:&nbsp;Mainland China Power (W):&nbsp;201-500W Name:&nbsp;Folding electric scooter Speed:&nbsp;6-12-18km\/h Max loading:&nbsp;120kg Motor:&nbsp;250w double motor Battery:&nbsp;36V15.6AH<\/p>","protected":false},"featured_media":8546,"comment_status":"open","ping_status":"closed","template":"","meta":{"_acf_changed":false},"product_brand":[],"product_cat":[301],"product_tag":[],"class_list":{"0":"post-8544","1":"product","2":"type-product","3":"status-publish","4":"has-post-thumbnail","6":"product_cat-electric-mobility-scooters","8":"first","9":"instock","10":"shipping-taxable","11":"purchasable","12":"product-type-variable"},"acf":[],"_links":{"self":[{"href":"https:\/\/www.electricstore.eu\/da\/wp-json\/wp\/v2\/product\/8544","targetHints":{"allow":["GET"]}}],"collection":[{"href":"https:\/\/www.electricstore.eu\/da\/wp-json\/wp\/v2\/product"}],"about":[{"href":"https:\/\/www.electricstore.eu\/da\/wp-json\/wp\/v2\/types\/product"}],"replies":[{"embeddable":true,"href":"https:\/\/www.electricstore.eu\/da\/wp-json\/wp\/v2\/comments?post=8544"}],"wp:featuredmedia":[{"embeddable":true,"href":"https:\/\/www.electricstore.eu\/da\/wp-json\/wp\/v2\/media\/8546"}],"wp:attachment":[{"href":"https:\/\/www.electricstore.eu\/da\/wp-json\/wp\/v2\/media?parent=8544"}],"wp:term":[{"taxonomy":"product_brand","embeddable":true,"href":"https:\/\/www.electricstore.eu\/da\/wp-json\/wp\/v2\/product_brand?post=8544"},{"taxonomy":"product_cat","embeddable":true,"href":"https:\/\/www.electricstore.eu\/da\/wp-json\/wp\/v2\/product_cat?post=8544"},{"taxonomy":"product_tag","embeddable":true,"href":"https:\/\/www.electricstore.eu\/da\/wp-json\/wp\/v2\/product_tag?post=8544"}],"curies":[{"name":"wp","href":"https:\/\/api.w.org\/{rel}","templated":true}]}}