{"id":8492,"date":"2025-05-19T20:31:29","date_gmt":"2025-05-19T20:31:29","guid":{"rendered":"https:\/\/electricstore.eu\/product\/uncategorized\/n3max-n3lma-electric-scooter-48v-15ah-50km\/"},"modified":"2025-05-21T05:41:27","modified_gmt":"2025-05-21T05:41:27","slug":"n3max-n3lma-electric-scooter-48v-15ah-50km","status":"publish","type":"product","link":"https:\/\/www.electricstore.eu\/da\/p\/scooters\/electric-off-road-scooter\/n3max-n3lma-electric-scooter-48v-15ah-50km\/","title":{"rendered":"SUNNIGOO N3MAX 800W 48V 15Ah 50 km\/t 40-60 km 10\u2033 Tohjulet El-Scooter"},"content":{"rendered":"<div class=\"product-specs-list-container\">\n<ul class=\"product-specs-list util-clearfix\">\n<li class=\"product-prop line-limit-length\"><span\n                                        class=\"property-title\">D\u00e6kst\u00f8rrelse:&nbsp;<\/span><span\n                                        class=\"property-desc line-limit-length\">10 tommer<\/span>\n                            <\/li>\n<li class=\"product-prop line-limit-length\"><span\n                                        class=\"property-title\">Modelnummer:&nbsp;<\/span><span\n                                        class=\"property-desc line-limit-length\">N3MAX<\/span>\n                            <\/li>\n<li class=\"product-prop line-limit-length\"><span\n                                        class=\"property-title\">Kategori:&nbsp;<\/span><span\n                                        class=\"property-desc line-limit-length\">Tohjulet scooter<\/span>\n                            <\/li>\n<li class=\"product-prop line-limit-length\"><span\n                                        class=\"property-title\">Relevante personer:&nbsp;<\/span><span\n                                        class=\"property-desc line-limit-length\">Unisex<\/span>\n                            <\/li>\n<li class=\"product-prop line-limit-length\"><span\n                                        class=\"property-title\">R\u00e6kkevidde pr. opladning:&nbsp;<\/span><span\n                                        class=\"property-desc line-limit-length\">40-60 km<\/span>\n                            <\/li>\n<li class=\"product-prop line-limit-length\"><span\n                                        class=\"property-title\">Opladningstid:&nbsp;<\/span><span\n                                        class=\"property-desc line-limit-length\">6-8 timer<\/span>\n                            <\/li>\n<li class=\"product-prop line-limit-length\"><span\n                                        class=\"property-title\">Sp\u00e6nding:&nbsp;<\/span><span\n                                        class=\"property-desc line-limit-length\">48v<\/span>\n                            <\/li>\n<li class=\"product-prop line-limit-length\"><span\n                                        class=\"property-title\">Foldet:&nbsp;<\/span><span\n                                        class=\"property-desc line-limit-length\">JA<\/span>\n                            <\/li>\n<li class=\"product-prop line-limit-length\"><span\n                                        class=\"property-title\">Effekt (W):&nbsp;<\/span><span\n                                        class=\"property-desc line-limit-length\">501-1000w<\/span>\n                            <\/li>\n<li class=\"product-prop line-limit-length\"><span\n                                        class=\"property-title\">Oprindelse:&nbsp;<\/span><span\n                                        class=\"property-desc line-limit-length\">Kinas fastland<\/span>\n                            <\/li>\n<li class=\"product-prop line-limit-length\"><span\n                                        class=\"property-title\">M\u00e6rkenavn:&nbsp;<\/span><span\n                                        class=\"property-desc line-limit-length\">SUNNIGOO<\/span>\n                            <\/li>\n<li class=\"product-prop line-limit-length\"><span\n                                        class=\"property-title\">Motor::&nbsp;<\/span><span\n                                        class=\"property-desc line-limit-length\">800W<\/span>\n                            <\/li>\n<li class=\"product-prop line-limit-length\"><span\n                                        class=\"property-title\">Batteri::&nbsp;<\/span><span\n                                        class=\"property-desc line-limit-length\">48V 15Ah<\/span>\n                            <\/li>\n<li class=\"product-prop line-limit-length\"><span\n                                        class=\"property-title\">Maksimal hastighed::&nbsp;<\/span><span\n                                        class=\"property-desc line-limit-length\">50 km\/t<\/span>\n                            <\/li>\n<li class=\"product-prop line-limit-length\"><span\n                                        class=\"property-title\">Maks. kilometertal::&nbsp;<\/span><span\n                                        class=\"property-desc line-limit-length\">40-50 km<\/span>\n                            <\/li>\n<li class=\"product-prop line-limit-length\"><span\n                                        class=\"property-title\">Certifikat:&nbsp;<\/span><span\n                                        class=\"property-desc line-limit-length\"><\/span>\n                            <\/li>\n<\/ul><\/div>\n<div class=\"detailmodule_html\">\n<div class=\"detail-desc-decorate-richtext\">\n<ul>\n<li>\n<p style=\"text-align:left\" class=\"MsoNormal\" align=\"left\"><span style=\"font-size:20px;font-family:arial, helvetica, sans-serif\">Model: N3MAX\/N3LMAX<\/span><\/p>\n<\/li>\n<li>\n<p style=\"text-align:left\" class=\"MsoNormal\" align=\"left\"><span style=\"font-size:20px;font-family:arial, helvetica, sans-serif\">Maks. motor: 800w<\/span><\/p>\n<\/li>\n<li>\n<p style=\"text-align:left\" class=\"MsoNormal\" align=\"left\"><span style=\"font-size:20px;font-family:arial, helvetica, sans-serif\">Motorens effekt: 500w<\/span><\/p>\n<\/li>\n<li>\n<p style=\"text-align:left\" class=\"MsoNormal\" align=\"left\"><span style=\"font-size:20px;font-family:arial, helvetica, sans-serif\">Batteri: 48v 13ah\/15ah lithiumbatteri<\/span><\/p>\n<\/li>\n<li>\n<p style=\"text-align:left\" class=\"MsoNormal\" align=\"left\"><span style=\"font-size:20px;font-family:arial, helvetica, sans-serif\">Maksimal hastighed: 45 km\/t<\/span><\/p>\n<\/li>\n<li>\n<p style=\"text-align:left\" class=\"MsoNormal\" align=\"left\"><span style=\"font-size:20px;font-family:arial, helvetica, sans-serif\">Maksimal kilometertal: 40-50 km<\/span><\/p>\n<\/li>\n<li>\n<p style=\"text-align:left\" class=\"MsoNormal\" align=\"left\"><span style=\"font-size:20px;font-family:arial, helvetica, sans-serif\">D\u00e6k: 10 tommer terr\u00e6nd\u00e6k<\/span><\/p>\n<\/li>\n<li>\n<p style=\"text-align:left\" class=\"MsoNormal\" align=\"left\"><span style=\"font-size:20px;font-family:arial, helvetica, sans-serif\">Klatreevne: 30 grader<\/span><\/p>\n<\/li>\n<li>\n<p style=\"text-align:left\" class=\"MsoNormal\" align=\"left\"><span style=\"font-size:20px;font-family:arial, helvetica, sans-serif\">Maksimal belastning: 150 kg<\/span><\/p>\n<\/li>\n<li>\n<p style=\"text-align:left\" class=\"MsoNormal\" align=\"left\"><span style=\"font-size:20px;font-family:arial, helvetica, sans-serif\">Justerbar stang: Ja<\/span><\/p>\n<\/li>\n<li>\n<p style=\"text-align:left\" class=\"MsoNormal\" align=\"left\"><span style=\"font-size:20px;font-family:arial, helvetica, sans-serif\">Aftageligt s\u00e6de: Ja<\/span><\/p>\n<\/li>\n<li>\n<p style=\"text-align:left\" class=\"MsoNormal\" align=\"left\"><span style=\"font-size:20px;font-family:arial, helvetica, sans-serif\">Sammenklappelig: Ja<\/span><\/p>\n<\/li>\n<li>\n<p><span style=\"font-size:20px\">En kraftfuld 800W motor giver hastigheder p\u00e5 op til 50 km\/t, hvilket g\u00f8r den til en hurtig og effektiv l\u00f8sning for voksne, der \u00f8nsker at komme hurtigt rundt.<\/span><\/p>\n<\/li>\n<li>\n<p><span style=\"font-size:20px\">Med et 48V 15Ah batteri har denne elektriske scooter en langvarig opladning, der kan tage dig op til 40-50 km p\u00e5 en enkelt opladning.<\/span><\/p>\n<\/li>\n<li>\n<p><span style=\"font-size:20px\">Det komfortable s\u00e6de g\u00f8r denne scooter ideel til l\u00e6ngere ture, uanset om du pendler til arbejde eller udforsker byen.<\/span><\/p>\n<\/li>\n<li>\n<p><span style=\"font-size:20px\">Udstyret med en advarselsl\u00e5s for ekstra sikkerhed kan du v\u00e6re sikker p\u00e5, at din scooter er sikker, n\u00e5r du ikke bruger den.<\/span><\/p>\n<\/li>\n<li>\n<p><span style=\"font-size:20px\">Denne elektriske scooter er designet til voksne og tilbyder en j\u00e6vn og stabil k\u00f8rsel, hvilket g\u00f8r den til et godt alternativ til traditionelle knallerter eller motoriserede scootere.<\/span><\/p>\n<\/li>\n<\/ul>\n<p><img decoding=\"async\" src=\"https:\/\/ae01.alicdn.com\/kf\/S48bacb96d88f42d989289caa57c65310P.jpg?width=1600&amp;height=1600&amp;hash=3200\" slate-data-type=\"image\"\/><img decoding=\"async\" src=\"https:\/\/ae01.alicdn.com\/kf\/S240ad97dcd9940fc88456a678fb656a8U.jpg?width=1600&amp;height=1600&amp;hash=3200\" slate-data-type=\"image\"\/><img decoding=\"async\" src=\"https:\/\/ae01.alicdn.com\/kf\/S6ad8341033134d508b4873a0f713d4bbL.jpg?width=1600&amp;height=1600&amp;hash=3200\" slate-data-type=\"image\"\/><img decoding=\"async\" src=\"https:\/\/ae01.alicdn.com\/kf\/Sca136d6f0a1f41458224acfa2b7fe9bau.jpg?width=1600&amp;height=1600&amp;hash=3200\" slate-data-type=\"image\"\/><img decoding=\"async\" src=\"https:\/\/ae01.alicdn.com\/kf\/S6b1388fee51348e5af6f0915d477c1f1N.jpg?width=1600&amp;height=1600&amp;hash=3200\" slate-data-type=\"image\"\/><\/p>\n<p><img decoding=\"async\" src=\"https:\/\/ae01.alicdn.com\/kf\/S320c5848070a4ca0a903a6e7d55fea7eh.jpg?width=1000&amp;height=1000&amp;hash=2000\" slate-data-type=\"image\"\/><\/p>\n<p><img decoding=\"async\" src=\"https:\/\/ae01.alicdn.com\/kf\/Sbc9529add48343f980cf13de98b399653.jpg?width=1200&amp;height=1200&amp;hash=2400\" slate-data-type=\"image\"\/><\/p>\n<p><img decoding=\"async\" src=\"https:\/\/ae01.alicdn.com\/kf\/S10822e61fb034cf786a669ad0ee5e3e9v.jpg?width=1200&amp;height=1200&amp;hash=2400\" slate-data-type=\"image\"\/><\/p>\n<div><\/div>\n<\/div>\n<\/div>\n<p><\/p>","protected":false},"excerpt":{"rendered":"<p>Tire Size:&nbsp;10 inch Model Number:&nbsp;N3MAX Category:&nbsp;Two-wheel Scooter Applicable People:&nbsp;Unisex Range Per Charge:&nbsp;40-60km Charging Time:&nbsp;6-8h Voltage:&nbsp;48v Folded:&nbsp;YES Power (W):&nbsp;501-1000w Origin:&nbsp;Mainland China Brand Name:&nbsp;SUNNIGOO Motor::&nbsp;800W Battery::&nbsp;48V 15Ah Max speed::&nbsp;50km\/h Max mileage::&nbsp;40-50km Certificate:&nbsp;<\/p>","protected":false},"featured_media":8494,"comment_status":"open","ping_status":"closed","template":"","meta":{"_acf_changed":false},"product_brand":[],"product_cat":[468,297],"product_tag":[],"class_list":{"0":"post-8492","1":"product","2":"type-product","3":"status-publish","4":"has-post-thumbnail","6":"product_cat-electric-off-road-scooter","7":"product_cat-scooters","9":"first","10":"instock","11":"shipping-taxable","12":"purchasable","13":"product-type-variable"},"acf":[],"_links":{"self":[{"href":"https:\/\/www.electricstore.eu\/da\/wp-json\/wp\/v2\/product\/8492","targetHints":{"allow":["GET"]}}],"collection":[{"href":"https:\/\/www.electricstore.eu\/da\/wp-json\/wp\/v2\/product"}],"about":[{"href":"https:\/\/www.electricstore.eu\/da\/wp-json\/wp\/v2\/types\/product"}],"replies":[{"embeddable":true,"href":"https:\/\/www.electricstore.eu\/da\/wp-json\/wp\/v2\/comments?post=8492"}],"wp:featuredmedia":[{"embeddable":true,"href":"https:\/\/www.electricstore.eu\/da\/wp-json\/wp\/v2\/media\/8494"}],"wp:attachment":[{"href":"https:\/\/www.electricstore.eu\/da\/wp-json\/wp\/v2\/media?parent=8492"}],"wp:term":[{"taxonomy":"product_brand","embeddable":true,"href":"https:\/\/www.electricstore.eu\/da\/wp-json\/wp\/v2\/product_brand?post=8492"},{"taxonomy":"product_cat","embeddable":true,"href":"https:\/\/www.electricstore.eu\/da\/wp-json\/wp\/v2\/product_cat?post=8492"},{"taxonomy":"product_tag","embeddable":true,"href":"https:\/\/www.electricstore.eu\/da\/wp-json\/wp\/v2\/product_tag?post=8492"}],"curies":[{"name":"wp","href":"https:\/\/api.w.org\/{rel}","templated":true}]}}