{"id":8486,"date":"2025-05-19T20:31:26","date_gmt":"2025-05-19T20:31:26","guid":{"rendered":"https:\/\/electricstore.eu\/product\/uncategorized\/e5b-6000w60v40ah-folding-85-km-h-electric-scooter\/"},"modified":"2025-05-20T13:07:46","modified_gmt":"2025-05-20T13:07:46","slug":"e5b-6000w60v40ah-folding-85-km-h-electric-scooter","status":"publish","type":"product","link":"https:\/\/www.electricstore.eu\/da\/p\/scooters\/electric-off-road-scooter\/e5b-6000w60v40ah-folding-85-km-h-electric-scooter\/","title":{"rendered":"Electrib E5B 6000W 60V 40Ah 85 km\/t 150 km 11\u2033 foldbar elektrisk l\u00f8behjul"},"content":{"rendered":"<div class=\"product-specs-list-container\">\n<ul class=\"product-specs-list util-clearfix\">\n<li class=\"product-prop line-limit-length\"><span\n                                        class=\"property-title\">Modelnummer:&nbsp;<\/span><span\n                                        class=\"property-desc line-limit-length\">E5B<\/span>\n                            <\/li>\n<li class=\"product-prop line-limit-length\"><span\n                                        class=\"property-title\">Kategori:&nbsp;<\/span><span\n                                        class=\"property-desc line-limit-length\">Tohjulet scooter<\/span>\n                            <\/li>\n<li class=\"product-prop line-limit-length\"><span\n                                        class=\"property-title\">Relevante personer:&nbsp;<\/span><span\n                                        class=\"property-desc line-limit-length\">Unisex<\/span>\n                            <\/li>\n<li class=\"product-prop line-limit-length\"><span\n                                        class=\"property-title\">R\u00e6kkevidde pr. opladning:&nbsp;<\/span><span\n                                        class=\"property-desc line-limit-length\">60-80 km<\/span>\n                            <\/li>\n<li class=\"product-prop line-limit-length\"><span\n                                        class=\"property-title\">Opladningstid:&nbsp;<\/span><span\n                                        class=\"property-desc line-limit-length\">6-8 timer<\/span>\n                            <\/li>\n<li class=\"product-prop line-limit-length\"><span\n                                        class=\"property-title\">Sp\u00e6nding:&nbsp;<\/span><span\n                                        class=\"property-desc line-limit-length\">60v<\/span>\n                            <\/li>\n<li class=\"product-prop line-limit-length\"><span\n                                        class=\"property-title\">Foldet:&nbsp;<\/span><span\n                                        class=\"property-desc line-limit-length\">JA<\/span>\n                            <\/li>\n<li class=\"product-prop line-limit-length\"><span\n                                        class=\"property-title\">Oprindelse:&nbsp;<\/span><span\n                                        class=\"property-desc line-limit-length\">Kinas fastland<\/span>\n                            <\/li>\n<li class=\"product-prop line-limit-length\"><span\n                                        class=\"property-title\">Effekt (W):&nbsp;<\/span><span\n                                        class=\"property-desc line-limit-length\">6000W<\/span>\n                            <\/li>\n<li class=\"product-prop line-limit-length\"><span\n                                        class=\"property-title\">oprindelsesland:&nbsp;<\/span><span\n                                        class=\"property-desc line-limit-length\">Anhui, Kina<\/span>\n                            <\/li>\n<li class=\"product-prop line-limit-length\"><span\n                                        class=\"property-title\">m\u00e6rke:&nbsp;<\/span><span\n                                        class=\"property-desc line-limit-length\">WO DIG<\/span>\n                            <\/li>\n<li class=\"product-prop line-limit-length\"><span\n                                        class=\"property-title\">Model:&nbsp;<\/span><span\n                                        class=\"property-desc line-limit-length\">E5B<\/span>\n                            <\/li>\n<li class=\"product-prop line-limit-length\"><span\n                                        class=\"property-title\">opladningstid:&nbsp;<\/span><span\n                                        class=\"property-desc line-limit-length\">8-10 timer<\/span>\n                            <\/li>\n<li class=\"product-prop line-limit-length\"><span\n                                        class=\"property-title\">Om man skal folde:&nbsp;<\/span><span\n                                        class=\"property-desc line-limit-length\">Ja<\/span>\n                            <\/li>\n<li class=\"product-prop line-limit-length\"><span\n                                        class=\"property-title\">kilometer\/opladning \u00e9n gang:&nbsp;<\/span><span\n                                        class=\"property-desc line-limit-length\">150 km<\/span>\n                            <\/li>\n<li class=\"product-prop line-limit-length\"><span\n                                        class=\"property-title\">Maksimal hastighed:&nbsp;<\/span><span\n                                        class=\"property-desc line-limit-length\">85 km\/t<\/span>\n                            <\/li>\n<li class=\"product-prop line-limit-length\"><span\n                                        class=\"property-title\">klassifikation:&nbsp;<\/span><span\n                                        class=\"property-desc line-limit-length\">tohjulet scooter<\/span>\n                            <\/li>\n<li class=\"product-prop line-limit-length\"><span\n                                        class=\"property-title\">relevant population:&nbsp;<\/span><span\n                                        class=\"property-desc line-limit-length\">Unisex<\/span>\n                            <\/li>\n<li class=\"product-prop line-limit-length\"><span\n                                        class=\"property-title\">Intelligent:&nbsp;<\/span><span\n                                        class=\"property-desc line-limit-length\">elektronisk<\/span>\n                            <\/li>\n<li class=\"product-prop line-limit-length\"><span\n                                        class=\"property-title\">Batterikapacitet:&nbsp;<\/span><span\n                                        class=\"property-desc line-limit-length\">40Ah<\/span>\n                            <\/li>\n<li class=\"product-prop line-limit-length\"><span\n                                        class=\"property-title\">patenteret produkt:&nbsp;<\/span><span\n                                        class=\"property-desc line-limit-length\">Udseendepatenter, opfindelsespatenter, brugsmodelpatenter<\/span>\n                            <\/li>\n<li class=\"product-prop line-limit-length\"><span\n                                        class=\"property-title\">Produktnavn:&nbsp;<\/span><span\n                                        class=\"property-desc line-limit-length\">2-hjulet elektrisk l\u00f8behjul<\/span>\n                            <\/li>\n<li class=\"product-prop line-limit-length\"><span\n                                        class=\"property-title\">Batteri:&nbsp;<\/span><span\n                                        class=\"property-desc line-limit-length\">60V 40Ah<\/span>\n                            <\/li>\n<li class=\"product-prop line-limit-length\"><span\n                                        class=\"property-title\">d\u00e6k:&nbsp;<\/span><span\n                                        class=\"property-desc line-limit-length\">Elleve tommer.<\/span>\n                            <\/li>\n<li class=\"product-prop line-limit-length\"><span\n                                        class=\"property-title\">farve:&nbsp;<\/span><span\n                                        class=\"property-desc line-limit-length\">sort<\/span>\n                            <\/li>\n<li class=\"product-prop line-limit-length\"><span\n                                        class=\"property-title\">Bremse:&nbsp;<\/span><span\n                                        class=\"property-desc line-limit-length\">Bagerste skivebremse<\/span>\n                            <\/li>\n<li class=\"product-prop line-limit-length\"><span\n                                        class=\"property-title\">n\u00f8gleord:&nbsp;<\/span><span\n                                        class=\"property-desc line-limit-length\">Sammenklappelig elektrisk l\u00f8behjul<\/span>\n                            <\/li>\n<li class=\"product-prop line-limit-length\"><span\n                                        class=\"property-title\">Maksimal belastning:&nbsp;<\/span><span\n                                        class=\"property-desc line-limit-length\">150 kg<\/span>\n                            <\/li>\n<li class=\"product-prop line-limit-length\"><span\n                                        class=\"property-title\">materiale:&nbsp;<\/span><span\n                                        class=\"property-desc line-limit-length\">Aluminiumlegering<\/span>\n                            <\/li>\n<li class=\"product-prop line-limit-length\"><span\n                                        class=\"property-title\">motor:&nbsp;<\/span><span\n                                        class=\"property-desc line-limit-length\">6000W<\/span>\n                            <\/li>\n<li class=\"product-prop line-limit-length\"><span\n                                        class=\"property-title\">omfang:&nbsp;<\/span><span\n                                        class=\"property-desc line-limit-length\">170 km<\/span>\n                            <\/li>\n<li class=\"product-prop line-limit-length\"><span\n                                        class=\"property-title\">Certifikat:&nbsp;<\/span><span\n                                        class=\"property-desc line-limit-length\"><\/span>\n                            <\/li>\n<\/ul><\/div>\n<div class=\"detailmodule_html\">\n<div class=\"detail-desc-decorate-richtext\">\n<div id=\"detail_decorate_root\">\n<div>&nbsp;<\/div>\n<div class=\"J_module\">\n<div class=\"magic-0\" id=\"ali-anchor-AliMagic-nsq3f0\">Specifikation<\/div>\n<\/div>\n<div class=\"J_module\">\n<div class=\"ife-detail-decorate-table\">\n<table class=\"all magic-1\" style=\"border-collapse:collapse\">\n<tbody>\n<tr>\n<td colspan=\"1\" rowspan=\"1\">\n<div class=\"magic-2\">Batteri<\/div>\n<\/td>\n<td colspan=\"1\" rowspan=\"1\">\n<div class=\"magic-3\">60V 40Ah<\/div>\n<\/td>\n<\/tr>\n<tr>\n<td colspan=\"1\" rowspan=\"1\">\n<div class=\"magic-2\">Maksimal belastning<\/div>\n<\/td>\n<td colspan=\"1\" rowspan=\"1\">\n<div class=\"magic-3\">150 kg<\/div>\n<\/td>\n<\/tr>\n<tr>\n<td colspan=\"1\" rowspan=\"1\">\n<div class=\"magic-2\">Materiale<\/div>\n<\/td>\n<td colspan=\"1\" rowspan=\"1\">\n<div class=\"magic-3\">Aluminiumlegering<\/div>\n<\/td>\n<\/tr>\n<tr>\n<td colspan=\"1\" rowspan=\"1\">\n<div class=\"magic-2\">Motor<\/div>\n<\/td>\n<td colspan=\"1\" rowspan=\"1\">\n<div class=\"magic-3\">6000W<\/div>\n<\/td>\n<\/tr>\n<\/tbody>\n<\/table>\n<\/div>\n<\/div>\n<div class=\"J_module\">\n<div class=\"magic-0\" id=\"ali-anchor-AliMagic-of90id\">Produktbeskrivelse<\/div>\n<\/div>\n<div class=\"J_module\">\n<div class=\"icbu-pc-detailManyImage magic-4\">\n<div class=\"magic-5\"><img decoding=\"async\" class=\"magic-6\" slate-data-type=\"image\" src=\"https:\/\/ae01.alicdn.com\/kf\/S65820a7038f74ae2962d6fa7dd49633cU.jpg?width=515&#038;height=486&#038;hash=1001\"><\/div>\n<div class=\"magic-5\"><img decoding=\"async\" class=\"magic-6\" slate-data-type=\"image\" src=\"https:\/\/ae01.alicdn.com\/kf\/S18a0638a27494cbcb2b027fb8e402defR.jpg?width=750&#038;height=500&#038;hash=1250\"><\/div>\n<div class=\"magic-5\"><img decoding=\"async\" class=\"magic-6\" slate-data-type=\"image\" src=\"https:\/\/ae01.alicdn.com\/kf\/Sfb8b0d08a8ba43f0a3dbaa62e1121c2aY.jpg?width=1200&#038;height=1200&#038;hash=2400\"><\/div>\n<div class=\"magic-5\"><img decoding=\"async\" class=\"magic-6\" slate-data-type=\"image\" src=\"https:\/\/ae01.alicdn.com\/kf\/Scc990049c36d4b37b24dad34dad1ec3cy.jpg?width=1200&#038;height=1200&#038;hash=2400\"><\/div>\n<div class=\"magic-5\"><img decoding=\"async\" class=\"magic-6\" slate-data-type=\"image\" src=\"https:\/\/ae01.alicdn.com\/kf\/S634a46af9b3d487b88a9aaff14bf8170J.jpg?width=1200&#038;height=1200&#038;hash=2400\"><\/div>\n<div class=\"magic-5\"><img decoding=\"async\" class=\"magic-6\" slate-data-type=\"image\" src=\"https:\/\/ae01.alicdn.com\/kf\/S5945295c1a9e46d1bff322cec005f4edG.jpg?width=750&#038;height=510&#038;hash=1260\"><\/div>\n<\/div>\n<\/div>\n<div class=\"J_module\">\n<div class=\"magic-0\" id=\"ali-anchor-AliMagic-6h2bwz\">Produktemballage<\/div>\n<\/div>\n<div class=\"J_module\">\n<div class=\"icbu-pc-images magic-7\">\n<div>\n<div class=\"flex-layout-h\">\n<div class=\"flex-layout-v magic-8\">\n<div class=\"magic-9\"><img decoding=\"async\" class=\"magic-10\" slate-data-type=\"image\" src=\"https:\/\/ae01.alicdn.com\/kf\/Se230d80ee316434eb1ab9ed49ecceefcf.jpg?width=1280&#038;height=960&#038;hash=2240\"><\/div>\n<div class=\"magic-11\"><img decoding=\"async\" class=\"magic-12\" slate-data-type=\"image\" src=\"https:\/\/ae01.alicdn.com\/kf\/S931dedc708334ca2a5c3db969308fbe3G.jpg?width=800&#038;height=800&#038;hash=1600\"><\/div>\n<\/div>\n<div class=\"magic-13\"><img decoding=\"async\" class=\"magic-14\" slate-data-type=\"image\" src=\"https:\/\/ae01.alicdn.com\/kf\/S927640a021c846eea487f0093ab20dd7C.jpg?width=600&#038;height=800&#038;hash=1400\"><\/div>\n<\/div>\n<\/div>\n<\/div>\n<\/div>\n<div class=\"J_module\">\n<div class=\"icbu-pc-images magic-7\">\n<div>\n<div class=\"flex-layout-h\">\n<div class=\"flex-layout-v magic-15\">\n<div class=\"magic-16\"><img decoding=\"async\" class=\"magic-17\" slate-data-type=\"image\" src=\"https:\/\/ae01.alicdn.com\/kf\/S6c36c4e783784b24ae8e7c7eb35646f8U.jpg?width=600&#038;height=800&#038;hash=1400\"><\/div>\n<\/div>\n<div class=\"text-wrapper magic-18\">\n<div class=\"text-wrapper-right text-theme-light text-align-left\">\n<div class=\"text-content\">\n<div>&nbsp;<\/div>\n<div>&nbsp;<\/div>\n<div>&nbsp;<\/div>\n<div>&nbsp;<\/div>\n<div><span><strong>To better ensure the safety of&nbsp; your goods, professional,&nbsp; environmentally friendly,&nbsp; &nbsp;convenient and efficient&nbsp;packaging services<br \/>\nvil blive leveret<\/strong><\/span><\/div>\n<\/div>\n<\/div>\n<\/div>\n<\/div>\n<\/div>\n<\/div>\n<\/div>\n<div class=\"J_module\">\n<div class=\"icbu-pc-images magic-7\">\n<div>\n<div class=\"flex-layout-v\">\n<div class=\"magic-19\">Udstilling<\/div>\n<\/div>\n<\/div>\n<\/div>\n<\/div>\n<div class=\"J_module\">\n<div class=\"icbu-pc-images magic-7\">\n<div class=\"flex-layout-h\">\n<div class=\"text-wrapper magic-18\">\n<div class=\"text-wrapper-right text-theme-light text-align-left\">\n<div class=\"text-title\">\n<div class=\"magic-29\">&nbsp;<\/div>\n<\/div>\n<div class=\"text-content\">E-ONE er en virksomhed, der prim\u00e6rt besk\u00e6ftiger sig med eksport af nye energiprodukter. Virksomheden er beliggende i Anhui-provinsens hovedstad, Hefei, E-ONE <strong>er officielt blevet autoriseret <\/strong>via de velkendte branchem\u00e6rker, som f.eks. <strong>Segway-Ninebot, Intex, DYU, HIMO, Kugoo<\/strong> og nogle andre kendte. Vores komplette serie af b\u00e6redygtige, gr\u00f8nne og rene produkter sp\u00e6nder prim\u00e6rt fra <strong>elektriske l\u00f8behjul, elektriske selvbalancerende l\u00f8behjul, elektriske ethjulede cykler,<\/strong> <span><strong>elektriske gokarts<\/strong><\/span> <strong>, elcykler, elektriske motorcykler<\/strong>Med alle relaterede certifikater tilg\u00e6ngelige, hvilket helt sikkert g\u00f8r, at vi s\u00e6lger vores kvalitetsorienterede produkter over hele verden.<\/div>\n<\/div>\n<\/div>\n<\/div>\n<\/div>\n<\/div>\n<div class=\"J_module\">\n<div class=\"magic-0\" id=\"ali-anchor-AliMagic-9cjdi5\">Ofte stillede sp\u00f8rgsm\u00e5l<\/div>\n<\/div>\n<div class=\"J_module\">\n<div class=\"detail-decorate-json-renderer-container\">\n<div class=\"magic-30\">\n<h3 class=\"magic-31\">&nbsp;<\/h3>\n<div class=\"magic-32\">\n<div class=\"magic-33\">\n<div class=\"magic-34\"><strong>Q<\/strong>Er du producent? <strong>EN<\/strong>Ja, vi er producenter. Vi kan tilbyde OEM\/ODM-tilpasset service i henhold til vores kunders forskellige anvendelser og krav. Alle vores produkter er fuldt patenterede, og design, hardware og software, forme og montering udf\u00f8res af vores eget team. <strong>Q<\/strong>Hvad er minimumsbestillingen (MOQ)? <strong>EN<\/strong>Vi accepterer \u00e9n enhed for standardprodukter. Vi kan endda tilpasse med dit logo, hvis det er n\u00f8dvendigt. Hvis der kr\u00e6ves OEM, vil vi se detaljerede krav og bekr\u00e6fte MOQ til dig fra vores salgsafdeling. <strong>Q<\/strong>Kan vi f\u00e5 den gratis pr\u00f8ve? <strong>EN<\/strong>Beklager, men vi tilbyder generelt ikke gratis pr\u00f8ver. Hvis kunden bekr\u00e6fter specifikationen og prisen, kan de f\u00f8rst bestille pr\u00f8ven til test og evaluering. <strong>Q<\/strong>Hvordan bestiller og betaler man? <strong>EN<\/strong>Vi accepterer T\/T (bankoverf\u00f8rsel), Alibaba online, Western Union 1 Trade Assurance <strong>Q<\/strong>: What&#8217;s Your Products Warranty? <strong>EN<\/strong>Vi tilbyder 24 m\u00e5neders garanti efter afsendelse. <strong>Q<\/strong>Hvor lang tid tager det at f\u00e5 den leveret? <strong>EN<\/strong>Produktionstiden er omkring 3-10 dage, afh\u00e6ngigt af behovet, og leveringstiden med DHL\/UPS\/FEDEX\/TNT er omkring 3-7 arbejdsdage. For nogle fjerntliggende steder kan leveringstiden v\u00e6re lidt l\u00e6ngere. <strong>Q<\/strong> Hvordan reparerer man enheden, hvis der er et problem? <strong>EN<\/strong>Vi yder teknisk support online for at l\u00f8se problemet. Hvis der er et hardwareproblem, kan vi sende delene eller komponenterne og l\u00e6re kunden at montere dem, hvis de har en tekniker, eller de kan ogs\u00e5 sende dem tilbage til os for at l\u00f8se det. <strong>Q<\/strong>Kan I tilpasse og distribuere vores produkt? <strong>EN<\/strong>Vi er en professionel elcykelproducent med 8 \u00e5rs produktionserfaring. Vi underst\u00f8tter enhver tilpasning, distribution og engroshandel af produkter.<\/div>\n<\/div>\n<\/div>\n<\/div>\n<\/div>\n<\/div>\n<\/div>\n<p>&nbsp;<\/p>\n<\/div>\n<\/div>","protected":false},"excerpt":{"rendered":"<p>Model Number:&nbsp;E5B Category:&nbsp;Two-wheel Scooter Applicable People:&nbsp;Unisex Range Per Charge:&nbsp;60-80km Charging Time:&nbsp;6-8h Voltage:&nbsp;60v Folded:&nbsp;YES Origin:&nbsp;Mainland China Power (W):&nbsp;6000W country of origin:&nbsp;Anhui, China brand:&nbsp;WO YU Model:&nbsp;E5B charging time:&nbsp;8-10 hours Whether to fold:&nbsp;Yes<\/p>","protected":false},"featured_media":8487,"comment_status":"open","ping_status":"closed","template":"","meta":{"_acf_changed":false},"product_brand":[],"product_cat":[468,297],"product_tag":[],"class_list":{"0":"post-8486","1":"product","2":"type-product","3":"status-publish","4":"has-post-thumbnail","6":"product_cat-electric-off-road-scooter","7":"product_cat-scooters","9":"first","10":"instock","11":"shipping-taxable","12":"purchasable","13":"product-type-simple"},"acf":[],"_links":{"self":[{"href":"https:\/\/www.electricstore.eu\/da\/wp-json\/wp\/v2\/product\/8486","targetHints":{"allow":["GET"]}}],"collection":[{"href":"https:\/\/www.electricstore.eu\/da\/wp-json\/wp\/v2\/product"}],"about":[{"href":"https:\/\/www.electricstore.eu\/da\/wp-json\/wp\/v2\/types\/product"}],"replies":[{"embeddable":true,"href":"https:\/\/www.electricstore.eu\/da\/wp-json\/wp\/v2\/comments?post=8486"}],"wp:featuredmedia":[{"embeddable":true,"href":"https:\/\/www.electricstore.eu\/da\/wp-json\/wp\/v2\/media\/8487"}],"wp:attachment":[{"href":"https:\/\/www.electricstore.eu\/da\/wp-json\/wp\/v2\/media?parent=8486"}],"wp:term":[{"taxonomy":"product_brand","embeddable":true,"href":"https:\/\/www.electricstore.eu\/da\/wp-json\/wp\/v2\/product_brand?post=8486"},{"taxonomy":"product_cat","embeddable":true,"href":"https:\/\/www.electricstore.eu\/da\/wp-json\/wp\/v2\/product_cat?post=8486"},{"taxonomy":"product_tag","embeddable":true,"href":"https:\/\/www.electricstore.eu\/da\/wp-json\/wp\/v2\/product_tag?post=8486"}],"curies":[{"name":"wp","href":"https:\/\/api.w.org\/{rel}","templated":true}]}}