{"id":8462,"date":"2025-05-19T20:31:13","date_gmt":"2025-05-19T20:31:13","guid":{"rendered":"https:\/\/electricstore.eu\/product\/uncategorized\/hx-x8-folding-electric-scooter-350w-45km\/"},"modified":"2025-05-21T05:41:27","modified_gmt":"2025-05-21T05:41:27","slug":"hx-x8-folding-electric-scooter-350w-45km","status":"publish","type":"product","link":"https:\/\/www.electricstore.eu\/da\/p\/scooters\/electric-city-scooters\/hx-x8-folding-electric-scooter-350w-45km\/","title":{"rendered":"Kixin X8 350W 36V 10Ah 32 km\/t 40-60 km 10\u2033 foldbar elektrisk l\u00f8behjul"},"content":{"rendered":"<div class=\"product-specs-list-container\">\n<ul class=\"product-specs-list util-clearfix\">\n<li class=\"product-prop line-limit-length\"><span\n                                        class=\"property-title\">Modelnummer:&nbsp;<\/span><span\n                                        class=\"property-desc line-limit-length\">x8<\/span>\n                            <\/li>\n<li class=\"product-prop line-limit-length\"><span\n                                        class=\"property-title\">Kategori:&nbsp;<\/span><span\n                                        class=\"property-desc line-limit-length\">Tohjulet scooter<\/span>\n                            <\/li>\n<li class=\"product-prop line-limit-length\"><span\n                                        class=\"property-title\">Relevante personer:&nbsp;<\/span><span\n                                        class=\"property-desc line-limit-length\">WOMEN<\/span>\n                            <\/li>\n<li class=\"product-prop line-limit-length\"><span\n                                        class=\"property-title\">R\u00e6kkevidde pr. opladning:&nbsp;<\/span><span\n                                        class=\"property-desc line-limit-length\">40-60 km<\/span>\n                            <\/li>\n<li class=\"product-prop line-limit-length\"><span\n                                        class=\"property-title\">Opladningstid:&nbsp;<\/span><span\n                                        class=\"property-desc line-limit-length\">6-8 timer<\/span>\n                            <\/li>\n<li class=\"product-prop line-limit-length\"><span\n                                        class=\"property-title\">Sp\u00e6nding:&nbsp;<\/span><span\n                                        class=\"property-desc line-limit-length\">36v<\/span>\n                            <\/li>\n<li class=\"product-prop line-limit-length\"><span\n                                        class=\"property-title\">Foldet:&nbsp;<\/span><span\n                                        class=\"property-desc line-limit-length\">JA<\/span>\n                            <\/li>\n<li class=\"product-prop line-limit-length\"><span\n                                        class=\"property-title\">Oprindelse:&nbsp;<\/span><span\n                                        class=\"property-desc line-limit-length\">Kinas fastland<\/span>\n                            <\/li>\n<li class=\"product-prop line-limit-length\"><span\n                                        class=\"property-title\">Effekt (W):&nbsp;<\/span><span\n                                        class=\"property-desc line-limit-length\">201-500W<\/span>\n                            <\/li>\n<li class=\"product-prop line-limit-length\"><span\n                                        class=\"property-title\">Oprindelsessted:&nbsp;<\/span><span\n                                        class=\"property-desc line-limit-length\">Guangdong, Kina<\/span>\n                            <\/li>\n<li class=\"product-prop line-limit-length\"><span\n                                        class=\"property-title\">M\u00e6rke:&nbsp;<\/span><span\n                                        class=\"property-desc line-limit-length\">Kixin<\/span>\n                            <\/li>\n<li class=\"product-prop line-limit-length\"><span\n                                        class=\"property-title\">Modelnummer:&nbsp;<\/span><span\n                                        class=\"property-desc line-limit-length\">X8<\/span>\n                            <\/li>\n<li class=\"product-prop line-limit-length\"><span\n                                        class=\"property-title\">Opladningstid:&nbsp;<\/span><span\n                                        class=\"property-desc line-limit-length\">5-6 timer<\/span>\n                            <\/li>\n<li class=\"product-prop line-limit-length\"><span\n                                        class=\"property-title\">Sammenklappelig:&nbsp;<\/span><span\n                                        class=\"property-desc line-limit-length\">Ja<\/span>\n                            <\/li>\n<li class=\"product-prop line-limit-length\"><span\n                                        class=\"property-title\">R\u00e6kkevidde pr. opladning:&nbsp;<\/span><span\n                                        class=\"property-desc line-limit-length\">40-60 km<\/span>\n                            <\/li>\n<li class=\"product-prop line-limit-length\"><span\n                                        class=\"property-title\">Maksimal hastighed:&nbsp;<\/span><span\n                                        class=\"property-desc line-limit-length\">31-40 km\/t<\/span>\n                            <\/li>\n<li class=\"product-prop line-limit-length\"><span\n                                        class=\"property-title\">Kategori:&nbsp;<\/span><span\n                                        class=\"property-desc line-limit-length\">Tohjulet scooter<\/span>\n                            <\/li>\n<li class=\"product-prop line-limit-length\"><span\n                                        class=\"property-title\">G\u00e6lder for m\u00e6ngden:&nbsp;<\/span><span\n                                        class=\"property-desc line-limit-length\">Unisex<\/span>\n                            <\/li>\n<li class=\"product-prop line-limit-length\"><span\n                                        class=\"property-title\">Smart type:&nbsp;<\/span><span\n                                        class=\"property-desc line-limit-length\">Elektronisk, Digital<\/span>\n                            <\/li>\n<li class=\"product-prop line-limit-length\"><span\n                                        class=\"property-title\">Batterikapacitet:&nbsp;<\/span><span\n                                        class=\"property-desc line-limit-length\">10ah<\/span>\n                            <\/li>\n<li class=\"product-prop line-limit-length\"><span\n                                        class=\"property-title\">Patenteret produkt:&nbsp;<\/span><span\n                                        class=\"property-desc line-limit-length\">INGEN<\/span>\n                            <\/li>\n<li class=\"product-prop line-limit-length\"><span\n                                        class=\"property-title\">Produktnavn:&nbsp;<\/span><span\n                                        class=\"property-desc line-limit-length\">Kixin X8 folding Electric Scooter for Adult<\/span>\n                            <\/li>\n<li class=\"product-prop line-limit-length\"><span\n                                        class=\"property-title\">Top Speed:&nbsp;<\/span><span\n                                        class=\"property-desc line-limit-length\">32 km\/t<\/span>\n                            <\/li>\n<li class=\"product-prop line-limit-length\"><span\n                                        class=\"property-title\">Batteri:&nbsp;<\/span><span\n                                        class=\"property-desc line-limit-length\">36V 10Ah<\/span>\n                            <\/li>\n<li class=\"product-prop line-limit-length\"><span\n                                        class=\"property-title\">R\u00e6kkevidde:&nbsp;<\/span><span\n                                        class=\"property-desc line-limit-length\">35-45 km<\/span>\n                            <\/li>\n<li class=\"product-prop line-limit-length\"><span\n                                        class=\"property-title\">Motorkraft:&nbsp;<\/span><span\n                                        class=\"property-desc line-limit-length\">350W motor<\/span>\n                            <\/li>\n<li class=\"product-prop line-limit-length\"><span\n                                        class=\"property-title\">Maksimal belastning:&nbsp;<\/span><span\n                                        class=\"property-desc line-limit-length\">100 kg<\/span>\n                            <\/li>\n<li class=\"product-prop line-limit-length\"><span\n                                        class=\"property-title\">D\u00e6k:&nbsp;<\/span><span\n                                        class=\"property-desc line-limit-length\">10&#039;&#039;  wheels<\/span>\n                            <\/li>\n<li class=\"product-prop line-limit-length\"><span\n                                        class=\"property-title\">Certificering:&nbsp;<\/span><span\n                                        class=\"property-desc line-limit-length\">CE<\/span>\n                            <\/li>\n<li class=\"product-prop line-limit-length\"><span\n                                        class=\"property-title\">Bremsesystem:&nbsp;<\/span><span\n                                        class=\"property-desc line-limit-length\">Front and Rear Disc brakes<\/span>\n                            <\/li>\n<li class=\"product-prop line-limit-length\"><span\n                                        class=\"property-title\">Hill Climbing:&nbsp;<\/span><span\n                                        class=\"property-desc line-limit-length\">15\u00b0<\/span>\n                            <\/li>\n<li class=\"product-prop line-limit-length\"><span\n                                        class=\"property-title\">Certifikat:&nbsp;<\/span><span\n                                        class=\"property-desc line-limit-length\"><\/span>\n                            <\/li>\n<\/ul><\/div>\n<div class=\"detailmodule_html\">\n<div class=\"detail-desc-decorate-richtext\">\n<div id=\"detail_decorate_root\">\n<div>\u00a0<\/div>\n<div>\n<div id=\"ali-anchor-AliMagic-guogje\">Specifikation<\/div>\n<\/div>\n<div>\n<div>\n<table style=\"border-collapse:collapse\" class=\"has-title all magic-1\">\n<tbody>\n<tr>\n<td rowspan=\"1\" colspan=\"1\">\n<div>Model No<\/div>\n<\/td>\n<td rowspan=\"1\" colspan=\"1\">\n<div>X8<\/div>\n<\/td>\n<\/tr>\n<tr>\n<td rowspan=\"1\" colspan=\"1\">\n<div>Roteret sp\u00e6nding<\/div>\n<\/td>\n<td rowspan=\"1\" colspan=\"1\">\n<div>DC36V<\/div>\n<\/td>\n<\/tr>\n<tr>\n<td rowspan=\"1\" colspan=\"1\">\n<div>Rated Power<\/div>\n<\/td>\n<td rowspan=\"1\" colspan=\"1\">\n<div>350W<\/div>\n<\/td>\n<\/tr>\n<tr>\n<td rowspan=\"1\" colspan=\"1\">\n<div>Materiale<\/div>\n<\/td>\n<td rowspan=\"1\" colspan=\"1\">\n<div>Aluminiumlegering<\/div>\n<\/td>\n<\/tr>\n<tr>\n<td rowspan=\"1\" colspan=\"1\">\n<div>Bremsesystem<\/div>\n<\/td>\n<td rowspan=\"1\" colspan=\"1\">\n<div>Disc brake\/manual brake\/electric brake<\/div>\n<\/td>\n<\/tr>\n<tr>\n<td rowspan=\"1\" colspan=\"1\">\n<div>Maksimal hastighed<\/div>\n<\/td>\n<td rowspan=\"1\" colspan=\"1\">\n<div>32 KM\/h(Can adjustable)<\/div>\n<\/td>\n<\/tr>\n<tr>\n<td rowspan=\"1\" colspan=\"1\">\n<div>K\u00f8rselsl\u00e6ngde<\/div>\n<\/td>\n<td rowspan=\"1\" colspan=\"1\">\n<div>35-45Km<\/div>\n<\/td>\n<\/tr>\n<tr>\n<td rowspan=\"1\" colspan=\"1\">\n<div>Maksimal belastning<\/div>\n<\/td>\n<td rowspan=\"1\" colspan=\"1\">\n<div>100 KG<\/div>\n<\/td>\n<\/tr>\n<tr>\n<td rowspan=\"1\" colspan=\"1\">\n<div>Smart type<\/div>\n<\/td>\n<td rowspan=\"1\" colspan=\"1\">\n<div>Elektronisk<\/div>\n<\/td>\n<\/tr>\n<tr>\n<td rowspan=\"1\" colspan=\"1\">\n<div>Batterikapacitet<\/div>\n<\/td>\n<td rowspan=\"1\" colspan=\"1\">\n<div>10Ah<\/div>\n<\/td>\n<\/tr>\n<tr>\n<td rowspan=\"1\" colspan=\"1\">\n<div>Waterproof grade<\/div>\n<\/td>\n<td rowspan=\"1\" colspan=\"1\">\n<div>IP54<\/div>\n<\/td>\n<\/tr>\n<\/tbody>\n<\/table>\n<\/div>\n<\/div>\n<div>\n<div id=\"ali-anchor-AliMagic-28cakk\">Produktbeskrivelse<\/div>\n<\/div>\n<div>\n<div>\n<div><img decoding=\"async\" class=\"magic-6\" src=\"https:\/\/ae01.alicdn.com\/kf\/Sb0b4bc708bb04f6897cf61c101f0ddedx.jpg?width=750&amp;height=1032&amp;hash=1782\" slate-data-type=\"image\"\/><\/div>\n<div><img decoding=\"async\" class=\"magic-6\" src=\"https:\/\/ae01.alicdn.com\/kf\/S20905f88e38d4f9bbccc9f88897cd65eL.jpg?width=750&amp;height=465&amp;hash=1215\" slate-data-type=\"image\"\/><\/div>\n<div><img decoding=\"async\" class=\"magic-6\" src=\"https:\/\/ae01.alicdn.com\/kf\/S4dbe36da43d24d83a7b358c768809be0w.jpg?width=750&amp;height=574&amp;hash=1324\" slate-data-type=\"image\"\/><\/div>\n<div><img decoding=\"async\" class=\"magic-6\" src=\"https:\/\/ae01.alicdn.com\/kf\/S0159ae8be9f442a984a47c8ea6894f6at.jpg?width=750&amp;height=400&amp;hash=1150\" slate-data-type=\"image\"\/><\/div>\n<div><img decoding=\"async\" class=\"magic-6\" src=\"https:\/\/ae01.alicdn.com\/kf\/S29a9755407f743d5ac741e2ecf89b53dZ.jpg?width=750&amp;height=400&amp;hash=1150\" slate-data-type=\"image\"\/><\/div>\n<div><img decoding=\"async\" class=\"magic-6\" src=\"https:\/\/ae01.alicdn.com\/kf\/S33f7f4f4169f460786e15ac3c6fde469R.jpg?width=750&amp;height=400&amp;hash=1150\" slate-data-type=\"image\"\/><\/div>\n<div><img decoding=\"async\" class=\"magic-6\" src=\"https:\/\/ae01.alicdn.com\/kf\/S55ecbf0dac4848fa90ec72579652c267o.jpg?width=750&amp;height=482&amp;hash=1232\" slate-data-type=\"image\"\/><\/div>\n<div><img decoding=\"async\" class=\"magic-6\" src=\"https:\/\/ae01.alicdn.com\/kf\/Sdec1a74b02bc490fbf8dd6e63a6fd8b3h.jpg?width=750&amp;height=482&amp;hash=1232\" slate-data-type=\"image\"\/><\/div>\n<div><img decoding=\"async\" class=\"magic-6\" src=\"https:\/\/ae01.alicdn.com\/kf\/Sa389f04557984de1a04f21293d3709a58.jpg?width=750&amp;height=400&amp;hash=1150\" slate-data-type=\"image\"\/><\/div>\n<div><img decoding=\"async\" class=\"magic-6\" src=\"https:\/\/ae01.alicdn.com\/kf\/Sb19c1e79d8ae460bb789c5091d205e77M.jpg?width=750&amp;height=400&amp;hash=1150\" slate-data-type=\"image\"\/><\/div>\n<\/div>\n<\/div>\n<div>\n<div>\n<div>\n<div>\n<div>\n<div><img decoding=\"async\" class=\"magic-9\" src=\"https:\/\/ae01.alicdn.com\/kf\/S9c7394fe3e904dfbbc4b2216e28f81c3H.jpg?width=750&amp;height=400&amp;hash=1150\" slate-data-type=\"image\"\/><\/div>\n<\/div>\n<\/div>\n<\/div>\n<\/div>\n<\/div>\n<div>\n<div>\n<div>\n<div>\n<div>\n<div><img decoding=\"async\" class=\"magic-11\" src=\"https:\/\/ae01.alicdn.com\/kf\/Sbdd70ca081ab4c71843e0b9505eb18fbs.jpg?width=1000&amp;height=600&amp;hash=1600\" slate-data-type=\"image\"\/><\/div>\n<\/div>\n<\/div>\n<\/div>\n<\/div>\n<\/div>\n<div>\n<div>\n<div>\n<div>\n<div>\n<div><img decoding=\"async\" class=\"magic-13\" src=\"https:\/\/ae01.alicdn.com\/kf\/S8d7af63b2dd547ac85acc44a32987dce6.jpg?width=750&amp;height=1000&amp;hash=1750\" slate-data-type=\"image\"\/><\/div>\n<\/div>\n<\/div>\n<\/div>\n<\/div>\n<\/div>\n<div>\n<div>\n<div>\n<div>\n<div>\n<div><img decoding=\"async\" class=\"magic-15\" src=\"https:\/\/ae01.alicdn.com\/kf\/Sd8939330a1cc4a4cb5f8c069c7af668bH.jpg?width=800&amp;height=800&amp;hash=1600\" slate-data-type=\"image\"\/><\/div>\n<\/div>\n<\/div>\n<\/div>\n<\/div>\n<\/div>\n<div>\n<div>\n<div>\n<div>\n<div>\n<div><img decoding=\"async\" class=\"magic-17\" src=\"https:\/\/ae01.alicdn.com\/kf\/See6dd473052c43b5a9ebcb2f862c269bO.jpg?width=367&amp;height=440&amp;hash=807\" slate-data-type=\"image\"\/><\/div>\n<div><img decoding=\"async\" class=\"magic-19\" src=\"https:\/\/ae01.alicdn.com\/kf\/Sb68fa86a5a5b4e41a904ac1b12085a9dO.jpg?width=800&amp;height=821&amp;hash=1621\" slate-data-type=\"image\"\/><\/div>\n<\/div>\n<\/div>\n<\/div>\n<\/div>\n<\/div>\n<div>\n<div>\n<div>\n<div>\n<div>\n<div><img decoding=\"async\" class=\"magic-21\" src=\"https:\/\/ae01.alicdn.com\/kf\/Sda9961bdf7ed4e369d1a0dfc85d45994I.jpg?width=1400&amp;height=1596&amp;hash=2996\" slate-data-type=\"image\"\/><\/div>\n<\/div>\n<\/div>\n<\/div>\n<\/div>\n<\/div>\n<div>\n<div id=\"ali-anchor-AliMagic-8z4j3s\">Firmaprofil<\/div>\n<\/div>\n<div>\n<div>\u00a0<\/div>\n<div>\n<div>\n<div>\u00a0<\/div>\n<div>E-ONE er en virksomhed, der prim\u00e6rt besk\u00e6ftiger sig med eksport af nye energiprodukter. Virksomheden er beliggende i Anhui-provinsens hovedstad, Hefei, E-ONE <strong>er officielt blevet autoriseret <\/strong>via de velkendte branchem\u00e6rker, som f.eks. <strong>Segway-Ninebot, Intex, DYU, HIMO, Kugoo<\/strong> og nogle andre kendte. Vores komplette serie af b\u00e6redygtige, gr\u00f8nne og rene produkter sp\u00e6nder prim\u00e6rt fra <strong>elektriske l\u00f8behjul, elektriske selvbalancerende l\u00f8behjul, elektriske ethjulede cykler,<\/strong> <span><strong>elektriske gokarts<\/strong><\/span> <strong>, elcykler, elektriske motorcykler<\/strong>Med alle relaterede certifikater tilg\u00e6ngelige, hvilket helt sikkert g\u00f8r, at vi s\u00e6lger vores kvalitetsorienterede produkter over hele verden.<\/div>\n<\/div>\n<\/div>\n<\/div>\n<div>\n<div>\u00a0<\/div>\n<div>\n<div><img decoding=\"async\" class=\"magic-30\" src=\"https:\/\/ae01.alicdn.com\/kf\/Sd01d98a5d2e34d649f49394465343dbe4.jpg?width=693&amp;height=978&amp;hash=1671\" slate-data-type=\"image\"\/><\/div>\n<div><img decoding=\"async\" class=\"magic-32\" src=\"https:\/\/ae01.alicdn.com\/kf\/S3674a5ba838d4dd18bd1e5064ce9acd0Y.jpg?width=696&amp;height=980&amp;hash=1676\" slate-data-type=\"image\"\/><\/div>\n<\/div>\n<\/div>\n<div>\n<div id=\"ali-anchor-AliMagic-2wqzal\">Udstilling<\/div>\n<\/div>\n<div>\n<div>\n<div>\n<div>\n<div>\n<div><img decoding=\"async\" class=\"magic-34\" src=\"https:\/\/ae01.alicdn.com\/kf\/Scc76444e41d347fbad43d728c374f28cx.jpg?width=940&amp;height=562&amp;hash=1502\" slate-data-type=\"image\"\/><\/div>\n<\/div>\n<\/div>\n<\/div>\n<\/div>\n<\/div>\n<div>\n<div id=\"ali-anchor-AliMagic-x6mm58\">Produktemballage<\/div>\n<\/div>\n<div>\n<div>\n<div>\n<div>\n<div>\n<div><img decoding=\"async\" class=\"magic-37\" src=\"https:\/\/ae01.alicdn.com\/kf\/S603c352f31ec4ee7928249922cde2535G.jpg?width=1280&amp;height=960&amp;hash=2240\" slate-data-type=\"image\"\/><\/div>\n<div><img decoding=\"async\" class=\"magic-39\" src=\"https:\/\/ae01.alicdn.com\/kf\/S95bfd1d7a07f4f3d9b400cf282483639t.jpg?width=800&amp;height=800&amp;hash=1600\" slate-data-type=\"image\"\/><\/div>\n<\/div>\n<div><img decoding=\"async\" class=\"magic-41\" src=\"https:\/\/ae01.alicdn.com\/kf\/Sf819f886e9ee42da834170d7fbd1b7ach.jpg?width=600&amp;height=800&amp;hash=1400\" slate-data-type=\"image\"\/><\/div>\n<\/div>\n<\/div>\n<\/div>\n<\/div>\n<div>\n<div>\n<div>\n<div>\n<div>\n<div><img decoding=\"async\" class=\"magic-43\" src=\"https:\/\/ae01.alicdn.com\/kf\/S84939f2b10d24bd89ebbf28984b35e9cV.jpg?width=600&amp;height=800&amp;hash=1400\" slate-data-type=\"image\"\/><\/div>\n<\/div>\n<div>\n<div>\n<div>\n<div>\u00a0<\/div>\n<div>\u00a0<\/div>\n<div>\u00a0<\/div>\n<div>\u00a0<\/div>\n<div><span><strong>For bedre at sikre dine varers sikkerhed, professionelle, milj\u00f8venlige, praktiske og effektive emballagetjenester<br \/>vil blive leveret.<\/strong><\/span><\/div>\n<\/div>\n<\/div>\n<\/div>\n<\/div>\n<\/div>\n<\/div>\n<\/div>\n<div>\n<div id=\"ali-anchor-AliMagic-ekf6x0\">Ofte stillede sp\u00f8rgsm\u00e5l<\/div>\n<\/div>\n<div>\n<div>\n<div>\n<h3 class=\"magic-45\"><\/h3>\n<div>\n<div>\n<div><strong>Q<\/strong>Er du producent? <strong>EN<\/strong>Ja, vi er producenter. Vi kan tilbyde OEM\/ODM-tilpasset service i henhold til vores kunders forskellige anvendelser og krav. Alle vores produkter er fuldt patenterede, og design, hardware og software, forme og montering udf\u00f8res af vores eget team. <strong>Q<\/strong>Hvad er minimumsbestillingen (MOQ)? <strong>EN<\/strong>Vi accepterer \u00e9n enhed for standardprodukter. Vi kan endda tilpasse med dit logo, hvis det er n\u00f8dvendigt. Hvis der kr\u00e6ves OEM, vil vi se detaljerede krav og bekr\u00e6fte MOQ til dig fra vores salgsafdeling. <strong>Q<\/strong>Kan vi f\u00e5 den gratis pr\u00f8ve? <strong>EN<\/strong>Beklager, men vi tilbyder generelt ikke gratis pr\u00f8ver. Hvis kunden bekr\u00e6fter specifikationen og prisen, kan de f\u00f8rst bestille pr\u00f8ven til test og evaluering. <strong>Q<\/strong>Hvordan bestiller og betaler man? <strong>EN<\/strong>Vi accepterer T\/T (bankoverf\u00f8rsel), Alibaba online, Western Union 1 Trade Assurance <strong>Q<\/strong>Hvad er jeres produktgaranti? <strong>EN<\/strong>Vi tilbyder 24 m\u00e5neders garanti efter afsendelse. <strong>Q<\/strong>Hvor lang tid tager det at f\u00e5 den leveret? <strong>EN<\/strong>Produktionstiden er omkring 3-10 dage, afh\u00e6ngigt af behovet, og leveringstiden med DHL\/UPS\/FEDEX\/TNT er omkring 3-7 arbejdsdage. For nogle fjerntliggende steder kan leveringstiden v\u00e6re lidt l\u00e6ngere. <strong>Q<\/strong> Hvordan reparerer man enheden, hvis der er et problem? <strong>EN<\/strong>Vi yder teknisk support online for at l\u00f8se problemet. Hvis der er et hardwareproblem, kan vi sende delene eller komponenterne og l\u00e6re kunden at montere dem, hvis de har en tekniker, eller de kan ogs\u00e5 sende dem tilbage til os for at l\u00f8se det. <strong>Q<\/strong>Kan I tilpasse og distribuere vores produkt? <strong>EN<\/strong>Vi er en professionel elcykelproducent med 8 \u00e5rs produktionserfaring. Vi underst\u00f8tter enhver tilpasning, distribution og engroshandel af produkter.<\/div>\n<\/div>\n<\/div>\n<\/div>\n<\/div>\n<\/div>\n<\/div>\n<\/div>\n<\/div>\n<p><\/p>","protected":false},"excerpt":{"rendered":"<p>Model Number:&nbsp;x8 Category:&nbsp;Two-wheel Scooter Applicable People:&nbsp;WOMEN Range Per Charge:&nbsp;40-60km Charging Time:&nbsp;6-8h Voltage:&nbsp;36v Folded:&nbsp;YES Origin:&nbsp;Mainland China Power (W):&nbsp;201-500W Place of Origin:&nbsp;Guangdong, China Brand:&nbsp;Kixin Model Number:&nbsp;X8 Charging Time:&nbsp;5-6h Foldable:&nbsp;Yes Range Per Charge:&nbsp;40-60km<\/p>","protected":false},"featured_media":8464,"comment_status":"open","ping_status":"closed","template":"","meta":{"_acf_changed":false},"product_brand":[],"product_cat":[469],"product_tag":[],"class_list":{"0":"post-8462","1":"product","2":"type-product","3":"status-publish","4":"has-post-thumbnail","6":"product_cat-electric-city-scooters","8":"first","9":"instock","10":"shipping-taxable","11":"purchasable","12":"product-type-variable"},"acf":[],"_links":{"self":[{"href":"https:\/\/www.electricstore.eu\/da\/wp-json\/wp\/v2\/product\/8462","targetHints":{"allow":["GET"]}}],"collection":[{"href":"https:\/\/www.electricstore.eu\/da\/wp-json\/wp\/v2\/product"}],"about":[{"href":"https:\/\/www.electricstore.eu\/da\/wp-json\/wp\/v2\/types\/product"}],"replies":[{"embeddable":true,"href":"https:\/\/www.electricstore.eu\/da\/wp-json\/wp\/v2\/comments?post=8462"}],"wp:featuredmedia":[{"embeddable":true,"href":"https:\/\/www.electricstore.eu\/da\/wp-json\/wp\/v2\/media\/8464"}],"wp:attachment":[{"href":"https:\/\/www.electricstore.eu\/da\/wp-json\/wp\/v2\/media?parent=8462"}],"wp:term":[{"taxonomy":"product_brand","embeddable":true,"href":"https:\/\/www.electricstore.eu\/da\/wp-json\/wp\/v2\/product_brand?post=8462"},{"taxonomy":"product_cat","embeddable":true,"href":"https:\/\/www.electricstore.eu\/da\/wp-json\/wp\/v2\/product_cat?post=8462"},{"taxonomy":"product_tag","embeddable":true,"href":"https:\/\/www.electricstore.eu\/da\/wp-json\/wp\/v2\/product_tag?post=8462"}],"curies":[{"name":"wp","href":"https:\/\/api.w.org\/{rel}","templated":true}]}}