{"id":8401,"date":"2025-05-19T20:30:33","date_gmt":"2025-05-19T20:30:33","guid":{"rendered":"https:\/\/electricstore.eu\/product\/uncategorized\/humsienk-lifepo4-lithium-battery-24v-100ah\/"},"modified":"2025-05-20T13:37:37","modified_gmt":"2025-05-20T13:37:37","slug":"humsienk-lifepo4-lithium-battery-24v-100ah","status":"publish","type":"product","link":"https:\/\/www.electricstore.eu\/da\/p\/batteries\/lifepo4-batteries\/100-200ah-lifepo4-batteries\/humsienk-lifepo4-lithium-battery-24v-100ah\/","title":{"rendered":"Humsienk 100Ah 24V LiFePO4 Batteri"},"content":{"rendered":"<div class=\"product-specs-list-container\">\n<ul class=\"product-specs-list util-clearfix\">\n<li class=\"product-prop line-limit-length\"><span\n                                        class=\"property-title\">Meget bekymret kemikalie:&nbsp;<\/span><span\n                                        class=\"property-desc line-limit-length\">Ingen<\/span>\n                            <\/li>\n<li class=\"product-prop line-limit-length\"><span\n                                        class=\"property-title\">Nominel kapacitet:&nbsp;<\/span><span\n                                        class=\"property-desc line-limit-length\">100Ah<\/span>\n                            <\/li>\n<li class=\"product-prop line-limit-length\"><span\n                                        class=\"property-title\">V\u00e6gt:&nbsp;<\/span><span\n                                        class=\"property-desc line-limit-length\">19,96 kg<\/span>\n                            <\/li>\n<li class=\"product-prop line-limit-length\"><span\n                                        class=\"property-title\">Sp\u00e6nding:&nbsp;<\/span><span\n                                        class=\"property-desc line-limit-length\">24V<\/span>\n                            <\/li>\n<li class=\"product-prop line-limit-length\"><span\n                                        class=\"property-title\">St\u00f8rrelse:&nbsp;<\/span><span\n                                        class=\"property-desc line-limit-length\">21,8 x 9,4 x 11,8 tommer<\/span>\n                            <\/li>\n<li class=\"product-prop line-limit-length\"><span\n                                        class=\"property-title\">Anvendelse:&nbsp;<\/span><span\n                                        class=\"property-desc line-limit-length\">Udend\u00f8rs str\u00f8mforsyning<\/span>\n                            <\/li>\n<li class=\"product-prop line-limit-length\"><span\n                                        class=\"property-title\">Modelnummer:&nbsp;<\/span><span\n                                        class=\"property-desc line-limit-length\">24V 100Ah<\/span>\n                            <\/li>\n<li class=\"product-prop line-limit-length\"><span\n                                        class=\"property-title\">Type:&nbsp;<\/span><span\n                                        class=\"property-desc line-limit-length\">LiFePO4<\/span>\n                            <\/li>\n<li class=\"product-prop line-limit-length\"><span\n                                        class=\"property-title\">M\u00e6rkenavn:&nbsp;<\/span><span\n                                        class=\"property-desc line-limit-length\">Humsienk<\/span>\n                            <\/li>\n<li class=\"product-prop line-limit-length\"><span\n                                        class=\"property-title\">Oprindelse:&nbsp;<\/span><span\n                                        class=\"property-desc line-limit-length\">Kinas fastland<\/span>\n                            <\/li>\n<li class=\"product-prop line-limit-length\"><span\n                                        class=\"property-title\">Nominel sp\u00e6nding:&nbsp;<\/span><span\n                                        class=\"property-desc line-limit-length\">Andre<\/span>\n                            <\/li>\n<li class=\"product-prop line-limit-length\"><span\n                                        class=\"property-title\">Vandt\u00e6t:&nbsp;<\/span><span\n                                        class=\"property-desc line-limit-length\">IP65<\/span>\n                            <\/li>\n<li class=\"product-prop line-limit-length\"><span\n                                        class=\"property-title\">Funktioner:&nbsp;<\/span><span\n                                        class=\"property-desc line-limit-length\">B\u00e6rbar Effektivitet Sikrere Holdbar Milj\u00f8venlig Alsidig<\/span>\n                            <\/li>\n<\/ul><\/div>\n<p><strong><span style=\"font-size:18px;font-family:arial, helvetica, sans-serif\">Bilceller i klasse A+: <\/span><\/strong><\/p>\n<p><span style=\"font-size:18px;font-family:arial, helvetica, sans-serif\">Humsienk 24V 100Ah LiFePO4-batteriet er udstyret med klasse A+ LiFePO4-celler til biler, hvilket sikrer sikkerhed, energit\u00e6thed, effekt og stabilitet i topklasse. Dette batteri leverer p\u00e5lidelig og langvarig str\u00f8m med en minimal selvafladningshastighed p\u00e5 kun 3% pr. m\u00e5ned. Det har robust beskyttelse mod overopladning, overafladning, overstr\u00f8m og kortslutninger, hvilket giver ro i sindet og p\u00e5lidelig ydeevne.<\/span><\/p>\n<p><\/p>\n<p><strong><span style=\"font-size:18px;font-family:arial, helvetica, sans-serif\">Smart BMS:<\/span><\/strong><\/p>\n<p><span style=\"font-size:18px;font-family:arial, helvetica, sans-serif\">Den leveres med et h\u00f8jtydende 100A batteristyringssystem (BMS), der styrer opladnings- og afladningscyklusser, samtidig med at det beskytter batteriet mod overopladning, overafladning og kortslutninger. Dette avancerede BMS forbedrer b\u00e5de sikkerhed og effektivitet.<\/span><\/p>\n<p><\/p>\n<p><strong><span style=\"font-size:18px;font-family:arial, helvetica, sans-serif\">Holdbarhed: <\/span><\/strong><\/p>\n<p><span style=\"font-size:18px;font-family:arial, helvetica, sans-serif\">Med en levetid p\u00e5 op til 10 \u00e5r og mellem 5.000 og 15.000 opladningscyklusser producerer dette batteri i alt 12.800 kWh energi i l\u00f8bet af sin levetid (2560 Wh x 5.000 cyklusser). Denne lange levetid resulterer i betydelige omkostningsbesparelser, hvilket giver op til 50% str\u00f8mbesparelser sammenlignet med el fra forsyningsselskaber.<\/span><\/p>\n<p><\/p>\n<p><strong><span style=\"font-size:18px;font-family:arial, helvetica, sans-serif\">Omkostningseffektiv: <\/span><\/strong><\/p>\n<p><span style=\"font-size:18px;font-family:arial, helvetica, sans-serif\">WattCycle 24V 100Ah-batteriet er ogs\u00e5 omkostningseffektivt og tilbyder robust energilagring til autocampere, marineapplikationer eller off-grid-brug. Det er let og vejer kun 20 kg.<\/span><\/p>\n<p><\/p>\n<p><strong><span style=\"font-size:18px;font-family:arial, helvetica, sans-serif\">Letv\u00e6gts: <\/span><\/strong><\/p>\n<p><span style=\"font-size:18px;font-family:arial, helvetica, sans-serif\">24V 100Ah lithiumbatteriet vejer kun 1\/3 af et sammenligneligt blybatteri med samme kapacitet, lidt lettere end 2 pakker WattCycle 12V 100Ah LiFePO4-batterier.<\/span><\/p>\n<p><\/p>\n<p><strong><span style=\"font-size:18px;font-family:arial, helvetica, sans-serif\">H\u00f8j energit\u00e6thed: <\/span><\/strong><\/p>\n<p><span style=\"font-size:18px;font-family:arial, helvetica, sans-serif\">Batteriet kan prale af en h\u00f8j energit\u00e6thed p\u00e5 60 Wh\/lb (2560 Wh \/ 44 lbs \u2248 58 Wh\/lb).<\/span><\/p>\n<p><\/p>\n<p><strong><span style=\"font-size:18px;font-family:arial, helvetica, sans-serif\">Hurtigopladningsfunktioner: <\/span><\/strong><\/p>\n<p><span style=\"font-size:18px;font-family:arial, helvetica, sans-serif\">Den underst\u00f8tter hurtig opladning, hvilket giver hurtigere ekspeditionstider og minimerer nedetid mellem brug.<\/span><\/p>\n<p><img decoding=\"async\" src=\"https:\/\/ae01.alicdn.com\/kf\/S919f57880b3a4421a3befbed3acce9410.jpg\" slate-data-type=\"image\"\/><img decoding=\"async\" src=\"https:\/\/ae01.alicdn.com\/kf\/Sd5ba8ef3527a4510bc9efcf32b8eb861V.jpg\" slate-data-type=\"image\"\/><img decoding=\"async\" src=\"https:\/\/ae01.alicdn.com\/kf\/S33645654898f4b5bb389c1657e83b85ct.jpg\" slate-data-type=\"image\"\/><img decoding=\"async\" src=\"https:\/\/ae01.alicdn.com\/kf\/S3452eb79bd874b4a8e1784c7bfa4eaee0.jpg\" slate-data-type=\"image\"\/><img decoding=\"async\" src=\"https:\/\/ae01.alicdn.com\/kf\/S22323eb9d9aa4931b005adb08bee883cO.jpg\" slate-data-type=\"image\"\/><img decoding=\"async\" src=\"https:\/\/ae01.alicdn.com\/kf\/S68d6d344d5c54aa0833e3e993ed0b15c8.jpg\" slate-data-type=\"image\"\/><\/p>","protected":false},"excerpt":{"rendered":"<p>Hign-concerned Chemical:&nbsp;None Nominal Capacity:&nbsp;100Ah Weight:&nbsp;44.0 lbs \/ 19.96kg Voltage:&nbsp;24V Size:&nbsp;21.8 x 9.4 x 11.8 inches Application:&nbsp;Outdoor Power Supply Model Number:&nbsp;24V 100Ah Type:&nbsp;LiFePO4 Brand Name:&nbsp;Humsienk Origin:&nbsp;Mainland China Rated Voltage:&nbsp;Others Waterproof:&nbsp;IP65 Features:&nbsp;Portable<\/p>","protected":false},"featured_media":8402,"comment_status":"open","ping_status":"closed","template":"","meta":{"_acf_changed":false},"product_brand":[],"product_cat":[237],"product_tag":[],"class_list":{"0":"post-8401","1":"product","2":"type-product","3":"status-publish","4":"has-post-thumbnail","6":"product_cat-100-200ah-lifepo4-batteries","8":"first","9":"instock","10":"shipping-taxable","11":"purchasable","12":"product-type-simple"},"acf":[],"_links":{"self":[{"href":"https:\/\/www.electricstore.eu\/da\/wp-json\/wp\/v2\/product\/8401","targetHints":{"allow":["GET"]}}],"collection":[{"href":"https:\/\/www.electricstore.eu\/da\/wp-json\/wp\/v2\/product"}],"about":[{"href":"https:\/\/www.electricstore.eu\/da\/wp-json\/wp\/v2\/types\/product"}],"replies":[{"embeddable":true,"href":"https:\/\/www.electricstore.eu\/da\/wp-json\/wp\/v2\/comments?post=8401"}],"wp:featuredmedia":[{"embeddable":true,"href":"https:\/\/www.electricstore.eu\/da\/wp-json\/wp\/v2\/media\/8402"}],"wp:attachment":[{"href":"https:\/\/www.electricstore.eu\/da\/wp-json\/wp\/v2\/media?parent=8401"}],"wp:term":[{"taxonomy":"product_brand","embeddable":true,"href":"https:\/\/www.electricstore.eu\/da\/wp-json\/wp\/v2\/product_brand?post=8401"},{"taxonomy":"product_cat","embeddable":true,"href":"https:\/\/www.electricstore.eu\/da\/wp-json\/wp\/v2\/product_cat?post=8401"},{"taxonomy":"product_tag","embeddable":true,"href":"https:\/\/www.electricstore.eu\/da\/wp-json\/wp\/v2\/product_tag?post=8401"}],"curies":[{"name":"wp","href":"https:\/\/api.w.org\/{rel}","templated":true}]}}