{"id":8239,"date":"2025-05-19T20:29:28","date_gmt":"2025-05-19T20:29:28","guid":{"rendered":"https:\/\/electricstore.eu\/product\/uncategorized\/gaiaray-eve-3-2v-50ah-lifepo4-battery\/"},"modified":"2025-05-21T05:40:03","modified_gmt":"2025-05-21T05:40:03","slug":"gaiaray-eve-3-2v-50ah-lifepo4-battery","status":"publish","type":"product","link":"https:\/\/www.electricstore.eu\/da\/p\/batteries\/lifepo4-batteries\/lifepo4-battery-cells\/gaiaray-eve-3-2v-50ah-lifepo4-battery\/","title":{"rendered":"GaiaRay EVE LF50K 50Ah 3.2V LiFePO4 Batteri"},"content":{"rendered":"<div class=\"product-specs-list-container\">\n<ul class=\"product-specs-list util-clearfix\">\n<li class=\"product-prop line-limit-length\"><span\n                                        class=\"property-title\">Meget bekymret kemikalie:&nbsp;<\/span><span\n                                        class=\"property-desc line-limit-length\">Ingen<\/span>\n                            <\/li>\n<li class=\"product-prop line-limit-length\"><span\n                                        class=\"property-title\">Bundt:&nbsp;<\/span><span\n                                        class=\"property-desc line-limit-length\">Bundle 1<\/span>\n                            <\/li>\n<li class=\"product-prop line-limit-length\"><span\n                                        class=\"property-title\">St\u00f8rrelse:&nbsp;<\/span><span\n                                        class=\"property-desc line-limit-length\">F<\/span>\n                            <\/li>\n<li class=\"product-prop line-limit-length\"><span\n                                        class=\"property-title\">Udskiftningsbatteri:&nbsp;<\/span><span\n                                        class=\"property-desc line-limit-length\">Ingen<\/span>\n                            <\/li>\n<li class=\"product-prop line-limit-length\"><span\n                                        class=\"property-title\">S\u00e6ttype:&nbsp;<\/span><span\n                                        class=\"property-desc line-limit-length\">Kun batterier<\/span>\n                            <\/li>\n<li class=\"product-prop line-limit-length\"><span\n                                        class=\"property-title\">Type:&nbsp;<\/span><span\n                                        class=\"property-desc line-limit-length\">LiFePO4<\/span>\n                            <\/li>\n<li class=\"product-prop line-limit-length\"><span\n                                        class=\"property-title\">Nominel kapacitet:&nbsp;<\/span><span\n                                        class=\"property-desc line-limit-length\">50Ah<\/span>\n                            <\/li>\n<li class=\"product-prop line-limit-length\"><span\n                                        class=\"property-title\">Modelnummer:&nbsp;<\/span><span\n                                        class=\"property-desc line-limit-length\">LF50K<\/span>\n                            <\/li>\n<li class=\"product-prop line-limit-length\"><span\n                                        class=\"property-title\">M\u00e6rkenavn:&nbsp;<\/span><span\n                                        class=\"property-desc line-limit-length\">GaiaRay<\/span>\n                            <\/li>\n<li class=\"product-prop line-limit-length\"><span\n                                        class=\"property-title\">Oprindelse:&nbsp;<\/span><span\n                                        class=\"property-desc line-limit-length\">Kinas fastland<\/span>\n                            <\/li>\n<li class=\"product-prop line-limit-length\"><span\n                                        class=\"property-title\">Nominel sp\u00e6nding:&nbsp;<\/span><span\n                                        class=\"property-desc line-limit-length\">3,2V<\/span>\n                            <\/li>\n<li class=\"product-prop line-limit-length\"><span\n                                        class=\"property-title\">Nominel kapacitet:&nbsp;<\/span><span\n                                        class=\"property-desc line-limit-length\">50Ah<\/span>\n                            <\/li>\n<li class=\"product-prop line-limit-length\"><span\n                                        class=\"property-title\">Grad:&nbsp;<\/span><span\n                                        class=\"property-desc line-limit-length\">Karakter A<\/span>\n                            <\/li>\n<li class=\"product-prop line-limit-length\"><span\n                                        class=\"property-title\">Ladestr\u00f8m:&nbsp;<\/span><span\n                                        class=\"property-desc line-limit-length\">3C-5C<\/span>\n                            <\/li>\n<li class=\"product-prop line-limit-length\"><span\n                                        class=\"property-title\">Afladningsstr\u00f8m:&nbsp;<\/span><span\n                                        class=\"property-desc line-limit-length\">3C-5C<\/span>\n                            <\/li>\n<li class=\"product-prop line-limit-length\"><span\n                                        class=\"property-title\">Opladningstemperatur:&nbsp;<\/span><span\n                                        class=\"property-desc line-limit-length\">0~55\u00b0C<\/span>\n                            <\/li>\n<li class=\"product-prop line-limit-length\"><span\n                                        class=\"property-title\">Udl\u00f8bsdriftstemperatur:&nbsp;<\/span><span\n                                        class=\"property-desc line-limit-length\">-20~55\u00b0C<\/span>\n                            <\/li>\n<\/ul><\/div>\n<div class=\"detailmodule_html\">\n<div class=\"detail-desc-decorate-richtext\">\n<p><span style=\"font-size:20px\"><strong>Gaiaray EVE 3.2V 50AH lithiumjernfosfat LF50K \u2013 LiFePo4-batteri til energilagring i hjemmet og solcellebatterier<\/strong><\/span><\/p>\n<p><span style=\"font-size:20px\"><strong><\/strong><\/span><img decoding=\"async\" src=\"https:\/\/ae01.alicdn.com\/kf\/S370497360d374b5a8d429bc1590c1568o.jpg\" slate-data-type=\"image\"\/><span style=\"font-size:20px\"><strong><\/strong><\/span><img decoding=\"async\" src=\"https:\/\/ae01.alicdn.com\/kf\/S9ecd6cccf952482cbff40e3d530a1576R.jpg\" slate-data-type=\"image\"\/><\/p>\n<div style=\"font-family:&quot;TT Norms Pro&quot;, &quot;Open Sans&quot;, Roboto, Arial, Helvetica, sans-serif, SimSun;font-size:14px;font-weight:400;letter-spacing:normal;text-align:start;white-space:normal;color:rgb(34, 34, 34);background-color:rgb(255, 255, 255);margin:0px;margin-bottom:0px;margin-top:0px;margin-left:0px;margin-right:0px;padding:0px;padding-bottom:0px;padding-top:0px;padding-left:0px;padding-right:0px;box-sizing:content-box\" class=\"detailmodule_text\" align=\"start\">\n<p style=\"font-family:OpenSans;font-size:14px;font-weight:300;line-height:20px;text-align:left;white-space:pre-wrap;color:rgb(0, 0, 0);margin:0px 0px 12px;margin-bottom:12px;margin-top:0px;margin-left:0px;margin-right:0px;padding:0px;padding-bottom:0px;padding-top:0px;padding-left:0px;padding-right:0px;box-sizing:border-box\" class=\"detail-desc-decorate-content\" align=\"left\"><span style=\"font-size:28px\"><strong>Posiadamy magazyny w Polsce oraz na Ukrainie w Europie.Kraje europejskie mog\u0105 przyby\u0107 w ci\u0105gu 3-7 dni.<\/strong><\/span><\/p>\n<\/div>\n<div style=\"font-family:&quot;TT Norms Pro&quot;, &quot;Open Sans&quot;, Roboto, Arial, Helvetica, sans-serif, SimSun;font-size:14px;font-weight:400;letter-spacing:normal;text-align:start;white-space:normal;color:rgb(34, 34, 34);background-color:rgb(255, 255, 255);margin:0px;margin-bottom:0px;margin-top:0px;margin-left:0px;margin-right:0px;padding:0px;padding-bottom:0px;padding-top:0px;padding-left:0px;padding-right:0px;box-sizing:content-box\" class=\"detailmodule_text\" align=\"start\">\n<p style=\"font-family:OpenSans;font-size:14px;font-weight:300;line-height:20px;text-align:left;white-space:pre-wrap;color:rgb(0, 0, 0);margin:0px 0px 12px;margin-bottom:12px;margin-top:0px;margin-left:0px;margin-right:0px;padding:0px;padding-bottom:0px;padding-top:0px;padding-left:0px;padding-right:0px;box-sizing:border-box\" class=\"detail-desc-decorate-content\" align=\"left\"><span style=\"font-size:28px\"><strong>Wskaz\u00f3wki: w Europie chwilowo brakuje towaru, mo\u017cesz wybra\u0107 wysy\u0142k\u0119 z Chin!<\/strong><\/span><\/p>\n<\/div>\n<div style=\"font-family:&quot;TT Norms Pro&quot;, &quot;Open Sans&quot;, Roboto, Arial, Helvetica, sans-serif, SimSun;font-size:14px;font-weight:400;letter-spacing:normal;text-align:start;white-space:normal;color:rgb(34, 34, 34);background-color:rgb(255, 255, 255);margin:0px;margin-bottom:0px;margin-top:0px;margin-left:0px;margin-right:0px;padding:0px;padding-bottom:0px;padding-top:0px;padding-left:0px;padding-right:0px;box-sizing:content-box\" class=\"detailmodule_text\" align=\"start\">\n<p style=\"font-family:OpenSans;font-size:14px;font-weight:300;line-height:20px;text-align:left;white-space:pre-wrap;color:rgb(0, 0, 0);margin:0px 0px 12px;margin-bottom:12px;margin-top:0px;margin-left:0px;margin-right:0px;padding:0px;padding-bottom:0px;padding-top:0px;padding-left:0px;padding-right:0px;box-sizing:border-box\" class=\"detail-desc-decorate-content\" align=\"left\"><span style=\"font-size:28px\"><strong>Wybierz wysy\u0142k\u0119 z Chin bez p\u0142acenia podatk\u00f3w<\/strong><\/span><\/p>\n<\/div>\n<div style=\"font-family:&quot;TT Norms Pro&quot;, &quot;Open Sans&quot;, Roboto, Arial, Helvetica, sans-serif, SimSun;font-size:14px;font-weight:400;letter-spacing:normal;text-align:start;white-space:normal;color:rgb(34, 34, 34);background-color:rgb(255, 255, 255);margin:0px;margin-bottom:0px;margin-top:0px;margin-left:0px;margin-right:0px;padding:0px;padding-bottom:0px;padding-top:0px;padding-left:0px;padding-right:0px;box-sizing:content-box\" class=\"detailmodule_text\" align=\"start\">\n<p style=\"font-family:OpenSans;font-size:14px;font-weight:300;line-height:20px;text-align:left;white-space:pre-wrap;color:rgb(0, 0, 0);margin:0px 0px 12px;margin-bottom:12px;margin-top:0px;margin-left:0px;margin-right:0px;padding:0px;padding-bottom:0px;padding-top:0px;padding-left:0px;padding-right:0px;box-sizing:border-box\" class=\"detail-desc-decorate-content\" align=\"left\"><span style=\"font-size:28px\"><strong>Czas dostawy<\/strong><\/span><\/p>\n<\/div>\n<div style=\"font-family:&quot;TT Norms Pro&quot;, &quot;Open Sans&quot;, Roboto, Arial, Helvetica, sans-serif, SimSun;font-size:14px;font-weight:400;letter-spacing:normal;text-align:start;white-space:normal;color:rgb(34, 34, 34);background-color:rgb(255, 255, 255);margin:0px;margin-bottom:0px;margin-top:0px;margin-left:0px;margin-right:0px;padding:0px;padding-bottom:0px;padding-top:0px;padding-left:0px;padding-right:0px;box-sizing:content-box\" class=\"detailmodule_text\" align=\"start\">\n<p style=\"font-family:OpenSans;font-size:14px;font-weight:300;line-height:20px;text-align:left;white-space:pre-wrap;color:rgb(0, 0, 0);margin:0px 0px 12px;margin-bottom:12px;margin-top:0px;margin-left:0px;margin-right:0px;padding:0px;padding-bottom:0px;padding-top:0px;padding-left:0px;padding-right:0px;box-sizing:border-box\" class=\"detail-desc-decorate-content\" align=\"left\"><span style=\"font-size:28px\"><strong>Kina til Europa: 50-60 dage<\/strong><\/span><\/p>\n<\/div>\n<div style=\"font-family:&quot;TT Norms Pro&quot;, &quot;Open Sans&quot;, Roboto, Arial, Helvetica, sans-serif, SimSun;font-size:14px;font-weight:400;letter-spacing:normal;text-align:start;white-space:normal;color:rgb(34, 34, 34);background-color:rgb(255, 255, 255);margin:0px;margin-bottom:0px;margin-top:0px;margin-left:0px;margin-right:0px;padding:0px;padding-bottom:0px;padding-top:0px;padding-left:0px;padding-right:0px;box-sizing:content-box\" class=\"detailmodule_text\" align=\"start\">\n<p style=\"font-family:OpenSans;font-size:14px;font-weight:300;line-height:20px;text-align:left;white-space:pre-wrap;color:rgb(0, 0, 0);margin:0px 0px 12px;margin-bottom:12px;margin-top:0px;margin-left:0px;margin-right:0px;padding:0px;padding-bottom:0px;padding-top:0px;padding-left:0px;padding-right:0px;box-sizing:border-box\" class=\"detail-desc-decorate-content\" align=\"left\"><span style=\"font-size:28px\"><strong>Japan: 7-15 dage<\/strong><\/span><\/p>\n<\/div>\n<div style=\"font-family:&quot;TT Norms Pro&quot;, &quot;Open Sans&quot;, Roboto, Arial, Helvetica, sans-serif, SimSun;font-size:14px;font-weight:400;letter-spacing:normal;text-align:start;white-space:normal;color:rgb(34, 34, 34);background-color:rgb(255, 255, 255);margin:0px;margin-bottom:0px;margin-top:0px;margin-left:0px;margin-right:0px;padding:0px;padding-bottom:0px;padding-top:0px;padding-left:0px;padding-right:0px;box-sizing:content-box\" class=\"detailmodule_text\" align=\"start\">\n<p style=\"font-family:OpenSans;font-size:14px;font-weight:300;line-height:20px;text-align:left;white-space:pre-wrap;color:rgb(0, 0, 0);margin:0px 0px 12px;margin-bottom:12px;margin-top:0px;margin-left:0px;margin-right:0px;padding:0px;padding-bottom:0px;padding-top:0px;padding-left:0px;padding-right:0px;box-sizing:border-box\" class=\"detail-desc-decorate-content\" align=\"left\"><span style=\"font-size:28px\"><strong>Korea: 7-15 dage<\/strong><\/span><\/p>\n<\/div>\n<div style=\"font-family:&quot;TT Norms Pro&quot;, &quot;Open Sans&quot;, Roboto, Arial, Helvetica, sans-serif, SimSun;font-size:14px;font-weight:400;letter-spacing:normal;text-align:start;white-space:normal;color:rgb(34, 34, 34);background-color:rgb(255, 255, 255);margin:0px;margin-bottom:0px;margin-top:0px;margin-left:0px;margin-right:0px;padding:0px;padding-bottom:0px;padding-top:0px;padding-left:0px;padding-right:0px;box-sizing:content-box\" class=\"detailmodule_text\" align=\"start\">\n<p style=\"font-family:OpenSans;font-size:14px;font-weight:300;line-height:20px;text-align:left;white-space:pre-wrap;color:rgb(0, 0, 0);margin:0px 0px 12px;margin-bottom:12px;margin-top:0px;margin-left:0px;margin-right:0px;padding:0px;padding-bottom:0px;padding-top:0px;padding-left:0px;padding-right:0px;box-sizing:border-box\" class=\"detail-desc-decorate-content\" align=\"left\"><span style=\"font-size:28px\"><strong>Rosja: 40-50 dage<\/strong><\/span><\/p>\n<\/div>\n<div style=\"font-family:&quot;TT Norms Pro&quot;, &quot;Open Sans&quot;, Roboto, Arial, Helvetica, sans-serif, SimSun;font-size:14px;font-weight:400;letter-spacing:normal;text-align:start;white-space:normal;color:rgb(34, 34, 34);background-color:rgb(255, 255, 255);margin:0px;margin-bottom:0px;margin-top:0px;margin-left:0px;margin-right:0px;padding:0px;padding-bottom:0px;padding-top:0px;padding-left:0px;padding-right:0px;box-sizing:content-box\" class=\"detailmodule_text\" align=\"start\">\n<p style=\"font-family:OpenSans;font-size:14px;font-weight:300;line-height:20px;text-align:left;white-space:pre-wrap;color:rgb(0, 0, 0);margin:0px 0px 12px;margin-bottom:12px;margin-top:0px;margin-left:0px;margin-right:0px;padding:0px;padding-bottom:0px;padding-top:0px;padding-left:0px;padding-right:0px;box-sizing:border-box\" class=\"detail-desc-decorate-content\" align=\"left\"><span style=\"font-size:28px\"><strong>USA: 50-60 dage<\/strong><\/span><\/p>\n<\/div>\n<div style=\"font-family:&quot;TT Norms Pro&quot;, &quot;Open Sans&quot;, Roboto, Arial, Helvetica, sans-serif, SimSun;font-size:14px;font-weight:400;letter-spacing:normal;text-align:start;white-space:normal;color:rgb(34, 34, 34);background-color:rgb(255, 255, 255);margin:0px;margin-bottom:0px;margin-top:0px;margin-left:0px;margin-right:0px;padding:0px;padding-bottom:0px;padding-top:0px;padding-left:0px;padding-right:0px;box-sizing:content-box\" class=\"detailmodule_text\" align=\"start\">\n<p style=\"font-family:OpenSans;font-size:14px;font-weight:300;line-height:20px;text-align:left;white-space:pre-wrap;color:rgb(0, 0, 0);margin:0px 0px 12px;margin-bottom:12px;margin-top:0px;margin-left:0px;margin-right:0px;padding:0px;padding-bottom:0px;padding-top:0px;padding-left:0px;padding-right:0px;box-sizing:border-box\" class=\"detail-desc-decorate-content\" align=\"left\"><span style=\"font-size:28px\"><strong>Canada Canada: 50-60 dage<\/strong><\/span><\/p>\n<\/div>\n<div style=\"font-family:&quot;TT Norms Pro&quot;, &quot;Open Sans&quot;, Roboto, Arial, Helvetica, sans-serif, SimSun;font-size:14px;font-weight:400;letter-spacing:normal;text-align:start;white-space:normal;color:rgb(34, 34, 34);background-color:rgb(255, 255, 255);margin:0px;margin-bottom:0px;margin-top:0px;margin-left:0px;margin-right:0px;padding:0px;padding-bottom:0px;padding-top:0px;padding-left:0px;padding-right:0px;box-sizing:content-box\" class=\"detailmodule_text\" align=\"start\">\n<p style=\"font-family:OpenSans;font-size:14px;font-weight:300;line-height:20px;text-align:left;white-space:pre-wrap;color:rgb(0, 0, 0);margin:0px 0px 12px;margin-bottom:12px;margin-top:0px;margin-left:0px;margin-right:0px;padding:0px;padding-bottom:0px;padding-top:0px;padding-left:0px;padding-right:0px;box-sizing:border-box\" class=\"detail-desc-decorate-content\" align=\"left\"><span style=\"font-size:28px\"><strong>Australien: 50-60 dage<\/strong><\/span><\/p>\n<\/div>\n<div style=\"font-family:&quot;TT Norms Pro&quot;, &quot;Open Sans&quot;, Roboto, Arial, Helvetica, sans-serif, SimSun;font-size:14px;font-weight:400;letter-spacing:normal;text-align:start;white-space:normal;color:rgb(34, 34, 34);background-color:rgb(255, 255, 255);margin:0px;margin-bottom:0px;margin-top:0px;margin-left:0px;margin-right:0px;padding:0px;padding-bottom:0px;padding-top:0px;padding-left:0px;padding-right:0px;box-sizing:content-box\" class=\"detailmodule_text\" align=\"start\">\n<p style=\"font-family:OpenSans;font-size:14px;font-weight:300;line-height:20px;text-align:left;white-space:pre-wrap;color:rgb(0, 0, 0);margin:0px 0px 12px;margin-bottom:12px;margin-top:0px;margin-left:0px;margin-right:0px;padding:0px;padding-bottom:0px;padding-top:0px;padding-left:0px;padding-right:0px;box-sizing:border-box\" class=\"detail-desc-decorate-content\" align=\"left\"><span style=\"font-size:28px\"><strong>Ukraine: 60-70 dage<\/strong><\/span><\/p>\n<\/div>\n<div style=\"font-family:&quot;TT Norms Pro&quot;, &quot;Open Sans&quot;, Roboto, Arial, Helvetica, sans-serif, SimSun;font-size:14px;font-weight:400;letter-spacing:normal;text-align:start;white-space:normal;color:rgb(34, 34, 34);background-color:rgb(255, 255, 255);margin:0px;margin-bottom:0px;margin-top:0px;margin-left:0px;margin-right:0px;padding:0px;padding-bottom:0px;padding-top:0px;padding-left:0px;padding-right:0px;box-sizing:content-box\" class=\"detailmodule_text\" align=\"start\">\n<p style=\"font-family:OpenSans;font-size:14px;font-weight:300;line-height:20px;text-align:left;white-space:pre-wrap;color:rgb(0, 0, 0);margin:0px 0px 12px;margin-bottom:12px;margin-top:0px;margin-left:0px;margin-right:0px;padding:0px;padding-bottom:0px;padding-top:0px;padding-left:0px;padding-right:0px;box-sizing:border-box\" class=\"detail-desc-decorate-content\" align=\"left\"><span style=\"font-size:28px\"><strong>Ciep\u0142e wskaz\u00f3wki: Ukraina wybiera transport lotniczy 7-15 dage przybycie!<\/strong><\/span><\/p>\n<\/div>\n<p><img decoding=\"async\" src=\"https:\/\/ae01.alicdn.com\/kf\/Sf1deab7a92bb4e06a5c393dce953c116m.png\" slate-data-type=\"image\"\/><img decoding=\"async\" src=\"https:\/\/ae01.alicdn.com\/kf\/Sdc2015287ca744b5836a514fbe48b55dm.png\" slate-data-type=\"image\"\/><img decoding=\"async\" src=\"https:\/\/ae01.alicdn.com\/kf\/S72e5480a3d6542c785cb88dc1d62619fU.png\" slate-data-type=\"image\"\/><img decoding=\"async\" src=\"https:\/\/ae01.alicdn.com\/kf\/S2150b409198d414db5071fb1ba680f08M.jpg\" slate-data-type=\"image\"\/><img decoding=\"async\" src=\"https:\/\/ae01.alicdn.com\/kf\/S7d48197dc0c84917acfc841dbf6b97f4y.jpg\" slate-data-type=\"image\"\/><img decoding=\"async\" src=\"https:\/\/ae01.alicdn.com\/kf\/S218f2c6adb624b2291c1a9027df41c0e3.jpg\" slate-data-type=\"image\"\/><img decoding=\"async\" src=\"https:\/\/ae01.alicdn.com\/kf\/S88339080bb514c2fa1742c8418acd27dt.jpg\" slate-data-type=\"image\"\/><img decoding=\"async\" src=\"https:\/\/ae01.alicdn.com\/kf\/S6674bfe0569c4e368a4dc55514fb8c95O.png\" slate-data-type=\"image\"\/><\/p>\n<\/div>\n<\/div>\n<p><\/p>","protected":false},"excerpt":{"rendered":"<p>Hign-concerned Chemical:&nbsp;None Bundle:&nbsp;Bundle 1 Size:&nbsp;F Replacement Battery:&nbsp;No Set Type:&nbsp;Batteries Only Type:&nbsp;LiFePO4 Nominal Capacity:&nbsp;50Ah Model Number:&nbsp;LF50K Brand Name:&nbsp;GaiaRay Origin:&nbsp;Mainland China Rated voltage:&nbsp;3.2V Rated capacity:&nbsp;50Ah Grade:&nbsp;Grade A Charging current:&nbsp;3C-5C Discharge current:&nbsp;3C-5C Charge<\/p>","protected":false},"featured_media":8240,"comment_status":"open","ping_status":"closed","template":"","meta":{"_acf_changed":false},"product_brand":[],"product_cat":[235],"product_tag":[],"class_list":{"0":"post-8239","1":"product","2":"type-product","3":"status-publish","4":"has-post-thumbnail","6":"product_cat-lifepo4-battery-cells","8":"first","9":"instock","10":"shipping-taxable","11":"purchasable","12":"product-type-variable"},"acf":[],"_links":{"self":[{"href":"https:\/\/www.electricstore.eu\/da\/wp-json\/wp\/v2\/product\/8239","targetHints":{"allow":["GET"]}}],"collection":[{"href":"https:\/\/www.electricstore.eu\/da\/wp-json\/wp\/v2\/product"}],"about":[{"href":"https:\/\/www.electricstore.eu\/da\/wp-json\/wp\/v2\/types\/product"}],"replies":[{"embeddable":true,"href":"https:\/\/www.electricstore.eu\/da\/wp-json\/wp\/v2\/comments?post=8239"}],"wp:featuredmedia":[{"embeddable":true,"href":"https:\/\/www.electricstore.eu\/da\/wp-json\/wp\/v2\/media\/8240"}],"wp:attachment":[{"href":"https:\/\/www.electricstore.eu\/da\/wp-json\/wp\/v2\/media?parent=8239"}],"wp:term":[{"taxonomy":"product_brand","embeddable":true,"href":"https:\/\/www.electricstore.eu\/da\/wp-json\/wp\/v2\/product_brand?post=8239"},{"taxonomy":"product_cat","embeddable":true,"href":"https:\/\/www.electricstore.eu\/da\/wp-json\/wp\/v2\/product_cat?post=8239"},{"taxonomy":"product_tag","embeddable":true,"href":"https:\/\/www.electricstore.eu\/da\/wp-json\/wp\/v2\/product_tag?post=8239"}],"curies":[{"name":"wp","href":"https:\/\/api.w.org\/{rel}","templated":true}]}}