{"id":7792,"date":"2025-05-15T19:57:33","date_gmt":"2025-05-15T19:57:33","guid":{"rendered":"https:\/\/electricstore.eu\/product\/evercross-tech-ev12m-300w-25-km-h-15-km12-children-electric-motorbike\/"},"modified":"2025-05-21T05:40:08","modified_gmt":"2025-05-21T05:40:08","slug":"evercross-tech-ev12m-300w-25-km-h-15-km12-children-electric-motorbike","status":"publish","type":"product","link":"https:\/\/www.electricstore.eu\/da\/p\/motorbikes\/electric-children-motorbikes\/evercross-tech-ev12m-300w-25-km-h-15-km12-children-electric-motorbike\/","title":{"rendered":"EVERCROSS TECH EV12M 300W 36V 4Ah 25 km\/t 15 km 12\u2033 B\u00f8rne Elmotorcykel"},"content":{"rendered":"<div class=\"product-specs-list-container\">\n<ul class=\"product-specs-list util-clearfix\">\n<li class=\"product-prop line-limit-length\"><span\n                                        class=\"property-title\">Modelnummer:&nbsp;<\/span><span\n                                        class=\"property-desc line-limit-length\">EV12M<\/span>\n                            <\/li>\n<li class=\"product-prop line-limit-length\"><span\n                                        class=\"property-title\">Nominel passagerkapacitet:&nbsp;<\/span><span\n                                        class=\"property-desc line-limit-length\">\u00c9t s\u00e6de<\/span>\n                            <\/li>\n<li class=\"product-prop line-limit-length\"><span\n                                        class=\"property-title\">Stil:&nbsp;<\/span><span\n                                        class=\"property-desc line-limit-length\">Standardtype<\/span>\n                            <\/li>\n<li class=\"product-prop line-limit-length\"><span\n                                        class=\"property-title\">Maksimal hastighed:&nbsp;<\/span><span\n                                        class=\"property-desc line-limit-length\">&lt;25 km\/t<\/span>\n                            <\/li>\n<li class=\"product-prop line-limit-length\"><span\n                                        class=\"property-title\">R\u00e6kkevidde pr. effekt:&nbsp;<\/span><span\n                                        class=\"property-desc line-limit-length\">10 \u2013 30 km<\/span>\n                            <\/li>\n<li class=\"product-prop line-limit-length\"><span\n                                        class=\"property-title\">Effekt:&nbsp;<\/span><span\n                                        class=\"property-desc line-limit-length\">200 \u2013 250w<\/span>\n                            <\/li>\n<li class=\"product-prop line-limit-length\"><span\n                                        class=\"property-title\">Str\u00f8mforsyning:&nbsp;<\/span><span\n                                        class=\"property-desc line-limit-length\">litiumbatteri<\/span>\n                            <\/li>\n<li class=\"product-prop line-limit-length\"><span\n                                        class=\"property-title\">Sp\u00e6nding:&nbsp;<\/span><span\n                                        class=\"property-desc line-limit-length\">36V<\/span>\n                            <\/li>\n<li class=\"product-prop line-limit-length\"><span\n                                        class=\"property-title\">M\u00e6rkenavn:&nbsp;<\/span><span\n                                        class=\"property-desc line-limit-length\">EVERCROSS-TEKNOLOGI<\/span>\n                            <\/li>\n<li class=\"product-prop line-limit-length\"><span\n                                        class=\"property-title\">Str\u00f8mkilde:&nbsp;<\/span><span\n                                        class=\"property-desc line-limit-length\">litiumbatteri<\/span>\n                            <\/li>\n<li class=\"product-prop line-limit-length\"><span\n                                        class=\"property-title\">Oprindelse:&nbsp;<\/span><span\n                                        class=\"property-desc line-limit-length\">Kinas fastland<\/span>\n                            <\/li>\n<\/ul><\/div>\n<div class=\"detailmodule_html\">\n<div class=\"detail-desc-decorate-richtext\">\n<p><strong><span class=\"15\" style=\"font-family:Calibri\">SIKKERHEDSR\u00c5DET<\/span><\/strong><\/p>\n<p><strong><span class=\"15\" style=\"font-family:Calibri\">Elmotorcyklen til b\u00f8rn EV12M er robust og stabil. Vi anbefaler omhyggelig justering af to voksne. F\u00f8r hver brug skal det kontrolleres, at alle dele er fastgjort korrekt. Motoren simulerer realistisk st\u00f8j for en sjov k\u00f8reoplevelse. KRAFTFULD motor 300W<\/span><\/strong><\/p>\n<p><strong><span class=\"15\" style=\"font-family:Calibri\">Udstyret med en motor p\u00e5 300 W, n\u00e5r denne motorcykel en maksimal hastighed p\u00e5 25 km\/t. Den er egnet til b\u00f8rn fra 3 til 12 \u00e5r og kan b\u00e6re en maksimal belastning p\u00e5 65 kg, perfekt til eventyr fulde af sp\u00e6nding. B\u00c6REDYGTIG BATTERI- OG HASTIGHEDSINDSTILLINGER<\/span><\/strong><\/p>\n<p><strong><span class=\"15\" style=\"font-family:Calibri\">Med et batteri p\u00e5 36V 4AH kan du nyde en r\u00e6kkevidde p\u00e5 op til 15 km pr. fuld opladning. De tre hastighedstilstande (8 km\/t, 12 km\/t, 25 km\/t) tilbyder personlig sikkerhed og forn\u00f8jelse. KOMFORT &amp; SIKKERHED<\/span><\/strong><\/p>\n<p><strong><span class=\"15\" style=\"font-family:Calibri\">H\u00f8jtydende affjedring og 12-tommer gummid\u00e6k sikrer j\u00e6vn k\u00f8rsel, selv i uj\u00e6vnt terr\u00e6n. Tromlebremsesystemet giver p\u00e5lidelig sikkerhed p\u00e5 hver tur. IDEELT GAVE TIL B\u00d8RN<\/span><\/strong><\/p>\n<p><strong><span class=\"15\" style=\"font-family:Calibri\">Denne elektriske motorcykel er den perfekte gave til sm\u00e5 eventyr. Den fremmer mod, koordination og k\u00f8ref\u00e6rdigheder - en uforglemmelig oplevelse for unikke b\u00f8rn!<\/span><\/strong><\/p>\n<\/div>\n<\/div>","protected":false},"excerpt":{"rendered":"<p>Model Number:&nbsp;EV12M Rated Passenger Capacity:&nbsp;One Seat Style:&nbsp;Standard Type Max Speed:&nbsp;&lt;25km\/h Range per Power:&nbsp;10 &#8211; 30 km Wattage:&nbsp;200 &#8211; 250w Power Supply:&nbsp;lithium battery Voltage:&nbsp;36V Brand Name:&nbsp;EVERCROSS TECH Power Source:&nbsp;lithium battery Origin:&nbsp;Mainland<\/p>","protected":false},"featured_media":7793,"comment_status":"open","ping_status":"closed","template":"","meta":{"_acf_changed":false},"product_brand":[],"product_cat":[313],"product_tag":[327],"class_list":{"0":"post-7792","1":"product","2":"type-product","3":"status-publish","4":"has-post-thumbnail","6":"product_cat-electric-children-motorbikes","7":"product_tag-evercross","9":"first","10":"instock","11":"shipping-taxable","12":"purchasable","13":"product-type-variable"},"acf":[],"_links":{"self":[{"href":"https:\/\/www.electricstore.eu\/da\/wp-json\/wp\/v2\/product\/7792","targetHints":{"allow":["GET"]}}],"collection":[{"href":"https:\/\/www.electricstore.eu\/da\/wp-json\/wp\/v2\/product"}],"about":[{"href":"https:\/\/www.electricstore.eu\/da\/wp-json\/wp\/v2\/types\/product"}],"replies":[{"embeddable":true,"href":"https:\/\/www.electricstore.eu\/da\/wp-json\/wp\/v2\/comments?post=7792"}],"wp:featuredmedia":[{"embeddable":true,"href":"https:\/\/www.electricstore.eu\/da\/wp-json\/wp\/v2\/media\/7793"}],"wp:attachment":[{"href":"https:\/\/www.electricstore.eu\/da\/wp-json\/wp\/v2\/media?parent=7792"}],"wp:term":[{"taxonomy":"product_brand","embeddable":true,"href":"https:\/\/www.electricstore.eu\/da\/wp-json\/wp\/v2\/product_brand?post=7792"},{"taxonomy":"product_cat","embeddable":true,"href":"https:\/\/www.electricstore.eu\/da\/wp-json\/wp\/v2\/product_cat?post=7792"},{"taxonomy":"product_tag","embeddable":true,"href":"https:\/\/www.electricstore.eu\/da\/wp-json\/wp\/v2\/product_tag?post=7792"}],"curies":[{"name":"wp","href":"https:\/\/api.w.org\/{rel}","templated":true}]}}