{"id":7695,"date":"2025-05-15T19:43:27","date_gmt":"2025-05-15T19:43:27","guid":{"rendered":"https:\/\/electricstore.eu\/product\/hx-c1-200w-21-6v-5-2ah-childrens-electric-scooter-pink\/"},"modified":"2025-05-20T13:11:12","modified_gmt":"2025-05-20T13:11:12","slug":"hx-c1-200w-21-6v-5-2ah-childrens-electric-scooter-pink","status":"publish","type":"product","link":"https:\/\/www.electricstore.eu\/da\/p\/scooters\/electric-children-scooters\/hx-c1-200w-21-6v-5-2ah-childrens-electric-scooter-pink\/","title":{"rendered":"HX C1 200W 24V 5Ah 15 km\/t 10-15 km 8\u2033 El-l\u00f8behjul til b\u00f8rn"},"content":{"rendered":"<div class=\"product-specs-list-container\">\n<ul class=\"product-specs-list util-clearfix\">\n<li class=\"product-prop line-limit-length\"><span\n                                        class=\"property-title\">D\u00e6kst\u00f8rrelse:&nbsp;<\/span><span\n                                        class=\"property-desc line-limit-length\">8 tommer<\/span>\n                            <\/li>\n<li class=\"product-prop line-limit-length\"><span\n                                        class=\"property-title\">Modelnummer:&nbsp;<\/span><span\n                                        class=\"property-desc line-limit-length\">C1<\/span>\n                            <\/li>\n<li class=\"product-prop line-limit-length\"><span\n                                        class=\"property-title\">Kategori:&nbsp;<\/span><span\n                                        class=\"property-desc line-limit-length\">Tohjulet scooter<\/span>\n                            <\/li>\n<li class=\"product-prop line-limit-length\"><span\n                                        class=\"property-title\">Relevante personer:&nbsp;<\/span><span\n                                        class=\"property-desc line-limit-length\">M\u00c6ND<\/span>\n                            <\/li>\n<li class=\"product-prop line-limit-length\"><span\n                                        class=\"property-title\">R\u00e6kkevidde pr. opladning:&nbsp;<\/span><span\n                                        class=\"property-desc line-limit-length\">40-60 km<\/span>\n                            <\/li>\n<li class=\"product-prop line-limit-length\"><span\n                                        class=\"property-title\">Opladningstid:&nbsp;<\/span><span\n                                        class=\"property-desc line-limit-length\">6-8 timer<\/span>\n                            <\/li>\n<li class=\"product-prop line-limit-length\"><span\n                                        class=\"property-title\">Sp\u00e6nding:&nbsp;<\/span><span\n                                        class=\"property-desc line-limit-length\">24v<\/span>\n                            <\/li>\n<li class=\"product-prop line-limit-length\"><span\n                                        class=\"property-title\">Foldet:&nbsp;<\/span><span\n                                        class=\"property-desc line-limit-length\">JA<\/span>\n                            <\/li>\n<li class=\"product-prop line-limit-length\"><span\n                                        class=\"property-title\">Oprindelse:&nbsp;<\/span><span\n                                        class=\"property-desc line-limit-length\">Kinas fastland<\/span>\n                            <\/li>\n<li class=\"product-prop line-limit-length\"><span\n                                        class=\"property-title\">Effekt (W):&nbsp;<\/span><span\n                                        class=\"property-desc line-limit-length\">100-200w<\/span>\n                            <\/li>\n<li class=\"product-prop line-limit-length\"><span\n                                        class=\"property-title\">Oprindelsessted:&nbsp;<\/span><span\n                                        class=\"property-desc line-limit-length\">Anhui, Kina<\/span>\n                            <\/li>\n<li class=\"product-prop line-limit-length\"><span\n                                        class=\"property-title\">M\u00e6rke:&nbsp;<\/span><span\n                                        class=\"property-desc line-limit-length\">kixin<\/span>\n                            <\/li>\n<li class=\"product-prop line-limit-length\"><span\n                                        class=\"property-title\">Modelnummer:&nbsp;<\/span><span\n                                        class=\"property-desc line-limit-length\">C1<\/span>\n                            <\/li>\n<li class=\"product-prop line-limit-length\"><span\n                                        class=\"property-title\">Opladningstid:&nbsp;<\/span><span\n                                        class=\"property-desc line-limit-length\">5-6 timer<\/span>\n                            <\/li>\n<li class=\"product-prop line-limit-length\"><span\n                                        class=\"property-title\">Sammenklappelig:&nbsp;<\/span><span\n                                        class=\"property-desc line-limit-length\">Ja<\/span>\n                            <\/li>\n<li class=\"product-prop line-limit-length\"><span\n                                        class=\"property-title\">R\u00e6kkevidde pr. opladning:&nbsp;<\/span><span\n                                        class=\"property-desc line-limit-length\">10-15 km<\/span>\n                            <\/li>\n<li class=\"product-prop line-limit-length\"><span\n                                        class=\"property-title\">Maksimal hastighed:&nbsp;<\/span><span\n                                        class=\"property-desc line-limit-length\">15 km\/t<\/span>\n                            <\/li>\n<li class=\"product-prop line-limit-length\"><span\n                                        class=\"property-title\">Kategori:&nbsp;<\/span><span\n                                        class=\"property-desc line-limit-length\">El-hjulet l\u00f8behjul<\/span>\n                            <\/li>\n<li class=\"product-prop line-limit-length\"><span\n                                        class=\"property-title\">G\u00e6lder for m\u00e6ngden:&nbsp;<\/span><span\n                                        class=\"property-desc line-limit-length\">Barn<\/span>\n                            <\/li>\n<li class=\"product-prop line-limit-length\"><span\n                                        class=\"property-title\">Smart type:&nbsp;<\/span><span\n                                        class=\"property-desc line-limit-length\">Elektronisk<\/span>\n                            <\/li>\n<li class=\"product-prop line-limit-length\"><span\n                                        class=\"property-title\">Batterikapacitet:&nbsp;<\/span><span\n                                        class=\"property-desc line-limit-length\">5Ah<\/span>\n                            <\/li>\n<li class=\"product-prop line-limit-length\"><span\n                                        class=\"property-title\">Patenteret produkt:&nbsp;<\/span><span\n                                        class=\"property-desc line-limit-length\">INGEN<\/span>\n                            <\/li>\n<li class=\"product-prop line-limit-length\"><span\n                                        class=\"property-title\">Materiale:&nbsp;<\/span><span\n                                        class=\"property-desc line-limit-length\">Strukturst\u00e5l<\/span>\n                            <\/li>\n<li class=\"product-prop line-limit-length\"><span\n                                        class=\"property-title\">D\u00e6kst\u00f8rrelse:&nbsp;<\/span><span\n                                        class=\"property-desc line-limit-length\">8 tommer<\/span>\n                            <\/li>\n<li class=\"product-prop line-limit-length\"><span\n                                        class=\"property-title\">Motor:&nbsp;<\/span><span\n                                        class=\"property-desc line-limit-length\">200W<\/span>\n                            <\/li>\n<li class=\"product-prop line-limit-length\"><span\n                                        class=\"property-title\">NV:&nbsp;<\/span><span\n                                        class=\"property-desc line-limit-length\">10 kg<\/span>\n                            <\/li>\n<li class=\"product-prop line-limit-length\"><span\n                                        class=\"property-title\">R\u00e6kkevidde:&nbsp;<\/span><span\n                                        class=\"property-desc line-limit-length\">10-15 km<\/span>\n                            <\/li>\n<li class=\"product-prop line-limit-length\"><span\n                                        class=\"property-title\">Batteri:&nbsp;<\/span><span\n                                        class=\"property-desc line-limit-length\">24V 5AH<\/span>\n                            <\/li>\n<li class=\"product-prop line-limit-length\"><span\n                                        class=\"property-title\">Maksimal belastning:&nbsp;<\/span><span\n                                        class=\"property-desc line-limit-length\">100 kg<\/span>\n                            <\/li>\n<li class=\"product-prop line-limit-length\"><span\n                                        class=\"property-title\">\u00c5ben st\u00f8rrelse:&nbsp;<\/span><span\n                                        class=\"property-desc line-limit-length\">94*47,5*103 cm<\/span>\n                            <\/li>\n<li class=\"product-prop line-limit-length\"><span\n                                        class=\"property-title\">G\u00e6ldende h\u00f8jde:&nbsp;<\/span><span\n                                        class=\"property-desc line-limit-length\">120-16 cm<\/span>\n                            <\/li>\n<li class=\"product-prop line-limit-length\"><span\n                                        class=\"property-title\">Klatrekapacitet:&nbsp;<\/span><span\n                                        class=\"property-desc line-limit-length\">10\u00b0<\/span>\n                            <\/li>\n<li class=\"product-prop line-limit-length\"><span\n                                        class=\"property-title\">Certifikat:&nbsp;<\/span><span\n                                        class=\"property-desc line-limit-length\"><\/span>\n                            <\/li>\n<\/ul><\/div>\n<div class=\"detailmodule_html\">\n<div class=\"detail-desc-decorate-richtext\">\n<div id=\"detail_decorate_root\">\n<div>\u00a0<\/div>\n<div>\n<div id=\"ali-anchor-AliMagic-fdtnlw\">Produktbeskrivelse<\/div>\n<\/div>\n<div>\n<div>\n<div><img decoding=\"async\" class=\"magic-3\" src=\"https:\/\/ae01.alicdn.com\/kf\/S0920da7b96cd41acb1c945a14301ede90.jpg?width=1080&amp;height=2127&amp;hash=3207\" slate-data-type=\"image\"\/><\/div>\n<div><img decoding=\"async\" class=\"magic-3\" src=\"https:\/\/ae01.alicdn.com\/kf\/S6b0e1e0d498f4418951d2636885d64c1x.jpg?width=1080&amp;height=1932&amp;hash=3012\" slate-data-type=\"image\"\/><\/div>\n<div><img decoding=\"async\" class=\"magic-3\" src=\"https:\/\/ae01.alicdn.com\/kf\/Se70ebd0e0d59408ab480463e9ddb5774u.jpg?width=1080&amp;height=1700&amp;hash=2780\" slate-data-type=\"image\"\/><\/div>\n<div><img decoding=\"async\" class=\"magic-3\" src=\"https:\/\/ae01.alicdn.com\/kf\/S9b3fd279eca34ecb8aa55857a01d7659c.jpg?width=1080&amp;height=2245&amp;hash=3325\" slate-data-type=\"image\"\/><\/div>\n<div><img decoding=\"async\" class=\"magic-3\" src=\"https:\/\/ae01.alicdn.com\/kf\/S3ba39dc8d2104df5923af37eb5730d11g.jpg?width=1080&amp;height=1757&amp;hash=2837\" slate-data-type=\"image\"\/><\/div>\n<div><img decoding=\"async\" class=\"magic-3\" src=\"https:\/\/ae01.alicdn.com\/kf\/Sa5c9b90d0c5045198beda021557772493.jpg?width=1080&amp;height=1633&amp;hash=2713\" slate-data-type=\"image\"\/><\/div>\n<div><img decoding=\"async\" class=\"magic-3\" src=\"https:\/\/ae01.alicdn.com\/kf\/S2d97091d1ca5403291b1c84b7336fe3bB.jpg?width=1080&amp;height=1918&amp;hash=2998\" slate-data-type=\"image\"\/><\/div>\n<div><img decoding=\"async\" class=\"magic-3\" src=\"https:\/\/ae01.alicdn.com\/kf\/S25077da84ef34b9aa3898b794009dfc4Y.jpg?width=1080&amp;height=1983&amp;hash=3063\" slate-data-type=\"image\"\/><\/div>\n<div><img decoding=\"async\" class=\"magic-3\" src=\"https:\/\/ae01.alicdn.com\/kf\/S7e584ede0ea44775a8a29c8a6cd19b36l.jpg?width=1080&amp;height=2195&amp;hash=3275\" slate-data-type=\"image\"\/><\/div>\n<div><img decoding=\"async\" class=\"magic-3\" src=\"https:\/\/ae01.alicdn.com\/kf\/Scee143e0027e4c9bbe2c94e7aaa06097L.jpg?width=1080&amp;height=1439&amp;hash=2519\" slate-data-type=\"image\"\/><\/div>\n<\/div>\n<\/div>\n<div>\n<div id=\"ali-anchor-AliMagic-bbu3j8\">Specifikation<\/div>\n<\/div>\n<div>\n<div>\n<table style=\"border-collapse:collapse\" class=\"all magic-4\">\n<tbody>\n<tr>\n<td rowspan=\"1\" colspan=\"1\">\n<div>Batterikapacitet<\/div>\n<\/td>\n<td rowspan=\"1\" colspan=\"1\">\n<div>5Ah<\/div>\n<\/td>\n<\/tr>\n<tr>\n<td rowspan=\"1\" colspan=\"1\">\n<div>Motor<\/div>\n<\/td>\n<td rowspan=\"1\" colspan=\"1\">\n<div>24V<\/div>\n<\/td>\n<\/tr>\n<tr>\n<td rowspan=\"1\" colspan=\"1\">\n<div>Opladningstid<\/div>\n<\/td>\n<td rowspan=\"1\" colspan=\"1\">\n<div>5-6 timer<\/div>\n<\/td>\n<\/tr>\n<tr>\n<td rowspan=\"1\" colspan=\"1\">\n<div>Maks. belastning<\/div>\n<\/td>\n<td rowspan=\"1\" colspan=\"1\">\n<div>100 kg<\/div>\n<\/td>\n<\/tr>\n<tr>\n<td rowspan=\"1\" colspan=\"1\">\n<div>Maks. r\u00e6kkevidde<\/div>\n<\/td>\n<td rowspan=\"1\" colspan=\"1\">\n<div>15 km<\/div>\n<\/td>\n<\/tr>\n<tr>\n<td rowspan=\"1\" colspan=\"1\">\n<div>D\u00e6k<\/div>\n<\/td>\n<td rowspan=\"1\" colspan=\"1\">\n<div>8 tommer\u00a0<\/div>\n<\/td>\n<\/tr>\n<\/tbody>\n<\/table>\n<\/div>\n<\/div>\n<div>\n<div id=\"ali-anchor-AliMagic-6tg71n\">Firmaprofil<\/div>\n<\/div>\n<div>\n<div>\n<div>\n<div>\n<div>\n<div><img decoding=\"async\" class=\"magic-10\" src=\"https:\/\/ae01.alicdn.com\/kf\/S4e793c0de76f4b88a482a65c00b9d101n.jpg?width=2342&amp;height=2242&amp;hash=4584\" slate-data-type=\"image\"\/><\/div>\n<\/div>\n<div>\n<div>\n<div>\u00a0<\/div>\n<div>E-ONE er en virksomhed, der prim\u00e6rt besk\u00e6ftiger sig med eksport af nye energiprodukter. Virksomheden er beliggende i Anhui-provinsens hovedstad, Hefei, E-ONE <strong>er officielt blevet autoriseret <\/strong>via de velkendte branchem\u00e6rker, som f.eks. <strong>Segway-Ninebot, Intex, DYU, HIMO, Kugoo<\/strong> og nogle andre kendte. Vores komplette serie af b\u00e6redygtige, gr\u00f8nne og rene produkter sp\u00e6nder prim\u00e6rt fra <strong>elektriske l\u00f8behjul, elektriske selvbalancerende l\u00f8behjul, elektriske ethjulede cykler,<\/strong> <span><strong>elektriske gokarts<\/strong><\/span> <strong>, elcykler, elektriske motorcykler<\/strong>Med alle relaterede certifikater tilg\u00e6ngelige, hvilket helt sikkert g\u00f8r, at vi s\u00e6lger vores kvalitetsorienterede produkter over hele verden.<\/div>\n<\/div>\n<\/div>\n<\/div>\n<\/div>\n<\/div>\n<\/div>\n<div>\n<div>\n<div>\n<div>\n<div><img decoding=\"async\" class=\"magic-14\" src=\"https:\/\/ae01.alicdn.com\/kf\/S68ac18a75b094e669ae761d7495416f8w.jpg?width=1200&amp;height=450&amp;hash=1650\" slate-data-type=\"image\"\/><\/div>\n<div>\n<div><img decoding=\"async\" class=\"magic-16\" src=\"https:\/\/ae01.alicdn.com\/kf\/Sd01d98a5d2e34d649f49394465343dbe4.jpg?width=693&amp;height=978&amp;hash=1671\" slate-data-type=\"image\"\/><\/div>\n<div><img decoding=\"async\" class=\"magic-18\" src=\"https:\/\/ae01.alicdn.com\/kf\/S3674a5ba838d4dd18bd1e5064ce9acd0Y.jpg?width=696&amp;height=980&amp;hash=1676\" slate-data-type=\"image\"\/><\/div>\n<\/div>\n<\/div>\n<\/div>\n<\/div>\n<\/div>\n<div>\n<div id=\"ali-anchor-AliMagic-tx58ux\">Udstilling<\/div>\n<\/div>\n<div>\n<div>\n<div>\n<div>\n<div>\n<div><img decoding=\"async\" class=\"magic-20\" src=\"https:\/\/ae01.alicdn.com\/kf\/Scc76444e41d347fbad43d728c374f28cx.jpg?width=940&amp;height=562&amp;hash=1502\" slate-data-type=\"image\"\/><\/div>\n<\/div>\n<\/div>\n<\/div>\n<\/div>\n<\/div>\n<div>\n<div id=\"ali-anchor-AliMagic-pyg24g\">Produktemballage<\/div>\n<\/div>\n<div>\n<div>\n<div>\n<div>\n<div>\n<div><img decoding=\"async\" class=\"magic-23\" src=\"https:\/\/ae01.alicdn.com\/kf\/S603c352f31ec4ee7928249922cde2535G.jpg?width=1280&amp;height=960&amp;hash=2240\" slate-data-type=\"image\"\/><\/div>\n<div><img decoding=\"async\" class=\"magic-25\" src=\"https:\/\/ae01.alicdn.com\/kf\/S95bfd1d7a07f4f3d9b400cf282483639t.jpg?width=800&amp;height=800&amp;hash=1600\" slate-data-type=\"image\"\/><\/div>\n<\/div>\n<div><img decoding=\"async\" class=\"magic-27\" src=\"https:\/\/ae01.alicdn.com\/kf\/Sf819f886e9ee42da834170d7fbd1b7ach.jpg?width=600&amp;height=800&amp;hash=1400\" slate-data-type=\"image\"\/><\/div>\n<\/div>\n<\/div>\n<\/div>\n<\/div>\n<div>\n<div>\n<div>\n<div>\n<div>\n<div><img decoding=\"async\" class=\"magic-29\" src=\"https:\/\/ae01.alicdn.com\/kf\/S84939f2b10d24bd89ebbf28984b35e9cV.jpg?width=600&amp;height=800&amp;hash=1400\" slate-data-type=\"image\"\/><\/div>\n<\/div>\n<div>\n<div>\n<div>\n<div>\u00a0<\/div>\n<div>\u00a0<\/div>\n<div>\u00a0<\/div>\n<div>\u00a0<\/div>\n<div><span><strong>For bedre at sikre dine varers sikkerhed, professionelle, milj\u00f8venlige, praktiske og effektive emballagetjenester<br \/>vil blive leveret.<\/strong><\/span><\/div>\n<\/div>\n<\/div>\n<\/div>\n<\/div>\n<\/div>\n<\/div>\n<\/div>\n<div>\n<div id=\"ali-anchor-AliMagic-5xyhcf\">Ofte stillede sp\u00f8rgsm\u00e5l<\/div>\n<\/div>\n<div>\n<div>\n<div>\n<h3 class=\"magic-31\"><\/h3>\n<div>\n<div>\n<div><strong>Q<\/strong>Er du producent? <strong>EN<\/strong>Ja, vi er producenter. Vi kan tilbyde OEM\/ODM-tilpasset service i henhold til vores kunders forskellige anvendelser og krav. Alle vores produkter er fuldt patenterede, og design, hardware og software, forme og montering udf\u00f8res af vores eget team. <strong>Q<\/strong>Hvad er minimumsbestillingen (MOQ)? <strong>EN<\/strong>Vi accepterer \u00e9n enhed for standardprodukter. Vi kan endda tilpasse med dit logo, hvis det er n\u00f8dvendigt. Hvis der kr\u00e6ves OEM, vil vi se detaljerede krav og bekr\u00e6fte MOQ til dig fra vores salgsafdeling. <strong>Q<\/strong>Kan vi f\u00e5 den gratis pr\u00f8ve? <strong>EN<\/strong>Beklager, men vi tilbyder generelt ikke gratis pr\u00f8ver. Hvis kunden bekr\u00e6fter specifikationen og prisen, kan de f\u00f8rst bestille pr\u00f8ven til test og evaluering. <strong>Q<\/strong>Hvordan bestiller og betaler man? <strong>EN<\/strong>Vi accepterer T\/T (bankoverf\u00f8rsel), Alibaba online, Western Union 1 Trade Assurance <strong>Q<\/strong>Hvad er jeres produktgaranti? <strong>EN<\/strong>Vi tilbyder 24 m\u00e5neders garanti efter afsendelse. <strong>Q<\/strong>Hvor lang tid tager det at f\u00e5 den leveret? <strong>EN<\/strong>Produktionstiden er omkring 3-10 dage, afh\u00e6ngigt af behovet, og leveringstiden med DHL\/UPS\/FEDEX\/TNT er omkring 3-7 arbejdsdage. For nogle fjerntliggende steder kan leveringstiden v\u00e6re lidt l\u00e6ngere. <strong>Q<\/strong> Hvordan reparerer man enheden, hvis der er et problem? <strong>EN<\/strong>Vi yder teknisk support online for at l\u00f8se problemet. Hvis der er et hardwareproblem, kan vi sende delene eller komponenterne og l\u00e6re kunden at montere dem, hvis de har en tekniker, eller de kan ogs\u00e5 sende dem tilbage til os for at l\u00f8se det. <strong>Q<\/strong>Kan I tilpasse og distribuere vores produkt? <strong>EN<\/strong>Vi er en professionel elcykelproducent med 8 \u00e5rs produktionserfaring. Vi underst\u00f8tter enhver tilpasning, distribution og engroshandel af produkter.<\/div>\n<\/div>\n<\/div>\n<\/div>\n<\/div>\n<\/div>\n<div id=\"42229223123\"><\/div>\n<div>\u00a0<\/div>\n<\/div>\n<div><\/div>\n<\/div>\n<\/div>\n<p><\/p>","protected":false},"excerpt":{"rendered":"<p>Tire Size:&nbsp;8 inch Model Number:&nbsp;C1 Category:&nbsp;Two-wheel Scooter Applicable People:&nbsp;MEN Range Per Charge:&nbsp;40-60km Charging Time:&nbsp;6-8h Voltage:&nbsp;24v Folded:&nbsp;YES Origin:&nbsp;Mainland China Power (W):&nbsp;100-200w Place of Origin:&nbsp;Anhui, China Brand:&nbsp;kixin Model Number:&nbsp;C1 Charging Time:&nbsp;5-6h Foldable:&nbsp;Yes<\/p>","protected":false},"featured_media":7696,"comment_status":"open","ping_status":"closed","template":"","meta":{"_acf_changed":false},"product_brand":[],"product_cat":[302],"product_tag":[303],"class_list":{"0":"post-7695","1":"product","2":"type-product","3":"status-publish","4":"has-post-thumbnail","6":"product_cat-electric-children-scooters","7":"product_tag-hx","9":"first","10":"instock","11":"shipping-taxable","12":"purchasable","13":"product-type-simple"},"acf":[],"_links":{"self":[{"href":"https:\/\/www.electricstore.eu\/da\/wp-json\/wp\/v2\/product\/7695","targetHints":{"allow":["GET"]}}],"collection":[{"href":"https:\/\/www.electricstore.eu\/da\/wp-json\/wp\/v2\/product"}],"about":[{"href":"https:\/\/www.electricstore.eu\/da\/wp-json\/wp\/v2\/types\/product"}],"replies":[{"embeddable":true,"href":"https:\/\/www.electricstore.eu\/da\/wp-json\/wp\/v2\/comments?post=7695"}],"wp:featuredmedia":[{"embeddable":true,"href":"https:\/\/www.electricstore.eu\/da\/wp-json\/wp\/v2\/media\/7696"}],"wp:attachment":[{"href":"https:\/\/www.electricstore.eu\/da\/wp-json\/wp\/v2\/media?parent=7695"}],"wp:term":[{"taxonomy":"product_brand","embeddable":true,"href":"https:\/\/www.electricstore.eu\/da\/wp-json\/wp\/v2\/product_brand?post=7695"},{"taxonomy":"product_cat","embeddable":true,"href":"https:\/\/www.electricstore.eu\/da\/wp-json\/wp\/v2\/product_cat?post=7695"},{"taxonomy":"product_tag","embeddable":true,"href":"https:\/\/www.electricstore.eu\/da\/wp-json\/wp\/v2\/product_tag?post=7695"}],"curies":[{"name":"wp","href":"https:\/\/api.w.org\/{rel}","templated":true}]}}