{"id":7605,"date":"2025-05-15T19:33:12","date_gmt":"2025-05-15T19:33:12","guid":{"rendered":"https:\/\/electricstore.eu\/product\/humsienk-100ah-12v-lifepo4-battery\/"},"modified":"2025-05-21T05:40:14","modified_gmt":"2025-05-21T05:40:14","slug":"humsienk-100ah-12v-lifepo4-battery","status":"publish","type":"product","link":"https:\/\/www.electricstore.eu\/da\/p\/batteries\/lifepo4-batteries\/100-200ah-lifepo4-batteries\/humsienk-100ah-12v-lifepo4-battery\/","title":{"rendered":"Humsienk 100Ah 12V LiFePO4 Batteri"},"content":{"rendered":"<div class=\"product-specs-list-container\">\n<ul class=\"product-specs-list util-clearfix\">\n<li class=\"product-prop line-limit-length\"><span\n                                        class=\"property-title\">Meget bekymret kemikalie:&nbsp;<\/span><span\n                                        class=\"property-desc line-limit-length\">Ingen<\/span>\n                            <\/li>\n<li class=\"product-prop line-limit-length\"><span\n                                        class=\"property-title\">Nominel kapacitet:&nbsp;<\/span><span\n                                        class=\"property-desc line-limit-length\">100Ah<\/span>\n                            <\/li>\n<li class=\"product-prop line-limit-length\"><span\n                                        class=\"property-title\">V\u00e6gt:&nbsp;<\/span><span\n                                        class=\"property-desc line-limit-length\">23.26 lbs \/ 10.55 kg<\/span>\n                            <\/li>\n<li class=\"product-prop line-limit-length\"><span\n                                        class=\"property-title\">Sp\u00e6nding:&nbsp;<\/span><span\n                                        class=\"property-desc line-limit-length\">12,8V<\/span>\n                            <\/li>\n<li class=\"product-prop line-limit-length\"><span\n                                        class=\"property-title\">St\u00f8rrelse:&nbsp;<\/span><span\n                                        class=\"property-desc line-limit-length\">260 x 168 x 209 mm \/ 10,2 x 6,6 x 8,2 tommer<\/span>\n                            <\/li>\n<li class=\"product-prop line-limit-length\"><span\n                                        class=\"property-title\">Anvendelse:&nbsp;<\/span><span\n                                        class=\"property-desc line-limit-length\">Hjem \/ Udend\u00f8rs<\/span>\n                            <\/li>\n<li class=\"product-prop line-limit-length\"><span\n                                        class=\"property-title\">Modelnummer:&nbsp;<\/span><span\n                                        class=\"property-desc line-limit-length\">12V 100Ah<\/span>\n                            <\/li>\n<li class=\"product-prop line-limit-length\"><span\n                                        class=\"property-title\">Type:&nbsp;<\/span><span\n                                        class=\"property-desc line-limit-length\">LiFePO4<\/span>\n                            <\/li>\n<li class=\"product-prop line-limit-length\"><span\n                                        class=\"property-title\">M\u00e6rkenavn:&nbsp;<\/span><span\n                                        class=\"property-desc line-limit-length\">Humsienk<\/span>\n                            <\/li>\n<li class=\"product-prop line-limit-length\"><span\n                                        class=\"property-title\">Oprindelse:&nbsp;<\/span><span\n                                        class=\"property-desc line-limit-length\">Kinas fastland<\/span>\n                            <\/li>\n<li class=\"product-prop line-limit-length\"><span\n                                        class=\"property-title\">Nominel sp\u00e6nding:&nbsp;<\/span><span\n                                        class=\"property-desc line-limit-length\">Andre<\/span>\n                            <\/li>\n<li class=\"product-prop line-limit-length\"><span\n                                        class=\"property-title\">Vandt\u00e6thedsklassificering:&nbsp;<\/span><span\n                                        class=\"property-desc line-limit-length\">IP65<\/span>\n                            <\/li>\n<li class=\"product-prop line-limit-length\"><span\n                                        class=\"property-title\">Celle:&nbsp;<\/span><span\n                                        class=\"property-desc line-limit-length\">LiFePO4-celler i klasse A+<\/span>\n                            <\/li>\n<li class=\"product-prop line-limit-length\"><span\n                                        class=\"property-title\">Max. Expansion:&nbsp;<\/span><span\n                                        class=\"property-desc line-limit-length\">4S4P, up to 20.48kWh<\/span>\n                            <\/li>\n<li class=\"product-prop line-limit-length\"><span\n                                        class=\"property-title\">Garanti:&nbsp;<\/span><span\n                                        class=\"property-desc line-limit-length\">5 \u00e5r<\/span>\n                            <\/li>\n<\/ul><\/div>\n<p style=\"font-family:&quot;TT Norms Pro&quot;, &quot;Open Sans&quot;, Roboto, Arial, Helvetica, sans-serif, SimSun;font-size:14px;font-weight:400;letter-spacing:normal;line-height:inherit;text-align:start;white-space:normal;color:rgb(34, 34, 34);margin:0px;margin-bottom:0px;margin-top:0px;margin-left:0px;margin-right:0px;padding:0px;padding-bottom:0px;padding-top:0px;padding-left:0px;padding-right:0px;box-sizing:border-box\" align=\"start\"><span style=\"color:rgb(244, 78, 59);font-size:20px;font-family:arial, helvetica, sans-serif\"><strong>Bem\u00e6rk venligst:<\/strong><\/span><\/p>\n<p style=\"font-family:&quot;TT Norms Pro&quot;, &quot;Open Sans&quot;, Roboto, Arial, Helvetica, sans-serif, SimSun;font-size:14px;font-weight:400;letter-spacing:normal;line-height:inherit;text-align:start;white-space:normal;color:rgb(34, 34, 34);margin:0px;margin-bottom:0px;margin-top:0px;margin-left:0px;margin-right:0px;padding:0px;padding-bottom:0px;padding-top:0px;padding-left:0px;padding-right:0px;box-sizing:border-box\" align=\"start\"><span style=\"color:rgb(244, 78, 59);font-size:20px;font-family:arial, helvetica, sans-serif\"><u><strong>Vi sender i \u00f8jeblikket IKKE til Alaska, Hawaii og Puerto Rico!!<\/strong><\/u><\/span><\/p>\n<p><\/p>\n<p><strong><span style=\"color:rgb(77, 77, 77);font-size:18px;font-family:arial, helvetica, sans-serif\">H\u00f8j ydeevne: <\/span><\/strong><span style=\"color:rgb(77, 77, 77);font-size:18px;font-family:arial, helvetica, sans-serif\">HumsiENK LiFePO4-batteriet tilbyder en kapacitet p\u00e5 100 Ah og en standardsp\u00e6nding p\u00e5 12,8 V. Med A+ celler kan det prale af en imponerende levetid p\u00e5 <\/span><span style=\"color:rgb(244, 78, 59);font-size:18px;font-family:arial, helvetica, sans-serif\">op til 20.000 cyklusser<\/span><span style=\"color:rgb(77, 77, 77);font-size:18px;font-family:arial, helvetica, sans-serif\">.<\/span><\/p>\n<p><\/p>\n<p><strong><span style=\"color:rgb(77, 77, 77);font-size:18px;font-family:arial, helvetica, sans-serif\">Certificeringer:<\/span><\/strong><span style=\"color:rgb(77, 77, 77);font-size:18px;font-family:arial, helvetica, sans-serif\"> SDS\/UN38.3\/FCC\/CE\/ROHS-certificeringer sikrer dens kvalitet og sikkerhed.<\/span><\/p>\n<p><\/p>\n<p><strong><span style=\"color:rgb(77, 77, 77);font-size:18px;font-family:arial, helvetica, sans-serif\">Indbygget BMS-beskyttelse:<\/span><\/strong><span style=\"color:rgb(77, 77, 77);font-size:18px;font-family:arial, helvetica, sans-serif\"> Disse litiumbatterier har en indbygget <\/span><span style=\"color:rgb(244, 78, 59);font-size:18px;font-family:arial, helvetica, sans-serif\">100A BMS<\/span><span style=\"color:rgb(77, 77, 77);font-size:18px;font-family:arial, helvetica, sans-serif\"> Beskyttelsesplade, der automatisk afbryder, hvis afladningsstr\u00f8mmen overstiger 300 \u00b1 50 A, hvilket giver \u00f8get sikkerhed.<\/span><\/p>\n<p><\/p>\n<p><strong><span style=\"color:rgb(77, 77, 77);font-size:18px;font-family:arial, helvetica, sans-serif\">Kompakt design:<\/span><\/strong><span style=\"color:rgb(77, 77, 77);font-size:18px;font-family:arial, helvetica, sans-serif\"> Kun m\u00e5ling af st\u00f8rrelse <\/span><span style=\"color:rgb(244, 78, 59);font-size:18px;font-family:arial, helvetica, sans-serif\">10,2\u00d76,6\u00d78,2 tommer (26x17x21 cm)<\/span><span style=\"color:rgb(77, 77, 77);font-size:18px;font-family:arial, helvetica, sans-serif\"> og kun v\u00e6gt <\/span><span style=\"color:rgb(244, 78, 59);font-size:18px;font-family:arial, helvetica, sans-serif\">10,5 kg (23,2 lbs)<\/span><span style=\"color:rgb(77, 77, 77);font-size:18px;font-family:arial, helvetica, sans-serif\">, vores batteri maksimerer energit\u00e6theden, samtidig med at dets ydeevne bevares. Dets kompakte form sparer plads og giver fleksibilitet ved installation.<\/span><\/p>\n<p><\/p>\n<p><strong><span style=\"color:rgb(77, 77, 77);font-size:18px;font-family:arial, helvetica, sans-serif\">Temperaturmodstandsdygtighed: <\/span><\/strong><span style=\"color:rgb(77, 77, 77);font-size:18px;font-family:arial, helvetica, sans-serif\">Fungerer problemfrit<\/span><span style=\"color:rgb(244, 78, 59);font-size:18px;font-family:arial, helvetica, sans-serif\"> fra -20\u00b0C til 70\u00b0C<\/span><span style=\"color:rgb(77, 77, 77);font-size:18px;font-family:arial, helvetica, sans-serif\">, batteriet har automatisk slukfunktion under -20 \u00b0C for ekstra beskyttelse og lang levetid.<\/span><\/p>\n<p><\/p>\n<p><strong><span style=\"color:rgb(77, 77, 77);font-size:18px;font-family:arial, helvetica, sans-serif\">Serie- eller parallelforbindelse:<\/span><\/strong><span style=\"color:rgb(77, 77, 77);font-size:18px;font-family:arial, helvetica, sans-serif\"> Tilslut nemt op til 4 batterier i serie og\/eller parallelt, hvilket opn\u00e5r en samlet kapacitet p\u00e5 <\/span><span style=\"color:rgb(244, 78, 59);font-size:18px;font-family:arial, helvetica, sans-serif\">op til 20,48 kWh<\/span><span style=\"color:rgb(77, 77, 77);font-size:18px;font-family:arial, helvetica, sans-serif\">Tilpas din str\u00f8mforsyningsl\u00f8sning, s\u00e5 den passer til dine behov.<\/span><\/p>\n<p><\/p>\n<p><strong><span style=\"color:rgb(77, 77, 77);font-size:18px;font-family:arial, helvetica, sans-serif\">Perfekt pasform:<\/span><\/strong><span style=\"color:rgb(77, 77, 77);font-size:18px;font-family:arial, helvetica, sans-serif\"> Designet til problemfrit at passe til <\/span><span style=\"color:rgb(244, 78, 59);font-size:18px;font-family:arial, helvetica, sans-serif\">Gruppe-24<\/span><span style=\"color:rgb(77, 77, 77);font-size:18px;font-family:arial, helvetica, sans-serif\"> batteriboks, eliminerer vores 100Ah LiFePO4-batteri behovet for en st\u00f8rre boks, hvilket forenkler installationen.<\/span><\/p>\n<p><\/p>\n<p><span style=\"color:rgb(244, 78, 59);font-size:18px;font-family:arial, helvetica, sans-serif\"><strong>5 \u00e5rs garanti og support<\/strong><\/span><strong><span style=\"color:rgb(77, 77, 77);font-size:18px;font-family:arial, helvetica, sans-serif\">: <\/span><\/strong><span style=\"color:rgb(77, 77, 77);font-size:18px;font-family:arial, helvetica, sans-serif\">Vi prioriterer din tilfredshed. Kontakt os, hvis du har sp\u00f8rgsm\u00e5l eller bekymringer. Vores produkter leveres med 5 \u00e5rs garanti, s\u00e5 du kan v\u00e6re tryg ved dine behov.<\/span><\/p>\n<p><img decoding=\"async\" src=\"https:\/\/ae01.alicdn.com\/kf\/S3631b5428a6a4b74bdff03260e7980c2V.jpg\" slate-data-type=\"image\"\/><img decoding=\"async\" src=\"https:\/\/ae01.alicdn.com\/kf\/Se276861c5c014f5db652d77b80308820I.jpg\" slate-data-type=\"image\"\/><img decoding=\"async\" src=\"https:\/\/ae01.alicdn.com\/kf\/S01b91bb9c55441488274f89c4757eea8l.jpg\" slate-data-type=\"image\"\/><img decoding=\"async\" src=\"https:\/\/ae01.alicdn.com\/kf\/S5e53b421be6545aa8a8f83a6a9aeefd7M.jpg\" slate-data-type=\"image\"\/><img decoding=\"async\" src=\"https:\/\/ae01.alicdn.com\/kf\/S6299c0ba9f854ac59d79b10dcea1f5d8F.jpg\" slate-data-type=\"image\"\/><img decoding=\"async\" src=\"https:\/\/ae01.alicdn.com\/kf\/Sb12d7c98e0db412280743b37f9d1bf68r.jpg\" slate-data-type=\"image\"\/><img decoding=\"async\" src=\"https:\/\/ae01.alicdn.com\/kf\/Sd14261cadf7d41aebb7a95eb804a2552B.jpg\" slate-data-type=\"image\"\/><img decoding=\"async\" src=\"https:\/\/ae01.alicdn.com\/kf\/Sc8c8b59b8eec4b3ab17afc21d7baabf4s.jpg\" slate-data-type=\"image\"\/><\/p>","protected":false},"excerpt":{"rendered":"<p>Hign-concerned Chemical:&nbsp;None Nominal Capacity:&nbsp;100Ah Weight:&nbsp;23.26 lbs \/ 10.55 kg Voltage:&nbsp;12.8V Size:&nbsp;260 x 168 x 209 mm \/ 10.2 x 6.6 x 8.2 inches Application:&nbsp;Home \/ Outdoor Model Number:&nbsp;12V 100Ah Type:&nbsp;LiFePO4<\/p>","protected":false},"featured_media":7606,"comment_status":"open","ping_status":"closed","template":"","meta":{"_acf_changed":false},"product_brand":[],"product_cat":[237],"product_tag":[264],"class_list":{"0":"post-7605","1":"product","2":"type-product","3":"status-publish","4":"has-post-thumbnail","6":"product_cat-100-200ah-lifepo4-batteries","7":"product_tag-humsienk","9":"first","10":"instock","11":"shipping-taxable","12":"purchasable","13":"product-type-variable"},"acf":[],"_links":{"self":[{"href":"https:\/\/www.electricstore.eu\/da\/wp-json\/wp\/v2\/product\/7605","targetHints":{"allow":["GET"]}}],"collection":[{"href":"https:\/\/www.electricstore.eu\/da\/wp-json\/wp\/v2\/product"}],"about":[{"href":"https:\/\/www.electricstore.eu\/da\/wp-json\/wp\/v2\/types\/product"}],"replies":[{"embeddable":true,"href":"https:\/\/www.electricstore.eu\/da\/wp-json\/wp\/v2\/comments?post=7605"}],"wp:featuredmedia":[{"embeddable":true,"href":"https:\/\/www.electricstore.eu\/da\/wp-json\/wp\/v2\/media\/7606"}],"wp:attachment":[{"href":"https:\/\/www.electricstore.eu\/da\/wp-json\/wp\/v2\/media?parent=7605"}],"wp:term":[{"taxonomy":"product_brand","embeddable":true,"href":"https:\/\/www.electricstore.eu\/da\/wp-json\/wp\/v2\/product_brand?post=7605"},{"taxonomy":"product_cat","embeddable":true,"href":"https:\/\/www.electricstore.eu\/da\/wp-json\/wp\/v2\/product_cat?post=7605"},{"taxonomy":"product_tag","embeddable":true,"href":"https:\/\/www.electricstore.eu\/da\/wp-json\/wp\/v2\/product_tag?post=7605"}],"curies":[{"name":"wp","href":"https:\/\/api.w.org\/{rel}","templated":true}]}}