{"id":7583,"date":"2025-05-15T19:33:00","date_gmt":"2025-05-15T19:33:00","guid":{"rendered":"https:\/\/electricstore.eu\/product\/3kw-electric-brushless-motor-conversion-kit-48-72v\/"},"modified":"2025-05-21T05:40:14","modified_gmt":"2025-05-21T05:40:14","slug":"3kw-electric-brushless-motor-conversion-kit-48-72v","status":"publish","type":"product","link":"https:\/\/www.electricstore.eu\/da\/p\/p\/kits\/3kw-electric-brushless-motor-conversion-kit-48-72v\/","title":{"rendered":"3KW 48-72V 6000 o\/min elektrisk b\u00f8rstel\u00f8s motor konverteringss\u00e6t"},"content":{"rendered":"<div class=\"product-specs-list-container\">\n<ul class=\"product-specs-list util-clearfix\">\n<li class=\"product-prop line-limit-length\"><span\n                                        class=\"property-title\">Meget bekymret kemikalie:&nbsp;<\/span><span\n                                        class=\"property-desc line-limit-length\">Ingen<\/span>\n                            <\/li>\n<li class=\"product-prop line-limit-length\"><span\n                                        class=\"property-title\">Effekt:&nbsp;<\/span><span\n                                        class=\"property-desc line-limit-length\">&gt; 400w<\/span>\n                            <\/li>\n<li class=\"product-prop line-limit-length\"><span\n                                        class=\"property-title\">Design:&nbsp;<\/span><span\n                                        class=\"property-desc line-limit-length\">B\u00f8rstel\u00f8s<\/span>\n                            <\/li>\n<li class=\"product-prop line-limit-length\"><span\n                                        class=\"property-title\">Sp\u00e6nding:&nbsp;<\/span><span\n                                        class=\"property-desc line-limit-length\">48V<\/span>\n                            <\/li>\n<li class=\"product-prop line-limit-length\"><span\n                                        class=\"property-title\">Oprindelse:&nbsp;<\/span><span\n                                        class=\"property-desc line-limit-length\">Kinas fastland<\/span>\n                            <\/li>\n<\/ul><\/div>\n<p><strong><span style=\"font-size:18px;font-family:&quot;times new roman&quot;, times, serif\">3KW elektrisk b\u00f8rstel\u00f8s motors\u00e6t med fodpedal, speeder og fremad-\/bagudg\u00e5ende styr, elcykel, motorcykel, el-scooter, konverteringss\u00e6t, controller, gash\u00e5ndtag<\/span><\/strong><span style=\"font-size:18px;font-family:&quot;times new roman&quot;, times, serif\"><br \/>\n<\/span><\/p>\n<p><span style=\"font-size:18px;font-family:&quot;times new roman&quot;, times, serif\"><\/span><img decoding=\"async\" src=\"https:\/\/ae01.alicdn.com\/kf\/Sf064775bae7f4059ba9fcb2b7f8981eag.jpg\" slate-data-type=\"image\"\/><span style=\"font-size:18px;font-family:&quot;times new roman&quot;, times, serif\"><\/span><\/p>\n<p><span style=\"font-size:18px;font-family:&quot;times new roman&quot;, times, serif\">\ud83d\udc4d<\/span><strong><span style=\"font-size:18px;font-family:&quot;times new roman&quot;, times, serif\">Anvendelse:<\/span><\/strong><span style=\"font-size:18px;font-family:&quot;times new roman&quot;, times, serif\"><br \/>\n<\/span><\/p>\n<p><span style=\"font-size:18px;font-family:&quot;times new roman&quot;, times, serif\">Den er velegnet til scootere, elektriske motorcykler, dune buggies, gokarts, modificerede cykler, mekanisk udstyr osv.<br \/>\n<\/span><\/p>\n<p><span style=\"font-size:18px;font-family:&quot;times new roman&quot;, times, serif\"><\/span><img decoding=\"async\" src=\"https:\/\/ae01.alicdn.com\/kf\/S68ee5f1a7454460da43c2e47b67f2b5cu.jpg\" slate-data-type=\"image\"\/><span style=\"font-size:18px;font-family:&quot;times new roman&quot;, times, serif\">Effektivitetsforbedring: Sammenlignet med b\u00f8rstemotorer har b\u00f8rstel\u00f8se motorer h\u00f8jere energieffektivitet (\u2265 80%) og kan omdanne mere elektrisk energi til mekanisk energi, hvilket kan forl\u00e6nge r\u00e6kkevidden og forbedre brugseffektiviteten.<\/span><img decoding=\"async\" src=\"https:\/\/ae01.alicdn.com\/kf\/Sf7523685c2d845369a87efed821c6c53h.jpg\" slate-data-type=\"image\"\/><span style=\"font-size:18px;font-family:&quot;times new roman&quot;, times, serif\">Bygget til at holde: Motoren er lavet af et aluminiumshus af h\u00f8j kvalitet med rene kobberspoler, som har h\u00f8j temperaturbestandighed, lav st\u00f8j, korrosions- og rustbeskyttelse, hvilket garanterer en lang levetid.<\/span><img decoding=\"async\" src=\"https:\/\/ae01.alicdn.com\/kf\/S0cabf395ce9c4c5d8fa8cd99f89a5dacd.jpg\" slate-data-type=\"image\"\/><span style=\"font-size:18px;font-family:&quot;times new roman&quot;, times, serif\">Sikker at bruge: Den har en IP33-beskyttelsesgrad, en E-klasse isoleringsgrad og et design med l\u00e5sekraft. Selv ved udend\u00f8rsaktiviteter med lidt barske milj\u00f8er kan den give dig h\u00f8jere sikkerhed.<\/span><img decoding=\"async\" src=\"https:\/\/ae01.alicdn.com\/kf\/S26880dc9d68849008fd5dbf5095084a6a.jpg\" slate-data-type=\"image\"\/><span style=\"font-size:18px;font-family:&quot;times new roman&quot;, times, serif\">Imponerende ydeevne: Den anvender h\u00f8j effekt (3 kW), der kan give en nominel hastighed p\u00e5 4900 o\/min og en tomgangshastighed p\u00e5 6000 o\/min, som om den v\u00e6ver sig gennem en tid- og rumtunnel sammenflettet med teknologi og hastighed, ideelt set fortolker den \u00e6stetiske hastighed.<\/span><img decoding=\"async\" src=\"https:\/\/ae01.alicdn.com\/kf\/S65fd54bce07b4ad5a0f5db427d326f65Z.jpg\" slate-data-type=\"image\"\/><span style=\"font-size:18px;font-family:&quot;times new roman&quot;, times, serif\">St\u00e6rk lastv\u00e6gt: Den har en st\u00e6rk lastv\u00e6gt (220,5-440,9 lbs). Uanset om du er professionel atlet eller en sportsentusiast, kan den give dig en sp\u00e6ndende cykeloplevelse.<\/span><img decoding=\"async\" src=\"https:\/\/ae01.alicdn.com\/kf\/S6a83ea82355e491b97b4f83cda2591675.jpg\" slate-data-type=\"image\"\/><span style=\"font-size:18px;font-family:&quot;times new roman&quot;, times, serif\"><\/span><\/p>\n<p><span style=\"font-size:18px;font-family:&quot;times new roman&quot;, times, serif\">\ud83d\udc4d<\/span><strong><span style=\"font-size:18px;font-family:&quot;times new roman&quot;, times, serif\">Specifikation:<\/span><\/strong><span style=\"font-size:18px;font-family:&quot;times new roman&quot;, times, serif\"><br \/>\n<\/span><\/p>\n<p><span style=\"font-size:18px;font-family:&quot;times new roman&quot;, times, serif\">Materiale: Aluminium, Gummi<br \/>\n<\/span><\/p>\n<p><span style=\"font-size:18px;font-family:&quot;times new roman&quot;, times, serif\">B\u00f8rstel\u00f8s motortype: Ren kobbermotor<br \/>\n<\/span><\/p>\n<p><span style=\"font-size:18px;font-family:&quot;times new roman&quot;, times, serif\">Hastighedsgear: Lav \/ Mellem \/ H\u00f8j (Efter tilslutning af tre-hastighedslinje)<br \/>\n<\/span><\/p>\n<p><span style=\"font-size:18px;font-family:&quot;times new roman&quot;, times, serif\">Motorsp\u00e6nding: 48-72V<br \/>\n<\/span><\/p>\n<p><span style=\"font-size:18px;font-family:&quot;times new roman&quot;, times, serif\">Motoreffektivitet: \u2265 80%<br \/>\n<\/span><\/p>\n<p><span style=\"font-size:18px;font-family:&quot;times new roman&quot;, times, serif\">Effekt: 3 kW<br \/>\n<\/span><\/p>\n<p><span style=\"font-size:18px;font-family:&quot;times new roman&quot;, times, serif\">Samling p\u00e5kr\u00e6vet: Ja<br \/>\n<\/span><\/p>\n<p><span style=\"font-size:18px;font-family:&quot;times new roman&quot;, times, serif\">Tomgangsstr\u00f8m: \u2264 8,8A<br \/>\n<\/span><\/p>\n<p><span style=\"font-size:18px;font-family:&quot;times new roman&quot;, times, serif\">Nominel str\u00f8m: \u2264 43A<br \/>\n<\/span><\/p>\n<p><span style=\"font-size:18px;font-family:&quot;times new roman&quot;, times, serif\">Tomgangshastighed: 6000 o\/min<br \/>\n<\/span><\/p>\n<p><span style=\"font-size:18px;font-family:&quot;times new roman&quot;, times, serif\">Nominel hastighed: 4900 o\/min<br \/>\n<\/span><\/p>\n<p><span style=\"font-size:18px;font-family:&quot;times new roman&quot;, times, serif\">Nominelt drejningsmoment: 5,4 Nm<br \/>\n<\/span><\/p>\n<p><span style=\"font-size:18px;font-family:&quot;times new roman&quot;, times, serif\">Beskyttelsesgrad: IP33<br \/>\n<\/span><\/p>\n<p><span style=\"font-size:18px;font-family:&quot;times new roman&quot;, times, serif\">Isoleringsgrad: E<br \/>\n<\/span><\/p>\n<p><span style=\"font-size:18px;font-family:&quot;times new roman&quot;, times, serif\">V\u00e6gt: Ca. 100-200 kg\/220,5-440,9 lbs<br \/>\n<\/span><\/p>\n<p><span style=\"font-size:18px;font-family:&quot;times new roman&quot;, times, serif\">Fodpedalens acceleratorst\u00f8rrelse: 5,5 * 17,5 * 12,8 cm \/ 2,2 * 6,9 * 5 tommer<br \/>\n<\/span><\/p>\n<p><span style=\"font-size:18px;font-family:&quot;times new roman&quot;, times, serif\">Controllerst\u00f8rrelse: 21,6 * 8,3 * 4,4 cm \/ 8,5 * 3,3 * 1,7 tommer<br \/>\n<\/span><\/p>\n<p><span style=\"font-size:18px;font-family:&quot;times new roman&quot;, times, serif\">Benafstand: 12 cm\/4,7 tommer<br \/>\n<\/span><\/p>\n<p><span style=\"font-size:18px;font-family:&quot;times new roman&quot;, times, serif\">Benh\u00f8jde: 1,5 cm\/0,6 tommer<br \/>\n<\/span><\/p>\n<p><span style=\"font-size:18px;font-family:&quot;times new roman&quot;, times, serif\">Gr\u00e6nsefladel\u00e6ngde: 3 cm\/1,2 tommer<br \/>\n<\/span><\/p>\n<p><span style=\"font-size:18px;font-family:&quot;times new roman&quot;, times, serif\">Motorst\u00f8rrelse (\u03c6*L): 10,2*13,2cm\/4*5,2in<br \/>\n<\/span><\/p>\n<p><span style=\"font-size:18px;font-family:&quot;times new roman&quot;, times, serif\">Pakkest\u00f8rrelse: 39*35*25,5 cm\/15,4*13,8*10 tommer<br \/>\n<\/span><\/p>\n<p><span style=\"font-size:18px;font-family:&quot;times new roman&quot;, times, serif\">Nettov\u00e6gt: 6,45 kg \/ 14,2 lbs<br \/>\n<\/span><\/p>\n<p><span style=\"font-size:18px;font-family:&quot;times new roman&quot;, times, serif\">Bruttov\u00e6gt: 7,7 kg \/ 17 lbs<br \/>\n<\/span><\/p>\n<p><span style=\"font-size:18px;font-family:&quot;times new roman&quot;, times, serif\"><\/span><img decoding=\"async\" src=\"https:\/\/ae01.alicdn.com\/kf\/S36321ae687174a9280e6943433f79a873.jpg\" slate-data-type=\"image\"\/><span style=\"font-size:18px;font-family:&quot;times new roman&quot;, times, serif\"><\/span><\/p>\n<p><span style=\"font-size:18px;font-family:&quot;times new roman&quot;, times, serif\">\ud83d\udc4d<\/span><strong><span style=\"font-size:18px;font-family:&quot;times new roman&quot;, times, serif\">Detaljer:<\/span><\/strong><span style=\"font-size:18px;font-family:&quot;times new roman&quot;, times, serif\"><br \/>\n<\/span><\/p>\n<p><span style=\"font-size:18px;font-family:&quot;times new roman&quot;, times, serif\">Varmeafledningshuller: Disse huller p\u00e5 begge sider af motoren kan forhindre overophedning under drift uden at forbr\u00e6nde<br \/>\n<\/span><\/p>\n<p><span style=\"font-size:18px;font-family:&quot;times new roman&quot;, times, serif\">Diamantformet m\u00f8nster: M\u00f8nsteret p\u00e5 styret kan effektivt forbedre friktionen, hvilket g\u00f8r grebet mere behageligt og fastere<\/span><\/p>\n<p><span style=\"font-size:18px;font-family:&quot;times new roman&quot;, times, serif\"><\/span><img decoding=\"async\" src=\"https:\/\/ae01.alicdn.com\/kf\/S8d3f765ae581467386e17eb4d4536dbb0.jpg\" slate-data-type=\"image\"\/><span style=\"font-size:18px;font-family:&quot;times new roman&quot;, times, serif\"><\/span><\/p>\n<p><span style=\"font-size:18px;font-family:&quot;times new roman&quot;, times, serif\">\ud83d\udc4d<\/span><strong><span style=\"font-size:18px;font-family:&quot;times new roman&quot;, times, serif\">Pakken inkluderet:<\/span><\/strong><span style=\"font-size:18px;font-family:&quot;times new roman&quot;, times, serif\"><br \/>\n<\/span><\/p>\n<p><span style=\"font-size:18px;font-family:&quot;times new roman&quot;, times, serif\">1 * B\u00f8rstel\u00f8s motor<br \/>\n<\/span><\/p>\n<p><span style=\"font-size:18px;font-family:&quot;times new roman&quot;, times, serif\">1 * Controller<br \/>\n<\/span><\/p>\n<p><span style=\"font-size:18px;font-family:&quot;times new roman&quot;, times, serif\">1 * Fodpedalaccelerator<br \/>\n<\/span><\/p>\n<p><span style=\"font-size:18px;font-family:&quot;times new roman&quot;, times, serif\">1 * Elektrisk d\u00f8rl\u00e5s<br \/>\n<\/span><\/p>\n<p><span style=\"font-size:18px;font-family:&quot;times new roman&quot;, times, serif\">1* K\u00e6de<br \/>\n<\/span><\/p>\n<p><span style=\"font-size:18px;font-family:&quot;times new roman&quot;, times, serif\">1 * K\u00e6deskive<br \/>\n<\/span><\/p>\n<p><span style=\"font-size:18px;font-family:&quot;times new roman&quot;, times, serif\">1 par* l\u00e5sen\u00f8gler<br \/>\n<\/span><\/p>\n<p><span style=\"font-size:18px;font-family:&quot;times new roman&quot;, times, serif\">1 s\u00e6t* Forl\u00e6ns\/bagudg\u00e5ende styr<br \/>\n<\/span><\/p>\n<p><span style=\"font-size:18px;font-family:&quot;times new roman&quot;, times, serif\">Andet tilbeh\u00f8r til installation<br \/>\n<\/span><\/p>\n<p><span style=\"font-size:18px;font-family:&quot;times new roman&quot;, times, serif\"><\/span><img decoding=\"async\" src=\"https:\/\/ae01.alicdn.com\/kf\/S15bf374450684757bd14e1b5620d419eH.jpg\" slate-data-type=\"image\"\/><span style=\"font-size:18px;font-family:&quot;times new roman&quot;, times, serif\"><\/span><img decoding=\"async\" src=\"https:\/\/ae01.alicdn.com\/kf\/S106753720bb9479980a81d14b97e2ea58.jpg\" slate-data-type=\"image\"\/><span style=\"font-size:18px;font-family:&quot;times new roman&quot;, times, serif\"><\/span><img decoding=\"async\" src=\"https:\/\/ae01.alicdn.com\/kf\/S62d74ebf2ce547a79e1c2c633ed5e0c7S.jpg\" slate-data-type=\"image\"\/><span style=\"font-size:18px;font-family:&quot;times new roman&quot;, times, serif\"><\/span><img decoding=\"async\" src=\"https:\/\/ae01.alicdn.com\/kf\/S781a82198022488ca07554836b57ea3ao.jpg\" slate-data-type=\"image\"\/><span style=\"font-size:18px;font-family:&quot;times new roman&quot;, times, serif\"><\/span><img decoding=\"async\" src=\"https:\/\/ae01.alicdn.com\/kf\/S867c258639b541d8a931a7a67b2fc66a3.jpg\" slate-data-type=\"image\"\/><span style=\"font-size:18px;font-family:&quot;times new roman&quot;, times, serif\"><\/span><\/p>\n<p><span style=\"font-size:18px;font-family:&quot;times new roman&quot;, times, serif\">\ud83d\udc4dNoter:<br \/>\n<\/span><\/p>\n<p><span style=\"font-size:18px;font-family:&quot;times new roman&quot;, times, serif\">1. Bem\u00e6rk venligst, at motorhastigheden bestemmes ud fra lastens v\u00e6gt og andre faktorer.<br \/>\n<\/span><\/p>\n<p><span style=\"font-size:18px;font-family:&quot;times new roman&quot;, times, serif\">2. N\u00e5r du tilslutter controlleren til ledningerne, skal du s\u00f8rge for at tilslutte den korrekte farve. Ellers kan controlleren blive beskadiget.<br \/>\n<\/span><\/p>\n<p><span style=\"font-size:18px;font-family:&quot;times new roman&quot;, times, serif\">3. Lad ikke motoren k\u00f8re bagl\u00e6ns i l\u00e6ngere tid, da dette vil forkorte dens levetid.<br \/>\n<\/span><\/p>\n<p><span style=\"font-size:18px;font-family:&quot;times new roman&quot;, times, serif\">Tillad venligst en lille farveforskel for\u00e5rsaget af optagelyset og 1-3 cm fejl p\u00e5 grund af manuel m\u00e5ling, og s\u00f8rg for, at du ikke har noget imod det, f\u00f8r du bestiller.<\/span><\/p>","protected":false},"excerpt":{"rendered":"<p>Hign-concerned Chemical:&nbsp;None Wattage:&nbsp;&gt; 400w Design:&nbsp;Brushless Voltage:&nbsp;48V Origin:&nbsp;Mainland China 3KW Electric Brushless Motor Kit with Foot Pedal Accelerator &amp; Forward\/Backward Handlebars Electric Bike Motorcycle E-Scooter Conversion Kits Controller Throttle \ud83d\udc4dApplication\uff1a It<\/p>","protected":false},"featured_media":7584,"comment_status":"open","ping_status":"closed","template":"","meta":{"_acf_changed":false},"product_brand":[],"product_cat":[242],"product_tag":[],"class_list":{"0":"post-7583","1":"product","2":"type-product","3":"status-publish","4":"has-post-thumbnail","6":"product_cat-kits","8":"first","9":"instock","10":"shipping-taxable","11":"purchasable","12":"product-type-variable"},"acf":[],"_links":{"self":[{"href":"https:\/\/www.electricstore.eu\/da\/wp-json\/wp\/v2\/product\/7583","targetHints":{"allow":["GET"]}}],"collection":[{"href":"https:\/\/www.electricstore.eu\/da\/wp-json\/wp\/v2\/product"}],"about":[{"href":"https:\/\/www.electricstore.eu\/da\/wp-json\/wp\/v2\/types\/product"}],"replies":[{"embeddable":true,"href":"https:\/\/www.electricstore.eu\/da\/wp-json\/wp\/v2\/comments?post=7583"}],"wp:featuredmedia":[{"embeddable":true,"href":"https:\/\/www.electricstore.eu\/da\/wp-json\/wp\/v2\/media\/7584"}],"wp:attachment":[{"href":"https:\/\/www.electricstore.eu\/da\/wp-json\/wp\/v2\/media?parent=7583"}],"wp:term":[{"taxonomy":"product_brand","embeddable":true,"href":"https:\/\/www.electricstore.eu\/da\/wp-json\/wp\/v2\/product_brand?post=7583"},{"taxonomy":"product_cat","embeddable":true,"href":"https:\/\/www.electricstore.eu\/da\/wp-json\/wp\/v2\/product_cat?post=7583"},{"taxonomy":"product_tag","embeddable":true,"href":"https:\/\/www.electricstore.eu\/da\/wp-json\/wp\/v2\/product_tag?post=7583"}],"curies":[{"name":"wp","href":"https:\/\/api.w.org\/{rel}","templated":true}]}}