{"id":7574,"date":"2025-05-15T19:32:53","date_gmt":"2025-05-15T19:32:53","guid":{"rendered":"https:\/\/electricstore.eu\/product\/usamr-500ah-12v-lifepo4-battery\/"},"modified":"2025-05-20T13:42:13","modified_gmt":"2025-05-20T13:42:13","slug":"usamr-500ah-12v-lifepo4-battery","status":"publish","type":"product","link":"https:\/\/www.electricstore.eu\/da\/p\/batteries\/lifepo4-batteries\/200ah-lifepo4-batteries\/usamr-500ah-12v-lifepo4-battery\/","title":{"rendered":"USAMR 500Ah 12V LiFePO4 Batteri"},"content":{"rendered":"<div class=\"product-specs-list-container\">\n<ul class=\"product-specs-list util-clearfix\">\n<li class=\"product-prop line-limit-length\"><span class=\"property-title\">Nominel kapacitet:\u00a0<\/span><span class=\"property-desc line-limit-length\">500AH<\/span><\/li>\n<li class=\"product-prop line-limit-length\"><span class=\"property-title\">V\u00e6gt:\u00a0<\/span><span class=\"property-desc line-limit-length\">Omkring 39,3 kg<\/span><\/li>\n<li class=\"product-prop line-limit-length\"><span class=\"property-title\">Sp\u00e6nding:\u00a0<\/span><span class=\"property-desc line-limit-length\">12V<\/span><\/li>\n<li class=\"product-prop line-limit-length\"><span class=\"property-title\">St\u00f8rrelse:\u00a0<\/span><span class=\"property-desc line-limit-length\">430x240x270mm<\/span><\/li>\n<li class=\"product-prop line-limit-length\"><span class=\"property-title\">Modelnummer:\u00a0<\/span><span class=\"property-desc line-limit-length\">12V Liferpo4-batteri<\/span><\/li>\n<li class=\"product-prop line-limit-length\"><span class=\"property-title\">Type:\u00a0<\/span><span class=\"property-desc line-limit-length\">LiFePO4<\/span><\/li>\n<li class=\"product-prop line-limit-length\"><span class=\"property-title\">M\u00e6rkenavn:\u00a0<\/span><span class=\"property-desc line-limit-length\">Likctt<\/span><\/li>\n<li class=\"product-prop line-limit-length\"><span class=\"property-title\">Oprindelse:\u00a0<\/span><span class=\"property-desc line-limit-length\">Kinas fastland<\/span><\/li>\n<\/ul>\n<\/div>\n<div class=\"detailmodule_html\">\n<div class=\"detail-desc-decorate-richtext\">\n<p style=\"text-align: left; color: #ff0000; font-size: 20px; font-weight: bold;\">Transport i Den Europ\u00e6iske Union, Storbritannien, USA, Canada og Asien er SKATTEFRI.<\/p>\n<p style=\"text-align: left; color: #434649; font-size: 13px;\">EU-lageret (Polen-lageret) er ankommet. Venner, der har brug for det, kan afgive en ordre nu. Afgiv f\u00f8rst ordren og arranger forsendelsen f\u00f8rst. Du kan modtage varerne inden for 3-7 dage efter afsendelsen.<br \/>Batteritype:<br \/>Batterikapacitet: 500 Ah<br \/>Batterist\u00f8rrelse: 430*240*270 mm (+\/-10 mm)<br \/>V\u00e6gt: 39,3 kg (+\/- 0,5 kg)<br \/>Indbygget: 3,2V LiFePO4-batteri<br \/>Nominel sp\u00e6nding: 12,8V<br \/>Maksimal ladestr\u00f8m: 50A<br \/>\u00d8jeblikkelig afladningsstr\u00f8m: 200A<br \/>Kontinuerlig afladningsstr\u00f8m: 100A<br \/>Levetid: 6000 cyklusser eller mere<br \/>Etuimateriale: Matel<br \/>Opladningstemperatur: 0~45\u00b0C<br \/>Udladningstemperatur: -20~60\u00b0C<br \/>Opbevaringstemperatur: -20~65 \u00b0C<br \/>Driftssp\u00e6ndingsomr\u00e5de: 8,0V-14,6V<br \/>Overbelastningsbeskyttelsessp\u00e6nding: 14,6V \u00b1 0,05V<br \/>Beskyttelsessp\u00e6nding mod overbelastning: 8,0V \u00b1 0,05V<br \/>Beskyt batteritemperatur: 60\u00b0C plus 5\u00b0C<br \/>Output og parametre: h\u00f8jstr\u00f8m positiv\/negativ forbindelseskolonne (r\u00f8d positiv, sort negativ)<\/p>\n<p><img fetchpriority=\"high\" decoding=\"async\" style=\"width: 100%; height: auto; vertical-align: middle;\" src=\"https:\/\/ae01.alicdn.com\/kf\/Sd877e7644c8f4d3196748c53f5a8741dn.jpg\" width=\"1000\" height=\"1000\" \/><img decoding=\"async\" style=\"width: 100%; height: auto; vertical-align: middle;\" src=\"https:\/\/ae01.alicdn.com\/kf\/S9058fa1bec344b5f8240fb6ca48808f5w.jpg\" width=\"1000\" height=\"1000\" \/><img decoding=\"async\" style=\"width: 100%; height: auto; vertical-align: middle;\" src=\"https:\/\/ae01.alicdn.com\/kf\/S8545d111efbb41beba9ccb647eb2e0bbP.jpg\" width=\"1000\" height=\"1000\" \/><img loading=\"lazy\" decoding=\"async\" style=\"width: 100%; height: auto; vertical-align: middle;\" src=\"https:\/\/ae01.alicdn.com\/kf\/S1c9bd8397329465d9023bf1d760e5aadC.jpg?width=1000&amp;height=1000&amp;hash=2000\" width=\"1000\" height=\"1000\" \/><img loading=\"lazy\" decoding=\"async\" style=\"width: 100%; height: auto; vertical-align: middle;\" src=\"https:\/\/ae01.alicdn.com\/kf\/S489c689a043243cbac59ce467d13df0dv.jpg?width=1000&amp;height=1000&amp;hash=2000\" width=\"1000\" height=\"1000\" \/><img loading=\"lazy\" decoding=\"async\" style=\"width: 100%; height: auto; vertical-align: middle;\" src=\"https:\/\/ae01.alicdn.com\/kf\/Sad30417a2ed1492fb8f6200b937e0895L.jpg?width=1000&amp;height=1000&amp;hash=2000\" width=\"1000\" height=\"1000\" \/><img loading=\"lazy\" decoding=\"async\" style=\"width: 100%; height: auto; vertical-align: middle;\" src=\"https:\/\/ae01.alicdn.com\/kf\/S37076c5d5a274f3a9518a80bfa2013ad8.jpg?width=1000&amp;height=1000&amp;hash=2000\" width=\"1000\" height=\"1000\" \/><img loading=\"lazy\" decoding=\"async\" style=\"width: 100%; height: auto; vertical-align: middle;\" src=\"https:\/\/ae01.alicdn.com\/kf\/Sad01bdea2fc94119be5345b9d347c59e1.jpg?width=1000&amp;height=1000&amp;hash=2000\" width=\"1000\" height=\"1000\" \/><img loading=\"lazy\" decoding=\"async\" style=\"width: 100%; height: auto; vertical-align: middle;\" src=\"https:\/\/ae01.alicdn.com\/kf\/S5eecd84a030b4a388a6911fdf21988b5u.jpg?width=1000&amp;height=1000&amp;hash=2000\" width=\"1000\" height=\"1000\" \/><\/p>\n<p style=\"text-align: left; color: #434649; font-size: 13px;\">Elektrisk str\u00f8mapplikation<\/p>\n<p style=\"text-align: left; color: #434649; font-size: 13px;\">\u25cfStart batterimotoren<\/p>\n<p style=\"text-align: left; color: #434649; font-size: 13px;\">\u25cf Kommercielle busser og busser:<\/p>\n<p style=\"text-align: left; color: #434649; font-size: 13px;\">Elbiler, elbusser, golfvogne\/elcykler, scootere, autocampere, AGV&#039;er, marinesoldater, busser, campingvogne, k\u00f8restole,<\/p>\n<p style=\"text-align: left; color: #434649; font-size: 13px;\">Elektroniske lastbiler, elektroniske fejemaskiner, gulvrensere, elektroniske rollatorer osv.<\/p>\n<p style=\"text-align: left; color: #434649; font-size: 13px;\">\u25cf Intelligent robot<\/p>\n<p style=\"text-align: left; color: #434649; font-size: 13px;\">\u25cf Elv\u00e6rkt\u00f8j: elektriske boremaskiner, leget\u00f8j<\/p>\n<p style=\"text-align: left; color: #434649; font-size: 13px;\">Energilagring<\/p>\n<p style=\"text-align: left; color: #434649; font-size: 13px;\">\u25cf Solenergisystem<\/p>\n<p style=\"text-align: left; color: #434649; font-size: 13px;\">\u25cf Bynet (til\/fra)<\/p>\n<p style=\"text-align: left; color: #434649; font-size: 13px;\">Backup-system og UPS<\/p>\n<p style=\"text-align: left; color: #434649; font-size: 13px;\">\u25cf Telekommunikationsbase, kabel-tv-system, computerservercenter, medicinsk udstyr, milit\u00e6rt udstyr<\/p>\n<p style=\"text-align: left; color: #434649; font-size: 13px;\">andre apps<\/p>\n<p style=\"text-align: left; color: #434649; font-size: 13px;\">\u25cf Sikkerhed og elektronik, mobilt salgssted, minedriftsbelysning \/ lommelygte \/ LED-lys \/ n\u00f8dlys<\/p>\n<p style=\"text-align: left; color: #434649; font-size: 13px;\">Produktfordele:<\/p>\n<p style=\"text-align: left; color: #434649; font-size: 13px;\">Nem at b\u00e6re, h\u00f8j kapacitet, platform med h\u00f8j frigivelse, lange arbejdstimer, lang levetid, sikkerhed og milj\u00f8beskyttelse<\/p>\n<p><img loading=\"lazy\" decoding=\"async\" style=\"width: 100%; height: auto; vertical-align: middle;\" src=\"https:\/\/ae01.alicdn.com\/kf\/S27b23c2fe70a4c37899b54c92940cb610.jpg\" width=\"1000\" height=\"1000\" \/><\/p>\n<\/div>\n<\/div>","protected":false},"excerpt":{"rendered":"<p>Nominal Capacity:\u00a0500AH Weight:\u00a0About 39.3kg Voltage:\u00a012V Size:\u00a0430x240x270mm Model Number:\u00a012V Liferpo4 Battery Type:\u00a0LiFePO4 Brand Name:\u00a0Likctt Origin:\u00a0Mainland China Transportation in the European Union, United Kingdom,the United States, Canada, and Asian TAX FREE. The<\/p>","protected":false},"featured_media":7575,"comment_status":"open","ping_status":"closed","template":"","meta":{"_acf_changed":false},"product_brand":[],"product_cat":[238],"product_tag":[243],"class_list":{"0":"post-7574","1":"product","2":"type-product","3":"status-publish","4":"has-post-thumbnail","6":"product_cat-200ah-lifepo4-batteries","7":"product_tag-usamr","9":"first","10":"instock","11":"shipping-taxable","12":"purchasable","13":"product-type-simple"},"acf":[],"_links":{"self":[{"href":"https:\/\/www.electricstore.eu\/da\/wp-json\/wp\/v2\/product\/7574","targetHints":{"allow":["GET"]}}],"collection":[{"href":"https:\/\/www.electricstore.eu\/da\/wp-json\/wp\/v2\/product"}],"about":[{"href":"https:\/\/www.electricstore.eu\/da\/wp-json\/wp\/v2\/types\/product"}],"replies":[{"embeddable":true,"href":"https:\/\/www.electricstore.eu\/da\/wp-json\/wp\/v2\/comments?post=7574"}],"wp:featuredmedia":[{"embeddable":true,"href":"https:\/\/www.electricstore.eu\/da\/wp-json\/wp\/v2\/media\/7575"}],"wp:attachment":[{"href":"https:\/\/www.electricstore.eu\/da\/wp-json\/wp\/v2\/media?parent=7574"}],"wp:term":[{"taxonomy":"product_brand","embeddable":true,"href":"https:\/\/www.electricstore.eu\/da\/wp-json\/wp\/v2\/product_brand?post=7574"},{"taxonomy":"product_cat","embeddable":true,"href":"https:\/\/www.electricstore.eu\/da\/wp-json\/wp\/v2\/product_cat?post=7574"},{"taxonomy":"product_tag","embeddable":true,"href":"https:\/\/www.electricstore.eu\/da\/wp-json\/wp\/v2\/product_tag?post=7574"}],"curies":[{"name":"wp","href":"https:\/\/api.w.org\/{rel}","templated":true}]}}