{"id":7539,"date":"2025-05-15T19:32:26","date_gmt":"2025-05-15T19:32:26","guid":{"rendered":"https:\/\/electricstore.eu\/product\/usamr-60ah-12v-lifepo4-battery\/"},"modified":"2025-05-21T05:40:16","modified_gmt":"2025-05-21T05:40:16","slug":"usamr-60ah-12v-lifepo4-battery","status":"publish","type":"product","link":"https:\/\/www.electricstore.eu\/da\/p\/batteries\/lifepo4-batteries\/100ah\/usamr-60ah-12v-lifepo4-battery\/","title":{"rendered":"USAMR 60Ah 12V LiFePO4 Batteri"},"content":{"rendered":"<div class=\"product-specs-list-container\">\n<ul class=\"product-specs-list util-clearfix\">\n<li class=\"product-prop line-limit-length\"><span\n                                        class=\"property-title\">Nominel kapacitet:&nbsp;<\/span><span\n                                        class=\"property-desc line-limit-length\">50AH<\/span>\n                            <\/li>\n<li class=\"product-prop line-limit-length\"><span\n                                        class=\"property-title\">V\u00e6gt:&nbsp;<\/span><span\n                                        class=\"property-desc line-limit-length\">Omkring 7,3 kg<\/span>\n                            <\/li>\n<li class=\"product-prop line-limit-length\"><span\n                                        class=\"property-title\">St\u00f8rrelse:&nbsp;<\/span><span\n                                        class=\"property-desc line-limit-length\">230x230x180mm<\/span>\n                            <\/li>\n<li class=\"product-prop line-limit-length\"><span\n                                        class=\"property-title\">Anvendelse:&nbsp;<\/span><span\n                                        class=\"property-desc line-limit-length\">Elbil, autocamper, b\u00e5d, trollingmotor, energi til hjemmet, solenergilagring, off-grid solenergisystem, andet<\/span>\n                            <\/li>\n<li class=\"product-prop line-limit-length\"><span\n                                        class=\"property-title\">Modelnummer:&nbsp;<\/span><span\n                                        class=\"property-desc line-limit-length\">12V Liferpo4-batteri<\/span>\n                            <\/li>\n<li class=\"product-prop line-limit-length\"><span\n                                        class=\"property-title\">Type:&nbsp;<\/span><span\n                                        class=\"property-desc line-limit-length\">LiFePO4<\/span>\n                            <\/li>\n<li class=\"product-prop line-limit-length\"><span\n                                        class=\"property-title\">M\u00e6rkenavn:&nbsp;<\/span><span\n                                        class=\"property-desc line-limit-length\">Likctt<\/span>\n                            <\/li>\n<li class=\"product-prop line-limit-length\"><span\n                                        class=\"property-title\">Oprindelse:&nbsp;<\/span><span\n                                        class=\"property-desc line-limit-length\">Kinas fastland<\/span>\n                            <\/li>\n<\/ul><\/div>\n<div class=\"detailmodule_html\">\n<div class=\"detail-desc-decorate-richtext\">\n<p class=\"word-break white-space mt-10\" style=\"color:#ff0000;\">Transport i Den Europ\u00e6iske Union, Storbritannien, USA, Canada og Asien er SKATTEFRI.<\/p>\n<p class=\"word-break white-space mt-10\" style=\"color:#434649;\">EU-lageret (Polen-lageret) er ankommet. Venner, der har brug for det, kan afgive en ordre nu. Afgiv f\u00f8rst ordren og arranger forsendelsen f\u00f8rst. Du kan modtage varerne inden for 3-7 dage efter afsendelsen.<\/p>\n<p class=\"word-break white-space mt-10\" style=\"text-align:left;color:#434649;font-size:16px;font-weight:bold;\">Batteritype:<\/p>\n<p class=\"word-break white-space mt-10\" style=\"text-align:left;color:#434649;font-size:16px;font-weight:bold;\">Batterikapacitet: 50 Ah<\/p>\n<p class=\"word-break white-space mt-10\" style=\"text-align:left;color:#434649;font-size:16px;font-weight:bold;\">Batterist\u00f8rrelse: 230*230*180 mm (+\/-10 mm)<\/p>\n<p class=\"word-break white-space mt-10\" style=\"text-align:left;color:#434649;font-size:16px;font-weight:bold;\">V\u00e6gt: 7,3 kg (+\/- 0,5 kg)<\/p>\n<p class=\"word-break white-space mt-10\" style=\"text-align:left;color:#434649;font-size:16px;font-weight:bold;\">Indbygget: 3,2V LiFePO4-batteri<\/p>\n<p class=\"word-break white-space mt-10\" style=\"text-align:left;color:#434649;font-size:16px;font-weight:bold;\">Nominel sp\u00e6nding: 12,8V<\/p>\n<p class=\"word-break white-space mt-10\" style=\"text-align:left;color:#434649;font-size:16px;font-weight:bold;\">Maksimal ladestr\u00f8m: 50A<\/p>\n<p class=\"word-break white-space mt-10\" style=\"text-align:left;color:#434649;font-size:16px;font-weight:bold;\">\u00d8jeblikkelig afladningsstr\u00f8m: 200A<\/p>\n<p class=\"word-break white-space mt-10\" style=\"text-align:left;color:#434649;font-size:16px;font-weight:bold;\">Kontinuerlig afladningsstr\u00f8m: 100A<\/p>\n<p class=\"word-break white-space mt-10\" style=\"text-align:left;color:#434649;font-size:16px;font-weight:bold;\">Levetid: 6000 cyklusser eller mere<\/p>\n<p class=\"word-break white-space mt-10\" style=\"text-align:left;color:#434649;font-size:16px;font-weight:bold;\">Etuimateriale: Matel<\/p>\n<p class=\"word-break white-space mt-10\" style=\"text-align:left;color:#434649;font-size:16px;font-weight:bold;\">Opladningstemperatur: 0~45\u00b0C<\/p>\n<p class=\"word-break white-space mt-10\" style=\"text-align:left;color:#434649;font-size:16px;font-weight:bold;\">Udladningstemperatur: -20~60\u00b0C<\/p>\n<p class=\"word-break white-space mt-10\" style=\"text-align:left;color:#434649;font-size:16px;font-weight:bold;\">Opbevaringstemperatur: -20~65 \u00b0C<\/p>\n<p class=\"word-break white-space mt-10\" style=\"text-align:left;color:#434649;font-size:16px;font-weight:bold;\">Driftssp\u00e6ndingsomr\u00e5de: 8,0V-14,6V<\/p>\n<p class=\"word-break white-space mt-10\" style=\"text-align:left;color:#434649;font-size:16px;font-weight:bold;\">Overbelastningsbeskyttelsessp\u00e6nding: 14,6V \u00b1 0,05V<\/p>\n<p class=\"word-break white-space mt-10\" style=\"text-align:left;color:#434649;font-size:16px;font-weight:bold;\">Beskyttelsessp\u00e6nding mod overbelastning: 8,0V \u00b1 0,05V<\/p>\n<p class=\"word-break white-space mt-10\" style=\"text-align:left;color:#434649;font-size:16px;font-weight:bold;\">Beskyt batteritemperatur: 60\u00b0C plus 5\u00b0C<\/p>\n<p class=\"word-break white-space mt-10\" style=\"text-align:left;color:#434649;font-size:16px;font-weight:bold;\">Output og parametre: h\u00f8jstr\u00f8m positiv\/negativ forbindelseskolonne (r\u00f8d positiv, sort negativ)<\/p>\n<p><img fetchpriority=\"high\" decoding=\"async\" height=\"1000\" referrerpolicy=\"no-referrer\" src=\"https:\/\/ae01.alicdn.com\/kf\/S9101329362e249398fd44c27a0ea40e9J.jpg?width=1000&amp;height=1000&amp;hash=2000\" style=\"width: 100%; height: auto; vertical-align: middle;\" width=\"1000\"><img decoding=\"async\" height=\"1000\" referrerpolicy=\"no-referrer\" src=\"https:\/\/ae01.alicdn.com\/kf\/S3f2239c1872b4d93a0bc0cefd7defbccF.jpg?width=1000&amp;height=1000&amp;hash=2000\" style=\"width: 100%; height: auto; vertical-align: middle;\" width=\"1000\"><img decoding=\"async\" height=\"1000\" referrerpolicy=\"no-referrer\" src=\"https:\/\/ae01.alicdn.com\/kf\/Sb950945b25a6469cafda2a1c53f8af15D.jpg?width=1000&amp;height=1000&amp;hash=2000\" style=\"width: 100%; height: auto; vertical-align: middle;\" width=\"1000\"><\/p>\n<p class=\"word-break white-space mt-10\" style=\"color:#434649;\">Batterikapacitet: 60 Ah<\/p>\n<p class=\"word-break white-space mt-10\" style=\"text-align:left;color:#434649;font-size:16px;font-weight:bold;\">Batterist\u00f8rrelse: 240*200*130 mm (+\/-10 mm)<\/p>\n<p class=\"word-break white-space mt-10\" style=\"text-align:left;color:#434649;font-size:16px;font-weight:bold;\">V\u00e6gt: 6 kg (+\/- 0,5 kg)<\/p>\n<p class=\"word-break white-space mt-10\" style=\"text-align:left;color:#434649;font-size:16px;font-weight:bold;\">Indbygget: 3,2V LiFePO4-batteri<\/p>\n<p class=\"word-break white-space mt-10\" style=\"text-align:left;color:#434649;font-size:16px;font-weight:bold;\">Nominel sp\u00e6nding: 12,8V<\/p>\n<p class=\"word-break white-space mt-10\" style=\"text-align:left;color:#434649;font-size:16px;font-weight:bold;\">Maksimal ladestr\u00f8m: 50A<\/p>\n<p class=\"word-break white-space mt-10\" style=\"text-align:left;color:#434649;font-size:16px;font-weight:bold;\">\u00d8jeblikkelig afladningsstr\u00f8m: 200A<\/p>\n<p class=\"word-break white-space mt-10\" style=\"text-align:left;color:#434649;font-size:16px;font-weight:bold;\">Kontinuerlig afladningsstr\u00f8m: 100A<\/p>\n<p class=\"word-break white-space mt-10\" style=\"text-align:left;color:#434649;font-size:16px;font-weight:bold;\">Levetid: 6000 cyklusser eller mere<\/p>\n<p class=\"word-break white-space mt-10\" style=\"text-align:left;color:#434649;font-size:16px;font-weight:bold;\">Opladningstemperatur: 0~45\u00b0C<\/p>\n<p class=\"word-break white-space mt-10\" style=\"text-align:left;color:#434649;font-size:16px;font-weight:bold;\">Udladningstemperatur: -20~60\u00b0C<\/p>\n<p class=\"word-break white-space mt-10\" style=\"text-align:left;color:#434649;font-size:16px;font-weight:bold;\">Opbevaringstemperatur: -20~65 \u00b0C<\/p>\n<p class=\"word-break white-space mt-10\" style=\"text-align:left;color:#434649;font-size:16px;font-weight:bold;\">Driftssp\u00e6ndingsomr\u00e5de: 8,0V-14,6V<\/p>\n<p class=\"word-break white-space mt-10\" style=\"text-align:left;color:#434649;font-size:16px;font-weight:bold;\">Overbelastningsbeskyttelsessp\u00e6nding: 14,6V \u00b1 0,05V<\/p>\n<p class=\"word-break white-space mt-10\" style=\"text-align:left;color:#434649;font-size:16px;font-weight:bold;\">Beskyttelsessp\u00e6nding mod overbelastning: 8,0V \u00b1 0,05V<\/p>\n<p class=\"word-break white-space mt-10\" style=\"text-align:left;color:#434649;font-size:16px;font-weight:bold;\">Beskyt batteritemperatur: 60\u00b0C plus 5\u00b0C<\/p>\n<p class=\"word-break white-space mt-10\" style=\"text-align:left;color:#434649;font-size:16px;font-weight:bold;\">Output og parametre: h\u00f8jstr\u00f8m positiv\/negativ forbindelseskolonne (r\u00f8d positiv, sort negativ)<\/p>\n<p><img loading=\"lazy\" decoding=\"async\" height=\"1000\" referrerpolicy=\"no-referrer\" src=\"https:\/\/ae01.alicdn.com\/kf\/S39b151d96098468abea8456976b3318bn.jpg?width=1000&amp;height=1000&amp;hash=2000\" style=\"width: 100%; height: auto; vertical-align: middle;\" width=\"1000\"><img loading=\"lazy\" decoding=\"async\" height=\"1000\" referrerpolicy=\"no-referrer\" src=\"https:\/\/ae01.alicdn.com\/kf\/Sf162493e05d74f3fa5cc0dff080880f9z.jpg?width=1000&amp;height=1000&amp;hash=2000\" style=\"width: 100%; height: auto; vertical-align: middle;\" width=\"1000\"><img loading=\"lazy\" decoding=\"async\" height=\"1000\" referrerpolicy=\"no-referrer\" src=\"https:\/\/ae01.alicdn.com\/kf\/S12cda80d153141aea12690703c23fd35c.jpg?width=1000&amp;height=1000&amp;hash=2000\" style=\"width: 100%; height: auto; vertical-align: middle;\" width=\"1000\"><\/p>\n<p class=\"word-break white-space mt-10\" style=\"color:#434649;\">Elektrisk str\u00f8mapplikation<\/p>\n<p class=\"word-break white-space mt-10\" style=\"text-align:left;color:#434649;font-size:16px;font-weight:bold;\">\u25cfStart batterimotoren<\/p>\n<p class=\"word-break white-space mt-10\" style=\"text-align:left;color:#434649;font-size:16px;font-weight:bold;\">\u25cf Kommercielle busser og busser:<\/p>\n<p class=\"word-break white-space mt-10\" style=\"text-align:left;color:#434649;font-size:16px;font-weight:bold;\">Elbiler, elbusser, golfvogne\/elcykler, scootere, autocampere, AGV&#039;er, marinesoldater, busser, campingvogne, k\u00f8restole,<\/p>\n<p class=\"word-break white-space mt-10\" style=\"text-align:left;color:#434649;font-size:16px;font-weight:bold;\">Elektroniske lastbiler, elektroniske fejemaskiner, gulvrensere, elektroniske rollatorer osv.<\/p>\n<p class=\"word-break white-space mt-10\" style=\"text-align:left;color:#434649;font-size:16px;font-weight:bold;\">\u25cf Intelligent robot<\/p>\n<p class=\"word-break white-space mt-10\" style=\"text-align:left;color:#434649;font-size:16px;font-weight:bold;\">\u25cf Elv\u00e6rkt\u00f8j: elektriske boremaskiner, leget\u00f8j<\/p>\n<p class=\"word-break white-space mt-10\" style=\"text-align:left;color:#434649;font-size:16px;font-weight:bold;\">Energilagring<\/p>\n<p class=\"word-break white-space mt-10\" style=\"text-align:left;color:#434649;font-size:16px;font-weight:bold;\">\u25cf Solenergisystem<\/p>\n<p class=\"word-break white-space mt-10\" style=\"text-align:left;color:#434649;font-size:16px;font-weight:bold;\">\u25cf Bynet (til\/fra)<\/p>\n<p class=\"word-break white-space mt-10\" style=\"text-align:left;color:#434649;font-size:16px;font-weight:bold;\">Backup-system og UPS<\/p>\n<p class=\"word-break white-space mt-10\" style=\"text-align:left;color:#434649;font-size:16px;font-weight:bold;\">\u25cf Telekommunikationsbase, kabel-tv-system, computerservercenter, medicinsk udstyr, milit\u00e6rt udstyr<\/p>\n<p class=\"word-break white-space mt-10\" style=\"text-align:left;color:#434649;font-size:16px;font-weight:bold;\">\u25cf Sikkerhed og elektronik, mobilt salgssted, minedriftsbelysning \/ lommelygte \/ LED-lys \/ n\u00f8dlys<\/p>\n<p class=\"word-break white-space mt-10\" style=\"text-align:left;color:#434649;font-size:16px;font-weight:bold;\">Produktfordele:<\/p>\n<p class=\"word-break white-space mt-10\" style=\"text-align:left;color:#434649;font-size:16px;font-weight:bold;\">Nem at b\u00e6re, h\u00f8j kapacitet, platform med h\u00f8j frigivelse, lange arbejdstimer, lang levetid, sikkerhed og milj\u00f8beskyttelse<\/p>\n<p><img loading=\"lazy\" decoding=\"async\" height=\"1000\" referrerpolicy=\"no-referrer\" src=\"https:\/\/ae01.alicdn.com\/kf\/S27b23c2fe70a4c37899b54c92940cb610.jpg\" style=\"width: 100%; height: auto; vertical-align: middle;\" width=\"1000\"><\/div>\n<\/div>","protected":false},"excerpt":{"rendered":"<p>Nominal Capacity:&nbsp;50AH Weight:&nbsp;About 7.3kg Size:&nbsp;230x230x180mm Application:&nbsp;EV,RV,Marine Boat,Trolling Motor,Home Energy,Solar Power Storage,Off-Grid Solar Power System,Others Model Number:&nbsp;12V Liferpo4 Battery Type:&nbsp;LiFePO4 Brand Name:&nbsp;Likctt Origin:&nbsp;Mainland China Transportation in the European Union, United Kingdom,the<\/p>","protected":false},"featured_media":7533,"comment_status":"open","ping_status":"closed","template":"","meta":{"_acf_changed":false},"product_brand":[],"product_cat":[236],"product_tag":[243],"class_list":{"0":"post-7539","1":"product","2":"type-product","3":"status-publish","4":"has-post-thumbnail","6":"product_cat-100ah","7":"product_tag-usamr","9":"first","10":"instock","11":"shipping-taxable","12":"purchasable","13":"product-type-variable"},"acf":[],"_links":{"self":[{"href":"https:\/\/www.electricstore.eu\/da\/wp-json\/wp\/v2\/product\/7539","targetHints":{"allow":["GET"]}}],"collection":[{"href":"https:\/\/www.electricstore.eu\/da\/wp-json\/wp\/v2\/product"}],"about":[{"href":"https:\/\/www.electricstore.eu\/da\/wp-json\/wp\/v2\/types\/product"}],"replies":[{"embeddable":true,"href":"https:\/\/www.electricstore.eu\/da\/wp-json\/wp\/v2\/comments?post=7539"}],"wp:featuredmedia":[{"embeddable":true,"href":"https:\/\/www.electricstore.eu\/da\/wp-json\/wp\/v2\/media\/7533"}],"wp:attachment":[{"href":"https:\/\/www.electricstore.eu\/da\/wp-json\/wp\/v2\/media?parent=7539"}],"wp:term":[{"taxonomy":"product_brand","embeddable":true,"href":"https:\/\/www.electricstore.eu\/da\/wp-json\/wp\/v2\/product_brand?post=7539"},{"taxonomy":"product_cat","embeddable":true,"href":"https:\/\/www.electricstore.eu\/da\/wp-json\/wp\/v2\/product_cat?post=7539"},{"taxonomy":"product_tag","embeddable":true,"href":"https:\/\/www.electricstore.eu\/da\/wp-json\/wp\/v2\/product_tag?post=7539"}],"curies":[{"name":"wp","href":"https:\/\/api.w.org\/{rel}","templated":true}]}}