{"id":7536,"date":"2025-05-15T19:32:23","date_gmt":"2025-05-15T19:32:23","guid":{"rendered":"https:\/\/electricstore.eu\/product\/usamr-250ah-24v-lifepo4-battery\/"},"modified":"2025-05-20T13:42:18","modified_gmt":"2025-05-20T13:42:18","slug":"usamr-250ah-24v-lifepo4-battery","status":"publish","type":"product","link":"https:\/\/www.electricstore.eu\/da\/p\/batteries\/lifepo4-batteries\/200ah-lifepo4-batteries\/usamr-250ah-24v-lifepo4-battery\/","title":{"rendered":"USAMR 250Ah 24V LiFePO4 Batteri"},"content":{"rendered":"<div class=\"product-specs-list-container\">\n<ul class=\"product-specs-list util-clearfix\">\n<li class=\"product-prop line-limit-length\"><span\n                                        class=\"property-title\">Nominel kapacitet:&nbsp;<\/span><span\n                                        class=\"property-desc line-limit-length\">250AH<\/span>\n                            <\/li>\n<li class=\"product-prop line-limit-length\"><span\n                                        class=\"property-title\">V\u00e6gt:&nbsp;<\/span><span\n                                        class=\"property-desc line-limit-length\">Omkring 39,3 kg<\/span>\n                            <\/li>\n<li class=\"product-prop line-limit-length\"><span\n                                        class=\"property-title\">Sp\u00e6nding:&nbsp;<\/span><span\n                                        class=\"property-desc line-limit-length\">25.2V<\/span>\n                            <\/li>\n<li class=\"product-prop line-limit-length\"><span\n                                        class=\"property-title\">St\u00f8rrelse:&nbsp;<\/span><span\n                                        class=\"property-desc line-limit-length\">430x240x270mm<\/span>\n                            <\/li>\n<li class=\"product-prop line-limit-length\"><span\n                                        class=\"property-title\">Modelnummer:&nbsp;<\/span><span\n                                        class=\"property-desc line-limit-length\">24V Liferpo4 Battery<\/span>\n                            <\/li>\n<li class=\"product-prop line-limit-length\"><span\n                                        class=\"property-title\">Type:&nbsp;<\/span><span\n                                        class=\"property-desc line-limit-length\">LiFePO4<\/span>\n                            <\/li>\n<li class=\"product-prop line-limit-length\"><span\n                                        class=\"property-title\">M\u00e6rkenavn:&nbsp;<\/span><span\n                                        class=\"property-desc line-limit-length\">Likctt<\/span>\n                            <\/li>\n<li class=\"product-prop line-limit-length\"><span\n                                        class=\"property-title\">Oprindelse:&nbsp;<\/span><span\n                                        class=\"property-desc line-limit-length\">Kinas fastland<\/span>\n                            <\/li>\n<\/ul><\/div>\n<div class=\"detailmodule_html\">\n<div class=\"detail-desc-decorate-richtext\">\n<p style=\"text-align:left;color:#ff0000;font-size:20px;font-weight:bold;\">Transport i Den Europ\u00e6iske Union, Storbritannien, USA, Canada og Asien er SKATTEFRI.<\/p>\n<p style=\"text-align:left;color:#434649;font-size:13px;\">EU-lageret (Polen-lageret) er ankommet. Venner, der har brug for det, kan afgive en ordre nu. Afgiv f\u00f8rst ordren og arranger forsendelsen f\u00f8rst. Du kan modtage varerne inden for 3-7 dage efter afsendelsen.<br \/>\nBatteritype:<br \/>\nBattery capacity:250ah<br \/>\nBattery size:430x240x270mm (+\/-10mm)<br \/>\nV\u00e6gt: 39,3 kg (+\/- 0,5 kg)<br \/>\nIndbygget: 3,2V LiFePO4-batteri<br \/>\nNominal voltage: 29.2V<br \/>\nMaksimal ladestr\u00f8m: 50A<br \/>\n\u00d8jeblikkelig afladningsstr\u00f8m: 200A<br \/>\nKontinuerlig afladningsstr\u00f8m: 100A<br \/>\nLevetid: 6000 cyklusser eller mere<br \/>\nEtuimateriale: Matel<br \/>\nOpladningstemperatur: 0~45\u00b0C<br \/>\nUdladningstemperatur: -20~60\u00b0C<br \/>\nOpbevaringstemperatur: -20~65 \u00b0C<br \/>\nOperating voltage range:20V-29.2V<br \/>\nOverload protection voltage: 29.2V\u00b10.05V<br \/>\nProtection voltage against overlo:20V\u00b10.05V<br \/>\nBeskyt batteritemperatur: 60\u00b0C plus 5\u00b0C<br \/>\nOutput og parametre: h\u00f8jstr\u00f8m positiv\/negativ forbindelseskolonne (r\u00f8d positiv, sort negativ)<\/p>\n<p><img fetchpriority=\"high\" decoding=\"async\" height=\"1000\" referrerpolicy=\"no-referrer\" src=\"https:\/\/ae01.alicdn.com\/kf\/S69fb262c319949cfbdf83dce7e0051efe.jpg\" style=\"width: 100%; height: auto; vertical-align: middle;\" width=\"1000\"><img decoding=\"async\" height=\"1000\" referrerpolicy=\"no-referrer\" src=\"https:\/\/ae01.alicdn.com\/kf\/S3f5e34b7115849acb0f30af9dd95ee0c2.jpg\" style=\"width: 100%; height: auto; vertical-align: middle;\" width=\"1000\"><img decoding=\"async\" height=\"1000\" referrerpolicy=\"no-referrer\" src=\"https:\/\/ae01.alicdn.com\/kf\/Se6b46ca3c4ce470682eea734d60bf214U.jpg\" style=\"width: 100%; height: auto; vertical-align: middle;\" width=\"1000\"><img loading=\"lazy\" decoding=\"async\" height=\"1000\" referrerpolicy=\"no-referrer\" src=\"https:\/\/ae01.alicdn.com\/kf\/S8c8bbe31efc844a9b1cc0dbbe4782060m.jpg?width=1000&#038;height=1000&#038;hash=2000\" style=\"width: 100%; height: auto; vertical-align: middle;\" width=\"1000\"><img loading=\"lazy\" decoding=\"async\" height=\"1000\" referrerpolicy=\"no-referrer\" src=\"https:\/\/ae01.alicdn.com\/kf\/Sb220f10ac11d4696a34434bf17419df6m.jpg?width=1000&#038;height=1000&#038;hash=2000\" style=\"width: 100%; height: auto; vertical-align: middle;\" width=\"1000\"><img loading=\"lazy\" decoding=\"async\" height=\"1000\" referrerpolicy=\"no-referrer\" src=\"https:\/\/ae01.alicdn.com\/kf\/S0fd270850ea548fd9229306f30952edbZ.jpg?width=1000&#038;height=1000&#038;hash=2000\" style=\"width: 100%; height: auto; vertical-align: middle;\" width=\"1000\"><img loading=\"lazy\" decoding=\"async\" height=\"1000\" referrerpolicy=\"no-referrer\" src=\"https:\/\/ae01.alicdn.com\/kf\/Seeb4356d076a448aa8f92d21529c3a20y.jpg?width=1000&#038;height=1000&#038;hash=2000\" style=\"width: 100%; height: auto; vertical-align: middle;\" width=\"1000\"><img loading=\"lazy\" decoding=\"async\" height=\"1000\" referrerpolicy=\"no-referrer\" src=\"https:\/\/ae01.alicdn.com\/kf\/S065aefac03a543d39784ac68533fb6f0c.jpg?width=1000&#038;height=1000&#038;hash=2000\" style=\"width: 100%; height: auto; vertical-align: middle;\" width=\"1000\"><img loading=\"lazy\" decoding=\"async\" height=\"1000\" referrerpolicy=\"no-referrer\" src=\"https:\/\/ae01.alicdn.com\/kf\/S2509fa83fdfa4a06b02a22ee866d77c9f.jpg?width=1000&#038;height=1000&#038;hash=2000\" style=\"width: 100%; height: auto; vertical-align: middle;\" width=\"1000\"><\/p>\n<p style=\"text-align:left;color:#434649;font-size:13px;\">Elektrisk str\u00f8mapplikation<\/p>\n<p style=\"text-align:left;color:#434649;font-size:13px;\">\u25cfStart batterimotoren<\/p>\n<p style=\"text-align:left;color:#434649;font-size:13px;\">\u25cf Kommercielle busser og busser:<\/p>\n<p style=\"text-align:left;color:#434649;font-size:13px;\">Elbiler, elbusser, golfvogne\/elcykler, scootere, autocampere, AGV&#039;er, marinesoldater, busser, campingvogne, k\u00f8restole,<\/p>\n<p style=\"text-align:left;color:#434649;font-size:13px;\">Elektroniske lastbiler, elektroniske fejemaskiner, gulvrensere, elektroniske rollatorer osv.<\/p>\n<p style=\"text-align:left;color:#434649;font-size:13px;\">\u25cf Intelligent robot<\/p>\n<p style=\"text-align:left;color:#434649;font-size:13px;\">\u25cf Elv\u00e6rkt\u00f8j: elektriske boremaskiner, leget\u00f8j<\/p>\n<p style=\"text-align:left;color:#434649;font-size:13px;\">Energilagring<\/p>\n<p style=\"text-align:left;color:#434649;font-size:13px;\">\u25cf Solenergisystem<\/p>\n<p style=\"text-align:left;color:#434649;font-size:13px;\">\u25cf Bynet (til\/fra)<\/p>\n<p style=\"text-align:left;color:#434649;font-size:13px;\">Backup-system og UPS<\/p>\n<p style=\"text-align:left;color:#434649;font-size:13px;\">\u25cf Telekommunikationsbase, kabel-tv-system, computerservercenter, medicinsk udstyr, milit\u00e6rt udstyr<\/p>\n<p style=\"text-align:left;color:#434649;font-size:13px;\">andre apps<\/p>\n<p style=\"text-align:left;color:#434649;font-size:13px;\">\u25cf Sikkerhed og elektronik, mobilt salgssted, minedriftsbelysning \/ lommelygte \/ LED-lys \/ n\u00f8dlys<\/p>\n<p style=\"text-align:left;color:#434649;font-size:13px;\">Produktfordele:<\/p>\n<p style=\"text-align:left;color:#434649;font-size:13px;\">Nem at b\u00e6re, h\u00f8j kapacitet, platform med h\u00f8j frigivelse, lange arbejdstimer, lang levetid, sikkerhed og milj\u00f8beskyttelse<\/p>\n<p><img loading=\"lazy\" decoding=\"async\" height=\"1000\" referrerpolicy=\"no-referrer\" src=\"https:\/\/ae01.alicdn.com\/kf\/S27b23c2fe70a4c37899b54c92940cb610.jpg\" style=\"width: 100%; height: auto; vertical-align: middle;\" width=\"1000\"><\/div>\n<\/div>","protected":false},"excerpt":{"rendered":"<p>Nominal Capacity:&nbsp;250AH Weight:&nbsp;About 39.3kg Voltage:&nbsp;25.2V Size:&nbsp;430x240x270mm Model Number:&nbsp;24V Liferpo4 Battery Type:&nbsp;LiFePO4 Brand Name:&nbsp;Likctt Origin:&nbsp;Mainland China Transportation in the European Union, United Kingdom,the United States, Canada, and Asian TAX FREE. The<\/p>","protected":false},"featured_media":7537,"comment_status":"open","ping_status":"closed","template":"","meta":{"_acf_changed":false},"product_brand":[],"product_cat":[238],"product_tag":[243],"class_list":{"0":"post-7536","1":"product","2":"type-product","3":"status-publish","4":"has-post-thumbnail","6":"product_cat-200ah-lifepo4-batteries","7":"product_tag-usamr","9":"first","10":"instock","11":"shipping-taxable","12":"purchasable","13":"product-type-simple"},"acf":[],"_links":{"self":[{"href":"https:\/\/www.electricstore.eu\/da\/wp-json\/wp\/v2\/product\/7536","targetHints":{"allow":["GET"]}}],"collection":[{"href":"https:\/\/www.electricstore.eu\/da\/wp-json\/wp\/v2\/product"}],"about":[{"href":"https:\/\/www.electricstore.eu\/da\/wp-json\/wp\/v2\/types\/product"}],"replies":[{"embeddable":true,"href":"https:\/\/www.electricstore.eu\/da\/wp-json\/wp\/v2\/comments?post=7536"}],"wp:featuredmedia":[{"embeddable":true,"href":"https:\/\/www.electricstore.eu\/da\/wp-json\/wp\/v2\/media\/7537"}],"wp:attachment":[{"href":"https:\/\/www.electricstore.eu\/da\/wp-json\/wp\/v2\/media?parent=7536"}],"wp:term":[{"taxonomy":"product_brand","embeddable":true,"href":"https:\/\/www.electricstore.eu\/da\/wp-json\/wp\/v2\/product_brand?post=7536"},{"taxonomy":"product_cat","embeddable":true,"href":"https:\/\/www.electricstore.eu\/da\/wp-json\/wp\/v2\/product_cat?post=7536"},{"taxonomy":"product_tag","embeddable":true,"href":"https:\/\/www.electricstore.eu\/da\/wp-json\/wp\/v2\/product_tag?post=7536"}],"curies":[{"name":"wp","href":"https:\/\/api.w.org\/{rel}","templated":true}]}}