{"id":7503,"date":"2025-05-15T19:32:03","date_gmt":"2025-05-15T19:32:03","guid":{"rendered":"https:\/\/electricstore.eu\/product\/usamr-600ah-12v-lifepo4-battery-2\/"},"modified":"2025-05-21T05:40:16","modified_gmt":"2025-05-21T05:40:16","slug":"usamr-600ah-12v-lifepo4-battery-2","status":"publish","type":"product","link":"https:\/\/www.electricstore.eu\/da\/p\/batteries\/lifepo4-batteries\/200ah-lifepo4-batteries\/usamr-600ah-12v-lifepo4-battery-2\/","title":{"rendered":"USAMR 600AH 12V LiFePO4 Batteri"},"content":{"rendered":"<div class=\"product-specs-list-container\">\n<ul class=\"product-specs-list util-clearfix\">\n<li class=\"product-prop line-limit-length\"><span\n                                        class=\"property-title\">Nominel kapacitet:&nbsp;<\/span><span\n                                        class=\"property-desc line-limit-length\">600AH<\/span>\n                            <\/li>\n<li class=\"product-prop line-limit-length\"><span\n                                        class=\"property-title\">V\u00e6gt:&nbsp;<\/span><span\n                                        class=\"property-desc line-limit-length\">Omkring 50,4 kg<\/span>\n                            <\/li>\n<li class=\"product-prop line-limit-length\"><span\n                                        class=\"property-title\">Sp\u00e6nding:&nbsp;<\/span><span\n                                        class=\"property-desc line-limit-length\">12V<\/span>\n                            <\/li>\n<li class=\"product-prop line-limit-length\"><span\n                                        class=\"property-title\">St\u00f8rrelse:&nbsp;<\/span><span\n                                        class=\"property-desc line-limit-length\">430x310x270mm<\/span>\n                            <\/li>\n<li class=\"product-prop line-limit-length\"><span\n                                        class=\"property-title\">Modelnummer:&nbsp;<\/span><span\n                                        class=\"property-desc line-limit-length\">12V Liferpo4-batteri<\/span>\n                            <\/li>\n<li class=\"product-prop line-limit-length\"><span\n                                        class=\"property-title\">Type:&nbsp;<\/span><span\n                                        class=\"property-desc line-limit-length\">LiFePO4<\/span>\n                            <\/li>\n<li class=\"product-prop line-limit-length\"><span\n                                        class=\"property-title\">M\u00e6rkenavn:&nbsp;<\/span><span\n                                        class=\"property-desc line-limit-length\">Likctt<\/span>\n                            <\/li>\n<li class=\"product-prop line-limit-length\"><span\n                                        class=\"property-title\">Oprindelse:&nbsp;<\/span><span\n                                        class=\"property-desc line-limit-length\">Kinas fastland<\/span>\n                            <\/li>\n<\/ul><\/div>\n<div class=\"detailmodule_html\">\n<div class=\"detail-desc-decorate-richtext\">\n<p style=\"text-align:left;color:#ff0000;font-size:20px;font-weight:bold;\">Transport i Den Europ\u00e6iske Union, Storbritannien, USA, Canada og Asien er SKATTEFRI.<\/p>\n<p style=\"text-align:left;color:#434649;font-size:13px;\">EU-lageret (Polen-lageret) er ankommet. Venner, der har brug for det, kan afgive en ordre nu. Afgiv f\u00f8rst ordren og arranger forsendelsen f\u00f8rst. Du kan modtage varerne inden for 3-7 dage efter afsendelsen.<br \/>\nBatteritype:<br \/>\nBatterikapacitet: 600 Ah<br \/>\nBattery size:615x245x220mm (+\/-10mm)<br \/>\nV\u00e6gt: 50,4 kg (+\/- 0,5 kg)<br \/>\nIndbygget: 3,2V LiFePO4-batteri<br \/>\nNominel sp\u00e6nding: 12,8V<br \/>\nMaksimal ladestr\u00f8m: 50A<br \/>\n\u00d8jeblikkelig afladningsstr\u00f8m: 200A<br \/>\nKontinuerlig afladningsstr\u00f8m: 100A<br \/>\nLevetid: 6000 cyklusser eller mere<br \/>\nOpladningstemperatur: 0~45\u00b0C<br \/>\nUdladningstemperatur: -20~60\u00b0C<br \/>\nOpbevaringstemperatur: -20~65 \u00b0C<br \/>\nDriftssp\u00e6ndingsomr\u00e5de: 8,0V-14,6V<br \/>\nOverbelastningsbeskyttelsessp\u00e6nding: 14,6V \u00b1 0,05V<br \/>\nBeskyttelsessp\u00e6nding mod overbelastning: 8,0V \u00b1 0,05V<br \/>\nBeskyt batteritemperatur: 60\u00b0C plus 5\u00b0C<br \/>\nOutput og parametre: h\u00f8jstr\u00f8m positiv\/negativ forbindelseskolonne (r\u00f8d positiv, sort negativ)<\/p>\n<p><img fetchpriority=\"high\" decoding=\"async\" height=\"1000\" referrerpolicy=\"no-referrer\" src=\"https:\/\/ae01.alicdn.com\/kf\/Se3deb13737174179bee1d06938912b27G.jpg?width=1000&#038;height=1000&#038;hash=2000\" style=\"width: 100%; height: auto; vertical-align: middle;\" width=\"1000\"><img decoding=\"async\" height=\"1000\" referrerpolicy=\"no-referrer\" src=\"https:\/\/ae01.alicdn.com\/kf\/Sf6583fa7dedf4cea854521e5fd5add35s.jpg?width=1000&#038;height=1000&#038;hash=2000\" style=\"width: 100%; height: auto; vertical-align: middle;\" width=\"1000\"><img decoding=\"async\" height=\"1000\" referrerpolicy=\"no-referrer\" src=\"https:\/\/ae01.alicdn.com\/kf\/S8c236631c0074bbaa1b11b49d38d519fb.jpg?width=1000&#038;height=1000&#038;hash=2000\" style=\"width: 100%; height: auto; vertical-align: middle;\" width=\"1000\"><\/p>\n<p style=\"text-align:left;color:#434649;font-size:13px;\">Batteritype:<br \/>\nBatterikapacitet: 600 Ah<br \/>\nBattery size:430*310*270mm (+\/-10mm)<br \/>\nV\u00e6gt: 50,4 kg (+\/- 0,5 kg)<br \/>\nIndbygget: 3,2V LiFePO4-batteri<br \/>\nNominel sp\u00e6nding: 12,8V<br \/>\nMaksimal ladestr\u00f8m: 50A<br \/>\n\u00d8jeblikkelig afladningsstr\u00f8m: 200A<br \/>\nKontinuerlig afladningsstr\u00f8m: 100A<br \/>\nLevetid: 6000 cyklusser eller mere<br \/>\nEtuimateriale: Matel<br \/>\nOpladningstemperatur: 0~45\u00b0C<br \/>\nUdladningstemperatur: -20~60\u00b0C<br \/>\nOpbevaringstemperatur: -20~65 \u00b0C<br \/>\nDriftssp\u00e6ndingsomr\u00e5de: 8,0V-14,6V<br \/>\nOverbelastningsbeskyttelsessp\u00e6nding: 14,6V \u00b1 0,05V<br \/>\nBeskyttelsessp\u00e6nding mod overbelastning: 8,0V \u00b1 0,05V<br \/>\nBeskyt batteritemperatur: 60\u00b0C plus 5\u00b0C<br \/>\nOutput og parametre: h\u00f8jstr\u00f8m positiv\/negativ forbindelseskolonne (r\u00f8d positiv, sort negativ)<\/p>\n<p><img loading=\"lazy\" decoding=\"async\" height=\"1000\" referrerpolicy=\"no-referrer\" src=\"https:\/\/ae01.alicdn.com\/kf\/S23c1d7b5797d4845845a3c736fb66b689.jpg\" style=\"width: 100%; height: auto; vertical-align: middle;\" width=\"1000\"><img loading=\"lazy\" decoding=\"async\" height=\"1000\" referrerpolicy=\"no-referrer\" src=\"https:\/\/ae01.alicdn.com\/kf\/S252a329e7df74ac982a61897c8aaa46ay.jpg\" style=\"width: 100%; height: auto; vertical-align: middle;\" width=\"1000\"><img loading=\"lazy\" decoding=\"async\" height=\"1000\" referrerpolicy=\"no-referrer\" src=\"https:\/\/ae01.alicdn.com\/kf\/S78a70a9793244904a68897a04c367ba0C.jpg?width=1000&amp;height=1000&amp;hash=2000\" style=\"width: 100%; height: auto; vertical-align: middle;\" width=\"1000\"><img loading=\"lazy\" decoding=\"async\" height=\"1000\" referrerpolicy=\"no-referrer\" src=\"https:\/\/ae01.alicdn.com\/kf\/S47846d325fa746d1b8838ed8f67d4826m.jpg?width=1000&amp;height=1000&amp;hash=2000\" style=\"width: 100%; height: auto; vertical-align: middle;\" width=\"1000\"><img loading=\"lazy\" decoding=\"async\" height=\"1000\" referrerpolicy=\"no-referrer\" src=\"https:\/\/ae01.alicdn.com\/kf\/S7dfa761837cd4db996c9096a04e71b13N.jpg?width=1000&amp;height=1000&amp;hash=2000\" style=\"width: 100%; height: auto; vertical-align: middle;\" width=\"1000\"><img loading=\"lazy\" decoding=\"async\" height=\"1000\" referrerpolicy=\"no-referrer\" src=\"https:\/\/ae01.alicdn.com\/kf\/Sf3183bee04f042edb56f6693202892dbp.jpg?width=1000&amp;height=1000&amp;hash=2000\" style=\"width: 100%; height: auto; vertical-align: middle;\" width=\"1000\"><img loading=\"lazy\" decoding=\"async\" height=\"1000\" referrerpolicy=\"no-referrer\" src=\"https:\/\/ae01.alicdn.com\/kf\/S559209be39524e6190b59d24ba79b677n.jpg?width=1000&amp;height=1000&amp;hash=2000\" style=\"width: 100%; height: auto; vertical-align: middle;\" width=\"1000\"><img loading=\"lazy\" decoding=\"async\" height=\"1000\" referrerpolicy=\"no-referrer\" src=\"https:\/\/ae01.alicdn.com\/kf\/S1dd2bfb17ba6429f8e2b5739caf1913bZ.jpg?width=1000&amp;height=1000&amp;hash=2000\" style=\"width: 100%; height: auto; vertical-align: middle;\" width=\"1000\"><img loading=\"lazy\" decoding=\"async\" height=\"1000\" referrerpolicy=\"no-referrer\" src=\"https:\/\/ae01.alicdn.com\/kf\/Sa3c63795cbd34f198df6cadc6646a1ddN.jpg?width=1000&amp;height=1000&amp;hash=2000\" style=\"width: 100%; height: auto; vertical-align: middle;\" width=\"1000\"><\/p>\n<p style=\"text-align:left;color:#434649;font-size:13px;\">Elektrisk str\u00f8mapplikation<br \/>\n\u25cfStart batterimotoren<br \/>\n\u25cf Kommercielle busser og busser:<br \/>\nElbiler, elbusser, golfvogne\/elcykler, scootere, autocampere, AGV&#039;er, marinesoldater, busser, campingvogne, k\u00f8restole,<br \/>\nElektroniske lastbiler, elektroniske fejemaskiner, gulvrensere, elektroniske rollatorer osv.<br \/>\n\u25cf Intelligent robot<br \/>\n\u25cf Elv\u00e6rkt\u00f8j: elektriske boremaskiner, leget\u00f8j<br \/>\nEnergilagring<br \/>\n\u25cf Solenergisystem<br \/>\n\u25cf Bynet (til\/fra)<br \/>\nBackup-system og UPS<br \/>\n\u25cf Telekommunikationsbase, kabel-tv-system, computerservercenter, medicinsk udstyr, milit\u00e6rt udstyr<br \/>\nandre apps<br \/>\n\u25cf Sikkerhed og elektronik, mobilt salgssted, minedriftsbelysning \/ lommelygte \/ LED-lys \/ n\u00f8dlys<br \/>\nProduktfordele:<br \/>\nNem at b\u00e6re, h\u00f8j kapacitet, platform med h\u00f8j frigivelse, lange arbejdstimer, lang levetid, sikkerhed og milj\u00f8beskyttelse<\/p>\n<p><img loading=\"lazy\" decoding=\"async\" height=\"1000\" referrerpolicy=\"no-referrer\" src=\"https:\/\/ae01.alicdn.com\/kf\/S27b23c2fe70a4c37899b54c92940cb610.jpg\" style=\"width: 100%; height: auto; vertical-align: middle;\" width=\"1000\"><\/div>\n<\/div>","protected":false},"excerpt":{"rendered":"<p>Nominal Capacity:&nbsp;600AH Weight:&nbsp;About 50.4kg Voltage:&nbsp;12V Size:&nbsp;430x310x270mm Model Number:&nbsp;12V Liferpo4 Battery Type:&nbsp;LiFePO4 Brand Name:&nbsp;Likctt Origin:&nbsp;Mainland China Transportation in the European Union, United Kingdom,the United States, Canada, and Asian TAX FREE. The<\/p>","protected":false},"featured_media":7504,"comment_status":"open","ping_status":"closed","template":"","meta":{"_acf_changed":false},"product_brand":[],"product_cat":[238],"product_tag":[243],"class_list":{"0":"post-7503","1":"product","2":"type-product","3":"status-publish","4":"has-post-thumbnail","6":"product_cat-200ah-lifepo4-batteries","7":"product_tag-usamr","9":"first","10":"instock","11":"shipping-taxable","12":"purchasable","13":"product-type-variable"},"acf":[],"_links":{"self":[{"href":"https:\/\/www.electricstore.eu\/da\/wp-json\/wp\/v2\/product\/7503","targetHints":{"allow":["GET"]}}],"collection":[{"href":"https:\/\/www.electricstore.eu\/da\/wp-json\/wp\/v2\/product"}],"about":[{"href":"https:\/\/www.electricstore.eu\/da\/wp-json\/wp\/v2\/types\/product"}],"replies":[{"embeddable":true,"href":"https:\/\/www.electricstore.eu\/da\/wp-json\/wp\/v2\/comments?post=7503"}],"wp:featuredmedia":[{"embeddable":true,"href":"https:\/\/www.electricstore.eu\/da\/wp-json\/wp\/v2\/media\/7504"}],"wp:attachment":[{"href":"https:\/\/www.electricstore.eu\/da\/wp-json\/wp\/v2\/media?parent=7503"}],"wp:term":[{"taxonomy":"product_brand","embeddable":true,"href":"https:\/\/www.electricstore.eu\/da\/wp-json\/wp\/v2\/product_brand?post=7503"},{"taxonomy":"product_cat","embeddable":true,"href":"https:\/\/www.electricstore.eu\/da\/wp-json\/wp\/v2\/product_cat?post=7503"},{"taxonomy":"product_tag","embeddable":true,"href":"https:\/\/www.electricstore.eu\/da\/wp-json\/wp\/v2\/product_tag?post=7503"}],"curies":[{"name":"wp","href":"https:\/\/api.w.org\/{rel}","templated":true}]}}