{"id":25820,"date":"2025-05-20T19:03:24","date_gmt":"2025-05-20T19:03:24","guid":{"rendered":"https:\/\/electricstore.eu\/p\/uncategorized\/honeywhale-m2-max-b-electric-scooter-with-seat-350w-motor-32km-max-range-32km-h-max-speed-foldable-escooter-adult-12-5ah-battery\/"},"modified":"2025-05-20T19:06:52","modified_gmt":"2025-05-20T19:06:52","slug":"honeywhale-m2-max-b-electric-scooter-with-seat-350w-motor-32km-max-range-32km-h-max-speed-foldable-escooter-adult-12-5ah-battery","status":"publish","type":"product","link":"https:\/\/www.electricstore.eu\/da\/p\/scooters\/honeywhale-m2-max-b-electric-scooter-with-seat-350w-motor-32km-max-range-32km-h-max-speed-foldable-escooter-adult-12-5ah-battery\/","title":{"rendered":"HONEYWHALE M2 Max-B El-l\u00f8behjul med s\u00e6de 350W motor 32 km maks. r\u00e6kkevidde 32 km\/t maks. hastighed foldbar el-l\u00f8behjul voksen 12,5 Ah batteri"},"content":{"rendered":"<div class=\"product-specs-list-container\">\n<ul class=\"product-specs-list util-clearfix\">\n<li class=\"product-prop line-limit-length\"><span\n                                        class=\"property-title\">D\u00e6kst\u00f8rrelse:&nbsp;<\/span><span\n                                        class=\"property-desc line-limit-length\">10 tommer<\/span>\n                            <\/li>\n<li class=\"product-prop line-limit-length\"><span\n                                        class=\"property-title\">Modelnummer:&nbsp;<\/span><span\n                                        class=\"property-desc line-limit-length\">HONEYWHALE M2 Max-B<\/span>\n                            <\/li>\n<li class=\"product-prop line-limit-length\"><span\n                                        class=\"property-title\">Kategori:&nbsp;<\/span><span\n                                        class=\"property-desc line-limit-length\">Tohjulet scooter<\/span>\n                            <\/li>\n<li class=\"product-prop line-limit-length\"><span\n                                        class=\"property-title\">Relevante personer:&nbsp;<\/span><span\n                                        class=\"property-desc line-limit-length\">Unisex<\/span>\n                            <\/li>\n<li class=\"product-prop line-limit-length\"><span\n                                        class=\"property-title\">R\u00e6kkevidde pr. opladning:&nbsp;<\/span><span\n                                        class=\"property-desc line-limit-length\">32 km<\/span>\n                            <\/li>\n<li class=\"product-prop line-limit-length\"><span\n                                        class=\"property-title\">Opladningstid:&nbsp;<\/span><span\n                                        class=\"property-desc line-limit-length\">6-8 timer<\/span>\n                            <\/li>\n<li class=\"product-prop line-limit-length\"><span\n                                        class=\"property-title\">Sp\u00e6nding:&nbsp;<\/span><span\n                                        class=\"property-desc line-limit-length\">36v<\/span>\n                            <\/li>\n<li class=\"product-prop line-limit-length\"><span\n                                        class=\"property-title\">Foldet:&nbsp;<\/span><span\n                                        class=\"property-desc line-limit-length\">JA<\/span>\n                            <\/li>\n<li class=\"product-prop line-limit-length\"><span\n                                        class=\"property-title\">Effekt (W):&nbsp;<\/span><span\n                                        class=\"property-desc line-limit-length\">201-500W<\/span>\n                            <\/li>\n<li class=\"product-prop line-limit-length\"><span\n                                        class=\"property-title\">Oprindelse:&nbsp;<\/span><span\n                                        class=\"property-desc line-limit-length\">Kinas fastland<\/span>\n                            <\/li>\n<li class=\"product-prop line-limit-length\"><span\n                                        class=\"property-title\">Ramme:&nbsp;<\/span><span\n                                        class=\"property-desc line-limit-length\">Aluminiumlegering<\/span>\n                            <\/li>\n<li class=\"product-prop line-limit-length\"><span\n                                        class=\"property-title\">Motor:&nbsp;<\/span><span\n                                        class=\"property-desc line-limit-length\">350W (maks. 500W)<\/span>\n                            <\/li>\n<li class=\"product-prop line-limit-length\"><span\n                                        class=\"property-title\">Batteri:&nbsp;<\/span><span\n                                        class=\"property-desc line-limit-length\">36V 12,5Ah<\/span>\n                            <\/li>\n<li class=\"product-prop line-limit-length\"><span\n                                        class=\"property-title\">Hastighed:&nbsp;<\/span><span\n                                        class=\"property-desc line-limit-length\">6\/15\/25\/32 km\/t<\/span>\n                            <\/li>\n<li class=\"product-prop line-limit-length\"><span\n                                        class=\"property-title\">R\u00e6kkevidde:&nbsp;<\/span><span\n                                        class=\"property-desc line-limit-length\">30 km<\/span>\n                            <\/li>\n<li class=\"product-prop line-limit-length\"><span\n                                        class=\"property-title\">Klatregrad:&nbsp;<\/span><span\n                                        class=\"property-desc line-limit-length\">15\u00b0<\/span>\n                            <\/li>\n<li class=\"product-prop line-limit-length\"><span\n                                        class=\"property-title\">Bremse:&nbsp;<\/span><span\n                                        class=\"property-desc line-limit-length\">Skivebremse og elektronisk bremse<\/span>\n                            <\/li>\n<li class=\"product-prop line-limit-length\"><span\n                                        class=\"property-title\">Maks. belastning:&nbsp;<\/span><span\n                                        class=\"property-desc line-limit-length\">120 kg<\/span>\n                            <\/li>\n<li class=\"product-prop line-limit-length\"><span\n                                        class=\"property-title\">Vise:&nbsp;<\/span><span\n                                        class=\"property-desc line-limit-length\">LED<\/span>\n                            <\/li>\n<li class=\"product-prop line-limit-length\"><span\n                                        class=\"property-title\">Produktv\u00e6gt:&nbsp;<\/span><span\n                                        class=\"property-desc line-limit-length\">12 kg<\/span>\n                            <\/li>\n<li class=\"product-prop line-limit-length\"><span\n                                        class=\"property-title\">Pakkev\u00e6gt:&nbsp;<\/span><span\n                                        class=\"property-desc line-limit-length\">15 kg<\/span>\n                            <\/li>\n<li class=\"product-prop line-limit-length\"><span\n                                        class=\"property-title\">Produktst\u00f8rrelse (L x B x H):&nbsp;<\/span><span\n                                        class=\"property-desc line-limit-length\">106 x 43 x 109,8 cm<\/span>\n                            <\/li>\n<li class=\"product-prop line-limit-length\"><span\n                                        class=\"property-title\">Pakkest\u00f8rrelse (L x B x H):&nbsp;<\/span><span\n                                        class=\"property-desc line-limit-length\">110,5 x 15,5 x 53 cm<\/span>\n                            <\/li>\n<li class=\"product-prop line-limit-length\"><span\n                                        class=\"property-title\">Certifikat:&nbsp;<\/span><span\n                                        class=\"property-desc line-limit-length\"><\/span>\n                            <\/li>\n<\/ul><\/div>\n<p style=\"text-align:center\" align=\"center\"><span style=\"color:rgb(0, 0, 0);font-size:medium;font-family:&quot;Microsoft YaHei&quot;\"><strong><span style=\"font-size:24px\"><span style=\"font-family:&quot;times new roman&quot;, times, serif\">HONEYWHALE M2 Max-B El-l\u00f8behjul med s\u00e6de 350W motor 32 km maks. r\u00e6kkevidde 32 km\/t maks. hastighed foldbar spark-el-l\u00f8behjul til voksne dobbelt skivebremse 36V 10Ah batteri<\/span><\/span><\/strong><\/span><\/p>\n<p style=\"text-align:left\" align=\"left\"><span style=\"color:rgb(0, 0, 0);font-size:medium;font-family:&quot;Microsoft YaHei&quot;\"><strong><span style=\"font-size:24px\"><span style=\"font-family:&quot;times new roman&quot;, times, serif\">&gt;&gt;H\u00f8jdepunkter<\/span><\/span><\/strong><\/span><\/p>\n<p style=\"font-family:&quot;TT Norms Pro&quot;, &quot;Open Sans&quot;, Roboto, Arial, Helvetica, sans-serif, SimSun;font-size:14px;font-weight:400;letter-spacing:normal;line-height:inherit;text-align:start;white-space:normal;color:rgb(34, 34, 34);margin:0px;margin-bottom:0px;margin-top:0px;margin-left:0px;margin-right:0px;padding:0px;padding-bottom:0px;padding-top:0px;padding-left:0px;padding-right:0px;box-sizing:border-box\" align=\"start\"><\/p>\n<h3 style=\"font-family:&quot;TT Norms Pro&quot;, &quot;Open Sans&quot;, Roboto, Arial, Helvetica, sans-serif, SimSun;letter-spacing:normal;text-align:start;white-space:normal;color:rgb(34, 34, 34);box-sizing:border-box\" align=\"start\"><strong><span style=\"font-size:22px;font-family:&quot;times new roman&quot;, times, serif\">Kraftfuld ydeevne<\/span><\/strong><\/h3>\n<p style=\"font-family:&quot;TT Norms Pro&quot;, &quot;Open Sans&quot;, Roboto, Arial, Helvetica, sans-serif, SimSun;font-size:14px;font-weight:400;letter-spacing:normal;line-height:inherit;text-align:start;white-space:normal;color:rgb(34, 34, 34);margin:0px;margin-bottom:0px;margin-top:0px;margin-left:0px;margin-right:0px;padding:0px;padding-bottom:0px;padding-top:0px;padding-left:0px;padding-right:0px;box-sizing:border-box\" align=\"start\"><span style=\"font-size:18px;font-family:&quot;times new roman&quot;, times, serif\">M2 MAX-B el-scooteren er udstyret med en 350W b\u00f8rstel\u00f8s motor (peak up 500), hvilket f\u00e5r den til at n\u00e5 en maksimal hastighed p\u00e5 32 km\/t. Med et 10AH lithium-ion-batteri tilbyder den en r\u00e6kkevidde p\u00e5 op til 32 km med et fuldt opladet batteri, hvilket opfylder dine daglige behov for korte ture.\u00a0<\/span><\/p>\n<p><\/p>\n<h3 style=\"font-family:&quot;TT Norms Pro&quot;, &quot;Open Sans&quot;, Roboto, Arial, Helvetica, sans-serif, SimSun;letter-spacing:normal;text-align:start;white-space:normal;color:rgb(34, 34, 34);box-sizing:border-box\" align=\"start\"><strong><span style=\"font-size:22px;font-family:&quot;times new roman&quot;, times, serif\">Komfortabel k\u00f8reoplevelse<\/span><\/strong><\/h3>\n<p style=\"font-family:&quot;TT Norms Pro&quot;, &quot;Open Sans&quot;, Roboto, Arial, Helvetica, sans-serif, SimSun;font-size:14px;font-weight:400;letter-spacing:normal;line-height:inherit;text-align:start;white-space:normal;color:rgb(34, 34, 34);margin:0px;margin-bottom:0px;margin-top:0px;margin-left:0px;margin-right:0px;padding:0px;padding-bottom:0px;padding-top:0px;padding-left:0px;padding-right:0px;box-sizing:border-box\" align=\"start\"><span style=\"font-size:18px;font-family:&quot;times new roman&quot;, times, serif\">HONEYWHALE M2 MAX-B el-scooteren er specielt designet med st\u00f8dd\u00e6mpere for og bag, der effektivt afb\u00f8der uj\u00e6vnheder i vejen og g\u00f8r din k\u00f8rsel mere behagelig. 10-tommer d\u00e6k giver fremragende greb og enest\u00e5ende d\u00e6mpningsevne.<\/span><\/p>\n<p><\/p>\n<h3 style=\"font-family:&quot;TT Norms Pro&quot;, &quot;Open Sans&quot;, Roboto, Arial, Helvetica, sans-serif, SimSun;letter-spacing:normal;text-align:start;white-space:normal;color:rgb(34, 34, 34);box-sizing:border-box\" align=\"start\"><strong><span style=\"font-size:22px;font-family:&quot;times new roman&quot;, times, serif\">P\u00e5lideligt og sikkert design<\/span><\/strong><\/h3>\n<p style=\"font-family:&quot;TT Norms Pro&quot;, &quot;Open Sans&quot;, Roboto, Arial, Helvetica, sans-serif, SimSun;font-size:14px;font-weight:400;letter-spacing:normal;line-height:inherit;text-align:start;white-space:normal;color:rgb(34, 34, 34);margin:0px;margin-bottom:0px;margin-top:0px;margin-left:0px;margin-right:0px;padding:0px;padding-bottom:0px;padding-top:0px;padding-left:0px;padding-right:0px;box-sizing:border-box\" align=\"start\"><span style=\"font-size:18px;font-family:&quot;times new roman&quot;, times, serif\">Med dobbelt bremsesystem (skivebremse og elektronisk bremse) sikrer det, at du kan stoppe hurtigt og stabilt i n\u00f8dsituationer, hvilket forbedrer sikkerheden p\u00e5 k\u00f8rslen. For- og baglygtedesignet, med blinkende baglygter ved opbremsning, giver ekstra sikkerhed under k\u00f8rsel om natten.<\/span><\/p>\n<p><\/p>\n<h3 style=\"font-family:&quot;TT Norms Pro&quot;, &quot;Open Sans&quot;, Roboto, Arial, Helvetica, sans-serif, SimSun;letter-spacing:normal;text-align:start;white-space:normal;color:rgb(34, 34, 34);box-sizing:border-box\" align=\"start\"><strong><span style=\"font-size:22px;font-family:&quot;times new roman&quot;, times, serif\">Multifunktionel elektrisk l\u00f8behjul<\/span><\/strong><\/h3>\n<p style=\"font-family:&quot;TT Norms Pro&quot;, &quot;Open Sans&quot;, Roboto, Arial, Helvetica, sans-serif, SimSun;font-size:14px;font-weight:400;letter-spacing:normal;line-height:inherit;text-align:start;white-space:normal;color:rgb(34, 34, 34);margin:0px;margin-bottom:0px;margin-top:0px;margin-left:0px;margin-right:0px;padding:0px;padding-bottom:0px;padding-top:0px;padding-left:0px;padding-right:0px;box-sizing:border-box\" align=\"start\"><span style=\"font-size:18px;font-family:&quot;times new roman&quot;, times, serif\">Udstyret med 4 hastighedstilstande kan du nemt skifte efter behov. LCD-sk\u00e6rmen med h\u00f8j opl\u00f8sning viser oplysninger som aktuel hastighed, batteriniveau og k\u00f8retilstand, s\u00e5 du altid kan se k\u00f8ret\u00f8jets status. Med et aftageligt s\u00e6dedesign tilpasser den sig forskellige k\u00f8rselsbehov, selv p\u00e5 lange ture, samtidig med at den opretholder en behagelig kropsholdning.<\/span><\/p>\n<p style=\"font-family:&quot;TT Norms Pro&quot;, &quot;Open Sans&quot;, Roboto, Arial, Helvetica, sans-serif, SimSun;font-size:14px;font-weight:400;letter-spacing:normal;line-height:inherit;text-align:start;white-space:normal;color:rgb(34, 34, 34);margin:0px;margin-bottom:0px;margin-top:0px;margin-left:0px;margin-right:0px;padding:0px;padding-bottom:0px;padding-top:0px;padding-left:0px;padding-right:0px;box-sizing:border-box\" align=\"start\"><\/p>\n<p style=\"font-family:&quot;TT Norms Pro&quot;, &quot;Open Sans&quot;, Roboto, Arial, Helvetica, sans-serif, SimSun;font-size:14px;font-weight:400;letter-spacing:normal;line-height:inherit;text-align:start;white-space:normal;color:rgb(34, 34, 34);margin:0px;margin-bottom:0px;margin-top:0px;margin-left:0px;margin-right:0px;padding:0px;padding-bottom:0px;padding-top:0px;padding-left:0px;padding-right:0px;box-sizing:border-box\" align=\"start\"><span style=\"color:rgb(0, 0, 0);font-size:medium;font-family:&quot;Microsoft YaHei&quot;\"><strong><span style=\"font-size:24px\"><span style=\"font-family:&quot;times new roman&quot;, times, serif\">&gt;&gt;Specifikation<\/span><\/span><\/strong><\/span><\/p>\n<table style=\"border-collapse:collapse;font-family:&quot;TT Norms Pro&quot;, &quot;Open Sans&quot;, Roboto, Arial, Helvetica, sans-serif, SimSun;font-size:14px;text-align:start;color:rgb(34, 34, 34)\" class=\"jbEidtTable\" border=\"1\" cellpadding=\"5\" cellspacing=\"0\" align=\"start\">\n<tbody>\n<tr>\n<td style=\"text-align:left;width:69.094px\" align=\"left\">\n<p style=\"line-height:inherit;margin:0px;margin-bottom:0px;margin-top:0px;margin-left:0px;margin-right:0px;padding:0px;padding-bottom:0px;padding-top:0px;padding-left:0px;padding-right:0px;box-sizing:border-box\"><span style=\"font-size:18px;font-family:&quot;times new roman&quot;, times, serif\"><strong>Generel<\/strong><\/span><\/p>\n<\/td>\n<td style=\"text-align:left;width:790.906px\" align=\"left\">\n<p style=\"line-height:inherit;margin:0px;margin-bottom:0px;margin-top:0px;margin-left:0px;margin-right:0px;padding:0px;padding-bottom:0px;padding-top:0px;padding-left:0px;padding-right:0px;box-sizing:border-box\"><span style=\"font-size:18px;font-family:&quot;times new roman&quot;, times, serif\">M\u00e6rke: HONEYWHALE<br \/>Type: Elektrisk l\u00f8behjul<br \/>Model: M2 MAX-B<\/span><\/p>\n<\/td>\n<\/tr>\n<tr>\n<td style=\"text-align:left;width:69.094px\" align=\"left\">\n<p style=\"line-height:inherit;margin:0px;margin-bottom:0px;margin-top:0px;margin-left:0px;margin-right:0px;padding:0px;padding-bottom:0px;padding-top:0px;padding-left:0px;padding-right:0px;box-sizing:border-box\"><span style=\"font-size:18px;font-family:&quot;times new roman&quot;, times, serif\"><strong>Specifikation<\/strong><\/span><\/p>\n<\/td>\n<td style=\"text-align:left;width:790.906px\" align=\"left\">\n<p style=\"line-height:inherit;margin:0px;margin-bottom:0px;margin-top:0px;margin-left:0px;margin-right:0px;padding:0px;padding-bottom:0px;padding-top:0px;padding-left:0px;padding-right:0px;box-sizing:border-box\"><span style=\"font-size:18px;font-family:&quot;times new roman&quot;, times, serif\">Nominel motoreffekt: 350W<br \/>\u00d8jeblikkelig maksimal effekt: 500W<br \/>Maksimalt udgangsmoment: \u226515 Nm<br \/>Hastighed:<br \/>1., 2., 3. (tomgang): 6\/15\/25\/32 km\/t<br \/>1., 2., 3. (65 kg belastning): 6\/15\/25\/32 km\/t<br \/>R\u00e6kkevidde: 28-32 km<br \/>Stigningsevne: 15\u00b0<br \/>Maksimal belastning: 120 kg<br \/>Bremse: skivebremse og elektronisk bremse<br \/>Vandt\u00e6t klasse: IPX4<br \/>Batteri: 36V 12,5Ah<br \/>Opladningstid: 6-8 timer<br \/>D\u00e6k: 10-tommer pneumatisk gummid\u00e6k<br \/>Sk\u00e6rm: LED<br \/>APP: HONEYWHALE<br \/>Fartpilotfunktion: Med fartpilot skal du trykke p\u00e5 speederen med en hastighed i 6-9 sekunder for at aktivere fartpiloten, og annullere efter opbremsning<br \/>KM\/T indstillet til MPH\/MILE: Kan betjenes i APP\/tryk p\u00e5 t\u00e6nd\/sluk-knappen 3 gange i tr\u00e6k<\/span><\/p>\n<\/td>\n<\/tr>\n<tr>\n<td style=\"text-align:left;width:69.094px\" align=\"left\">\n<p style=\"line-height:inherit;margin:0px;margin-bottom:0px;margin-top:0px;margin-left:0px;margin-right:0px;padding:0px;padding-bottom:0px;padding-top:0px;padding-left:0px;padding-right:0px;box-sizing:border-box\"><span style=\"font-size:18px;font-family:&quot;times new roman&quot;, times, serif\"><strong>V\u00e6gt og st\u00f8rrelse<\/strong><\/span><\/p>\n<\/td>\n<td style=\"text-align:left;width:790.906px\" align=\"left\">\n<p style=\"line-height:inherit;margin:0px;margin-bottom:0px;margin-top:0px;margin-left:0px;margin-right:0px;padding:0px;padding-bottom:0px;padding-top:0px;padding-left:0px;padding-right:0px;box-sizing:border-box\"><span style=\"font-size:18px;font-family:&quot;times new roman&quot;, times, serif\">Produktv\u00e6gt: 16 kg<br \/>Pakkev\u00e6gt: 19 kg<br \/>Produktst\u00f8rrelse (L x B x H): 122 x 113 x 4,9 cm<br \/>Pakkest\u00f8rrelse (L x B x H): 115,5 x 15,5 x 55 cm<\/span><\/p>\n<\/td>\n<\/tr>\n<\/tbody>\n<\/table>\n<p><\/p>\n<p style=\"font-family:&quot;TT Norms Pro&quot;, &quot;Open Sans&quot;, Roboto, Arial, Helvetica, sans-serif, SimSun;font-size:14px;font-weight:400;letter-spacing:normal;line-height:inherit;text-align:start;white-space:normal;color:rgb(34, 34, 34);margin:0px;margin-bottom:0px;margin-top:0px;margin-left:0px;margin-right:0px;padding:0px;padding-bottom:0px;padding-top:0px;padding-left:0px;padding-right:0px;box-sizing:border-box\" align=\"start\"><\/p>\n<p style=\"font-family:&quot;TT Norms Pro&quot;, &quot;Open Sans&quot;, Roboto, Arial, Helvetica, sans-serif, SimSun;font-size:14px;font-weight:400;letter-spacing:normal;line-height:inherit;text-align:start;white-space:normal;color:rgb(34, 34, 34);margin:0px;margin-bottom:0px;margin-top:0px;margin-left:0px;margin-right:0px;padding:0px;padding-bottom:0px;padding-top:0px;padding-left:0px;padding-right:0px;box-sizing:border-box\" align=\"start\"><span style=\"color:rgb(34, 34, 34);font-size:14px;font-family:&quot;TT Norms Pro&quot;, &quot;Open Sans&quot;, Roboto, Arial, Helvetica, sans-serif, SimSun\"><strong><span style=\"color:rgb(0, 0, 0);font-size:24px;font-family:&quot;times new roman&quot;, times, serif\">&gt;&gt;Produktbilleder og beskrivelser<\/span><\/strong><\/span><\/p>\n<p style=\"font-family:&quot;TT Norms Pro&quot;, &quot;Open Sans&quot;, Roboto, Arial, Helvetica, sans-serif, SimSun;font-size:14px;font-weight:400;letter-spacing:normal;line-height:inherit;text-align:start;white-space:normal;color:rgb(34, 34, 34);margin:0px;margin-bottom:0px;margin-top:0px;margin-left:0px;margin-right:0px;padding:0px;padding-bottom:0px;padding-top:0px;padding-left:0px;padding-right:0px;box-sizing:border-box\" align=\"start\"><img decoding=\"async\" src=\"https:\/\/ae01.alicdn.com\/kf\/S8e74ab18574e42939ed650fe9a088391v.jpg\" slate-data-type=\"image\"\/><img decoding=\"async\" src=\"https:\/\/ae01.alicdn.com\/kf\/Se89d9d6f86a3455995efbac2aa27f03bh.jpg\" slate-data-type=\"image\"\/><img decoding=\"async\" src=\"https:\/\/ae01.alicdn.com\/kf\/S0698759c854146d5b0c95207fd22ee8el.jpg\" slate-data-type=\"image\"\/><img decoding=\"async\" src=\"https:\/\/ae01.alicdn.com\/kf\/Se8b81fc66a474bd898cf238481df88155.jpg\" slate-data-type=\"image\"\/><img decoding=\"async\" src=\"https:\/\/ae01.alicdn.com\/kf\/S10467a705a7b471b9e51dd79c2c79b59R.jpg\" slate-data-type=\"image\"\/><img decoding=\"async\" src=\"https:\/\/ae01.alicdn.com\/kf\/S9f7ab969092e4365bd8a824092113fd9c.jpg\" slate-data-type=\"image\"\/><img decoding=\"async\" src=\"https:\/\/ae01.alicdn.com\/kf\/S20e059be8ad04337a5d4cd34c85306dfj.jpg\" slate-data-type=\"image\"\/><img decoding=\"async\" src=\"https:\/\/ae01.alicdn.com\/kf\/Sf9333fd8ebce4f66a779e29119f1d148L.jpg\" slate-data-type=\"image\"\/><img decoding=\"async\" src=\"https:\/\/ae01.alicdn.com\/kf\/Sb343e74d5fdf49a39df531803aa40fb9g.jpg\" slate-data-type=\"image\"\/><img decoding=\"async\" src=\"https:\/\/ae01.alicdn.com\/kf\/S80ae6e8366e64714b94d56680eebd378h.jpg\" slate-data-type=\"image\"\/><img decoding=\"async\" src=\"https:\/\/ae01.alicdn.com\/kf\/S62c25ffed89f4188936f7b93c16e4b05S.png\" slate-data-type=\"image\"\/><img decoding=\"async\" src=\"https:\/\/ae01.alicdn.com\/kf\/Sba17ea10f9b14dc1a9aec93d2d27a8c2g.png\" slate-data-type=\"image\"\/><img decoding=\"async\" src=\"https:\/\/ae01.alicdn.com\/kf\/S9983323a6ec849f0b0a1b60f792130faL.png\" slate-data-type=\"image\"\/><img decoding=\"async\" src=\"https:\/\/ae01.alicdn.com\/kf\/S403ca5839c004581841b9644e0a01948q.png\" slate-data-type=\"image\"\/><img decoding=\"async\" src=\"https:\/\/ae01.alicdn.com\/kf\/Sf2919f540b6142c38062e0be4d6b8788g.png\" slate-data-type=\"image\"\/><img decoding=\"async\" src=\"https:\/\/ae01.alicdn.com\/kf\/Se72669d21a944cb2a9b0b58cb49751f6W.png\" slate-data-type=\"image\"\/><img decoding=\"async\" src=\"https:\/\/ae01.alicdn.com\/kf\/Sdaa37d9c2b944393a3293be8b5147b1ed.png\" slate-data-type=\"image\"\/><img decoding=\"async\" src=\"https:\/\/ae01.alicdn.com\/kf\/S856db43881494f28b3fcf021e66259a3k.png\" slate-data-type=\"image\"\/><img decoding=\"async\" src=\"https:\/\/ae01.alicdn.com\/kf\/S866d3869de51407b98776d2de3cf101fe.png\" slate-data-type=\"image\"\/><\/p>","protected":false},"excerpt":{"rendered":"<p>Tire Size:&nbsp;10 inch Model Number:&nbsp;HONEYWHALE M2 Max-B Category:&nbsp;Two-wheel Scooter Applicable People:&nbsp;Unisex Range Per Charge:&nbsp;32Km Charging Time:&nbsp;6-8h Voltage:&nbsp;36v Folded:&nbsp;YES Power (W):&nbsp;201-500W Origin:&nbsp;Mainland China Frame:&nbsp;Aluminum alloy Motor:&nbsp;350W (peak 500W) Battery:&nbsp;36V 12.5Ah Speed:&nbsp;6\/15\/25\/32km\/h<\/p>","protected":false},"featured_media":25821,"comment_status":"open","ping_status":"closed","template":"","meta":{"_acf_changed":false},"product_brand":[],"product_cat":[297],"product_tag":[],"class_list":{"0":"post-25820","1":"product","2":"type-product","3":"status-publish","4":"has-post-thumbnail","6":"product_cat-scooters","8":"first","9":"instock","10":"shipping-taxable","11":"purchasable","12":"product-type-simple"},"acf":[],"_links":{"self":[{"href":"https:\/\/www.electricstore.eu\/da\/wp-json\/wp\/v2\/product\/25820","targetHints":{"allow":["GET"]}}],"collection":[{"href":"https:\/\/www.electricstore.eu\/da\/wp-json\/wp\/v2\/product"}],"about":[{"href":"https:\/\/www.electricstore.eu\/da\/wp-json\/wp\/v2\/types\/product"}],"replies":[{"embeddable":true,"href":"https:\/\/www.electricstore.eu\/da\/wp-json\/wp\/v2\/comments?post=25820"}],"wp:featuredmedia":[{"embeddable":true,"href":"https:\/\/www.electricstore.eu\/da\/wp-json\/wp\/v2\/media\/25821"}],"wp:attachment":[{"href":"https:\/\/www.electricstore.eu\/da\/wp-json\/wp\/v2\/media?parent=25820"}],"wp:term":[{"taxonomy":"product_brand","embeddable":true,"href":"https:\/\/www.electricstore.eu\/da\/wp-json\/wp\/v2\/product_brand?post=25820"},{"taxonomy":"product_cat","embeddable":true,"href":"https:\/\/www.electricstore.eu\/da\/wp-json\/wp\/v2\/product_cat?post=25820"},{"taxonomy":"product_tag","embeddable":true,"href":"https:\/\/www.electricstore.eu\/da\/wp-json\/wp\/v2\/product_tag?post=25820"}],"curies":[{"name":"wp","href":"https:\/\/api.w.org\/{rel}","templated":true}]}}