{"id":25743,"date":"2025-05-20T19:01:03","date_gmt":"2025-05-20T19:01:03","guid":{"rendered":"https:\/\/electricstore.eu\/p\/uncategorized\/boyueda-s3-11-electric-scooter-6000w-dual-powerful-motor-60v38ah-battery-120km-max-range-85km-h-speed-foldable-adult-e-scooter\/"},"modified":"2025-05-20T19:06:30","modified_gmt":"2025-05-20T19:06:30","slug":"boyueda-s3-11-electric-scooter-6000w-dual-powerful-motor-60v38ah-battery-120km-max-range-85km-h-speed-foldable-adult-e-scooter","status":"publish","type":"product","link":"https:\/\/electricstore.eu\/da\/p\/scooters\/boyueda-s3-11-electric-scooter-6000w-dual-powerful-motor-60v38ah-battery-120km-max-range-85km-h-speed-foldable-adult-e-scooter\/","title":{"rendered":"BOYUEDA S3-11 El-l\u00f8behjul 6000W Dobbelt Kraftig Motor 60V38AH Batteri 120KM Maks. R\u00e6kkevidde 85KM\/T Hastighed Sammenklappelig El-l\u00f8behjul til Voksen"},"content":{"rendered":"<div class=\"product-specs-list-container\">\n<ul class=\"product-specs-list util-clearfix\">\n<li class=\"product-prop line-limit-length\"><span\n                                        class=\"property-title\">D\u00e6kst\u00f8rrelse:&nbsp;<\/span><span\n                                        class=\"property-desc line-limit-length\">11 tommer<\/span>\n                            <\/li>\n<li class=\"product-prop line-limit-length\"><span\n                                        class=\"property-title\">Modelnummer:&nbsp;<\/span><span\n                                        class=\"property-desc line-limit-length\">BOYUEDA S3-11<\/span>\n                            <\/li>\n<li class=\"product-prop line-limit-length\"><span\n                                        class=\"property-title\">Kategori:&nbsp;<\/span><span\n                                        class=\"property-desc line-limit-length\">Tohjulet scooter<\/span>\n                            <\/li>\n<li class=\"product-prop line-limit-length\"><span\n                                        class=\"property-title\">Relevante personer:&nbsp;<\/span><span\n                                        class=\"property-desc line-limit-length\">Unisex<\/span>\n                            <\/li>\n<li class=\"product-prop line-limit-length\"><span\n                                        class=\"property-title\">R\u00e6kkevidde pr. opladning:&nbsp;<\/span><span\n                                        class=\"property-desc line-limit-length\">60-80 km<\/span>\n                            <\/li>\n<li class=\"product-prop line-limit-length\"><span\n                                        class=\"property-title\">Opladningstid:&nbsp;<\/span><span\n                                        class=\"property-desc line-limit-length\">8-10 timer<\/span>\n                            <\/li>\n<li class=\"product-prop line-limit-length\"><span\n                                        class=\"property-title\">Sp\u00e6nding:&nbsp;<\/span><span\n                                        class=\"property-desc line-limit-length\">60v<\/span>\n                            <\/li>\n<li class=\"product-prop line-limit-length\"><span\n                                        class=\"property-title\">Foldet:&nbsp;<\/span><span\n                                        class=\"property-desc line-limit-length\">JA<\/span>\n                            <\/li>\n<li class=\"product-prop line-limit-length\"><span\n                                        class=\"property-title\">Oprindelse:&nbsp;<\/span><span\n                                        class=\"property-desc line-limit-length\">Kinas fastland<\/span>\n                            <\/li>\n<li class=\"product-prop line-limit-length\"><span\n                                        class=\"property-title\">Effekt (W):&nbsp;<\/span><span\n                                        class=\"property-desc line-limit-length\">1001-2000w<\/span>\n                            <\/li>\n<li class=\"product-prop line-limit-length\"><span\n                                        class=\"property-title\">Maks. motor:&nbsp;<\/span><span\n                                        class=\"property-desc line-limit-length\">6000W<\/span>\n                            <\/li>\n<li class=\"product-prop line-limit-length\"><span\n                                        class=\"property-title\">maksimal r\u00e6kkevidde:&nbsp;<\/span><span\n                                        class=\"property-desc line-limit-length\">120 km<\/span>\n                            <\/li>\n<li class=\"product-prop line-limit-length\"><span\n                                        class=\"property-title\">maksimal hastighed:&nbsp;<\/span><span\n                                        class=\"property-desc line-limit-length\">85 km\/t<\/span>\n                            <\/li>\n<li class=\"product-prop line-limit-length\"><span\n                                        class=\"property-title\">Klatreevne:&nbsp;<\/span><span\n                                        class=\"property-desc line-limit-length\">45\u00b0<\/span>\n                            <\/li>\n<li class=\"product-prop line-limit-length\"><span\n                                        class=\"property-title\">Bremsesystem:&nbsp;<\/span><span\n                                        class=\"property-desc line-limit-length\">Hydrauliske skivebremser for og bag<\/span>\n                            <\/li>\n<li class=\"product-prop line-limit-length\"><span\n                                        class=\"property-title\">Batteri:&nbsp;<\/span><span\n                                        class=\"property-desc line-limit-length\">60V38AH<\/span>\n                            <\/li>\n<li class=\"product-prop line-limit-length\"><span\n                                        class=\"property-title\">Forreste st\u00f8dd\u00e6mper:&nbsp;<\/span><span\n                                        class=\"property-desc line-limit-length\">Nedklappelig hydraulisk st\u00f8dd\u00e6mper til langdistancebrug<\/span>\n                            <\/li>\n<li class=\"product-prop line-limit-length\"><span\n                                        class=\"property-title\">Bageste st\u00f8dd\u00e6mper:&nbsp;<\/span><span\n                                        class=\"property-desc line-limit-length\">Hydraulisk st\u00f8dd\u00e6mper<\/span>\n                            <\/li>\n<li class=\"product-prop line-limit-length\"><span\n                                        class=\"property-title\">Controller:&nbsp;<\/span><span\n                                        class=\"property-desc line-limit-length\">60V45A*2<\/span>\n                            <\/li>\n<li class=\"product-prop line-limit-length\"><span\n                                        class=\"property-title\">Forlygte:&nbsp;<\/span><span\n                                        class=\"property-desc line-limit-length\">Dobbelte U7-forlygter<\/span>\n                            <\/li>\n<li class=\"product-prop line-limit-length\"><span\n                                        class=\"property-title\">Opladning:&nbsp;<\/span><span\n                                        class=\"property-desc line-limit-length\">Dobbelte opladningsporte, udstyret med dobbelte opladere<\/span>\n                            <\/li>\n<li class=\"product-prop line-limit-length\"><span\n                                        class=\"property-title\">D\u00e6k:&nbsp;<\/span><span\n                                        class=\"property-desc line-limit-length\">Offroad-d\u00e6k, diameter 11 tommer, bredde 100 mm<\/span>\n                            <\/li>\n<li class=\"product-prop line-limit-length\"><span\n                                        class=\"property-title\">Anvendeligt terr\u00e6n:&nbsp;<\/span><span\n                                        class=\"property-desc line-limit-length\">Vej, terr\u00e6ng\u00e5ende<\/span>\n                            <\/li>\n<li class=\"product-prop line-limit-length\"><span\n                                        class=\"property-title\">Certifikat:&nbsp;<\/span><span\n                                        class=\"property-desc line-limit-length\"><\/span>\n                            <\/li>\n<\/ul><\/div>\n<h1 style=\"text-align:center\" align=\"center\"><strong>BOYUEDA S3-11 El-l\u00f8behjul 6000W Dobbelt Kraftig Motor 60V38AH Batteri 120KM Maks. R\u00e6kkevidde 85KM\/T Hastighed Sammenklappelig El-l\u00f8behjul til Voksen<\/strong><\/h1>\n<h3 style=\"font-family:DeepSeek-CJK-patch, Inter, system-ui, -apple-system, BlinkMacSystemFont, &quot;Segoe UI&quot;, Roboto, &quot;Noto Sans&quot;, Ubuntu, Cantarell, &quot;Helvetica Neue&quot;, Oxygen, &quot;Open Sans&quot;, sans-serif;font-size:18.288px;font-weight:600;letter-spacing:normal;line-height:1.5;text-align:start;white-space:normal;color:rgb(64, 64, 64);background-color:rgb(255, 255, 255);margin:18.288px 0px 13.716px;margin-bottom:13.716px;margin-top:18.288px;margin-left:0px;margin-right:0px\" align=\"start\"><strong>S3-11 El-l\u00f8behjul \u2013 Specifikationer<\/strong><\/h3>\n<h4 style=\"font-family:DeepSeek-CJK-patch, Inter, system-ui, -apple-system, BlinkMacSystemFont, &quot;Segoe UI&quot;, Roboto, &quot;Noto Sans&quot;, Ubuntu, Cantarell, &quot;Helvetica Neue&quot;, Oxygen, &quot;Open Sans&quot;, sans-serif;font-size:16.002px;font-weight:600;letter-spacing:normal;line-height:28.575px;text-align:start;white-space:normal;color:rgb(64, 64, 64);background-color:rgb(255, 255, 255);margin:18.288px 0px 13.716px;margin-bottom:13.716px;margin-top:18.288px;margin-left:0px;margin-right:0px\" align=\"start\"><strong>N\u00f8gleparametre<\/strong><\/h4>\n<p><\/p>\n<table style=\"border-collapse:collapse;font-family:DeepSeek-CJK-patch, Inter, system-ui, -apple-system, BlinkMacSystemFont, &quot;Segoe UI&quot;, Roboto, &quot;Noto Sans&quot;, Ubuntu, Cantarell, &quot;Helvetica Neue&quot;, Oxygen, &quot;Open Sans&quot;, sans-serif;font-size:16.002px;text-align:start;color:rgb(64, 64, 64);background-color:rgb(255, 255, 255)\" align=\"start\">\n<tr>\n<td style=\"font-weight:600;text-align:left;color:rgb(64, 64, 64);border-bottom:1px solid rgb(163, 163, 163);border-top:1px solid rgb(163, 163, 163);padding:6.858px 13.716px 6.858px 0px;padding-bottom:6.858px;padding-top:6.858px;padding-left:0px;padding-right:13.716px\" align=\"left\">\n<p><strong>Kategori<\/strong><\/p>\n<\/td>\n<td style=\"font-weight:600;text-align:left;color:rgb(64, 64, 64);border-bottom:1px solid rgb(163, 163, 163);border-top:1px solid rgb(163, 163, 163);padding:6.858px 13.716px;padding-bottom:6.858px;padding-top:6.858px;padding-left:13.716px;padding-right:13.716px\" align=\"left\">\n<p><strong>Detaljer<\/strong><\/p>\n<\/td>\n<\/tr>\n<tbody>\n<tr>\n<td style=\"padding:6.858px 13.716px 6.858px 0px\">\n<p><strong>Model<\/strong><\/p>\n<\/td>\n<td style=\"padding:6.858px 13.716px\">\n<p>S3-11<\/p>\n<\/td>\n<\/tr>\n<tr>\n<td style=\"padding:6.858px 13.716px 6.858px 0px\">\n<p><strong>Batterikapacitet<\/strong><\/p>\n<\/td>\n<td style=\"padding:6.858px 13.716px\">\n<p>60V 38Ah (2280Wh)<\/p>\n<\/td>\n<\/tr>\n<tr>\n<td style=\"padding:6.858px 13.716px 6.858px 0px\">\n<p><strong>Motor<\/strong><\/p>\n<\/td>\n<td style=\"padding:6.858px 13.716px\">\n<p>Dobbelte h\u00f8jhastighedsmotorer, 2\u00d73000W (6000W i alt)<\/p>\n<\/td>\n<\/tr>\n<tr>\n<td style=\"padding:6.858px 13.716px 6.858px 0px\">\n<p><strong>D\u00e6k<\/strong><\/p>\n<\/td>\n<td style=\"padding:6.858px 13.716px\">\n<p>Offroad-d\u00e6k, 11 tommer diameter, 100 mm bredde<\/p>\n<\/td>\n<\/tr>\n<tr>\n<td style=\"padding:6.858px 13.716px 6.858px 0px\">\n<p><strong>Maksimal hastighed<\/strong><\/p>\n<\/td>\n<td style=\"padding:6.858px 13.716px\">\n<p>85 km\/t<\/p>\n<\/td>\n<\/tr>\n<tr>\n<td style=\"padding:6.858px 13.716px 6.858px 0px\">\n<p><strong>R\u00e6kkevidde<\/strong><\/p>\n<\/td>\n<td style=\"padding:6.858px 13.716px\">\n<p>100\u2013120 km (varierer afh\u00e6ngigt af terr\u00e6n og belastning)<\/p>\n<\/td>\n<\/tr>\n<tr>\n<td style=\"padding:6.858px 13.716px 6.858px 0px\">\n<p><strong>Terr\u00e6n<\/strong><\/p>\n<\/td>\n<td style=\"padding:6.858px 13.716px\">\n<p>Vej og terr\u00e6n<\/p>\n<\/td>\n<\/tr>\n<tr>\n<td style=\"padding:6.858px 13.716px 6.858px 0px\">\n<p><strong>T\u00e6nding<\/strong><\/p>\n<\/td>\n<td style=\"padding:6.858px 13.716px\">\n<p>N\u00f8glel\u00e5s sp\u00e6ndingsafbryder<\/p>\n<\/td>\n<\/tr>\n<tr>\n<td style=\"padding:6.858px 13.716px 6.858px 0px\">\n<p><strong>Forlygter<\/strong><\/p>\n<\/td>\n<td style=\"padding:6.858px 13.716px\">\n<p>Dobbelte U7 LED-forlygter<\/p>\n<\/td>\n<\/tr>\n<tr>\n<td style=\"padding:6.858px 13.716px 6.858px 0px\">\n<p><strong>Opladning<\/strong><\/p>\n<\/td>\n<td style=\"padding:6.858px 13.716px\">\n<p>Dobbelte opladningsporte (inkluderer 2 opladere)<\/p>\n<\/td>\n<\/tr>\n<tr>\n<td style=\"padding:6.858px 13.716px 6.858px 0px\">\n<p><strong>Driftstemperatur<\/strong><\/p>\n<\/td>\n<td style=\"padding:6.858px 13.716px\">\n<p>-30\u00b0C og derover<\/p>\n<\/td>\n<\/tr>\n<tr>\n<td style=\"padding:6.858px 13.716px 6.858px 0px\">\n<p><strong>Maksimal stigningsvinkel<\/strong><\/p>\n<\/td>\n<td style=\"padding:6.858px 13.716px\">\n<p>45\u00b0<\/p>\n<\/td>\n<\/tr>\n<tr>\n<td style=\"padding:6.858px 13.716px 6.858px 0px\">\n<p><strong>Bremser<\/strong><\/p>\n<\/td>\n<td style=\"padding:6.858px 13.716px\">\n<p>Hydrauliske skivebremser (M\u00e6rke: Dengfeng)<\/p>\n<\/td>\n<\/tr>\n<tr>\n<td style=\"padding:6.858px 13.716px 6.858px 0px\">\n<p><strong>Stelmateriale<\/strong><\/p>\n<\/td>\n<td style=\"padding:6.858px 13.716px\">\n<p>H\u00f8jstyrke aluminiumslegering<\/p>\n<\/td>\n<\/tr>\n<tr>\n<td style=\"padding:6.858px 13.716px 6.858px 0px\">\n<p><strong>Farve<\/strong><\/p>\n<\/td>\n<td style=\"padding:6.858px 13.716px\">\n<p>Mat sort (hoveddel)<\/p>\n<\/td>\n<\/tr>\n<tr>\n<td style=\"padding:6.858px 13.716px 6.858px 0px\">\n<p><strong>Maksimal lastekapacitet<\/strong><\/p>\n<\/td>\n<td style=\"padding:6.858px 13.716px\">\n<p>200 kg<\/p>\n<\/td>\n<\/tr>\n<tr>\n<td style=\"padding:6.858px 13.716px 6.858px 0px\">\n<p><strong>D\u00e6kh\u00f8jde<\/strong><\/p>\n<\/td>\n<td style=\"padding:6.858px 13.716px\">\n<p>18,5 cm (frih\u00f8jde)<\/p>\n<\/td>\n<\/tr>\n<tr>\n<td style=\"padding:6.858px 13.716px 6.858px 0px\">\n<p><strong>D\u00e6kst\u00f8rrelse<\/strong><\/p>\n<\/td>\n<td style=\"padding:6.858px 13.716px\">\n<p>28 cm (B) \u00d7 55 cm (L)<\/p>\n<\/td>\n<\/tr>\n<tr>\n<td style=\"padding:6.858px 13.716px 6.858px 0px\">\n<p><strong>Forhjulsoph\u00e6ng<\/strong><\/p>\n<\/td>\n<td style=\"padding:6.858px 13.716px\">\n<p>Inverteret hydraulisk st\u00f8dd\u00e6mpning med lang slagl\u00e6ngde<\/p>\n<\/td>\n<\/tr>\n<tr>\n<td style=\"padding:6.858px 13.716px 6.858px 0px\">\n<p><strong>Baghjulsoph\u00e6ng<\/strong><\/p>\n<\/td>\n<td style=\"padding:6.858px 13.716px\">\n<p>Hydraulisk st\u00f8dd\u00e6mpning<\/p>\n<\/td>\n<\/tr>\n<tr>\n<td style=\"padding:6.858px 13.716px 6.858px 0px\">\n<p><strong>Controller<\/strong><\/p>\n<\/td>\n<td style=\"padding:6.858px 13.716px\">\n<p>Dobbelte 60V 45A controllere<\/p>\n<\/td>\n<\/tr>\n<tr>\n<td style=\"padding:6.858px 13.716px 6.858px 0px\">\n<p><strong>Inkluderede varer<\/strong><\/p>\n<\/td>\n<td style=\"padding:6.858px 13.716px\">\n<p>Scooter \u00d71, S\u00e6de \u00d71, Oplader \u00d72, Sekskantskruetr\u00e6kkers\u00e6t \u00d71, Telefonholder \u00d71, 3L sort EVA opbevaringstaske \u00d71<\/p>\n<\/td>\n<\/tr>\n<\/tbody>\n<\/table>\n<hr style=\"font-family:DeepSeek-CJK-patch, Inter, system-ui, -apple-system, BlinkMacSystemFont, &quot;Segoe UI&quot;, Roboto, &quot;Noto Sans&quot;, Ubuntu, Cantarell, &quot;Helvetica Neue&quot;, Oxygen, &quot;Open Sans&quot;, sans-serif;font-size:16.002px;font-weight:400;letter-spacing:normal;text-align:start;white-space:normal;color:rgb(64, 64, 64);background-color:rgb(163, 163, 163);border:none;margin:13.716px 0px;margin-bottom:13.716px;margin-top:13.716px;margin-left:0px;margin-right:0px;display:block;height:1px\" align=\"start\"\/>\n<h3 style=\"font-family:DeepSeek-CJK-patch, Inter, system-ui, -apple-system, BlinkMacSystemFont, &quot;Segoe UI&quot;, Roboto, &quot;Noto Sans&quot;, Ubuntu, Cantarell, &quot;Helvetica Neue&quot;, Oxygen, &quot;Open Sans&quot;, sans-serif;font-size:18.288px;font-weight:600;letter-spacing:normal;line-height:1.5;text-align:start;white-space:normal;color:rgb(64, 64, 64);background-color:rgb(255, 255, 255);margin:18.288px 0px 13.716px;margin-bottom:13.716px;margin-top:18.288px;margin-left:0px;margin-right:0px\" align=\"start\"><strong>Produktets h\u00f8jdepunkter<\/strong><\/h3>\n<ol style=\"font-family:DeepSeek-CJK-patch, Inter, system-ui, -apple-system, BlinkMacSystemFont, &quot;Segoe UI&quot;, Roboto, &quot;Noto Sans&quot;, Ubuntu, Cantarell, &quot;Helvetica Neue&quot;, Oxygen, &quot;Open Sans&quot;, sans-serif;font-size:16.002px;font-weight:400;letter-spacing:normal;text-align:start;white-space:normal;color:rgb(64, 64, 64);background-color:rgb(255, 255, 255);margin:13.716px 0px;margin-bottom:13.716px;margin-top:13.716px;margin-left:0px;margin-right:0px;padding-left:27.432px\" align=\"start\">\n<li>\n<p style=\"font-size:16.002px;line-height:28.575px;margin-bottom:0px;margin-top:0px;margin-left:0px;margin-right:0px\"><strong>Kraftfuld ydeevne<\/strong><span>\u00a0<\/span>\u2013 6000W dobbeltmotorer til hastigheder op til<span>\u00a0<\/span><strong>85 km\/t<\/strong>, ideel til pendling og off-road eventyr.<\/p>\n<\/li>\n<li style=\"margin-top:4px\">\n<p style=\"font-size:16.002px;line-height:28.575px;margin-bottom:0px;margin-top:0px;margin-left:0px;margin-right:0px\"><strong>Sammenfoldelig og holdbar<\/strong><span>\u00a0<\/span>\u2013 Ramme i h\u00f8jstyrke aluminiumslegering, rustbestandig og vakkelfri selv efter langvarig brug.<\/p>\n<\/li>\n<li style=\"margin-top:4px\">\n<p style=\"font-size:16.002px;line-height:28.575px;margin-bottom:0px;margin-top:0px;margin-left:0px;margin-right:0px\"><strong>Langtidsholdbart batteri<\/strong><span>\u00a0<\/span>\u2013 2280 Wh kapacitet leverer<span>\u00a0<\/span><strong>100\u2013120 km<\/strong><span>\u00a0<\/span>pr. opladning.<\/p>\n<\/li>\n<li style=\"margin-top:4px\">\n<p style=\"font-size:16.002px;line-height:28.575px;margin-bottom:0px;margin-top:0px;margin-left:0px;margin-right:0px\"><strong>Hurtig dobbeltopladning<\/strong><span>\u00a0<\/span>\u2013 Inkluderer<span>\u00a0<\/span><strong>to 5A opladere<\/strong><span>\u00a0<\/span>til samtidig opladning.<\/p>\n<\/li>\n<li style=\"margin-top:4px\">\n<p style=\"font-size:16.002px;line-height:28.575px;margin-bottom:0px;margin-top:0px;margin-left:0px;margin-right:0px\"><strong>Letvedligeholdelsesvenlig controller<\/strong><span>\u00a0<\/span>\u2013 Modul\u00e6rt plug-in-design for hurtig udskiftning og problemfri reparationer.<\/p>\n<\/li>\n<li style=\"margin-top:4px\">\n<p style=\"font-size:16.002px;line-height:28.575px;margin-bottom:0px;margin-top:0px;margin-left:0px;margin-right:0px\"><strong>Forbedret sikkerhed<\/strong><span>\u00a0<\/span>\u2013 Foran og bagp\u00e5<span>\u00a0<\/span><strong>hydrauliske skivebremser<\/strong><span>\u00a0<\/span>for stabil og p\u00e5lidelig bremsekraft.<\/p>\n<\/li>\n<li style=\"margin-top:4px\">\n<p style=\"font-size:16.002px;line-height:28.575px;margin-bottom:0px;margin-top:0px;margin-left:0px;margin-right:0px\"><strong>Glat k\u00f8rsel<\/strong><span>\u00a0<\/span>\u2013<span>\u00a0<\/span><strong>Inverteret hydraulisk affjedring foran<\/strong><span>\u00a0<\/span>+ hydrauliske st\u00f8dd\u00e6mpere bagtil for overlegen komfort i uj\u00e6vnt terr\u00e6n.<\/p>\n<\/li>\n<li style=\"margin-top:4px\">\n<p style=\"font-size:16.002px;line-height:28.575px;margin-bottom:0px;margin-top:0px;margin-left:0px;margin-right:0px\"><strong>Avanceret belysning<\/strong><span>\u00a0<\/span>\u2013 Dobbelte U7-forlygter, RGB-sided\u00e6kslys (kan tilpasses), sekventielle blinklys bag og skjulte k\u00f8re-\/bremselys.<\/p>\n<\/li>\n<li style=\"margin-top:4px\">\n<p style=\"font-size:16.002px;line-height:28.575px;margin-bottom:0px;margin-top:0px;margin-left:0px;margin-right:0px\"><strong>Terr\u00e6ng\u00e5ende d\u00e6k<\/strong><span>\u00a0<\/span>\u2013 11-tommer terr\u00e6ng\u00e5ende<span>\u00a0<\/span><strong>vakuumd\u00e6k<\/strong><span>\u00a0<\/span>for holdbarhed og greb.<\/p>\n<\/li>\n<li style=\"margin-top:4px\">\n<p style=\"font-size:16.002px;line-height:28.575px;margin-bottom:0px;margin-top:0px;margin-left:0px;margin-right:0px\"><strong>Smart LCD-sk\u00e6rm<\/strong><span>\u00a0<\/span>\u2013 Viser hastighed, batteriniveau, kilometertal, sp\u00e6nding osv. (km\/mil kan skiftes) +<span>\u00a0<\/span><strong>USB-opladningsport<\/strong>.<\/p>\n<\/li>\n<\/ol>\n<p><img decoding=\"async\" src=\"https:\/\/ae01.alicdn.com\/kf\/Sf33f34274f124ee5adebb04e2b2d8ddcI.jpg\" slate-data-type=\"image\"\/><img decoding=\"async\" src=\"https:\/\/ae01.alicdn.com\/kf\/Sca08803de72446f5b0cce68ca0ff9d4dV.jpg\" slate-data-type=\"image\"\/><img decoding=\"async\" src=\"https:\/\/ae01.alicdn.com\/kf\/S1e7597684c7a45b4800a23eaa2d38fd8B.jpg\" slate-data-type=\"image\"\/><img decoding=\"async\" src=\"https:\/\/ae01.alicdn.com\/kf\/S587589274c644c1c8875c56e23f59aa1B.jpg\" slate-data-type=\"image\"\/><img decoding=\"async\" src=\"https:\/\/ae01.alicdn.com\/kf\/S2044d9b859af4346945ddaa804caacb23.jpg\" slate-data-type=\"image\"\/><img decoding=\"async\" src=\"https:\/\/ae01.alicdn.com\/kf\/Sd6e5e9cebe4344e3a1bd41a4db39d941r.jpg\" slate-data-type=\"image\"\/><img decoding=\"async\" src=\"https:\/\/ae01.alicdn.com\/kf\/Sbd4d412cfdd744e1b81aadca8fe4e3edr.jpg\" slate-data-type=\"image\"\/><img decoding=\"async\" src=\"https:\/\/ae01.alicdn.com\/kf\/S802ad8a03222437a86e62c37434d4048c.jpg\" slate-data-type=\"image\"\/><img decoding=\"async\" src=\"https:\/\/ae01.alicdn.com\/kf\/S744150d21c5d4769a172db7800be4cd5C.jpg\" slate-data-type=\"image\"\/><img decoding=\"async\" src=\"https:\/\/ae01.alicdn.com\/kf\/S96ade660d56047f0ab277ac43ff9f758r.jpg\" slate-data-type=\"image\"\/><img decoding=\"async\" src=\"https:\/\/ae01.alicdn.com\/kf\/Sf8f68e1f10c544feb56e4c6460cc9f3aD.jpg\" slate-data-type=\"image\"\/><img decoding=\"async\" src=\"https:\/\/ae01.alicdn.com\/kf\/S3beb4199e0574136854a05373b128359L.jpg\" slate-data-type=\"image\"\/><img decoding=\"async\" src=\"https:\/\/ae01.alicdn.com\/kf\/Sad7ad7f3de394fbb90406d2e7e833cden.jpg\" slate-data-type=\"image\"\/><img decoding=\"async\" src=\"https:\/\/ae01.alicdn.com\/kf\/S1fe9c1a99937406a9aab142b6364448aZ.jpg\" slate-data-type=\"image\"\/><img decoding=\"async\" src=\"https:\/\/ae01.alicdn.com\/kf\/Sf71755a522144de79649f7947ca4730cn.jpg\" slate-data-type=\"image\"\/><img decoding=\"async\" src=\"https:\/\/ae01.alicdn.com\/kf\/Sd1e10045cb774af484b0cbb66b4abbf4d.jpg\" slate-data-type=\"image\"\/><img decoding=\"async\" src=\"https:\/\/ae01.alicdn.com\/kf\/S89df2c303f12489392ef3deaca9ef5d1D.jpg\" slate-data-type=\"image\"\/><img decoding=\"async\" src=\"https:\/\/ae01.alicdn.com\/kf\/Sed89b364103f41f3882306a0f92a01a26.jpg\" slate-data-type=\"image\"\/><img decoding=\"async\" src=\"https:\/\/ae01.alicdn.com\/kf\/S9ef237c76ab242d487096195cbda5c46L.jpg\" slate-data-type=\"image\"\/><img decoding=\"async\" src=\"https:\/\/ae01.alicdn.com\/kf\/S719b1c61b21748fd9515d640089b64efg.jpg\" slate-data-type=\"image\"\/><img decoding=\"async\" src=\"https:\/\/ae01.alicdn.com\/kf\/Sc38b68d25b4c41a0b7ef63debb5c3a29m.jpg\" slate-data-type=\"image\"\/><\/p>","protected":false},"excerpt":{"rendered":"<p>Tire Size:&nbsp;11 inch Model Number:&nbsp;BOYUEDA S3-11 Category:&nbsp;Two-wheel Scooter Applicable People:&nbsp;Unisex Range Per Charge:&nbsp;60-80km Charging Time:&nbsp;8-10h Voltage:&nbsp;60v Folded:&nbsp;YES Origin:&nbsp;Mainland China Power (W):&nbsp;1001-2000w Max motor:&nbsp;6000W max range:&nbsp;120KM max speed:&nbsp;85KM\/H Climbing ability:&nbsp;45\u00b0 Brake<\/p>","protected":false},"featured_media":25744,"comment_status":"open","ping_status":"closed","template":"","meta":{"_acf_changed":false},"product_brand":[],"product_cat":[297],"product_tag":[],"class_list":{"0":"post-25743","1":"product","2":"type-product","3":"status-publish","4":"has-post-thumbnail","6":"product_cat-scooters","8":"first","9":"instock","10":"shipping-taxable","11":"purchasable","12":"product-type-simple"},"acf":[],"_links":{"self":[{"href":"https:\/\/electricstore.eu\/da\/wp-json\/wp\/v2\/product\/25743","targetHints":{"allow":["GET"]}}],"collection":[{"href":"https:\/\/electricstore.eu\/da\/wp-json\/wp\/v2\/product"}],"about":[{"href":"https:\/\/electricstore.eu\/da\/wp-json\/wp\/v2\/types\/product"}],"replies":[{"embeddable":true,"href":"https:\/\/electricstore.eu\/da\/wp-json\/wp\/v2\/comments?post=25743"}],"wp:featuredmedia":[{"embeddable":true,"href":"https:\/\/electricstore.eu\/da\/wp-json\/wp\/v2\/media\/25744"}],"wp:attachment":[{"href":"https:\/\/electricstore.eu\/da\/wp-json\/wp\/v2\/media?parent=25743"}],"wp:term":[{"taxonomy":"product_brand","embeddable":true,"href":"https:\/\/electricstore.eu\/da\/wp-json\/wp\/v2\/product_brand?post=25743"},{"taxonomy":"product_cat","embeddable":true,"href":"https:\/\/electricstore.eu\/da\/wp-json\/wp\/v2\/product_cat?post=25743"},{"taxonomy":"product_tag","embeddable":true,"href":"https:\/\/electricstore.eu\/da\/wp-json\/wp\/v2\/product_tag?post=25743"}],"curies":[{"name":"wp","href":"https:\/\/api.w.org\/{rel}","templated":true}]}}