{"id":25696,"date":"2025-05-20T19:00:35","date_gmt":"2025-05-20T19:00:35","guid":{"rendered":"https:\/\/electricstore.eu\/p\/uncategorized\/q130-114-70km-h-4wd-rc-car-with-light-brushless-motor-remote-control-cars-high-speed-drift-monster-truck-toys-for-adults-kids\/"},"modified":"2025-05-20T19:05:50","modified_gmt":"2025-05-20T19:05:50","slug":"q130-114-70km-h-4wd-rc-car-with-light-brushless-motor-remote-control-cars-high-speed-drift-monster-truck-toys-for-adults-kids","status":"publish","type":"product","link":"https:\/\/www.electricstore.eu\/da\/p\/rc\/rc-cars\/q130-114-70km-h-4wd-rc-car-with-light-brushless-motor-remote-control-cars-high-speed-drift-monster-truck-toys-for-adults-kids\/","title":{"rendered":"Q130 1:14 70 km\/t 4WD fjernstyret bil med lys b\u00f8rstel\u00f8s motor fjernstyrede biler h\u00f8jhastigheds drift monster truck leget\u00f8j til voksne b\u00f8rn"},"content":{"rendered":"<div class=\"product-specs-list-container\">\n<ul class=\"product-specs-list util-clearfix\">\n<li class=\"product-prop line-limit-length\"><span\n                                        class=\"property-title\">Certifikatnummer:&nbsp;<\/span><span\n                                        class=\"property-desc line-limit-length\">Som vist<\/span>\n                            <\/li>\n<li class=\"product-prop line-limit-length\"><span\n                                        class=\"property-title\">CE:&nbsp;<\/span><span\n                                        class=\"property-desc line-limit-length\">Certifikat<\/span>\n                            <\/li>\n<li class=\"product-prop line-limit-length\"><span\n                                        class=\"property-title\">Er elektrisk:&nbsp;<\/span><span\n                                        class=\"property-desc line-limit-length\">litiumbatteri<\/span>\n                            <\/li>\n<li class=\"product-prop line-limit-length\"><span\n                                        class=\"property-title\">Stregkode:&nbsp;<\/span><span\n                                        class=\"property-desc line-limit-length\">Ingen<\/span>\n                            <\/li>\n<li class=\"product-prop line-limit-length\"><span\n                                        class=\"property-title\">Gasspj\u00e6lds servo:&nbsp;<\/span><span\n                                        class=\"property-desc line-limit-length\">2847 b\u00f8rstel\u00f8s motor\/390 kulb\u00f8rste st\u00e6rk magnetisk motor<\/span>\n                            <\/li>\n<li class=\"product-prop line-limit-length\"><span\n                                        class=\"property-title\">Styreservo:&nbsp;<\/span><span\n                                        class=\"property-desc line-limit-length\">B\u00f8rstet: femtr\u00e5ds 17G styreservo \/ B\u00f8rstel\u00f8s: tretr\u00e5ds 17G digital<\/span>\n                            <\/li>\n<li class=\"product-prop line-limit-length\"><span\n                                        class=\"property-title\">Magt:&nbsp;<\/span><span\n                                        class=\"property-desc line-limit-length\">70 km\/t eller 50 km\/t<\/span>\n                            <\/li>\n<li class=\"product-prop line-limit-length\"><span\n                                        class=\"property-title\">Forsamlingens tilstand:&nbsp;<\/span><span\n                                        class=\"property-desc line-limit-length\">Klar til brug<\/span>\n                            <\/li>\n<li class=\"product-prop line-limit-length\"><span\n                                        class=\"property-title\">Flyvetid:&nbsp;<\/span><span\n                                        class=\"property-desc line-limit-length\">15-18 minutter (kontinuerlig k\u00f8rsel ved fuld hastighed)<\/span>\n                            <\/li>\n<li class=\"product-prop line-limit-length\"><span\n                                        class=\"property-title\">D\u00e6kspor:&nbsp;<\/span><span\n                                        class=\"property-desc line-limit-length\">188 mm<\/span>\n                            <\/li>\n<li class=\"product-prop line-limit-length\"><span\n                                        class=\"property-title\">Akselafstand:&nbsp;<\/span><span\n                                        class=\"property-desc line-limit-length\">185 mm<\/span>\n                            <\/li>\n<li class=\"product-prop line-limit-length\"><span\n                                        class=\"property-title\">Advarsel:&nbsp;<\/span><span\n                                        class=\"property-desc line-limit-length\">V\u00e6k ild<\/span>\n                            <\/li>\n<li class=\"product-prop line-limit-length\"><span\n                                        class=\"property-title\">Fjern afstand:&nbsp;<\/span><span\n                                        class=\"property-desc line-limit-length\">120m<\/span>\n                            <\/li>\n<li class=\"product-prop line-limit-length\"><span\n                                        class=\"property-title\">Garanti:&nbsp;<\/span><span\n                                        class=\"property-desc line-limit-length\">Ingen<\/span>\n                            <\/li>\n<li class=\"product-prop line-limit-length\"><span\n                                        class=\"property-title\">Skala:&nbsp;<\/span><span\n                                        class=\"property-desc line-limit-length\">1:14<\/span>\n                            <\/li>\n<li class=\"product-prop line-limit-length\"><span\n                                        class=\"property-title\">Dimensioner:&nbsp;<\/span><span\n                                        class=\"property-desc line-limit-length\">34,5*20,5*14,8 cm<\/span>\n                            <\/li>\n<li class=\"product-prop line-limit-length\"><span\n                                        class=\"property-title\">Drejningsmoment:&nbsp;<\/span><span\n                                        class=\"property-desc line-limit-length\">Som vist<\/span>\n                            <\/li>\n<li class=\"product-prop line-limit-length\"><span\n                                        class=\"property-title\">Modelnummer:&nbsp;<\/span><span\n                                        class=\"property-desc line-limit-length\">S344<\/span>\n                            <\/li>\n<li class=\"product-prop line-limit-length\"><span\n                                        class=\"property-title\">Design:&nbsp;<\/span><span\n                                        class=\"property-desc line-limit-length\">Dirt Bike<\/span>\n                            <\/li>\n<li class=\"product-prop line-limit-length\"><span\n                                        class=\"property-title\">Pakken indeholder:&nbsp;<\/span><span\n                                        class=\"property-desc line-limit-length\">Batterier, betjeningsvejledning, fjernbetjening, USB-kabel<\/span>\n                            <\/li>\n<li class=\"product-prop line-limit-length\"><span\n                                        class=\"property-title\">Kontrolkanaler:&nbsp;<\/span><span\n                                        class=\"property-desc line-limit-length\">4 kanaler<\/span>\n                            <\/li>\n<li class=\"product-prop line-limit-length\"><span\n                                        class=\"property-title\">Controllertilstand:&nbsp;<\/span><span\n                                        class=\"property-desc line-limit-length\">MODE2<\/span>\n                            <\/li>\n<li class=\"product-prop line-limit-length\"><span\n                                        class=\"property-title\">Ladesp\u00e6nding:&nbsp;<\/span><span\n                                        class=\"property-desc line-limit-length\">5V<\/span>\n                            <\/li>\n<li class=\"product-prop line-limit-length\"><span\n                                        class=\"property-title\">Fjernbetjening:&nbsp;<\/span><span\n                                        class=\"property-desc line-limit-length\">Ja<\/span>\n                            <\/li>\n<li class=\"product-prop line-limit-length\"><span\n                                        class=\"property-title\">Materiale:&nbsp;<\/span><span\n                                        class=\"property-desc line-limit-length\">Metal, Plast<\/span>\n                            <\/li>\n<li class=\"product-prop line-limit-length\"><span\n                                        class=\"property-title\">M\u00e6rkenavn:&nbsp;<\/span><span\n                                        class=\"property-desc line-limit-length\">WDSZKMYF<\/span>\n                            <\/li>\n<li class=\"product-prop line-limit-length\"><span\n                                        class=\"property-title\">Anbefalet alder:&nbsp;<\/span><span\n                                        class=\"property-desc line-limit-length\">14+ \u00e5r<\/span>\n                            <\/li>\n<li class=\"product-prop line-limit-length\"><span\n                                        class=\"property-title\">Oprindelse:&nbsp;<\/span><span\n                                        class=\"property-desc line-limit-length\">Kinas fastland<\/span>\n                            <\/li>\n<li class=\"product-prop line-limit-length\"><span\n                                        class=\"property-title\">Type:&nbsp;<\/span><span\n                                        class=\"property-desc line-limit-length\">Bil<\/span>\n                            <\/li>\n<li class=\"product-prop line-limit-length\"><span\n                                        class=\"property-title\">Funktioner:&nbsp;<\/span><span\n                                        class=\"property-desc line-limit-length\">FJERNBETJENING<\/span>\n                            <\/li>\n<\/ul><\/div>\n<div class=\"detailmodule_html\">\n<div class=\"detail-desc-decorate-richtext\">\n<p><\/p>\n<div>\u00a0<\/div>\n<p><span style=\"background-color:rgb(252, 220, 0);color:rgb(244, 78, 59);font-size:18px\"><strong>BEM\u00c6RK:<\/strong><\/span><\/p>\n<p><span style=\"color:rgb(244, 78, 59);font-size:18px\">1. Dette er ikke en almindelig leget\u00f8jsbil med fjernbetjening, da fjernbetjeningsbilen er for hurtig. Det anbefales at bruge den i \u00e5bne omr\u00e5der for at undg\u00e5 at st\u00f8de ind i forhindringer.<\/span><\/p>\n<p><span style=\"color:rgb(244, 78, 59);font-size:18px\">2. Detailpakken er lavet af skumkasser, hvilket kan reducere skader p\u00e5 produktet under transport. Originale kasser er ikke inkluderet.<\/span><\/p>\n<p><\/p>\n<p><\/p>\n<p><strong><span style=\"font-size:18px\">Bem\u00e6rk venligst ved brug af batteri: (s\u00e6lger separate batterier, kontakt mig venligst hvis n\u00f8dvendigt)<\/span><\/strong><\/p>\n<p><span style=\"font-size:18px\">1. N\u00e5r batteriet er d\u00f8dt, skal det oplades i tide for at sikre, at batteriet har overskydende str\u00f8m. Hvis batteriet er helt tomt, kan batteriet ikke oplades.<\/span><\/p>\n<p><span style=\"font-size:18px\">2. N\u00e5r batteriet oplades, skal du afbryde forbindelsen til fjernbetjeningsbilen. S\u00f8rg for at tage batteriet ud for at oplade det separat.<\/span><\/p>\n<p><span style=\"font-size:18px\">3. Hvis du ikke bruger fjernbetjeningsbilen, skal du frakoble batteriet fra fjernbetjeningsbilens ledning. Undlad absolut at tilslutte den, og oplad batteriet helt, da det ellers vil beskadige batteriet.<\/span><\/p>\n<p><\/p>\n<p><\/p>\n<p><strong><span style=\"font-size:18px\">1:14 70 km\/t 4WD fjernstyret bil med LED-lys fjernstyrede biler h\u00f8jhastigheds drift monstertruck til b\u00f8rn<\/span><\/strong><\/p>\n<p><\/p>\n<p><\/p>\n<p><span style=\"font-size:18px\">Bem\u00e6rk: V\u00e6r opm\u00e6rksom p\u00e5 at identificere modellen, inden du k\u00f8ber. Modelparametrene er som f\u00f8lger:<\/span><\/p>\n<p><\/p>\n<p><\/p>\n<p><span style=\"font-size:18px\">Produktkonfiguration: Elektrisk firehjulstrukket terr\u00e6ng\u00e5ende k\u00f8ret\u00f8j (UDR)<\/span><\/p>\n<p><span style=\"font-size:18px\">Produktmateriale: hardware; elektronik; plastik<\/span><\/p>\n<p><span style=\"font-size:18px\">Produktst\u00f8rrelse: 34,5 * 20,5 * 14,8 CM<\/span><\/p>\n<p><span style=\"font-size:18px\">Farve: bl\u00e5\/r\u00f8d (med b\u00f8rste), orange (b\u00f8rstel\u00f8s)<\/span><\/p>\n<p><span style=\"font-size:18px\">Kropsbatteri: b\u00f8rste: 7,4V 1300mAH 15C lithium-ion-batteri (T-stik) B\u00f8rstel\u00f8s: 7,4V 1500mAH 15C lithium-ion-batteri (T-stik)<\/span><\/p>\n<p><span style=\"font-size:18px\">Driftstid: 15-18 minutter (kontinuerlig fuld hastighed)<\/span><\/p>\n<p><span style=\"font-size:18px\">Fjernbetjeningsbatteri: 3 stk. &quot;AA&quot; (ikke i pakken)<\/span><\/p>\n<p><span style=\"font-size:18px\">Opladningstid: 3-3,5 timer (USB-balanceopladning)<\/span><\/p>\n<p><span style=\"font-size:18px\">Frekvens: 2,4 GHz (underst\u00f8tter flere biler p\u00e5 samme bane)<\/span><\/p>\n<p><span style=\"font-size:18px\">Fjernbetjeningskategori: synkront styresystem i fuld skala (pistolstyring)<\/span><\/p>\n<p><span style=\"font-size:18px\">ESC\/modtager: 35A ESC\/modtager integreret styring (st\u00e6nksikker)<\/span><\/p>\n<p><span style=\"font-size:18px\">Hastighed: B\u00f8rste: 50 km\/t (tophastighed) B\u00f8rstel\u00f8s: 70 km\/t<\/span><\/p>\n<p><span style=\"font-size:18px\">Lyskonfiguration: LED-forlygte, LED-kuppellys, LED-baglygte<\/span><\/p>\n<p><span style=\"font-size:18px\">Fjernbetjeningsafstand (m): \u2265120m<\/span><\/p>\n<p><span style=\"font-size:18px\">Motor: b\u00f8rstet: RC390 h\u00f8jhastigheds kulb\u00f8rste st\u00e6rk magnetisk (magnetisk beskyttelse + k\u00f8leplade) b\u00f8rstel\u00f8s: 2847 b\u00f8rstel\u00f8s motor (4000 KV v\u00e6rdi)<\/span><\/p>\n<p><span style=\"font-size:18px\">Servo: b\u00f8rstet: femtr\u00e5ds 17G styreservo, b\u00f8rstel\u00f8s: tretr\u00e5ds 17G digital servo<\/span><\/p>\n<p><span style=\"font-size:18px\">Akselafstandsparametre: akselafstand: 185 mm; akselafstand: 188 mm; hjuldiameter: 85 mm<\/span><\/p>\n<p><span style=\"font-size:18px\">Differentialstruktur: planetgeardifferentiale<\/span><\/p>\n<p><\/p>\n<p><span style=\"font-size:18px\">Beskyttelsesfunktion: 1. opladning; 2. jamming; 3. h\u00f8j temperatur; 4. lavt tryk<\/span><\/p>\n<p><\/p>\n<p><\/p>\n<p><strong><span style=\"font-size:18px\">Fungere:<\/span><\/strong><\/p>\n<p><\/p>\n<p><span style=\"font-size:18px\">1. Brug af simuleret strukturdesign, med en f\u00f8lelse af \u00e6gte bilkontrol, for at opn\u00e5 fuld proportional trinl\u00f8s hastighed, h\u00f8jhastighedsk\u00f8rsel, hurtig acceleration, deceleration, bremsning, bakning, venstresving, h\u00f8jresving.<\/span><\/p>\n<p><span style=\"font-size:18px\">2. Anvendelige steder: fladt, sand, mudder, gr\u00e6s.<\/span><\/p>\n<p><span style=\"font-size:18px\">3. 4WD-drev: opretst\u00e5ende fjederd\u00e6mpning for og bag, uafh\u00e6ngigt affjedringssystem med dobbelte wishbone-arme.<\/span><\/p>\n<p><span style=\"font-size:18px\">4. 2,4G fuldproportionalt synkroniseret fjernbetjeningssystem. Fuld proportional gas\/styring.<\/span><\/p>\n<p><span style=\"font-size:18px\">5. 2,4G st\u00e6nkt\u00e6t firevejs 30A integreret ESC\/modtager.<\/span><\/p>\n<p><span style=\"font-size:18px\">6. Drivaksel til forhjulets krydskugleled, drivaksel med delt hundeben p\u00e5 baghjulet.<\/span><\/p>\n<p><span style=\"font-size:18px\">7. Femtr\u00e5ds 17G servo.<\/span><\/p>\n<p><span style=\"font-size:18px\">8. Superbatteristr\u00f8m: 7,4V, 18650-1500\/1300mAh Li-ion-batteri (T-stik), afladningshastighed 10C.<\/span><\/p>\n<p><span style=\"font-size:18px\">9. Hele bilen med 16 kuglelejer.<\/span><\/p>\n<p><span style=\"font-size:18px\">10. Metalplade til anden gulv, metalkode til forreste og bageste arm, metalmidteraksel.<\/span><\/p>\n<p><span style=\"font-size:18px\">11. Skallen har en eksplosionssikker PVC-skal med h\u00f8j sejhed.<\/span><\/p>\n<p><span style=\"font-size:18px\">12. Skallen er udstyret med LED-forlygter, LED-kuppellys og LED-baglygte (tre tilstande: konstant lys, langsom blinken, hurtig blinken).<\/span><\/p>\n<p><span style=\"font-size:18px\">13. Simulering af terr\u00e6ng\u00e5ende d\u00e6k, st\u00e6rkt greb.<\/span><\/p>\n<p><\/p>\n<p><\/p>\n<p><span style=\"font-size:18px\">Tilbeh\u00f8r: 1) hele bilen; 2) fjernbetjening; 3) kinesisk og engelsk instruktion; 4) lithiumbatteri; 5) USB-balanceopladning; 6) baghjul; 7) head-up-hjul; 8) d\u00e6mperjusteringssp\u00e6nde; 9) metalstifter; 10) sekskantet \u00e6rme; 11) b\u00f8rstel\u00f8s version af instruktionsbogens indsats<\/span><\/p>\n<p><\/p>\n<p><\/p>\n<p><strong><span style=\"font-size:18px\">Bem\u00e6rkning:<\/span><\/strong><\/p>\n<p><span style=\"font-size:18px\">1: Opladningsbeskyttelse: konstant str\u00f8m- og sp\u00e6ndingsbalanceret opladning, beskyttelsesfunktion mod batterioveropladning og overstr\u00f8m.<\/span><\/p>\n<p><span style=\"font-size:18px\">2: Motorens anti-blokeringsbeskyttelse: Motoren stopper med at virke, n\u00e5r den overbelastes<\/span><\/p>\n<p><span style=\"font-size:18px\">3: H\u00f8jtemperaturbeskyttelse: N\u00e5r driftstemperaturen er h\u00f8jere end den indstillede situation, stopper drevstyringskredsl\u00f8bet med at arbejde, og genoptager derefter arbejdet, n\u00e5r temperaturen falder til en sikker v\u00e6rdi.<\/span><\/p>\n<p><span style=\"font-size:18px\">4: ESC lavsp\u00e6ndings-slukfunktion, batteri under 6,3-6,4V eller deromkring, automatisk sluk for at forhindre beskadigelse af batteriet ved overafladning. <\/span><\/p>\n<p><img decoding=\"async\" src=\"https:\/\/ae01.alicdn.com\/kf\/Se567db099fec4a92bd20ebfba3621e3bl.jpg?width=1000&amp;height=563&amp;hash=1563\" slate-data-type=\"image\"\/><img decoding=\"async\" src=\"https:\/\/ae01.alicdn.com\/kf\/S53c3d7c524304dd79a1886aa2584f3efC.jpg?width=1920&amp;height=1080&amp;hash=3000\" slate-data-type=\"image\"\/><img decoding=\"async\" src=\"https:\/\/ae01.alicdn.com\/kf\/S9510f83b39cc44f0bbdf6cedf30b7c3c9.jpg?width=1000&amp;height=563&amp;hash=1563\" slate-data-type=\"image\"\/><img decoding=\"async\" src=\"https:\/\/ae01.alicdn.com\/kf\/S9ef33f0694c14d4a9f811426034ff526f.jpg?width=1000&amp;height=1441&amp;hash=2441\" slate-data-type=\"image\"\/><img decoding=\"async\" src=\"https:\/\/ae01.alicdn.com\/kf\/S61f050d298fe420195142a9333e3f435u.jpg?width=1000&amp;height=1400&amp;hash=2400\" slate-data-type=\"image\"\/><img decoding=\"async\" src=\"https:\/\/ae01.alicdn.com\/kf\/S3c618fa993be4c0fb97db5009d3fde1fN.jpg?width=1000&amp;height=1405&amp;hash=2405\" slate-data-type=\"image\"\/><img decoding=\"async\" src=\"https:\/\/ae01.alicdn.com\/kf\/S4c644255151e434392918fb12bcefd9f1.jpg?width=1000&amp;height=1399&amp;hash=2399\" slate-data-type=\"image\"\/><img decoding=\"async\" src=\"https:\/\/ae01.alicdn.com\/kf\/Sa9ab599225c14e41a1e95825a3ebbf8de.jpg?width=1000&amp;height=1397&amp;hash=2397\" slate-data-type=\"image\"\/><img decoding=\"async\" src=\"https:\/\/ae01.alicdn.com\/kf\/Secd4dda439db4628abbe77ce4db4a9ebN.jpg?width=1000&amp;height=1404&amp;hash=2404\" slate-data-type=\"image\"\/><img decoding=\"async\" src=\"https:\/\/ae01.alicdn.com\/kf\/S47a9cbcfd5e54669bda823cf0ac5a039V.jpg?width=1000&amp;height=1397&amp;hash=2397\" slate-data-type=\"image\"\/><img decoding=\"async\" src=\"https:\/\/ae01.alicdn.com\/kf\/Sa76f77c19e0b47f4af0c3be2e78d05bfL.jpg?width=1000&amp;height=1397&amp;hash=2397\" slate-data-type=\"image\"\/><img decoding=\"async\" src=\"https:\/\/ae01.alicdn.com\/kf\/S77000bbb2bf94ed59306cab7def97382g.jpg?width=1000&amp;height=1397&amp;hash=2397\" slate-data-type=\"image\"\/><img decoding=\"async\" src=\"https:\/\/ae01.alicdn.com\/kf\/Scf3666ab514040df8464cccd282a6da95.jpg?width=1000&amp;height=1385&amp;hash=2385\" slate-data-type=\"image\"\/><img decoding=\"async\" src=\"https:\/\/ae01.alicdn.com\/kf\/S9e2e5d55c3424102a3f6b3137de8a594M.jpg?width=1000&amp;height=1449&amp;hash=2449\" slate-data-type=\"image\"\/><img decoding=\"async\" src=\"https:\/\/ae01.alicdn.com\/kf\/S4dfcff3ac53e4d67a744f11cc0708bd8C.jpg?width=1000&amp;height=1761&amp;hash=2761\" slate-data-type=\"image\"\/><img decoding=\"async\" src=\"https:\/\/ae01.alicdn.com\/kf\/S19fc1169693c44a399265a91c9455a2dz.jpg?width=1000&amp;height=1928&amp;hash=2928\" slate-data-type=\"image\"\/><img decoding=\"async\" src=\"https:\/\/ae01.alicdn.com\/kf\/S0ba84fbb3176483396415be9ef4133b3N.jpg?width=1000&amp;height=1080&amp;hash=2080\" slate-data-type=\"image\"\/><img decoding=\"async\" src=\"https:\/\/ae01.alicdn.com\/kf\/S2b682f577c8b494c92ac54f1aec56d32z.jpg?width=1000&amp;height=1639&amp;hash=2639\" slate-data-type=\"image\"\/><img decoding=\"async\" src=\"https:\/\/ae01.alicdn.com\/kf\/S6be2c491d0754d85b25534db2dce6db5E.jpg?width=1000&amp;height=1820&amp;hash=2820\" slate-data-type=\"image\"\/><img decoding=\"async\" src=\"https:\/\/ae01.alicdn.com\/kf\/Saa56d418672947e2bcbafa0cfc1120a1A.jpg?width=1000&amp;height=2258&amp;hash=3258\" slate-data-type=\"image\"\/><img decoding=\"async\" src=\"https:\/\/ae01.alicdn.com\/kf\/S66c5f994236b46929dbcfd1289e1eb141.jpg?width=1000&amp;height=1963&amp;hash=2963\" slate-data-type=\"image\"\/><img decoding=\"async\" src=\"https:\/\/ae01.alicdn.com\/kf\/S9299c24b12654ad5b0a25aec88462a69Y.jpg?width=1000&amp;height=2037&amp;hash=3037\" slate-data-type=\"image\"\/><img decoding=\"async\" src=\"https:\/\/ae01.alicdn.com\/kf\/S8ac5907d9f30484da270822a42d2822cR.jpg?width=1000&amp;height=2072&amp;hash=3072\" slate-data-type=\"image\"\/><img decoding=\"async\" src=\"https:\/\/ae01.alicdn.com\/kf\/Sd5f7a02f4e14434ba3f7335c9a267524K.jpg?width=1000&amp;height=1456&amp;hash=2456\" slate-data-type=\"image\"\/><img decoding=\"async\" src=\"https:\/\/ae01.alicdn.com\/kf\/S81362050aba64a44953c2ec135c0f34bu.jpg?width=1000&amp;height=2296&amp;hash=3296\" slate-data-type=\"image\"\/><img decoding=\"async\" src=\"https:\/\/ae01.alicdn.com\/kf\/S7e943d06e7304a77a66facc4ee541992N.jpg?width=1000&amp;height=1632&amp;hash=2632\" slate-data-type=\"image\"\/><img decoding=\"async\" src=\"https:\/\/ae01.alicdn.com\/kf\/S2c1f060449dc44078676b395f1db3487a.jpg?width=1000&amp;height=1120&amp;hash=2120\" slate-data-type=\"image\"\/><img decoding=\"async\" src=\"https:\/\/ae01.alicdn.com\/kf\/S96c2af7ccf384397a23d085c99f9152b2.jpg?width=1000&amp;height=1099&amp;hash=2099\" slate-data-type=\"image\"\/><img decoding=\"async\" src=\"https:\/\/ae01.alicdn.com\/kf\/S1a23ecc43dfa45f2b167e0d57a62586e3.jpg?width=1000&amp;height=1163&amp;hash=2163\" slate-data-type=\"image\"\/><img decoding=\"async\" src=\"https:\/\/ae01.alicdn.com\/kf\/Sc407db5976c144ccb639172761b2b061O.jpg?width=1000&amp;height=1203&amp;hash=2203\" slate-data-type=\"image\"\/><img decoding=\"async\" src=\"https:\/\/ae01.alicdn.com\/kf\/Sf1a233edfa63481685584aae710cd82fd.jpg?width=1000&amp;height=1495&amp;hash=2495\" slate-data-type=\"image\"\/><\/p>\n<p><\/div>\n<\/div>\n<p><\/p>","protected":false},"excerpt":{"rendered":"<p>Certificate Number:&nbsp;As Show CE:&nbsp;Certificate Is Electric:&nbsp;lithium battery Barcode:&nbsp;No Throttle servo:&nbsp;2847 brushless motor\/390 carbon brush strong magnetic motor Steering servo:&nbsp;Brushed: five-wire 17G steering servo \/ Brushless: three-wire 17G digi Power:&nbsp;70KM\/H or<\/p>","protected":false},"featured_media":25697,"comment_status":"open","ping_status":"closed","template":"","meta":{"_acf_changed":false},"product_brand":[],"product_cat":[519],"product_tag":[],"class_list":{"0":"post-25696","1":"product","2":"type-product","3":"status-publish","4":"has-post-thumbnail","6":"product_cat-rc-cars","8":"first","9":"instock","10":"shipping-taxable","11":"purchasable","12":"product-type-variable"},"acf":[],"_links":{"self":[{"href":"https:\/\/www.electricstore.eu\/da\/wp-json\/wp\/v2\/product\/25696","targetHints":{"allow":["GET"]}}],"collection":[{"href":"https:\/\/www.electricstore.eu\/da\/wp-json\/wp\/v2\/product"}],"about":[{"href":"https:\/\/www.electricstore.eu\/da\/wp-json\/wp\/v2\/types\/product"}],"replies":[{"embeddable":true,"href":"https:\/\/www.electricstore.eu\/da\/wp-json\/wp\/v2\/comments?post=25696"}],"wp:featuredmedia":[{"embeddable":true,"href":"https:\/\/www.electricstore.eu\/da\/wp-json\/wp\/v2\/media\/25697"}],"wp:attachment":[{"href":"https:\/\/www.electricstore.eu\/da\/wp-json\/wp\/v2\/media?parent=25696"}],"wp:term":[{"taxonomy":"product_brand","embeddable":true,"href":"https:\/\/www.electricstore.eu\/da\/wp-json\/wp\/v2\/product_brand?post=25696"},{"taxonomy":"product_cat","embeddable":true,"href":"https:\/\/www.electricstore.eu\/da\/wp-json\/wp\/v2\/product_cat?post=25696"},{"taxonomy":"product_tag","embeddable":true,"href":"https:\/\/www.electricstore.eu\/da\/wp-json\/wp\/v2\/product_tag?post=25696"}],"curies":[{"name":"wp","href":"https:\/\/api.w.org\/{rel}","templated":true}]}}