{"id":25614,"date":"2025-05-20T19:00:15","date_gmt":"2025-05-20T19:00:15","guid":{"rendered":"https:\/\/electricstore.eu\/p\/uncategorized\/116-70km-h-4wd-rc-car-with-led-lights-2-4g-radio-high-speed-brushless-motor-remote-control-off-road-cars-for-children-toys\/"},"modified":"2025-05-20T19:05:06","modified_gmt":"2025-05-20T19:05:06","slug":"116-70km-h-4wd-rc-car-with-led-lights-2-4g-radio-high-speed-brushless-motor-remote-control-off-road-cars-for-children-toys","status":"publish","type":"product","link":"https:\/\/www.electricstore.eu\/da\/p\/rc\/rc-cars\/116-70km-h-4wd-rc-car-with-led-lights-2-4g-radio-high-speed-brushless-motor-remote-control-off-road-cars-for-children-toys\/","title":{"rendered":"1:16 70 km\/t 4WD fjernstyret bil med LED-lys 2.4G radio h\u00f8jhastigheds b\u00f8rstel\u00f8s motor fjernbetjente terr\u00e6ng\u00e5ende biler til b\u00f8rneleget\u00f8j"},"content":{"rendered":"<div class=\"product-specs-list-container\">\n<ul class=\"product-specs-list util-clearfix\">\n<li class=\"product-prop line-limit-length\"><span\n                                        class=\"property-title\">Certifikatnummer:&nbsp;<\/span><span\n                                        class=\"property-desc line-limit-length\">Som vist<\/span>\n                            <\/li>\n<li class=\"product-prop line-limit-length\"><span\n                                        class=\"property-title\">CE:&nbsp;<\/span><span\n                                        class=\"property-desc line-limit-length\">Certifikat<\/span>\n                            <\/li>\n<li class=\"product-prop line-limit-length\"><span\n                                        class=\"property-title\">Er elektrisk:&nbsp;<\/span><span\n                                        class=\"property-desc line-limit-length\">litiumbatteri<\/span>\n                            <\/li>\n<li class=\"product-prop line-limit-length\"><span\n                                        class=\"property-title\">Stregkode:&nbsp;<\/span><span\n                                        class=\"property-desc line-limit-length\">Ingen<\/span>\n                            <\/li>\n<li class=\"product-prop line-limit-length\"><span\n                                        class=\"property-title\">Gasspj\u00e6lds servo:&nbsp;<\/span><span\n                                        class=\"property-desc line-limit-length\">2840 Brushless motor<\/span>\n                            <\/li>\n<li class=\"product-prop line-limit-length\"><span\n                                        class=\"property-title\">Styreservo:&nbsp;<\/span><span\n                                        class=\"property-desc line-limit-length\">Three-wire 17G digital servo<\/span>\n                            <\/li>\n<li class=\"product-prop line-limit-length\"><span\n                                        class=\"property-title\">Magt:&nbsp;<\/span><span\n                                        class=\"property-desc line-limit-length\">70 km\/h<\/span>\n                            <\/li>\n<li class=\"product-prop line-limit-length\"><span\n                                        class=\"property-title\">Forsamlingens tilstand:&nbsp;<\/span><span\n                                        class=\"property-desc line-limit-length\">Klar til brug<\/span>\n                            <\/li>\n<li class=\"product-prop line-limit-length\"><span\n                                        class=\"property-title\">Flyvetid:&nbsp;<\/span><span\n                                        class=\"property-desc line-limit-length\">15-18 min<\/span>\n                            <\/li>\n<li class=\"product-prop line-limit-length\"><span\n                                        class=\"property-title\">D\u00e6kspor:&nbsp;<\/span><span\n                                        class=\"property-desc line-limit-length\">188 mm<\/span>\n                            <\/li>\n<li class=\"product-prop line-limit-length\"><span\n                                        class=\"property-title\">Akselafstand:&nbsp;<\/span><span\n                                        class=\"property-desc line-limit-length\">185 mm<\/span>\n                            <\/li>\n<li class=\"product-prop line-limit-length\"><span\n                                        class=\"property-title\">Advarsel:&nbsp;<\/span><span\n                                        class=\"property-desc line-limit-length\">Ingen<\/span>\n                            <\/li>\n<li class=\"product-prop line-limit-length\"><span\n                                        class=\"property-title\">Fjern afstand:&nbsp;<\/span><span\n                                        class=\"property-desc line-limit-length\">120 M<\/span>\n                            <\/li>\n<li class=\"product-prop line-limit-length\"><span\n                                        class=\"property-title\">Garanti:&nbsp;<\/span><span\n                                        class=\"property-desc line-limit-length\">Ingen<\/span>\n                            <\/li>\n<li class=\"product-prop line-limit-length\"><span\n                                        class=\"property-title\">Skala:&nbsp;<\/span><span\n                                        class=\"property-desc line-limit-length\">1:16<\/span>\n                            <\/li>\n<li class=\"product-prop line-limit-length\"><span\n                                        class=\"property-title\">Dimensioner:&nbsp;<\/span><span\n                                        class=\"property-desc line-limit-length\">30*23*11.5 CM<\/span>\n                            <\/li>\n<li class=\"product-prop line-limit-length\"><span\n                                        class=\"property-title\">Drejningsmoment:&nbsp;<\/span><span\n                                        class=\"property-desc line-limit-length\">Som vist<\/span>\n                            <\/li>\n<li class=\"product-prop line-limit-length\"><span\n                                        class=\"property-title\">Modelnummer:&nbsp;<\/span><span\n                                        class=\"property-desc line-limit-length\">S196<\/span>\n                            <\/li>\n<li class=\"product-prop line-limit-length\"><span\n                                        class=\"property-title\">Design:&nbsp;<\/span><span\n                                        class=\"property-desc line-limit-length\">Dirt Bike<\/span>\n                            <\/li>\n<li class=\"product-prop line-limit-length\"><span\n                                        class=\"property-title\">Pakken indeholder:&nbsp;<\/span><span\n                                        class=\"property-desc line-limit-length\">Original Box,Batteries,Operating Instructions,Remote Controller,USB CABLE<\/span>\n                            <\/li>\n<li class=\"product-prop line-limit-length\"><span\n                                        class=\"property-title\">Kontrolkanaler:&nbsp;<\/span><span\n                                        class=\"property-desc line-limit-length\">4 kanaler<\/span>\n                            <\/li>\n<li class=\"product-prop line-limit-length\"><span\n                                        class=\"property-title\">Controllertilstand:&nbsp;<\/span><span\n                                        class=\"property-desc line-limit-length\">MODE1<\/span>\n                            <\/li>\n<li class=\"product-prop line-limit-length\"><span\n                                        class=\"property-title\">Ladesp\u00e6nding:&nbsp;<\/span><span\n                                        class=\"property-desc line-limit-length\">7.4V 1500mAH<\/span>\n                            <\/li>\n<li class=\"product-prop line-limit-length\"><span\n                                        class=\"property-title\">Fjernbetjening:&nbsp;<\/span><span\n                                        class=\"property-desc line-limit-length\">Ja<\/span>\n                            <\/li>\n<li class=\"product-prop line-limit-length\"><span\n                                        class=\"property-title\">Materiale:&nbsp;<\/span><span\n                                        class=\"property-desc line-limit-length\">Metal, Plast<\/span>\n                            <\/li>\n<li class=\"product-prop line-limit-length\"><span\n                                        class=\"property-title\">Anbefalet alder:&nbsp;<\/span><span\n                                        class=\"property-desc line-limit-length\">14+ \u00e5r, 6-12 \u00e5r<\/span>\n                            <\/li>\n<li class=\"product-prop line-limit-length\"><span\n                                        class=\"property-title\">Oprindelse:&nbsp;<\/span><span\n                                        class=\"property-desc line-limit-length\">Kinas fastland<\/span>\n                            <\/li>\n<li class=\"product-prop line-limit-length\"><span\n                                        class=\"property-title\">Type:&nbsp;<\/span><span\n                                        class=\"property-desc line-limit-length\">Bil<\/span>\n                            <\/li>\n<li class=\"product-prop line-limit-length\"><span\n                                        class=\"property-title\">Funktioner:&nbsp;<\/span><span\n                                        class=\"property-desc line-limit-length\">FJERNBETJENING<\/span>\n                            <\/li>\n<\/ul><\/div>\n<div class=\"detailmodule_html\">\n<div class=\"detail-desc-decorate-richtext\">\n<p><span style=\"background-color:rgb(252, 220, 0);color:rgb(244, 78, 59);font-size:18px\">Note:<\/span><\/p>\n<p><span style=\"color:rgb(244, 78, 59);font-size:18px\">1. This remote control car is only suitable for high-speed driving. Because the generator will make a strange noise when driving at low speed, this is a normal phenomenon not a fault.<\/span><\/p>\n<p><span style=\"color:rgb(244, 78, 59);font-size:18px\">2. The shell of the remote control car is covered with a film protection, if the shell has scratches then you can tear off the film.<\/span><\/p>\n<p><span style=\"color:rgb(244, 78, 59);font-size:18px\">3. We use the original color box delivery, in the transportation process, the color box has a certain probability will be squeezed, this is a normal phenomenon. If you can not accept the color box is squeezed please let me recommend to you the link to buy the foam box packaging.<\/span><\/p>\n<p><span style=\"background-color:rgb(255, 255, 255);color:rgb(0, 0, 0);font-size:20px\"><strong>16101PRO RC CAR Q&amp;A<\/strong><\/span><\/p>\n<p style=\"font-family:&quot;Open Sans&quot;, Roboto, Arial, Helvetica, sans-serif, SimSun;font-size:14px;font-weight:400;letter-spacing:normal;line-height:inherit;text-align:start;white-space:normal;color:rgb(34, 34, 34);background-color:rgb(255, 255, 255);margin:0px;margin-bottom:0px;margin-top:0px;margin-left:0px;margin-right:0px;padding:0px;padding-bottom:0px;padding-top:0px;padding-left:0px;padding-right:0px;box-sizing:border-box\" align=\"start\"><span style=\"background-color:rgb(255, 255, 255);color:rgb(0, 0, 0);font-size:16px\">Q1: Hvorfor er d\u00e6kkene p\u00e5 den fjernstyrede bil blotlagte?<\/span><\/p>\n<p style=\"font-family:&quot;Open Sans&quot;, Roboto, Arial, Helvetica, sans-serif, SimSun;font-size:14px;font-weight:400;letter-spacing:normal;line-height:inherit;text-align:start;white-space:normal;color:rgb(34, 34, 34);background-color:rgb(255, 255, 255);margin:0px;margin-bottom:0px;margin-top:0px;margin-left:0px;margin-right:0px;padding:0px;padding-bottom:0px;padding-top:0px;padding-left:0px;padding-right:0px;box-sizing:border-box\" align=\"start\"><span style=\"background-color:rgb(255, 255, 255);color:rgb(0, 0, 0);font-size:16px\">A: [Specielt design] T\u00e5grebet er st\u00e6rkt og glider ikke let, hvilket er med til at forbedre karosseriets stabilitet og d\u00e6kkets greb i sving.<\/span><\/p>\n<p style=\"font-family:&quot;Open Sans&quot;, Roboto, Arial, Helvetica, sans-serif, SimSun;font-size:14px;font-weight:400;letter-spacing:normal;line-height:inherit;text-align:start;white-space:normal;color:rgb(34, 34, 34);background-color:rgb(255, 255, 255);margin:0px;margin-bottom:0px;margin-top:0px;margin-left:0px;margin-right:0px;padding:0px;padding-bottom:0px;padding-top:0px;padding-left:0px;padding-right:0px;box-sizing:border-box\" align=\"start\"><span style=\"background-color:rgb(255, 255, 255);color:rgb(0, 0, 0);font-size:16px\">Q2: Hvordan justerer man d\u00e6kkenes h\u00e6ldning p\u00e5 den fjernstyrede bil?<\/span><\/p>\n<p style=\"font-family:&quot;Open Sans&quot;, Roboto, Arial, Helvetica, sans-serif, SimSun;font-size:14px;font-weight:400;letter-spacing:normal;line-height:inherit;text-align:start;white-space:normal;color:rgb(34, 34, 34);background-color:rgb(255, 255, 255);margin:0px;margin-bottom:0px;margin-top:0px;margin-left:0px;margin-right:0px;padding:0px;padding-bottom:0px;padding-top:0px;padding-left:0px;padding-right:0px;box-sizing:border-box\" align=\"start\"><span style=\"background-color:rgb(255, 255, 255);color:rgb(0, 0, 0);font-size:16px\">A: Den kan justeres med finjusteringsknapperne og finjusteringsknapperne til gash\u00e5ndtaget p\u00e5 fjernbetjeningen.<\/span><\/p>\n<p style=\"font-family:&quot;Open Sans&quot;, Roboto, Arial, Helvetica, sans-serif, SimSun;font-size:14px;font-weight:400;letter-spacing:normal;line-height:inherit;text-align:start;white-space:normal;color:rgb(34, 34, 34);background-color:rgb(255, 255, 255);margin:0px;margin-bottom:0px;margin-top:0px;margin-left:0px;margin-right:0px;padding:0px;padding-bottom:0px;padding-top:0px;padding-left:0px;padding-right:0px;box-sizing:border-box\" align=\"start\"><span style=\"background-color:rgb(255, 255, 255);color:rgb(0, 0, 0);font-size:16px\">Q3: Hvad skal jeg g\u00f8re, hvis jeg ikke kan finde mit tilbeh\u00f8r?<\/span><\/p>\n<p style=\"font-family:&quot;Open Sans&quot;, Roboto, Arial, Helvetica, sans-serif, SimSun;font-size:14px;font-weight:400;letter-spacing:normal;line-height:inherit;text-align:start;white-space:normal;color:rgb(34, 34, 34);background-color:rgb(255, 255, 255);margin:0px;margin-bottom:0px;margin-top:0px;margin-left:0px;margin-right:0px;padding:0px;padding-bottom:0px;padding-top:0px;padding-left:0px;padding-right:0px;box-sizing:border-box\" align=\"start\"><span style=\"background-color:rgb(255, 255, 255);color:rgb(0, 0, 0);font-size:16px\">A: Tjek venligst pakken omhyggeligt f\u00f8rst. Hvis du ikke kan finde den, bedes du hj\u00e6lpe os med den fulde udpakningsvideo, s\u00e5 tjekker vi problemet med vores lager og tilbyder en passende l\u00f8sning.<\/span><\/p>\n<p style=\"font-family:&quot;Open Sans&quot;, Roboto, Arial, Helvetica, sans-serif, SimSun;font-size:14px;font-weight:400;letter-spacing:normal;line-height:inherit;text-align:start;white-space:normal;color:rgb(34, 34, 34);background-color:rgb(255, 255, 255);margin:0px;margin-bottom:0px;margin-top:0px;margin-left:0px;margin-right:0px;padding:0px;padding-bottom:0px;padding-top:0px;padding-left:0px;padding-right:0px;box-sizing:border-box\" align=\"start\"><span style=\"background-color:rgb(255, 255, 255);color:rgb(0, 0, 0);font-size:16px\">Q4: What should I do when my remote control cannot be connected to RC?<\/span><\/p>\n<p style=\"font-family:&quot;Open Sans&quot;, Roboto, Arial, Helvetica, sans-serif, SimSun;font-size:14px;font-weight:400;letter-spacing:normal;line-height:inherit;text-align:start;white-space:normal;color:rgb(34, 34, 34);background-color:rgb(255, 255, 255);margin:0px;margin-bottom:0px;margin-top:0px;margin-left:0px;margin-right:0px;padding:0px;padding-bottom:0px;padding-top:0px;padding-left:0px;padding-right:0px;box-sizing:border-box\" align=\"start\"><span style=\"background-color:rgb(255, 255, 255);color:rgb(0, 0, 0);font-size:16px\">A: S\u00f8rg for, at batteriet er fuldt opladet. Par derefter manuelt leget\u00f8jsbilen og fjernbetjeningen. Du kan ogs\u00e5 se brugermanualen for detaljer om at matche leget\u00f8jsbilen. Du kan teste bundkortets sp\u00e6nding, s\u00e5 du kan analysere, hvad problemet er.<\/span><\/p>\n<p style=\"font-family:&quot;Open Sans&quot;, Roboto, Arial, Helvetica, sans-serif, SimSun;font-size:14px;font-weight:400;letter-spacing:normal;line-height:inherit;text-align:start;white-space:normal;color:rgb(34, 34, 34);background-color:rgb(255, 255, 255);margin:0px;margin-bottom:0px;margin-top:0px;margin-left:0px;margin-right:0px;padding:0px;padding-bottom:0px;padding-top:0px;padding-left:0px;padding-right:0px;box-sizing:border-box\" align=\"start\"><span style=\"background-color:rgb(255, 255, 255);color:rgb(0, 0, 0);font-size:16px\">Q5: What should I do when the toy car can turn and cannot move forward or backward after my remote control is connected to RC?<\/span><\/p>\n<p style=\"font-family:&quot;Open Sans&quot;, Roboto, Arial, Helvetica, sans-serif, SimSun;font-size:14px;font-weight:400;letter-spacing:normal;line-height:inherit;text-align:start;white-space:normal;color:rgb(34, 34, 34);background-color:rgb(255, 255, 255);margin:0px;margin-bottom:0px;margin-top:0px;margin-left:0px;margin-right:0px;padding:0px;padding-bottom:0px;padding-top:0px;padding-left:0px;padding-right:0px;box-sizing:border-box\" align=\"start\"><span style=\"background-color:rgb(255, 255, 255);color:rgb(0, 0, 0);font-size:16px\">A: Unders\u00f8g f\u00f8rst, om batteriet er fuldt opladet, og test derefter bundkortets og motorsp\u00e6ndingen, s\u00e5 du kan analysere, hvad problemet er.<\/span><\/p>\n<div><span style=\"background-color:rgb(255, 255, 255);color:rgb(34, 34, 34);font-size:20px;font-family:&quot;Open Sans&quot;, Roboto, Arial, Helvetica, sans-serif, SimSun\"><strong>SCY 16101PRO 16102PRO 16103PRO 1:16 70KM\/H 4WD RC Car With LED Headlight Remote Control Cars High Speed Drift Monster Truck for Kids vs Wltoys 144001 Toys<\/strong><\/span><\/div>\n<p><strong>Bem\u00e6rk venligst f\u00f8lgende ved brug af batteriet:<\/strong><\/p>\n<p>1. N\u00e5r batteriet er d\u00f8dt, skal det oplades i tide for at sikre, at batteriet har overskydende str\u00f8m. Hvis batteriet er helt tomt, kan batteriet ikke oplades.<\/p>\n<p>2. N\u00e5r batteriet oplades, skal du afbryde forbindelsen til fjernbetjeningsbilen. S\u00f8rg for at tage batteriet ud for at oplade det separat.<\/p>\n<p>3. Hvis du ikke bruger fjernbetjeningsbilen, skal du frakoble batteriet fra fjernbetjeningsbilens ledning. Undlad absolut at tilslutte den, og oplad batteriet helt, da det ellers vil beskadige batteriet.<\/p>\n<p><strong>Funktioner:<\/strong><\/p>\n<ol>\n<li>\n<p>The use of simulation structure design, with the real car control feeling, to achieve full scale stepless speed, high-speed driving, rapid acceleration, deceleration, braking, reversing, left turn, right turn.<\/p>\n<\/li>\n<li>\n<p>Applicable sites: flat land, sand, mud, grass.<\/p>\n<\/li>\n<li>\n<p>4WD drive: front and rear upright spring damping, double-wishbone independent suspension system.<\/p>\n<\/li>\n<li>\n<p>2.4G full-proportional synchronized remote control system . Full proportional throttle\/steering.<\/p>\n<\/li>\n<li>\n<p>Metal differential, metal differential cup, powder planetary gear, powder active gear, powder main gear.<\/p>\n<\/li>\n<li>\n<p>Metal CVD front drive shaft, metal rear dogbone, metal wheel cups.<\/p>\n<\/li>\n<li>\n<p>Three-wire 17G digital servo.<\/p>\n<\/li>\n<li>\n<p>7.4V, 18650-1500mAh Li-ion battery (T plug), discharge multiplier 15C.<\/p>\n<\/li>\n<li>\n<p>New remote control panel function: rudder volume size adjustment.<\/p>\n<\/li>\n<li>\n<p>16 ball bearings for the whole vehicle.<\/p>\n<\/li>\n<li>\n<p>Metal second floor plate, metal front and rear arm code, metal mid-drive shaft.<\/p>\n<\/li>\n<li>\n<p>The car shell adopts high toughness explosion-proof PVC car shell.<\/p>\n<\/li>\n<li>\n<p>Equipped with LED headlights; (three modes: constant light, slow flash, fast flash)<\/p>\n<\/li>\n<li>\n<p>Equipped with a head-up wheel.<\/p>\n<\/li>\n<li>\n<p>Simulation of bigfoot tires, strong grip<\/p>\n<\/li>\n<\/ol>\n<p><strong>Beskrivelse:<\/strong><\/p>\n<p><span style=\"background-color:rgb(255, 255, 255);color:rgb(34, 34, 34);font-size:14px;font-family:&quot;Open Sans&quot;, Roboto, Arial, Helvetica, sans-serif, SimSun\">Ltem Name:16101PRO,16102PRO,16103PRO<\/span><\/p>\n<p>100% brand new, high quality.<\/p>\n<p>1:16 Truck size:30*23*11.5cm<\/p>\n<p>Playing time:15-18Min (Continuous full speed running)<\/p>\n<p>Charging time:3-3.5 Hours<\/p>\n<p>Control range:120M<\/p>\n<p>Car Battery included<\/p>\n<p>Remote Controller:3*AA Battery(do not included)<\/p>\n<p><span style=\"color:rgb(244, 78, 59)\"><strong>Note:<\/strong><\/span><\/p>\n<p><strong><span style=\"color:rgb(244, 78, 59)\">1: Charging protection: constant current and constant voltage balanced charging, protection function for battery overcharge and overcurrent.<\/span><\/strong><\/p>\n<p><strong><span style=\"color:rgb(244, 78, 59)\">2: Motor anti-seize protection: overload work, the motor stops working.<\/span><\/strong><\/p>\n<p><strong><span style=\"color:rgb(244, 78, 59)\">3: High temperature protection: when the working temperature is higher than the set situation, the drive control circuit to stop working, and then resume work after the temperature drops to a safe value.<\/span><\/strong><\/p>\n<p><strong><span style=\"color:rgb(244, 78, 59)\">4: ESC low voltage power-off function, the battery is lower than 6.3-6.4V or so, automatic power-off to prevent damage to the battery over discharge<\/span><\/strong><span style=\"color:rgb(244, 78, 59)\">.<\/span><img decoding=\"async\" src=\"https:\/\/ae01.alicdn.com\/kf\/Sdd01a7240c584b16b1a8a122c3c835ae2.jpg?width=1000&amp;height=5215&amp;hash=6215\" slate-data-type=\"image\"\/><\/p>\n<p><img decoding=\"async\" src=\"https:\/\/ae01.alicdn.com\/kf\/Sdedb2089b3ea41abb30373347f69d567d.jpg?width=1000&amp;height=6204&amp;hash=7204\" slate-data-type=\"image\"\/><img decoding=\"async\" src=\"https:\/\/ae01.alicdn.com\/kf\/Sf42b7fff22fb4dfea370c9431c033a0ex.jpg?width=1000&amp;height=5161&amp;hash=6161\" slate-data-type=\"image\"\/><\/p>\n<div>\n<\/div>\n<p><\/div>\n<\/div>\n<p><\/p>","protected":false},"excerpt":{"rendered":"<p>Certificate Number:&nbsp;As Show CE:&nbsp;Certificate Is Electric:&nbsp;lithium battery Barcode:&nbsp;No Throttle servo:&nbsp;2840 Brushless motor Steering servo:&nbsp;Three-wire 17G digital servo Power:&nbsp;70 km\/h State of Assembly:&nbsp;Ready-to-Go Flight Time:&nbsp;15-18 min Tire Track:&nbsp;188mm Wheelbase:&nbsp;185 mm Warning:&nbsp;None<\/p>","protected":false},"featured_media":25616,"comment_status":"open","ping_status":"closed","template":"","meta":{"_acf_changed":false},"product_brand":[],"product_cat":[519],"product_tag":[],"class_list":{"0":"post-25614","1":"product","2":"type-product","3":"status-publish","4":"has-post-thumbnail","6":"product_cat-rc-cars","8":"first","9":"instock","10":"shipping-taxable","11":"purchasable","12":"product-type-variable"},"acf":[],"_links":{"self":[{"href":"https:\/\/www.electricstore.eu\/da\/wp-json\/wp\/v2\/product\/25614","targetHints":{"allow":["GET"]}}],"collection":[{"href":"https:\/\/www.electricstore.eu\/da\/wp-json\/wp\/v2\/product"}],"about":[{"href":"https:\/\/www.electricstore.eu\/da\/wp-json\/wp\/v2\/types\/product"}],"replies":[{"embeddable":true,"href":"https:\/\/www.electricstore.eu\/da\/wp-json\/wp\/v2\/comments?post=25614"}],"wp:featuredmedia":[{"embeddable":true,"href":"https:\/\/www.electricstore.eu\/da\/wp-json\/wp\/v2\/media\/25616"}],"wp:attachment":[{"href":"https:\/\/www.electricstore.eu\/da\/wp-json\/wp\/v2\/media?parent=25614"}],"wp:term":[{"taxonomy":"product_brand","embeddable":true,"href":"https:\/\/www.electricstore.eu\/da\/wp-json\/wp\/v2\/product_brand?post=25614"},{"taxonomy":"product_cat","embeddable":true,"href":"https:\/\/www.electricstore.eu\/da\/wp-json\/wp\/v2\/product_cat?post=25614"},{"taxonomy":"product_tag","embeddable":true,"href":"https:\/\/www.electricstore.eu\/da\/wp-json\/wp\/v2\/product_tag?post=25614"}],"curies":[{"name":"wp","href":"https:\/\/api.w.org\/{rel}","templated":true}]}}