{"id":25566,"date":"2025-05-20T19:00:01","date_gmt":"2025-05-20T19:00:01","guid":{"rendered":"https:\/\/electricstore.eu\/p\/uncategorized\/vevor-100lbs-bike-cargo-trailer-foldable-bicycle-wagon-cart-with-waterproof-cover-safe-reflectors-fits-22-28-bike-wheel\/"},"modified":"2025-05-20T19:04:45","modified_gmt":"2025-05-20T19:04:45","slug":"vevor-100lbs-bike-cargo-trailer-foldable-bicycle-wagon-cart-with-waterproof-cover-safe-reflectors-fits-22-28-bike-wheel","status":"publish","type":"product","link":"https:\/\/www.electricstore.eu\/da\/p\/o\/bike-trailers-and-wagons\/vevor-100lbs-bike-cargo-trailer-foldable-bicycle-wagon-cart-with-waterproof-cover-safe-reflectors-fits-22-28-bike-wheel\/","title":{"rendered":"VEVOR 100lbs cykelanh\u00e6nger foldbar cykelvogn med vandt\u00e6t overtr\u00e6k og sikre reflekser passer til cykelhjul p\u00e5 22\u2033-28\u2033"},"content":{"rendered":"<div class=\"product-specs-list-container\">\n<ul class=\"product-specs-list util-clearfix\">\n<li class=\"product-prop line-limit-length\"><span\n                                        class=\"property-title\">Meget bekymret kemikalie:&nbsp;<\/span><span\n                                        class=\"property-desc line-limit-length\">Ingen<\/span>\n                            <\/li>\n<li class=\"product-prop line-limit-length\"><span\n                                        class=\"property-title\">S\u00e6deposition:&nbsp;<\/span><span\n                                        class=\"property-desc line-limit-length\">STOLPE<\/span>\n                            <\/li>\n<li class=\"product-prop line-limit-length\"><span\n                                        class=\"property-title\">Materiale:&nbsp;<\/span><span\n                                        class=\"property-desc line-limit-length\">Metal<\/span>\n                            <\/li>\n<li class=\"product-prop line-limit-length\"><span\n                                        class=\"property-title\">Aldersgruppe:&nbsp;<\/span><span\n                                        class=\"property-desc line-limit-length\">3-6 \u00e5r<\/span>\n                            <\/li>\n<li class=\"product-prop line-limit-length\"><span\n                                        class=\"property-title\">Oprindelse:&nbsp;<\/span><span\n                                        class=\"property-desc line-limit-length\">Kinas fastland<\/span>\n                            <\/li>\n<\/ul><\/div>\n<div class=\"detailmodule_html\">\n<div class=\"detail-desc-decorate-richtext\">\n<div style=\"font-family:&quot;Open sans&quot;, Arial, Helvetica, sans-serif\">\n<div><img decoding=\"async\" style=\"width:100%\" width=\"100%\" src=\"https:\/\/d2qc09rl1gfuof.cloudfront.net\/vevor\/boutique-banner\/pc\/banner-en.jpg\" slate-data-type=\"image\"\/><\/div>\n<div>\n<div style=\"font-size:16px;font-weight:bold;text-align:center;color:rgb(34, 34, 34);margin:24px 0px;margin-bottom:24px;margin-top:24px;margin-left:0px;margin-right:0px\" align=\"center\">B\u00e6r mere, k\u00f8r l\u00e6ngere med VEVOR cykelanh\u00e6nger<\/div>\n<div><img decoding=\"async\" style=\"width:100%\" width=\"100%\" src=\"https:\/\/d2qc09rl1gfuof.cloudfront.net\/product\/CGKHZHJG100BMFBKO\/cargo-trailer-a100-1.4.jpg\" slate-data-type=\"image\"\/><\/div>\n<div style=\"font-size:14px;text-align:center;color:rgb(34, 34, 34);margin:16px 0px 24px;margin-bottom:24px;margin-top:16px;margin-left:0px;margin-right:0px\" align=\"center\">Denne cykeltrailer er din ultimative transport\u00f8r af udstyr, der kan b\u00e6re op til 45 kg. Fra campingudstyr til dine daglige forn\u00f8denheder, har den den plads, du har brug for. Derudover passer den til cykler med 22&quot; til 28&quot; hjul, hvilket g\u00f8r den alsidig til enhver tur.<\/div>\n<\/div>\n<div>\n<div style=\"margin:8px 0px;margin-bottom:8px;margin-top:8px;margin-left:0px;margin-right:0px\"><img decoding=\"async\" style=\"width:100%\" width=\"100%\" src=\"https:\/\/d2qc09rl1gfuof.cloudfront.net\/product\/CGKHZHJG100BMFBKO\/cargo-trailer-a100-2.2.jpg\" slate-data-type=\"image\"\/><\/div>\n<div style=\"font-size:14px;text-align:center;color:rgb(34, 34, 34);margin:16px 0px 24px;margin-bottom:24px;margin-top:16px;margin-left:0px;margin-right:0px\" align=\"center\">Denne cykeltrailer er fremstillet af industrielt kulstofst\u00e5l og er b\u00e5de let og robust. Ingen rustbekymringer takket v\u00e6re den pulverlakerede overflade. Og med det ekstra 420D Oxford-stofbetr\u00e6k forbliver dine ting t\u00f8rre uanset hvad. Klar til ethvert eventyr, regn eller solskin!<\/div>\n<\/div>\n<div>\n<div style=\"margin:8px 0px;margin-bottom:8px;margin-top:8px;margin-left:0px;margin-right:0px\"><img decoding=\"async\" style=\"width:100%\" width=\"100%\" src=\"https:\/\/d2qc09rl1gfuof.cloudfront.net\/product\/CGKHZHJG100BMFBKO\/cargo-trailer-a100-2.3.jpg\" slate-data-type=\"image\"\/><\/div>\n<div style=\"font-size:14px;text-align:center;color:rgb(34, 34, 34);margin:16px 0px 24px;margin-bottom:24px;margin-top:16px;margin-left:0px;margin-right:0px\" align=\"center\">Med sporty d\u00e6k og jernnav holder denne cykeltrailer dig stabil i ethvert terr\u00e6n. Uanset om du k\u00f8rer p\u00e5 asfalt eller ud p\u00e5 stierne, holder du dig p\u00e5 sporet.<\/div>\n<\/div>\n<div>\n<div style=\"margin:8px 0px;margin-bottom:8px;margin-top:8px;margin-left:0px;margin-right:0px\"><img decoding=\"async\" style=\"width:100%\" width=\"100%\" src=\"https:\/\/d2qc09rl1gfuof.cloudfront.net\/product\/CGKHZHJG100BMFBKO\/cargo-trailer-a100-2.4.jpg\" slate-data-type=\"image\"\/><\/div>\n<div style=\"font-size:14px;text-align:center;color:rgb(34, 34, 34);margin:16px 0px 24px;margin-bottom:24px;margin-top:16px;margin-left:0px;margin-right:0px\" align=\"center\">Det er nemt at s\u00e6tte denne cykelvogn op takket v\u00e6re dens foldbare stel og hurtigudl\u00f8sersystem. Den er kompakt og praktisk og perfekt til eventyrere p\u00e5 farten. Derudover tilf\u00f8jer de reflekterende klisterm\u00e6rker et strejf af stil, samtidig med at de holder dig sikker.<\/div>\n<\/div>\n<div>\n<div style=\"margin:8px 0px;margin-bottom:8px;margin-top:8px;margin-left:0px;margin-right:0px\"><img decoding=\"async\" style=\"width:100%\" width=\"100%\" src=\"https:\/\/d2qc09rl1gfuof.cloudfront.net\/product\/CGKHZHJG100BMFBKO\/cargo-trailer-a100-2.5.jpg\" slate-data-type=\"image\"\/><\/div>\n<div style=\"font-size:14px;text-align:center;color:rgb(34, 34, 34);margin:16px 0px 24px;margin-bottom:24px;margin-top:16px;margin-left:0px;margin-right:0px\" align=\"center\">Uanset hvilken slags cykel du k\u00f8rer p\u00e5 \u2013 cruiser, mountainbike eller racercykel \u2013 s\u00e5 har denne cykelvogn det, du skal bruge. Den er perfekt til alt fra indk\u00f8b til weekendture \u2013 den er din transportmakker.<\/div>\n<\/div>\n<div style=\"margin:16px 0px 24px;margin-bottom:24px;margin-top:16px;margin-left:0px;margin-right:0px\"><\/div>\n<div style=\"margin:24px 0px;margin-bottom:24px;margin-top:24px;margin-left:0px;margin-right:0px\">\n<div style=\"font-size:16px;font-weight:bold;color:rgb(34, 34, 34);margin:24px 0px 16px;margin-bottom:16px;margin-top:24px;margin-left:0px;margin-right:0px\">Funktioner og detaljer<\/div>\n<ul style=\"margin:16px 0px 24px;margin-bottom:24px;margin-top:16px;margin-left:0px;margin-right:0px\">\n<li style=\"font-size:14px;color:rgb(34, 34, 34)\">\n<p>H\u00f8j lasteevne p\u00e5 45 kg: Vores cykeltrailer er din ultimative rejseledsager, da den er robust bygget og rummelig og kan h\u00e5ndtere op til 45 kg last. Den er perfekt til alle dine udend\u00f8rs eventyr, fra campingture til picnics, og den er den ideelle l\u00f8sning til at transportere dine vigtigste ting, uanset hvor du g\u00e5r hen.<\/p>\n<\/li>\n<li style=\"font-size:14px;color:rgb(34, 34, 34)\">\n<p>Industrimateriale: Denne cykeltrailer har en robust st\u00e5lramme med en rustbestandig bel\u00e6gning, der sikrer holdbarhed og et elegant udseende. Derudover forbliver dit udstyr beskyttet mod elementerne, uanset regn eller solskin, takket v\u00e6re dets regnslag i 420D Oxford-stof.<\/p>\n<\/li>\n<li style=\"font-size:14px;color:rgb(34, 34, 34)\">\n<p>Professionelt d\u00e6kdesign: Rul j\u00e6vnt p\u00e5 enhver vej! Vores cykeltrailer er udstyret med sporty 16&quot; x 1,75&quot; d\u00e6k og jernnav, der giver fremragende stabilitet og tr\u00e6kkraft p\u00e5 forskellige overflader, uanset om du k\u00f8rer p\u00e5 beton, navigerer p\u00e5 grusstier eller tackler sandede stier.<\/p>\n<\/li>\n<li style=\"font-size:14px;color:rgb(34, 34, 34)\">\n<p>Opgraderet installation: Nem ops\u00e6tning, forbedret sikkerhed! Installationen af vores cykelvogn er en leg takket v\u00e6re dens brugervenlige design og komplette installationsv\u00e6rkt\u00f8jss\u00e6t. Skil dig desuden ud p\u00e5 vejen med det orange sikkerhedsflag og guldfarvede egerreflekser, der sikrer synlighed under ture om natten.<\/p>\n<\/li>\n<li style=\"font-size:14px;color:rgb(34, 34, 34)\">\n<p>Passer til flere cykelmodeller: Vores cykelvogn er kompatibel med cykler fra 22 til 28 tommer og kan problemfrit fastg\u00f8res til en r\u00e6kke forskellige cykelmodeller, herunder fritidscykler, b\u00f8rnecykler, mountainbikes og landevejscykler. Perfekt til shopping, camping og picnic. BEM\u00c6RK: Den er ikke egnet til k\u00e6ledyr eller b\u00f8rn.<\/p>\n<\/li>\n<\/ul>\n<\/div>\n<div>\n<div>\n<div style=\"margin:16px 0px 24px;margin-bottom:24px;margin-top:16px;margin-left:0px;margin-right:0px\"><img decoding=\"async\" style=\"width:100%\" width=\"100%\" src=\"https:\/\/d2qc09rl1gfuof.cloudfront.net\/product\/CGKHZHJG100BMFBKO\/cargo-trailer-a100-1.11.jpg\" slate-data-type=\"image\"\/><\/div>\n<\/div>\n<\/div>\n<\/div>\n<div><\/div>\n<\/div>\n<\/div>\n<p><\/p>","protected":false},"excerpt":{"rendered":"<p>Hign-concerned Chemical:&nbsp;None Seat position:&nbsp;POST Material:&nbsp;Metal Age Range:&nbsp;3-6Y Origin:&nbsp;Mainland China Carry More, Ride Farther with VEVOR Bike Cargo Trailer This bike cargo trailer is your ultimate gear hauler, supporting up to<\/p>","protected":false},"featured_media":25567,"comment_status":"open","ping_status":"closed","template":"","meta":{"_acf_changed":false},"product_brand":[],"product_cat":[523],"product_tag":[],"class_list":{"0":"post-25566","1":"product","2":"type-product","3":"status-publish","4":"has-post-thumbnail","6":"product_cat-bike-trailers-and-wagons","8":"first","9":"instock","10":"shipping-taxable","11":"purchasable","12":"product-type-variable"},"acf":[],"_links":{"self":[{"href":"https:\/\/www.electricstore.eu\/da\/wp-json\/wp\/v2\/product\/25566","targetHints":{"allow":["GET"]}}],"collection":[{"href":"https:\/\/www.electricstore.eu\/da\/wp-json\/wp\/v2\/product"}],"about":[{"href":"https:\/\/www.electricstore.eu\/da\/wp-json\/wp\/v2\/types\/product"}],"replies":[{"embeddable":true,"href":"https:\/\/www.electricstore.eu\/da\/wp-json\/wp\/v2\/comments?post=25566"}],"wp:featuredmedia":[{"embeddable":true,"href":"https:\/\/www.electricstore.eu\/da\/wp-json\/wp\/v2\/media\/25567"}],"wp:attachment":[{"href":"https:\/\/www.electricstore.eu\/da\/wp-json\/wp\/v2\/media?parent=25566"}],"wp:term":[{"taxonomy":"product_brand","embeddable":true,"href":"https:\/\/www.electricstore.eu\/da\/wp-json\/wp\/v2\/product_brand?post=25566"},{"taxonomy":"product_cat","embeddable":true,"href":"https:\/\/www.electricstore.eu\/da\/wp-json\/wp\/v2\/product_cat?post=25566"},{"taxonomy":"product_tag","embeddable":true,"href":"https:\/\/www.electricstore.eu\/da\/wp-json\/wp\/v2\/product_tag?post=25566"}],"curies":[{"name":"wp","href":"https:\/\/api.w.org\/{rel}","templated":true}]}}