{"id":25461,"date":"2025-05-20T18:59:30","date_gmt":"2025-05-20T18:59:30","guid":{"rendered":"https:\/\/electricstore.eu\/p\/uncategorized\/vevor-rc-plane-2-4g-4ch-remote-control-airplane-with-6-axis-gyro-stabilizer-aircraft-toy-rc-glider-for-kids-beginners-boys-gifts\/"},"modified":"2025-05-20T19:02:57","modified_gmt":"2025-05-20T19:02:57","slug":"vevor-rc-plane-2-4g-4ch-remote-control-airplane-with-6-axis-gyro-stabilizer-aircraft-toy-rc-glider-for-kids-beginners-boys-gifts","status":"publish","type":"product","link":"https:\/\/www.electricstore.eu\/da\/p\/rc\/rc-cars\/vevor-rc-plane-2-4g-4ch-remote-control-airplane-with-6-axis-gyro-stabilizer-aircraft-toy-rc-glider-for-kids-beginners-boys-gifts\/","title":{"rendered":"VEVOR RC-fly 2.4G 4CH fjernbetjent flyvemaskine med 6-akset gyro stabilisator fly leget\u00f8j RC sv\u00e6vefly til b\u00f8rn begyndere drenge gaver"},"content":{"rendered":"<div class=\"product-specs-list-container\">\n<ul class=\"product-specs-list util-clearfix\">\n<li class=\"product-prop line-limit-length\"><span\n                                        class=\"property-title\">Meget bekymret kemikalie:&nbsp;<\/span><span\n                                        class=\"property-desc line-limit-length\">Ingen<\/span>\n                            <\/li>\n<li class=\"product-prop line-limit-length\"><span\n                                        class=\"property-title\">Er elektrisk:&nbsp;<\/span><span\n                                        class=\"property-desc line-limit-length\">Intet batteri<\/span>\n                            <\/li>\n<li class=\"product-prop line-limit-length\"><span\n                                        class=\"property-title\">Modvindsevne:&nbsp;<\/span><span\n                                        class=\"property-desc line-limit-length\">Ja<\/span>\n                            <\/li>\n<li class=\"product-prop line-limit-length\"><span\n                                        class=\"property-title\">Dronev\u00e6gt:&nbsp;<\/span><span\n                                        class=\"property-desc line-limit-length\">\/<\/span>\n                            <\/li>\n<li class=\"product-prop line-limit-length\"><span\n                                        class=\"property-title\">Startv\u00e6gt:&nbsp;<\/span><span\n                                        class=\"property-desc line-limit-length\">\/<\/span>\n                            <\/li>\n<li class=\"product-prop line-limit-length\"><span\n                                        class=\"property-title\">Transittid (dage):&nbsp;<\/span><span\n                                        class=\"property-desc line-limit-length\">\/<\/span>\n                            <\/li>\n<li class=\"product-prop line-limit-length\"><span\n                                        class=\"property-title\">Videooptagelsesopl\u00f8sning:&nbsp;<\/span><span\n                                        class=\"property-desc line-limit-length\">andre<\/span>\n                            <\/li>\n<li class=\"product-prop line-limit-length\"><span\n                                        class=\"property-title\">Operat\u00f8rf\u00e6rdighedsniveau:&nbsp;<\/span><span\n                                        class=\"property-desc line-limit-length\">Nybegynder<\/span>\n                            <\/li>\n<li class=\"product-prop line-limit-length\"><span\n                                        class=\"property-title\">Indend\u00f8rs\/udend\u00f8rs brug:&nbsp;<\/span><span\n                                        class=\"property-desc line-limit-length\">Udend\u00f8rs<\/span>\n                            <\/li>\n<li class=\"product-prop line-limit-length\"><span\n                                        class=\"property-title\">Kameramonteringstype:&nbsp;<\/span><span\n                                        class=\"property-desc line-limit-length\">andre<\/span>\n                            <\/li>\n<li class=\"product-prop line-limit-length\"><span\n                                        class=\"property-title\">Stregkode:&nbsp;<\/span><span\n                                        class=\"property-desc line-limit-length\">Ingen<\/span>\n                            <\/li>\n<li class=\"product-prop line-limit-length\"><span\n                                        class=\"property-title\">Modelnummer:&nbsp;<\/span><span\n                                        class=\"property-desc line-limit-length\">A210<\/span>\n                            <\/li>\n<li class=\"product-prop line-limit-length\"><span\n                                        class=\"property-title\">Controllertilstand:&nbsp;<\/span><span\n                                        class=\"property-desc line-limit-length\">MODE1<\/span>\n                            <\/li>\n<li class=\"product-prop line-limit-length\"><span\n                                        class=\"property-title\">Flyvetid:&nbsp;<\/span><span\n                                        class=\"property-desc line-limit-length\">5~10<\/span>\n                            <\/li>\n<li class=\"product-prop line-limit-length\"><span\n                                        class=\"property-title\">Kontrolkanaler:&nbsp;<\/span><span\n                                        class=\"property-desc line-limit-length\">4 kanaler<\/span>\n                            <\/li>\n<li class=\"product-prop line-limit-length\"><span\n                                        class=\"property-title\">Batteri til controller:&nbsp;<\/span><span\n                                        class=\"property-desc line-limit-length\">4*AA (medf\u00f8lger ikke)<\/span>\n                            <\/li>\n<li class=\"product-prop line-limit-length\"><span\n                                        class=\"property-title\">Fjern afstand:&nbsp;<\/span><span\n                                        class=\"property-desc line-limit-length\">200m<\/span>\n                            <\/li>\n<li class=\"product-prop line-limit-length\"><span\n                                        class=\"property-title\">Opladningstid:&nbsp;<\/span><span\n                                        class=\"property-desc line-limit-length\">60-70 minutter<\/span>\n                            <\/li>\n<li class=\"product-prop line-limit-length\"><span\n                                        class=\"property-title\">Ladesp\u00e6nding:&nbsp;<\/span><span\n                                        class=\"property-desc line-limit-length\">5V<\/span>\n                            <\/li>\n<li class=\"product-prop line-limit-length\"><span\n                                        class=\"property-title\">Str\u00f8mkilde:&nbsp;<\/span><span\n                                        class=\"property-desc line-limit-length\">Elektrisk<\/span>\n                            <\/li>\n<li class=\"product-prop line-limit-length\"><span\n                                        class=\"property-title\">Fjernbetjening:&nbsp;<\/span><span\n                                        class=\"property-desc line-limit-length\">Ja<\/span>\n                            <\/li>\n<li class=\"product-prop line-limit-length\"><span\n                                        class=\"property-title\">Pakken indeholder:&nbsp;<\/span><span\n                                        class=\"property-desc line-limit-length\">Fjernbetjening<\/span>\n                            <\/li>\n<li class=\"product-prop line-limit-length\"><span\n                                        class=\"property-title\">Materiale:&nbsp;<\/span><span\n                                        class=\"property-desc line-limit-length\">Skum<\/span>\n                            <\/li>\n<li class=\"product-prop line-limit-length\"><span\n                                        class=\"property-title\">Funktioner:&nbsp;<\/span><span\n                                        class=\"property-desc line-limit-length\">andre<\/span>\n                            <\/li>\n<li class=\"product-prop line-limit-length\"><span\n                                        class=\"property-title\">Anbefalet alder:&nbsp;<\/span><span\n                                        class=\"property-desc line-limit-length\">14+ \u00e5r<\/span>\n                            <\/li>\n<li class=\"product-prop line-limit-length\"><span\n                                        class=\"property-title\">Oprindelse:&nbsp;<\/span><span\n                                        class=\"property-desc line-limit-length\">Kinas fastland<\/span>\n                            <\/li>\n<li class=\"product-prop line-limit-length\"><span\n                                        class=\"property-title\">Luftfotografering:&nbsp;<\/span><span\n                                        class=\"property-desc line-limit-length\">Ingen<\/span>\n                            <\/li>\n<li class=\"product-prop line-limit-length\"><span\n                                        class=\"property-title\">Type:&nbsp;<\/span><span\n                                        class=\"property-desc line-limit-length\">Fly<\/span>\n                            <\/li>\n<\/ul><\/div>\n<div class=\"detailmodule_html\">\n<div class=\"detail-desc-decorate-richtext\">\n<div style=\"font-family:&quot;Open sans&quot;, Arial, Helvetica, sans-serif\">\n<div><img decoding=\"async\" style=\"width:100%\" width=\"100%\" src=\"https:\/\/d2qc09rl1gfuof.cloudfront.net\/vevor\/boutique-banner\/pc\/banner-en.jpg\" slate-data-type=\"image\"\/><\/div>\n<div>\n<div style=\"font-size:16px;font-weight:bold;text-align:center;color:rgb(34, 34, 34);margin:24px 0px;margin-bottom:24px;margin-top:24px;margin-left:0px;margin-right:0px\" align=\"center\">VEVOR RC-fly \u2013 Mestre himlen med sjov<\/div>\n<div><img decoding=\"async\" style=\"width:100%\" width=\"100%\" src=\"https:\/\/d2qc09rl1gfuof.cloudfront.net\/product\/YKFJFJSTD40CYM1PO\/rc-airplane-a100-1.4-pt.jpg\" slate-data-type=\"image\"\/><\/div>\n<div style=\"font-size:14px;text-align:center;color:rgb(34, 34, 34);margin:16px 0px 24px;margin-bottom:24px;margin-top:16px;margin-left:0px;margin-right:0px\" align=\"center\">Introduktion til et fjernstyret fly designet til interaktiv sjov mellem voksne og b\u00f8rn. Det er super nemt at flyve \u2013 b\u00f8rn vil kunne styre det selvsikkert efter blot et par timers \u00f8velse. Det realistiske design tilf\u00f8jer et ekstra element af sjov til flyveeventyr.<\/div>\n<\/div>\n<div>\n<div style=\"margin:8px 0px;margin-bottom:8px;margin-top:8px;margin-left:0px;margin-right:0px\"><img decoding=\"async\" style=\"width:100%\" width=\"100%\" src=\"https:\/\/d2qc09rl1gfuof.cloudfront.net\/product\/YKFJFJSTD40CYM1PO\/rc-airplane-a100-2.2-pt.jpg\" slate-data-type=\"image\"\/><\/div>\n<div style=\"font-size:14px;text-align:center;color:rgb(34, 34, 34);margin:16px 0px 24px;margin-bottom:24px;margin-top:16px;margin-left:0px;margin-right:0px\" align=\"center\">Dette fjernstyrede fly tilbyder adskillige stuntmuligheder med sin 4-kanals ops\u00e6tning og 3D\/6G-tilstande. Nyd at udf\u00f8re ruller, inverterede flyvninger og meget mere med enkle one-touch-kontroller, der g\u00f8r det nemt for dig og dine b\u00f8rn at mestre.<\/div>\n<\/div>\n<div>\n<div style=\"margin:8px 0px;margin-bottom:8px;margin-top:8px;margin-left:0px;margin-right:0px\"><img decoding=\"async\" style=\"width:100%\" width=\"100%\" src=\"https:\/\/d2qc09rl1gfuof.cloudfront.net\/product\/YKFJFJSTD40CYM1PO\/rc-airplane-a100-2.3-pt.jpg\" slate-data-type=\"image\"\/><\/div>\n<div style=\"font-size:14px;text-align:center;color:rgb(34, 34, 34);margin:16px 0px 24px;margin-bottom:24px;margin-top:16px;margin-left:0px;margin-right:0px\" align=\"center\">Udstyret med en 6-akset gyrostabilisator sikrer dette fjernstyrede fly stabil flyvning under stunts. Det advarer dig om lavt batteri og forhold uden for r\u00e6kkevidde, hvilket sikrer sikre og kontrollerede flyvninger hver gang.<\/div>\n<\/div>\n<div>\n<div style=\"margin:8px 0px;margin-bottom:8px;margin-top:8px;margin-left:0px;margin-right:0px\"><img decoding=\"async\" style=\"width:100%\" width=\"100%\" src=\"https:\/\/d2qc09rl1gfuof.cloudfront.net\/product\/YKFJFJSTD40CYM1PO\/rc-airplane-a100-2.4-pt.jpg\" slate-data-type=\"image\"\/><\/div>\n<div style=\"font-size:14px;text-align:center;color:rgb(34, 34, 34);margin:16px 0px 24px;margin-bottom:24px;margin-top:16px;margin-left:0px;margin-right:0px\" align=\"center\">Mestrer nemt starter. Tag blot fjernbetjeningen med \u00e9n h\u00e5nd, giv gas, og affyr fjernbetjeningsflyet lige frem. Eller placer det p\u00e5 en glat overflade, giv gas for at f\u00e5 en 10 meter lang glidebane, og se det sv\u00e6ve.<\/div>\n<\/div>\n<div>\n<div style=\"margin:8px 0px;margin-bottom:8px;margin-top:8px;margin-left:0px;margin-right:0px\"><img decoding=\"async\" style=\"width:100%\" width=\"100%\" src=\"https:\/\/d2qc09rl1gfuof.cloudfront.net\/product\/YKFJFJSTD40CYM1PO\/rc-airplane-a100-2.5-pt.jpg\" slate-data-type=\"image\"\/><\/div>\n<div style=\"font-size:14px;text-align:center;color:rgb(34, 34, 34);margin:16px 0px 24px;margin-bottom:24px;margin-top:16px;margin-left:0px;margin-right:0px\" align=\"center\">Dette fjernstyrede fly til begyndere inkluderer ekstra batterier og propeller for uforstyrret sjov. Har du mistet en del? Bare rolig \u2013 udskift den med det samme uden at t\u00f8ve.<\/div>\n<\/div>\n<div style=\"margin:16px 0px 24px;margin-bottom:24px;margin-top:16px;margin-left:0px;margin-right:0px\"><\/div>\n<div style=\"margin:24px 0px;margin-bottom:24px;margin-top:24px;margin-left:0px;margin-right:0px\">\n<div style=\"font-size:16px;font-weight:bold;color:rgb(34, 34, 34);margin:24px 0px 16px;margin-bottom:16px;margin-top:24px;margin-left:0px;margin-right:0px\">Funktioner og detaljer<\/div>\n<ul style=\"margin:16px 0px 24px;margin-bottom:24px;margin-top:16px;margin-left:0px;margin-right:0px\">\n<li style=\"font-size:14px;color:rgb(34, 34, 34)\">\n<p>Alsidig 4-kanals betjening: Dette fjernstyrede fly fungerer som et rigtigt fly med komplet 4-kanals kontrol: propel, ror, h\u00f8jderor og kr\u00e6ngror. Styr alle fire ubesv\u00e6ret med den tr\u00e5dl\u00f8se fjernbetjening. Perfekt til jordman\u00f8vrer ved hj\u00e6lp af gas- og rorstyring f\u00f8r start. Nyd nemme stunts som rulninger, flips, loops og inverterede flyvninger med dens 3D\/6G-tilstande, hvilket sikrer en sjov flyveoplevelse for b\u00e5de begyndere og eksperter.<\/p>\n<\/li>\n<li style=\"font-size:14px;color:rgb(34, 34, 34)\">\n<p>Let og holdbar: Vores fjernstyrede fly er fremstillet af EPP-materiale af h\u00f8j kvalitet og er let, men robust nok til at klare st\u00f8d og styrt. Dens robuste konstruktion \u00f8ger holdbarheden og sikrer, at det kan modst\u00e5 udend\u00f8rs forhold uden konstante reparationer.<\/p>\n<\/li>\n<li style=\"font-size:14px;color:rgb(34, 34, 34)\">\n<p>Stabil flyveoplevelse: Oplev stabilitet med vores fjernstyrede flys avancerede 6-aksede gyrostabilisator og kraftfulde 1020-motor med overlegen effektreduktionsgear. Styr flere fly samtidigt uden signalforstyrrelser takket v\u00e6re det p\u00e5lidelige 2,4 GHz tr\u00e5dl\u00f8se styresystem. Ideel til at vise luftstunts under venskabelige konkurrencer med venner og familie.<\/p>\n<\/li>\n<li style=\"font-size:14px;color:rgb(34, 34, 34)\">\n<p>Udvidet flyveafstand: Med en maksimal kontrolafstand p\u00e5 200 m advarer dette fjernstyrede fly dig, hvis du overskrider denne r\u00e6kkevidde, og giver dig besked om lavt batteri, s\u00e5 du kan vende tilbage sikkert. To 500 mAh batterier giver op til 20 minutters flyvetid, hvilket sikrer uafbrudt nydelse uden hyppig genopladning eller forsinkelser.<\/p>\n<\/li>\n<li style=\"font-size:14px;color:rgb(34, 34, 34)\">\n<p>Nem flyvesjov: Vores fjernstyrede fly er designet til interaktiv sjov mellem b\u00f8rn og voksne og er super nemt at flyve. Inkluderer en indbygget 6-akset gyrostabilisator til stabile flyvninger. B\u00f8rn vil flyve selvsikkert efter blot et par \u00f8velser. Den er perfekt til voksne, b\u00f8rn, begyndere og alle, der elsker flyvesjov. Reservedele som batterier og propeller holder det sjove i gang uden afbrydelser.<\/p>\n<\/li>\n<\/ul>\n<\/div>\n<div>\n<div>\n<div style=\"margin:16px 0px 24px;margin-bottom:24px;margin-top:16px;margin-left:0px;margin-right:0px\"><img decoding=\"async\" style=\"width:100%\" width=\"100%\" src=\"https:\/\/d2qc09rl1gfuof.cloudfront.net\/product\/YKFJFJSTD40CYM1PO\/rc-airplane-a100-1.11-pt.jpg\" slate-data-type=\"image\"\/><\/div>\n<\/div>\n<\/div>\n<\/div>\n<div><\/div>\n<\/div>\n<\/div>\n<p><\/p>","protected":false},"excerpt":{"rendered":"<p>Hign-concerned Chemical:&nbsp;None Is Electric:&nbsp;No battery Anti-wind Ability:&nbsp;Yes Drone Weight:&nbsp;\/ Takeoff Weight:&nbsp;\/ Transit Time (Days):&nbsp;\/ Video Capture Resolution:&nbsp;other Operator Skill Level:&nbsp;Beginner Indoor\/Outdoor Use:&nbsp;Outdoor Camera Mount Type:&nbsp;other Barcode:&nbsp;No Model Number:&nbsp;A210 Controller Mode:&nbsp;MODE1<\/p>","protected":false},"featured_media":25462,"comment_status":"open","ping_status":"closed","template":"","meta":{"_acf_changed":false},"product_brand":[],"product_cat":[519],"product_tag":[],"class_list":{"0":"post-25461","1":"product","2":"type-product","3":"status-publish","4":"has-post-thumbnail","6":"product_cat-rc-cars","8":"first","9":"instock","10":"shipping-taxable","11":"purchasable","12":"product-type-variable"},"acf":[],"_links":{"self":[{"href":"https:\/\/www.electricstore.eu\/da\/wp-json\/wp\/v2\/product\/25461","targetHints":{"allow":["GET"]}}],"collection":[{"href":"https:\/\/www.electricstore.eu\/da\/wp-json\/wp\/v2\/product"}],"about":[{"href":"https:\/\/www.electricstore.eu\/da\/wp-json\/wp\/v2\/types\/product"}],"replies":[{"embeddable":true,"href":"https:\/\/www.electricstore.eu\/da\/wp-json\/wp\/v2\/comments?post=25461"}],"wp:featuredmedia":[{"embeddable":true,"href":"https:\/\/www.electricstore.eu\/da\/wp-json\/wp\/v2\/media\/25462"}],"wp:attachment":[{"href":"https:\/\/www.electricstore.eu\/da\/wp-json\/wp\/v2\/media?parent=25461"}],"wp:term":[{"taxonomy":"product_brand","embeddable":true,"href":"https:\/\/www.electricstore.eu\/da\/wp-json\/wp\/v2\/product_brand?post=25461"},{"taxonomy":"product_cat","embeddable":true,"href":"https:\/\/www.electricstore.eu\/da\/wp-json\/wp\/v2\/product_cat?post=25461"},{"taxonomy":"product_tag","embeddable":true,"href":"https:\/\/www.electricstore.eu\/da\/wp-json\/wp\/v2\/product_tag?post=25461"}],"curies":[{"name":"wp","href":"https:\/\/api.w.org\/{rel}","templated":true}]}}