{"id":25319,"date":"2025-05-20T18:58:37","date_gmt":"2025-05-20T18:58:37","guid":{"rendered":"https:\/\/electricstore.eu\/p\/uncategorized\/vevor-1700lbs-2200lbs-wired-electric-hoist-crane-with-trolley-portable-lifter-overhead-winch-effort-elevator-for-garage-lifting\/"},"modified":"2025-05-20T18:59:43","modified_gmt":"2025-05-20T18:59:43","slug":"vevor-1700lbs-2200lbs-wired-electric-hoist-crane-with-trolley-portable-lifter-overhead-winch-effort-elevator-for-garage-lifting","status":"publish","type":"product","link":"https:\/\/www.electricstore.eu\/da\/p\/o\/electric-lifting-hoists\/vevor-1700lbs-2200lbs-wired-electric-hoist-crane-with-trolley-portable-lifter-overhead-winch-effort-elevator-for-garage-lifting\/","title":{"rendered":"VEVOR 1700LBS\/2200LBS kablet elektrisk hejsekran med trolley, b\u00e6rbar l\u00f8fteanordning, overheadspil, indsatselevator til garagel\u00f8ft"},"content":{"rendered":"<div class=\"product-specs-list-container\">\n<ul class=\"product-specs-list util-clearfix\">\n<li class=\"product-prop line-limit-length\"><span\n                                        class=\"property-title\">Meget bekymret kemikalie:&nbsp;<\/span><span\n                                        class=\"property-desc line-limit-length\">Ingen<\/span>\n                            <\/li>\n<li class=\"product-prop line-limit-length\"><span\n                                        class=\"property-title\">Oprindelse:&nbsp;<\/span><span\n                                        class=\"property-desc line-limit-length\">Kinas fastland<\/span>\n                            <\/li>\n<li class=\"product-prop line-limit-length\"><span\n                                        class=\"property-title\">M\u00e6rkenavn:&nbsp;<\/span><span\n                                        class=\"property-desc line-limit-length\">VEVOR<\/span>\n                            <\/li>\n<li class=\"product-prop line-limit-length\"><span\n                                        class=\"property-title\">Kapacitet af enkelt\/dobbelt kabel:&nbsp;<\/span><span\n                                        class=\"property-desc line-limit-length\">1700 pund\/220 pund<\/span>\n                            <\/li>\n<li class=\"product-prop line-limit-length\"><span\n                                        class=\"property-title\">1700 pund effekt:&nbsp;<\/span><span\n                                        class=\"property-desc line-limit-length\">1300W<\/span>\n                            <\/li>\n<li class=\"product-prop line-limit-length\"><span\n                                        class=\"property-title\">2200 pund effekt:&nbsp;<\/span><span\n                                        class=\"property-desc line-limit-length\">1800W<\/span>\n                            <\/li>\n<li class=\"product-prop line-limit-length\"><span\n                                        class=\"property-title\">Materiale:&nbsp;<\/span><span\n                                        class=\"property-desc line-limit-length\">St\u00e5l, st\u00f8bejern og aluminium<\/span>\n                            <\/li>\n<\/ul><\/div>\n<div class=\"detailmodule_html\">\n<div class=\"detail-desc-decorate-richtext\"><\/p>\n<div class=\"detailmodule_html\">\n<div class=\"detail-desc-decorate-richtext\">\n<div style=\"padding:20px;padding-bottom:20px;padding-top:20px;padding-left:20px;padding-right:20px\">\n<div style=\"text-align:center;width:100%\" align=\"center\"><img decoding=\"async\" src=\"https:\/\/vevor-bmp-prm.s3.ap-east-1.amazonaws.com\/default\/vevor-1.png\" slate-data-type=\"image\"\/><\/div>\n<div style=\"font-size:16px;font-weight:bold;line-height:36px\">Produktbeskrivelse<\/div>\n<div style=\"width:100%\"><img decoding=\"async\" src=\"https:\/\/d2qc09rl1gfuof.cloudfront.net\/product\/DDHL800KGXCZH0001\/lift-electric-hoist-a100-1.4.jpg\" slate-data-type=\"image\"\/><\/div>\n<div style=\"margin-top:15px;display:flex\">\n<div style=\"width:33%\"><img decoding=\"async\" style=\"width:100%\" width=\"100%\" src=\"https:\/\/d2qc09rl1gfuof.cloudfront.net\/product\/DDHL800KGXCZH0001\/lift-electric-hoist-x1.jpg\" slate-data-type=\"image\"\/><\/div>\n<div style=\"padding:0px 15px;padding-bottom:0px;padding-top:0px;padding-left:15px;padding-right:15px;width:33%\">\n<div style=\"font-size:16px;font-weight:bold;line-height:36px\">1700lbs elektrisk talje med vogn<\/div>\n<div style=\"font-size:14px\"><\/div>\n<div style=\"font-size:14px\">1300W kobbermotor og rotationssikker st\u00e5ltr\u00e5d og h\u00f8j sikkerhed<\/div>\n<p>Denne alt-i-en elektriske talje er designet til l\u00f8ft og flytning af tunge applikationer. St\u00e5lkonstruktionen og motoren i rent kobber g\u00f8r den holdbar og h\u00f8jeffektiv. Sporbredden kan justeres med en skive og m\u00f8trikker af h\u00f8j kvalitet. Den er et ideelt materialeh\u00e5ndteringsv\u00e6rkt\u00f8j til fabrikker, miner, havne, lagre, godsl\u00f8ft, byggepladser og andre steder, hvor man skal l\u00f8fte og flytte tunge applikationer.<\/p>\n<ul style=\"font-size:14px;background-color:rgb(243, 243, 243);border:1px solid rgb(204, 204, 204);margin-top:8px;padding:10px 40px;padding-bottom:10px;padding-top:10px;padding-left:40px;padding-right:40px\">\n<li>\n<p>Venlig bem\u00e6rkning<\/p>\n<\/li>\n<li>\n<p>Den elektriske talje og l\u00f8bekat kan v\u00e6re i forskellige pakker og leveres separat.<\/p>\n<\/li>\n<li>\n<p>Bare rolig, du vil modtage ALLE pakkerne inden for de sidste dage efter bestillingen.<\/p>\n<\/li>\n<li>\n<p>Premium Trolley<\/p>\n<\/li>\n<li>\n<p>1700 lbs lasteevne<\/p>\n<\/li>\n<li>\n<p>1300W kraftfuld motor<\/p>\n<\/li>\n<li>\n<p>4,6 fods kontrolkabel<\/p>\n<\/li>\n<li>\n<p>Sikker struktur<\/p>\n<\/li>\n<\/ul>\n<\/div>\n<div style=\"border-left:1px solid rgb(204, 204, 204);padding:0px 15px;padding-bottom:0px;padding-top:0px;padding-left:15px;padding-right:15px;width:33%\">\n<div> <\/div>\n<div style=\"padding:0px 15px;padding-bottom:0px;padding-top:0px;padding-left:15px;padding-right:15px\">\n<div><img decoding=\"async\" style=\"width:100%\" width=\"100%\" src=\"https:\/\/www.jinlantrade.com\/ebay\/VEVOR\/vevor-2.png\" slate-data-type=\"image\"\/><\/div>\n<div style=\"font-size:14px;font-weight:bold;line-height:24px\">Robust udstyr og v\u00e6rkt\u00f8j, betal mindre<\/div>\n<div style=\"font-size:12px;margin:8px 0px;margin-bottom:8px;margin-top:8px;margin-left:0px;margin-right:0px\">VEVOR er et f\u00f8rende m\u00e6rke, der specialiserer sig i udstyr og v\u00e6rkt\u00f8j. Sammen med tusindvis af motiverede medarbejdere er VEVOR dedikeret til at forsyne vores kunder med robust udstyr og v\u00e6rkt\u00f8j til utroligt lave priser. I dag s\u00e6lges VEVORs produkter i mere end 200 lande og regioner med over 10 millioner medlemmer verden over.<\/div>\n<div style=\"font-size:14px;font-weight:bold;line-height:24px\">Hvorfor v\u00e6lge VEVOR?<\/div>\n<ul style=\"font-size:14px;background-color:rgb(243, 243, 243);border:1px solid rgb(204, 204, 204);margin-top:8px;padding:10px 40px;padding-bottom:10px;padding-top:10px;padding-left:40px;padding-right:40px\">\n<li>\n<p>Premium robust kvalitet<\/p>\n<\/li>\n<li>\n<p>Utroligt lave priser<\/p>\n<\/li>\n<li>\n<p>Hurtig og sikker levering<\/p>\n<\/li>\n<li>\n<p>30 dages gratis returnering<\/p>\n<\/li>\n<li>\n<p>24\/7 Opm\u00e6rksom service<\/p>\n<\/li>\n<\/ul>\n<\/div>\n<\/div>\n<\/div>\n<div style=\"margin-top:30px\">\n<div style=\"font-size:16px;font-weight:bold;line-height:36px\">N\u00f8glefunktioner<\/div>\n<div style=\"padding:30px;padding-bottom:30px;padding-top:30px;padding-left:30px;padding-right:30px\">\n<div>\n<div style=\"margin-top:15px;padding:0px 15px;padding-bottom:0px;padding-top:0px;padding-left:15px;padding-right:15px;display:inline-block;width:33%;box-sizing:border-box\">\n<div><img decoding=\"async\" style=\"width:100%\" width=\"100%\" src=\"https:\/\/d2qc09rl1gfuof.cloudfront.net\/product\/DDHL800KGXCZH0001\/lift-electric-hoist-m100-2.jpg\" slate-data-type=\"image\"\/> <\/div>\n<div style=\"font-size:16px;font-weight:bold;line-height:36px\">H\u00f8jeffektiv vogn<\/div>\n<div style=\"font-size:14px\">Den elektriske vogn leveres med flere skiver til justering af skinnens bredde. De fire h\u00e6rdede hjul er st\u00e6rke og holdbare, og de forseglede lejer giver lang levetid og mindre vedligeholdelse. Den passende bredde er fra 80-110 mm (3-4,3 tommer), og arbejdshastigheden er 13 m\/min (42,7 fod\/min).<\/div>\n<\/div>\n<div style=\"margin-top:15px;padding:0px 15px;padding-bottom:0px;padding-top:0px;padding-left:15px;padding-right:15px;display:inline-block;width:33%;box-sizing:border-box\">\n<div><img decoding=\"async\" style=\"width:100%\" width=\"100%\" src=\"https:\/\/d2qc09rl1gfuof.cloudfront.net\/product\/DDHL800KGXCZH0001\/lift-electric-hoist-m100-3.jpg\" slate-data-type=\"image\"\/> <\/div>\n<div style=\"font-size:16px;font-weight:bold;line-height:36px\">Ren kobbermotor<\/div>\n<div style=\"font-size:14px\">Med 1300W kobbermotorer d\u00e6kket af et hus af aluminiumslegering, der er holdbart og korrosionsbestandigt, har den h\u00f8j effektivitet og lav st\u00f8j. Derudover kan den elektriske spil k\u00f8re kontinuerligt i lang tid ved at udstr\u00e5le hurtigt.<\/div>\n<\/div>\n<div style=\"margin-top:15px;padding:0px 15px;padding-bottom:0px;padding-top:0px;padding-left:15px;padding-right:15px;display:inline-block;width:33%;box-sizing:border-box\">\n<div><img decoding=\"async\" style=\"width:100%\" width=\"100%\" src=\"https:\/\/d2qc09rl1gfuof.cloudfront.net\/product\/DDHL800KGXCZH0001\/lift-electric-hoist-m100-4.jpg\" slate-data-type=\"image\"\/> <\/div>\n<div style=\"font-size:16px;font-weight:bold;line-height:36px\">Stor lastb\u00e6rende<\/div>\n<div style=\"font-size:14px\">Vores elektriske l\u00f8fteanordning opfylder dine forskellige krav til styrke og h\u00e5rdhed. Lastkapaciteten og l\u00f8ftehastighederne er 800 kg og 400 kg. Den h\u00f8je kvalitet opfylder dine forskellige behov.<\/div>\n<\/div>\n<div style=\"margin-top:15px;padding:0px 15px;padding-bottom:0px;padding-top:0px;padding-left:15px;padding-right:15px;display:inline-block;width:33%;box-sizing:border-box\">\n<div><img decoding=\"async\" style=\"width:100%\" width=\"100%\" src=\"https:\/\/d2qc09rl1gfuof.cloudfront.net\/product\/DDHL800KGXCZH0001\/lift-electric-hoist-m100-5.jpg\" slate-data-type=\"image\"\/> <\/div>\n<div style=\"font-size:16px;font-weight:bold;line-height:36px\">Fjernbetjening<\/div>\n<div style=\"font-size:14px\">Den kablede fjernbetjening har en op\/ned-knap og en venstre\/h\u00f8jre-knap til at styre taljen p\u00e5 lang afstand. Derudover er der tilf\u00f8jet en n\u00f8dstopknap for at forbedre sikkerheden under drift.<\/div>\n<\/div>\n<div style=\"margin-top:15px;padding:0px 15px;padding-bottom:0px;padding-top:0px;padding-left:15px;padding-right:15px;display:inline-block;width:33%;box-sizing:border-box\">\n<div><img decoding=\"async\" style=\"width:100%\" width=\"100%\" src=\"https:\/\/d2qc09rl1gfuof.cloudfront.net\/product\/DDHL800KGXCZH0001\/lift-electric-hoist-m100-6.jpg\" slate-data-type=\"image\"\/> <\/div>\n<div style=\"font-size:16px;font-weight:bold;line-height:36px\">Sikkerhedsdesign<\/div>\n<div style=\"font-size:14px\">Endestopkontakten er installeret for at f\u00e5 motoren til at stoppe automatisk og forhindre k\u00e6derne i at overskride hastigheden af sikkerhedsm\u00e6ssige \u00e5rsager. Mn-st\u00e5lkrog med l\u00e5s og galvaniseret st\u00e5ltr\u00e5d giver dobbelt beskyttelse mod drift.<\/div>\n<\/div>\n<div style=\"margin-top:15px;padding:0px 15px;padding-bottom:0px;padding-top:0px;padding-left:15px;padding-right:15px;display:inline-block;width:33%;box-sizing:border-box\">\n<div><img decoding=\"async\" style=\"width:100%\" width=\"100%\" src=\"https:\/\/d2qc09rl1gfuof.cloudfront.net\/product\/DDHL800KGXCZH0001\/lift-electric-hoist-m100-7.jpg\" slate-data-type=\"image\"\/> <\/div>\n<div style=\"font-size:16px;font-weight:bold;line-height:36px\">Omfattende anvendelser<\/div>\n<div style=\"font-size:14px\">Denne elektriske talje er et fremragende valg til at l\u00f8fte genstande med almindelig eller uj\u00e6vn form, s\u00e5som sten, tr\u00e6er, pl\u00e6neklippere, motorer osv. Som et resultat heraf bruges den i vid udstr\u00e6kning i bilproducenter, p\u00e5 byggepladser, logistik, lagerbygninger osv.<\/div>\n<\/div>\n<\/div>\n<\/div>\n<\/div>\n<div style=\"margin-top:15px;display:flex\">\n<div style=\"width:33%\"><img decoding=\"async\" style=\"width:100%\" width=\"100%\" src=\"https:\/\/d2qc09rl1gfuof.cloudfront.net\/product\/DDHL800KGXCZH0001\/lift-electric-hoist-a100-2.jpg\" slate-data-type=\"image\"\/><\/div>\n<div style=\"padding:0px 15px;padding-bottom:0px;padding-top:0px;padding-left:15px;padding-right:15px;width:33%\">\n<div style=\"font-size:16px;font-weight:bold;line-height:36px\">Specifikationer<\/div>\n<ul style=\"font-size:14px;border:1px solid rgb(204, 204, 204);margin-top:8px;padding:10px 40px;padding-bottom:10px;padding-top:10px;padding-left:40px;padding-right:40px\">\n<li>\n<p>Elektrisk talje<\/p>\n<\/li>\n<li>\n<p>Model: PA800<\/p>\n<\/li>\n<li>\n<p>Materiale: St\u00f8bejern og aluminium<\/p>\n<\/li>\n<li>\n<p>Sp\u00e6nding: 220V\/50Hz<\/p>\n<\/li>\n<li>\n<p>Effekt: 1300W<\/p>\n<\/li>\n<li>\n<p>Fjernbetjeningsledning: 1,4 m<\/p>\n<\/li>\n<li>\n<p>Linjens diameter: 0,2 tommer \/ 5,1 mm<\/p>\n<\/li>\n<li>\n<p>Kabell\u00e6ngde: 12 m, 6 m<\/p>\n<\/li>\n<li>\n<p>Kabelhastighed: 12 m\/min, 6 m\/min<\/p>\n<\/li>\n<li>\n<p>Nominel l\u00f8ftekapacitet: Dobbelt line 800 kg, enkelt line 400 kg<\/p>\n<\/li>\n<li>\n<p>Produktst\u00f8rrelse: 40 x 15 x 35 cm<\/p>\n<\/li>\n<li>\n<p>Nettov\u00e6gt: 34 kg<\/p>\n<\/li>\n<li>\n<p>Trolley<\/p>\n<\/li>\n<li>\n<p>Nominel belastning: 1000 kg \/ 1 t<\/p>\n<\/li>\n<li>\n<p>Arbejdshastighed: 13 m\/min<\/p>\n<\/li>\n<li>\n<p>Standard driftsh\u00f8jde: 3 m \/ 10 ft<\/p>\n<\/li>\n<li>\n<p>Egnet bredde: 80-110 mm<\/p>\n<\/li>\n<\/ul>\n<\/div>\n<div style=\"border-left:1px solid rgb(204, 204, 204);padding:0px 15px;padding-bottom:0px;padding-top:0px;padding-left:15px;padding-right:15px;width:33%\">\n<div style=\"width:100%\"><img decoding=\"async\" style=\"width:100%\" width=\"100%\" src=\"https:\/\/d2qc09rl1gfuof.cloudfront.net\/product\/DDHL800KGXCZH0001\/lift-electric-hoist-a100-3.jpg\" slate-data-type=\"image\"\/><\/div>\n<div style=\"font-size:14px;font-weight:bold;line-height:24px\">Pakkens indhold<\/div>\n<ul style=\"font-size:14px;background-color:rgb(243, 243, 243);border:1px solid rgb(204, 204, 204);margin-top:8px;padding:10px 40px;padding-bottom:10px;padding-top:10px;padding-left:40px;padding-right:40px\">\n<li>\n<p>1 x elektrisk talje<\/p>\n<\/li>\n<li>\n<p>1 x Trolley<\/p>\n<\/li>\n<\/ul>\n<\/div>\n<\/div>\n<div> <\/div>\n<div>\n<div style=\"font-size:16px;font-weight:bold;line-height:36px\">Funktioner og detaljer<\/div>\n<ul style=\"font-size:14px;padding-left:40px\">\n<li>\n<p>Premium Trolley: Leveres med en elektrisk talje og en trolley. Dette alt-i-et-produkt er fantastisk til at l\u00f8fte sm\u00e5 motorer, gearkasser, omfattende v\u00e6rkstedsv\u00e6rkt\u00f8j eller byggematerialer. Den firehjulede trolley er lavet af Q235 st\u00e5l, der er korrosionsbestandigt og mere robust. Justerbar sporvidde opfylder dine forskellige behov uden anstrengelse. Den passende bredde er fra 80-110 mm.<\/p>\n<\/li>\n<li>\n<p>1700 lbs lastekapacitet: Hejsevognen har tilstr\u00e6kkelig kapacitet til at l\u00f8fte forskellige genstande. Kapacitet med enkelt line: 880 lbs\/400 kg, 40 ft\/min (12 m\/min). Kapacitet med dobbelt line: 1700 lbs\/800 kg, 20 ft\/min (6 m\/min). Endestopkontakten og manganst\u00e5lkrogen er designet til at undg\u00e5 pludselige fald. Dobbelt line 1700 lbs\/800 kg, enkelt line 880 lbs\/400 kg.<\/p>\n<\/li>\n<li>\n<p>1300W Kraftig Motor: Den h\u00f8jkvalitets kobbermotor yder en kraftig effekt p\u00e5 1800W, der kan klare stor kraft uden deformation og skader. Derudover k\u00f8ler den store radiatorbl\u00e6ser maskinen hurtigt ved hj\u00e6lp af overophedningsbeskyttelse. Denne kraftfulde motor sikrer dermed h\u00f8jeffektiv drift med lavt st\u00f8jniveau.<\/p>\n<\/li>\n<li>\n<p>1,4 m kontrolledning: Vores elektriske talje med fjernbetjening opn\u00e5s via en h\u00e5ndtagsafbryder. Kabell\u00e6ngden: 1,4 m. Styr taljen med op- og nedstigningsknapper p\u00e5 lang afstand. Derudover har denne afbryder en ekstra n\u00f8dstopknap for at sikre sikkerheden.<\/p>\n<\/li>\n<li>\n<p>Sikker struktur: Dette elektriske spil er konstrueret af en skal af aluminiumslegering og galvaniseret st\u00e5ltr\u00e5d, der beskytter mod erosion, rust og regn. St\u00e5ltr\u00e5dens l\u00e6ngde: 30 m; Diameter: 5,1 mm. Med denne fornuftige struktur kan du betjene maskinen i l\u00e6ngere tid.<\/p>\n<\/li>\n<\/ul>\n<\/div>\n<\/div>\n<\/div>\n<\/div>\n<p><\/p>\n<\/div>\n<\/div>\n<p><\/p>","protected":false},"excerpt":{"rendered":"<p>Hign-concerned Chemical:&nbsp;None Origin:&nbsp;Mainland China Brand Name:&nbsp;VEVOR Capacity of Single\/Double Cable:&nbsp;1700 lbs\/220 LBS 1700 LBS Power:&nbsp;1300W 2200 LBS Power:&nbsp;1800W Material:&nbsp;Steel,Cast Iron &amp; Aluminum Product Description 1700lbs Electric Hoist With Trolley 1300W<\/p>","protected":false},"featured_media":25321,"comment_status":"open","ping_status":"closed","template":"","meta":{"_acf_changed":false},"product_brand":[],"product_cat":[517],"product_tag":[],"class_list":{"0":"post-25319","1":"product","2":"type-product","3":"status-publish","4":"has-post-thumbnail","6":"product_cat-electric-lifting-hoists","8":"first","9":"instock","10":"shipping-taxable","11":"purchasable","12":"product-type-variable"},"acf":[],"_links":{"self":[{"href":"https:\/\/www.electricstore.eu\/da\/wp-json\/wp\/v2\/product\/25319","targetHints":{"allow":["GET"]}}],"collection":[{"href":"https:\/\/www.electricstore.eu\/da\/wp-json\/wp\/v2\/product"}],"about":[{"href":"https:\/\/www.electricstore.eu\/da\/wp-json\/wp\/v2\/types\/product"}],"replies":[{"embeddable":true,"href":"https:\/\/www.electricstore.eu\/da\/wp-json\/wp\/v2\/comments?post=25319"}],"wp:featuredmedia":[{"embeddable":true,"href":"https:\/\/www.electricstore.eu\/da\/wp-json\/wp\/v2\/media\/25321"}],"wp:attachment":[{"href":"https:\/\/www.electricstore.eu\/da\/wp-json\/wp\/v2\/media?parent=25319"}],"wp:term":[{"taxonomy":"product_brand","embeddable":true,"href":"https:\/\/www.electricstore.eu\/da\/wp-json\/wp\/v2\/product_brand?post=25319"},{"taxonomy":"product_cat","embeddable":true,"href":"https:\/\/www.electricstore.eu\/da\/wp-json\/wp\/v2\/product_cat?post=25319"},{"taxonomy":"product_tag","embeddable":true,"href":"https:\/\/www.electricstore.eu\/da\/wp-json\/wp\/v2\/product_tag?post=25319"}],"curies":[{"name":"wp","href":"https:\/\/api.w.org\/{rel}","templated":true}]}}