{"id":25306,"date":"2025-05-20T18:58:33","date_gmt":"2025-05-20T18:58:33","guid":{"rendered":"https:\/\/electricstore.eu\/p\/uncategorized\/vevor-3000-5000kg-digital-crane-scales-heavy-duty-aluminum-hanging-scale-w-ocs-t-lcd-display-reinforced-ring-hook-for-industry\/"},"modified":"2025-05-20T18:59:27","modified_gmt":"2025-05-20T18:59:27","slug":"vevor-3000-5000kg-digital-crane-scales-heavy-duty-aluminum-hanging-scale-w-ocs-t-lcd-display-reinforced-ring-hook-for-industry","status":"publish","type":"product","link":"https:\/\/www.electricstore.eu\/da\/p\/o\/electric-lifting-hoists\/vevor-3000-5000kg-digital-crane-scales-heavy-duty-aluminum-hanging-scale-w-ocs-t-lcd-display-reinforced-ring-hook-for-industry\/","title":{"rendered":"VEVOR 3000 5000 kg digitale kranv\u00e6gte. Kraftig h\u00e6ngev\u00e6gt i aluminium med OCS-T LCD-display og forst\u00e6rket ringkrog til industrien."},"content":{"rendered":"<div class=\"product-specs-list-container\">\n<ul class=\"product-specs-list util-clearfix\">\n<li class=\"product-prop line-limit-length\"><span\n                                        class=\"property-title\">Meget bekymret kemikalie:&nbsp;<\/span><span\n                                        class=\"property-desc line-limit-length\">Ingen<\/span>\n                            <\/li>\n<li class=\"product-prop line-limit-length\"><span\n                                        class=\"property-title\">Type:&nbsp;<\/span><span\n                                        class=\"property-desc line-limit-length\">Kranv\u00e6gt<\/span>\n                            <\/li>\n<li class=\"product-prop line-limit-length\"><span\n                                        class=\"property-title\">M\u00e6rkenavn:&nbsp;<\/span><span\n                                        class=\"property-desc line-limit-length\">VEVOR<\/span>\n                            <\/li>\n<li class=\"product-prop line-limit-length\"><span\n                                        class=\"property-title\">Oprindelse:&nbsp;<\/span><span\n                                        class=\"property-desc line-limit-length\">Kinas fastland<\/span>\n                            <\/li>\n<\/ul><\/div>\n<div class=\"detailmodule_html\">\n<div class=\"detail-desc-decorate-richtext\">\n<div class=\"detailmodule_dynamic\"><kse:widget data-widget-type=\"customText\" id=\"1005000000821364\" type=\"relation\"><\/kse:widget><\/div>\n<div style=\"padding:20px;padding-bottom:20px;padding-top:20px;padding-left:20px;padding-right:20px\">\n<div style=\"text-align:center;width:100%\" align=\"center\"><img decoding=\"async\" src=\"https:\/\/vevor-bmp-prm.s3.ap-east-1.amazonaws.com\/default\/vevor-1.png\" slate-data-type=\"image\"\/><\/div>\n<div style=\"font-size:16px;font-weight:bold;line-height:36px\">Produktbeskrivelse<\/div>\n<div style=\"width:100%\"><img decoding=\"async\" src=\"https:\/\/d2qc09rl1gfuof.cloudfront.net\/product\/OCS-T-5TDZDC00001\/crane-scale-a100-1.4.jpg\" slate-data-type=\"image\"\/><\/div>\n<div style=\"margin-top:15px;display:flex\">\n<div style=\"width:33%\"><img decoding=\"async\" style=\"width:100%\" width=\"100%\" src=\"https:\/\/d2qc09rl1gfuof.cloudfront.net\/product\/OCS-T-5TDZDC00001\/crane-scale-x1.jpg\" slate-data-type=\"image\"\/><\/div>\n<div style=\"padding:0px 15px;padding-bottom:0px;padding-top:0px;padding-left:15px;padding-right:15px;width:33%\">\n<div style=\"font-size:16px;font-weight:700;line-height:36px\">11000LBS\/5000KG digital kranv\u00e6gt i aluminium<\/div>\n<div style=\"font-size:14px\"><\/div>\n<div style=\"font-size:14px\">Den digitale kranv\u00e6gt er lavet af aluminium af h\u00f8j kvalitet, hvilket giver h\u00f8j ydeevne og langvarig stabilitet. Den har funktioner som nulstilling, afskalning, opbevaringsdisplay, overbelastningsadvarsel og automatisk nedlukning. Den digitale fiskev\u00e6gt er nem at betjene og let at b\u00e6re og bruges i vid udstr\u00e6kning i lagerbygninger, landbrug, jagt, fiskeri, v\u00e6rksteder, kontorer og andre virksomheder.<\/div>\n<ul style=\"font-size:14px;background-color:rgb(243, 243, 243);border:1px solid rgb(204, 204, 204);margin-top:8px;padding:10px 40px;padding-bottom:10px;padding-top:10px;padding-left:40px;padding-right:40px\">\n<li>\n<p>Robust design<\/p>\n<\/li>\n<li>\n<p>Kompromisl\u00f8s pr\u00e6cision<\/p>\n<\/li>\n<li>\n<p>LCD-sk\u00e6rm<\/p>\n<\/li>\n<li>\n<p>Nem at bruge<\/p>\n<\/li>\n<\/ul>\n<\/div>\n<div style=\"border-left:1px solid rgb(204, 204, 204);padding:0px 15px;padding-bottom:0px;padding-top:0px;padding-left:15px;padding-right:15px;width:33%\">\n<div style=\"padding:0px 15px;padding-bottom:0px;padding-top:0px;padding-left:15px;padding-right:15px\">\n<div><img decoding=\"async\" style=\"width:100%\" width=\"100%\" src=\"https:\/\/vevor-bmp-prm.s3.ap-east-1.amazonaws.com\/default\/vevor-2.jpg\" slate-data-type=\"image\"\/><\/div>\n<div style=\"font-size:14px;font-weight:bold;line-height:24px\">Robust udstyr og v\u00e6rkt\u00f8j, betal mindre<\/div>\n<div style=\"font-size:12px;margin:8px 0px;margin-bottom:8px;margin-top:8px;margin-left:0px;margin-right:0px\">VEVOR er et f\u00f8rende m\u00e6rke, der specialiserer sig i udstyr og v\u00e6rkt\u00f8j. Sammen med tusindvis af motiverede<br \/>medarbejdere, VEVOR er dedikeret til at forsyne vores kunder med robust udstyr og v\u00e6rkt\u00f8j til utroligt gode priser.<br \/>lave priser. I dag s\u00e6lges VEVORs produkter i mere end 200 lande og regioner med 10 millioner<br \/>plus medlemmer verden over.<\/div>\n<div style=\"font-size:14px;font-weight:bold;line-height:24px\">Hvorfor v\u00e6lge VEVOR?<\/div>\n<ul style=\"font-size:14px;background-color:rgb(243, 243, 243);border:1px solid rgb(204, 204, 204);margin-top:8px;padding:10px 40px;padding-bottom:10px;padding-top:10px;padding-left:40px;padding-right:40px\">\n<li>\n<p>Premium robust kvalitet<\/p>\n<\/li>\n<li>\n<p>Utroligt lave priser<\/p>\n<\/li>\n<li>\n<p>Hurtig og sikker levering<\/p>\n<\/li>\n<li>\n<p>30 dages gratis returnering<\/p>\n<\/li>\n<li>\n<p>24\/7 Opm\u00e6rksom service<\/p>\n<\/li>\n<\/ul>\n<\/div>\n<\/div>\n<\/div>\n<div style=\"margin-top:30px\">\n<div style=\"font-size:16px;font-weight:bold;line-height:36px\">N\u00f8glefunktioner<\/div>\n<div style=\"padding:30px;padding-bottom:30px;padding-top:30px;padding-left:30px;padding-right:30px\">\n<div>\n<div style=\"margin-top:15px;padding:0px 15px;padding-bottom:0px;padding-top:0px;padding-left:15px;padding-right:15px;display:inline-block;width:33%;box-sizing:border-box\">\n<div><img decoding=\"async\" style=\"width:100%\" width=\"100%\" src=\"https:\/\/d2qc09rl1gfuof.cloudfront.net\/product\/OCS-T-5TDZDC00001\/crane-scale-m100-2.jpg\" slate-data-type=\"image\"\/><\/div>\n<div style=\"font-size:16px;font-weight:700;line-height:36px\">Fremragende kvalitet<\/div>\n<div style=\"font-size:14px\">Pr\u00e6cisionsst\u00f8bt aluminiumslegeringsskal; industriel st\u00f8beproces, den h\u00e6ngende v\u00e6gt har st\u00e6rk p\u00e5lidelighed.<\/div>\n<\/div>\n<div style=\"margin-top:15px;padding:0px 15px;padding-bottom:0px;padding-top:0px;padding-left:15px;padding-right:15px;display:inline-block;width:33%;box-sizing:border-box\">\n<div><img decoding=\"async\" style=\"width:100%\" width=\"100%\" src=\"https:\/\/d2qc09rl1gfuof.cloudfront.net\/product\/OCS-T-5TDZDC00001\/crane-scale-m100-3.jpg\" slate-data-type=\"image\"\/><\/div>\n<div style=\"font-size:16px;font-weight:700;line-height:36px\">Pr\u00e6cis og f\u00f8lsom<\/div>\n<div style=\"font-size:14px\">Vejeceller af h\u00f8j kvalitet sikrer konstante og n\u00f8jagtige m\u00e5linger op til 5000 kg.<\/div>\n<\/div>\n<div style=\"margin-top:15px;padding:0px 15px;padding-bottom:0px;padding-top:0px;padding-left:15px;padding-right:15px;display:inline-block;width:33%;box-sizing:border-box\">\n<div><img decoding=\"async\" style=\"width:100%\" width=\"100%\" src=\"https:\/\/d2qc09rl1gfuof.cloudfront.net\/product\/OCS-T-5TDZDC00001\/crane-scale-m100-4.jpg\" slate-data-type=\"image\"\/><\/div>\n<div style=\"font-size:16px;font-weight:700;line-height:36px\">LCD-baggrundsbelyst sk\u00e6rm<\/div>\n<div style=\"font-size:14px\">LCD-displayet med h\u00f8j opl\u00f8sning og baggrundsbelysning fuldender denne effektive elektroniske fiskev\u00e6gt. LCD-moduldisplay, let at afl\u00e6se.<\/div>\n<\/div>\n<div style=\"margin-top:15px;padding:0px 15px;padding-bottom:0px;padding-top:0px;padding-left:15px;padding-right:15px;display:inline-block;width:33%;box-sizing:border-box\">\n<div><img decoding=\"async\" style=\"width:100%\" width=\"100%\" src=\"https:\/\/d2qc09rl1gfuof.cloudfront.net\/product\/OCS-T-5TDZDC00001\/crane-scale-m100-5.jpg\" slate-data-type=\"image\"\/><\/div>\n<div style=\"font-size:16px;font-weight:700;line-height:36px\">Super nem at bruge<\/div>\n<div style=\"font-size:14px\">Nem at bruge og nem at betjene, h\u00e6ng ting p\u00e5 krogen og afl\u00e6s tallene.<\/div>\n<\/div>\n<div style=\"margin-top:15px;padding:0px 15px;padding-bottom:0px;padding-top:0px;padding-left:15px;padding-right:15px;display:inline-block;width:33%;box-sizing:border-box\">\n<div><img decoding=\"async\" style=\"width:100%\" width=\"100%\" src=\"https:\/\/d2qc09rl1gfuof.cloudfront.net\/product\/OCS-T-5TDZDC00001\/crane-scale-m100-6.jpg\" slate-data-type=\"image\"\/><\/div>\n<div style=\"font-size:16px;font-weight:700;line-height:36px\">Forst\u00e6rket ring og krog<\/div>\n<div style=\"font-size:14px\">H\u00f8jstyrke ringe og kroge er st\u00e6rke og holdbare, sikre at bruge.<\/div>\n<\/div>\n<div style=\"margin-top:15px;padding:0px 15px;padding-bottom:0px;padding-top:0px;padding-left:15px;padding-right:15px;display:inline-block;width:33%;box-sizing:border-box\">\n<div><img decoding=\"async\" style=\"width:100%\" width=\"100%\" src=\"https:\/\/d2qc09rl1gfuof.cloudfront.net\/product\/OCS-T-5TDZDC00001\/crane-scale-m100-7.jpg\" slate-data-type=\"image\"\/><\/div>\n<div style=\"font-size:16px;font-weight:700;line-height:36px\">Bred anvendelse<\/div>\n<div style=\"font-size:14px\">Industriv\u00e6gten tilbyder professionelle vejel\u00f8sninger til tungindustrien og anvendes i vid udstr\u00e6kning i lagerbygninger, landbrug, jagt, fiskeri, v\u00e6rksteder, kontorer og andre virksomheder.<\/div>\n<\/div>\n<\/div>\n<\/div>\n<\/div>\n<div style=\"margin-top:15px;display:flex\">\n<div style=\"width:33%\"><img decoding=\"async\" style=\"width:100%\" width=\"100%\" src=\"https:\/\/d2qc09rl1gfuof.cloudfront.net\/product\/OCS-T-5TDZDC00001\/crane-scale-a100-2.jpg\" slate-data-type=\"image\"\/><\/div>\n<div style=\"padding:0px 15px;padding-bottom:0px;padding-top:0px;padding-left:15px;padding-right:15px;width:33%\">\n<div style=\"font-size:16px;font-weight:700;line-height:36px\">Specifikationer<\/div>\n<ul style=\"font-size:14px;border:1px solid rgb(204, 204, 204);margin-top:8px;padding:10px 40px;padding-bottom:10px;padding-top:10px;padding-left:40px;padding-right:40px\">\n<li>\n<p>Maksimal kapacitet: 5000 kg<\/p>\n<\/li>\n<li>\n<p>Min. kapacitet: 40 kg<\/p>\n<\/li>\n<li>\n<p>Opl\u00f8sning: 2 kg<\/p>\n<\/li>\n<li>\n<p>Division: 2500<\/p>\n<\/li>\n<li>\n<p>N\u00f8jagtighedsklasse: OIML III<\/p>\n<\/li>\n<li>\n<p>Taraomr\u00e5de: 100% FS<\/p>\n<\/li>\n<li>\n<p>Nulomr\u00e5de: 4% FS<\/p>\n<\/li>\n<li>\n<p>Sikkerhedsbelastning: 120% FS<\/p>\n<\/li>\n<li>\n<p>Ultimativ overbelastning: 400% FS<\/p>\n<\/li>\n<li>\n<p>Overbelastningsadvarsel: 100% FS + 9e<\/p>\n<\/li>\n<li>\n<p>Temperaturomr\u00e5de: 14\u2109-104\u2109 \/ -10\u2103-40\u2103<\/p>\n<\/li>\n<li>\n<p>Bruttov\u00e6gt: 14,9 kg<\/p>\n<\/li>\n<li>\n<p>St\u00f8rrelse: 26,5 x 22 x 75 cm<\/p>\n<\/li>\n<\/ul>\n<\/div>\n<div style=\"border-left:1px solid rgb(204, 204, 204);padding:0px 15px;padding-bottom:0px;padding-top:0px;padding-left:15px;padding-right:15px;width:33%\">\n<div style=\"width:100%\"><img decoding=\"async\" style=\"width:100%\" width=\"100%\" src=\"https:\/\/d2qc09rl1gfuof.cloudfront.net\/product\/OCS-T-5TDZDC00001\/crane-scale-a100-3.jpg\" slate-data-type=\"image\"\/><\/div>\n<div style=\"font-size:14px;font-weight:bold;line-height:24px\">Pakkens indhold<\/div>\n<ul style=\"font-size:14px;background-color:rgb(243, 243, 243);border:1px solid rgb(204, 204, 204);margin-top:8px;padding:10px 40px;padding-bottom:10px;padding-top:10px;padding-left:40px;padding-right:40px\">\n<li>\n<p>1 x kranv\u00e6gt med kapacitet p\u00e5 5000 kg (batteri medf\u00f8lger ikke)<\/p>\n<\/li>\n<li>\n<p>1 x fjernbetjening<\/p>\n<\/li>\n<li>\n<p>1 x batterioplader\/str\u00f8mstik<\/p>\n<\/li>\n<li>\n<p>1 x Brugermanual<\/p>\n<\/li>\n<\/ul>\n<\/div>\n<\/div>\n<div style=\"margin-top:15px;display:flex\">\n<div style=\"width:33%\"><img decoding=\"async\" style=\"width:100%\" width=\"100%\" src=\"https:\/\/d2qc09rl1gfuof.cloudfront.net\/product\/OCS-T-3000KGDZDC1\/crane-scale-a100-2.jpg\" slate-data-type=\"image\"\/><\/div>\n<div style=\"padding:0px 15px;padding-bottom:0px;padding-top:0px;padding-left:15px;padding-right:15px;width:33%\">\n<div style=\"font-size:16px;font-weight:700;line-height:36px\">Specifikationer<\/div>\n<ul style=\"font-size:14px;border:1px solid rgb(204, 204, 204);margin-top:8px;padding:10px 40px;padding-bottom:10px;padding-top:10px;padding-left:40px;padding-right:40px\">\n<li>\n<p>Maksimal kapacitet: 3000 kg<\/p>\n<\/li>\n<li>\n<p>Min. kapacitet: 20 kg<\/p>\n<\/li>\n<li>\n<p>Opl\u00f8sning: 1 kg<\/p>\n<\/li>\n<li>\n<p>Division: 3000<\/p>\n<\/li>\n<li>\n<p>N\u00f8jagtighedsklasse: OIML III<\/p>\n<\/li>\n<li>\n<p>Taraomr\u00e5de: 100% FS<\/p>\n<\/li>\n<li>\n<p>Nulomr\u00e5de: 4% FS<\/p>\n<\/li>\n<li>\n<p>Sikkerhedsbelastning: 120% FS<\/p>\n<\/li>\n<li>\n<p>Ultimativ overbelastning: 400% FS<\/p>\n<\/li>\n<li>\n<p>Overbelastningsadvarsel: 100% FS + 9e<\/p>\n<\/li>\n<li>\n<p>Temperaturomr\u00e5de: 14\u2109-104\u2109 \/ -10\u2103-40\u2103<\/p>\n<\/li>\n<li>\n<p>Bruttov\u00e6gt: 13,7 kg<\/p>\n<\/li>\n<li>\n<p>St\u00f8rrelse: 26,5 x 22 x 68 cm<\/p>\n<\/li>\n<\/ul>\n<\/div>\n<div style=\"border-left:1px solid rgb(204, 204, 204);padding:0px 15px;padding-bottom:0px;padding-top:0px;padding-left:15px;padding-right:15px;width:33%\">\n<div style=\"width:100%\"><img decoding=\"async\" style=\"width:100%\" width=\"100%\" src=\"https:\/\/d2qc09rl1gfuof.cloudfront.net\/product\/OCS-T-3000KGDZDC1\/crane-scale-a100-3.jpg\" slate-data-type=\"image\"\/><\/div>\n<div style=\"font-size:14px;font-weight:bold;line-height:24px\">Pakkens indhold<\/div>\n<ul style=\"font-size:14px;background-color:rgb(243, 243, 243);border:1px solid rgb(204, 204, 204);margin-top:8px;padding:10px 40px;padding-bottom:10px;padding-top:10px;padding-left:40px;padding-right:40px\">\n<li>\n<p>1 x 3000 kg kranv\u00e6gt (batteri medf\u00f8lger ikke)<\/p>\n<\/li>\n<li>\n<p>1 x fjernbetjening<\/p>\n<\/li>\n<li>\n<p>1 x batterioplader\/str\u00f8mstik<\/p>\n<\/li>\n<li>\n<p>1 x Brugermanual<\/p>\n<\/li>\n<\/ul>\n<\/div>\n<\/div>\n<div>\n<div style=\"font-size:16px;font-weight:bold;line-height:36px\">Funktioner og detaljer<\/div>\n<ul style=\"font-size:14px;padding-left:40px\">\n<li>\n<p>Robust design: Den digitale kranv\u00e6gt er lavet af aluminium af h\u00f8j kvalitet og har h\u00f8j stabilitet. Den robuste st\u00e5lkrog har en st\u00e6rk b\u00e6reevne. Det slidst\u00e6rke husdesign g\u00f8r v\u00e6gten i stand til at modst\u00e5 de st\u00f8d og slag, der forventes ved store arbejder.<\/p>\n<\/li>\n<li>\n<p>Kompromisl\u00f8s n\u00f8jagtighed: Den digitale h\u00e6ngev\u00e6gt med en maksimal kapacitet p\u00e5 5000 kg\/11000 LBS er udstyret med en pr\u00e6cis sensor, har h\u00f8j m\u00e5len\u00f8jagtighed og har ogs\u00e5 funktionerne nul, tara og hold-display.<\/p>\n<\/li>\n<li>\n<p>LCD-sk\u00e6rm: Fiskev\u00e6gten har et stort LCD-baggrundsbelyst display med enhedskonverteringsfunktion, du kan v\u00e6lge mellem pund og kilogram, og har overbelastningsadvarsel og automatisk nedlukningsfunktion.<\/p>\n<\/li>\n<li>\n<p>Nem at bruge: Slut med store h\u00e6ngende v\u00e6gte. Vores fiskev\u00e6gte er nemme at betjene og kompakte og kan nemt placeres i bilens handskerum eller pakkes sammen med dit udend\u00f8rsudstyr.<\/p>\n<\/li>\n<li>\n<p>Oplev alsidigheden: Den elektroniske h\u00e6ngev\u00e6gt afl\u00e6ser hurtigt v\u00e6gten og er velegnet til fiskeri, jagt, landbrug eller byggepladser eller andet kr\u00e6vende arbejde.<\/p>\n<\/li>\n<\/ul>\n<\/div>\n<\/div>\n<div class=\"detailmodule_dynamic\"><kse:widget data-widget-type=\"customText\" id=\"1005000000397265\" type=\"custom\"><\/kse:widget><\/div>\n<p><\/p>\n<\/div>\n<\/div>\n<p><\/p>","protected":false},"excerpt":{"rendered":"<p>Hign-concerned Chemical:&nbsp;None Type:&nbsp;Crane Scale Brand Name:&nbsp;VEVOR Origin:&nbsp;Mainland China Product Description 11000LBS\/5000KG Aluminum Digital Crane Scale The digital crane scale is made of high-quality aluminum, which provides high performance and long-term<\/p>","protected":false},"featured_media":25307,"comment_status":"open","ping_status":"closed","template":"","meta":{"_acf_changed":false},"product_brand":[],"product_cat":[517],"product_tag":[],"class_list":{"0":"post-25306","1":"product","2":"type-product","3":"status-publish","4":"has-post-thumbnail","6":"product_cat-electric-lifting-hoists","8":"first","9":"instock","10":"shipping-taxable","11":"purchasable","12":"product-type-variable"},"acf":[],"_links":{"self":[{"href":"https:\/\/www.electricstore.eu\/da\/wp-json\/wp\/v2\/product\/25306","targetHints":{"allow":["GET"]}}],"collection":[{"href":"https:\/\/www.electricstore.eu\/da\/wp-json\/wp\/v2\/product"}],"about":[{"href":"https:\/\/www.electricstore.eu\/da\/wp-json\/wp\/v2\/types\/product"}],"replies":[{"embeddable":true,"href":"https:\/\/www.electricstore.eu\/da\/wp-json\/wp\/v2\/comments?post=25306"}],"wp:featuredmedia":[{"embeddable":true,"href":"https:\/\/www.electricstore.eu\/da\/wp-json\/wp\/v2\/media\/25307"}],"wp:attachment":[{"href":"https:\/\/www.electricstore.eu\/da\/wp-json\/wp\/v2\/media?parent=25306"}],"wp:term":[{"taxonomy":"product_brand","embeddable":true,"href":"https:\/\/www.electricstore.eu\/da\/wp-json\/wp\/v2\/product_brand?post=25306"},{"taxonomy":"product_cat","embeddable":true,"href":"https:\/\/www.electricstore.eu\/da\/wp-json\/wp\/v2\/product_cat?post=25306"},{"taxonomy":"product_tag","embeddable":true,"href":"https:\/\/www.electricstore.eu\/da\/wp-json\/wp\/v2\/product_tag?post=25306"}],"curies":[{"name":"wp","href":"https:\/\/api.w.org\/{rel}","templated":true}]}}