{"id":25263,"date":"2025-05-20T18:58:17","date_gmt":"2025-05-20T18:58:17","guid":{"rendered":"https:\/\/electricstore.eu\/p\/uncategorized\/vevor-118-rc-dump-truck-car-engineering-vehicle-forklift-heavy-excavator-remote-control-car-toys-for-boys-childrens-gifts\/"},"modified":"2025-05-20T18:58:59","modified_gmt":"2025-05-20T18:58:59","slug":"vevor-118-rc-dump-truck-car-engineering-vehicle-forklift-heavy-excavator-remote-control-car-toys-for-boys-childrens-gifts","status":"publish","type":"product","link":"https:\/\/www.electricstore.eu\/da\/p\/rc\/rc-cars\/vevor-118-rc-dump-truck-car-engineering-vehicle-forklift-heavy-excavator-remote-control-car-toys-for-boys-childrens-gifts\/","title":{"rendered":"VEVOR 1:18 RC Dumpster Bil Ingeni\u00f8rk\u00f8ret\u00f8j Gaffeltruck Tung Gravemaskine Fjernstyret Bil Leget\u00f8j til Drenge B\u00f8rns Gaver"},"content":{"rendered":"<div class=\"product-specs-list-container\">\n<ul class=\"product-specs-list util-clearfix\">\n<li class=\"product-prop line-limit-length\"><span\n                                        class=\"property-title\">Meget bekymret kemikalie:&nbsp;<\/span><span\n                                        class=\"property-desc line-limit-length\">Ingen<\/span>\n                            <\/li>\n<li class=\"product-prop line-limit-length\"><span\n                                        class=\"property-title\">Er elektrisk:&nbsp;<\/span><span\n                                        class=\"property-desc line-limit-length\">Intet batteri<\/span>\n                            <\/li>\n<li class=\"product-prop line-limit-length\"><span\n                                        class=\"property-title\">Stregkode:&nbsp;<\/span><span\n                                        class=\"property-desc line-limit-length\">Ingen<\/span>\n                            <\/li>\n<li class=\"product-prop line-limit-length\"><span\n                                        class=\"property-title\">Flyvetid:&nbsp;<\/span><span\n                                        class=\"property-desc line-limit-length\">40 minutter<\/span>\n                            <\/li>\n<li class=\"product-prop line-limit-length\"><span\n                                        class=\"property-title\">Fjern afstand:&nbsp;<\/span><span\n                                        class=\"property-desc line-limit-length\">100 fod<\/span>\n                            <\/li>\n<li class=\"product-prop line-limit-length\"><span\n                                        class=\"property-title\">Skala:&nbsp;<\/span><span\n                                        class=\"property-desc line-limit-length\">1:18<\/span>\n                            <\/li>\n<li class=\"product-prop line-limit-length\"><span\n                                        class=\"property-title\">Dimensioner:&nbsp;<\/span><span\n                                        class=\"property-desc line-limit-length\">28 x 15,5 x 17,5 cm<\/span>\n                            <\/li>\n<li class=\"product-prop line-limit-length\"><span\n                                        class=\"property-title\">Modelnummer:&nbsp;<\/span><span\n                                        class=\"property-desc line-limit-length\">1533<\/span>\n                            <\/li>\n<li class=\"product-prop line-limit-length\"><span\n                                        class=\"property-title\">Pakken indeholder:&nbsp;<\/span><span\n                                        class=\"property-desc line-limit-length\">Fjernbetjening<\/span>\n                            <\/li>\n<li class=\"product-prop line-limit-length\"><span\n                                        class=\"property-title\">Kontrolkanaler:&nbsp;<\/span><span\n                                        class=\"property-desc line-limit-length\">9 kanaler<\/span>\n                            <\/li>\n<li class=\"product-prop line-limit-length\"><span\n                                        class=\"property-title\">Fjernbetjening:&nbsp;<\/span><span\n                                        class=\"property-desc line-limit-length\">Ja<\/span>\n                            <\/li>\n<li class=\"product-prop line-limit-length\"><span\n                                        class=\"property-title\">Materiale:&nbsp;<\/span><span\n                                        class=\"property-desc line-limit-length\">Plast<\/span>\n                            <\/li>\n<li class=\"product-prop line-limit-length\"><span\n                                        class=\"property-title\">Anbefalet alder:&nbsp;<\/span><span\n                                        class=\"property-desc line-limit-length\">3-6 \u00e5r<\/span>\n                            <\/li>\n<li class=\"product-prop line-limit-length\"><span\n                                        class=\"property-title\">Oprindelse:&nbsp;<\/span><span\n                                        class=\"property-desc line-limit-length\">Kinas fastland<\/span>\n                            <\/li>\n<li class=\"product-prop line-limit-length\"><span\n                                        class=\"property-title\">Type:&nbsp;<\/span><span\n                                        class=\"property-desc line-limit-length\">Bil<\/span>\n                            <\/li>\n<li class=\"product-prop line-limit-length\"><span\n                                        class=\"property-title\">Funktioner:&nbsp;<\/span><span\n                                        class=\"property-desc line-limit-length\">FJERNBETJENING<\/span>\n                            <\/li>\n<li class=\"product-prop line-limit-length\"><span\n                                        class=\"property-title\">M\u00e6rke:&nbsp;<\/span><span\n                                        class=\"property-desc line-limit-length\">VEVOR<\/span>\n                            <\/li>\n<li class=\"product-prop line-limit-length\"><span\n                                        class=\"property-title\">Alder:&nbsp;<\/span><span\n                                        class=\"property-desc line-limit-length\">8+<\/span>\n                            <\/li>\n<li class=\"product-prop line-limit-length\"><span\n                                        class=\"property-title\">Maksimal hastighed:&nbsp;<\/span><span\n                                        class=\"property-desc line-limit-length\">105 fod\/min (32 m\/min)<\/span>\n                            <\/li>\n<li class=\"product-prop line-limit-length\"><span\n                                        class=\"property-title\">Kanaler:&nbsp;<\/span><span\n                                        class=\"property-desc line-limit-length\">9<\/span>\n                            <\/li>\n<li class=\"product-prop line-limit-length\"><span\n                                        class=\"property-title\">Type:&nbsp;<\/span><span\n                                        class=\"property-desc line-limit-length\">RC-dumper<\/span>\n                            <\/li>\n<li class=\"product-prop line-limit-length\"><span\n                                        class=\"property-title\">Materiale:&nbsp;<\/span><span\n                                        class=\"property-desc line-limit-length\">Metallad + Metalkabine + ABS-plastikskal<\/span>\n                            <\/li>\n<li class=\"product-prop line-limit-length\"><span\n                                        class=\"property-title\">Belastningskapacitet:&nbsp;<\/span><span\n                                        class=\"property-desc line-limit-length\">2,72 kg<\/span>\n                            <\/li>\n<li class=\"product-prop line-limit-length\"><span\n                                        class=\"property-title\">Produktv\u00e6gt:&nbsp;<\/span><span\n                                        class=\"property-desc line-limit-length\">1,04 kg<\/span>\n                            <\/li>\n<\/ul><\/div>\n<div class=\"detailmodule_html\">\n<div class=\"detail-desc-decorate-richtext\">\n<div style=\"font-family:&quot;Open sans&quot;, Arial, Helvetica, sans-serif\">\n<div><img decoding=\"async\" style=\"width:100%\" width=\"100%\" src=\"https:\/\/d2qc09rl1gfuof.cloudfront.net\/vevor\/boutique-banner\/pc\/banner-en.jpg\" slate-data-type=\"image\"\/><\/div>\n<div>\n<div style=\"font-size:16px;font-weight:bold;text-align:center;color:rgb(34, 34, 34);margin:24px 0px;margin-bottom:24px;margin-top:24px;margin-left:0px;margin-right:0px\" align=\"center\">Byg, k\u00f8r, forestil dig: Det ultimative RC-dumper-eventyr!<\/div>\n<div><img decoding=\"async\" style=\"width:100%\" width=\"100%\" src=\"https:\/\/d2qc09rl1gfuof.cloudfront.net\/product\/CDXJSCZ9TDKCLK4N4\/rc-dump-truck-a100-1.4-pt.jpg\" slate-data-type=\"image\"\/><\/div>\n<div style=\"font-size:14px;text-align:center;color:rgb(34, 34, 34);margin:16px 0px 24px;margin-bottom:24px;margin-top:16px;margin-left:0px;margin-right:0px\" align=\"center\">Oplev sp\u00e6ndingen ved rigtig drift med denne fjernstyrede lastbil! Med et one-touch-display af funktioner som lad, batterirum og simuleret hydraulisk stang f\u00f8les det pr\u00e6cis som i den \u00e6gte vare. Lydeffekterne og de skridsikre gummihjul g\u00f8r det endnu sjovere!<\/div>\n<\/div>\n<div>\n<div style=\"font-size:16px;font-weight:bold;text-align:center;color:rgb(34, 34, 34);margin:24px 0px;margin-bottom:24px;margin-top:24px;margin-left:0px;margin-right:0px\" align=\"center\"><\/div>\n<div style=\"margin:8px 0px;margin-bottom:8px;margin-top:8px;margin-left:0px;margin-right:0px\"><img decoding=\"async\" style=\"width:100%\" width=\"100%\" src=\"https:\/\/d2qc09rl1gfuof.cloudfront.net\/product\/CDXJSCZ9TDKCLK4N4\/rc-dump-truck-a100-2.2-pt.jpg\" slate-data-type=\"image\"\/><\/div>\n<div style=\"font-size:14px;text-align:center;color:rgb(34, 34, 34);margin:16px 0px 24px;margin-bottom:24px;margin-top:16px;margin-left:0px;margin-right:0px\" align=\"center\">K\u00f8r ubesv\u00e6ret p\u00e5 ethvert terr\u00e6n! Denne fjernstyrede tipvogn h\u00e5ndterer uj\u00e6vne stier og j\u00e6vne veje, hvilket giver en sp\u00e6ndende tur. Nyd forskellige k\u00f8retilstande og udforsk forskellige milj\u00f8er.<\/div>\n<\/div>\n<div>\n<div style=\"font-size:16px;font-weight:bold;text-align:center;color:rgb(34, 34, 34);margin:24px 0px;margin-bottom:24px;margin-top:24px;margin-left:0px;margin-right:0px\" align=\"center\"><\/div>\n<div style=\"margin:8px 0px;margin-bottom:8px;margin-top:8px;margin-left:0px;margin-right:0px\"><img decoding=\"async\" style=\"width:100%\" width=\"100%\" src=\"https:\/\/d2qc09rl1gfuof.cloudfront.net\/product\/CDXJSCZ9TDKCLK4N4\/rc-dump-truck-a100-2.3-pt.jpg\" slate-data-type=\"image\"\/><\/div>\n<div style=\"font-size:14px;text-align:center;color:rgb(34, 34, 34);margin:16px 0px 24px;margin-bottom:24px;margin-top:16px;margin-left:0px;margin-right:0px\" align=\"center\">B\u00f8rn kan dykke ned i en byggepladssimulering med dette fjernstyrede lastbilleget\u00f8j, der er lavet af materialer af h\u00f8j kvalitet. Lyd- og lyseffekterne skaber en livagtig oplevelse, der viser, hvad en rigtig lastbil g\u00f8r, og bidrager til den interaktive sjov.<\/div>\n<\/div>\n<div>\n<div style=\"font-size:16px;font-weight:bold;text-align:center;color:rgb(34, 34, 34);margin:24px 0px;margin-bottom:24px;margin-top:24px;margin-left:0px;margin-right:0px\" align=\"center\"><\/div>\n<div style=\"margin:8px 0px;margin-bottom:8px;margin-top:8px;margin-left:0px;margin-right:0px\"><img decoding=\"async\" style=\"width:100%\" width=\"100%\" src=\"https:\/\/d2qc09rl1gfuof.cloudfront.net\/product\/CDXJSCZ9TDKCLK4N4\/rc-dump-truck-a100-2.4-pt.jpg\" slate-data-type=\"image\"\/><\/div>\n<div style=\"font-size:14px;text-align:center;color:rgb(34, 34, 34);margin:16px 0px 24px;margin-bottom:24px;margin-top:16px;margin-left:0px;margin-right:0px\" align=\"center\">Betjen din fjernbetjente tipvogn fra op til 30 meters afstand og giv dine sandkassescener liv! Den oplades hurtigt og holder l\u00e6nge, s\u00e5 du kan nyde uendelig leg uden at bekymre dig om batteriet.<\/div>\n<\/div>\n<div>\n<div style=\"font-size:16px;font-weight:bold;text-align:center;color:rgb(34, 34, 34);margin:24px 0px;margin-bottom:24px;margin-top:24px;margin-left:0px;margin-right:0px\" align=\"center\"><\/div>\n<div style=\"margin:8px 0px;margin-bottom:8px;margin-top:8px;margin-left:0px;margin-right:0px\"><img decoding=\"async\" style=\"width:100%\" width=\"100%\" src=\"https:\/\/d2qc09rl1gfuof.cloudfront.net\/product\/CDXJSCZ9TDKCLK4N4\/rc-dump-truck-a100-2.5-pt.jpg\" slate-data-type=\"image\"\/><\/div>\n<div style=\"font-size:14px;text-align:center;color:rgb(34, 34, 34);margin:16px 0px 24px;margin-bottom:24px;margin-top:16px;margin-left:0px;margin-right:0px\" align=\"center\">Dette leget\u00f8j med dumptruck \u00f8ger kreativiteten og hj\u00e6lper b\u00f8rn med at udvikle deres praktiske f\u00e6rdigheder og rumlige bevidsthed. Uanset om de bygger en miniby eller skaber et dr\u00f8mmehus, kan b\u00f8rn lade deres fantasi f\u00e5 frit l\u00f8b med denne sjove gave.<\/div>\n<\/div>\n<div style=\"margin:24px 0px;margin-bottom:24px;margin-top:24px;margin-left:0px;margin-right:0px\">\n<div style=\"font-size:16px;font-weight:bold;color:rgb(34, 34, 34);margin:24px 0px 16px;margin-bottom:16px;margin-top:24px;margin-left:0px;margin-right:0px\">Funktioner og detaljer<\/div>\n<ul style=\"margin:16px 0px 24px;margin-bottom:24px;margin-top:16px;margin-left:0px;margin-right:0px\">\n<li style=\"font-size:14px;color:rgb(34, 34, 34)\">\n<p>9-kanals sjov: Denne fjernstyrede lastbil er fyldt med 9 kanaler til styring for realistisk leg. Funktioner som en aluf\u00e6lge, batterirum og simuleret hydraulisk stang f\u00e5r den til at f\u00f8les pr\u00e6cis som den \u00e6gte vare. Plus, med simulerede lyde og skridsikre gummihjul er det masser af sjov!<\/p>\n<\/li>\n<li style=\"font-size:14px;color:rgb(34, 34, 34)\">\n<p>Bygget til at holde: Denne fjernbetjente tipvogn er lavet af holdbare materialer, herunder et robust aluminiumslad, batterirum og simuleret hydraulisk stang, og h\u00e5ndterer nemt over 2,7 kg last. Den er robust nok til at f\u00f8lge med i alle de eventyr, dine b\u00f8rn kan dr\u00f8mme om.<\/p>\n<\/li>\n<li style=\"font-size:14px;color:rgb(34, 34, 34)\">\n<p>Kraftig 4WD-ydeevne: Den fjernstyrede dumptrucks st\u00e6rke 4-hjulstr\u00e6k g\u00f8r det muligt for den at klare gr\u00e6s, veje og sand uden at svede h\u00e5rdt. P\u00e5 glatte overflader kan den suse afsted med hastigheder p\u00e5 op til 32 m\/min, hvilket g\u00f8r hver tur sp\u00e6ndende.<\/p>\n<\/li>\n<li style=\"font-size:14px;color:rgb(34, 34, 34)\">\n<p>Fjernbetjeningsr\u00e6kkevidde p\u00e5 op til 30 meter: Med en fjernbetjeningsr\u00e6kkevidde p\u00e5 op til 30 meter kan b\u00f8rn styre og betjene den fjernbetjente dumper p\u00e5 afstand, hvilket forbedrer deres koordinations- og tidsstyringsevner. Nyd nem styring over lange afstande og hurtig genopladning \u2013 kun 1-2 timers opladning giver op til 40 minutters spilletid.<\/p>\n<\/li>\n<li style=\"font-size:14px;color:rgb(34, 34, 34)\">\n<p>Sjov for hele familien: Dette lastbilleget\u00f8j er perfekt til sololeg eller familiesjov. For\u00e6ldre og b\u00f8rn kan g\u00e5 sammen om at udforske, designe og bygge sammen, hvilket g\u00f8r det til en fantastisk m\u00e5de at knytte b\u00e5nd og s\u00e6tte gang i kreativiteten. Det er tid til at forberede en lastbil og begive sig ud p\u00e5 et sp\u00e6ndende eventyr!<\/p>\n<\/li>\n<\/ul>\n<\/div>\n<div>\n<div>\n<div style=\"margin:16px 0px 24px;margin-bottom:24px;margin-top:16px;margin-left:0px;margin-right:0px\"><img decoding=\"async\" style=\"width:100%\" width=\"100%\" src=\"https:\/\/d2qc09rl1gfuof.cloudfront.net\/product\/CDXJSCZ9TDKCLK4N4\/rc-dump-truck-a100-1.11-pt.jpg\" slate-data-type=\"image\"\/><\/div>\n<\/div>\n<\/div>\n<\/div>\n<div><\/div>\n<\/div>\n<\/div>\n<p><\/p>","protected":false},"excerpt":{"rendered":"<p>Hign-concerned Chemical:&nbsp;None Is Electric:&nbsp;No battery Barcode:&nbsp;No Flight Time:&nbsp;40 minutes Remote Distance:&nbsp;100 FT Scale:&nbsp;1:18 Dimensions:&nbsp;11 x 6.1 x 6.9 in\/28 x 15.5 x 17.5 cm Model Number:&nbsp;1533 Package Includes:&nbsp;Remote Controller Control<\/p>","protected":false},"featured_media":25264,"comment_status":"open","ping_status":"closed","template":"","meta":{"_acf_changed":false},"product_brand":[],"product_cat":[519],"product_tag":[],"class_list":{"0":"post-25263","1":"product","2":"type-product","3":"status-publish","4":"has-post-thumbnail","6":"product_cat-rc-cars","8":"first","9":"instock","10":"shipping-taxable","11":"purchasable","12":"product-type-variable"},"acf":[],"_links":{"self":[{"href":"https:\/\/www.electricstore.eu\/da\/wp-json\/wp\/v2\/product\/25263","targetHints":{"allow":["GET"]}}],"collection":[{"href":"https:\/\/www.electricstore.eu\/da\/wp-json\/wp\/v2\/product"}],"about":[{"href":"https:\/\/www.electricstore.eu\/da\/wp-json\/wp\/v2\/types\/product"}],"replies":[{"embeddable":true,"href":"https:\/\/www.electricstore.eu\/da\/wp-json\/wp\/v2\/comments?post=25263"}],"wp:featuredmedia":[{"embeddable":true,"href":"https:\/\/www.electricstore.eu\/da\/wp-json\/wp\/v2\/media\/25264"}],"wp:attachment":[{"href":"https:\/\/www.electricstore.eu\/da\/wp-json\/wp\/v2\/media?parent=25263"}],"wp:term":[{"taxonomy":"product_brand","embeddable":true,"href":"https:\/\/www.electricstore.eu\/da\/wp-json\/wp\/v2\/product_brand?post=25263"},{"taxonomy":"product_cat","embeddable":true,"href":"https:\/\/www.electricstore.eu\/da\/wp-json\/wp\/v2\/product_cat?post=25263"},{"taxonomy":"product_tag","embeddable":true,"href":"https:\/\/www.electricstore.eu\/da\/wp-json\/wp\/v2\/product_tag?post=25263"}],"curies":[{"name":"wp","href":"https:\/\/api.w.org\/{rel}","templated":true}]}}