{"id":25029,"date":"2025-05-20T18:44:02","date_gmt":"2025-05-20T18:44:02","guid":{"rendered":"https:\/\/electricstore.eu\/p\/uncategorized\/vevor-13500lbs-electric-winch-car-truck-winch-with-80ft-synthetic-rope-wireless-wired-remote-control-for-towing-off-road-suv\/"},"modified":"2025-05-20T18:47:45","modified_gmt":"2025-05-20T18:47:45","slug":"vevor-13500lbs-electric-winch-car-truck-winch-with-80ft-synthetic-rope-wireless-wired-remote-control-for-towing-off-road-suv","status":"publish","type":"product","link":"https:\/\/www.electricstore.eu\/da\/p\/o\/electric-winches\/vevor-13500lbs-electric-winch-car-truck-winch-with-80ft-synthetic-rope-wireless-wired-remote-control-for-towing-off-road-suv\/","title":{"rendered":"VEVOR 13500lbs elektrisk spil til bil og lastbil med 80 fod syntetisk reb tr\u00e5dl\u00f8s og kablet fjernbetjening til bugsering af terr\u00e6ng\u00e5ende SUV&#039;er"},"content":{"rendered":"<div class=\"product-specs-list-container\">\n<ul class=\"product-specs-list util-clearfix\">\n<li class=\"product-prop line-limit-length\"><span\n                                        class=\"property-title\">Meget bekymret kemikalie:&nbsp;<\/span><span\n                                        class=\"property-desc line-limit-length\">Ingen<\/span>\n                            <\/li>\n<li class=\"product-prop line-limit-length\"><span\n                                        class=\"property-title\">Oprindelse:&nbsp;<\/span><span\n                                        class=\"property-desc line-limit-length\">Kinas fastland<\/span>\n                            <\/li>\n<li class=\"product-prop line-limit-length\"><span\n                                        class=\"property-title\">M\u00e6rkenavn:&nbsp;<\/span><span\n                                        class=\"property-desc line-limit-length\">VEVOR<\/span>\n                            <\/li>\n<li class=\"product-prop line-limit-length\"><span\n                                        class=\"property-title\">Type:&nbsp;<\/span><span\n                                        class=\"property-desc line-limit-length\">Magt<\/span>\n                            <\/li>\n<li class=\"product-prop line-limit-length\"><span\n                                        class=\"property-title\">M\u00e6rke:&nbsp;<\/span><span\n                                        class=\"property-desc line-limit-length\">VEVOR<\/span>\n                            <\/li>\n<li class=\"product-prop line-limit-length\"><span\n                                        class=\"property-title\">Nominel linjetr\u00e6kkapacitet:&nbsp;<\/span><span\n                                        class=\"property-desc line-limit-length\">6123 kg<\/span>\n                            <\/li>\n<li class=\"product-prop line-limit-length\"><span\n                                        class=\"property-title\">Rebmateriale:&nbsp;<\/span><span\n                                        class=\"property-desc line-limit-length\">Polyethylen, 12 strenge<\/span>\n                            <\/li>\n<li class=\"product-prop line-limit-length\"><span\n                                        class=\"property-title\">Fjernbetjening:&nbsp;<\/span><span\n                                        class=\"property-desc line-limit-length\">Tr\u00e5dl\u00f8s + Kablet fjernbetjening<\/span>\n                            <\/li>\n<li class=\"product-prop line-limit-length\"><span\n                                        class=\"property-title\">Sp\u00e6nding\/hestekr\u00e6fter:&nbsp;<\/span><span\n                                        class=\"property-desc line-limit-length\">12V DC\/6,6 HK<\/span>\n                            <\/li>\n<li class=\"product-prop line-limit-length\"><span\n                                        class=\"property-title\">Gearforhold:&nbsp;<\/span><span\n                                        class=\"property-desc line-limit-length\">195.8:1<\/span>\n                            <\/li>\n<li class=\"product-prop line-limit-length\"><span\n                                        class=\"property-title\">Type:&nbsp;<\/span><span\n                                        class=\"property-desc line-limit-length\">Elektrisk spil<\/span>\n                            <\/li>\n<li class=\"product-prop line-limit-length\"><span\n                                        class=\"property-title\">Materiale:&nbsp;<\/span><span\n                                        class=\"property-desc line-limit-length\">Legeret aluminium, st\u00e5l, kobber, plastik (PPS og PA osv.)<\/span>\n                            <\/li>\n<li class=\"product-prop line-limit-length\"><span\n                                        class=\"property-title\">Tr\u00e5dl\u00f8s fjernbetjeningsafstand:&nbsp;<\/span><span\n                                        class=\"property-desc line-limit-length\">20 m<\/span>\n                            <\/li>\n<li class=\"product-prop line-limit-length\"><span\n                                        class=\"property-title\">Vandt\u00e6thedsklassificering:&nbsp;<\/span><span\n                                        class=\"property-desc line-limit-length\">IP55<\/span>\n                            <\/li>\n<li class=\"product-prop line-limit-length\"><span\n                                        class=\"property-title\">Rebspecifikationer:&nbsp;<\/span><span\n                                        class=\"property-desc line-limit-length\">3\/8 tommer x 80 fod\/1,0 x 2438,4 cm<\/span>\n                            <\/li>\n<\/ul><\/div>\n<div class=\"detailmodule_dynamic\"><kse:widget data-widget-type=\"customText\" id=\"1005000000790434\" type=\"relation\"><\/kse:widget><\/div>\n<div class=\"detailmodule_html\">\n<div class=\"detail-desc-decorate-richtext\">\n<div style=\"font-family:&quot;Open sans&quot;, Arial, Helvetica, sans-serif\">\n<div><img decoding=\"async\" style=\"width:100%\" width=\"100%\" src=\"https:\/\/d2qc09rl1gfuof.cloudfront.net\/vevor\/boutique-banner\/pc\/banner-en.jpg\" slate-data-type=\"image\"\/><\/div>\n<div>\n<div style=\"font-size:16px;font-weight:bold;text-align:center;color:rgb(34, 34, 34);margin:24px 0px;margin-bottom:24px;margin-top:24px;margin-left:0px;margin-right:0px\" align=\"center\">13500 lbs elektrisk spil, tackl offroad-eventyr med selvtillid<\/div>\n<div><img decoding=\"async\" style=\"width:100%\" width=\"100%\" src=\"https:\/\/d2qc09rl1gfuof.cloudfront.net\/product\/DDHCSJPYXWXYBQ8X5\/electric-winch-a100-1.4-pt.jpg\" slate-data-type=\"image\"\/><\/div>\n<div style=\"font-size:14px;text-align:center;color:rgb(34, 34, 34);margin:16px 0px 24px;margin-bottom:24px;margin-top:16px;margin-left:0px;margin-right:0px\" align=\"center\">Vores kraftige lastbilspil har en linetr\u00e6kkapacitet p\u00e5 6500 kg og en IP55 vandt\u00e6thedsklassificering, perfekt til at befri dine terr\u00e6ng\u00e5ende k\u00f8ret\u00f8jer eller SUV fra kl\u00e6brige mudderhuller eller kraftig regn. Med en 12V DC\/6,6 HK kobbermotor, 195,8:1 gearforhold og syntetisk reb er du altid forberedt.<\/div>\n<\/div>\n<div>\n<div style=\"margin:8px 0px;margin-bottom:8px;margin-top:8px;margin-left:0px;margin-right:0px\"><img decoding=\"async\" style=\"width:100%\" width=\"100%\" src=\"https:\/\/d2qc09rl1gfuof.cloudfront.net\/product\/DDHCSJPYXWXYBQ8X5\/electric-winch-a100-2.2-pt.jpg\" slate-data-type=\"image\"\/><\/div>\n<div style=\"font-size:14px;text-align:center;color:rgb(34, 34, 34);margin:16px 0px 24px;margin-bottom:24px;margin-top:16px;margin-left:0px;margin-right:0px\" align=\"center\">Vores elektriske spil er drevet af en robust 12V DC\/6,6 HK kobbermotor, der leverer ensartet og effektiv kraft hver gang. Med en avanceret planetgearops\u00e6tning og et gearforhold p\u00e5 195,8:1 f\u00e5r du en j\u00e6vn og p\u00e5lidelig linetr\u00e6kkapacitet, selv i barske vejrforhold eller dybt mudder.<\/div>\n<\/div>\n<div>\n<div style=\"margin:8px 0px;margin-bottom:8px;margin-top:8px;margin-left:0px;margin-right:0px\"><img decoding=\"async\" style=\"width:100%\" width=\"100%\" src=\"https:\/\/d2qc09rl1gfuof.cloudfront.net\/product\/DDHCSJPYXWXYBQ8X5\/electric-winch-a100-2.3-pt.jpg\" slate-data-type=\"image\"\/><\/div>\n<div style=\"font-size:14px;text-align:center;color:rgb(34, 34, 34);margin:16px 0px 24px;margin-bottom:24px;margin-top:16px;margin-left:0px;margin-right:0px\" align=\"center\">Vores elektriske spil til lastbiler er designet med et h\u00f8jkvalitetskabel, der har r\u00f8de markeringer p\u00e5 de sidste 5 ruller for ekstra sikkerhed. Det har en IP55 vandt\u00e6thedsklassificering og en robust sort mat finish, s\u00e5 det kan modst\u00e5 kraftig regn og barske forhold uden problemer.<\/div>\n<\/div>\n<div>\n<div style=\"margin:8px 0px;margin-bottom:8px;margin-top:8px;margin-left:0px;margin-right:0px\"><img decoding=\"async\" style=\"width:100%\" width=\"100%\" src=\"https:\/\/d2qc09rl1gfuof.cloudfront.net\/product\/DDHCSJPYXWXYBQ8X5\/electric-winch-a100-2.4-pt.jpg\" slate-data-type=\"image\"\/><\/div>\n<div style=\"font-size:14px;text-align:center;color:rgb(34, 34, 34);margin:16px 0px 24px;margin-bottom:24px;margin-top:16px;margin-left:0px;margin-right:0px\" align=\"center\">Vores spiltov til lastbiler er bygget til at h\u00e5ndtere barske udfordringer og modst\u00e5r barske elementer og ekstreme temperaturer, hvilket muligg\u00f8r forskellige tr\u00e6kopgaver med nominel tr\u00e6kkapacitet uden at kn\u00e6kke. Derudover f\u00e5r du med tydelige lastmarkeringer p\u00e5 hvert lag b\u00e5de overlegen materialeintegritet og tr\u00e6ksikkerhed.<\/div>\n<\/div>\n<div>\n<div style=\"margin:8px 0px;margin-bottom:8px;margin-top:8px;margin-left:0px;margin-right:0px\"><img decoding=\"async\" style=\"width:100%\" width=\"100%\" src=\"https:\/\/d2qc09rl1gfuof.cloudfront.net\/product\/DDHCSJPYXWXYBQ8X5\/electric-winch-a100-2.5-pt.jpg\" slate-data-type=\"image\"\/><\/div>\n<div style=\"font-size:14px;text-align:center;color:rgb(34, 34, 34);margin:16px 0px 24px;margin-bottom:24px;margin-top:16px;margin-left:0px;margin-right:0px\" align=\"center\">Vores 12 volt spil har farvekodede str\u00f8mkabler for hurtig og fejlfri ops\u00e6tning. De tr\u00e5dl\u00f8se fjernbetjeninger hj\u00e6lper med at betjene k\u00f8ret\u00f8jets selvredning uden forhindringer inden for en r\u00e6kkevidde af 20 m. Vi har ogs\u00e5 en fjernbetjening med kabel, der giver dig al den kontrol, du har brug for.<\/div>\n<\/div>\n<div style=\"margin:16px 0px 24px;margin-bottom:24px;margin-top:16px;margin-left:0px;margin-right:0px\"><\/div>\n<div style=\"margin:24px 0px;margin-bottom:24px;margin-top:24px;margin-left:0px;margin-right:0px\">\n<div style=\"font-size:16px;font-weight:bold;color:rgb(34, 34, 34);margin:24px 0px 16px;margin-bottom:16px;margin-top:24px;margin-left:0px;margin-right:0px\">Funktioner og detaljer<\/div>\n<ul style=\"margin:16px 0px 24px;margin-bottom:24px;margin-top:16px;margin-left:0px;margin-right:0px\">\n<li style=\"font-size:14px;color:rgb(34, 34, 34)\">\n<p>Dit k\u00f8ret\u00f8js backupkraft: Vores kraftige elektriske spil er specielt designet til terr\u00e6ng\u00e5ende bj\u00e6rgning og opgraderer linetr\u00e6kkapaciteten til op til 5.600 kg. N\u00e5r dit k\u00f8ret\u00f8j sidder fast i mudder eller i et skybrud, giver dette spil den ekstra drivkraft, du har brug for, for hurtigt at komme tilbage p\u00e5 sporet. Det er ikke kun til terr\u00e6ng\u00e5ende k\u00f8ret\u00f8jer og SUV&#039;er, men ogs\u00e5 fantastisk til at transportere tunge l\u00e6s som t\u00f8mmer. Tackl enhver forhindring med selvtillid og kraft!<\/p>\n<\/li>\n<li style=\"font-size:14px;color:rgb(34, 34, 34)\">\n<p>Kraft der f\u00e5r dig ud af enhver trafikproppe: Vores lastbilspil drives af en 12V DC\/6,6 HK kobbermotor, der leverer ensartet kraft, n\u00e5r du har mest brug for det. Med et avanceret 3-trins planetgearsystem og et gearforhold p\u00e5 195,8:1 sikrer dette spil en kraftig tr\u00e6kkapacitet, selv i h\u00e5rdt vejr og dyb mudder. G\u00f8r dig klar til at tackle enhver udfordring med selvtillid!<\/p>\n<\/li>\n<li style=\"font-size:14px;color:rgb(34, 34, 34)\">\n<p>Letv\u00e6gts syntetisk reb: M\u00f8d det ultimative inden for rebydelse. Vores spil til lastbil leveres med et 12-tr\u00e5det reb af h\u00f8jdensitetspolyethylen, der er robust, men alligevel let, hvilket g\u00f8r det perfekt til ethvert offroad-eventyr. Det synker ikke i vand og kan modst\u00e5 alle former for udend\u00f8rs belastning. Derudover er der klare r\u00f8de markeringer p\u00e5 de sidste 5 ruller for nem synlighed, hvilket sikrer, at du altid er klar til action med b\u00e5de sikkerhed og styrke.<\/p>\n<\/li>\n<li style=\"font-size:14px;color:rgb(34, 34, 34)\">\n<p>Brugervenlighed, problemfri betjening: Vores 12 volt spil tilbyder b\u00e5de tr\u00e5dl\u00f8se og kablede fjernbetjeningsmuligheder, der passer til dine behov. Den brugervenlige tr\u00e5dl\u00f8se fjernbetjening giver dig mulighed for at h\u00e5ndtere bj\u00e6rgning af k\u00f8ret\u00f8jet ubesv\u00e6ret inden for en r\u00e6kkevidde af 20 m, mens den kablede fjernbetjening giver et p\u00e5lideligt alternativ til pr\u00e6cis, praktisk kontrol. Nyd fleksibilitet og bekvemmelighed med begge kontroltilstande for at g\u00f8re bj\u00e6rgningen af k\u00f8ret\u00f8jet s\u00e5 gnidningsfri som muligt.<\/p>\n<\/li>\n<li style=\"font-size:14px;color:rgb(34, 34, 34)\">\n<p>Ro i sindet Bugseringsevne: H\u00e5rdt vejr? Intet problem! Vores elektriske spil er bygget med en IP55 vandt\u00e6thedsklassificering og en elegant sort mat finish, der forbedrer rustbestandighed og isolering. Den er klar til at klare kraftig regn, mudder eller andre barske milj\u00f8er. Farvekodede str\u00f8mkabler og letforst\u00e5elige instruktioner betyder, at du nemt kan s\u00e6tte den op, s\u00e5 du kan nyde turen igen.<\/p>\n<\/li>\n<\/ul>\n<\/div>\n<div>\n<div>\n<div style=\"margin:16px 0px 24px;margin-bottom:24px;margin-top:16px;margin-left:0px;margin-right:0px\"><img decoding=\"async\" style=\"width:100%\" width=\"100%\" src=\"https:\/\/d2qc09rl1gfuof.cloudfront.net\/product\/DDHCSJPYXWXYBQ8X5\/electric-winch-a100-1.11-pt.jpg\" slate-data-type=\"image\"\/><\/div>\n<\/div>\n<\/div>\n<\/div>\n<div><\/div>\n<\/div>\n<\/div>\n<div class=\"detailmodule_dynamic\"><kse:widget data-widget-type=\"customText\" id=\"1005000000397265\" type=\"custom\"><\/kse:widget><\/div>\n<p><\/p>","protected":false},"excerpt":{"rendered":"<p>Hign-concerned Chemical:&nbsp;None Origin:&nbsp;Mainland China Brand Name:&nbsp;VEVOR Type:&nbsp;Power Brand:&nbsp;VEVOR Rated Line Pull Capacity:&nbsp;13500 lbs\/6123 kg Rope Material:&nbsp;Polyethylene, 12 Strands Remote Control:&nbsp;Wireless + Wired Remote Control Voltage\/Horsepower:&nbsp;12V DC\/6.6 HP Gear Ratio:&nbsp;195.8:1 Type:&nbsp;Electric<\/p>","protected":false},"featured_media":25030,"comment_status":"open","ping_status":"closed","template":"","meta":{"_acf_changed":false},"product_brand":[],"product_cat":[522],"product_tag":[],"class_list":{"0":"post-25029","1":"product","2":"type-product","3":"status-publish","4":"has-post-thumbnail","6":"product_cat-electric-winches","8":"first","9":"instock","10":"shipping-taxable","11":"purchasable","12":"product-type-variable"},"acf":[],"_links":{"self":[{"href":"https:\/\/www.electricstore.eu\/da\/wp-json\/wp\/v2\/product\/25029","targetHints":{"allow":["GET"]}}],"collection":[{"href":"https:\/\/www.electricstore.eu\/da\/wp-json\/wp\/v2\/product"}],"about":[{"href":"https:\/\/www.electricstore.eu\/da\/wp-json\/wp\/v2\/types\/product"}],"replies":[{"embeddable":true,"href":"https:\/\/www.electricstore.eu\/da\/wp-json\/wp\/v2\/comments?post=25029"}],"wp:featuredmedia":[{"embeddable":true,"href":"https:\/\/www.electricstore.eu\/da\/wp-json\/wp\/v2\/media\/25030"}],"wp:attachment":[{"href":"https:\/\/www.electricstore.eu\/da\/wp-json\/wp\/v2\/media?parent=25029"}],"wp:term":[{"taxonomy":"product_brand","embeddable":true,"href":"https:\/\/www.electricstore.eu\/da\/wp-json\/wp\/v2\/product_brand?post=25029"},{"taxonomy":"product_cat","embeddable":true,"href":"https:\/\/www.electricstore.eu\/da\/wp-json\/wp\/v2\/product_cat?post=25029"},{"taxonomy":"product_tag","embeddable":true,"href":"https:\/\/www.electricstore.eu\/da\/wp-json\/wp\/v2\/product_tag?post=25029"}],"curies":[{"name":"wp","href":"https:\/\/api.w.org\/{rel}","templated":true}]}}