{"id":25022,"date":"2025-05-20T18:43:58","date_gmt":"2025-05-20T18:43:58","guid":{"rendered":"https:\/\/electricstore.eu\/p\/uncategorized\/vevor-motorcycle-lift-500kg-motorcycle-scissor-lift-jack-with-saddle-safety-pin-steel-motorcycle-jack-hoist-stand-for-motorbike\/"},"modified":"2025-05-20T18:47:33","modified_gmt":"2025-05-20T18:47:33","slug":"vevor-motorcycle-lift-500kg-motorcycle-scissor-lift-jack-with-saddle-safety-pin-steel-motorcycle-jack-hoist-stand-for-motorbike","status":"publish","type":"product","link":"https:\/\/www.electricstore.eu\/da\/p\/a\/vevor-motorcycle-lift-500kg-motorcycle-scissor-lift-jack-with-saddle-safety-pin-steel-motorcycle-jack-hoist-stand-for-motorbike\/","title":{"rendered":"VEVOR Motorcykel Lift 500kg Motorcykel Saksl\u00f8fterdonkraft med Sadel og Sikkerhedsstift St\u00e5l Motorcykel Donkraft L\u00f8ftestativ til Motorcykel"},"content":{"rendered":"<div class=\"product-specs-list-container\">\n<ul class=\"product-specs-list util-clearfix\">\n<li class=\"product-prop line-limit-length\"><span\n                                        class=\"property-title\">Meget bekymret kemikalie:&nbsp;<\/span><span\n                                        class=\"property-desc line-limit-length\">Ingen<\/span>\n                            <\/li>\n<li class=\"product-prop line-limit-length\"><span\n                                        class=\"property-title\">Oprindelse:&nbsp;<\/span><span\n                                        class=\"property-desc line-limit-length\">Kinas fastland<\/span>\n                            <\/li>\n<\/ul><\/div>\n<div class=\"detailmodule_html\">\n<div class=\"detail-desc-decorate-richtext\">\n<div style=\"font-family:&quot;Open sans&quot;, Arial, Helvetica, sans-serif\">\n<div><img decoding=\"async\" style=\"width:100%\" width=\"100%\" src=\"https:\/\/d2qc09rl1gfuof.cloudfront.net\/vevor\/boutique-banner\/pc\/banner-en.jpg\" slate-data-type=\"image\"\/><\/div>\n<div>\n<div style=\"font-size:16px;font-weight:bold;text-align:center;color:rgb(34, 34, 34);margin:24px 0px;margin-bottom:24px;margin-top:24px;margin-left:0px;margin-right:0px\" align=\"center\"><\/div>\n<div><img decoding=\"async\" style=\"width:100%\" width=\"100%\" src=\"https:\/\/d2qc09rl1gfuof.cloudfront.net\/product\/MTCSJJCSB1100PWQ4\/motorcycle-lift-a100-1.4.jpg\" slate-data-type=\"image\"\/><\/div>\n<div style=\"font-size:14px;text-align:center;color:rgb(34, 34, 34);margin:16px 0px 24px;margin-bottom:24px;margin-top:16px;margin-left:0px;margin-right:0px\" align=\"center\"><\/div>\n<\/div>\n<div>\n<div style=\"margin:8px 0px;margin-bottom:8px;margin-top:8px;margin-left:0px;margin-right:0px\"><img decoding=\"async\" style=\"width:100%\" width=\"100%\" src=\"https:\/\/d2qc09rl1gfuof.cloudfront.net\/product\/MTCSJJCSB1100PWQ4\/motorcycle-lift-a100-1.12.jpg\" slate-data-type=\"image\"\/><\/div>\n<\/div>\n<div>\n<div style=\"margin:8px 0px;margin-bottom:8px;margin-top:8px;margin-left:0px;margin-right:0px\"><img decoding=\"async\" style=\"width:100%\" width=\"100%\" src=\"https:\/\/d2qc09rl1gfuof.cloudfront.net\/product\/MTCSJJCSB1100PWQ4\/motorcycle-lift-a100-1.13.jpg\" slate-data-type=\"image\"\/><\/div>\n<\/div>\n<div>\n<div style=\"margin:8px 0px;margin-bottom:8px;margin-top:8px;margin-left:0px;margin-right:0px\"><img decoding=\"async\" style=\"width:100%\" width=\"100%\" src=\"https:\/\/d2qc09rl1gfuof.cloudfront.net\/product\/MTCSJJCSB1100PWQ4\/motorcycle-lift-a100-1.16.jpg\" slate-data-type=\"image\"\/><\/div>\n<\/div>\n<div>\n<div style=\"margin:8px 0px;margin-bottom:8px;margin-top:8px;margin-left:0px;margin-right:0px\"><img decoding=\"async\" style=\"width:100%\" width=\"100%\" src=\"https:\/\/d2qc09rl1gfuof.cloudfront.net\/product\/MTCSJJCSB1100PWQ4\/motorcycle-lift-a100-1.17.jpg\" slate-data-type=\"image\"\/><\/div>\n<\/div>\n<div>\n<div style=\"margin:8px 0px;margin-bottom:8px;margin-top:8px;margin-left:0px;margin-right:0px\"><img decoding=\"async\" style=\"width:100%\" width=\"100%\" src=\"https:\/\/d2qc09rl1gfuof.cloudfront.net\/product\/MTCSJJCSB1100PWQ4\/motorcycle-lift-a100-1.18.jpg\" slate-data-type=\"image\"\/><\/div>\n<\/div>\n<div>\n<div style=\"margin:8px 0px;margin-bottom:8px;margin-top:8px;margin-left:0px;margin-right:0px\"><img decoding=\"async\" style=\"width:100%\" width=\"100%\" src=\"https:\/\/d2qc09rl1gfuof.cloudfront.net\/product\/MTCSJJCSB1100PWQ4\/motorcycle-lift-a100-1.20.jpg\" slate-data-type=\"image\"\/><\/div>\n<\/div>\n<div style=\"margin:16px 0px 24px;margin-bottom:24px;margin-top:16px;margin-left:0px;margin-right:0px\"><\/div>\n<div style=\"margin:24px 0px;margin-bottom:24px;margin-top:24px;margin-left:0px;margin-right:0px\">\n<div style=\"font-size:16px;font-weight:bold;color:rgb(34, 34, 34);margin:24px 0px 16px;margin-bottom:16px;margin-top:24px;margin-left:0px;margin-right:0px\">Funktioner og detaljer<\/div>\n<ul style=\"margin:16px 0px 24px;margin-bottom:24px;margin-top:16px;margin-left:0px;margin-right:0px\">\n<li style=\"font-size:14px;color:rgb(34, 34, 34)\">\n<p>Stor v\u00e6gtb\u00e6rende kapacitet: N\u00e5r du har brug for at l\u00f8fte din motorcykel for vedligeholdelse og reng\u00f8ring, kan du bruge en VEVOR saksedonkraft til motorcykler. Gennem b\u00e6reevnetests kan donkraften sikkert holde op til 1100 lbs\/0,5 tons. Motorcykelmidterdonkraften er en god hj\u00e6lper i din garage til at l\u00f8fte dine gadecykler, cruisercykler og adventure-touringmotorcykler.<\/p>\n<\/li>\n<li style=\"font-size:14px;color:rgb(34, 34, 34)\">\n<p>Nem at betjene: L\u00f8ft din motorcykel uden ekstra v\u00e6rkt\u00f8j, svedfrit. Alt du beh\u00f8ver er et drej p\u00e5 det aftagelige metalh\u00e5ndtag for at h\u00e6ve donkraften ubesv\u00e6ret. Juster h\u00f8jden mellem 95 mm og 400 mm for nem reparation og vedligeholdelse af motorcyklen.<\/p>\n<\/li>\n<li style=\"font-size:14px;color:rgb(34, 34, 34)\">\n<p>Sikkerhed f\u00f8rst: St\u00e5l-X-rammens centrale aksel holder din motorcykel i forskellige positioner. En sikkerhedsstift med 6 positioner sikrer et sikkert l\u00f8ft, hvilket reducerer risikoen for fald og holder dig og din motorcykel sikre.<\/p>\n<\/li>\n<li style=\"font-size:14px;color:rgb(34, 34, 34)\">\n<p>Skridsikre sadler: Du kan ikke lide, at din motorcykel ryster og glider p\u00e5 den lille platform under l\u00f8ft, vel? Toppen af motorcykelliften er udstyret med to buede sadler, og overfladen er forsynet med skridsikker gummikorn for at forhindre udskridning og beskytte bunden af din motorcykel mod ridser.<\/p>\n<\/li>\n<li style=\"font-size:14px;color:rgb(34, 34, 34)\">\n<p>Fold og opbevar: Fold motorcykelstativet ned til en h\u00f8jde p\u00e5 9,6 cm for kompakt opbevaring og transport. Den pulverlakerede finish er modstandsdygtig over for olie, fedt og rust, hvilket g\u00f8r motorcykeldonkraften nem at reng\u00f8re og opbevare i din garage eller dit v\u00e6rksted. Alle dine bekymringer vil bare forsvinde.<\/p>\n<\/li>\n<\/ul>\n<\/div>\n<div>\n<div>\n<div style=\"margin:16px 0px 24px;margin-bottom:24px;margin-top:16px;margin-left:0px;margin-right:0px\"><img decoding=\"async\" style=\"width:100%\" width=\"100%\" src=\"https:\/\/d2qc09rl1gfuof.cloudfront.net\/product\/MTCSJJCSB1100PWQ4\/motorcycle-lift-a100-1.11.jpg\" slate-data-type=\"image\"\/><\/div>\n<\/div>\n<\/div>\n<\/div>\n<\/div>\n<\/div>\n<p><\/p>","protected":false},"excerpt":{"rendered":"<p>Hign-concerned Chemical:&nbsp;None Origin:&nbsp;Mainland China Features &amp; Details Large Weight-bearing Capacity: When you need to lift your motorcycle for maintenance and cleaning, you can partner with a VEVOR motorcycle scissor lift<\/p>","protected":false},"featured_media":25023,"comment_status":"open","ping_status":"closed","template":"","meta":{"_acf_changed":false},"product_brand":[],"product_cat":[525],"product_tag":[],"class_list":{"0":"post-25022","1":"product","2":"type-product","3":"status-publish","4":"has-post-thumbnail","6":"product_cat-a","8":"first","9":"instock","10":"shipping-taxable","11":"purchasable","12":"product-type-variable"},"acf":[],"_links":{"self":[{"href":"https:\/\/www.electricstore.eu\/da\/wp-json\/wp\/v2\/product\/25022","targetHints":{"allow":["GET"]}}],"collection":[{"href":"https:\/\/www.electricstore.eu\/da\/wp-json\/wp\/v2\/product"}],"about":[{"href":"https:\/\/www.electricstore.eu\/da\/wp-json\/wp\/v2\/types\/product"}],"replies":[{"embeddable":true,"href":"https:\/\/www.electricstore.eu\/da\/wp-json\/wp\/v2\/comments?post=25022"}],"wp:featuredmedia":[{"embeddable":true,"href":"https:\/\/www.electricstore.eu\/da\/wp-json\/wp\/v2\/media\/25023"}],"wp:attachment":[{"href":"https:\/\/www.electricstore.eu\/da\/wp-json\/wp\/v2\/media?parent=25022"}],"wp:term":[{"taxonomy":"product_brand","embeddable":true,"href":"https:\/\/www.electricstore.eu\/da\/wp-json\/wp\/v2\/product_brand?post=25022"},{"taxonomy":"product_cat","embeddable":true,"href":"https:\/\/www.electricstore.eu\/da\/wp-json\/wp\/v2\/product_cat?post=25022"},{"taxonomy":"product_tag","embeddable":true,"href":"https:\/\/www.electricstore.eu\/da\/wp-json\/wp\/v2\/product_tag?post=25022"}],"curies":[{"name":"wp","href":"https:\/\/api.w.org\/{rel}","templated":true}]}}