{"id":24827,"date":"2025-05-20T18:43:04","date_gmt":"2025-05-20T18:43:04","guid":{"rendered":"https:\/\/electricstore.eu\/p\/uncategorized\/vevor-4500lbs-atv-utv-electric-winch-12v-dc-with-39-ft-synthetic-rope-wireless-wired-remote-control-ip55-waterproof-for-jeeps\/"},"modified":"2025-05-20T18:44:53","modified_gmt":"2025-05-20T18:44:53","slug":"vevor-4500lbs-atv-utv-electric-winch-12v-dc-with-39-ft-synthetic-rope-wireless-wired-remote-control-ip55-waterproof-for-jeeps","status":"publish","type":"product","link":"https:\/\/www.electricstore.eu\/da\/p\/o\/electric-winches\/vevor-4500lbs-atv-utv-electric-winch-12v-dc-with-39-ft-synthetic-rope-wireless-wired-remote-control-ip55-waterproof-for-jeeps\/","title":{"rendered":"VEVOR 4500lbs ATV\/UTV Elektrisk Vinsch 12V DC med 39 fod syntetisk reb Tr\u00e5dl\u00f8s og kablet fjernbetjening IP55 Vandt\u00e6t til Jeeps"},"content":{"rendered":"<div class=\"product-specs-list-container\">\n<ul class=\"product-specs-list util-clearfix\">\n<li class=\"product-prop line-limit-length\"><span\n                                        class=\"property-title\">Meget bekymret kemikalie:&nbsp;<\/span><span\n                                        class=\"property-desc line-limit-length\">Ingen<\/span>\n                            <\/li>\n<li class=\"product-prop line-limit-length\"><span\n                                        class=\"property-title\">Oprindelse:&nbsp;<\/span><span\n                                        class=\"property-desc line-limit-length\">Kinas fastland<\/span>\n                            <\/li>\n<li class=\"product-prop line-limit-length\"><span\n                                        class=\"property-title\">M\u00e6rkenavn:&nbsp;<\/span><span\n                                        class=\"property-desc line-limit-length\">VEVOR<\/span>\n                            <\/li>\n<li class=\"product-prop line-limit-length\"><span\n                                        class=\"property-title\">M\u00e6rke:&nbsp;<\/span><span\n                                        class=\"property-desc line-limit-length\">VEVOR<\/span>\n                            <\/li>\n<li class=\"product-prop line-limit-length\"><span\n                                        class=\"property-title\">Nominel linjetr\u00e6kkapacitet:&nbsp;<\/span><span\n                                        class=\"property-desc line-limit-length\">2041 kg<\/span>\n                            <\/li>\n<li class=\"product-prop line-limit-length\"><span\n                                        class=\"property-title\">Rebmateriale:&nbsp;<\/span><span\n                                        class=\"property-desc line-limit-length\">Polyethylen, 12 strenge<\/span>\n                            <\/li>\n<li class=\"product-prop line-limit-length\"><span\n                                        class=\"property-title\">Fjernbetjening:&nbsp;<\/span><span\n                                        class=\"property-desc line-limit-length\">Tr\u00e5dl\u00f8s + Kablet fjernbetjening<\/span>\n                            <\/li>\n<li class=\"product-prop line-limit-length\"><span\n                                        class=\"property-title\">Tr\u00e5dl\u00f8s fjernbetjeningsafstand:&nbsp;<\/span><span\n                                        class=\"property-desc line-limit-length\">20 m<\/span>\n                            <\/li>\n<li class=\"product-prop line-limit-length\"><span\n                                        class=\"property-title\">Sp\u00e6nding\/hestekr\u00e6fter:&nbsp;<\/span><span\n                                        class=\"property-desc line-limit-length\">12V DC\/2,2 HK<\/span>\n                            <\/li>\n<li class=\"product-prop line-limit-length\"><span\n                                        class=\"property-title\">Gearforhold:&nbsp;<\/span><span\n                                        class=\"property-desc line-limit-length\">128.2:1<\/span>\n                            <\/li>\n<li class=\"product-prop line-limit-length\"><span\n                                        class=\"property-title\">Rebspecifikationer:&nbsp;<\/span><span\n                                        class=\"property-desc line-limit-length\">0,6 x 1188,7 cm<\/span>\n                            <\/li>\n<li class=\"product-prop line-limit-length\"><span\n                                        class=\"property-title\">Type:&nbsp;<\/span><span\n                                        class=\"property-desc line-limit-length\">Elektrisk spil<\/span>\n                            <\/li>\n<li class=\"product-prop line-limit-length\"><span\n                                        class=\"property-title\">Materiale:&nbsp;<\/span><span\n                                        class=\"property-desc line-limit-length\">Legeret aluminium, st\u00e5l, kobber, plastik (PPS og PA osv.)<\/span>\n                            <\/li>\n<\/ul><\/div>\n<div class=\"detailmodule_html\">\n<div class=\"detail-desc-decorate-richtext\">\n<div style=\"font-family:&quot;Open sans&quot;, Arial, Helvetica, sans-serif\">\n<div><img decoding=\"async\" style=\"width:100%\" width=\"100%\" src=\"https:\/\/d2qc09rl1gfuof.cloudfront.net\/vevor\/boutique-banner\/pc\/banner-en.jpg\" slate-data-type=\"image\"\/><\/div>\n<div>\n<div style=\"font-size:16px;font-weight:bold;text-align:center;color:rgb(34, 34, 34);margin:24px 0px;margin-bottom:24px;margin-top:24px;margin-left:0px;margin-right:0px\" align=\"center\">4500 lbs ATV elektrisk spil, erobr ethvert terr\u00e6n med selvtillid<\/div>\n<div><img decoding=\"async\" style=\"width:100%\" width=\"100%\" src=\"https:\/\/d2qc09rl1gfuof.cloudfront.net\/product\/ATVHCSJPYXWXMCF1O\/electric-winch-a100-1.4-pt.jpg\" slate-data-type=\"image\"\/><\/div>\n<div style=\"font-size:14px;text-align:center;color:rgb(34, 34, 34);margin:16px 0px 24px;margin-bottom:24px;margin-top:16px;margin-left:0px;margin-right:0px\" align=\"center\">Vores kraftige elektriske spil har en linetr\u00e6kkapacitet p\u00e5 1800 kg og en vandt\u00e6thedsklassificering i henhold til IP55, perfekt til at befri din ATV eller UTV fra kl\u00e6brige mudderhuller. En 12V DC\/2,2 HK permanentmagnet-kobbermotor, et gearforhold p\u00e5 128,2:1 og syntetisk reb sikrer, at du aldrig sidder fast i lang tid.<\/div>\n<\/div>\n<div>\n<div style=\"margin:8px 0px;margin-bottom:8px;margin-top:8px;margin-left:0px;margin-right:0px\"><img decoding=\"async\" style=\"width:100%\" width=\"100%\" src=\"https:\/\/d2qc09rl1gfuof.cloudfront.net\/product\/ATVHCSJPYXWXMCF1O\/electric-winch-a100-2.2-pt.jpg\" slate-data-type=\"image\"\/><\/div>\n<div style=\"font-size:14px;text-align:center;color:rgb(34, 34, 34);margin:16px 0px 24px;margin-bottom:24px;margin-top:16px;margin-left:0px;margin-right:0px\" align=\"center\">Vores elektriske spil er drevet af en robust 12V DC\/2,2 HK kobbermotor, der leverer ensartet og effektiv kraft hver gang. Med en avanceret planetgearops\u00e6tning og et gearforhold p\u00e5 128,2:1 f\u00e5r du en j\u00e6vn og p\u00e5lidelig linetr\u00e6kkapacitet, selv i barske vejrforhold eller dybt mudder.<\/div>\n<\/div>\n<div>\n<div style=\"margin:8px 0px;margin-bottom:8px;margin-top:8px;margin-left:0px;margin-right:0px\"><img decoding=\"async\" style=\"width:100%\" width=\"100%\" src=\"https:\/\/d2qc09rl1gfuof.cloudfront.net\/product\/ATVHCSJPYXWXMCF1O\/electric-winch-a100-2.3-pt.jpg\" slate-data-type=\"image\"\/><\/div>\n<div style=\"font-size:14px;text-align:center;color:rgb(34, 34, 34);margin:16px 0px 24px;margin-bottom:24px;margin-top:16px;margin-left:0px;margin-right:0px\" align=\"center\">Vores ATV-spil er designet med et h\u00f8jkvalitetskabel, der har r\u00f8de markeringer p\u00e5 de sidste 5 ruller for ekstra sikkerhed. Det har en IP55 vandt\u00e6thedsklassificering og en robust sort mat finish, s\u00e5 det kan modst\u00e5 kraftig regn og barske forhold uden problemer.<\/div>\n<\/div>\n<div>\n<div style=\"margin:8px 0px;margin-bottom:8px;margin-top:8px;margin-left:0px;margin-right:0px\"><img decoding=\"async\" style=\"width:100%\" width=\"100%\" src=\"https:\/\/d2qc09rl1gfuof.cloudfront.net\/product\/ATVHCSJPYXWXMCF1O\/electric-winch-a100-2.4-pt.jpg\" slate-data-type=\"image\"\/><\/div>\n<div style=\"font-size:14px;text-align:center;color:rgb(34, 34, 34);margin:16px 0px 24px;margin-bottom:24px;margin-top:16px;margin-left:0px;margin-right:0px\" align=\"center\">Vores UTV-spiltov er bygget til at h\u00e5ndtere barske udfordringer og modst\u00e5r barske elementer og ekstreme temperaturer, hvilket muligg\u00f8r forskellige tr\u00e6kopgaver med nominel linekapacitet uden at kn\u00e6kke. Derudover f\u00e5r du med tydelige lastmarkeringer p\u00e5 hvert lag b\u00e5de overlegen materialeintegritet og tr\u00e6ksikkerhed.<\/div>\n<\/div>\n<div>\n<div style=\"margin:8px 0px;margin-bottom:8px;margin-top:8px;margin-left:0px;margin-right:0px\"><img decoding=\"async\" style=\"width:100%\" width=\"100%\" src=\"https:\/\/d2qc09rl1gfuof.cloudfront.net\/product\/ATVHCSJPYXWXMCF1O\/electric-winch-a100-2.5-pt.jpg\" slate-data-type=\"image\"\/><\/div>\n<div style=\"font-size:14px;text-align:center;color:rgb(34, 34, 34);margin:16px 0px 24px;margin-bottom:24px;margin-top:16px;margin-left:0px;margin-right:0px\" align=\"center\">Sig farvel til forvirring med ledninger! Vores 12 volt spil har farvekodede str\u00f8mkabler for hurtig og fejlfri ops\u00e6tning. Med den kablede fjernbetjening skal du blot tilslutte str\u00f8mledningerne, og s\u00e5 er du klar til problemfri og effektiv bj\u00e6rgning af k\u00f8ret\u00f8jet.<\/div>\n<\/div>\n<div style=\"margin:16px 0px 24px;margin-bottom:24px;margin-top:16px;margin-left:0px;margin-right:0px\"><\/div>\n<div style=\"margin:24px 0px;margin-bottom:24px;margin-top:24px;margin-left:0px;margin-right:0px\">\n<div style=\"font-size:16px;font-weight:bold;color:rgb(34, 34, 34);margin:24px 0px 16px;margin-bottom:16px;margin-top:24px;margin-left:0px;margin-right:0px\">Funktioner og detaljer<\/div>\n<ul style=\"margin:16px 0px 24px;margin-bottom:24px;margin-top:16px;margin-left:0px;margin-right:0px\">\n<li style=\"font-size:14px;color:rgb(34, 34, 34)\">\n<p>Dit k\u00f8ret\u00f8js backupkraft: Vores kraftige elektriske spil er specielt designet til bj\u00e6rgning i terr\u00e6n og tilbyder en kraftig linetr\u00e6kkapacitet p\u00e5 1800 kg. N\u00e5r dit k\u00f8ret\u00f8j sidder fast i mudder eller i et skybrud, giver dette spil den ekstra drivkraft, du har brug for, for hurtigt at komme tilbage p\u00e5 sporet. Ideelt til bugseringsopgaver for sm\u00e5 k\u00f8ret\u00f8jer som ATV&#039;er og UTV&#039;er, s\u00e5 dine eventyr aldrig g\u00e5r i st\u00e5.<\/p>\n<\/li>\n<li style=\"font-size:14px;color:rgb(34, 34, 34)\">\n<p>Kraft der f\u00e5r dig ud af enhver knibe: Vores ATV-spil er drevet af en robust 12V DC\/2,2 HK permanentmagnet-kobbermotor, der leverer kontinuerlig og effektiv kraft, n\u00e5r du har mest brug for det. Med et avanceret planetgearsystem og et gearforhold p\u00e5 128,2:1 sikrer det p\u00e5lidelig og kraftfuld tr\u00e6kstyrke. Uanset om du st\u00e5r over for h\u00e5rdt vejr eller dyb mudder, har dette spil dig d\u00e6kket, hvilket g\u00f8r bj\u00e6rgning af k\u00f8ret\u00f8jet ubesv\u00e6ret og p\u00e5lidelig.<\/p>\n<\/li>\n<li style=\"font-size:14px;color:rgb(34, 34, 34)\">\n<p>Letv\u00e6gts syntetisk reb: M\u00f8d det ultimative inden for rebydelse. Vores UTV-spil leveres med et 12-tr\u00e5det reb af h\u00f8jdensitetspolyethylen, der er robust, men alligevel let, hvilket g\u00f8r det perfekt til ethvert offroad-eventyr. Det synker ikke i vand og kan modst\u00e5 alle former for udend\u00f8rs belastning. Derudover er der klare r\u00f8de markeringer p\u00e5 de sidste 5 ruller for nem synlighed, hvilket sikrer, at du altid er klar til action med b\u00e5de sikkerhed og styrke.<\/p>\n<\/li>\n<li style=\"font-size:14px;color:rgb(34, 34, 34)\">\n<p>Brugervenlighed, problemfri betjening: Vores lille spil tilbyder b\u00e5de tr\u00e5dl\u00f8se og kablede fjernbetjeningsmuligheder, der passer til dine behov. Den brugervenlige tr\u00e5dl\u00f8se fjernbetjening giver dig mulighed for at h\u00e5ndtere bj\u00e6rgning af k\u00f8ret\u00f8jet ubesv\u00e6ret inden for en r\u00e6kkevidde af 20 m, mens den kablede fjernbetjening giver et p\u00e5lideligt alternativ til pr\u00e6cis, praktisk kontrol. Nyd fleksibilitet og bekvemmelighed med begge kontroltilstande for at g\u00f8re bj\u00e6rgningen af k\u00f8ret\u00f8jet s\u00e5 gnidningsfri som muligt.<\/p>\n<\/li>\n<li style=\"font-size:14px;color:rgb(34, 34, 34)\">\n<p>Ro i sindet Bugseringsevne: H\u00e5rdt vejr? Intet problem! Vores elektriske spil er bygget med en IP55 vandt\u00e6thedsklassificering og en elegant sort mat finish, der forbedrer rustbestandighed og isolering. Den er klar til at klare kraftig regn, mudder eller andre barske milj\u00f8er. Farvekodede str\u00f8mkabler og letforst\u00e5elige instruktioner betyder, at du nemt kan s\u00e6tte den op, s\u00e5 du kan nyde turen igen.<\/p>\n<\/li>\n<\/ul>\n<\/div>\n<div>\n<div>\n<div style=\"margin:16px 0px 24px;margin-bottom:24px;margin-top:16px;margin-left:0px;margin-right:0px\"><img decoding=\"async\" style=\"width:100%\" width=\"100%\" src=\"https:\/\/d2qc09rl1gfuof.cloudfront.net\/product\/ATVHCSJPYXWXMCF1O\/electric-winch-a100-1.11-pt.jpg\" slate-data-type=\"image\"\/><\/div>\n<\/div>\n<\/div>\n<\/div>\n<div><\/div>\n<\/div>\n<\/div>\n<p><\/p>","protected":false},"excerpt":{"rendered":"<p>Hign-concerned Chemical:&nbsp;None Origin:&nbsp;Mainland China Brand Name:&nbsp;VEVOR Brand:&nbsp;VEVOR Rated Line Pull Capacity:&nbsp;4500 lbs\/2041 kg Rope Material:&nbsp;Polyethylene, 12 Strands Remote Control:&nbsp;Wireless + Wired Remote Control Wireless Remote Control Distance:&nbsp;65.61 ft\/20 m Voltage\/Horsepower:&nbsp;12V<\/p>","protected":false},"featured_media":24828,"comment_status":"open","ping_status":"closed","template":"","meta":{"_acf_changed":false},"product_brand":[],"product_cat":[522],"product_tag":[],"class_list":{"0":"post-24827","1":"product","2":"type-product","3":"status-publish","4":"has-post-thumbnail","6":"product_cat-electric-winches","8":"first","9":"instock","10":"shipping-taxable","11":"purchasable","12":"product-type-variable"},"acf":[],"_links":{"self":[{"href":"https:\/\/www.electricstore.eu\/da\/wp-json\/wp\/v2\/product\/24827","targetHints":{"allow":["GET"]}}],"collection":[{"href":"https:\/\/www.electricstore.eu\/da\/wp-json\/wp\/v2\/product"}],"about":[{"href":"https:\/\/www.electricstore.eu\/da\/wp-json\/wp\/v2\/types\/product"}],"replies":[{"embeddable":true,"href":"https:\/\/www.electricstore.eu\/da\/wp-json\/wp\/v2\/comments?post=24827"}],"wp:featuredmedia":[{"embeddable":true,"href":"https:\/\/www.electricstore.eu\/da\/wp-json\/wp\/v2\/media\/24828"}],"wp:attachment":[{"href":"https:\/\/www.electricstore.eu\/da\/wp-json\/wp\/v2\/media?parent=24827"}],"wp:term":[{"taxonomy":"product_brand","embeddable":true,"href":"https:\/\/www.electricstore.eu\/da\/wp-json\/wp\/v2\/product_brand?post=24827"},{"taxonomy":"product_cat","embeddable":true,"href":"https:\/\/www.electricstore.eu\/da\/wp-json\/wp\/v2\/product_cat?post=24827"},{"taxonomy":"product_tag","embeddable":true,"href":"https:\/\/www.electricstore.eu\/da\/wp-json\/wp\/v2\/product_tag?post=24827"}],"curies":[{"name":"wp","href":"https:\/\/api.w.org\/{rel}","templated":true}]}}