{"id":24782,"date":"2025-05-20T18:42:45","date_gmt":"2025-05-20T18:42:45","guid":{"rendered":"https:\/\/electricstore.eu\/p\/uncategorized\/vevor-2200lbs-electric-chain-hoist-10-5-ft-min-single-phase-overhead-crane-with-g100-chain-lifting-wired-control-for-garage-shop\/"},"modified":"2025-05-20T18:44:11","modified_gmt":"2025-05-20T18:44:11","slug":"vevor-2200lbs-electric-chain-hoist-10-5-ft-min-single-phase-overhead-crane-with-g100-chain-lifting-wired-control-for-garage-shop","status":"publish","type":"product","link":"https:\/\/www.electricstore.eu\/da\/p\/o\/electric-lifting-hoists\/vevor-2200lbs-electric-chain-hoist-10-5-ft-min-single-phase-overhead-crane-with-g100-chain-lifting-wired-control-for-garage-shop\/","title":{"rendered":"VEVOR 2200lbs elektrisk k\u00e6detalje 10,5 ft\/min enfaset traverskran med G100 k\u00e6del\u00f8ft med kabelstyring til garagev\u00e6rksted"},"content":{"rendered":"<div class=\"product-specs-list-container\">\n<ul class=\"product-specs-list util-clearfix\">\n<li class=\"product-prop line-limit-length\"><span\n                                        class=\"property-title\">Meget bekymret kemikalie:&nbsp;<\/span><span\n                                        class=\"property-desc line-limit-length\">Ingen<\/span>\n                            <\/li>\n<li class=\"product-prop line-limit-length\"><span\n                                        class=\"property-title\">Oprindelse:&nbsp;<\/span><span\n                                        class=\"property-desc line-limit-length\">Kinas fastland<\/span>\n                            <\/li>\n<li class=\"product-prop line-limit-length\"><span\n                                        class=\"property-title\">M\u00e6rkenavn:&nbsp;<\/span><span\n                                        class=\"property-desc line-limit-length\">VEVOR<\/span>\n                            <\/li>\n<li class=\"product-prop line-limit-length\"><span\n                                        class=\"property-title\">Varemodelnummer:&nbsp;<\/span><span\n                                        class=\"property-desc line-limit-length\">BDH1000<\/span>\n                            <\/li>\n<li class=\"product-prop line-limit-length\"><span\n                                        class=\"property-title\">Belastningseffekt:&nbsp;<\/span><span\n                                        class=\"property-desc line-limit-length\">1100W<\/span>\n                            <\/li>\n<li class=\"product-prop line-limit-length\"><span\n                                        class=\"property-title\">Maksimal l\u00f8fteh\u00f8jde:&nbsp;<\/span><span\n                                        class=\"property-desc line-limit-length\">10 fod\/3 m<\/span>\n                            <\/li>\n<li class=\"product-prop line-limit-length\"><span\n                                        class=\"property-title\">L\u00f8ftebelastning:&nbsp;<\/span><span\n                                        class=\"property-desc line-limit-length\">998 kg<\/span>\n                            <\/li>\n<li class=\"product-prop line-limit-length\"><span\n                                        class=\"property-title\">K\u00e6demateriale:&nbsp;<\/span><span\n                                        class=\"property-desc line-limit-length\">8620 Legeret st\u00e5l<\/span>\n                            <\/li>\n<li class=\"product-prop line-limit-length\"><span\n                                        class=\"property-title\">Type:&nbsp;<\/span><span\n                                        class=\"property-desc line-limit-length\">Elektrisk k\u00e6detalje<\/span>\n                            <\/li>\n<\/ul><\/div>\n<div class=\"detailmodule_html\">\n<div class=\"detail-desc-decorate-richtext\">\n<div><\/div>\n<div style=\"font-family:&quot;Open sans&quot;, Arial, Helvetica, sans-serif\">\n<div><img decoding=\"async\" style=\"width:100%\" width=\"100%\" src=\"https:\/\/d2qc09rl1gfuof.cloudfront.net\/vevor\/boutique-banner\/pc\/banner-en.jpg\" slate-data-type=\"image\"\/><\/div>\n<div>\n<div style=\"font-size:16px;font-weight:bold;text-align:center;color:rgb(34, 34, 34);margin:24px 0px;margin-bottom:24px;margin-top:24px;margin-left:0px;margin-right:0px\" align=\"center\">VEVOR Elektrisk K\u00e6detalje \u2013 \u00c6ndr din m\u00e5de at se p\u00e5 l\u00f8ft<\/div>\n<div><img decoding=\"async\" style=\"width:100%\" width=\"100%\" src=\"https:\/\/d2qc09rl1gfuof.cloudfront.net\/product\/DDHLHLCS25MDFZHUD\/chain-hoist-a100-1.4-pt.jpg\" slate-data-type=\"image\"\/><\/div>\n<div style=\"font-size:14px;text-align:center;color:rgb(34, 34, 34);margin:16px 0px 24px;margin-bottom:24px;margin-top:16px;margin-left:0px;margin-right:0px\" align=\"center\">Vores elektriske k\u00e6detalje har en kraftig l\u00f8ftekapacitet, hvilket g\u00f8r den perfekt til l\u00f8ft af tunge genstande i garager. Dens hurtige l\u00f8ftehastighed sikrer effektiv drift uden lange ventetider.<\/div>\n<\/div>\n<div>\n<div>\u00a0<\/div>\n<div style=\"margin:8px 0px;margin-bottom:8px;margin-top:8px;margin-left:0px;margin-right:0px\"><img decoding=\"async\" style=\"width:100%\" width=\"100%\" src=\"https:\/\/d2qc09rl1gfuof.cloudfront.net\/product\/DDHLHLCS25MDFZHUD\/chain-hoist-a100-2.2-pt.jpg\" slate-data-type=\"image\"\/><\/div>\n<div style=\"font-size:14px;text-align:center;color:rgb(34, 34, 34);margin:16px 0px 24px;margin-bottom:24px;margin-top:16px;margin-left:0px;margin-right:0px\" align=\"center\">Den robuste k\u00e6de giver en lettere samlet v\u00e6gt og h\u00f8jere styrke for den elektriske k\u00e6detalje. Den b\u00e6rer tunge belastninger og bevarer samtidig komforten.<\/div>\n<\/div>\n<div>\n<div>\u00a0<\/div>\n<div style=\"margin:8px 0px;margin-bottom:8px;margin-top:8px;margin-left:0px;margin-right:0px\"><img decoding=\"async\" style=\"width:100%\" width=\"100%\" src=\"https:\/\/d2qc09rl1gfuof.cloudfront.net\/product\/DDHLHLCS25MDFZHUD\/chain-hoist-a100-2.3-pt.jpg\" slate-data-type=\"image\"\/><\/div>\n<div style=\"font-size:14px;text-align:center;color:rgb(34, 34, 34);margin:16px 0px 24px;margin-bottom:24px;margin-top:16px;margin-left:0px;margin-right:0px\" align=\"center\">Denne elektriske k\u00e6delift har et komfortabelt og praktisk design, inklusive en l\u00f8fteslynge til h\u00e5ndtering af forskellige tunge genstande. Den f\u00f8lsomme fjernbetjening muligg\u00f8r pr\u00e6cis og bekvem l\u00f8ftning.<\/div>\n<\/div>\n<div>\n<div>\u00a0<\/div>\n<div style=\"margin:8px 0px;margin-bottom:8px;margin-top:8px;margin-left:0px;margin-right:0px\"><img decoding=\"async\" style=\"width:100%\" width=\"100%\" src=\"https:\/\/d2qc09rl1gfuof.cloudfront.net\/product\/DDHLHLCS25MDFZHUD\/chain-hoist-a100-2.4-pt.jpg\" slate-data-type=\"image\"\/><\/div>\n<div style=\"font-size:14px;text-align:center;color:rgb(34, 34, 34);margin:16px 0px 24px;margin-bottom:24px;margin-top:16px;margin-left:0px;margin-right:0px\" align=\"center\">Den effektive kobbermotor sikrer stabil og sikker l\u00f8ftning af tunge genstande. Med et n\u00f8dbremsesystem og luftk\u00f8lesystem er den elektriske k\u00e6kkel\u00f8je p\u00e5lidelig og sikker at bruge.<\/div>\n<\/div>\n<div>\n<div>\u00a0<\/div>\n<div style=\"margin:8px 0px;margin-bottom:8px;margin-top:8px;margin-left:0px;margin-right:0px\"><img decoding=\"async\" style=\"width:100%\" width=\"100%\" src=\"https:\/\/d2qc09rl1gfuof.cloudfront.net\/product\/DDHLHLCS25MDFZHUD\/chain-hoist-a100-2.5-pt.jpg\" slate-data-type=\"image\"\/><\/div>\n<div style=\"font-size:14px;text-align:center;color:rgb(34, 34, 34);margin:16px 0px 24px;margin-bottom:24px;margin-top:16px;margin-left:0px;margin-right:0px\" align=\"center\">Vores monterede k\u00e6detalje har opgraderet sin holdbarhed og b\u00e6reevne til flere l\u00f8ftebehov. Dens mere holdbare og robuste materialer forbedrer levetiden og stabiliteten.<\/div>\n<\/div>\n<div style=\"margin:16px 0px 24px;margin-bottom:24px;margin-top:16px;margin-left:0px;margin-right:0px\"><\/div>\n<div style=\"margin:24px 0px;margin-bottom:24px;margin-top:24px;margin-left:0px;margin-right:0px\">\n<div style=\"font-size:16px;font-weight:bold;color:rgb(34, 34, 34);margin:24px 0px 16px;margin-bottom:16px;margin-top:24px;margin-left:0px;margin-right:0px\">Funktioner og detaljer<\/div>\n<ul style=\"margin:16px 0px 24px;margin-bottom:24px;margin-top:16px;margin-left:0px;margin-right:0px\">\n<li style=\"font-size:14px;color:rgb(34, 34, 34)\">\n<p>2200 lbs lasteevne: Vores elektriske k\u00e6detalje er udstyret med en G100-k\u00e6de, der giver en sikker l\u00f8ftekapacitet p\u00e5 2200 lbs\/998 kg. Den kan l\u00f8fte alle slags tunge genstande med en hastighed p\u00e5 10,5 ft\/min (3,2 m\/min) med en maksimal l\u00f8fteh\u00f8jde p\u00e5 10 ft\/3 m.<\/p>\n<\/li>\n<li style=\"font-size:14px;color:rgb(34, 34, 34)\">\n<p>Kraftig motor: Kobbermotoren yder 1100 W effekt til at h\u00e5ndtere tunge belastninger uden deformation. Den store k\u00f8lerventilator holder den elektriske k\u00e6detalje k\u00f8lig for at undg\u00e5 overophedning. Alle disse funktioner sikrer effektivt arbejde og sparer dig mere tid og energi.<\/p>\n<\/li>\n<li style=\"font-size:14px;color:rgb(34, 34, 34)\">\n<p>Installer p\u00e5 ingen tid: Vores elektriske k\u00e6detalje er nem at installere og kan h\u00e6nges direkte i loftet med metallister eller massive tr\u00e6lister. Den har en n\u00f8dstopkontakt og et elektromagnetisk bremsesystem for at forhindre unormal glidning.<\/p>\n<\/li>\n<li style=\"font-size:14px;color:rgb(34, 34, 34)\">\n<p>Forl\u00e6nget styrekabel: Den kablede fjernbetjening af vores elektriske k\u00e6delift opn\u00e5s via h\u00e5ndtagskontakten, der er installeret p\u00e5 maskinen med kablet. L\u00e6ngden af det forl\u00e6ngede kabel er 3 m, hvilket giver dig mulighed for at betjene den i sikker afstand.<\/p>\n<\/li>\n<li style=\"font-size:14px;color:rgb(34, 34, 34)\">\n<p>Brug den overalt: Vores elektriske k\u00e6detalje er velegnet til garager, butikker, hoteller og hjem, perfekt til b\u00e5de professionelle og hobbyfolk. Den er fantastisk til reparation af b\u00e5de, biler, pl\u00e6neklippere, golfvogne, boligindretning, motorer, kampesten, tr\u00e6er osv. Den er en ideel hj\u00e6lper til at l\u00f8fte maskiner og er ogs\u00e5 praktisk for j\u00e6gere til at h\u00e6nge deres bytte op.<\/p>\n<\/li>\n<\/ul>\n<\/div>\n<div>\n<div>\u00a0<\/div>\n<div>\n<div>\u00a0<\/div>\n<div style=\"margin:16px 0px 24px;margin-bottom:24px;margin-top:16px;margin-left:0px;margin-right:0px\"><img decoding=\"async\" style=\"width:100%\" width=\"100%\" src=\"https:\/\/d2qc09rl1gfuof.cloudfront.net\/product\/DDHLHLCS25MDFZHUD\/chain-hoist-a100-1.11-pt.jpg\" slate-data-type=\"image\"\/><\/div>\n<\/div>\n<\/div>\n<\/div>\n<\/div>\n<\/div>\n<p><\/p>","protected":false},"excerpt":{"rendered":"<p>Hign-concerned Chemical:&nbsp;None Origin:&nbsp;Mainland China Brand Name:&nbsp;VEVOR Item Model Number:&nbsp;BDH1000 Load Power:&nbsp;1100W Max Lifting Height:&nbsp;10 ft\/3 m Lifting Load:&nbsp;2200 lbs\/998 kg Chain Material:&nbsp;8620 Alloy Steel Type:&nbsp;Electric Chain Hoist VEVOR Electric Chain<\/p>","protected":false},"featured_media":24783,"comment_status":"open","ping_status":"closed","template":"","meta":{"_acf_changed":false},"product_brand":[],"product_cat":[517],"product_tag":[],"class_list":{"0":"post-24782","1":"product","2":"type-product","3":"status-publish","4":"has-post-thumbnail","6":"product_cat-electric-lifting-hoists","8":"first","9":"instock","10":"shipping-taxable","11":"purchasable","12":"product-type-variable"},"acf":[],"_links":{"self":[{"href":"https:\/\/www.electricstore.eu\/da\/wp-json\/wp\/v2\/product\/24782","targetHints":{"allow":["GET"]}}],"collection":[{"href":"https:\/\/www.electricstore.eu\/da\/wp-json\/wp\/v2\/product"}],"about":[{"href":"https:\/\/www.electricstore.eu\/da\/wp-json\/wp\/v2\/types\/product"}],"replies":[{"embeddable":true,"href":"https:\/\/www.electricstore.eu\/da\/wp-json\/wp\/v2\/comments?post=24782"}],"wp:featuredmedia":[{"embeddable":true,"href":"https:\/\/www.electricstore.eu\/da\/wp-json\/wp\/v2\/media\/24783"}],"wp:attachment":[{"href":"https:\/\/www.electricstore.eu\/da\/wp-json\/wp\/v2\/media?parent=24782"}],"wp:term":[{"taxonomy":"product_brand","embeddable":true,"href":"https:\/\/www.electricstore.eu\/da\/wp-json\/wp\/v2\/product_brand?post=24782"},{"taxonomy":"product_cat","embeddable":true,"href":"https:\/\/www.electricstore.eu\/da\/wp-json\/wp\/v2\/product_cat?post=24782"},{"taxonomy":"product_tag","embeddable":true,"href":"https:\/\/www.electricstore.eu\/da\/wp-json\/wp\/v2\/product_tag?post=24782"}],"curies":[{"name":"wp","href":"https:\/\/api.w.org\/{rel}","templated":true}]}}