{"id":24753,"date":"2025-05-20T18:42:28","date_gmt":"2025-05-20T18:42:28","guid":{"rendered":"https:\/\/electricstore.eu\/p\/uncategorized\/24v-kids-electric-motorcycle-150w-7-5mph-led-lights-dual-speed-for-ages-6-143lbs-capacity\/"},"modified":"2025-05-20T18:43:41","modified_gmt":"2025-05-20T18:43:41","slug":"24v-kids-electric-motorcycle-150w-7-5mph-led-lights-dual-speed-for-ages-6-143lbs-capacity","status":"publish","type":"product","link":"https:\/\/www.electricstore.eu\/da\/p\/motorbikes\/electric-children-motorbikes\/24v-kids-electric-motorcycle-150w-7-5mph-led-lights-dual-speed-for-ages-6-143lbs-capacity\/","title":{"rendered":"24V B\u00f8rne Elmotorcykel 150W 7,5 MPH LED Lys Dobbelt Hastighed Til Aldre 6+ 143lbs Kapacitet"},"content":{"rendered":"<div class=\"product-specs-list-container\">\n<ul class=\"product-specs-list util-clearfix\">\n<li class=\"product-prop line-limit-length\"><span\n                                        class=\"property-title\">Meget bekymret kemikalie:&nbsp;<\/span><span\n                                        class=\"property-desc line-limit-length\">Ingen<\/span>\n                            <\/li>\n<li class=\"product-prop line-limit-length\"><span\n                                        class=\"property-title\">Oprindelse:&nbsp;<\/span><span\n                                        class=\"property-desc line-limit-length\">Kinas fastland<\/span>\n                            <\/li>\n<li class=\"product-prop line-limit-length\"><span\n                                        class=\"property-title\">Varetype:&nbsp;<\/span><span\n                                        class=\"property-desc line-limit-length\">elektriske motorcykler<\/span>\n                            <\/li>\n<\/ul><\/div>\n<div class=\"detailmodule_text-image\">\n<p style=\"font-size:16px\">Beskrivelse<br \/>Vil du give dine b\u00f8rn en barndom fuld af sjov og udforskning? S\u00e5 er denne elektriske motorcykel til b\u00f8rn det ideelle valg for dig! Med sit seje og i\u00f8jnefaldende design forvandler den \u00f8jeblikkeligt b\u00f8rn til sm\u00e5 racerk\u00f8rere og viser deres barnlige stil. Lad den ant\u00e6nde dine b\u00f8rns passion for udforskning og f\u00f8re dem mod en lykkelig fremtid!<\/p>\n<p>N\u00f8glefunktioner<br \/>Byg til at holde: Den er lavet af jern af h\u00f8j kvalitet og b\u00f8rnevenlig PP med plastikspr\u00f8jtning og vandoverf\u00f8ringstrykprocesser, hvilket g\u00f8r den milj\u00f8venlig, korrosionsbestandig, fugtbestandig, vejrbestandig, anti-aging og slidst\u00e6rk, s\u00e5 den kan modst\u00e5 tidens tand.<\/p>\n<p>Effektivt elektrisk system: Med 150 W h\u00f8j effekt og et genopladeligt 24V 3,0 Ah batteri kan du k\u00f8re i cirka 1,2 timer efter 3-5 timers opladning, hvilket kan tilfredsstille dit barns k\u00f8regl\u00e6de uden hyppig opladning.<\/p>\n<p>Dobbelt hastighedstilstand: Den elektriske motorcykel er udstyret med en justerbar funktion med 2 hastigheder (7,97 mi\/t, 12,46 mi\/t). Du kan frit skifte mellem h\u00f8j- og lavhastighedstilstande afh\u00e6ngigt af vejforholdene og dine personlige k\u00f8revaner. Dette er is\u00e6r velegnet til b\u00f8rn eller f\u00f8rstegangsbrugere, der \u00f8nsker at nyde k\u00f8returen. <\/p>\n<p>Sjov k\u00f8rsel: Den har et cool motorcykeldesign og farverige LED-lys (r\u00f8d, bl\u00e5 og gr\u00f8n), der im\u00f8dekommer b\u00f8rns interesser og giver mulighed for meget nemmere og sjovere k\u00f8rsel. <\/p>\n<p>Komfortabelt og sikkert: Det ergonomiske s\u00e6de giver en fremragende og komfortabel k\u00f8reoplevelse for b\u00f8rn. Derudover sikrer baghjulsskivebremsesystemet dit barns sikkerhed under k\u00f8rslen, og den korte grebsstang er effektiv til hurtig opbremsning.                                      <\/p>\n<p>St\u00e6rk lasteevne: Den stabile jernramme, den trekantede struktur og den faste skrueforbindelse g\u00f8r, at produktet har en lasteevne p\u00e5 143,3 lbs, hvilket f\u00e5r dig til at f\u00f8le dig mere tryg, n\u00e5r du bruger det.<\/p>\n<p>Nem at vedligeholde: Takket v\u00e6re den glatte overflade og enkle struktur kan du nemt t\u00f8rre snavs af med en bl\u00f8d klud.\u00a0<\/p>\n<p>Vidunderlig gave: Dette produkt kan v\u00e6kke et barns passion for udforskning og eventyr, hj\u00e6lpe dem med at udvikle mod, nysgerrighed og fremragende kontrol- og k\u00f8ref\u00e6rdigheder, der vil f\u00e5 dem til at skille sig ud fra m\u00e6ngden, hvilket g\u00f8r det til en ideel f\u00f8dselsdags- og feriegave til dit barn.<\/p>\n<p>Montering i en leg: Komplet installationstilbeh\u00f8r, en detaljeret instruktionsmanual og en enkel struktur giver dig mulighed for at fuldf\u00f8re monteringen p\u00e5 meget kort tid.\u00a0 \u00a0<\/p>\n<p>God kundeservice: Vi st\u00e5r bag alle vores g\u00e6ster og ser frem til at hj\u00e6lpe dig med dit k\u00f8b. Det er en forn\u00f8jelse at besvare dine forvirringer og sp\u00f8rgsm\u00e5l. Endelig er historien mellem os ikke &quot;vi s\u00e6lger, og du k\u00f8ber&quot;.<\/p>\n<p>Detaljer<br \/>Skridsikker pedal: \u00d8ger friktionen mellem fods\u00e5len og pedalen for at forhindre glidning.<\/p>\n<p>Skridsikre d\u00e6k: D\u00e6kkene med skridsikre riller er holdbare og har et godt greb, og de forhindrer ogs\u00e5 udskridning p\u00e5 v\u00e5de veje. <\/p>\n<p>Opladningsindikator: Opladeren har en indikatorlampe, s\u00e5 du nemt kan kontrollere opladningsstatus. Indikatoren lyser r\u00f8dt, n\u00e5r den oplades, og gr\u00f8nt, n\u00e5r den er f\u00e6rdig.<\/p>\n<p>Praktiske sk\u00e6rme: For- og bagsk\u00e6rmene beskytter dig og din cykel mod mudderst\u00e6nk, n\u00e5r du k\u00f8rer p\u00e5 mudrede veje i et vist omfang.<\/p>\n<p>Anvendelse<br \/>Dette produkt er egnet til b\u00f8rn og unge over 6 \u00e5r og med en v\u00e6gt p\u00e5 h\u00f8jst 59 kg. Det kan ogs\u00e5 k\u00f8re p\u00e5 udend\u00f8rs overflader s\u00e5som asfalt, mursten og cement.<\/p>\n<p>Specifikation<br \/>Farve: Sort<br \/>Stil: Moderne<br \/>Materiale: Jern, PP<br \/>Proces: Plastspr\u00f8jtning, vandoverf\u00f8ringstryk<br \/>Samling p\u00e5kr\u00e6vet: Ja<br \/>Bremse: Skivebremse<br \/>Lyskilde: LED<br \/>Lyse farver: R\u00f8d, Bl\u00e5, Gr\u00f8n<br \/>Str\u00f8mkilde: Ledningsbaseret elektrisk<br \/>Stiktype: EU-standard<br \/>Sp\u00e6nding: 24V<br \/>Effekt: 150W<br \/>Batterikapacitet: 24V 3.0AH<br \/>Adaptermodel: DCSP294100<br \/>Indgang: 100-240V AC 50\/60Hz 2A Maks.<br \/>Udgang: DC29.4V 1A                     <br \/>Opladningstid: 3-5 timer<br \/>Udholdenhedstid: Cirka 1,2 timer<br \/>Maksimal lastekapacitet: 65 kg \/ 143,3 lbs<br \/>Egnet alder: &gt; 6 \u00e5r<br \/>Hastighed: Cirka 8 km\/4,97 mil\/t, 12 km\/7,46 mil\/t<br \/>Hjuldiameter: 30,48 cm \/ 12 tommer<br \/>Klatregrad: 15\u00b0<br \/>Bruttov\u00e6gt: 16 kg \/ 35,27 lbs <br \/>Pakkest\u00f8rrelse: 95*50*20 cm \/ 37,4*19,69*7,87 tommer<br \/>Produktst\u00f8rrelse: 106*59*66 cm \/ 41,7*23,22*26 tommer<\/p>\n<p>Pakken er inkluderet<br \/>1* Elmotorcykel til b\u00f8rn<br \/>1 * Flersproget manual<br \/>Alt tilbeh\u00f8r til installation<\/p>\n<p>Noter<br \/>1. L\u00e6s venligst betjeningsvejledningen fuldst\u00e6ndigt inden brug. V\u00e6r is\u00e6r opm\u00e6rksom p\u00e5 de medf\u00f8lgende sikkerhedsinstruktioner.<br \/>2. Kontroller regelm\u00e6ssigt delenes forbindelse for at sikre, at produktet er forsvarligt samlet. Hvis der er tegn p\u00e5 skader p\u00e5 de bev\u00e6gelige dele eller rammen, skal du straks stoppe med at bruge produktet.        <br \/>3. Oplad batteriet ved hj\u00e6lp af den specielle oplader. Lad ikke batteriet komme i n\u00e6rheden af ild, skil ikke batteriet ad og brug eller oplad batteriet under h\u00f8je temperaturer. Tag stikket ud, n\u00e5r batteriet er fuldt opladet. <br \/>4. Tillad venligst en lille farveforskel for\u00e5rsaget af optagelyset og en fejl p\u00e5 1-3 cm p\u00e5 grund af manuel m\u00e5ling, og s\u00f8rg for, at du ikke har noget imod det, f\u00f8r du bestiller.<\/p>\n<div><img decoding=\"async\" class=\"detail-desc-decorate-image\" src=\"https:\/\/ae01.alicdn.com\/kf\/S1d7394779b5b4835a653a8266080a1492.jpg\" slate-data-type=\"image\"\/><img decoding=\"async\" class=\"detail-desc-decorate-image\" src=\"https:\/\/ae01.alicdn.com\/kf\/S765003a218a84960bb9d46ce7819d964z.jpg\" slate-data-type=\"image\"\/><img decoding=\"async\" class=\"detail-desc-decorate-image\" src=\"https:\/\/ae01.alicdn.com\/kf\/Saa058fb500c74fb781e682dbca8ac52bz.jpg\" slate-data-type=\"image\"\/><img decoding=\"async\" class=\"detail-desc-decorate-image\" src=\"https:\/\/ae01.alicdn.com\/kf\/Sae54b16b03b0488aa3ff0bb79021ca7ay.jpg\" slate-data-type=\"image\"\/><img decoding=\"async\" class=\"detail-desc-decorate-image\" src=\"https:\/\/ae01.alicdn.com\/kf\/Se6e94bc4b13743a1a8e44e84226ea19bc.jpg\" slate-data-type=\"image\"\/><img decoding=\"async\" class=\"detail-desc-decorate-image\" src=\"https:\/\/ae01.alicdn.com\/kf\/S185ea606cfbf4bafb38d9fb1b3ec571dh.jpg\" slate-data-type=\"image\"\/><img decoding=\"async\" class=\"detail-desc-decorate-image\" src=\"https:\/\/ae01.alicdn.com\/kf\/S40704f7f902140f9b514d0d92c692ddf7.jpg\" slate-data-type=\"image\"\/><img decoding=\"async\" class=\"detail-desc-decorate-image\" src=\"https:\/\/ae01.alicdn.com\/kf\/Sad792fe136984d528e31e5b2a7de943am.jpg\" slate-data-type=\"image\"\/><img decoding=\"async\" class=\"detail-desc-decorate-image\" src=\"https:\/\/ae01.alicdn.com\/kf\/S516a33c0181b4487aa02fc9e7cbc639ci.jpg\" slate-data-type=\"image\"\/><img decoding=\"async\" class=\"detail-desc-decorate-image\" src=\"https:\/\/ae01.alicdn.com\/kf\/Sc14e2b75ce11463fae57618a63871aceb.jpg\" slate-data-type=\"image\"\/><\/div>\n<\/div>\n<p><\/p>","protected":false},"excerpt":{"rendered":"<p>Hign-concerned Chemical:&nbsp;None Origin:&nbsp;Mainland China Item Type:&nbsp;electric motorcycles DescriptionDo you want to give your children a childhood full of fun and exploration? Then this electric motorcycle for kids is the ideal<\/p>","protected":false},"featured_media":24754,"comment_status":"open","ping_status":"closed","template":"","meta":{"_acf_changed":false},"product_brand":[],"product_cat":[313],"product_tag":[],"class_list":{"0":"post-24753","1":"product","2":"type-product","3":"status-publish","4":"has-post-thumbnail","6":"product_cat-electric-children-motorbikes","8":"first","9":"instock","10":"shipping-taxable","11":"purchasable","12":"product-type-simple"},"acf":[],"_links":{"self":[{"href":"https:\/\/www.electricstore.eu\/da\/wp-json\/wp\/v2\/product\/24753","targetHints":{"allow":["GET"]}}],"collection":[{"href":"https:\/\/www.electricstore.eu\/da\/wp-json\/wp\/v2\/product"}],"about":[{"href":"https:\/\/www.electricstore.eu\/da\/wp-json\/wp\/v2\/types\/product"}],"replies":[{"embeddable":true,"href":"https:\/\/www.electricstore.eu\/da\/wp-json\/wp\/v2\/comments?post=24753"}],"wp:featuredmedia":[{"embeddable":true,"href":"https:\/\/www.electricstore.eu\/da\/wp-json\/wp\/v2\/media\/24754"}],"wp:attachment":[{"href":"https:\/\/www.electricstore.eu\/da\/wp-json\/wp\/v2\/media?parent=24753"}],"wp:term":[{"taxonomy":"product_brand","embeddable":true,"href":"https:\/\/www.electricstore.eu\/da\/wp-json\/wp\/v2\/product_brand?post=24753"},{"taxonomy":"product_cat","embeddable":true,"href":"https:\/\/www.electricstore.eu\/da\/wp-json\/wp\/v2\/product_cat?post=24753"},{"taxonomy":"product_tag","embeddable":true,"href":"https:\/\/www.electricstore.eu\/da\/wp-json\/wp\/v2\/product_tag?post=24753"}],"curies":[{"name":"wp","href":"https:\/\/api.w.org\/{rel}","templated":true}]}}