{"id":24729,"date":"2025-05-20T18:42:14","date_gmt":"2025-05-20T18:42:14","guid":{"rendered":"https:\/\/electricstore.eu\/p\/uncategorized\/bike-rack-holder-storage-bicycle-repair-stand-aluminum-alloy-cycle-peer-heights-adjustable-fold-cycle-professional-repair-tools\/"},"modified":"2025-05-20T18:43:29","modified_gmt":"2025-05-20T18:43:29","slug":"bike-rack-holder-storage-bicycle-repair-stand-aluminum-alloy-cycle-peer-heights-adjustable-fold-cycle-professional-repair-tools","status":"publish","type":"product","link":"https:\/\/www.electricstore.eu\/da\/p\/a\/bike-rack-holder-storage-bicycle-repair-stand-aluminum-alloy-cycle-peer-heights-adjustable-fold-cycle-professional-repair-tools\/","title":{"rendered":"Cykelstativholder Opbevaring Cykelreparationsstativ Aluminiumslegering Cykelpear H\u00f8jder Justerbar Foldbar Cykel Professionelle Reparationsv\u00e6rkt\u00f8jer"},"content":{"rendered":"<div class=\"product-specs-list-container\">\n<ul class=\"product-specs-list util-clearfix\">\n<li class=\"product-prop line-limit-length\"><span\n                                        class=\"property-title\">Oprindelse:&nbsp;<\/span><span\n                                        class=\"property-desc line-limit-length\">Kinas fastland<\/span>\n                            <\/li>\n<\/ul><\/div>\n<div class=\"detailmodule_html\">\n<div class=\"detail-desc-decorate-richtext\">\n<p>Funktion:\n<\/p>\n<p>Robust og holdbar: Dette cykelreparationsstativ er lavet af robust aluminiumslegering og kan b\u00e6re tunge cykler p\u00e5 op til 45 kg, inklusive elcykler, cykler med fat-d\u00e6k og racercykler. Mountainbikes. Velegnet til cykelreparat\u00f8rer derhjemme eller p\u00e5 v\u00e6rkstedet.\n<\/p>\n<p>Robust stelstabilitet: Cykelbeslaget har en robust, kraftig stel og et fast bendesign for maksimal stabilitet. Tangen har justerbare gummik\u00e6ber p\u00e5 hovedet, som kan holde cyklen fast p\u00e5 plads, men uden at ridse lakoverfladen.\n<\/p>\n<p>Praktisk h\u00f8jdejustering: Tilpas beslaget efter dine ergonomiske behov. H\u00f8jden kan justeres for at minimere behovet for at b\u00f8je dig eller sidde p\u00e5 hug, hvilket forbedrer din ydeevne under cykelvedligeholdelse.\n<\/p>\n<p>Praktisk v\u00e6rkt\u00f8jsbakke: Hold dine v\u00e6rkt\u00f8jer organiseret og tilg\u00e6ngelige med ekstra v\u00e6rkt\u00f8jsbakker, perfekte til opbevaring af skruer, skruetr\u00e6kkere, topn\u00f8gler og meget mere. Denne funktion sikrer, at du har alle de n\u00f8dvendige v\u00e6rkt\u00f8jer til at eliminere afbrydelser under arbejdet.\n<\/p>\n<p>Sammenklappeligt design: Denne cykelstativ er sammenklappelig, s\u00e5 den nemt kan samles, skilles ad og opbevares. Meget velegnet til mobile mekanikere eller v\u00e6rksteder. Den j\u00e6vnt l\u00f8bende benst\u00f8tte tr\u00e6kker begge ben i en hurtig bev\u00e6gelse.\n<\/p>\n<\/p>\n<p>Specifikation:\n<\/p>\n<p>Navn: Cykelreparationsstativ\n<\/p>\n<p>Farve: Champagne\n<\/p>\n<p>Produktmateriale: aluminiumslegering\n<\/p>\n<p>L\u00f8fteomr\u00e5de: 98-159 cm\n<\/p>\n<p>Maksimal lasteevne: ca. 45 kg\n<\/p>\n<\/p>\n<p>Emballagetilbeh\u00f8r:\n<\/p>\n<p>1 stk. cykelreparationsstativ\n<\/p>\n<p><img decoding=\"async\" src=\"https:\/\/ae01.alicdn.com\/kf\/Aeaf00512807945f3bfd5626e71854eeb9.jpg\" slate-data-type=\"image\"\/><img decoding=\"async\" src=\"https:\/\/ae01.alicdn.com\/kf\/A03c411091bd642b7973a680f3ba9fb459.jpg\" slate-data-type=\"image\"\/><img decoding=\"async\" src=\"https:\/\/ae01.alicdn.com\/kf\/Ac206a81c61864c8eae037a1ed9b54fe0K.jpg\" slate-data-type=\"image\"\/><img decoding=\"async\" src=\"https:\/\/ae01.alicdn.com\/kf\/A1900d7edc1a645e495ba5a26ba411bd7n.jpg\" slate-data-type=\"image\"\/><img decoding=\"async\" src=\"https:\/\/ae01.alicdn.com\/kf\/Adabe93e4fc2a40a0b8d20f4285eace09O.jpg\" slate-data-type=\"image\"\/><img decoding=\"async\" src=\"https:\/\/ae01.alicdn.com\/kf\/Af5b39cc10e154395a0c2ee45bc46e13cr.jpg\" slate-data-type=\"image\"\/><img decoding=\"async\" src=\"https:\/\/ae01.alicdn.com\/kf\/A04f7da18105c43269c5bc64a096af83dj.jpg\" slate-data-type=\"image\"\/><img decoding=\"async\" src=\"https:\/\/ae01.alicdn.com\/kf\/A65a8c2da09804400af05e4f0048eed413.jpg\" slate-data-type=\"image\"\/><img decoding=\"async\" src=\"https:\/\/ae01.alicdn.com\/kf\/Aa3977084e85046c686598bf6e4026b27p.jpg\" slate-data-type=\"image\"\/><img decoding=\"async\" src=\"https:\/\/ae01.alicdn.com\/kf\/A1b6da4e2270e403880d2a68ae99c90b3i.jpg\" slate-data-type=\"image\"\/><\/p>\n<\/div>\n<\/div>","protected":false},"excerpt":{"rendered":"<p>Origin:&nbsp;Mainland China Feature\uff1a Sturdy and durable: This bicycle repair rack is made of sturdy aluminum alloy and can carry heavy bicycles weighing up to 45 kg, including electric bicycles, fat<\/p>","protected":false},"featured_media":24730,"comment_status":"open","ping_status":"closed","template":"","meta":{"_acf_changed":false},"product_brand":[],"product_cat":[525],"product_tag":[],"class_list":{"0":"post-24729","1":"product","2":"type-product","3":"status-publish","4":"has-post-thumbnail","6":"product_cat-a","8":"first","9":"instock","10":"shipping-taxable","11":"purchasable","12":"product-type-simple"},"acf":[],"_links":{"self":[{"href":"https:\/\/www.electricstore.eu\/da\/wp-json\/wp\/v2\/product\/24729","targetHints":{"allow":["GET"]}}],"collection":[{"href":"https:\/\/www.electricstore.eu\/da\/wp-json\/wp\/v2\/product"}],"about":[{"href":"https:\/\/www.electricstore.eu\/da\/wp-json\/wp\/v2\/types\/product"}],"replies":[{"embeddable":true,"href":"https:\/\/www.electricstore.eu\/da\/wp-json\/wp\/v2\/comments?post=24729"}],"wp:featuredmedia":[{"embeddable":true,"href":"https:\/\/www.electricstore.eu\/da\/wp-json\/wp\/v2\/media\/24730"}],"wp:attachment":[{"href":"https:\/\/www.electricstore.eu\/da\/wp-json\/wp\/v2\/media?parent=24729"}],"wp:term":[{"taxonomy":"product_brand","embeddable":true,"href":"https:\/\/www.electricstore.eu\/da\/wp-json\/wp\/v2\/product_brand?post=24729"},{"taxonomy":"product_cat","embeddable":true,"href":"https:\/\/www.electricstore.eu\/da\/wp-json\/wp\/v2\/product_cat?post=24729"},{"taxonomy":"product_tag","embeddable":true,"href":"https:\/\/www.electricstore.eu\/da\/wp-json\/wp\/v2\/product_tag?post=24729"}],"curies":[{"name":"wp","href":"https:\/\/api.w.org\/{rel}","templated":true}]}}