{"id":24714,"date":"2025-05-20T18:42:05","date_gmt":"2025-05-20T18:42:05","guid":{"rendered":"https:\/\/electricstore.eu\/p\/uncategorized\/homcom-bicycle-roller-with-adjustable-resistance-8-levels-77x56x475\/"},"modified":"2025-05-20T18:43:08","modified_gmt":"2025-05-20T18:43:08","slug":"homcom-bicycle-roller-with-adjustable-resistance-8-levels-77x56x475","status":"publish","type":"product","link":"https:\/\/www.electricstore.eu\/da\/p\/a\/homcom-bicycle-roller-with-adjustable-resistance-8-levels-77x56x475\/","title":{"rendered":"HOMCOM cykelrulle med justerbar modstand 8 niveauer 77x56x47,5"},"content":{"rendered":"<div class=\"product-specs-list-container\">\n<ul class=\"product-specs-list util-clearfix\">\n<li class=\"product-prop line-limit-length\"><span\n                                        class=\"property-title\">M\u00e6rkenavn:&nbsp;<\/span><span\n                                        class=\"property-desc line-limit-length\">HOMCOM<\/span>\n                            <\/li>\n<li class=\"product-prop line-limit-length\"><span\n                                        class=\"property-title\">Oprindelse:&nbsp;<\/span><span\n                                        class=\"property-desc line-limit-length\">Kinas fastland<\/span>\n                            <\/li>\n<\/ul><\/div>\n<div class=\"detailmodule_html\">\n<div class=\"detail-desc-decorate-richtext\">\n<p><\/p>\n<div style=\"overflow:visible;height:auto\" class=\"lc-1\">\n<div class=\"f-line\">\n<div class=\"fts\">\n<div>\n&amp; Iquest; Vil du slippe af med din overskydende kropsmasse fat n\u00e5r som helst og hvor som helst? &amp; Iquest; Vil du tr\u00e6ne p\u00e5 din cykel uanset vejret? Denne HOMCOM indend\u00f8rs tr\u00e6ningscykelrulle er en ideel l\u00f8sning p\u00e5 disse problemer. Den er nem at bruge og beskytter din talje og kn\u00e6 under tr\u00e6ning. Den har 8 niveauer af magnetisk modstand for at tilpasse sig forskellige tr\u00e6ningsprogrammer. Som om det ikke var nok, er denne cykelrulle til indend\u00f8rs tr\u00e6ning desuden foldbar, hvilket letter dens opbevaring og transport.<\/p><\/div><\/div><\/div>\n<\/div>\n<div class=\"lc-1\">\n<div class=\"f-line\">\n<div class=\"fts\">\n<div>\n    <strong>Funktioner:<\/strong><br \/>\n    <br \/>\u2022 Det perfekte alternativ til udend\u00f8rs cykelture, n\u00e5r det regner eller er t\u00e6t trafik, til at forbedre dine cykelf\u00e6rdigheder<br \/>\n<br \/>\u2022 Sammenklappeligt design letter opbevaring og transport<br \/>\n<br \/>\u2022 8-niveauers modstand opfylder forskellige tr\u00e6ningsbehov, s\u00e5 du kan tilpasse den i det omfang, du forbedrer din fysiske form<br \/>\n<br \/>\u2022 Lavet af metal og PP af h\u00f8j kvalitet<br \/>\n<br \/>\u2022 Passer til racer- eller mountainbikes med 650C, 700C eller 26\u201d \u2013 29\u2033 hjul.<\/p><\/div><\/div><\/div>\n<\/div>\n<div class=\"lc-1\">\n<div class=\"f-line\">\n<div class=\"fts\">\n<div>\n    <strong>Specifikationer:<\/strong><br \/>\n    <br \/>\u2022 Farve: Bl\u00e5<br \/>\n<br \/>\u2022 Materiale: metal, PP, nylon<br \/>\n<br \/>\u2022 Samlede m\u00e5l: 77x56x47,5 cm (LxANxAL)<br \/>\n<br \/>\u2022 Inkluderet tilbeh\u00f8r: St\u00f8dd\u00e6mper forhjul, hurtigafmonteringsstang, stor cykelkontakt, skruen\u00f8gle<br \/>\n<br \/>\u2022 Reference: AA0-066<\/p>\n<p>\n   <\/div><\/div><\/div>\n<\/div>\n<div>\n <img decoding=\"async\" width=\"1000    \" height=\"35\" src=\"https:\/\/ae01.alicdn.com\/kf\/HTB1KhgjkfiSBuNkSnhJq6zDcpXaR.jpg\" slate-data-type=\"image\" \/>\n<\/div>\n<div class=\"content01\">\n<div class=\"content_img\">\n  <img decoding=\"async\" width=\"1000\" src=\"https:\/\/ae01.alicdn.com\/kf\/H581840f366d847e8a1e9800a41f8627ab.jpg\" slate-data-type=\"image\" \/>\n <\/div>\n<div class=\"content_img\">\n  <img decoding=\"async\" width=\"1000\" src=\"https:\/\/ae01.alicdn.com\/kf\/Hfe82448c70444edf895f8366e6d2f523E.jpg\" slate-data-type=\"image\" \/>\n <\/div>\n<div class=\"content_img\">\n  <img decoding=\"async\" width=\"1000\" src=\"https:\/\/ae01.alicdn.com\/kf\/H29217f1e606b46e7b19677af60c8421aO.jpg\" slate-data-type=\"image\" \/>\n <\/div>\n<div class=\"content_img\">\n  <img decoding=\"async\" width=\"1000\" src=\"https:\/\/ae01.alicdn.com\/kf\/H60d510e4d7644883b61a6c189f69a4a0O.jpg\" slate-data-type=\"image\" \/>\n <\/div>\n<div class=\"content_img\">\n  <img decoding=\"async\" width=\"1000\" src=\"https:\/\/ae01.alicdn.com\/kf\/H5cdaba8cc5104284bba1bd81df5a3b7ft.jpg\" slate-data-type=\"image\" \/>\n <\/div>\n<div class=\"content_img\">\n  <img decoding=\"async\" width=\"1000\" src=\"https:\/\/ae01.alicdn.com\/kf\/H28cb1b05e5f841958e9d2299742b6b01T.jpg\" slate-data-type=\"image\" \/>\n <\/div>\n<div class=\"content_img\">\n  <img decoding=\"async\" width=\"1000\" src=\"https:\/\/gsp.aliexpress.com\/apps\/product\/publish?spm=5261.ProductManageOnline.0.0.d2a64edfSJ3idI&amp;productId=4001283700647\" slate-data-type=\"image\" \/>\n <\/div>\n<div class=\"content_img\">\n  <img decoding=\"async\" width=\"1000\" src=\"https:\/\/gsp.aliexpress.com\/apps\/product\/publish?spm=5261.ProductManageOnline.0.0.d2a64edfSJ3idI&amp;productId=4001283700647\" slate-data-type=\"image\" \/>\n <\/div>\n<\/div>\n<div>\n <img fetchpriority=\"high\" decoding=\"async\" width=\"1000\" height=\"1881\" src=\"https:\/\/ae01.alicdn.com\/kf\/HTB1i.OtVMHqK1RjSZFkq6x.WFXaT.jpg\" slate-data-type=\"image\" \/>\n<\/div>\n<p><\/p>\n<\/div>\n<\/div>","protected":false},"excerpt":{"rendered":"<p>Brand Name:&nbsp;HOMCOM Origin:&nbsp;Mainland China &amp; Iquest; You want to get rid of your excess body fat anytime, anywhere? &amp; Iquest; You want to train on your bike regardless of the<\/p>","protected":false},"featured_media":24716,"comment_status":"open","ping_status":"closed","template":"","meta":{"_acf_changed":false},"product_brand":[],"product_cat":[525],"product_tag":[],"class_list":{"0":"post-24714","1":"product","2":"type-product","3":"status-publish","4":"has-post-thumbnail","6":"product_cat-a","8":"first","9":"instock","10":"shipping-taxable","11":"purchasable","12":"product-type-variable"},"acf":[],"_links":{"self":[{"href":"https:\/\/www.electricstore.eu\/da\/wp-json\/wp\/v2\/product\/24714","targetHints":{"allow":["GET"]}}],"collection":[{"href":"https:\/\/www.electricstore.eu\/da\/wp-json\/wp\/v2\/product"}],"about":[{"href":"https:\/\/www.electricstore.eu\/da\/wp-json\/wp\/v2\/types\/product"}],"replies":[{"embeddable":true,"href":"https:\/\/www.electricstore.eu\/da\/wp-json\/wp\/v2\/comments?post=24714"}],"wp:featuredmedia":[{"embeddable":true,"href":"https:\/\/www.electricstore.eu\/da\/wp-json\/wp\/v2\/media\/24716"}],"wp:attachment":[{"href":"https:\/\/www.electricstore.eu\/da\/wp-json\/wp\/v2\/media?parent=24714"}],"wp:term":[{"taxonomy":"product_brand","embeddable":true,"href":"https:\/\/www.electricstore.eu\/da\/wp-json\/wp\/v2\/product_brand?post=24714"},{"taxonomy":"product_cat","embeddable":true,"href":"https:\/\/www.electricstore.eu\/da\/wp-json\/wp\/v2\/product_cat?post=24714"},{"taxonomy":"product_tag","embeddable":true,"href":"https:\/\/www.electricstore.eu\/da\/wp-json\/wp\/v2\/product_tag?post=24714"}],"curies":[{"name":"wp","href":"https:\/\/api.w.org\/{rel}","templated":true}]}}