{"id":24708,"date":"2025-05-20T18:42:00","date_gmt":"2025-05-20T18:42:00","guid":{"rendered":"https:\/\/electricstore.eu\/p\/uncategorized\/homcom-parking-for-4-bicycles-steel-bracket-110x33x27-cm-black\/"},"modified":"2025-05-20T18:43:07","modified_gmt":"2025-05-20T18:43:07","slug":"homcom-parking-for-4-bicycles-steel-bracket-110x33x27-cm-black","status":"publish","type":"product","link":"https:\/\/www.electricstore.eu\/da\/p\/a\/homcom-parking-for-4-bicycles-steel-bracket-110x33x27-cm-black\/","title":{"rendered":"HOMCOM parkeringsb\u00f8jle til 4 cykler i st\u00e5l 110x33x27 cm sort"},"content":{"rendered":"<div class=\"product-specs-list-container\">\n<ul class=\"product-specs-list util-clearfix\">\n<li class=\"product-prop line-limit-length\"><span\n                                        class=\"property-title\">Type:&nbsp;<\/span><span\n                                        class=\"property-desc line-limit-length\">Cykelst\u00f8tteben<\/span>\n                            <\/li>\n<li class=\"product-prop line-limit-length\"><span\n                                        class=\"property-title\">M\u00e6rkenavn:&nbsp;<\/span><span\n                                        class=\"property-desc line-limit-length\">HOMCOM<\/span>\n                            <\/li>\n<li class=\"product-prop line-limit-length\"><span\n                                        class=\"property-title\">Oprindelse:&nbsp;<\/span><span\n                                        class=\"property-desc line-limit-length\">Kinas fastland<\/span>\n                            <\/li>\n<\/ul><\/div>\n<div class=\"detailmodule_html\">\n<div class=\"detail-desc-decorate-richtext\">\n<p><\/p>\n<div style=\"overflow:visible;height:auto\" class=\"lc-1\">\n<div class=\"f-line\">\n<div class=\"fts\">\n<div>\nHvis du ikke har plads nok derhjemme, eller du ikke ved, hvordan du parkerer dine cykler ordentligt, er HOMCOM cykelparkering l\u00f8sningen. De kan installeres p\u00e5 b\u00e5de indend\u00f8rs og udend\u00f8rs gulve og leveres med de medf\u00f8lgende skruer til montering. De er fremstillet med en aftagelig st\u00e5lstruktur, s\u00e5 du kan bruge st\u00f8tterne individuelt eller samle dem efter behov. Fra nu af vil dine cykler altid v\u00e6re godt parkeret og sikkert.\n<\/div><\/div><\/div>\n<\/div>\n<div class=\"lc-1\">\n<div class=\"f-line\">\n<div class=\"fts\">\n<div>\n<\/div>\n<div>\n    <strong>Funktioner:<\/strong>\n   <\/div>\n<div>\n- Lavet af pulverlakeret st\u00e5l, vejrbestandig<br \/>\n<br \/>- Lavet med en aftagelig struktur, kan justeres med mere eller mindre st\u00f8tte<br \/>\n<br \/>- Den er let og pladsbesparende, nem at b\u00e6re<br \/>\n<br \/>- Nem at installere med forborede huller og skruer inkluderet<br \/>\n<br \/>- Ideel til sikker opbevaring af cykler i garager, k\u00e6ldre, terrasser, v\u00e6rksteder osv.<br \/>\n<br \/>- Tillader brug b\u00e5de indend\u00f8rs og udend\u00f8rs<br \/>\n<br \/>- Kr\u00e6ver hurtig og nem montering<br \/>\n\n   <\/div><\/div><\/div>\n<\/div>\n<div class=\"lc-1\">\n<div class=\"f-line\">\n<div class=\"fts\">\n<div>\n<\/div>\n<div>\n    <strong>Specifikationer:<\/strong>\n   <\/div>\n<div>\n-Farve: Sort<br \/>\n<br \/>-Materiale: St\u00e5l<br \/>\n<br \/>- Samlede m\u00e5l: 110x33x27 cm (LxANxAL)<br \/>\n<br \/>-Fast afstand mellem d\u00e6kslangerne: 6,5 cm<br \/>\n<br \/>-Afstand mellem st\u00f8tter: 25,5 cm<br \/>\n<br \/>-Reference: AA0-024V01BK<br \/>\n\n   <\/div><\/div><\/div>\n<\/div>\n<div>\n <img decoding=\"async\" width=\"1000    \" height=\"35\" src=\"https:\/\/ae01.alicdn.com\/kf\/HTB1KhgjkfiSBuNkSnhJq6zDcpXaR.jpg\" slate-data-type=\"image\" \/>\n<\/div>\n<div class=\"content01\">\n<div class=\"content_img\">\n  <img decoding=\"async\" width=\"1000\" src=\"https:\/\/ae04.alicdn.com\/kf\/S962ad7ad93094a5b974f06e6be25c007B.jpg\" slate-data-type=\"image\" \/>\n <\/div>\n<div class=\"content_img\">\n  <img decoding=\"async\" width=\"1000\" src=\"https:\/\/ae04.alicdn.com\/kf\/S6264841dab4b4ff0a73336d78a7ab4fa4.jpg\" slate-data-type=\"image\" \/>\n <\/div>\n<div class=\"content_img\">\n  <img decoding=\"async\" width=\"1000\" src=\"https:\/\/ae04.alicdn.com\/kf\/Sd57bed020de2415b90c7635d2fabfe44K.jpg\" slate-data-type=\"image\" \/>\n <\/div>\n<div class=\"content_img\">\n  <img decoding=\"async\" width=\"1000\" src=\"https:\/\/ae04.alicdn.com\/kf\/S9435c55c5eb544fca8890bf47109913aS.jpg\" slate-data-type=\"image\" \/>\n <\/div>\n<div class=\"content_img\">\n  <img decoding=\"async\" width=\"1000\" src=\"https:\/\/ae04.alicdn.com\/kf\/Sdfdc24e1131c466c8624e79b74ef24c6x.jpg\" slate-data-type=\"image\" \/>\n <\/div>\n<div class=\"content_img\">\n  <img decoding=\"async\" width=\"1000\" src=\"https:\/\/ae04.alicdn.com\/kf\/Sd6326293311c406c8b518cd3fd24f285T.jpg\" slate-data-type=\"image\" \/>\n <\/div>\n<\/div>\n<div>\n <img fetchpriority=\"high\" decoding=\"async\" width=\"1000\" height=\"1881\" src=\"https:\/\/ae01.alicdn.com\/kf\/Ua8ece3e103ed470793ec3cb15da8a01fz.jpg\" slate-data-type=\"image\" \/>\n<\/div>\n<p><\/p>\n<\/div>\n<\/div>","protected":false},"excerpt":{"rendered":"<p>Type:&nbsp;Bicycle Kickstand Brand Name:&nbsp;HOMCOM Origin:&nbsp;Mainland China If you don&#8217;t have enough space at home or you don&#8217;t know how to park your bikes in an orderly manner, HOMCOM bike parking<\/p>","protected":false},"featured_media":24709,"comment_status":"open","ping_status":"closed","template":"","meta":{"_acf_changed":false},"product_brand":[],"product_cat":[525],"product_tag":[],"class_list":{"0":"post-24708","1":"product","2":"type-product","3":"status-publish","4":"has-post-thumbnail","6":"product_cat-a","8":"first","9":"instock","10":"shipping-taxable","11":"purchasable","12":"product-type-variable"},"acf":[],"_links":{"self":[{"href":"https:\/\/www.electricstore.eu\/da\/wp-json\/wp\/v2\/product\/24708","targetHints":{"allow":["GET"]}}],"collection":[{"href":"https:\/\/www.electricstore.eu\/da\/wp-json\/wp\/v2\/product"}],"about":[{"href":"https:\/\/www.electricstore.eu\/da\/wp-json\/wp\/v2\/types\/product"}],"replies":[{"embeddable":true,"href":"https:\/\/www.electricstore.eu\/da\/wp-json\/wp\/v2\/comments?post=24708"}],"wp:featuredmedia":[{"embeddable":true,"href":"https:\/\/www.electricstore.eu\/da\/wp-json\/wp\/v2\/media\/24709"}],"wp:attachment":[{"href":"https:\/\/www.electricstore.eu\/da\/wp-json\/wp\/v2\/media?parent=24708"}],"wp:term":[{"taxonomy":"product_brand","embeddable":true,"href":"https:\/\/www.electricstore.eu\/da\/wp-json\/wp\/v2\/product_brand?post=24708"},{"taxonomy":"product_cat","embeddable":true,"href":"https:\/\/www.electricstore.eu\/da\/wp-json\/wp\/v2\/product_cat?post=24708"},{"taxonomy":"product_tag","embeddable":true,"href":"https:\/\/www.electricstore.eu\/da\/wp-json\/wp\/v2\/product_tag?post=24708"}],"curies":[{"name":"wp","href":"https:\/\/api.w.org\/{rel}","templated":true}]}}