{"id":24702,"date":"2025-05-20T18:41:56","date_gmt":"2025-05-20T18:41:56","guid":{"rendered":"https:\/\/electricstore.eu\/p\/uncategorized\/sportnow-steel-bicycle-parking-59x41x38-cm-black\/"},"modified":"2025-05-20T18:42:45","modified_gmt":"2025-05-20T18:42:45","slug":"sportnow-steel-bicycle-parking-59x41x38-cm-black","status":"publish","type":"product","link":"https:\/\/electricstore.eu\/da\/p\/a\/sportnow-steel-bicycle-parking-59x41x38-cm-black\/","title":{"rendered":"SPORTNOW cykelparkering i st\u00e5l 59x41x38 cm sort"},"content":{"rendered":"<div class=\"detailmodule_html\">\n<div class=\"detail-desc-decorate-richtext\">\n<p>Oplev den praktiske anvendelighed af denne SPORTNOW cykelstativ. Du skal blot placere din cykel, og se den automatisk blive fastgjort. Denne cykelstativ til gulvet er designet til d\u00e6k op til 8,5 cm brede og er ideel til at holde orden derhjemme, i garagen eller p\u00e5 kontoret takket v\u00e6re dens modstandsdygtige st\u00e5lstruktur og gummibaser, der sikrer stabilitet. Uundv\u00e6rlig for alle cykelfans.<\/p>\n<p><\/p>\n<div class=\"detailmodule_html\">\n<div class=\"detail-desc-decorate-richtext\">\n<div class=\"lc-1\">\n<div class=\"f-line\">\n<div class=\"fts\">\n<div><strong>Funktioner:<\/strong><\/div>\n<\/div>\n<\/div>\n<\/div>\n<\/div>\n<\/div>\n<p>\u25cf L\u00f8ft og skub cyklen for automatisk at l\u00e5se beslaget;<\/p>\n<p>\u25cf Cykelparkering kompatibel med de fleste cykler med d\u00e6k op til 8,5 cm brede;<\/p>\n<p>\u25cf St\u00e5lramme og gummiben giver st\u00e6rk stabilitet;<\/p>\n<p>\u25cf Cykelst\u00f8tte ideel til opbevaring eller parkering af cykler derhjemme, i garagen eller p\u00e5 arbejdspladsen;<\/p>\n<p>\u25cf Montering er p\u00e5kr\u00e6vet;<\/p>\n<p><\/p>\n<div class=\"detailmodule_html\">\n<div class=\"detail-desc-decorate-richtext\">\n<div class=\"lc-1\">\n<div class=\"f-line\">\n<div class=\"fts\">\n<div><strong>Specifikationer:<\/strong><\/div>\n<\/div>\n<\/div>\n<\/div>\n<\/div>\n<\/div>\n<p>\u25cf Farve: Sort;<\/p>\n<p>\u25cf Materiale: St\u00e5l;<\/p>\n<p>\u25cf Samlede m\u00e5l: 59x41x38 cm (LxANxAL);<\/p>\n<p>\u25cf For hjul: &lt; 8,5 cm bred;<\/p>\n<p>\u25cf Reference: AA0-097V00BK;<\/p>\n<p><\/p>\n<div class=\"detailmodule_html\">\n<div class=\"detail-desc-decorate-richtext\">\n<div><img decoding=\"async\" width=\"1000    \" height=\"35\" src=\"https:\/\/ae01.alicdn.com\/kf\/HTB1KhgjkfiSBuNkSnhJq6zDcpXaR.jpg\" slate-data-type=\"image\"\/><\/div>\n<\/div>\n<\/div>\n<p><img decoding=\"async\" src=\"https:\/\/ae01.alicdn.com\/kf\/S734523902357481b850557de07cb1aebh.jpg\" slate-data-type=\"image\"\/><img decoding=\"async\" src=\"https:\/\/ae01.alicdn.com\/kf\/Sa2507e8a0696493ab60c0cfed1caddcdk.jpg\" slate-data-type=\"image\"\/><img decoding=\"async\" src=\"https:\/\/ae01.alicdn.com\/kf\/Sb50e0faea835482795051f150361f40dZ.jpg\" slate-data-type=\"image\"\/><img decoding=\"async\" src=\"https:\/\/ae01.alicdn.com\/kf\/Seec342f2635243e89480ab60924fd274F.jpg\" slate-data-type=\"image\"\/><\/p>\n<div class=\"detailmodule_html\">\n<div class=\"detail-desc-decorate-richtext\">\n<div><img fetchpriority=\"high\" decoding=\"async\" width=\"1000\" height=\"1881\" src=\"https:\/\/ae01.alicdn.com\/kf\/Ua8ece3e103ed470793ec3cb15da8a01fz.jpg\" slate-data-type=\"image\"\/><\/div>\n<\/div>\n<\/div>\n<p><\/p>\n<\/div>\n<\/div>","protected":false},"excerpt":{"rendered":"<p>Discover the practicality of this SPORTNOW bike stand. Simply introduce your bike and watch it automatically secure. Designed for tires up to 8,5 cm wide, this floor bike parking is<\/p>","protected":false},"featured_media":24703,"comment_status":"open","ping_status":"closed","template":"","meta":{"_acf_changed":false},"product_brand":[],"product_cat":[525],"product_tag":[],"class_list":{"0":"post-24702","1":"product","2":"type-product","3":"status-publish","4":"has-post-thumbnail","6":"product_cat-a","8":"first","9":"instock","10":"shipping-taxable","11":"purchasable","12":"product-type-variable"},"acf":[],"_links":{"self":[{"href":"https:\/\/electricstore.eu\/da\/wp-json\/wp\/v2\/product\/24702","targetHints":{"allow":["GET"]}}],"collection":[{"href":"https:\/\/electricstore.eu\/da\/wp-json\/wp\/v2\/product"}],"about":[{"href":"https:\/\/electricstore.eu\/da\/wp-json\/wp\/v2\/types\/product"}],"replies":[{"embeddable":true,"href":"https:\/\/electricstore.eu\/da\/wp-json\/wp\/v2\/comments?post=24702"}],"wp:featuredmedia":[{"embeddable":true,"href":"https:\/\/electricstore.eu\/da\/wp-json\/wp\/v2\/media\/24703"}],"wp:attachment":[{"href":"https:\/\/electricstore.eu\/da\/wp-json\/wp\/v2\/media?parent=24702"}],"wp:term":[{"taxonomy":"product_brand","embeddable":true,"href":"https:\/\/electricstore.eu\/da\/wp-json\/wp\/v2\/product_brand?post=24702"},{"taxonomy":"product_cat","embeddable":true,"href":"https:\/\/electricstore.eu\/da\/wp-json\/wp\/v2\/product_cat?post=24702"},{"taxonomy":"product_tag","embeddable":true,"href":"https:\/\/electricstore.eu\/da\/wp-json\/wp\/v2\/product_tag?post=24702"}],"curies":[{"name":"wp","href":"https:\/\/api.w.org\/{rel}","templated":true}]}}