{"id":24689,"date":"2025-05-20T18:41:47","date_gmt":"2025-05-20T18:41:47","guid":{"rendered":"https:\/\/electricstore.eu\/p\/uncategorized\/homcom-electric-car-for-kids-3-years-audi-rs-e-tron-gt-103x58x41-cm-white\/"},"modified":"2025-05-20T18:42:33","modified_gmt":"2025-05-20T18:42:33","slug":"homcom-electric-car-for-kids-3-years-audi-rs-e-tron-gt-103x58x41-cm-white","status":"publish","type":"product","link":"https:\/\/www.electricstore.eu\/da\/p\/o\/homcom-electric-car-for-kids-3-years-audi-rs-e-tron-gt-103x58x41-cm-white\/","title":{"rendered":"HOMCOM elbil til b\u00f8rn + 3 \u00e5r AUDI RS e-tron GT 103x58x41 cm hvid"},"content":{"rendered":"<div class=\"product-specs-list-container\">\n<ul class=\"product-specs-list util-clearfix\">\n<li class=\"product-prop line-limit-length\"><span\n                                        class=\"property-title\">M\u00e6rkenavn:&nbsp;<\/span><span\n                                        class=\"property-desc line-limit-length\">HOMCOM<\/span>\n                            <\/li>\n<li class=\"product-prop line-limit-length\"><span\n                                        class=\"property-title\">Funktioner:&nbsp;<\/span><span\n                                        class=\"property-desc line-limit-length\">Rid videre<\/span>\n                            <\/li>\n<\/ul><\/div>\n<div class=\"detailmodule_html\">\n<div class=\"detail-desc-decorate-richtext\">\n<p>Hvis du leder efter en elbil til dine b\u00f8rn, s\u00e5 tag et kig p\u00e5 denne elektriske b\u00f8rnebil fra HOMCOM. Den har elementer, der g\u00f8r den virkelig sikker og unik. Den har horn, forlygter, sikkerhedssele, forudinstalleret musik og ekstra brede d\u00e6k med d\u00e6mpning. Den kan k\u00f8res af b\u00f8rn med bilens rat eller af en voksen med den medf\u00f8lgende fjernbetjening.<\/p>\n<div class=\"detailmodule_html\">\n<div class=\"detail-desc-decorate-richtext\">\n<div style=\"overflow:visible;height:auto\" class=\"lc-1\">\n<div class=\"f-line\">\n<div class=\"fts\">\n<div>\u00a0<\/div>\n<\/div>\n<\/div>\n<\/div>\n<div class=\"lc-1\">\n<div class=\"f-line\">\n<div class=\"fts\">\n<div><strong>Funktioner:<\/strong><\/div>\n<div>\u25cf Elbil til b\u00f8rn med lavt tyngdepunkt og firehjulsoph\u00e6ng for j\u00e6vn k\u00f8rsel;<\/div>\n<div>\u25cf Separate horn- og musikknapper;<\/div>\n<div>\u25cf Den langsomme startmekanisme giver dit barn maksimal beskyttelse;<\/div>\n<div>\u25cf Elektrisk b\u00f8rnebil med indikator for resterende batteri;<\/div>\n<div>\u25cf Inkluderer AUX-port, USB- og TF-kortslot;<\/div>\n<div>\u25cf Inkluderer ekstra hjul, s\u00e5 den nemt kan flyttes, hvis batteriet l\u00f8ber t\u00f8r, og den tr\u00e6kkes uden at v\u00e6re p\u00e5;<\/div>\n<div>\u25cf N\u00e5r dette 12V-batteri er fuldt opladet, har det en r\u00e6kkevidde p\u00e5 op til 45 minutter (afh\u00e6ngigt af brugstypen);<\/div>\n<div>\u25cf Montering er p\u00e5kr\u00e6vet;<\/div>\n<div><\/div>\n<\/div>\n<\/div>\n<\/div>\n<div class=\"lc-1\">\n<div class=\"f-line\">\n<div class=\"fts\">\n<div><strong>Specifikationer:<\/strong><\/div>\n<\/div>\n<\/div>\n<\/div>\n<\/div>\n<\/div>\n<p>-Farve: hvid, sort;<\/p>\n<p>-Materiale: polypropylen (PP), metal;<\/p>\n<p>- Samlede m\u00e5l: 103x58x41 cm (LxANxAL);<\/p>\n<p>-S\u00e6dem\u00e5l: 34\u00d719,5\u00d713 cm (fra jorden);<\/p>\n<p>-Batteri: 12V 4,5ah;<\/p>\n<p>-F\u00f8rste opladning: 8-10 timer, normal opladning: 10-12 timer;<\/p>\n<p>-Hastighed: 3-5 km\/t;<\/p>\n<p>-Fjernbetjeningsafstand: 25 m;<\/p>\n<p>-PP-hjul: \u00d8 19\u00d77,5 cm (DxAL);<\/p>\n<p>-Autonomi: 45 minutter (afh\u00e6ngigt af brugstypen);<\/p>\n<p>-Maksimal belastning: 25 kg;<\/p>\n<p>-Batterier: 2 x AAA (medf\u00f8lger ikke);<\/p>\n<p>-Anbefalet alder: 37-60 m\u00e5neder;<\/p>\n<p>-Reference: 370-220V90WT;<\/p>\n<p>Bem\u00e6rk: Brug altid under opsyn af en voksen;<\/p>\n<div class=\"detailmodule_html\">\n<div class=\"detail-desc-decorate-richtext\">\n<div class=\"lc-1\">\n<div class=\"f-line\">\n<div class=\"fts\">\n<div><img decoding=\"async\" width=\"1000    \" height=\"35\" src=\"https:\/\/ae01.alicdn.com\/kf\/HTB1KhgjkfiSBuNkSnhJq6zDcpXaR.jpg\" slate-data-type=\"image\"\/><\/div>\n<\/div>\n<\/div>\n<\/div>\n<\/div>\n<\/div>\n<p><img decoding=\"async\" src=\"https:\/\/ae01.alicdn.com\/kf\/Sd488e7685245477a9190fe80382909ed3.jpg\" slate-data-type=\"image\"\/><img decoding=\"async\" src=\"https:\/\/ae01.alicdn.com\/kf\/S1d8210f644914a1084b6b350e0d6ff5fB.jpg\" slate-data-type=\"image\"\/><img decoding=\"async\" src=\"https:\/\/ae01.alicdn.com\/kf\/Sde1d5f5e5fde44868d096a0249e13145K.jpg\" slate-data-type=\"image\"\/><img decoding=\"async\" src=\"https:\/\/ae01.alicdn.com\/kf\/S99a8c65feda54a79a50b8d18731b8b1cJ.jpg\" slate-data-type=\"image\"\/><\/p>\n<div class=\"detailmodule_html\">\n<div class=\"detail-desc-decorate-richtext\">\n<div><img fetchpriority=\"high\" decoding=\"async\" width=\"1000\" height=\"1881\" src=\"https:\/\/ae01.alicdn.com\/kf\/Ua8ece3e103ed470793ec3cb15da8a01fz.jpg\" slate-data-type=\"image\"\/><\/div>\n<\/div>\n<\/div>\n<p><\/p>\n<\/div>\n<\/div>","protected":false},"excerpt":{"rendered":"<p>Brand Name:&nbsp;HOMCOM Features:&nbsp;Ride On If you are looking for an electric car for your children, look at this HOMCOM Electric children&#8217;s car. Features elements that make it really safe and<\/p>","protected":false},"featured_media":24690,"comment_status":"open","ping_status":"closed","template":"","meta":{"_acf_changed":false},"product_brand":[],"product_cat":[15],"product_tag":[],"class_list":{"0":"post-24689","1":"product","2":"type-product","3":"status-publish","4":"has-post-thumbnail","6":"product_cat-o","8":"first","9":"instock","10":"shipping-taxable","11":"purchasable","12":"product-type-variable"},"acf":[],"_links":{"self":[{"href":"https:\/\/www.electricstore.eu\/da\/wp-json\/wp\/v2\/product\/24689","targetHints":{"allow":["GET"]}}],"collection":[{"href":"https:\/\/www.electricstore.eu\/da\/wp-json\/wp\/v2\/product"}],"about":[{"href":"https:\/\/www.electricstore.eu\/da\/wp-json\/wp\/v2\/types\/product"}],"replies":[{"embeddable":true,"href":"https:\/\/www.electricstore.eu\/da\/wp-json\/wp\/v2\/comments?post=24689"}],"wp:featuredmedia":[{"embeddable":true,"href":"https:\/\/www.electricstore.eu\/da\/wp-json\/wp\/v2\/media\/24690"}],"wp:attachment":[{"href":"https:\/\/www.electricstore.eu\/da\/wp-json\/wp\/v2\/media?parent=24689"}],"wp:term":[{"taxonomy":"product_brand","embeddable":true,"href":"https:\/\/www.electricstore.eu\/da\/wp-json\/wp\/v2\/product_brand?post=24689"},{"taxonomy":"product_cat","embeddable":true,"href":"https:\/\/www.electricstore.eu\/da\/wp-json\/wp\/v2\/product_cat?post=24689"},{"taxonomy":"product_tag","embeddable":true,"href":"https:\/\/www.electricstore.eu\/da\/wp-json\/wp\/v2\/product_tag?post=24689"}],"curies":[{"name":"wp","href":"https:\/\/api.w.org\/{rel}","templated":true}]}}