{"id":24647,"date":"2025-05-20T18:41:20","date_gmt":"2025-05-20T18:41:20","guid":{"rendered":"https:\/\/electricstore.eu\/p\/uncategorized\/homcom-childrens-electric-motorcycle-car-tricycle-vespa-battery-powered-electric-scooter-with-light-mp3-usb-children-3-6-years\/"},"modified":"2025-05-20T18:41:40","modified_gmt":"2025-05-20T18:41:40","slug":"homcom-childrens-electric-motorcycle-car-tricycle-vespa-battery-powered-electric-scooter-with-light-mp3-usb-children-3-6-years","status":"publish","type":"product","link":"https:\/\/www.electricstore.eu\/da\/p\/motorbikes\/electric-children-motorbikes\/homcom-childrens-electric-motorcycle-car-tricycle-vespa-battery-powered-electric-scooter-with-light-mp3-usb-children-3-6-years\/","title":{"rendered":"Homcom B\u00f8rns Elmotorcykel Bil Trehjulet Cykel Vespa Batteridrevet Elscooter med Lys Mp3 USB B\u00f8rn 3-6 \u00c5r"},"content":{"rendered":"<div class=\"product-specs-list-container\">\n<ul class=\"product-specs-list util-clearfix\">\n<li class=\"product-prop line-limit-length\"><span\n                                        class=\"property-title\">M\u00e6rkenavn:&nbsp;<\/span><span\n                                        class=\"property-desc line-limit-length\">HOMCOM<\/span>\n                            <\/li>\n<li class=\"product-prop line-limit-length\"><span\n                                        class=\"property-title\">Funktioner:&nbsp;<\/span><span\n                                        class=\"property-desc line-limit-length\">Rid videre<\/span>\n                            <\/li>\n<li class=\"product-prop line-limit-length\"><span\n                                        class=\"property-title\">Certifikat:&nbsp;<\/span><span\n                                        class=\"property-desc line-limit-length\"><\/span>\n                            <\/li>\n<\/ul><\/div>\n<div class=\"detailmodule_html\">\n<div class=\"detail-desc-decorate-richtext\">\n<div class=\"detailmodule_html\">\n<div class=\"detail-desc-decorate-richtext\">\n<div>Hvilken dreng eller pige \u00f8nsker sig ikke en motorcykel som denne? Det er en 6v motorcykel med et smukt Vespa-design. Den har mange funktioner, der minder om en rigtig motorcykel: LED-forlygter, LED-baglygter, musik, USB- og mp3-interface osv. De sm\u00e5 kan nyde at k\u00f8re p\u00e5 denne motorcykel og imitere voksne. Derudover giver dette leget\u00f8j dig mulighed for at udvikle b\u00f8rns balanceevne, mens de rejser i timevis med sjov og underholdning!<\/p>\n<\/div>\n<div class=\"detailmodule_html\">\n<div class=\"detail-desc-decorate-richtext\">\n<div class=\"lc-1\">\n<div class=\"f-line\">\n<div class=\"fts\">\n<div><strong>Funktioner:<\/strong><br \/>\u2022 egnet til b\u00f8rn over 3 \u00e5r<br \/>\u2022 2 ekstra hjul for nem og sikker indl\u00e6ring og hurtig progression<br \/>\u2022 LED-lys, multifunktionel mp3-afspiller (USB-gr\u00e6nseflade, mp3-gr\u00e6nseflade)<br \/>\u2022 musikknapper p\u00e5 styret<br \/>\u2022 6V-motor med godt baghjulstr\u00e6k. Lang batterilevetid, cirka 45 minutters kontinuerlig brug efter en fuld opladning<br \/>\u2022 den har gash\u00e5ndtag og batteridisplay<br \/>\u2022 ergonomisk s\u00e6de for ekstra komfort under brug<br \/>\u2022 design og fremstilling med materialer af h\u00f8j kvalitet<br \/>\u2022 inkluderer illustreret monteringsmanual<br \/>\u2022 bem\u00e6rk: det anbefales at bruge under opsyn af en voksen og i terr\u00e6n<\/p>\n<p><\/div>\n<\/div>\n<\/div>\n<\/div>\n<div class=\"lc-1\">\n<div class=\"f-line\">\n<div class=\"fts\">\n<div><strong>Specifikationer:<\/strong><br \/>\u2022 farve: hvid<br \/>\u2022 materiale: metal og pp<br \/>\u2022 samlede m\u00e5l: 102\u00d750,5\u00d775,5 cm (lxbxh)<br \/>\u2022 hjulst\u00f8rrelse: \u0444 23\u00d77,5 cm (dxb)<br \/>\u2022 hastighed: 3 km\/t<br \/>\u2022 opladningstid: 8-12 timer<br \/>\u2022 kontinuerlig brugstid (med fuld belastning): 45 min<br \/>\u2022 1 x batteri: 6v, 4,5ah<br \/>\u2022 oplader: 6v, 500ma<br \/>\u2022 nettov\u00e6gt: 9 kg<br \/>\u2022 maks. lasteevne: 30 kg<br \/>\u2022 reference: 370-056wt<\/p>\n<p><\/div>\n<\/div>\n<\/div>\n<\/div>\n<div><img decoding=\"async\" width=\"1000    \" height=\"35\" src=\"https:\/\/ae01.alicdn.com\/kf\/HTB1KhgjkfiSBuNkSnhJq6zDcpXaR.jpg\" slate-data-type=\"image\"><\/div>\n<div class=\"content01\">\n<div class=\"content_img\"><img decoding=\"async\" width=\"1000\" src=\"https:\/\/ae01.alicdn.com\/kf\/H457e9c1eb0974c0b8b3bf67c52b90c49b.jpg\" slate-data-type=\"image\"><\/div>\n<div class=\"content_img\"><img decoding=\"async\" width=\"1000\" src=\"https:\/\/ae01.alicdn.com\/kf\/Hadd6da9afe684c2f9e7fd056d7442f60L.jpg\" slate-data-type=\"image\"><\/div>\n<div class=\"content_img\"><img decoding=\"async\" width=\"1000\" src=\"https:\/\/ae01.alicdn.com\/kf\/Hfef0079999114ff7b8c90a1babe10782b.jpg\" slate-data-type=\"image\"><\/div>\n<div class=\"content_img\"><img decoding=\"async\" width=\"1000\" src=\"https:\/\/ae01.alicdn.com\/kf\/H8cf715138298418b9df8ad8aa24f010fX.jpg\" slate-data-type=\"image\"><\/div>\n<div class=\"content_img\"><img decoding=\"async\" width=\"1000\" src=\"https:\/\/ae01.alicdn.com\/kf\/H0c9561b7888241fc87ecc1faa2fde219D.jpg\" slate-data-type=\"image\"><\/div>\n<div class=\"content_img\"><img decoding=\"async\" width=\"1000\" src=\"https:\/\/ae01.alicdn.com\/kf\/Hdc550bae15ed490090cfc58fd425ac00w.jpg\" slate-data-type=\"image\"><\/div>\n<div class=\"content_img\"><img decoding=\"async\" width=\"1000\" src=\"https:\/\/gsp.aliexpress.com\/apps\/product\/publish?spm=5261.ProductManageOnline.0.0.15744edfeo3LUe&amp;productId=1005002294169068\" slate-data-type=\"image\"><\/div>\n<div class=\"content_img\"><img decoding=\"async\" width=\"1000\" src=\"https:\/\/gsp.aliexpress.com\/apps\/product\/publish?spm=5261.ProductManageOnline.0.0.15744edfeo3LUe&amp;productId=1005002294169068\" slate-data-type=\"image\"><\/div>\n<\/div>\n<div><img fetchpriority=\"high\" decoding=\"async\" width=\"1000\" height=\"1881\" src=\"https:\/\/ae01.alicdn.com\/kf\/HTB1i.OtVMHqK1RjSZFkq6x.WFXaT.jpg\" slate-data-type=\"image\"><\/div>\n<\/div>\n<\/div>\n<p><\/p>\n<\/div>\n<\/div>\n<\/div>\n<\/div>","protected":false},"excerpt":{"rendered":"<p>Brand Name:&nbsp;HOMCOM Features:&nbsp;Ride On Certificate:&nbsp; What boy or girl&#8217;t want a motorcycle like this?It is a 6v motorcycle with a beautiful vespa design.It has many features to approach real motorcycle:<\/p>","protected":false},"featured_media":24648,"comment_status":"open","ping_status":"closed","template":"","meta":{"_acf_changed":false},"product_brand":[],"product_cat":[313],"product_tag":[],"class_list":{"0":"post-24647","1":"product","2":"type-product","3":"status-publish","4":"has-post-thumbnail","6":"product_cat-electric-children-motorbikes","8":"first","9":"instock","10":"shipping-taxable","11":"purchasable","12":"product-type-variable"},"acf":[],"_links":{"self":[{"href":"https:\/\/www.electricstore.eu\/da\/wp-json\/wp\/v2\/product\/24647","targetHints":{"allow":["GET"]}}],"collection":[{"href":"https:\/\/www.electricstore.eu\/da\/wp-json\/wp\/v2\/product"}],"about":[{"href":"https:\/\/www.electricstore.eu\/da\/wp-json\/wp\/v2\/types\/product"}],"replies":[{"embeddable":true,"href":"https:\/\/www.electricstore.eu\/da\/wp-json\/wp\/v2\/comments?post=24647"}],"wp:featuredmedia":[{"embeddable":true,"href":"https:\/\/www.electricstore.eu\/da\/wp-json\/wp\/v2\/media\/24648"}],"wp:attachment":[{"href":"https:\/\/www.electricstore.eu\/da\/wp-json\/wp\/v2\/media?parent=24647"}],"wp:term":[{"taxonomy":"product_brand","embeddable":true,"href":"https:\/\/www.electricstore.eu\/da\/wp-json\/wp\/v2\/product_brand?post=24647"},{"taxonomy":"product_cat","embeddable":true,"href":"https:\/\/www.electricstore.eu\/da\/wp-json\/wp\/v2\/product_cat?post=24647"},{"taxonomy":"product_tag","embeddable":true,"href":"https:\/\/www.electricstore.eu\/da\/wp-json\/wp\/v2\/product_tag?post=24647"}],"curies":[{"name":"wp","href":"https:\/\/api.w.org\/{rel}","templated":true}]}}