{"id":24379,"date":"2025-05-20T18:35:52","date_gmt":"2025-05-20T18:35:52","guid":{"rendered":"https:\/\/electricstore.eu\/p\/uncategorized\/csc-48v-1000w-1500w-electric-bicycle-conversion-kit-with-48v-battery-26in-27-5in-29inch-motor-wheel-mtx-sunringl-rim\/"},"modified":"2025-05-20T18:36:05","modified_gmt":"2025-05-20T18:36:05","slug":"csc-48v-1000w-1500w-electric-bicycle-conversion-kit-with-48v-battery-26in-27-5in-29inch-motor-wheel-mtx-sunringl-rim","status":"publish","type":"product","link":"https:\/\/www.electricstore.eu\/da\/p\/p\/kits\/electric-hub-motor-kits\/csc-48v-1000w-1500w-electric-bicycle-conversion-kit-with-48v-battery-26in-27-5in-29inch-motor-wheel-mtx-sunringl-rim\/","title":{"rendered":"CSC 48V 1000W 1500W Elcykel Konverteringss\u00e6t med 48V batteri 26&quot; 27,5&quot; 29&quot; motor Hjul MTX SUNRINGL F\u00c6LG"},"content":{"rendered":"<div class=\"product-specs-list-container\">\n<ul class=\"product-specs-list util-clearfix\">\n<li class=\"product-prop line-limit-length\"><span\n                                        class=\"property-title\">St\u00f8rrelse:&nbsp;<\/span><span\n                                        class=\"property-desc line-limit-length\">29-tommer<\/span>\n                            <\/li>\n<li class=\"product-prop line-limit-length\"><span\n                                        class=\"property-title\">Monteringsposition:&nbsp;<\/span><span\n                                        class=\"property-desc line-limit-length\">Baghjulstr\u00e6k<\/span>\n                            <\/li>\n<li class=\"product-prop line-limit-length\"><span\n                                        class=\"property-title\">Motortype:&nbsp;<\/span><span\n                                        class=\"property-desc line-limit-length\">B\u00f8rstel\u00f8s navmotor uden gear<\/span>\n                            <\/li>\n<li class=\"product-prop line-limit-length\"><span\n                                        class=\"property-title\">Design:&nbsp;<\/span><span\n                                        class=\"property-desc line-limit-length\">B\u00f8rstel\u00f8s<\/span>\n                            <\/li>\n<li class=\"product-prop line-limit-length\"><span\n                                        class=\"property-title\">Effekt:&nbsp;<\/span><span\n                                        class=\"property-desc line-limit-length\">&gt; 1000w<\/span>\n                            <\/li>\n<li class=\"product-prop line-limit-length\"><span\n                                        class=\"property-title\">Sp\u00e6nding:&nbsp;<\/span><span\n                                        class=\"property-desc line-limit-length\">48V<\/span>\n                            <\/li>\n<li class=\"product-prop line-limit-length\"><span\n                                        class=\"property-title\">M\u00e6rkenavn:&nbsp;<\/span><span\n                                        class=\"property-desc line-limit-length\">CSC<\/span>\n                            <\/li>\n<li class=\"product-prop line-limit-length\"><span\n                                        class=\"property-title\">Oprindelse:&nbsp;<\/span><span\n                                        class=\"property-desc line-limit-length\">Kinas fastland<\/span>\n                            <\/li>\n<li class=\"product-prop line-limit-length\"><span\n                                        class=\"property-title\">Effekt:&nbsp;<\/span><span\n                                        class=\"property-desc line-limit-length\">1000W 1500W<\/span>\n                            <\/li>\n<li class=\"product-prop line-limit-length\"><span\n                                        class=\"property-title\">Kant:&nbsp;<\/span><span\n                                        class=\"property-desc line-limit-length\">MTX ingen bremseflade<\/span>\n                            <\/li>\n<li class=\"product-prop line-limit-length\"><span\n                                        class=\"property-title\">Bremsetype:&nbsp;<\/span><span\n                                        class=\"property-desc line-limit-length\">skivebremse<\/span>\n                            <\/li>\n<li class=\"product-prop line-limit-length\"><span\n                                        class=\"property-title\">st\u00f8rrelse:&nbsp;<\/span><span\n                                        class=\"property-desc line-limit-length\">26 tommer 27,5 tommer 29 tommer<\/span>\n                            <\/li>\n<li class=\"product-prop line-limit-length\"><span\n                                        class=\"property-title\">Motorakseldiameter:&nbsp;<\/span><span\n                                        class=\"property-desc line-limit-length\">M14 (14 mm * 10 mm)<\/span>\n                            <\/li>\n<li class=\"product-prop line-limit-length\"><span\n                                        class=\"property-title\">Note:&nbsp;<\/span><span\n                                        class=\"property-desc line-limit-length\">Kontroller de dimensioner, der er stemplet p\u00e5 d\u00e6kket, f\u00f8r du bestiller<\/span>\n                            <\/li>\n<\/ul><\/div>\n<div class=\"detailmodule_text-image\">\n<p style=\"font-family:OpenSans;font-size:20px;font-weight:900;line-height:28px;white-space:pre-wrap;color:rgb(0, 0, 0);margin-bottom:12px\" class=\"detail-desc-decorate-title\">Pakkeliste<\/p>\n<p style=\"font-family:OpenSans;font-size:14px;font-weight:300;line-height:20px;white-space:pre-wrap;color:rgb(0, 0, 0);margin-bottom:12px\" class=\"detail-desc-decorate-content\">1 * Batteri og oplader (Hvis du bestiller &quot;INTET batteri&quot;, er batteriet ikke inkluderet)<br \/>1 * Baghjulsmotor (26\/27,5\/29 tommer)<br \/>1 * D\u00e6k<br \/>1 * 7-speed fril\u00f8b<br \/>1 * 160 mm skivebremseskive<br \/>1 * DC-controller <br \/>1 * Controller-taske <br \/>1 par * Str\u00f8mafbryder Bremsegreb <br \/>1 * Sk\u00e6rm SW900<br \/>1 * 8 magnetpedalassistentsensor <br \/>1 s\u00e6t * Drejegash\u00e5ndtag<\/p>\n<div><img decoding=\"async\" class=\"detail-desc-decorate-image\" src=\"https:\/\/ae01.alicdn.com\/kf\/Sdb8c9d3ad2954e00b4861023924ecc2bh.jpg\" slate-data-type=\"image\"\/><img decoding=\"async\" class=\"detail-desc-decorate-image\" src=\"https:\/\/ae01.alicdn.com\/kf\/H1de793dcd92340ed8ad39af833c1f2c8Y.jpg\" slate-data-type=\"image\"\/><\/div>\n<\/div>\n<div class=\"detailmodule_text-image\">\n<p style=\"font-family:OpenSans;font-size:20px;font-weight:900;line-height:28px;white-space:pre-wrap;color:rgb(0, 0, 0);margin-bottom:12px\" class=\"detail-desc-decorate-title\">Batteri<\/p>\n<p style=\"font-family:OpenSans;font-size:14px;font-weight:300;line-height:20px;white-space:pre-wrap;color:rgb(0, 0, 0);margin-bottom:12px\" class=\"detail-desc-decorate-content\">48V 18AH batteri<br \/>Nominel sp\u00e6nding: 48V<br \/>Nominel kapacitet: 18 Ah<br \/>Sammensat type: 13Serie 4Parallel 13S4P<br \/>Celler: Kraftfulde 21700 3,7V 4500mAh celler<br \/>BMS: 40 Amp kontinuerlig 100 \u00b1 10 Amp maksimum<br \/>Tilpas motoreffekt: 48V 250W-1500W<br \/>Ladestr\u00f8m: 2-5A<br \/>Ladeafbrydelsessp\u00e6nding: 54,6V<br \/>Afbrydelsessp\u00e6nding for udladning: 39V<br \/>Udladningstemperatur: -20 til 65\u00b0C<br \/>Opladningstemperatur: 0 til 45\u00b0C<br \/>Dimensioner: 90*110*360 mm<br \/>Batteriv\u00e6gt: 4,77 kg<br \/>Cykluslevetid: \u226580% kapacitet efter 800 cyklusser.<br \/>&#8212;&#8212;&#8212;&#8212;&#8212;&#8212;&#8212;&#8212;&#8212;&#8212;&#8212;&#8212;&#8212;&#8212;&#8212;&#8212;&#8212;&#8212;&#8212;&#8212;&#8212;&#8212;<br \/>48V 24AH batteri<br \/>Nominel sp\u00e6nding: 48V<br \/>Nominel kapacitet: 24 Ah<br \/>Sammensat type: 13Serie 5Parallel 13S5P<br \/>Celler: Kraftfulde 21700 3,7V 4800mAh celler<br \/>BMS: 40 Amp kontinuerlig 100 \u00b1 10 Amp maksimum<br \/>Tilpas motoreffekt: 48V 250W-1500W<br \/>Ladestr\u00f8m: 2-5A<br \/>Ladeafbrydelsessp\u00e6nding: 54,6V<br \/>Afbrydelsessp\u00e6nding for udladning: 39V<br \/>Udladningstemperatur: -20 til 65\u00b0C<br \/>Opladningstemperatur: 0 til 45\u00b0C<br \/>Dimensioner: 90*110*360 mm<br \/>Batteriv\u00e6gt: 5,73 kg<br \/>Cykluslevetid: \u226580% kapacitet efter 800 cyklusser.<br \/>&#8212;&#8212;&#8212;&#8212;&#8212;&#8212;&#8212;&#8212;&#8212;&#8212;&#8212;&#8212;&#8212;&#8212;&#8212;&#8212;&#8212;&#8212;&#8212;&#8212;&#8212;&#8212;<\/p>\n<div><img decoding=\"async\" class=\"detail-desc-decorate-image\" src=\"https:\/\/ae01.alicdn.com\/kf\/H263a73bc84da46d7b71d416a23c113af1.png\" slate-data-type=\"image\"\/><\/div>\n<\/div>\n<div class=\"detailmodule_text-image\">\n<p style=\"font-family:OpenSans;font-size:20px;font-weight:900;line-height:28px;white-space:pre-wrap;color:rgb(0, 0, 0);margin-bottom:12px\" class=\"detail-desc-decorate-title\">Motorhjul<\/p>\n<p style=\"font-family:OpenSans;font-size:14px;font-weight:300;line-height:20px;white-space:pre-wrap;color:rgb(0, 0, 0);margin-bottom:12px\" class=\"detail-desc-decorate-content\">1. Fuld hastighed:<br \/>48V 1000W omkring 45-55 km\/t,<br \/>48V 1500W omkring 50-60 km\/t,<br \/>(forskellige hjulst\u00f8rrelser, vej- og vejrforhold og rytterens v\u00e6gt vil have forskellig hastighed)<br \/>2. Navmotor:<br \/>B\u00f8rstel\u00f8s navmotor uden gear<br \/>3. F\u00e6lg: Dobbeltv\u00e6gget aluminiumslegeringsf\u00e6lg<br \/>24 26 27,5 tommer er SUN-ring MTX39, indvendig bredde 30 mm<br \/>28 29 tommer 700C er SUN ring MTX33, indvendig bredde 26 mm<br \/>4. Hjul krankboks: Bag 135 mm-142 mm<br \/>5. Drejningsmoment:<br \/>30-40 NM for 1000W<br \/>35-45 NM for 1500W<br \/>6. Omdrejninger\/min.:<br \/>470 til 48V 1000W<br \/>540 til 48V 1500W<\/p>\n<div><img decoding=\"async\" class=\"detail-desc-decorate-image\" src=\"https:\/\/ae01.alicdn.com\/kf\/S3e67d62b93db4cbbb26b8871584fbd40h.jpg\" slate-data-type=\"image\"\/><img decoding=\"async\" class=\"detail-desc-decorate-image\" src=\"https:\/\/ae01.alicdn.com\/kf\/S6c9188c02bd04699b4360bc8b0fe44a2X.jpg\" slate-data-type=\"image\"\/><img decoding=\"async\" class=\"detail-desc-decorate-image\" src=\"https:\/\/ae01.alicdn.com\/kf\/S95b3b353a834444a9de0448eac93b2aak.jpg\" slate-data-type=\"image\"\/><\/div>\n<\/div>\n<div class=\"detailmodule_text-image\">\n<p style=\"font-family:OpenSans;font-size:20px;font-weight:900;line-height:28px;white-space:pre-wrap;color:rgb(0, 0, 0);margin-bottom:12px\" class=\"detail-desc-decorate-title\">Vise<\/p>\n<p style=\"font-family:OpenSans;font-size:14px;font-weight:300;line-height:20px;white-space:pre-wrap;color:rgb(0, 0, 0);margin-bottom:12px\" class=\"detail-desc-decorate-content\">SW900-sk\u00e6rmens produktfunktioner<br \/>Displayfunktion:<br \/>Hastighedsdisplay, servogeardisplay, str\u00f8mindikator, fejlmeddelelse, samlet kilometertal, enkelt kilometertal, forlygter og enkelt k\u00f8retid.<br \/>(2) Kontrol-\/indstillingsfunktion:<br \/>T\u00e6nd\/sluk-knap, forlygteknap, 6 km\/t boost-kontrol, indstilling af hjuldiameter, indstilling af hastighedsgr\u00e6nse, indstilling af dvalem\u00e5ler, indstilling af baggrundsbelysning, sp\u00e6ndingsindstilling.<\/p>\n<div><img decoding=\"async\" class=\"detail-desc-decorate-image\" src=\"https:\/\/ae01.alicdn.com\/kf\/S02f864cf73974f86824ee0189728239cT.jpg\" slate-data-type=\"image\"\/><\/div>\n<\/div>\n<div class=\"detailmodule_text-image\">\n<p style=\"font-family:OpenSans;font-size:20px;font-weight:900;line-height:28px;white-space:pre-wrap;color:rgb(0, 0, 0);margin-bottom:12px\" class=\"detail-desc-decorate-title\">Controller<\/p>\n<p style=\"font-family:OpenSans;font-size:14px;font-weight:300;line-height:20px;white-space:pre-wrap;color:rgb(0, 0, 0);margin-bottom:12px\" class=\"detail-desc-decorate-content\">CSC 12 mosfet-controller<br \/>Passer til: 48V 1000W motorhjul, SW900 Display<br \/>Nominel str\u00f8m: 22A, Maks. str\u00f8m: 44\u00b11A<br \/>St\u00f8rrelse: 149*83,3*42 mm<\/p>\n<p>CSC 15 mosfet-controller<br \/>Passer til: 48V 1500W motorhjul, SW900 Display<br \/>Nominel str\u00f8m: 35A, Maks. str\u00f8m: 70\u00b11A<br \/>St\u00f8rrelse: 118,2 * 82,33 * 41 mm<\/p>\n<div><img decoding=\"async\" class=\"detail-desc-decorate-image\" src=\"https:\/\/ae01.alicdn.com\/kf\/S602335b46ffa4cb6ba848c755bfb554cG.jpg\" slate-data-type=\"image\"\/><\/div>\n<\/div>\n<div class=\"detailmodule_text-image\">\n<p style=\"font-family:OpenSans;font-size:20px;font-weight:900;line-height:28px;white-space:pre-wrap;color:rgb(0, 0, 0);margin-bottom:12px\" class=\"detail-desc-decorate-title\">Controller-taske<\/p>\n<div><img decoding=\"async\" class=\"detail-desc-decorate-image\" src=\"https:\/\/ae01.alicdn.com\/kf\/S3501bec3055a4229a384431f5cb8b6a2y.jpg\" slate-data-type=\"image\"\/><\/div>\n<\/div>\n<div class=\"detailmodule_text-image\">\n<p style=\"font-family:OpenSans;font-size:20px;font-weight:900;line-height:28px;white-space:pre-wrap;color:rgb(0, 0, 0);margin-bottom:12px\" class=\"detail-desc-decorate-title\">PAS<\/p>\n<p style=\"font-family:OpenSans;font-size:14px;font-weight:300;line-height:20px;white-space:pre-wrap;color:rgb(0, 0, 0);margin-bottom:12px\" class=\"detail-desc-decorate-content\">Pedalassistentsensor BZ-4 8 Magnet<\/p>\n<div><img decoding=\"async\" class=\"detail-desc-decorate-image\" src=\"https:\/\/ae01.alicdn.com\/kf\/S46b887ddb2f24fea9531c87c8a7abd9a2.jpg\" slate-data-type=\"image\"\/><\/div>\n<\/div>\n<div class=\"detailmodule_text-image\">\n<p style=\"font-family:OpenSans;font-size:20px;font-weight:900;line-height:28px;white-space:pre-wrap;color:rgb(0, 0, 0);margin-bottom:12px\" class=\"detail-desc-decorate-title\">Gash\u00e5ndtag<\/p>\n<p style=\"font-family:OpenSans;font-size:14px;font-weight:300;line-height:20px;white-space:pre-wrap;color:rgb(0, 0, 0);margin-bottom:12px\" class=\"detail-desc-decorate-content\">Drej gash\u00e5ndtaget<\/p>\n<div><img decoding=\"async\" class=\"detail-desc-decorate-image\" src=\"https:\/\/ae01.alicdn.com\/kf\/S50b818b01eb443d4b6c01c6b938443b2A.jpg\" slate-data-type=\"image\"\/><\/div>\n<\/div>\n<div class=\"detailmodule_text-image\">\n<p style=\"font-family:OpenSans;font-size:20px;font-weight:900;line-height:28px;white-space:pre-wrap;color:rgb(0, 0, 0);margin-bottom:12px\" class=\"detail-desc-decorate-title\">Str\u00f8mafbryder til bremseafbryder<\/p>\n<p style=\"font-family:OpenSans;font-size:14px;font-weight:300;line-height:20px;white-space:pre-wrap;color:rgb(0, 0, 0);margin-bottom:12px\" class=\"detail-desc-decorate-content\">Drej gash\u00e5ndtaget<\/p>\n<div><img decoding=\"async\" class=\"detail-desc-decorate-image\" src=\"https:\/\/ae01.alicdn.com\/kf\/S45225552f492471091fd3504a6cfa078w.jpg\" slate-data-type=\"image\"\/><\/div>\n<\/div>\n<div class=\"detailmodule_text\">\n<p style=\"font-family:OpenSans;font-size:20px;font-weight:900;line-height:28px;white-space:pre-wrap;color:rgb(0, 0, 0);margin-bottom:12px\" class=\"detail-desc-decorate-title\">Forsendelse og garanti<\/p>\n<p style=\"font-family:OpenSans;font-size:14px;font-weight:300;line-height:20px;white-space:pre-wrap;color:rgb(0, 0, 0);margin-bottom:12px\" class=\"detail-desc-decorate-content\">Sporingsnummer er ogs\u00e5 tilg\u00e6ngeligt for s\u00e6lgers forsendelsesmetode.<\/p>\n<p>1.) Prisen inkluderer alle skatter<\/p>\n<p>2. ) Hvis du har sp\u00f8rgsm\u00e5l efter du har modtaget varerne, bedes du kontakte os f\u00f8rst. Din tilfredshed er vores h\u00f8jeste prioritet, og vi er sikre p\u00e5, at du vil v\u00e6re tilfreds med vores service.<\/p>\n<\/div>\n<div class=\"detailmodule_image\"><img decoding=\"async\" class=\"detail-desc-decorate-image\" src=\"https:\/\/ae01.alicdn.com\/kf\/Sa1e50680bf604c5382b65badcf675bd4U.jpg\" slate-data-type=\"image\"\/><img decoding=\"async\" class=\"detail-desc-decorate-image\" src=\"https:\/\/ae01.alicdn.com\/kf\/S49f4cd5abd0c4cd69195bc13ad624774e.jpg\" slate-data-type=\"image\"\/><\/div>\n<p><\/p>","protected":false},"excerpt":{"rendered":"<p>Size:&nbsp;29-inch Mounting Position:&nbsp;Rear Drive Motor Type:&nbsp;Brushless Non-gear Hub Motor Design:&nbsp;Brushless Wattage:&nbsp;&gt; 1000w Voltage:&nbsp;48V Brand Name:&nbsp;CSC Origin:&nbsp;Mainland China Wattage:&nbsp;1000W 1500w Rim:&nbsp;MTX no braking surface Brake Type:&nbsp;disc brake size:&nbsp;26 inch 27.5 inch<\/p>","protected":false},"featured_media":24381,"comment_status":"open","ping_status":"closed","template":"","meta":{"_acf_changed":false},"product_brand":[],"product_cat":[528],"product_tag":[],"class_list":{"0":"post-24379","1":"product","2":"type-product","3":"status-publish","4":"has-post-thumbnail","6":"product_cat-electric-hub-motor-kits","8":"first","9":"instock","10":"shipping-taxable","11":"purchasable","12":"product-type-variable"},"acf":[],"_links":{"self":[{"href":"https:\/\/www.electricstore.eu\/da\/wp-json\/wp\/v2\/product\/24379","targetHints":{"allow":["GET"]}}],"collection":[{"href":"https:\/\/www.electricstore.eu\/da\/wp-json\/wp\/v2\/product"}],"about":[{"href":"https:\/\/www.electricstore.eu\/da\/wp-json\/wp\/v2\/types\/product"}],"replies":[{"embeddable":true,"href":"https:\/\/www.electricstore.eu\/da\/wp-json\/wp\/v2\/comments?post=24379"}],"wp:featuredmedia":[{"embeddable":true,"href":"https:\/\/www.electricstore.eu\/da\/wp-json\/wp\/v2\/media\/24381"}],"wp:attachment":[{"href":"https:\/\/www.electricstore.eu\/da\/wp-json\/wp\/v2\/media?parent=24379"}],"wp:term":[{"taxonomy":"product_brand","embeddable":true,"href":"https:\/\/www.electricstore.eu\/da\/wp-json\/wp\/v2\/product_brand?post=24379"},{"taxonomy":"product_cat","embeddable":true,"href":"https:\/\/www.electricstore.eu\/da\/wp-json\/wp\/v2\/product_cat?post=24379"},{"taxonomy":"product_tag","embeddable":true,"href":"https:\/\/www.electricstore.eu\/da\/wp-json\/wp\/v2\/product_tag?post=24379"}],"curies":[{"name":"wp","href":"https:\/\/api.w.org\/{rel}","templated":true}]}}