{"id":24338,"date":"2025-05-20T18:35:40","date_gmt":"2025-05-20T18:35:40","guid":{"rendered":"https:\/\/electricstore.eu\/p\/uncategorized\/hyper-gogo-pioneer-12-plus-with-app-electric-motorcycle-for-kids-24v-5-2ah-160w-with-12x3-tires-12km-range-smoke-speaker\/"},"modified":"2025-05-20T18:36:13","modified_gmt":"2025-05-20T18:36:13","slug":"hyper-gogo-pioneer-12-plus-with-app-electric-motorcycle-for-kids-24v-5-2ah-160w-with-12x3-tires-12km-range-smoke-speaker","status":"publish","type":"product","link":"https:\/\/electricstore.eu\/da\/p\/motorbikes\/electric-children-motorbikes\/hyper-gogo-pioneer-12-plus-with-app-electric-motorcycle-for-kids-24v-5-2ah-160w-with-12x3-tires-12km-range-smoke-speaker\/","title":{"rendered":"HYPER GOGO Pioneer 12 Plus med app, elmotorcykel til b\u00f8rn, 24V 5,2Ah 160W med 12&#039;x3\u2032 d\u00e6k, 12 km r\u00e6kkevidde, r\u00f8gfarvet, h\u00f8jttaler"},"content":{"rendered":"<div class=\"product-specs-list-container\">\n<ul class=\"product-specs-list util-clearfix\">\n<li class=\"product-prop line-limit-length\"><span\n                                        class=\"property-title\">Modelnummer:&nbsp;<\/span><span\n                                        class=\"property-desc line-limit-length\">Pioner 12<\/span>\n                            <\/li>\n<li class=\"product-prop line-limit-length\"><span\n                                        class=\"property-title\">Hjulnummer:&nbsp;<\/span><span\n                                        class=\"property-desc line-limit-length\">To<\/span>\n                            <\/li>\n<li class=\"product-prop line-limit-length\"><span\n                                        class=\"property-title\">Anbefalet alder:&nbsp;<\/span><span\n                                        class=\"property-desc line-limit-length\">6-12 \u00e5r, 14+ \u00e5r<\/span>\n                            <\/li>\n<li class=\"product-prop line-limit-length\"><span\n                                        class=\"property-title\">Funktioner:&nbsp;<\/span><span\n                                        class=\"property-desc line-limit-length\">Rid videre<\/span>\n                            <\/li>\n<li class=\"product-prop line-limit-length\"><span\n                                        class=\"property-title\">Rammemateriale:&nbsp;<\/span><span\n                                        class=\"property-desc line-limit-length\">St\u00e5l<\/span>\n                            <\/li>\n<li class=\"product-prop line-limit-length\"><span\n                                        class=\"property-title\">Batteri:&nbsp;<\/span><span\n                                        class=\"property-desc line-limit-length\">Li-ion 21,9V 5,2A<\/span>\n                            <\/li>\n<li class=\"product-prop line-limit-length\"><span\n                                        class=\"property-title\">DC-oplader:&nbsp;<\/span><span\n                                        class=\"property-desc line-limit-length\">DC 24V 1.5A<\/span>\n                            <\/li>\n<li class=\"product-prop line-limit-length\"><span\n                                        class=\"property-title\">Motor:&nbsp;<\/span><span\n                                        class=\"property-desc line-limit-length\">24V 160W<\/span>\n                            <\/li>\n<li class=\"product-prop line-limit-length\"><span\n                                        class=\"property-title\">Drejningsmoment:&nbsp;<\/span><span\n                                        class=\"property-desc line-limit-length\">11 Nm<\/span>\n                            <\/li>\n<li class=\"product-prop line-limit-length\"><span\n                                        class=\"property-title\">Vandt\u00e6thedsvurdering:&nbsp;<\/span><span\n                                        class=\"property-desc line-limit-length\">IP4<\/span>\n                            <\/li>\n<li class=\"product-prop line-limit-length\"><span\n                                        class=\"property-title\">Maks. op ad bakke:&nbsp;<\/span><span\n                                        class=\"property-desc line-limit-length\">10\u00b0<\/span>\n                            <\/li>\n<li class=\"product-prop line-limit-length\"><span\n                                        class=\"property-title\">Maksimal hastighed:&nbsp;<\/span><span\n                                        class=\"property-desc line-limit-length\">16 km\/t<\/span>\n                            <\/li>\n<li class=\"product-prop line-limit-length\"><span\n                                        class=\"property-title\">Maks. r\u00e6kkevidde:&nbsp;<\/span><span\n                                        class=\"property-desc line-limit-length\">12 km<\/span>\n                            <\/li>\n<li class=\"product-prop line-limit-length\"><span\n                                        class=\"property-title\">Hastighedstilstand:&nbsp;<\/span><span\n                                        class=\"property-desc line-limit-length\">3 niveauer (8 km\/t, 12 km\/t og 16 km\/t)<\/span>\n                            <\/li>\n<li class=\"product-prop line-limit-length\"><span\n                                        class=\"property-title\">Bremse:&nbsp;<\/span><span\n                                        class=\"property-desc line-limit-length\">Bagnav<\/span>\n                            <\/li>\n<li class=\"product-prop line-limit-length\"><span\n                                        class=\"property-title\">D\u00e6k:&nbsp;<\/span><span\n                                        class=\"property-desc line-limit-length\">Pneumatiske gummid\u00e6k<\/span>\n                            <\/li>\n<li class=\"product-prop line-limit-length\"><span\n                                        class=\"property-title\">D\u00e6kst\u00f8rrelse:&nbsp;<\/span><span\n                                        class=\"property-desc line-limit-length\">12 x 3&quot;<\/span>\n                            <\/li>\n<li class=\"product-prop line-limit-length\"><span\n                                        class=\"property-title\">D\u00e6ktryk:&nbsp;<\/span><span\n                                        class=\"property-desc line-limit-length\">45-50 PSI<\/span>\n                            <\/li>\n<li class=\"product-prop line-limit-length\"><span\n                                        class=\"property-title\">Vise:&nbsp;<\/span><span\n                                        class=\"property-desc line-limit-length\">Ja<\/span>\n                            <\/li>\n<li class=\"product-prop line-limit-length\"><span\n                                        class=\"property-title\">App:&nbsp;<\/span><span\n                                        class=\"property-desc line-limit-length\">Ja<\/span>\n                            <\/li>\n<li class=\"product-prop line-limit-length\"><span\n                                        class=\"property-title\">LED-lys:&nbsp;<\/span><span\n                                        class=\"property-desc line-limit-length\">Ja<\/span>\n                            <\/li>\n<li class=\"product-prop line-limit-length\"><span\n                                        class=\"property-title\">R\u00f8g:&nbsp;<\/span><span\n                                        class=\"property-desc line-limit-length\">Ja<\/span>\n                            <\/li>\n<li class=\"product-prop line-limit-length\"><span\n                                        class=\"property-title\">Bluetooth-h\u00f8jttaler:&nbsp;<\/span><span\n                                        class=\"property-desc line-limit-length\">Ja<\/span>\n                            <\/li>\n<\/ul><\/div>\n<div class=\"detailmodule_dynamic\"><kse:widget data-widget-type=\"relatedProduct\" id=\"1005000009406803\" title=\"\" type=\"relation\"><\/kse:widget><\/div>\n<div class=\"detailmodule_html\">\n<div class=\"detail-desc-decorate-richtext\">\n<p><\/p>\n<div style=\"background-color:rgb(240, 234, 255);margin:20px 0px 10px;margin-bottom:10px;margin-top:20px;margin-left:0px;margin-right:0px;width:100%;height:34px\">\n <span style=\"background-color:rgb(55, 139, 238);color:rgb(255, 255, 255);font-size:24px;font-family:Verdana, Arial\">H\u00f8jdepunkter<\/span><\/p>\n<\/div>\n<div class=\"detailmodule_text\">\n<div class=\"detailmodule_html\">\n<div class=\"detail-desc-decorate-richtext\">\n<div class=\"detailmodule_text-image\">\n<div class=\"detailmodule_text-image\">\n<div class=\"detailmodule_html\">\n<div class=\"detail-desc-decorate-richtext\">\n<div class=\"detailmodule_text-image\">\n<div class=\"detailmodule_html\">\n<div class=\"detail-desc-decorate-richtext\">\n<div style=\"font-family:&quot;Open Sans&quot;, Arial, Helvetica, sans-serif, Heiti;font-size:14px;color:rgb(0, 0, 0);box-sizing:content-box\" class=\"detailmodule_html\">\n<div style=\"box-sizing:content-box\" class=\"detail-desc-decorate-richtext\">\n<div style=\"width:944px;height:auto;box-sizing:content-box\">\n<div style=\"box-sizing:content-box\">\n<div class=\"detailmodule_html\">\n<div class=\"detail-desc-decorate-richtext\">\n<div style=\"font-family:&quot;Open Sans&quot;, Arial, Helvetica, sans-serif, Heiti;font-size:14px;color:rgb(0, 0, 0);box-sizing:content-box\" class=\"detailmodule_html\">\n<div style=\"box-sizing:content-box\" class=\"detail-desc-decorate-richtext\">\n<div style=\"width:944px;height:auto;box-sizing:content-box\">\n<div style=\"box-sizing:content-box\">\n<div class=\"detailmodule_html\">\n<div class=\"detail-desc-decorate-richtext\">\n<div class=\"detailmodule_text-image\">\n<div class=\"detailmodule_text-image\">\n<div class=\"detailmodule_html\">\n<div class=\"detail-desc-decorate-richtext\">\n<div style=\"width:944px;height:auto;box-sizing:content-box\">\n<div style=\"box-sizing:content-box\">\n<div class=\"detailmodule_html\">\n<div class=\"detail-desc-decorate-richtext\">\n<div style=\"font-family:&quot;Open Sans&quot;, Arial, Helvetica, sans-serif, Heiti;font-size:14px;color:rgb(0, 0, 0);box-sizing:content-box\" class=\"detailmodule_html\">\n<div style=\"box-sizing:content-box\" class=\"detail-desc-decorate-richtext\">\n<div style=\"width:944px;height:auto;box-sizing:content-box\">\n<div style=\"box-sizing:content-box\">\n<div class=\"detailmodule_html\">\n<div class=\"detail-desc-decorate-richtext\">\n<div class=\"detailmodule_text-image\">\n<div class=\"detailmodule_text\">\n<div class=\"detailmodule_html\">\n<div class=\"detail-desc-decorate-richtext\">\n<div class=\"detailmodule_text-image\">\n<div class=\"detailmodule_text\">\n<p><span style=\"color:rgb(0, 0, 0);font-size:16px;font-family:arial, helvetica, sans-serif\">1, Den smarteste b\u00f8rnemotorcykel nogensinde;<\/span><\/p>\n<p><span style=\"color:rgb(0, 0, 0);font-size:16px;font-family:arial, helvetica, sans-serif\">2, Skabt til endel\u00f8s sjov;<\/span><\/p>\n<p><span style=\"color:rgb(0, 0, 0);font-size:16px;font-family:arial, helvetica, sans-serif\">3, Byg med sikkerhed i tankerne;<\/span><\/p>\n<p><span style=\"color:rgb(0, 0, 0);font-size:16px;font-family:arial, helvetica, sans-serif\">4, Fremragende valg for b\u00f8rn;<\/span><\/p>\n<p><span style=\"color:rgb(0, 0, 0);font-size:16px;font-family:arial, helvetica, sans-serif\">5, En times problemfri k\u00f8regl\u00e6de.<\/span><\/p>\n<\/p><\/div><\/div><\/div><\/div><\/div><\/div><\/div><\/div><\/div><\/div><\/div><\/div><\/div><\/div><\/div><\/div><\/div><\/div><\/div><\/div><\/div><\/div><\/div><\/div><\/div><\/div><\/div><\/div><\/div><\/div><\/div><\/div><\/div><\/div><\/div><\/div><\/div><\/div><\/div><\/div><\/div>\n<\/div>\n<div style=\"background-color:rgb(240, 234, 255);margin:20px 0px 10px;margin-bottom:10px;margin-top:20px;margin-left:0px;margin-right:0px;width:100%;height:34px\">\n <span style=\"background-color:rgb(55, 139, 238);color:rgb(255, 255, 255);font-size:24px;font-family:Verdana, Arial\">Produktdetaljer<\/span>\n<\/div>\n<p><img decoding=\"async\" src=\"https:\/\/ae01.alicdn.com\/kf\/Sf5928d1809a849bab6b5cfdc5c382d23I.jpg\" slate-data-type=\"image\" \/><img decoding=\"async\" src=\"https:\/\/ae01.alicdn.com\/kf\/S945dd8bcf8144b17bab29019b978c0e0a.jpg\" slate-data-type=\"image\" \/><img decoding=\"async\" src=\"https:\/\/ae01.alicdn.com\/kf\/Sf32a2893c8254862a1dfd8bc753d590bV.jpg\" slate-data-type=\"image\" \/><img decoding=\"async\" src=\"https:\/\/ae01.alicdn.com\/kf\/S0b4a8a57aaf04760bccec54ec38fb602u.jpg\" slate-data-type=\"image\" \/><img decoding=\"async\" src=\"https:\/\/ae01.alicdn.com\/kf\/S517cdf98f63041a6b2ba3d5719a6b04bj.jpg\" slate-data-type=\"image\" \/><img decoding=\"async\" src=\"https:\/\/ae01.alicdn.com\/kf\/Sc0976a4dd8f64676882f680e4d7b2542v.jpg\" slate-data-type=\"image\" \/><img decoding=\"async\" src=\"https:\/\/ae01.alicdn.com\/kf\/Sf2c01ee7738d4cd08d010fc67f663c9ch.jpg\" slate-data-type=\"image\" \/><img decoding=\"async\" src=\"https:\/\/ae01.alicdn.com\/kf\/S0ac7a380fc4d42cab61759ef3c31ff01B.jpg\" slate-data-type=\"image\" \/><img decoding=\"async\" src=\"https:\/\/ae01.alicdn.com\/kf\/S8d75929355f54ebc8f8f564518344fe0m.jpg\" slate-data-type=\"image\" \/><img decoding=\"async\" src=\"https:\/\/ae01.alicdn.com\/kf\/S47a31f986e274b5281fa8f1542e43ff53.jpg\" slate-data-type=\"image\" \/><img decoding=\"async\" src=\"https:\/\/ae01.alicdn.com\/kf\/S85ed103d2ad14af989b455f0a1678ae9w.jpg\" slate-data-type=\"image\" \/><\/p>\n<div style=\"background-color:rgb(240, 234, 255);margin:20px 0px 10px;margin-bottom:10px;margin-top:20px;margin-left:0px;margin-right:0px;width:100%;height:34px\">\n <span style=\"background-color:rgb(55, 139, 238);color:rgb(255, 255, 255);font-size:24px;font-family:Verdana, Arial\">Specifikation <\/span>\n<\/div>\n<p><\/p>\n<table style=\"border-collapse:collapse;font-family:&quot;Microsoft YaHei&quot;;width:1567px\" width=\"327.02pt\" border=\"1\" cellpadding=\"0\" cellspacing=\"0\">\n<tbody>\n<tr>\n<td style=\"width:82.5pt;height:56.25pt\" class=\"et2\" width=\"110\" height=\"75\" rowspan=\"4\">\n<p><span class=\"font1\" style=\"font-size:16px;font-family:arial, helvetica, sans-serif\">Generel<\/span><\/p>\n<\/td>\n<td style=\"width:244.5pt\" class=\"et3\" width=\"326\" rowspan=\"4\">\n<p><span style=\"font-size:16px;font-family:arial, helvetica, sans-serif\">M\u00e6rke: HYPER GOGO<br \/>Type: Elmotorcykel til b\u00f8rn<br \/>Model: Pioneer 12 Plus (med app)<br \/>Farve: Gr\u00f8n<\/span><\/p>\n<\/td>\n<\/tr>\n<tr><\/tr>\n<tr><\/tr>\n<tr><\/tr>\n<tr>\n<td style=\"width:82.5pt;height:204.75pt\" class=\"et2\" width=\"110\" height=\"273\" rowspan=\"15\">\n<p><span class=\"font1\" style=\"font-size:16px;font-family:arial, helvetica, sans-serif\">Specifikationer<\/span><\/p>\n<\/td>\n<td style=\"width:244.5pt\" class=\"et3\" width=\"326\" rowspan=\"15\">\n<p><span style=\"font-size:16px;font-family:arial, helvetica, sans-serif\">Stelmateriale: St\u00e5l<br \/>Batteri: Li-ion 21,9V 5,2A<br \/>DC-oplader: DC 24V 1.5A<br \/>Motor: 24V 160W<br \/>Moment: 11 Nm<br \/>Vandt\u00e6thedsklassificering: IP4<br \/>Maks. op ad bakke: 10\u00b0<br \/>Maksimal belastning: 65 kg<br \/>Maksimal hastighed: 16 km\/t<br \/>Maksimal r\u00e6kkevidde: 12 km<br \/>Hastighedstilstand: 3 niveauer (8 km\/t, 12 km\/t og 16 km\/t)<br \/>Bremse: Bagnav<br \/>D\u00e6k: Pneumatiske gummid\u00e6k<br \/>D\u00e6kst\u00f8rrelse: 12 x 3&quot;<br \/>D\u00e6ktryk: 45-50PSI<\/span><\/p>\n<\/td>\n<\/tr>\n<tr><\/tr>\n<tr><\/tr>\n<tr><\/tr>\n<tr><\/tr>\n<tr><\/tr>\n<tr><\/tr>\n<tr><\/tr>\n<tr><\/tr>\n<tr><\/tr>\n<tr><\/tr>\n<tr><\/tr>\n<tr><\/tr>\n<tr><\/tr>\n<tr><\/tr>\n<tr>\n<td style=\"width:82.5pt;height:83.25pt\" class=\"et2\" width=\"110\" height=\"111\" rowspan=\"6\">\n<p><span class=\"font1\" style=\"font-size:16px;font-family:arial, helvetica, sans-serif\">Funktioner<\/span><\/p>\n<\/td>\n<td style=\"width:244.5pt\" class=\"et3\" width=\"326\" rowspan=\"6\">\n<p><span style=\"font-size:16px;font-family:arial, helvetica, sans-serif\">Sk\u00e6rm: Ja<br \/>Sk\u00e6rm: Ja<br \/>App: Ja<br \/>LED-lys: Ja<br \/>R\u00f8g: Ja<br \/>Bluetooth-h\u00f8jttaler: Ja<\/span><\/p>\n<\/td>\n<\/tr>\n<tr><\/tr>\n<tr><\/tr>\n<tr><\/tr>\n<tr><\/tr>\n<tr><\/tr>\n<tr>\n<td style=\"width:82.5pt;height:56.25pt\" class=\"et2\" width=\"110\" height=\"75\" rowspan=\"4\">\n<p><span class=\"font1\" style=\"font-size:16px;font-family:arial, helvetica, sans-serif\">V\u00e6gt og st\u00f8rrelse<\/span><\/p>\n<\/td>\n<td style=\"width:244.5pt\" class=\"et3\" width=\"326\" rowspan=\"4\">\n<p><span style=\"font-size:16px;font-family:arial, helvetica, sans-serif\">Produktv\u00e6gt: 15,6 kg<br \/>Pakkev\u00e6gt: 18,8 kg<br \/>Produktst\u00f8rrelse (L x B x H): 1151 x 499 x 725 mm<br \/>Pakkest\u00f8rrelse (L x B x H): 1075 x 245 x 525 mm<\/span><\/p>\n<\/td>\n<\/tr>\n<tr><\/tr>\n<tr><\/tr>\n<tr><\/tr>\n<tr>\n<td style=\"width:82.5pt;height:218.25pt\" class=\"et2\" width=\"110\" height=\"291\" rowspan=\"16\">\n<p><span class=\"font1\" style=\"font-size:16px;font-family:arial, helvetica, sans-serif\">Pakkens indhold<\/span><\/p>\n<\/td>\n<td style=\"width:244.5pt\" class=\"et3\" width=\"326\" rowspan=\"16\">\n<p><span style=\"font-size:16px;font-family:arial, helvetica, sans-serif\">1 x Delvis samlet b\u00f8rnemotorcykel<br \/>1 x 4 mm unbrakon\u00f8gle<br \/>1 x 6 mm unbrakon\u00f8gle<br \/>2 x 16 mm skruen\u00f8gle<br \/>1 x Oplader<br \/>1 x Brugermanual<br \/>2 x Pedaler<br \/>1 x Opbevaringsboks<br \/>1 x Forhjul<br \/>1 x Sk\u00e6rm<br \/>4 x styrklemme<br \/>1 x st\u00f8tteben<br \/>1 x Aksel med m\u00f8trikker til forhjul<br \/>4 x Bolt til Sk\u00e6rm<br \/>4 x mellemstor bolt til styr<br \/>2 x Bolt til st\u00f8tteben<\/span><\/p>\n<\/td>\n<\/tr>\n<tr><\/tr>\n<tr><\/tr>\n<tr><\/tr>\n<tr><\/tr>\n<tr><\/tr>\n<tr><\/tr>\n<tr><\/tr>\n<tr><\/tr>\n<tr><\/tr>\n<tr><\/tr>\n<tr><\/tr>\n<tr><\/tr>\n<tr><\/tr>\n<tr><\/tr>\n<tr><\/tr>\n<tr>\n<td style=\"width:327pt;height:29.25pt\" class=\"et3\" width=\"436\" height=\"39\" colspan=\"2\">\n<p><span class=\"font3\" style=\"font-size:16px;font-family:arial, helvetica, sans-serif\"><span class=\"font2\" style=\"font-size:16px;font-family:arial, helvetica, sans-serif\">Bem\u00e6rk venligst, at det maksimale interval opn\u00e5s med en belastning p\u00e5 60 kg og 16 km\/t p\u00e5 flade veje uden st\u00e6rk vind ved 26\u00b0C.<\/span><\/span><\/p>\n<\/td>\n<\/tr>\n<\/tbody>\n<\/table>\n<p><\/div>\n<\/div>","protected":false},"excerpt":{"rendered":"<p>Model Number:&nbsp;Pioneer 12 Wheel Number:&nbsp;Two Recommend Age:&nbsp;6-12Y,14+y Features:&nbsp;Ride On Frame Material:&nbsp;Steel Battery:&nbsp;Li-ion 21.9V 5.2A DC Charger:&nbsp;DC 24V 1.5A Motor:&nbsp;24V 160W Torque:&nbsp;11N.m Waterpoof Rating:&nbsp;IP4 Max Uphill:&nbsp;10\u00b0 Max Speed:&nbsp;16km\/h Max Range:&nbsp;12km Speed<\/p>","protected":false},"featured_media":24339,"comment_status":"open","ping_status":"closed","template":"","meta":{"_acf_changed":false},"product_brand":[],"product_cat":[313],"product_tag":[],"class_list":{"0":"post-24338","1":"product","2":"type-product","3":"status-publish","4":"has-post-thumbnail","6":"product_cat-electric-children-motorbikes","8":"first","9":"instock","10":"shipping-taxable","11":"purchasable","12":"product-type-variable"},"acf":[],"_links":{"self":[{"href":"https:\/\/electricstore.eu\/da\/wp-json\/wp\/v2\/product\/24338","targetHints":{"allow":["GET"]}}],"collection":[{"href":"https:\/\/electricstore.eu\/da\/wp-json\/wp\/v2\/product"}],"about":[{"href":"https:\/\/electricstore.eu\/da\/wp-json\/wp\/v2\/types\/product"}],"replies":[{"embeddable":true,"href":"https:\/\/electricstore.eu\/da\/wp-json\/wp\/v2\/comments?post=24338"}],"wp:featuredmedia":[{"embeddable":true,"href":"https:\/\/electricstore.eu\/da\/wp-json\/wp\/v2\/media\/24339"}],"wp:attachment":[{"href":"https:\/\/electricstore.eu\/da\/wp-json\/wp\/v2\/media?parent=24338"}],"wp:term":[{"taxonomy":"product_brand","embeddable":true,"href":"https:\/\/electricstore.eu\/da\/wp-json\/wp\/v2\/product_brand?post=24338"},{"taxonomy":"product_cat","embeddable":true,"href":"https:\/\/electricstore.eu\/da\/wp-json\/wp\/v2\/product_cat?post=24338"},{"taxonomy":"product_tag","embeddable":true,"href":"https:\/\/electricstore.eu\/da\/wp-json\/wp\/v2\/product_tag?post=24338"}],"curies":[{"name":"wp","href":"https:\/\/api.w.org\/{rel}","templated":true}]}}