{"id":23381,"date":"2025-05-20T18:33:58","date_gmt":"2025-05-20T18:33:58","guid":{"rendered":"https:\/\/electricstore.eu\/p\/uncategorized\/ebike-conversion-kit-36v-250w-front-rear-wheel-motor-hub-brushless-electric-bicycle-battery-36v-15ah-for-electric-bike\/"},"modified":"2025-05-20T18:34:11","modified_gmt":"2025-05-20T18:34:11","slug":"ebike-conversion-kit-36v-250w-front-rear-wheel-motor-hub-brushless-electric-bicycle-battery-36v-15ah-for-electric-bike","status":"publish","type":"product","link":"https:\/\/www.electricstore.eu\/da\/p\/p\/kits\/electric-hub-motor-kits\/ebike-conversion-kit-36v-250w-front-rear-wheel-motor-hub-brushless-electric-bicycle-battery-36v-15ah-for-electric-bike\/","title":{"rendered":"EBike konverteringss\u00e6t 36V 250W forhjulsmotor baghjulsnav b\u00f8rstel\u00f8s elektrisk cykelbatteri 36V 15AH til elcykel"},"content":{"rendered":"<div class=\"product-specs-list-container\">\n<ul class=\"product-specs-list util-clearfix\">\n<li class=\"product-prop line-limit-length\"><span\n                                        class=\"property-title\">St\u00f8rrelse:&nbsp;<\/span><span\n                                        class=\"property-desc line-limit-length\">29-tommer<\/span>\n                            <\/li>\n<li class=\"product-prop line-limit-length\"><span\n                                        class=\"property-title\">Monteringsposition:&nbsp;<\/span><span\n                                        class=\"property-desc line-limit-length\">Baghjulstr\u00e6k<\/span>\n                            <\/li>\n<li class=\"product-prop line-limit-length\"><span\n                                        class=\"property-title\">Design:&nbsp;<\/span><span\n                                        class=\"property-desc line-limit-length\">B\u00f8rstel\u00f8s<\/span>\n                            <\/li>\n<li class=\"product-prop line-limit-length\"><span\n                                        class=\"property-title\">Effekt:&nbsp;<\/span><span\n                                        class=\"property-desc line-limit-length\">401 &#8211; 500w<\/span>\n                            <\/li>\n<li class=\"product-prop line-limit-length\"><span\n                                        class=\"property-title\">Sp\u00e6nding:&nbsp;<\/span><span\n                                        class=\"property-desc line-limit-length\">36V<\/span>\n                            <\/li>\n<li class=\"product-prop line-limit-length\"><span\n                                        class=\"property-title\">Oprindelse:&nbsp;<\/span><span\n                                        class=\"property-desc line-limit-length\">Kinas fastland<\/span>\n                            <\/li>\n<li class=\"product-prop line-limit-length\"><span\n                                        class=\"property-title\">Sp\u00e6nding:&nbsp;<\/span><span\n                                        class=\"property-desc line-limit-length\">48V<\/span>\n                            <\/li>\n<li class=\"product-prop line-limit-length\"><span\n                                        class=\"property-title\">Effekt:&nbsp;<\/span><span\n                                        class=\"property-desc line-limit-length\">250W 350W 500W 1000W 1500W<\/span>\n                            <\/li>\n<li class=\"product-prop line-limit-length\"><span\n                                        class=\"property-title\">Bremsetype:&nbsp;<\/span><span\n                                        class=\"property-desc line-limit-length\">V-bremse, kompatibel med skivebremser<\/span>\n                            <\/li>\n<li class=\"product-prop line-limit-length\"><span\n                                        class=\"property-title\">st\u00f8rrelse:&nbsp;<\/span><span\n                                        class=\"property-desc line-limit-length\">20 tommer 24 tommer 26 tommer 27,5 tommer 28 tommer 29 tommer 700C<\/span>\n                            <\/li>\n<li class=\"product-prop line-limit-length\"><span\n                                        class=\"property-title\">Motorakseldiameter:&nbsp;<\/span><span\n                                        class=\"property-desc line-limit-length\">36V M12 (12MM * 10MM), 48V M14 (14MM * 10MM),<\/span>\n                            <\/li>\n<li class=\"product-prop line-limit-length\"><span\n                                        class=\"property-title\">Note:&nbsp;<\/span><span\n                                        class=\"property-desc line-limit-length\">Kontroller de dimensioner, der er stemplet p\u00e5 d\u00e6kket, f\u00f8r du bestiller<\/span>\n                            <\/li>\n<li class=\"product-prop line-limit-length\"><span\n                                        class=\"property-title\">Varebredde:&nbsp;<\/span><span\n                                        class=\"property-desc line-limit-length\">Foran 100 mm, Bagp\u00e5 135 mm<\/span>\n                            <\/li>\n<li class=\"product-prop line-limit-length\"><span\n                                        class=\"property-title\">Motortype:&nbsp;<\/span><span\n                                        class=\"property-desc line-limit-length\">48V 1000W 1500W Brushless gearless motor,36V 250W 350W 500W Brushless gear motor<\/span>\n                            <\/li>\n<li class=\"product-prop line-limit-length\"><span\n                                        class=\"property-title\">Installationssted:&nbsp;<\/span><span\n                                        class=\"property-desc line-limit-length\">Front drive<\/span>\n                            <\/li>\n<\/ul><\/div>\n<p><\/p>\n<p><\/p>\n<p><\/p>\n<p><\/p>\n<\/p>\n<p><\/p>\n<p><\/p>\n<p><\/p>\n<p><\/p>\n<p><\/p>\n<p><\/p>\n<p><\/p>\n<p><\/p>\n<div class=\"detailmodule_media\">\n<div class=\"video-container-345115150275\">\n<div class=\"detail-video\" id=\"345115150275\" data-previewurl=\"https:\/\/img.alicdn.com\/imgextra\/i1\/6000000001019\/O1CN01J5wzrG1JOkKDa9eKI_!!6000000001019-0-tbvideo.jpg\"><\/div>\n<\/div>\n<\/div>\n<p><\/p>\n<p><\/p>\n<p><\/p>\n<p><\/p>\n<p><\/p>\n<p><\/p>\n<p><\/p>\n<p><\/p>\n<p><\/p>\n<div class=\"detailmodule_text\">\n<p style=\"font-family:OpenSans;font-size:20px;font-weight:900;line-height:28px;white-space:pre-wrap;color:rgb(0, 0, 0);margin-bottom:12px\" class=\"detail-desc-decorate-title\">Pakkeliste<\/p>\n<p style=\"font-family:OpenSans;font-size:14px;text-align:left;color:rgb(0, 0, 0);background-color:rgb(255, 255, 255);display:block;width:100%\" align=\"left\">Noted:Conversion Kit not include , tire, freewheel, disc brake.( If you need a Battery, tire, freewheel, disc brake, Please contact us for an additional fee )<br \/>1 * battery and charger \uff08If you order &quot;NO battery&quot;, the battery and charger is not included\uff09<br \/>1 * Baghjul til motor<br \/>1 * DC-controller<br \/>1 * Controller-taske<br \/>1 par * Str\u00f8mafbryder Bremsegreb<br \/>1 * Display SW900 or LCD3<br \/>1 * 8 magnetpedalassistentsensor<br \/>1 s\u00e6t * Gash\u00e5ndtag (LCD3-displayet bruger halv drejegash\u00e5ndtag. SW900-displayet bruger drejegash\u00e5ndtag)<\/p>\n<\/div>\n<div class=\"detailmodule_image\"><img decoding=\"async\" class=\"detail-desc-decorate-image\" src=\"https:\/\/ae04.alicdn.com\/kf\/H7fef7aef407745faabf15817e0fca9fbj.jpg\" slate-data-type=\"image\"\/><\/div>\n<div class=\"detailmodule_text\">\n<p style=\"font-family:OpenSans;font-size:20px;font-weight:900;line-height:28px;white-space:pre-wrap;color:rgb(0, 0, 0);margin-bottom:12px\" class=\"detail-desc-decorate-title\">Motorhjul<\/p>\n<p style=\"font-family:OpenSans;font-size:14px;text-align:left;color:rgb(0, 0, 0);background-color:rgb(255, 255, 255);display:block;width:100%\" align=\"left\">1. Fuld hastighed: 36V 250\/350\/500W ca. 20-35 km\/t,<br \/>48V 1000W omkring 45-55 km\/t, <br \/>48V 1500W omkring 50-60 km\/t, <br \/> (forskellige hjulst\u00f8rrelser, vej- og vejrforhold og rytterens v\u00e6gt vil have forskellig hastighed)<br \/>2. Navmotor: B\u00f8rstel\u00f8s gearnavmotor til 36V <br \/>B\u00f8rstel\u00f8s navmotor uden gear til 48V <br \/>3. F\u00e6lg: Dobbeltv\u00e6gget aluminiumslegeringsf\u00e6lg<br \/>4. Hjul krankboks: Bag 135 mm-142 mm<br \/>5. Drejningsmoment: 25-35 NM for 36v 250W 350W 500W<br \/>30-40 NM for 500W 1000W<br \/>35-45 NM for 1500W<br \/>6. Omdr.\/min.: 320 for 36V 250W 350w<br \/>350 til 36V 500W<br \/>470 til 48V 500W 1000W<br \/>540 til 48V 1500W<br \/>7. Motoren er egnet til gevindfril\u00f8b, ikke egnet til kassette. Hvis du har brug for en motor, der er egnet til kassette, bedes du kontakte os.<\/p>\n<\/div>\n<div class=\"detailmodule_image\"><img decoding=\"async\" class=\"detail-desc-decorate-image\" src=\"https:\/\/ae01.alicdn.com\/kf\/H7bc9f84c75704df78fd5fb271f27f1d3c.jpg\" slate-data-type=\"image\"\/><img decoding=\"async\" class=\"detail-desc-decorate-image\" src=\"https:\/\/ae01.alicdn.com\/kf\/H406141f49450451f823fc314a1c6ea900.jpg\" slate-data-type=\"image\"\/><img decoding=\"async\" class=\"detail-desc-decorate-image\" src=\"https:\/\/ae01.alicdn.com\/kf\/H719fb8172fba4e62b41ae2b8a38ff726U.jpg\" slate-data-type=\"image\"\/><\/div>\n<div class=\"detailmodule_text\">\n<p style=\"font-family:OpenSans;font-size:14px;text-align:left;color:rgb(0, 0, 0);background-color:rgb(255, 255, 255);display:block;width:100%\" align=\"left\">36V<\/p>\n<\/div>\n<div class=\"detailmodule_image\"><img decoding=\"async\" class=\"detail-desc-decorate-image\" src=\"https:\/\/ae01.alicdn.com\/kf\/H7add78d689ad4c839b04ae6a669449e3p.jpg\" slate-data-type=\"image\"\/><\/div>\n<div class=\"detailmodule_text\">\n<p style=\"font-family:OpenSans;font-size:14px;text-align:left;color:rgb(0, 0, 0);background-color:rgb(255, 255, 255);display:block;width:100%\" align=\"left\">48V<\/p>\n<\/div>\n<div class=\"detailmodule_image\"><img decoding=\"async\" class=\"detail-desc-decorate-image\" src=\"https:\/\/ae01.alicdn.com\/kf\/Hf784f9dcfd9349b0ac9a2935009c8311q.jpg\" slate-data-type=\"image\"\/><\/div>\n<div class=\"detailmodule_text-image\">\n<p style=\"font-family:OpenSans;font-size:20px;font-weight:900;line-height:28px;white-space:pre-wrap;color:rgb(0, 0, 0);margin-bottom:12px\" class=\"detail-desc-decorate-title\">Vise<\/p>\n<p style=\"font-family:OpenSans;font-size:14px;font-weight:300;line-height:20px;white-space:pre-wrap;color:rgb(0, 0, 0);margin-bottom:12px\" class=\"detail-desc-decorate-content\">LCD3-sk\u00e6rmens produktfunktioner<br \/>Displayfunktion:<br \/>Den viser k\u00f8rehastighed, et enkelt kilometertal og akkumuleret kilometertal, k\u00f8retid, servoudstyr, motoreffekt og temperatur, batterisp\u00e6nding og opladningsstatus, bremsestatus og den anvendte omgivelsestemperatur samt andre cykelparametre;<br \/>Kontrol-\/indstillingsfunktion:<br \/>Leveres med bremseregenererings-antiopladning, datadisplay, intelligent str\u00f8mforsyning, stallindstilling, parameterindstilling, datavisning, k\u00f8ret\u00f8jsboosting, fartpilot og konstant hastighed, natk\u00f8rsel, adgangskodeindstilling, automatisk prompt,<\/p>\n<div><img decoding=\"async\" class=\"detail-desc-decorate-image\" src=\"https:\/\/ae01.alicdn.com\/kf\/S809c45dcd520452c89bce7996705164cJ.jpg\" slate-data-type=\"image\"\/><\/div>\n<\/div>\n<div class=\"detailmodule_text-image\">\n<p style=\"font-family:OpenSans;font-size:20px;font-weight:900;line-height:28px;white-space:pre-wrap;color:rgb(0, 0, 0);margin-bottom:12px\" class=\"detail-desc-decorate-title\">SW900 display<\/p>\n<p style=\"font-family:OpenSans;font-size:14px;font-weight:300;line-height:20px;white-space:pre-wrap;color:rgb(0, 0, 0);margin-bottom:12px\" class=\"detail-desc-decorate-content\">SW900-sk\u00e6rmens produktfunktioner<br \/>Displayfunktion:<br \/>Hastighedsdisplay, servogeardisplay, str\u00f8mindikator, fejlmeddelelse, samlet kilometertal, enkelt kilometertal, forlygter og enkelt k\u00f8retid.<br \/>(2) Kontrol-\/indstillingsfunktion:<br \/>T\u00e6nd\/sluk-knap, forlygteknap, 6 km\/t boost-kontrol, indstilling af hjuldiameter, indstilling af hastighedsgr\u00e6nse, indstilling af dvalem\u00e5ler, indstilling af baggrundsbelysning, sp\u00e6ndingsindstilling.<\/p>\n<div><img decoding=\"async\" class=\"detail-desc-decorate-image\" src=\"https:\/\/ae01.alicdn.com\/kf\/S02f864cf73974f86824ee0189728239cT.jpg\" slate-data-type=\"image\"\/><\/div>\n<\/div>\n<div class=\"detailmodule_text-image\">\n<p style=\"font-family:OpenSans;font-size:20px;font-weight:900;line-height:28px;white-space:pre-wrap;color:rgb(0, 0, 0);margin-bottom:12px\" class=\"detail-desc-decorate-title\">Controller<\/p>\n<p style=\"font-family:OpenSans;font-size:14px;font-weight:300;line-height:20px;white-space:pre-wrap;color:rgb(0, 0, 0);margin-bottom:12px\" class=\"detail-desc-decorate-content\">KT 6 mosfet-controller<br \/>Passer til: 36V 250W\/350W\/500W motorhjul, LCD3-display<br \/>Nominel str\u00f8m: 10A, Maks. str\u00f8m: 20\u00b11A<br \/>St\u00f8rrelse: 100*61*35 mm<\/p>\n<p>KT 12 mosfet-controller<br \/>Passer til: 48V 1000W motorhjul, LCD3-sk\u00e6rm<br \/>Nominel str\u00f8m: 15A, Maks. str\u00f8m: 30\u00b11A<br \/>St\u00f8rrelse: 176*82*41 mm<\/p>\n<p>KT 18 mosfet-controller<br \/>Passer til: 48V 1500W motorhjul, LCD3-display<br \/>Nominel str\u00f8m: 22A, Maks. str\u00f8m: 45\u00b11A<br \/>St\u00f8rrelse: 240*82*41 mm<\/p>\n<div><img decoding=\"async\" class=\"detail-desc-decorate-image\" src=\"https:\/\/ae01.alicdn.com\/kf\/Sbde3b91be4874976be4eb3e6881c7fdd3.jpg\" slate-data-type=\"image\"\/><\/div>\n<\/div>\n<div class=\"detailmodule_text-image\">\n<p style=\"font-family:OpenSans;font-size:14px;font-weight:300;line-height:20px;white-space:pre-wrap;color:rgb(0, 0, 0);margin-bottom:12px\" class=\"detail-desc-decorate-content\">CSC 6 mosfet-controller<br \/>Passer til: 36V 250W\/350W\/500W motorhjul, SW900 Display<br \/>Nominel str\u00f8m: 15A, Maks. str\u00f8m: 30\u00b11A<br \/>St\u00f8rrelse: 100*64*32 mm<\/p>\n<p>CSC 12 mosfet-controller<br \/>Passer til: 48V 1000W motorhjul, SW900 Display<br \/>Nominel str\u00f8m: 22A, Maks. str\u00f8m: 44\u00b11A<br \/>St\u00f8rrelse: 149*83,3*42 mm<\/p>\n<p>CSC 15 mosfet-controller<br \/>Passer til: 48V 1500W motorhjul, SW900 Display<br \/>Nominel str\u00f8m: 35A, Maks. str\u00f8m: 70\u00b11A<br \/>St\u00f8rrelse: 118,2 * 82,33 * 41 mm<\/p>\n<div><img decoding=\"async\" class=\"detail-desc-decorate-image\" src=\"https:\/\/ae01.alicdn.com\/kf\/S602335b46ffa4cb6ba848c755bfb554cG.jpg\" slate-data-type=\"image\"\/><\/div>\n<\/div>\n<div class=\"detailmodule_text\">\n<p style=\"font-family:OpenSans;font-size:20px;font-weight:900;line-height:28px;white-space:pre-wrap;color:rgb(0, 0, 0);margin-bottom:12px\" class=\"detail-desc-decorate-title\">Controller-taske<\/p>\n<\/div>\n<div class=\"detailmodule_image\"><img decoding=\"async\" class=\"detail-desc-decorate-image\" src=\"https:\/\/ae01.alicdn.com\/kf\/Hfb0c0e235e9d410f815ccbb3e9f9291as.jpg\" slate-data-type=\"image\"\/><\/div>\n<div class=\"detailmodule_text\">\n<p style=\"font-family:OpenSans;font-size:20px;font-weight:900;line-height:28px;white-space:pre-wrap;color:rgb(0, 0, 0);margin-bottom:12px\" class=\"detail-desc-decorate-title\">PAS<\/p>\n<p style=\"font-family:OpenSans;font-size:14px;font-weight:300;line-height:20px;white-space:pre-wrap;color:rgb(0, 0, 0);margin-bottom:12px\" class=\"detail-desc-decorate-content\">KT BZ-4(8) Magnet<\/p>\n<\/div>\n<div class=\"detailmodule_image\"><a href=\"https:\/\/www.aliexpress.com\/store\/product\/Electric-Bicycle-Pedal-BZ-4-8-8-Magnet-or-KT-V12L-12-Magnets-E-bike-PAS\/502344_32947529138.html?spm=2114.12010612.8148356.5.19f8628fiwlFMT\" target=\"_self\" class=\"\"><img decoding=\"async\" class=\"detail-desc-decorate-image\" src=\"https:\/\/ae01.alicdn.com\/kf\/H088209dd4faa4eca81369d582b8c1418x.jpg\" slate-data-type=\"image\"\/><\/a><\/div>\n<div class=\"detailmodule_text\">\n<p style=\"font-family:OpenSans;font-size:20px;font-weight:900;line-height:28px;white-space:pre-wrap;color:rgb(0, 0, 0);margin-bottom:12px\" class=\"detail-desc-decorate-title\">Gash\u00e5ndtag<\/p>\n<p style=\"font-family:OpenSans;font-size:14px;font-weight:300;line-height:20px;white-space:pre-wrap;color:rgb(0, 0, 0);margin-bottom:12px\" class=\"detail-desc-decorate-content\">LCD3-sk\u00e6rmen bruger halv drejningsgas<br \/>SW900-sk\u00e6rmen bruger drejegas<\/p>\n<\/div>\n<div class=\"detailmodule_image\"><img decoding=\"async\" class=\"detail-desc-decorate-image\" src=\"https:\/\/ae01.alicdn.com\/kf\/Hc8bf96217d59466fb6b0f462fe9497bcr.jpg\" slate-data-type=\"image\"\/><img decoding=\"async\" style=\"margin-bottom:10px\" class=\"detail-desc-decorate-image\" src=\"https:\/\/ae01.alicdn.com\/kf\/Sfd954843a8904eb68f3842f5a181092fd.jpg\" slate-data-type=\"image\"\/><\/div>\n<div class=\"detailmodule_text\">\n<p style=\"font-family:OpenSans;font-size:20px;font-weight:900;line-height:28px;white-space:pre-wrap;color:rgb(0, 0, 0);margin-bottom:12px\" class=\"detail-desc-decorate-title\">Str\u00f8mafbryder til bremseafbryder<\/p>\n<\/div>\n<div class=\"detailmodule_image\"><a href=\"https:\/\/www.aliexpress.com\/store\/product\/Ebike-Aluminum-Brake-Lever-with-Cut-Off-Electricity-Power-Parking-Function-Electric-Bicycle-Accessories\/502344_32965382287.html?spm=2114.12010612.8148356.31.19f8628fzogu7o\" target=\"_self\" class=\"\"><img decoding=\"async\" class=\"detail-desc-decorate-image\" src=\"https:\/\/ae01.alicdn.com\/kf\/Hd706089279f9482eb3a73aa6ede2c220x.jpg\" slate-data-type=\"image\"\/><\/a><\/div>\n<div class=\"detailmodule_text\">\n<p style=\"font-family:OpenSans;font-size:20px;font-weight:900;line-height:28px;white-space:pre-wrap;color:rgb(0, 0, 0);margin-bottom:12px\" class=\"detail-desc-decorate-title\">batteri<\/p>\n<p style=\"font-family:OpenSans;font-size:14px;font-weight:300;line-height:20px;white-space:pre-wrap;color:rgb(0, 0, 0);margin-bottom:12px\" class=\"detail-desc-decorate-content\">36V 15AH batteri<br \/>Stik til controller: XT60<br \/>Nominel sp\u00e6nding: 36V<br \/>Nominel kapacitet: 15 Ah<br \/>Sammensat type: 10-serie 6-parallel 10-serie 6-parallel 10-serie 6-parallel<br \/>Celler: Kraftfulde 18650 3,7V 2500mAh 10A 5C-celler<br \/>BMS: 20 Amp kontinuerlig 50\u00b110 Amp maksimum<br \/>Tilpasset motoreffekt: 36V 250W 350W 500W<br \/>Ladestr\u00f8m: 2-5A<br \/>Ladeafbrydelsessp\u00e6nding: 42V<br \/>Afbrydelsessp\u00e6nding for udladning: 30V<br \/>Udladningstemperatur: -20 til 65\u00b0C<br \/>Opladningstemperatur: 0 til 45\u00b0C<br \/>Dimensioner: 90*110*360 mm<br \/>Batteriv\u00e6gt: 3,8 kg<br \/>Cykluslevetid: \u226580% kapacitet efter 800 cyklusser.<br \/>&#8212;&#8212;&#8212;&#8212;&#8212;&#8212;&#8212;&#8212;&#8212;&#8212;&#8212;&#8212;&#8212;&#8212;&#8212;&#8212;&#8212;&#8212;&#8212;&#8212;&#8212;&#8212;<br \/>48V 18AH batteri<br \/>Nominel sp\u00e6nding: 48V<br \/>Nominel kapacitet: 18 Ah<br \/>Sammensat type: 13Serie 4Parallel 13S4P<br \/>Celler: Kraftfulde 21700 3,7V 4500mAh celler<br \/>BMS: 40 Amp kontinuerlig 100 \u00b1 10 Amp maksimum<br \/>Tilpas motoreffekt: 48V 250W-1500W<br \/>Ladestr\u00f8m: 2-5A<br \/>Ladeafbrydelsessp\u00e6nding: 54,6V<br \/>Afbrydelsessp\u00e6nding for udladning: 39V<br \/>Udladningstemperatur: -20 til 65\u00b0C<br \/>Opladningstemperatur: 0 til 45\u00b0C<br \/>Dimensioner: 90*110*360 mm<br \/>Batteriv\u00e6gt: 4,77 kg<br \/>Cykluslevetid: \u226580% kapacitet efter 800 cyklusser.<br \/>&#8212;&#8212;&#8212;&#8212;&#8212;&#8212;&#8212;&#8212;&#8212;&#8212;&#8212;&#8212;&#8212;&#8212;&#8212;&#8212;&#8212;&#8212;&#8212;&#8212;&#8212;&#8212;<br \/>48V 24AH batteri<br \/>Nominel sp\u00e6nding: 48V<br \/>Nominel kapacitet: 24 Ah<br \/>Sammensat type: 13Serie 5Parallel 13S5P<br \/>Celler: Kraftfulde 21700 3,7V 4800mAh celler<br \/>BMS: 40 Amp kontinuerlig 100 \u00b1 10 Amp maksimum<br \/>Tilpas motoreffekt: 48V 250W-1500W<br \/>Ladestr\u00f8m: 2-5A<br \/>Ladeafbrydelsessp\u00e6nding: 54,6V<br \/>Afbrydelsessp\u00e6nding for udladning: 39V<br \/>Udladningstemperatur: -20 til 65\u00b0C<br \/>Opladningstemperatur: 0 til 45\u00b0C<br \/>Dimensioner: 90*110*360 mm<br \/>Batteriv\u00e6gt: 5,73 kg<br \/>Cykluslevetid: \u226580% kapacitet efter 800 cyklusser.<br \/>&#8212;&#8212;&#8212;&#8212;&#8212;&#8212;&#8212;&#8212;&#8212;&#8212;&#8212;&#8212;&#8212;&#8212;&#8212;&#8212;&#8212;&#8212;&#8212;&#8212;&#8212;&#8212;<\/p>\n<\/div>\n<div class=\"detailmodule_image\"><img decoding=\"async\" class=\"detail-desc-decorate-image\" src=\"https:\/\/ae01.alicdn.com\/kf\/H73dd922a6dd0414f90bee11960a200df2.png\" slate-data-type=\"image\"\/><img decoding=\"async\" class=\"detail-desc-decorate-image\" src=\"https:\/\/ae01.alicdn.com\/kf\/H2f40eb453ff042d19f4edd32f21b3176U.jpg\" slate-data-type=\"image\"\/><\/div>\n<div class=\"detailmodule_text\">\n<p style=\"font-family:OpenSans;font-size:20px;font-weight:900;line-height:28px;white-space:pre-wrap;color:rgb(0, 0, 0);margin-bottom:12px\" class=\"detail-desc-decorate-title\">Forsendelse og garanti<\/p>\n<p style=\"font-family:OpenSans;font-size:14px;font-weight:300;line-height:20px;white-space:pre-wrap;color:rgb(0, 0, 0);margin-bottom:12px\" class=\"detail-desc-decorate-content\">Sporingsnummer er ogs\u00e5 tilg\u00e6ngeligt for s\u00e6lgers forsendelsesmetode.<\/p>\n<p>1.) Prisen inkluderer alle skatter<\/p>\n<p>2. ) Hvis du har sp\u00f8rgsm\u00e5l efter du har modtaget varerne, bedes du kontakte os f\u00f8rst. Din tilfredshed er vores h\u00f8jeste prioritet, og vi er sikre p\u00e5, at du vil v\u00e6re tilfreds med vores service.<\/p>\n<\/div>\n<div class=\"detailmodule_text\">\n<p style=\"font-family:OpenSans;font-size:20px;font-weight:900;line-height:28px;white-space:pre-wrap;color:rgb(0, 0, 0);margin-bottom:12px\" class=\"detail-desc-decorate-title\">Emballering af vores fabrik og lager<\/p>\n<\/div>\n<div class=\"detailmodule_image\"><img decoding=\"async\" class=\"detail-desc-decorate-image\" src=\"https:\/\/ae01.alicdn.com\/kf\/H8b810db2ab8b4d8eb427b8a220c721431.jpg\" slate-data-type=\"image\"\/><\/div>\n<div class=\"detailmodule_text\">\n<p style=\"font-family:OpenSans;font-size:20px;font-weight:900;line-height:28px;white-space:pre-wrap;color:rgb(0, 0, 0);margin-bottom:12px\" class=\"detail-desc-decorate-title\">Certificering og patent<\/p>\n<\/div>\n<div class=\"detailmodule_image\"><img decoding=\"async\" class=\"detail-desc-decorate-image\" src=\"https:\/\/ae01.alicdn.com\/kf\/Hf9f37f875a884c5f9a1fa1d70020da65l.jpg\" slate-data-type=\"image\"\/><\/div>\n<p><\/p>\n<p><\/p>\n<p><\/p>\n<p><\/p>\n<p><\/p>\n<p><\/p>\n<p><\/p>\n<p><\/p>\n<p><\/p>\n<p><\/p>","protected":false},"excerpt":{"rendered":"<p>Size:&nbsp;29-inch Mounting Position:&nbsp;Rear Drive Design:&nbsp;Brushless Wattage:&nbsp;401 &#8211; 500w Voltage:&nbsp;36V Origin:&nbsp;Mainland China Voltage:&nbsp;48V Wattage:&nbsp;250W 350W 500W 1000W 1500W Brake Type:&nbsp;v-brake, disc brake compatible size:&nbsp;20 inch 24 inch 26 inch 27.5 inch<\/p>","protected":false},"featured_media":23382,"comment_status":"open","ping_status":"closed","template":"","meta":{"_acf_changed":false},"product_brand":[],"product_cat":[528],"product_tag":[],"class_list":{"0":"post-23381","1":"product","2":"type-product","3":"status-publish","4":"has-post-thumbnail","6":"product_cat-electric-hub-motor-kits","8":"first","9":"instock","10":"shipping-taxable","11":"purchasable","12":"product-type-variable"},"acf":[],"_links":{"self":[{"href":"https:\/\/www.electricstore.eu\/da\/wp-json\/wp\/v2\/product\/23381","targetHints":{"allow":["GET"]}}],"collection":[{"href":"https:\/\/www.electricstore.eu\/da\/wp-json\/wp\/v2\/product"}],"about":[{"href":"https:\/\/www.electricstore.eu\/da\/wp-json\/wp\/v2\/types\/product"}],"replies":[{"embeddable":true,"href":"https:\/\/www.electricstore.eu\/da\/wp-json\/wp\/v2\/comments?post=23381"}],"wp:featuredmedia":[{"embeddable":true,"href":"https:\/\/www.electricstore.eu\/da\/wp-json\/wp\/v2\/media\/23382"}],"wp:attachment":[{"href":"https:\/\/www.electricstore.eu\/da\/wp-json\/wp\/v2\/media?parent=23381"}],"wp:term":[{"taxonomy":"product_brand","embeddable":true,"href":"https:\/\/www.electricstore.eu\/da\/wp-json\/wp\/v2\/product_brand?post=23381"},{"taxonomy":"product_cat","embeddable":true,"href":"https:\/\/www.electricstore.eu\/da\/wp-json\/wp\/v2\/product_cat?post=23381"},{"taxonomy":"product_tag","embeddable":true,"href":"https:\/\/www.electricstore.eu\/da\/wp-json\/wp\/v2\/product_tag?post=23381"}],"curies":[{"name":"wp","href":"https:\/\/api.w.org\/{rel}","templated":true}]}}