{"id":23340,"date":"2025-05-20T18:33:43","date_gmt":"2025-05-20T18:33:43","guid":{"rendered":"https:\/\/electricstore.eu\/p\/uncategorized\/electric-bicycle-conversion-kit-36v-350w-500w-ebike-front-rear-250w-electric-bike-motor-kit-20in-26in-27-5in-29in-700c-wheel\/"},"modified":"2025-05-20T18:33:46","modified_gmt":"2025-05-20T18:33:46","slug":"electric-bicycle-conversion-kit-36v-350w-500w-ebike-front-rear-250w-electric-bike-motor-kit-20in-26in-27-5in-29in-700c-wheel","status":"publish","type":"product","link":"https:\/\/www.electricstore.eu\/da\/p\/p\/kits\/electric-hub-motor-kits\/electric-bicycle-conversion-kit-36v-350w-500w-ebike-front-rear-250w-electric-bike-motor-kit-20in-26in-27-5in-29in-700c-wheel\/","title":{"rendered":"Elcykelkonverteringss\u00e6t 36V 350W 500W elcykel forhjul baghjul 250W elcykelmotors\u00e6t 20&quot; 26&quot; 27,5&quot; 29&quot; 700C hjul"},"content":{"rendered":"<div class=\"product-specs-list-container\">\n<ul class=\"product-specs-list util-clearfix\">\n<li class=\"product-prop line-limit-length\"><span\n                                        class=\"property-title\">St\u00f8rrelse:&nbsp;<\/span><span\n                                        class=\"property-desc line-limit-length\">29-tommer<\/span>\n                            <\/li>\n<li class=\"product-prop line-limit-length\"><span\n                                        class=\"property-title\">Monteringsposition:&nbsp;<\/span><span\n                                        class=\"property-desc line-limit-length\">Baghjulstr\u00e6k<\/span>\n                            <\/li>\n<li class=\"product-prop line-limit-length\"><span\n                                        class=\"property-title\">Design:&nbsp;<\/span><span\n                                        class=\"property-desc line-limit-length\">B\u00f8rstel\u00f8s<\/span>\n                            <\/li>\n<li class=\"product-prop line-limit-length\"><span\n                                        class=\"property-title\">Effekt:&nbsp;<\/span><span\n                                        class=\"property-desc line-limit-length\">401 &#8211; 500w<\/span>\n                            <\/li>\n<li class=\"product-prop line-limit-length\"><span\n                                        class=\"property-title\">Sp\u00e6nding:&nbsp;<\/span><span\n                                        class=\"property-desc line-limit-length\">36V<\/span>\n                            <\/li>\n<li class=\"product-prop line-limit-length\"><span\n                                        class=\"property-title\">Motor:&nbsp;<\/span><span\n                                        class=\"property-desc line-limit-length\">B\u00f8rstel\u00f8s navmotor uden gear<\/span>\n                            <\/li>\n<li class=\"product-prop line-limit-length\"><span\n                                        class=\"property-title\">Oprindelse:&nbsp;<\/span><span\n                                        class=\"property-desc line-limit-length\">Kinas fastland<\/span>\n                            <\/li>\n<li class=\"product-prop line-limit-length\"><span\n                                        class=\"property-title\">Effekt:&nbsp;<\/span><span\n                                        class=\"property-desc line-limit-length\">250W 350W 500W<\/span>\n                            <\/li>\n<li class=\"product-prop line-limit-length\"><span\n                                        class=\"property-title\">Bremsetype:&nbsp;<\/span><span\n                                        class=\"property-desc line-limit-length\">V-bremse, kompatibel med skivebremser<\/span>\n                            <\/li>\n<li class=\"product-prop line-limit-length\"><span\n                                        class=\"property-title\">Affjedringstype:&nbsp;<\/span><span\n                                        class=\"property-desc line-limit-length\">Front Drive or Rear Drive<\/span>\n                            <\/li>\n<li class=\"product-prop line-limit-length\"><span\n                                        class=\"property-title\">Motorakseldiameter:&nbsp;<\/span><span\n                                        class=\"property-desc line-limit-length\">12MM*10MM)<\/span>\n                            <\/li>\n<li class=\"product-prop line-limit-length\"><span\n                                        class=\"property-title\">Note:&nbsp;<\/span><span\n                                        class=\"property-desc line-limit-length\">Kontroller de dimensioner, der er stemplet p\u00e5 d\u00e6kket, f\u00f8r du bestiller<\/span>\n                            <\/li>\n<li class=\"product-prop line-limit-length\"><span\n                                        class=\"property-title\">Varebredde:&nbsp;<\/span><span\n                                        class=\"property-desc line-limit-length\">Foran 100 mm, Bagp\u00e5 135 mm<\/span>\n                            <\/li>\n<li class=\"product-prop line-limit-length\"><span\n                                        class=\"property-title\">Passende d\u00e6kst\u00f8rrelse:&nbsp;<\/span><span\n                                        class=\"property-desc line-limit-length\">26 tommer 27,5 tommer 28 tommer 29 tommer 700C<\/span>\n                            <\/li>\n<\/ul><\/div>\n<div class=\"detailmodule_text\">\n<p style=\"font-family:OpenSans;font-size:20px;font-weight:900;line-height:28px;white-space:pre-wrap;color:rgb(0, 0, 0);margin-bottom:12px\" class=\"detail-desc-decorate-title\">Pakkeliste<\/p>\n<p style=\"font-family:OpenSans;font-size:14px;text-align:left;color:rgb(0, 0, 0);background-color:rgb(255, 255, 255);display:block;width:100%\" align=\"left\">Bem\u00e6rk: Konverteringss\u00e6ttet inkluderer ikke batteri, d\u00e6k, fril\u00f8b, skivebremse. (Hvis du har brug for batteri, d\u00e6k, fril\u00f8b eller skivebremse, bedes du kontakte os for et ekstra gebyr.)<\/p>\n<p>1 * Baghjul til motor<br \/>1 * DC-controller <br \/>1 * Controller-taske<br \/>1 par * Str\u00f8mafbryder Bremsegreb<br \/>1 * Sk\u00e6rm sw900<br \/>1 * 8 magnetpedalassistentsensor<br \/>1 s\u00e6t * Drejegash\u00e5ndtag<\/p>\n<\/div>\n<div class=\"detailmodule_image\"><img decoding=\"async\" class=\"detail-desc-decorate-image\" src=\"https:\/\/ae04.alicdn.com\/kf\/H7fef7aef407745faabf15817e0fca9fbj.jpg\" slate-data-type=\"image\"\/><\/div>\n<div class=\"detailmodule_text\">\n<p style=\"font-family:OpenSans;font-size:20px;font-weight:900;line-height:28px;white-space:pre-wrap;color:rgb(0, 0, 0);margin-bottom:12px\" class=\"detail-desc-decorate-title\">Motorhjul<\/p>\n<p style=\"font-family:OpenSans;font-size:14px;text-align:left;color:rgb(0, 0, 0);background-color:rgb(255, 255, 255);display:block;width:100%\" align=\"left\">1. Fuld hastighed: 36V 250\/350\/500W ca. 20-35 km\/t,<br \/>48V 1000W omkring 45-55 km\/t, <br \/>48V 1500W omkring 50-60 km\/t, <br \/> (forskellige hjulst\u00f8rrelser, vej- og vejrforhold og rytterens v\u00e6gt vil have forskellig hastighed)<br \/>2. Navmotor: B\u00f8rstel\u00f8s gearnavmotor til 36V <br \/>B\u00f8rstel\u00f8s navmotor uden gear til 48V <br \/>3. F\u00e6lg: Dobbeltv\u00e6gget aluminiumslegeringsf\u00e6lg<br \/>4. Hjul krankboks: Bag 135 mm-142 mm<br \/>5. Drejningsmoment: 25-35 NM for 36v 250W 350W 500W<br \/>30-40 NM for 500W 1000W<br \/>35-45 NM for 1500W<br \/>6. Omdr.\/min.: 320 for 36V 250W 350w<br \/>350 til 36V 500W<br \/>470 til 48V 500W 1000W<br \/>540 til 48V 1500W<br \/>7. Motoren er egnet til gevindfril\u00f8b, ikke egnet til kassette. Hvis du har brug for en motor, der er egnet til kassette, bedes du kontakte os.<\/p>\n<\/div>\n<div class=\"detailmodule_image\"><img decoding=\"async\" class=\"detail-desc-decorate-image\" src=\"https:\/\/ae01.alicdn.com\/kf\/H7bc9f84c75704df78fd5fb271f27f1d3c.jpg\" slate-data-type=\"image\"\/><img decoding=\"async\" class=\"detail-desc-decorate-image\" src=\"https:\/\/ae01.alicdn.com\/kf\/H406141f49450451f823fc314a1c6ea900.jpg\" slate-data-type=\"image\"\/><img decoding=\"async\" style=\"margin-bottom:10px\" class=\"detail-desc-decorate-image\" src=\"https:\/\/ae01.alicdn.com\/kf\/S9dc1cb71554746f39dc1078dea02b7bff.jpg\" slate-data-type=\"image\"\/><\/div>\n<div class=\"detailmodule_text\">\n<p style=\"font-family:OpenSans;font-size:14px;text-align:left;color:rgb(0, 0, 0);background-color:rgb(255, 255, 255);display:block;width:100%\" align=\"left\">36V<\/p>\n<\/div>\n<div class=\"detailmodule_image\"><img decoding=\"async\" class=\"detail-desc-decorate-image\" src=\"https:\/\/ae01.alicdn.com\/kf\/H7add78d689ad4c839b04ae6a669449e3p.jpg\" slate-data-type=\"image\"\/><\/div>\n<div class=\"detailmodule_text\">\n<p style=\"font-family:OpenSans;font-size:20px;font-weight:900;line-height:28px;white-space:pre-wrap;color:rgb(0, 0, 0);margin-bottom:12px\" class=\"detail-desc-decorate-title\">SW900 Display<\/p>\n<p style=\"font-family:OpenSans;font-size:14px;text-align:left;color:rgb(0, 0, 0);background-color:rgb(255, 255, 255);display:block;width:100%\" align=\"left\">SW900-sk\u00e6rmens produktfunktioner<br \/>Displayfunktion:<br \/>Hastighedsdisplay, servogeardisplay, str\u00f8mindikator, fejlmeddelelse, samlet kilometertal, enkelt kilometertal, forlygter og enkelt k\u00f8retid.<br \/>(2) Kontrol-\/indstillingsfunktion:<br \/>T\u00e6nd\/sluk-knap, forlygteknap, 6 km\/t boost-kontrol, indstilling af hjuldiameter, indstilling af hastighedsgr\u00e6nse, indstilling af dvalem\u00e5ler, indstilling af baggrundsbelysning, sp\u00e6ndingsindstilling.<\/p>\n<\/div>\n<div class=\"detailmodule_image\"><img decoding=\"async\" style=\"margin-bottom:10px\" class=\"detail-desc-decorate-image\" src=\"https:\/\/ae01.alicdn.com\/kf\/S02f864cf73974f86824ee0189728239cT.jpg\" slate-data-type=\"image\"\/><\/div>\n<div class=\"detailmodule_text-image\">\n<p style=\"font-family:OpenSans;font-size:20px;font-weight:900;line-height:28px;white-space:pre-wrap;color:rgb(0, 0, 0);margin-bottom:12px\" class=\"detail-desc-decorate-title\">controller<\/p>\n<p style=\"font-family:OpenSans;font-size:14px;font-weight:300;line-height:20px;white-space:pre-wrap;color:rgb(0, 0, 0);margin-bottom:12px\" class=\"detail-desc-decorate-content\">CSC 6 mosfet-controller<br \/>Passer til: 36V 250W\/350W\/500W motorhjul, SW900 Display<br \/>Nominel str\u00f8m: 15A, Maks. str\u00f8m: 30\u00b11A<br \/>St\u00f8rrelse: 100*64*32 mm<\/p>\n<div><img decoding=\"async\" class=\"detail-desc-decorate-image\" src=\"https:\/\/ae01.alicdn.com\/kf\/S7c4dcdb1bf3e4458ab4436dccceee9b3R.jpg\" slate-data-type=\"image\"\/><\/div>\n<\/div>\n<div class=\"detailmodule_text\">\n<p style=\"font-family:OpenSans;font-size:20px;font-weight:900;line-height:28px;white-space:pre-wrap;color:rgb(0, 0, 0);margin-bottom:12px\" class=\"detail-desc-decorate-title\">Controller-taske<\/p>\n<\/div>\n<div class=\"detailmodule_image\"><img decoding=\"async\" style=\"margin-bottom:10px\" class=\"detail-desc-decorate-image\" src=\"https:\/\/ae01.alicdn.com\/kf\/S3501bec3055a4229a384431f5cb8b6a2y.jpg\" slate-data-type=\"image\"\/><\/div>\n<div class=\"detailmodule_text\">\n<p style=\"font-family:OpenSans;font-size:20px;font-weight:900;line-height:28px;white-space:pre-wrap;color:rgb(0, 0, 0);margin-bottom:12px\" class=\"detail-desc-decorate-title\">PAS<\/p>\n<p style=\"font-family:OpenSans;font-size:14px;font-weight:300;line-height:20px;white-space:pre-wrap;color:rgb(0, 0, 0);margin-bottom:12px\" class=\"detail-desc-decorate-content\">KT BZ-4(8) Magnet<\/p>\n<\/div>\n<div class=\"detailmodule_image\"><img decoding=\"async\" style=\"margin-bottom:10px\" class=\"detail-desc-decorate-image\" src=\"https:\/\/ae01.alicdn.com\/kf\/S46b887ddb2f24fea9531c87c8a7abd9a2.jpg\" slate-data-type=\"image\"\/><\/div>\n<div class=\"detailmodule_text\">\n<p style=\"font-family:OpenSans;font-size:20px;font-weight:900;line-height:28px;white-space:pre-wrap;color:rgb(0, 0, 0);margin-bottom:12px\" class=\"detail-desc-decorate-title\">Gash\u00e5ndtag<\/p>\n<p style=\"font-family:OpenSans;font-size:14px;font-weight:300;line-height:20px;white-space:pre-wrap;color:rgb(0, 0, 0);margin-bottom:12px\" class=\"detail-desc-decorate-content\">LCD3-sk\u00e6rmen bruger halv drejningsgas<br \/>SW900-sk\u00e6rmen bruger drejegas<\/p>\n<\/div>\n<div class=\"detailmodule_image\"><img decoding=\"async\" style=\"margin-bottom:10px\" class=\"detail-desc-decorate-image\" src=\"https:\/\/ae01.alicdn.com\/kf\/S50b818b01eb443d4b6c01c6b938443b2A.jpg\" slate-data-type=\"image\"\/><\/div>\n<div class=\"detailmodule_text\">\n<p style=\"font-family:OpenSans;font-size:20px;font-weight:900;line-height:28px;white-space:pre-wrap;color:rgb(0, 0, 0);margin-bottom:12px\" class=\"detail-desc-decorate-title\">Str\u00f8mafbryder til bremseafbryder<\/p>\n<\/div>\n<div class=\"detailmodule_image\"><img decoding=\"async\" class=\"detail-desc-decorate-image\" src=\"https:\/\/ae01.alicdn.com\/kf\/Hdcb7d7c9239040f182c68d68ed21828ao.jpg\" slate-data-type=\"image\"\/><img decoding=\"async\" class=\"detail-desc-decorate-image\" src=\"https:\/\/ae01.alicdn.com\/kf\/H2f40eb453ff042d19f4edd32f21b3176U.jpg\" slate-data-type=\"image\"\/><\/div>\n<div class=\"detailmodule_text\">\n<p style=\"font-family:OpenSans;font-size:20px;font-weight:900;line-height:28px;white-space:pre-wrap;color:rgb(0, 0, 0);margin-bottom:12px\" class=\"detail-desc-decorate-title\">Forsendelse og garanti<\/p>\n<p style=\"font-family:OpenSans;font-size:14px;font-weight:300;line-height:20px;white-space:pre-wrap;color:rgb(0, 0, 0);margin-bottom:12px\" class=\"detail-desc-decorate-content\">Sporingsnummer er ogs\u00e5 tilg\u00e6ngeligt for s\u00e6lgers forsendelsesmetode.<\/p>\n<p>1.) Prisen inkluderer alle skatter<\/p>\n<p>2. ) Hvis du har sp\u00f8rgsm\u00e5l efter du har modtaget varerne, bedes du kontakte os f\u00f8rst. Din tilfredshed er vores h\u00f8jeste prioritet, og vi er sikre p\u00e5, at du vil v\u00e6re tilfreds med vores service.<\/p>\n<\/div>\n<div class=\"detailmodule_text\">\n<p style=\"font-family:OpenSans;font-size:20px;font-weight:900;line-height:28px;white-space:pre-wrap;color:rgb(0, 0, 0);margin-bottom:12px\" class=\"detail-desc-decorate-title\">Packaging  Our Factory and Warehouse<\/p>\n<\/div>\n<div class=\"detailmodule_image\"><img decoding=\"async\" class=\"detail-desc-decorate-image\" src=\"https:\/\/ae01.alicdn.com\/kf\/H8b810db2ab8b4d8eb427b8a220c721431.jpg\" slate-data-type=\"image\"\/><\/div>\n<div class=\"detailmodule_image\"><img decoding=\"async\" class=\"detail-desc-decorate-image\" src=\"https:\/\/ae01.alicdn.com\/kf\/Hf9f37f875a884c5f9a1fa1d70020da65l.jpg\" slate-data-type=\"image\"\/><\/div>\n<p><\/p>","protected":false},"excerpt":{"rendered":"<p>Size:&nbsp;29-inch Mounting Position:&nbsp;Rear Drive Design:&nbsp;Brushless Wattage:&nbsp;401 &#8211; 500w Voltage:&nbsp;36V Motor:&nbsp;Brushless Non-gear Hub Motor Origin:&nbsp;Mainland China Wattage:&nbsp;250W 350W 500W Brake Type:&nbsp;v-brake, disc brake compatible Suspension Type:&nbsp;Front Drive or Rear Drive Motor<\/p>","protected":false},"featured_media":23341,"comment_status":"open","ping_status":"closed","template":"","meta":{"_acf_changed":false},"product_brand":[],"product_cat":[528],"product_tag":[],"class_list":{"0":"post-23340","1":"product","2":"type-product","3":"status-publish","4":"has-post-thumbnail","6":"product_cat-electric-hub-motor-kits","8":"first","9":"instock","10":"shipping-taxable","11":"purchasable","12":"product-type-variable"},"acf":[],"_links":{"self":[{"href":"https:\/\/www.electricstore.eu\/da\/wp-json\/wp\/v2\/product\/23340","targetHints":{"allow":["GET"]}}],"collection":[{"href":"https:\/\/www.electricstore.eu\/da\/wp-json\/wp\/v2\/product"}],"about":[{"href":"https:\/\/www.electricstore.eu\/da\/wp-json\/wp\/v2\/types\/product"}],"replies":[{"embeddable":true,"href":"https:\/\/www.electricstore.eu\/da\/wp-json\/wp\/v2\/comments?post=23340"}],"wp:featuredmedia":[{"embeddable":true,"href":"https:\/\/www.electricstore.eu\/da\/wp-json\/wp\/v2\/media\/23341"}],"wp:attachment":[{"href":"https:\/\/www.electricstore.eu\/da\/wp-json\/wp\/v2\/media?parent=23340"}],"wp:term":[{"taxonomy":"product_brand","embeddable":true,"href":"https:\/\/www.electricstore.eu\/da\/wp-json\/wp\/v2\/product_brand?post=23340"},{"taxonomy":"product_cat","embeddable":true,"href":"https:\/\/www.electricstore.eu\/da\/wp-json\/wp\/v2\/product_cat?post=23340"},{"taxonomy":"product_tag","embeddable":true,"href":"https:\/\/www.electricstore.eu\/da\/wp-json\/wp\/v2\/product_tag?post=23340"}],"curies":[{"name":"wp","href":"https:\/\/api.w.org\/{rel}","templated":true}]}}