{"id":21967,"date":"2025-05-20T18:28:28","date_gmt":"2025-05-20T18:28:28","guid":{"rendered":"https:\/\/electricstore.eu\/p\/uncategorized\/bk15-electric-bike-for-adults-250w-48v-15ah-ebike-264-0-fat-tire-e-mountain-bike-7-speed-all-terrain-electric-bicycle\/"},"modified":"2025-05-20T18:28:47","modified_gmt":"2025-05-20T18:28:47","slug":"bk15-electric-bike-for-adults-250w-48v-15ah-ebike-264-0-fat-tire-e-mountain-bike-7-speed-all-terrain-electric-bicycle","status":"publish","type":"product","link":"https:\/\/www.electricstore.eu\/da\/p\/bikes\/bk15-electric-bike-for-adults-250w-48v-15ah-ebike-264-0-fat-tire-e-mountain-bike-7-speed-all-terrain-electric-bicycle\/","title":{"rendered":"BK15 Elcykel til Voksne 250W 48V 15AH Elcykel 26*4.0 Fat D\u00e6k El-Mountainbike 7 Gear Terr\u00e6ng\u00e5ende Elcykel"},"content":{"rendered":"<div class=\"product-specs-list-container\">\n<ul class=\"product-specs-list util-clearfix\">\n<li class=\"product-prop line-limit-length\"><span\n                                        class=\"property-title\">Modelnummer:&nbsp;<\/span><span\n                                        class=\"property-desc line-limit-length\">BK15<\/span>\n                            <\/li>\n<li class=\"product-prop line-limit-length\"><span\n                                        class=\"property-title\">Stil:&nbsp;<\/span><span\n                                        class=\"property-desc line-limit-length\">Luksustype<\/span>\n                            <\/li>\n<li class=\"product-prop line-limit-length\"><span\n                                        class=\"property-title\">Effekt:&nbsp;<\/span><span\n                                        class=\"property-desc line-limit-length\">200 \u2013 250w<\/span>\n                            <\/li>\n<li class=\"product-prop line-limit-length\"><span\n                                        class=\"property-title\">Str\u00f8mforsyning:&nbsp;<\/span><span\n                                        class=\"property-desc line-limit-length\">litiumbatteri<\/span>\n                            <\/li>\n<li class=\"product-prop line-limit-length\"><span\n                                        class=\"property-title\">Sp\u00e6nding:&nbsp;<\/span><span\n                                        class=\"property-desc line-limit-length\">48V<\/span>\n                            <\/li>\n<li class=\"product-prop line-limit-length\"><span\n                                        class=\"property-title\">Str\u00f8mkilde:&nbsp;<\/span><span\n                                        class=\"property-desc line-limit-length\">litiumbatteri<\/span>\n                            <\/li>\n<li class=\"product-prop line-limit-length\"><span\n                                        class=\"property-title\">Motor:&nbsp;<\/span><span\n                                        class=\"property-desc line-limit-length\">B\u00f8rstel\u00f8s<\/span>\n                            <\/li>\n<li class=\"product-prop line-limit-length\"><span\n                                        class=\"property-title\">Oprindelse:&nbsp;<\/span><span\n                                        class=\"property-desc line-limit-length\">Kinas fastland<\/span>\n                            <\/li>\n<li class=\"product-prop line-limit-length\"><span\n                                        class=\"property-title\">Foldet:&nbsp;<\/span><span\n                                        class=\"property-desc line-limit-length\">Ingen<\/span>\n                            <\/li>\n<li class=\"product-prop line-limit-length\"><span\n                                        class=\"property-title\">Hjulst\u00f8rrelse:&nbsp;<\/span><span\n                                        class=\"property-desc line-limit-length\">26&quot;<\/span>\n                            <\/li>\n<li class=\"product-prop line-limit-length\"><span\n                                        class=\"property-title\">Rammemateriale:&nbsp;<\/span><span\n                                        class=\"property-desc line-limit-length\">ST\u00c5L<\/span>\n                            <\/li>\n<\/ul><\/div>\n<p><strong><span style=\"font-size:20px\">BK15 Elcykel til Voksne 250W 48V 15AH Elcykel 26*4.0 Fat D\u00e6k El-Mountainbike 7 Gear Terr\u00e6ng\u00e5ende Elcykel<\/span><\/strong><\/p>\n<p><\/p>\n<p><span style=\"font-size:18px\"><strong>48V 15Ah aftageligt batteri med tyverisikringsl\u00e5s<\/strong><\/span><\/p>\n<p>Dette kraftfulde 48V 15Ah batteri sikrer langvarig ydeevne til l\u00e6ngere ture. Batteriet er udstyret med en sikker n\u00f8glel\u00e5s og er beskyttet mod tyveri, s\u00e5 du nemt kan fjerne det for opladning, samtidig med at din elcykel holdes sikker, n\u00e5r den er parkeret.<\/p>\n<p><\/p>\n<p><span style=\"font-size:18px\"><strong>Opgraderede 26\u00d74,0-tommer punkteringssikre d\u00e6k for forbedret holdbarhed<\/strong><\/span><\/p>\n<p>BK15 4.0 elcyklen har robuste 26\u00d74,0-tommer d\u00e6k, der nu er opgraderet til punkteringssikre teknologi. Nyd st\u00f8rre ro i sindet, mens du cykler, velvidende at disse d\u00e6k er designet til at modst\u00e5 skarpe genstande og give en mere j\u00e6vn og p\u00e5lidelig oplevelse i alt terr\u00e6n.<\/p>\n<p><\/p>\n<p><span style=\"font-size:18px\"><strong>J\u00e6vn k\u00f8rsel med forgaffelaffjedring<\/strong><\/span><\/p>\n<p>Forgaffelaffjedringen absorberer st\u00f8d og vibrationer, hvilket giver en mere j\u00e6vn k\u00f8rsel p\u00e5 uj\u00e6vne overflader. Uanset om det er p\u00e5 byens gader eller uj\u00e6vne stier, vil du opleve st\u00f8rre komfort og kontrol.<\/p>\n<p><\/p>\n<p><span style=\"font-size:18px\"><strong>Opgraderet LCD-sk\u00e6rm med APP-funktion for total k\u00f8rekontrol<\/strong><\/span><\/p>\n<p>Spor din tur ubesv\u00e6ret med et display, der viser flere m\u00e5linger, herunder hastighed, batterilevetid og kilometertal. Dette alt-i-\u00e9n-display holder dig fuldt opm\u00e6rksom p\u00e5 din BK15 4.0-cykels ydeevne under hver tur.<\/p>\n<p><\/p>\n<p>Batterikapacitet: 48V 15AH<\/p>\n<p>Motor: 250W b\u00f8rstel\u00f8s motor<\/p>\n<p>Maksimal hastighed: 25 km\/t<\/p>\n<p>Maksimal klatrevinkel: 25 grader<\/p>\n<p>Kilometertal: 45-80 km (p\u00e5virket af belastning, temperatur, vejforhold, k\u00f8restil osv.)<\/p>\n<p>Maksimal belastning: 120 kg<\/p>\n<p>D\u00e6k: 26*4,0 tommer d\u00e6k<\/p>\n<p>Bremsemetode: skivebremse<\/p>\n<p>Opladningstid: 6-7 timer<\/p>\n<p>Produktst\u00f8rrelse: 188 * 60 * 103 cm<\/p>\n<p>Pakkest\u00f8rrelse: 155 * 31 * 80 cm<\/p>\n<p>Brutto\/Netto\uff1a35,4 kg\/28,9 kg<\/p>\n<p><img decoding=\"async\" src=\"https:\/\/ae01.alicdn.com\/kf\/Seaf9081fa5ee447da5c42b72ecf41fa7x.jpg\" slate-data-type=\"image\"\/><img decoding=\"async\" src=\"https:\/\/ae01.alicdn.com\/kf\/Sba947f26e320426db9de37be87954e6fV.jpg\" slate-data-type=\"image\"\/><\/p>\n<p><img decoding=\"async\" src=\"https:\/\/ae01.alicdn.com\/kf\/S7971904279a541d19084b7dcca3aaaaeI.jpg\" slate-data-type=\"image\"\/><\/p>\n<p><img decoding=\"async\" src=\"https:\/\/ae01.alicdn.com\/kf\/Se814f7fafcd34f608fa8ea2c3ee2124dx.jpg\" slate-data-type=\"image\"\/><\/p>\n<p><img decoding=\"async\" src=\"https:\/\/ae01.alicdn.com\/kf\/Sc605fee69a2843b09e338630b67b3428e.jpg\" slate-data-type=\"image\"\/><\/p>","protected":false},"excerpt":{"rendered":"<p>Model Number:&nbsp;BK15 Style:&nbsp;Luxury Type Wattage:&nbsp;200 &#8211; 250w Power Supply:&nbsp;lithium battery Voltage:&nbsp;48V Power Source:&nbsp;lithium battery Motor:&nbsp;Brushless Origin:&nbsp;Mainland China Folded:&nbsp;No Wheel Size:&nbsp;26\u201c Frame Material:&nbsp;STEEL BK15 Electric Bike for Adults 250W 48V 15AH<\/p>","protected":false},"featured_media":21968,"comment_status":"open","ping_status":"closed","template":"","meta":{"_acf_changed":false},"product_brand":[],"product_cat":[230],"product_tag":[],"class_list":{"0":"post-21967","1":"product","2":"type-product","3":"status-publish","4":"has-post-thumbnail","6":"product_cat-bikes","8":"first","9":"instock","10":"shipping-taxable","11":"purchasable","12":"product-type-variable"},"acf":[],"_links":{"self":[{"href":"https:\/\/www.electricstore.eu\/da\/wp-json\/wp\/v2\/product\/21967","targetHints":{"allow":["GET"]}}],"collection":[{"href":"https:\/\/www.electricstore.eu\/da\/wp-json\/wp\/v2\/product"}],"about":[{"href":"https:\/\/www.electricstore.eu\/da\/wp-json\/wp\/v2\/types\/product"}],"replies":[{"embeddable":true,"href":"https:\/\/www.electricstore.eu\/da\/wp-json\/wp\/v2\/comments?post=21967"}],"wp:featuredmedia":[{"embeddable":true,"href":"https:\/\/www.electricstore.eu\/da\/wp-json\/wp\/v2\/media\/21968"}],"wp:attachment":[{"href":"https:\/\/www.electricstore.eu\/da\/wp-json\/wp\/v2\/media?parent=21967"}],"wp:term":[{"taxonomy":"product_brand","embeddable":true,"href":"https:\/\/www.electricstore.eu\/da\/wp-json\/wp\/v2\/product_brand?post=21967"},{"taxonomy":"product_cat","embeddable":true,"href":"https:\/\/www.electricstore.eu\/da\/wp-json\/wp\/v2\/product_cat?post=21967"},{"taxonomy":"product_tag","embeddable":true,"href":"https:\/\/www.electricstore.eu\/da\/wp-json\/wp\/v2\/product_tag?post=21967"}],"curies":[{"name":"wp","href":"https:\/\/api.w.org\/{rel}","templated":true}]}}