{"id":21860,"date":"2025-05-20T18:27:38","date_gmt":"2025-05-20T18:27:38","guid":{"rendered":"https:\/\/electricstore.eu\/p\/uncategorized\/150w-electric-motorcycle-for-kids-w-led-lights-12-inch-mini-electric-dirt-bike-24v-3-0ah-battery-powered-motorcycle\/"},"modified":"2025-05-20T18:27:40","modified_gmt":"2025-05-20T18:27:40","slug":"150w-electric-motorcycle-for-kids-w-led-lights-12-inch-mini-electric-dirt-bike-24v-3-0ah-battery-powered-motorcycle","status":"publish","type":"product","link":"https:\/\/www.electricstore.eu\/da\/p\/motorbikes\/electric-children-motorbikes\/150w-electric-motorcycle-for-kids-w-led-lights-12-inch-mini-electric-dirt-bike-24v-3-0ah-battery-powered-motorcycle\/","title":{"rendered":"150W elektrisk motorcykel til b\u00f8rn med LED-lys, 12 tommer mini elektrisk dirtbike, 24V 3,0AH batteridrevet motorcykel"},"content":{"rendered":"<div class=\"product-specs-list-container\">\n<ul class=\"product-specs-list util-clearfix\">\n<li class=\"product-prop line-limit-length\"><span\n                                        class=\"property-title\">Meget bekymret kemikalie:&nbsp;<\/span><span\n                                        class=\"property-desc line-limit-length\">Ingen<\/span>\n                            <\/li>\n<li class=\"product-prop line-limit-length\"><span\n                                        class=\"property-title\">Oprindelse:&nbsp;<\/span><span\n                                        class=\"property-desc line-limit-length\">Kinas fastland<\/span>\n                            <\/li>\n<\/ul><\/div>\n<p><strong><span style=\"color:rgb(0, 0, 0);font-size:15pt;font-family:&quot;Times New Roman&quot;\">Beskrivelse<\/span><\/strong><\/p>\n<p class=\"MsoNormal\"><span style=\"font-size:12pt;font-family:&quot;Times New Roman&quot;\">Vil du give dine b\u00f8rn en barndom fuld af sjov og udforskning? S\u00e5 er denne elektriske motorcykel til b\u00f8rn det ideelle valg for dig! Med sit seje og i\u00f8jnefaldende design forvandler den \u00f8jeblikkeligt b\u00f8rn til sm\u00e5 racerk\u00f8rere og viser deres barnlige stil. Lad den ant\u00e6nde dine b\u00f8rns passion for udforskning og f\u00f8re dem mod en lykkelig fremtid!<\/span><img decoding=\"async\" src=\"https:\/\/ae01.alicdn.com\/kf\/S1d7e378a83f0443eb8937695ec1f9d1fR.jpg\" slate-data-type=\"image\"\/><strong><span style=\"color:rgb(0, 0, 0);font-size:15pt;font-family:&quot;Times New Roman&quot;\">Anvendelse<\/span><\/strong><\/p>\n<p class=\"MsoNormal\"><span style=\"font-size:12pt;font-family:&quot;Times New Roman&quot;\">Dette produkt er egnet til b\u00f8rn og unge over 6 \u00e5r og med en v\u00e6gt p\u00e5 h\u00f8jst 59 kg. Det kan ogs\u00e5 k\u00f8re p\u00e5 udend\u00f8rs overflader s\u00e5som asfalt, mursten og cement.<\/span><\/p>\n<p><\/p>\n<p class=\"MsoNormal\"><strong><span style=\"color:rgb(0, 0, 0);font-size:15pt;font-family:&quot;Times New Roman&quot;\">Specifikation<\/span><\/strong><\/p>\n<p class=\"MsoNormal\"><span style=\"color:rgb(14, 16, 26);font-size:12pt;font-family:&quot;Times New Roman&quot;\">Farve: Sort<\/span><\/p>\n<p class=\"MsoNormal\"><span style=\"color:rgb(14, 16, 26);font-size:12pt;font-family:&quot;Times New Roman&quot;\">Stil: Moderne<\/span><\/p>\n<p class=\"MsoNormal\"><span style=\"color:rgb(14, 16, 26);font-size:12pt;font-family:&quot;Times New Roman&quot;\">Materiale: Jern, PP<\/span><\/p>\n<p class=\"MsoNormal\"><span style=\"color:rgb(14, 16, 26);font-size:12pt;font-family:&quot;Times New Roman&quot;\">Proces: Plastspr\u00f8jtning, vandoverf\u00f8ringstryk<\/span><\/p>\n<p class=\"MsoNormal\"><span style=\"color:rgb(14, 16, 26);font-size:12pt;font-family:&quot;Times New Roman&quot;\">Samling p\u00e5kr\u00e6vet: Ja<\/span><\/p>\n<p class=\"MsoNormal\"><span style=\"color:rgb(14, 16, 26);font-size:12pt;font-family:&quot;Times New Roman&quot;\">Bremse: Skivebremse<\/span><\/p>\n<p class=\"MsoNormal\"><span style=\"color:rgb(14, 16, 26);font-size:12pt;font-family:&quot;Times New Roman&quot;\">Lyskilde: LED<\/span><\/p>\n<p class=\"MsoNormal\"><span style=\"color:rgb(14, 16, 26);font-size:12pt;font-family:&quot;Times New Roman&quot;\">Lyse farver: R\u00f8d, Bl\u00e5, Gr\u00f8n<\/span><\/p>\n<p class=\"MsoNormal\"><span style=\"color:rgb(0, 0, 0);font-size:12pt;font-family:&quot;Times New Roman&quot;\">Str\u00f8mkilde: Ledningsbaseret elektrisk<\/span><\/p>\n<p class=\"MsoNormal\"><span style=\"color:rgb(0, 0, 0);font-size:12pt;font-family:&quot;Times New Roman&quot;\">Stiktype: EU-standard<\/span><\/p>\n<p class=\"MsoNormal\"><span style=\"color:rgb(23, 26, 29);font-size:12pt;font-family:&quot;Times New Roman&quot;\">Sp\u00e6nding: 24V<\/span><\/p>\n<p class=\"MsoNormal\"><span style=\"color:rgb(23, 26, 29);font-size:12pt;font-family:&quot;Times New Roman&quot;\">Effekt: 150W<\/span><\/p>\n<p class=\"MsoNormal\"><span style=\"color:rgb(23, 26, 29);font-size:12pt;font-family:&quot;Times New Roman&quot;\">Batterikapacitet: 24V 3.0AH<\/span><\/p>\n<p class=\"MsoNormal\"><span style=\"color:rgb(23, 26, 29);font-size:12pt;font-family:&quot;Times New Roman&quot;\">Adaptermodel: DCSP294100<\/span><\/p>\n<p class=\"MsoNormal\"><span style=\"color:rgb(23, 26, 29);font-size:12pt;font-family:&quot;Times New Roman&quot;\">Indgang: 100-240V AC 50\/60Hz 2A Maks.<\/span><\/p>\n<p class=\"MsoNormal\"><span style=\"color:rgb(23, 26, 29);font-size:12pt;font-family:&quot;Times New Roman&quot;\">Udgang: DC29.4V 1A \u00a0\u00a0\u00a0\u00a0\u00a0\u00a0\u00a0\u00a0\u00a0\u00a0\u00a0\u00a0\u00a0\u00a0\u00a0\u00a0\u00a0\u00a0\u00a0\u00a0<\/span><\/p>\n<p class=\"MsoNormal\"><span style=\"color:rgb(23, 26, 29);font-size:12pt;font-family:&quot;Times New Roman&quot;\">Opladningstid: 3-5 timer<\/span><\/p>\n<p class=\"MsoNormal\"><span style=\"color:rgb(23, 26, 29);font-size:12pt;font-family:&quot;Times New Roman&quot;\">Udholdenhedstid: Cirka 1,2 timer<\/span><\/p>\n<p class=\"MsoNormal\"><span style=\"color:rgb(23, 26, 29);font-size:12pt;font-family:&quot;Times New Roman&quot;\">Maksimal lastekapacitet: 65 kg \/ 143,3 lbs<\/span><\/p>\n<p class=\"MsoNormal\"><span style=\"color:rgb(23, 26, 29);font-size:12pt;font-family:&quot;Times New Roman&quot;\">Egnet alder: &gt; 6 \u00e5r<\/span><\/p>\n<p class=\"MsoNormal\"><span style=\"color:rgb(23, 26, 29);font-size:12pt;font-family:&quot;Times New Roman&quot;\">Hastighed: Cirka 8 km\/4,97 mil\/t, 12 km\/7,46 mil\/t<\/span><\/p>\n<p class=\"MsoNormal\"><span style=\"color:rgb(23, 26, 29);font-size:12pt;font-family:&quot;Times New Roman&quot;\">Hjuldiameter: 30,48 cm \/ 12 tommer<\/span><\/p>\n<p class=\"MsoNormal\"><span style=\"color:rgb(23, 26, 29);font-size:12pt;font-family:&quot;Times New Roman&quot;\">Klatregrad: 15\u00b0<\/span><\/p>\n<p class=\"MsoNormal\"><span style=\"font-size:12pt;font-family:&quot;Times New Roman&quot;\">Bruttov\u00e6gt: 16 kg \/ 35,27 lbs <\/span><\/p>\n<p class=\"MsoNormal\"><span style=\"font-size:12pt;font-family:&quot;Times New Roman&quot;\">Pakkest\u00f8rrelse: 95*50*20 cm \/ 37,4*19,69*7,87 tommer<\/span><\/p>\n<p class=\"MsoNormal\"><span style=\"font-size:12pt;font-family:&quot;Times New Roman&quot;\">Produktst\u00f8rrelse: 106*59*66 cm \/ 41,7*23,22*26 tommer<\/span><\/p>\n<p><\/p>\n<p class=\"MsoNormal\"><strong><span style=\"color:rgb(0, 0, 0);font-size:15pt;font-family:&quot;Times New Roman&quot;\">Pakken er inkluderet<\/span><\/strong><\/p>\n<p class=\"MsoNormal\"><span style=\"color:rgb(0, 0, 0);font-size:12pt;font-family:&quot;Times New Roman&quot;\">1* <\/span><span style=\"font-size:12pt;font-family:&quot;Times New Roman&quot;\">Elmotorcykel til b\u00f8rn<\/span><\/p>\n<p class=\"MsoNormal\"><span style=\"color:rgb(0, 0, 0);font-size:12pt;font-family:&quot;Times New Roman&quot;\">1 * Flersproget manual<\/span><\/p>\n<p class=\"MsoNormal\"><span style=\"color:rgb(0, 0, 0);font-size:12pt;font-family:&quot;Times New Roman&quot;\">Alt tilbeh\u00f8r til installation<\/span><img decoding=\"async\" src=\"https:\/\/ae01.alicdn.com\/kf\/Sb637673d892643ae91c4e17a583042fae.jpg\" slate-data-type=\"image\"\/><img decoding=\"async\" src=\"https:\/\/ae01.alicdn.com\/kf\/Scda005db7def4763844f4b29804b3e7cg.jpg\" slate-data-type=\"image\"\/><img decoding=\"async\" src=\"https:\/\/ae01.alicdn.com\/kf\/S5eb41cad3d3740edb715dd1ead4eb58f5.jpg\" slate-data-type=\"image\"\/><img decoding=\"async\" src=\"https:\/\/ae01.alicdn.com\/kf\/S89f5ee141e8f4cb8bd3b87f03b698767Z.jpg\" slate-data-type=\"image\"\/><img decoding=\"async\" src=\"https:\/\/ae01.alicdn.com\/kf\/Sa24f88a9c75244899dade1d514066e4bN.jpg\" slate-data-type=\"image\"\/><img decoding=\"async\" src=\"https:\/\/ae01.alicdn.com\/kf\/S9a403cf417364f9fb32b77c0273956da2.jpg\" slate-data-type=\"image\"\/><img decoding=\"async\" src=\"https:\/\/ae01.alicdn.com\/kf\/S0ed886f5026a4ddeaad882457f992a10x.jpg\" slate-data-type=\"image\"\/><img decoding=\"async\" src=\"https:\/\/ae01.alicdn.com\/kf\/S8a67a9750231465ab1e4cd2b144053dfp.jpg\" slate-data-type=\"image\"\/><img decoding=\"async\" src=\"https:\/\/ae01.alicdn.com\/kf\/S932a4ca6ed384e3a9f2e63705540ef80s.jpg\" slate-data-type=\"image\"\/><img decoding=\"async\" src=\"https:\/\/ae01.alicdn.com\/kf\/Sf7f026a092894633be24def19e9b7134T.jpg\" slate-data-type=\"image\"\/><img decoding=\"async\" src=\"https:\/\/ae01.alicdn.com\/kf\/S64aa53d27b2a43de9b9bcb9798ede6e5O.jpg\" slate-data-type=\"image\"\/><img decoding=\"async\" src=\"https:\/\/ae01.alicdn.com\/kf\/S3333fdf5ccc44555831179272117b2f9c.jpg\" slate-data-type=\"image\"\/><img decoding=\"async\" src=\"https:\/\/ae01.alicdn.com\/kf\/S32d8cc102f8d4115ad4f49d2d295a54bj.jpg\" slate-data-type=\"image\"\/><img decoding=\"async\" src=\"https:\/\/ae01.alicdn.com\/kf\/S372688bcaaef4f329fd83fe108b46a17I.jpg\" slate-data-type=\"image\"\/><img decoding=\"async\" src=\"https:\/\/ae01.alicdn.com\/kf\/Sc7d6cb2e3228477bb9b8756cc2ee6b4a3.jpg\" slate-data-type=\"image\"\/><img decoding=\"async\" src=\"https:\/\/ae01.alicdn.com\/kf\/S97970c3c5b5c45f495feaac3c54076a6X.jpg\" slate-data-type=\"image\"\/><img decoding=\"async\" src=\"https:\/\/ae01.alicdn.com\/kf\/S77207917972246e7aa64d79d6f71e0d9V.jpg\" slate-data-type=\"image\"\/><img decoding=\"async\" src=\"https:\/\/ae01.alicdn.com\/kf\/S9312a09277154cc587baf1b00756a40bN.jpg\" slate-data-type=\"image\"\/><img decoding=\"async\" src=\"https:\/\/ae01.alicdn.com\/kf\/Sff4d08b9442d47ed8acf5a8482c23b46J.jpg\" slate-data-type=\"image\"\/><img decoding=\"async\" src=\"https:\/\/ae01.alicdn.com\/kf\/S37df5a8ec3484d0e98befc8f3b105ff21.jpg\" slate-data-type=\"image\"\/><img decoding=\"async\" src=\"https:\/\/ae01.alicdn.com\/kf\/S7b6355aa5d8444bcb7ae05b528cf9782x.jpg\" slate-data-type=\"image\"\/><\/p>\n<p><\/p>\n<p class=\"MsoNormal\"><strong><span style=\"color:rgb(0, 0, 0);font-size:15pt;font-family:&quot;Times New Roman&quot;\">N\u00f8glefunktioner<\/span><\/strong><\/p>\n<p class=\"MsoNormal\"><strong><span style=\"font-size:12pt;font-family:&quot;Times New Roman&quot;\">Byg til at holde: <\/span><\/strong><span style=\"font-size:12pt;font-family:&quot;Times New Roman&quot;\">Den er lavet af jern af h\u00f8j kvalitet og b\u00f8rnevenlig PP med plastikspr\u00f8jtning og vandoverf\u00f8ringstryk, hvilket g\u00f8r den <\/span><span style=\"background-color:rgb(245, 199, 205);font-size:12pt;font-family:&quot;Times New Roman&quot;\">milj\u00f8venlig, korrosionsbestandig, fugtbestandig, vejrbestandig, anti-aging og slidst\u00e6rk<\/span><span style=\"font-size:12pt;font-family:&quot;Times New Roman&quot;\">, s\u00e5 den kan modst\u00e5 tidens tand godt<\/span><span style=\"font-size:14pt;font-family:&quot;Times New Roman&quot;\">.<\/span><\/p>\n<p><\/p>\n<p class=\"MsoNormal\"><strong><span style=\"font-size:12pt;font-family:&quot;Times New Roman&quot;\">Effektivt elektrisk system: <\/span><\/strong><span style=\"color:rgb(23, 26, 29);font-size:12pt;font-family:&quot;Times New Roman&quot;\">Med 150W h\u00f8j effekt og et genopladeligt 24V 3.0AH batteri kan du k\u00f8re i cirka 1,2 timer efter 3-5 timers opladning, hvilket kan tilfredsstille dit barns k\u00f8regl\u00e6de uden hyppig opladning.<\/span><\/p>\n<p><\/p>\n<p class=\"MsoNormal\"><strong><span style=\"color:rgb(23, 26, 29);font-size:12pt;font-family:&quot;Times New Roman&quot;\">Dobbelt hastighedstilstand:<\/span><\/strong><span style=\"color:rgb(23, 26, 29);font-size:12pt;font-family:&quot;Times New Roman&quot;\">\u00a0Den elektriske motorcykel er udstyret med en justerbar funktion med 2 hastigheder (7,97 mi\/t, 12,46 mi\/t), s\u00e5 du frit kan skifte mellem h\u00f8j og lav hastighed afh\u00e6ngigt af vejforholdene og dine personlige k\u00f8revaner. Dette er is\u00e6r velegnet til b\u00f8rn eller f\u00f8rstegangsbrugere, der \u00f8nsker at nyde k\u00f8returen. <\/span><\/p>\n<p><\/p>\n<p class=\"MsoNormal\"><strong><span style=\"font-size:12pt;font-family:&quot;Times New Roman&quot;\">Sjov k\u00f8rsel:<\/span><\/strong><span style=\"font-size:12pt;font-family:&quot;Times New Roman&quot;\">\u00a0Den har et cool motorcykeldesign og farverige LED-lys (r\u00f8d, bl\u00e5 og gr\u00f8n), der im\u00f8dekommer b\u00f8rns interesser og giver mulighed for meget nemmere og sjovere k\u00f8rsel. <\/span><\/p>\n<p><\/p>\n<p class=\"MsoNormal\"><strong><span style=\"font-size:12pt;font-family:&quot;Times New Roman&quot;\">Komfortabel og sikker:<\/span><\/strong><span style=\"font-size:12pt;font-family:&quot;Times New Roman&quot;\">\u00a0Det ergonomiske s\u00e6de giver en fremragende og komfortabel k\u00f8reoplevelse for b\u00f8rn. Derudover sikrer baghjulsbremsesystemet med skivebremser dit barns sikkerhed under k\u00f8rslen, og den korte grebsstang er effektiv til hurtig opbremsning. \u00a0\u00a0\u00a0\u00a0\u00a0\u00a0\u00a0\u00a0\u00a0\u00a0\u00a0\u00a0\u00a0\u00a0\u00a0\u00a0\u00a0\u00a0\u00a0\u00a0\u00a0\u00a0\u00a0\u00a0\u00a0\u00a0\u00a0\u00a0\u00a0\u00a0\u00a0\u00a0\u00a0\u00a0\u00a0\u00a0\u00a0<\/span><\/p>\n<p><\/p>\n<p class=\"MsoNormal\"><strong><span style=\"font-size:12pt;font-family:&quot;Times New Roman&quot;\">St\u00e6rk lasteevne:<\/span><\/strong><span style=\"font-size:12pt;font-family:&quot;Times New Roman&quot;\">\u00a0Den stabile jernramme, <\/span><span style=\"color:rgb(0, 0, 0);font-size:12pt;font-family:&quot;Times New Roman&quot;\">trekantet struktur<\/span><span style=\"font-size:12pt;font-family:&quot;Times New Roman&quot;\">, og den faste skrueforbindelse g\u00f8r, at produktet har en lasteevne p\u00e5 <\/span><span style=\"color:rgb(23, 26, 29);font-size:12pt;font-family:&quot;Times New Roman&quot;\">143,3 pund<\/span><span style=\"font-size:12pt;font-family:&quot;Times New Roman&quot;\">, hvilket g\u00f8r, at du f\u00f8ler dig mere tryg, n\u00e5r du bruger den.<\/span><\/p>\n<p><\/p>\n<p class=\"MsoNormal\"><strong><span style=\"font-size:12pt;font-family:&quot;Times New Roman&quot;\">Nem at vedligeholde: <\/span><\/strong><span style=\"font-size:12pt;font-family:&quot;Times New Roman&quot;\">Takket v\u00e6re den glatte overflade og enkle struktur kan du nemt t\u00f8rre snavs af med en bl\u00f8d klud.\u00a0<\/span><\/p>\n<p><\/p>\n<p class=\"MsoNormal\"><strong><span style=\"font-size:12pt;font-family:&quot;Times New Roman&quot;\">Vidunderlig gave: <\/span><\/strong><span style=\"font-size:12pt;font-family:&quot;Times New Roman&quot;\">Dette produkt kan v\u00e6kke et barns passion for udforskning og eventyr, hj\u00e6lpe dem med at udvikle mod, nysgerrighed og fremragende kontrol- og k\u00f8ref\u00e6rdigheder, der vil f\u00e5 dem til at skille sig ud fra m\u00e6ngden, hvilket g\u00f8r det til en ideel f\u00f8dselsdags- og julegave til dit barn.<\/span><\/p>\n<p><\/p>\n<p class=\"MsoNormal\"><strong><span style=\"font-size:12pt;font-family:&quot;Times New Roman&quot;\">Montering i en leg: <\/span><\/strong><span style=\"font-size:12pt;font-family:&quot;Times New Roman&quot;\">Komplet installationstilbeh\u00f8r, en detaljeret brugsanvisning og en enkel struktur giver dig mulighed for at fuldf\u00f8re monteringen p\u00e5 meget kort tid.\u00a0 \u00a0<\/span><\/p>\n<p><\/p>\n<p class=\"MsoNormal\"><strong><span style=\"font-size:12pt;font-family:&quot;Times New Roman&quot;\">God kundeservice:<\/span><\/strong><span style=\"color:rgb(0, 0, 0);font-size:12pt;font-family:&quot;Times New Roman&quot;\">Vi st\u00e5r bag alle vores g\u00e6ster og ser frem til at hj\u00e6lpe dig med dit k\u00f8b. Det er en forn\u00f8jelse at besvare dine forvirringer og sp\u00f8rgsm\u00e5l. Endelig er historien mellem os ikke &quot;vi s\u00e6lger, og du k\u00f8ber&quot;.<\/span><\/p>\n<p><\/p>\n<p class=\"MsoNormal\"><strong><span style=\"color:rgb(0, 0, 0);font-size:15pt;font-family:&quot;Times New Roman&quot;\">Detaljer<\/span><\/strong><\/p>\n<p class=\"MsoNormal\"><strong><span style=\"background-color:rgb(245, 199, 205);font-size:12pt;font-family:&quot;Times New Roman&quot;\">Skridsikker<\/span><\/strong><strong><span style=\"font-size:12pt;font-family:&quot;Times New Roman&quot;\">\u00a0Pedal:<\/span><\/strong><span style=\"font-size:12pt;font-family:&quot;Times New Roman&quot;\">\u00a0Det \u00f8ger friktionen mellem fods\u00e5len og pedalen for at forhindre glidning.<\/span><\/p>\n<p><\/p>\n<p class=\"MsoNormal\"><strong><span style=\"background-color:rgb(245, 199, 205);font-size:12pt;font-family:&quot;Times New Roman&quot;\">Skridsikker<\/span><\/strong><strong><span style=\"font-size:12pt;font-family:&quot;Times New Roman&quot;\">\u00a0D\u00e6k:<\/span><\/strong><span style=\"font-size:12pt;font-family:&quot;Times New Roman&quot;\">\u00a0D\u00e6kkene med <\/span><span style=\"background-color:rgb(245, 199, 205);font-size:12pt;font-family:&quot;Times New Roman&quot;\">skridsikker<\/span><span style=\"font-size:12pt;font-family:&quot;Times New Roman&quot;\">\u00a0Rillerne er holdbare og har et godt greb, og de forhindrer ogs\u00e5 udskridning p\u00e5 v\u00e5de veje. <\/span><\/p>\n<p><\/p>\n<p class=\"MsoNormal\"><strong><span style=\"font-size:12pt;font-family:&quot;Times New Roman&quot;\">Opladningsindikator: <\/span><\/strong><span style=\"font-size:12pt;font-family:&quot;Times New Roman&quot;\">Opladeren har en indikatorlampe, s\u00e5 du nemt kan kontrollere opladningsstatus. Indikatoren lyser r\u00f8dt, n\u00e5r den oplades, og gr\u00f8nt, n\u00e5r den er f\u00e6rdig.<\/span><\/p>\n<p><\/p>\n<p class=\"MsoNormal\"><strong><span style=\"font-size:12pt;font-family:&quot;Times New Roman&quot;\">Praktiske sk\u00e6rme:<\/span><\/strong><span style=\"font-size:12pt;font-family:&quot;Times New Roman&quot;\">\u00a0For- og bagsk\u00e6rmene beskytter dig og din cykel mod mudderst\u00e6nk, n\u00e5r du k\u00f8rer p\u00e5 mudrede veje.<\/span><\/p>\n<p class=\"MsoNormal\"><strong><span style=\"color:rgb(0, 0, 0);font-size:15pt;font-family:&quot;Times New Roman&quot;\">Noter<\/span><\/strong><\/p>\n<p style=\"margin-left:21pt\" class=\"MsoNormal\"><span style=\"color:rgb(0, 0, 0);font-size:12pt;font-family:&quot;Times New Roman&quot;\"><span>1.\u00a0<\/span><\/span><span style=\"color:rgb(0, 0, 0);font-size:12pt;font-family:&quot;Times New Roman&quot;\">L\u00e6s venligst betjeningsvejledningen grundigt igennem inden brug. V\u00e6r is\u00e6r opm\u00e6rksom p\u00e5 de medf\u00f8lgende sikkerhedsinstruktioner.<\/span><\/p>\n<p style=\"margin-left:21pt\" class=\"MsoNormal\"><span style=\"color:rgb(23, 26, 29);font-size:12pt;font-family:&quot;Times New Roman&quot;\"><span>2.\u00a0<\/span><\/span><span style=\"color:rgb(23, 26, 29);font-size:12pt;font-family:&quot;Times New Roman&quot;\">Kontroller regelm\u00e6ssigt delenes forbindelse for at sikre, at produktet er forsvarligt samlet. Hvis der er tegn p\u00e5 skader p\u00e5 de bev\u00e6gelige dele eller rammen, skal du straks stoppe med at bruge produktet. \u00a0\u00a0\u00a0\u00a0\u00a0\u00a0\u00a0<\/span><\/p>\n<p style=\"margin-left:21pt\" class=\"MsoNormal\"><span style=\"color:rgb(23, 26, 29);font-size:12pt;font-family:&quot;Times New Roman&quot;\"><span>3.\u00a0<\/span><\/span><span style=\"color:rgb(23, 26, 29);font-size:12pt;font-family:&quot;Times New Roman&quot;\">Oplad batteriet ved hj\u00e6lp af den specielle oplader. Lad ikke batteriet komme i n\u00e6rheden af ild, skille batteriet ad og brug eller oplad batteriet under h\u00f8je temperaturer. Tag stikket ud af stikkontakten, n\u00e5r batteriet er fuldt opladet. <\/span><\/p>\n<p style=\"margin-left:21pt\" class=\"MsoNormal\"><span style=\"color:rgb(0, 0, 0);font-size:12pt;font-family:&quot;Times New Roman&quot;\"><span>4.\u00a0<\/span><\/span><span style=\"color:rgb(0, 0, 0);font-size:12pt;font-family:&quot;Times New Roman&quot;\">Tillad venligst en lille farveforskel for\u00e5rsaget af optagelyset og en fejl p\u00e5 1-3 cm p\u00e5 grund af manuel m\u00e5ling, og s\u00f8rg for, at du ikke har noget imod det, f\u00f8r du bestiller.<\/span><\/p>","protected":false},"excerpt":{"rendered":"<p>Hign-concerned Chemical:&nbsp;None Origin:&nbsp;Mainland China Description Do you want to give your children a childhood full of fun and exploration? Then this electric motorcycle for kids is the ideal choice for<\/p>","protected":false},"featured_media":21862,"comment_status":"open","ping_status":"closed","template":"","meta":{"_acf_changed":false},"product_brand":[],"product_cat":[313],"product_tag":[],"class_list":{"0":"post-21860","1":"product","2":"type-product","3":"status-publish","4":"has-post-thumbnail","6":"product_cat-electric-children-motorbikes","8":"first","9":"instock","10":"shipping-taxable","11":"purchasable","12":"product-type-simple"},"acf":[],"_links":{"self":[{"href":"https:\/\/www.electricstore.eu\/da\/wp-json\/wp\/v2\/product\/21860","targetHints":{"allow":["GET"]}}],"collection":[{"href":"https:\/\/www.electricstore.eu\/da\/wp-json\/wp\/v2\/product"}],"about":[{"href":"https:\/\/www.electricstore.eu\/da\/wp-json\/wp\/v2\/types\/product"}],"replies":[{"embeddable":true,"href":"https:\/\/www.electricstore.eu\/da\/wp-json\/wp\/v2\/comments?post=21860"}],"wp:featuredmedia":[{"embeddable":true,"href":"https:\/\/www.electricstore.eu\/da\/wp-json\/wp\/v2\/media\/21862"}],"wp:attachment":[{"href":"https:\/\/www.electricstore.eu\/da\/wp-json\/wp\/v2\/media?parent=21860"}],"wp:term":[{"taxonomy":"product_brand","embeddable":true,"href":"https:\/\/www.electricstore.eu\/da\/wp-json\/wp\/v2\/product_brand?post=21860"},{"taxonomy":"product_cat","embeddable":true,"href":"https:\/\/www.electricstore.eu\/da\/wp-json\/wp\/v2\/product_cat?post=21860"},{"taxonomy":"product_tag","embeddable":true,"href":"https:\/\/www.electricstore.eu\/da\/wp-json\/wp\/v2\/product_tag?post=21860"}],"curies":[{"name":"wp","href":"https:\/\/api.w.org\/{rel}","templated":true}]}}